{"id":29462,"date":"2024-03-01T16:55:51","date_gmt":"2024-03-01T15:55:51","guid":{"rendered":"https:\/\/www.csj-emballages.com\/produit\/50-caixas-de-cartao-para-janelas-12-x-4-cm\/"},"modified":"2026-04-29T02:12:46","modified_gmt":"2026-04-29T00:12:46","slug":"50-caixas-de-cartao-para-janelas-12-x-4-cm","status":"publish","type":"product","link":"https:\/\/www.csj-emballages.com\/pt-pt\/produit\/50-caixas-de-cartao-para-janelas-12-x-4-cm\/","title":{"rendered":"Caixa com janela de cart\u00e3o 12 x 12 x 4 cm por 50"},"content":{"rendered":"<h2>Caixa com janela de cart\u00e3o<\/h2>\n<hr>\n<h3>Descubra a nossa Caixa com janela de cart\u00e3o<\/h3>\n<p><!--more--><\/p>\n<p data-start=\"144\" data-end=\"330\">Opte por uma apresenta\u00e7\u00e3o cuidada e profissional com esta <strong>caixa de cart\u00e3o kraft<\/strong> com <strong>janela transparente<\/strong>, ideal para valorizar os seus produtos protegendo-os eficazmente.<\/p>\n<p data-start=\"332\" data-end=\"613\">Perfeitamente adaptada \u00e0s necessidades dos profissionais de restaura\u00e7\u00e3o, pastelaria ou take-away, esta <strong>caixa<\/strong> de formato <strong data-start=\"470\" data-end=\"488\">12 x 12 x 4 cm<\/strong> permite destacar as suas cria\u00e7\u00f5es gra\u00e7as \u00e0 sua <strong data-start=\"541\" data-end=\"561\">janela integrada<\/strong>, que oferece visibilidade imediata do conte\u00fado.<\/p>\n<p data-start=\"615\" data-end=\"779\">Fabricada em cart\u00e3o kraft robusto, alia <strong data-start=\"661\" data-end=\"710\">resist\u00eancia, praticidade e est\u00e9tica natural<\/strong>, em conformidade com uma imagem ecorrespons\u00e1vel muito apreciada pelos clientes.<\/p>\n<p data-start=\"615\" data-end=\"779\">\n<p data-start=\"615\" data-end=\"779\"><!--more--><\/p>\n<h4 data-start=\"615\" data-end=\"779\">Vantagens :<\/h4>\n<ul>\n<li data-section-id=\"a7xq9g\" data-start=\"837\" data-end=\"900\">Valoriza\u00e7\u00e3o do conte\u00fado gra\u00e7as \u00e0 janela transparente<\/li>\n<li data-section-id=\"mhxq1g\" data-start=\"901\" data-end=\"986\">Ideal para pastelaria, snacks, saladas ou pratos take-away<\/li>\n<li data-section-id=\"1d8oic2\" data-start=\"987\" data-end=\"1041\">Cart\u00e3o kraft s\u00f3lido para um transporte seguro<\/li>\n<li data-section-id=\"tpyftz\" data-start=\"1042\" data-end=\"1107\"><strong data-start=\"1044\" data-end=\"1072\">Montagem f\u00e1cil e r\u00e1pida<\/strong> para ganhar tempo no servi\u00e7o<\/li>\n<li data-section-id=\"155qt74\" data-start=\"1108\" data-end=\"1184\">Aspeto natural e profissional para refor\u00e7ar a sua imagem de marca<\/li>\n<\/ul>\n<p>&nbsp;<\/p>\n<p><!--more--><\/p>\n<h4>Outras informa\u00e7\u00f5es :<\/h4>\n<ul style=\"font-family: Roboto, sans-serif;\">\n<li><strong>Embalagem<\/strong>: Pacote de 50<\/li>\n<li><strong>Dimens\u00f5es<\/strong>: 12 x 12 x 4 cm<\/li>\n<li><strong>Cor<\/strong>: Kraft<\/li>\n<li><strong>Material<\/strong>: Cart\u00e3o \/ PET<\/li>\n<\/ul>\n<p>&nbsp;<\/p>\n<p><!--more--><\/p>\n<p style=\"font-family: Roboto, sans-serif;\"><a href=\"https:\/\/www.csj-emballages.com\/pt-pt\/categorie-produit\/embalagem-de-alimentos\/padaria-e-pastelaria\/caixas-e-estojos\/caixas-de-pastelaria\/caixas-de-pastelaria-com-janela\/\">Consulte o resto da nossa gama de caixas de pastelaria com janela<\/a><\/p>\n","protected":false},"excerpt":{"rendered":"<p>Caixa com janela de cart\u00e3o Descubra a nossa Caixa com janela de cart\u00e3o<\/p>\n","protected":false},"featured_media":275677,"template":"","meta":{"_acf_changed":false},"product_brand":[],"product_cat":[1141,1177,1258,3887],"product_tag":[],"class_list":{"0":"post-29462","1":"product","2":"type-product","3":"status-publish","4":"has-post-thumbnail","6":"product_cat-embalagem-de-alimentos","7":"product_cat-padaria-e-pastelaria","8":"product_cat-caixas-de-pastelaria","9":"product_cat-caixas-de-pastelaria-com-janela","11":"first","12":"instock","13":"taxable","14":"shipping-taxable","15":"purchasable","16":"product-type-simple"},"acf":[],"yoast_head":"<!-- This site is optimized with the Yoast SEO Premium plugin v26.6 (Yoast SEO v26.6) - https:\/\/yoast.com\/wordpress\/plugins\/seo\/ -->\n<title>Caixa com Janela de Cart\u00e3o 12 x 12 x 4 cm por 50<\/title>\n<meta name=\"description\" content=\"Caixa de cart\u00e3o kraft com janela 12 x 12 x 4 cm. Ideal para pastelaria e take-away. Resistente e pr\u00e1tica. Lote de 50 para profissionais.\" \/>\n<meta name=\"robots\" content=\"index, follow, max-snippet:-1, max-image-preview:large, max-video-preview:-1\" \/>\n<link rel=\"canonical\" href=\"https:\/\/www.csj-emballages.com\/pt-pt\/produit\/50-caixas-de-cartao-para-janelas-12-x-4-cm\/\" \/>\n<meta property=\"og:locale\" content=\"pt_PT\" \/>\n<meta property=\"og:type\" content=\"article\" \/>\n<meta property=\"og:title\" content=\"Caixa com janela de cart\u00e3o 12 x 12 x 4 cm por 50\" \/>\n<meta property=\"og:description\" content=\"Caixa de cart\u00e3o kraft com janela 12 x 12 x 4 cm. Ideal para pastelaria e take-away. Resistente e pr\u00e1tica. Lote de 50 para profissionais.\" \/>\n<meta property=\"og:url\" content=\"https:\/\/www.csj-emballages.com\/pt-pt\/produit\/50-caixas-de-cartao-para-janelas-12-x-4-cm\/\" \/>\n<meta property=\"og:site_name\" content=\"CSJ Emballages\" \/>\n<meta property=\"article:publisher\" content=\"https:\/\/www.facebook.com\/csjemballages\" \/>\n<meta property=\"article:modified_time\" content=\"2026-04-29T00:12:46+00:00\" \/>\n<meta property=\"og:image\" content=\"https:\/\/www.csj-emballages.com\/wp-content\/uploads\/2024\/03\/BTPF12.webp\" \/>\n\t<meta property=\"og:image:width\" content=\"800\" \/>\n\t<meta property=\"og:image:height\" content=\"800\" \/>\n\t<meta property=\"og:image:type\" content=\"image\/webp\" \/>\n<meta name=\"twitter:card\" content=\"summary_large_image\" \/>\n<meta name=\"twitter:label1\" content=\"Tempo estimado de leitura\" \/>\n\t<meta name=\"twitter:data1\" content=\"1 minuto\" \/>\n<script type=\"application\/ld+json\" class=\"yoast-schema-graph\">{\"@context\":\"https:\/\/schema.org\",\"@graph\":[{\"@type\":\"WebPage\",\"@id\":\"https:\/\/www.csj-emballages.com\/pt-pt\/produit\/50-caixas-de-cartao-para-janelas-12-x-4-cm\/\",\"url\":\"https:\/\/www.csj-emballages.com\/pt-pt\/produit\/50-caixas-de-cartao-para-janelas-12-x-4-cm\/\",\"name\":\"Caixa com Janela de Cart\u00e3o 12 x 12 x 4 cm por 50\",\"isPartOf\":{\"@id\":\"https:\/\/www.csj-emballages.com\/pt-pt\/#website\"},\"primaryImageOfPage\":{\"@id\":\"https:\/\/www.csj-emballages.com\/pt-pt\/produit\/50-caixas-de-cartao-para-janelas-12-x-4-cm\/#primaryimage\"},\"image\":{\"@id\":\"https:\/\/www.csj-emballages.com\/pt-pt\/produit\/50-caixas-de-cartao-para-janelas-12-x-4-cm\/#primaryimage\"},\"thumbnailUrl\":\"https:\/\/www.csj-emballages.com\/wp-content\/uploads\/2024\/03\/BTPF12.webp\",\"datePublished\":\"2024-03-01T15:55:51+00:00\",\"dateModified\":\"2026-04-29T00:12:46+00:00\",\"description\":\"Caixa de cart\u00e3o kraft com janela 12 x 12 x 4 cm. Ideal para pastelaria e take-away. Resistente e pr\u00e1tica. Lote de 50 para profissionais.\",\"breadcrumb\":{\"@id\":\"https:\/\/www.csj-emballages.com\/pt-pt\/produit\/50-caixas-de-cartao-para-janelas-12-x-4-cm\/#breadcrumb\"},\"inLanguage\":\"pt-PT\",\"potentialAction\":[{\"@type\":\"ReadAction\",\"target\":[\"https:\/\/www.csj-emballages.com\/pt-pt\/produit\/50-caixas-de-cartao-para-janelas-12-x-4-cm\/\"]}]},{\"@type\":\"ImageObject\",\"inLanguage\":\"pt-PT\",\"@id\":\"https:\/\/www.csj-emballages.com\/pt-pt\/produit\/50-caixas-de-cartao-para-janelas-12-x-4-cm\/#primaryimage\",\"url\":\"https:\/\/www.csj-emballages.com\/wp-content\/uploads\/2024\/03\/BTPF12.webp\",\"contentUrl\":\"https:\/\/www.csj-emballages.com\/wp-content\/uploads\/2024\/03\/BTPF12.webp\",\"width\":800,\"height\":800,\"caption\":\"Boite fen\u00eatre carton\"},{\"@type\":\"BreadcrumbList\",\"@id\":\"https:\/\/www.csj-emballages.com\/pt-pt\/produit\/50-caixas-de-cartao-para-janelas-12-x-4-cm\/#breadcrumb\",\"itemListElement\":[{\"@type\":\"ListItem\",\"position\":1,\"name\":\"Acolhimento\",\"item\":\"https:\/\/www.csj-emballages.com\/pt-pt\/universo-das-embalagens-alimentares\/\"},{\"@type\":\"ListItem\",\"position\":2,\"name\":\"Shop\",\"item\":\"https:\/\/www.csj-emballages.com\/shop\/\"},{\"@type\":\"ListItem\",\"position\":3,\"name\":\"Caixa com janela de cart\u00e3o 12 x 12 x 4 cm por 50\"}]},{\"@type\":\"WebSite\",\"@id\":\"https:\/\/www.csj-emballages.com\/pt-pt\/#website\",\"url\":\"https:\/\/www.csj-emballages.com\/pt-pt\/\",\"name\":\"CSJ Emballages\",\"description\":\"\",\"publisher\":{\"@id\":\"https:\/\/www.csj-emballages.com\/pt-pt\/#organization\"},\"potentialAction\":[{\"@type\":\"SearchAction\",\"target\":{\"@type\":\"EntryPoint\",\"urlTemplate\":\"https:\/\/www.csj-emballages.com\/pt-pt\/?s={search_term_string}\"},\"query-input\":{\"@type\":\"PropertyValueSpecification\",\"valueRequired\":true,\"valueName\":\"search_term_string\"}}],\"inLanguage\":\"pt-PT\"},{\"@type\":\"Organization\",\"@id\":\"https:\/\/www.csj-emballages.com\/pt-pt\/#Organization\/\",\"name\":\"CSJ Emballages\",\"url\":\"https:\/\/www.csj-emballages.com\/pt-pt\/\",\"logo\":{\"@type\":\"ImageObject\",\"inLanguage\":\"pt-PT\",\"@id\":\"https:\/\/www.csj-emballages.com\/pt-pt\/#\/schema\/logo\/image\/\",\"url\":\"https:\/\/www.csj-emballages.com\/wp-content\/uploads\/2023\/10\/logo_csj.webp\",\"contentUrl\":\"https:\/\/www.csj-emballages.com\/wp-content\/uploads\/2023\/10\/logo_csj.webp\",\"width\":250,\"height\":95,\"caption\":\"CSJ Emballages\"},\"image\":{\"@id\":\"https:\/\/www.csj-emballages.com\/pt-pt\/#\/schema\/logo\/image\/\"},\"sameAs\":[\"https:\/\/www.facebook.com\/csjemballages\"],\"address\":{\"@type\":\"PostalAddress\",\"streetAddress\":\"ZI La Lechere\",\"addressLocality\":\"Patornay\",\"postalCode\":\"39130\",\"addressCountry\":\"FR\"},\"contactPoint\":[{\"@type\":\"ContactPoint\",\"contactType\":\"Service client\",\"telephone\":\"0384254272\",\"email\":\"contact@csj-emballages.com\"}]}]}<\/script>\n<!-- \/ Yoast SEO Premium plugin. -->","yoast_head_json":{"title":"Caixa com Janela de Cart\u00e3o 12 x 12 x 4 cm por 50","description":"Caixa de cart\u00e3o kraft com janela 12 x 12 x 4 cm. Ideal para pastelaria e take-away. Resistente e pr\u00e1tica. Lote de 50 para profissionais.","robots":{"index":"index","follow":"follow","max-snippet":"max-snippet:-1","max-image-preview":"max-image-preview:large","max-video-preview":"max-video-preview:-1"},"canonical":"https:\/\/www.csj-emballages.com\/pt-pt\/produit\/50-caixas-de-cartao-para-janelas-12-x-4-cm\/","og_locale":"pt_PT","og_type":"article","og_title":"Caixa com janela de cart\u00e3o 12 x 12 x 4 cm por 50","og_description":"Caixa de cart\u00e3o kraft com janela 12 x 12 x 4 cm. Ideal para pastelaria e take-away. Resistente e pr\u00e1tica. Lote de 50 para profissionais.","og_url":"https:\/\/www.csj-emballages.com\/pt-pt\/produit\/50-caixas-de-cartao-para-janelas-12-x-4-cm\/","og_site_name":"CSJ Emballages","article_publisher":"https:\/\/www.facebook.com\/csjemballages","article_modified_time":"2026-04-29T00:12:46+00:00","og_image":[{"width":800,"height":800,"url":"https:\/\/www.csj-emballages.com\/wp-content\/uploads\/2024\/03\/BTPF12.webp","type":"image\/webp"}],"twitter_card":"summary_large_image","twitter_misc":{"Tempo estimado de leitura":"1 minuto"},"schema":{"@context":"https:\/\/schema.org","@graph":[{"@type":"WebPage","@id":"https:\/\/www.csj-emballages.com\/pt-pt\/produit\/50-caixas-de-cartao-para-janelas-12-x-4-cm\/","url":"https:\/\/www.csj-emballages.com\/pt-pt\/produit\/50-caixas-de-cartao-para-janelas-12-x-4-cm\/","name":"Caixa com Janela de Cart\u00e3o 12 x 12 x 4 cm por 50","isPartOf":{"@id":"https:\/\/www.csj-emballages.com\/pt-pt\/#website"},"primaryImageOfPage":{"@id":"https:\/\/www.csj-emballages.com\/pt-pt\/produit\/50-caixas-de-cartao-para-janelas-12-x-4-cm\/#primaryimage"},"image":{"@id":"https:\/\/www.csj-emballages.com\/pt-pt\/produit\/50-caixas-de-cartao-para-janelas-12-x-4-cm\/#primaryimage"},"thumbnailUrl":"https:\/\/www.csj-emballages.com\/wp-content\/uploads\/2024\/03\/BTPF12.webp","datePublished":"2024-03-01T15:55:51+00:00","dateModified":"2026-04-29T00:12:46+00:00","description":"Caixa de cart\u00e3o kraft com janela 12 x 12 x 4 cm. Ideal para pastelaria e take-away. Resistente e pr\u00e1tica. Lote de 50 para profissionais.","breadcrumb":{"@id":"https:\/\/www.csj-emballages.com\/pt-pt\/produit\/50-caixas-de-cartao-para-janelas-12-x-4-cm\/#breadcrumb"},"inLanguage":"pt-PT","potentialAction":[{"@type":"ReadAction","target":["https:\/\/www.csj-emballages.com\/pt-pt\/produit\/50-caixas-de-cartao-para-janelas-12-x-4-cm\/"]}]},{"@type":"ImageObject","inLanguage":"pt-PT","@id":"https:\/\/www.csj-emballages.com\/pt-pt\/produit\/50-caixas-de-cartao-para-janelas-12-x-4-cm\/#primaryimage","url":"https:\/\/www.csj-emballages.com\/wp-content\/uploads\/2024\/03\/BTPF12.webp","contentUrl":"https:\/\/www.csj-emballages.com\/wp-content\/uploads\/2024\/03\/BTPF12.webp","width":800,"height":800,"caption":"Boite fen\u00eatre carton"},{"@type":"BreadcrumbList","@id":"https:\/\/www.csj-emballages.com\/pt-pt\/produit\/50-caixas-de-cartao-para-janelas-12-x-4-cm\/#breadcrumb","itemListElement":[{"@type":"ListItem","position":1,"name":"Acolhimento","item":"https:\/\/www.csj-emballages.com\/pt-pt\/universo-das-embalagens-alimentares\/"},{"@type":"ListItem","position":2,"name":"Shop","item":"https:\/\/www.csj-emballages.com\/shop\/"},{"@type":"ListItem","position":3,"name":"Caixa com janela de cart\u00e3o 12 x 12 x 4 cm por 50"}]},{"@type":"WebSite","@id":"https:\/\/www.csj-emballages.com\/pt-pt\/#website","url":"https:\/\/www.csj-emballages.com\/pt-pt\/","name":"CSJ Emballages","description":"","publisher":{"@id":"https:\/\/www.csj-emballages.com\/pt-pt\/#organization"},"potentialAction":[{"@type":"SearchAction","target":{"@type":"EntryPoint","urlTemplate":"https:\/\/www.csj-emballages.com\/pt-pt\/?s={search_term_string}"},"query-input":{"@type":"PropertyValueSpecification","valueRequired":true,"valueName":"search_term_string"}}],"inLanguage":"pt-PT"},{"@type":"Organization","@id":"https:\/\/www.csj-emballages.com\/pt-pt\/#Organization\/","name":"CSJ Emballages","url":"https:\/\/www.csj-emballages.com\/pt-pt\/","logo":{"@type":"ImageObject","inLanguage":"pt-PT","@id":"https:\/\/www.csj-emballages.com\/pt-pt\/#\/schema\/logo\/image\/","url":"https:\/\/www.csj-emballages.com\/wp-content\/uploads\/2023\/10\/logo_csj.webp","contentUrl":"https:\/\/www.csj-emballages.com\/wp-content\/uploads\/2023\/10\/logo_csj.webp","width":250,"height":95,"caption":"CSJ Emballages"},"image":{"@id":"https:\/\/www.csj-emballages.com\/pt-pt\/#\/schema\/logo\/image\/"},"sameAs":["https:\/\/www.facebook.com\/csjemballages"],"address":{"@type":"PostalAddress","streetAddress":"ZI La Lechere","addressLocality":"Patornay","postalCode":"39130","addressCountry":"FR"},"contactPoint":[{"@type":"ContactPoint","contactType":"Service client","telephone":"0384254272","email":"contact@csj-emballages.com"}]}]}},"df_price":13.02,"df_sale_price":"","df_regular_price":13.02,"df_image_link":"https:\/\/www.csj-emballages.com\/wp-content\/uploads\/2024\/03\/BTPF12-300x300.webp","tiered_pricing_type":"fixed","tiered_pricing_fixed_rules":[],"tiered_pricing_percentage_rules":[],"tiered_pricing_minimum":1,"tiered_pricing_roles_data":[],"_links":{"self":[{"href":"https:\/\/www.csj-emballages.com\/pt-pt\/wp-json\/wp\/v2\/product\/29462","targetHints":{"allow":["GET"]}}],"collection":[{"href":"https:\/\/www.csj-emballages.com\/pt-pt\/wp-json\/wp\/v2\/product"}],"about":[{"href":"https:\/\/www.csj-emballages.com\/pt-pt\/wp-json\/wp\/v2\/types\/product"}],"wp:featuredmedia":[{"embeddable":true,"href":"https:\/\/www.csj-emballages.com\/pt-pt\/wp-json\/wp\/v2\/media\/275677"}],"wp:attachment":[{"href":"https:\/\/www.csj-emballages.com\/pt-pt\/wp-json\/wp\/v2\/media?parent=29462"}],"wp:term":[{"taxonomy":"product_brand","embeddable":true,"href":"https:\/\/www.csj-emballages.com\/pt-pt\/wp-json\/wp\/v2\/product_brand?post=29462"},{"taxonomy":"product_cat","embeddable":true,"href":"https:\/\/www.csj-emballages.com\/pt-pt\/wp-json\/wp\/v2\/product_cat?post=29462"},{"taxonomy":"product_tag","embeddable":true,"href":"https:\/\/www.csj-emballages.com\/pt-pt\/wp-json\/wp\/v2\/product_tag?post=29462"}],"curies":[{"name":"wp","href":"https:\/\/api.w.org\/{rel}","templated":true}]}}