{"id":29461,"date":"2024-03-01T16:55:51","date_gmt":"2024-03-01T15:55:51","guid":{"rendered":"https:\/\/www.csj-emballages.com\/produit\/25-caixas-rectangulares-de-cartao-branco-para-pastelaria-60-x-40-x-10-cm\/"},"modified":"2026-04-29T16:01:07","modified_gmt":"2026-04-29T14:01:07","slug":"25-caixas-rectangulares-de-cartao-branco-para-pastelaria-60-x-40-x-10-cm","status":"publish","type":"product","link":"https:\/\/www.csj-emballages.com\/pt-pt\/produit\/25-caixas-rectangulares-de-cartao-branco-para-pastelaria-60-x-40-x-10-cm\/","title":{"rendered":"Caixa de catering retangular de cart\u00e3o branco 60 x 40 x 10 cm, embalagem de 25"},"content":{"rendered":"<h2>Caixa de catering<\/h2>\n<hr>\n<h3>Descri\u00e7\u00e3o da caixa de cart\u00e3o retangular branca para catering 60 x 40 x 10 cm, embalagem de 25<\/h3>\n<p><!--more--><\/p>\n<p>A <strong>caixa de catering retangular de cart\u00e3o branco com 60 x 40 x 10 cm<\/strong>, vendida em <strong>embalagens de<\/strong> <strong>25<\/strong> <strong>unidades<\/strong>, \u00e9 uma op\u00e7\u00e3o perfeita para os profissionais do sector da restaura\u00e7\u00e3o, do buffet ou dos eventos. Fabricada em <strong>cart\u00e3o<\/strong>, constitui um recipiente seguro para o transporte. O seu tamanho generoso torna-a ideal para servir pratos familiares, travessas com carnes frias, queijos, pastelaria ou mesmo grandes por\u00e7\u00f5es de refei\u00e7\u00f5es prontas.  <\/p>\n<p><strong>O exterior branco<\/strong> proporciona um acabamento elegante, ideal para empresas de catering e padarias que pretendam mostrar o seu trabalho aos clientes.<\/p>\n<p>Com <strong>60 x 40 x 10 cm<\/strong>, esta <strong>caixa<\/strong> oferece um espa\u00e7o interior optimizado e \u00e9 f\u00e1cil de manobrar.<\/p>\n<p>Para garantir uma excelente estabilidade, \u00e9 essencial acopl\u00e1-lo a uma <strong>placa de ouro<\/strong> (<span style=\"color: #d12727;\"><a style=\"color: #d12727;\" href=\"https:\/\/www.csj-emballages.com\/pt-pt\/produit\/25-placas-de-ouro-40-x-60-cm\/\">PLAQOR6040<\/a><\/span>). Esta <strong>placa de cart\u00e3o<\/strong> oferece uma rigidez acrescida, assegurando um apoio perfeito durante o transporte. Garante tamb\u00e9m uma apresenta\u00e7\u00e3o cuidada do produto final, evitando o perigo de dobrar ou partir.  <\/p>\n<p>Esta <strong>caixa de<\/strong> servi\u00e7o <strong>de restaura\u00e7\u00e3o <\/strong>, fornecida em <strong>embalagens de 25 unidades<\/strong>, \u00e9 uma embalagem adequada \u00e0s necessidades profissionais, facilitando a gest\u00e3o eficaz das suas encomendas e eventos. Os seus alimentos s\u00e3o transportados em condi\u00e7\u00f5es \u00f3ptimas e chegam sempre ao seu destino em perfeitas condi\u00e7\u00f5es. <\/p>\n<p><!--more--><\/p>\n<h4>Vantagens :<\/h4>\n<ul>\n<li><strong data-start=\"1700\" data-end=\"1719\">Gra\u00e7as \u00e0 sua grande capacidade,<\/strong> \u00e9 ideal para pratos familiares e prepara\u00e7\u00f5es volumosas.<\/li>\n<li><strong data-start=\"1782\" data-end=\"1805\">Cart\u00e3o branco s\u00f3lido<\/strong> para uma boa resist\u00eancia.<\/li>\n<li>Refor\u00e7o com<strong data-start=\"1836\" data-end=\"1875\"> placa de ouro <\/strong><span style=\"color: #d12727;\"><span style=\"color: #000000;\">(<\/span><\/span><span style=\"color: #d12727;\"><a style=\"color: #d12727;\" href=\"https:\/\/www.csj-emballages.com\/pt-pt\/produit\/25-placas-de-ouro-40-x-60-cm\/\">PLAQOR6040<\/a><\/span><span style=\"color: #d12727;\"><span style=\"color: #000000;\">)<\/span><\/span> para uma rigidez m\u00e1xima.<\/li>\n<li>Apresentado meticulosamente para fornecedores de refei\u00e7\u00f5es, pasteleiros e padeiros.<\/li>\n<li>Convenientemente <strong data-start=\"1984\" data-end=\"2010\">embalado em pacotes de 25<\/strong> para profissionais.<\/li>\n<\/ul>\n<p>&nbsp;<\/p>\n<p><!--more--><\/p>\n<div>\n<h4>Outras informa\u00e7\u00f5es :<\/h4>\n<ul>\n<li><strong>Embalagem<\/strong>: Pacote de 25<\/li>\n<li><strong>Dimens\u00f5es<\/strong>: 60 x 40 x 10 cm<\/li>\n<li><b>Cor <\/b>: Branco<\/li>\n<li><strong>Material<\/strong>: Cart\u00e3o<\/li>\n<\/ul>\n<p>&nbsp;<\/p>\n<\/div>\n<p><!--more--><\/p>\n<p>Encontre aqui a placa dourada compat\u00edvel com esta caixa de catering : <span style=\"color: #d12727;\"><a style=\"color: #d12727;\" href=\"https:\/\/www.csj-emballages.com\/pt-pt\/produit\/25-placas-de-ouro-40-x-60-cm\/\">PLAQOR6040<\/a><\/span><\/p>\n<div>\n<p>&nbsp;<\/p>\n<\/div>\n<p><!--more--><\/p>\n<p>Esta caixa de catering tamb\u00e9m est\u00e1 dispon\u00edvel noutro tamanho: <span style=\"color: #d12727;\"><a style=\"color: #d12727;\" href=\"https:\/\/www.csj-emballages.com\/produit\/25-boites-patissieres-rectangles-cartons-blanches-60-x-40-x-13-cm\/\">60 x 40 x 13 cm<\/a><\/span><\/p>\n<p>&nbsp;<\/p>\n<p><!--more--><\/p>\n<p><a href=\"https:\/\/www.csj-emballages.com\/pt-pt\/categorie-produit\/embalagem-de-alimentos\/padaria-e-pastelaria\/caixas-e-estojos\/caixas-de-pastelaria\/latas-de-sobremesa\/\">V\u00ea o resto da nossa gama de caixas de catering<\/a><\/p>\n","protected":false},"excerpt":{"rendered":"<p>Caixa de catering Descri\u00e7\u00e3o da caixa de cart\u00e3o retangular branca para catering 60 x 40 x 10 cm, embalagem de 25<\/p>\n","protected":false},"featured_media":93883,"template":"","meta":{"_acf_changed":false},"product_brand":[],"product_cat":[1141,1176,1174,1177,1258,3107],"product_tag":[],"class_list":{"0":"post-29461","1":"product","2":"type-product","3":"status-publish","4":"has-post-thumbnail","6":"product_cat-embalagem-de-alimentos","7":"product_cat-talho-e-charcutaria","8":"product_cat-caixas-de-catering-almocos","9":"product_cat-padaria-e-pastelaria","10":"product_cat-caixas-de-pastelaria","11":"product_cat-latas-de-sobremesa","12":"product_shipping_class-nao-e-permitido-em-reles","14":"first","15":"instock","16":"taxable","17":"shipping-taxable","18":"purchasable","19":"product-type-simple"},"acf":[],"yoast_head":"<!-- This site is optimized with the Yoast SEO Premium plugin v26.6 (Yoast SEO v26.6) - https:\/\/yoast.com\/wordpress\/plugins\/seo\/ -->\n<title>Caixa de catering retangular de cart\u00e3o branco 60 x 40 x 10 cm, embalagem de 25<\/title>\n<meta name=\"description\" content=\"Caixa de cart\u00e3o branco para catering 60 x 40 x 10 cm com refor\u00e7o em chapa dourada (PLAQOR6040). Robusta e adequada para uso profissional, embalagem de 25.\" \/>\n<meta name=\"robots\" content=\"index, follow, max-snippet:-1, max-image-preview:large, max-video-preview:-1\" \/>\n<link rel=\"canonical\" href=\"https:\/\/www.csj-emballages.com\/pt-pt\/produit\/25-caixas-rectangulares-de-cartao-branco-para-pastelaria-60-x-40-x-10-cm\/\" \/>\n<meta property=\"og:locale\" content=\"pt_PT\" \/>\n<meta property=\"og:type\" content=\"article\" \/>\n<meta property=\"og:title\" content=\"Caixa de catering retangular de cart\u00e3o branco 60 x 40 x 10 cm, embalagem de 25\" \/>\n<meta property=\"og:description\" content=\"Caixa de cart\u00e3o branco para catering 60 x 40 x 10 cm com refor\u00e7o em chapa dourada (PLAQOR6040). Robusta e adequada para uso profissional, embalagem de 25.\" \/>\n<meta property=\"og:url\" content=\"https:\/\/www.csj-emballages.com\/pt-pt\/produit\/25-caixas-rectangulares-de-cartao-branco-para-pastelaria-60-x-40-x-10-cm\/\" \/>\n<meta property=\"og:site_name\" content=\"CSJ Emballages\" \/>\n<meta property=\"article:publisher\" content=\"https:\/\/www.facebook.com\/csjemballages\" \/>\n<meta property=\"article:modified_time\" content=\"2026-04-29T14:01:07+00:00\" \/>\n<meta property=\"og:image\" content=\"https:\/\/www.csj-emballages.com\/wp-content\/uploads\/2024\/03\/dc3cc29b-2e76-4fc4-8f5c-8e3135d6fa42-2-1-jpg-e1725543150725.webp\" \/>\n\t<meta property=\"og:image:width\" content=\"1080\" \/>\n\t<meta property=\"og:image:height\" content=\"1080\" \/>\n\t<meta property=\"og:image:type\" content=\"image\/jpeg\" \/>\n<meta name=\"twitter:card\" content=\"summary_large_image\" \/>\n<meta name=\"twitter:label1\" content=\"Tempo estimado de leitura\" \/>\n\t<meta name=\"twitter:data1\" content=\"2 minutos\" \/>\n<script type=\"application\/ld+json\" class=\"yoast-schema-graph\">{\"@context\":\"https:\/\/schema.org\",\"@graph\":[{\"@type\":\"WebPage\",\"@id\":\"https:\/\/www.csj-emballages.com\/pt-pt\/produit\/25-caixas-rectangulares-de-cartao-branco-para-pastelaria-60-x-40-x-10-cm\/\",\"url\":\"https:\/\/www.csj-emballages.com\/pt-pt\/produit\/25-caixas-rectangulares-de-cartao-branco-para-pastelaria-60-x-40-x-10-cm\/\",\"name\":\"Caixa de catering retangular de cart\u00e3o branco 60 x 40 x 10 cm, embalagem de 25\",\"isPartOf\":{\"@id\":\"https:\/\/www.csj-emballages.com\/pt-pt\/#website\"},\"primaryImageOfPage\":{\"@id\":\"https:\/\/www.csj-emballages.com\/pt-pt\/produit\/25-caixas-rectangulares-de-cartao-branco-para-pastelaria-60-x-40-x-10-cm\/#primaryimage\"},\"image\":{\"@id\":\"https:\/\/www.csj-emballages.com\/pt-pt\/produit\/25-caixas-rectangulares-de-cartao-branco-para-pastelaria-60-x-40-x-10-cm\/#primaryimage\"},\"thumbnailUrl\":\"https:\/\/www.csj-emballages.com\/wp-content\/uploads\/2024\/03\/dc3cc29b-2e76-4fc4-8f5c-8e3135d6fa42-2-1-jpg-e1725543150725.webp\",\"datePublished\":\"2024-03-01T15:55:51+00:00\",\"dateModified\":\"2026-04-29T14:01:07+00:00\",\"description\":\"Caixa de cart\u00e3o branco para catering 60 x 40 x 10 cm com refor\u00e7o em chapa dourada (PLAQOR6040). Robusta e adequada para uso profissional, embalagem de 25.\",\"breadcrumb\":{\"@id\":\"https:\/\/www.csj-emballages.com\/pt-pt\/produit\/25-caixas-rectangulares-de-cartao-branco-para-pastelaria-60-x-40-x-10-cm\/#breadcrumb\"},\"inLanguage\":\"pt-PT\",\"potentialAction\":[{\"@type\":\"ReadAction\",\"target\":[\"https:\/\/www.csj-emballages.com\/pt-pt\/produit\/25-caixas-rectangulares-de-cartao-branco-para-pastelaria-60-x-40-x-10-cm\/\"]}]},{\"@type\":\"ImageObject\",\"inLanguage\":\"pt-PT\",\"@id\":\"https:\/\/www.csj-emballages.com\/pt-pt\/produit\/25-caixas-rectangulares-de-cartao-branco-para-pastelaria-60-x-40-x-10-cm\/#primaryimage\",\"url\":\"https:\/\/www.csj-emballages.com\/wp-content\/uploads\/2024\/03\/dc3cc29b-2e76-4fc4-8f5c-8e3135d6fa42-2-1-jpg-e1725543150725.webp\",\"contentUrl\":\"https:\/\/www.csj-emballages.com\/wp-content\/uploads\/2024\/03\/dc3cc29b-2e76-4fc4-8f5c-8e3135d6fa42-2-1-jpg-e1725543150725.webp\",\"width\":1080,\"height\":1080},{\"@type\":\"BreadcrumbList\",\"@id\":\"https:\/\/www.csj-emballages.com\/pt-pt\/produit\/25-caixas-rectangulares-de-cartao-branco-para-pastelaria-60-x-40-x-10-cm\/#breadcrumb\",\"itemListElement\":[{\"@type\":\"ListItem\",\"position\":1,\"name\":\"Acolhimento\",\"item\":\"https:\/\/www.csj-emballages.com\/pt-pt\/universo-das-embalagens-alimentares\/\"},{\"@type\":\"ListItem\",\"position\":2,\"name\":\"Shop\",\"item\":\"https:\/\/www.csj-emballages.com\/shop\/\"},{\"@type\":\"ListItem\",\"position\":3,\"name\":\"Caixa de catering retangular de cart\u00e3o branco 60 x 40 x 10 cm, embalagem de 25\"}]},{\"@type\":\"WebSite\",\"@id\":\"https:\/\/www.csj-emballages.com\/pt-pt\/#website\",\"url\":\"https:\/\/www.csj-emballages.com\/pt-pt\/\",\"name\":\"CSJ Emballages\",\"description\":\"\",\"publisher\":{\"@id\":\"https:\/\/www.csj-emballages.com\/pt-pt\/#organization\"},\"potentialAction\":[{\"@type\":\"SearchAction\",\"target\":{\"@type\":\"EntryPoint\",\"urlTemplate\":\"https:\/\/www.csj-emballages.com\/pt-pt\/?s={search_term_string}\"},\"query-input\":{\"@type\":\"PropertyValueSpecification\",\"valueRequired\":true,\"valueName\":\"search_term_string\"}}],\"inLanguage\":\"pt-PT\"},{\"@type\":\"Organization\",\"@id\":\"https:\/\/www.csj-emballages.com\/pt-pt\/#Organization\/\",\"name\":\"CSJ Emballages\",\"url\":\"https:\/\/www.csj-emballages.com\/pt-pt\/\",\"logo\":{\"@type\":\"ImageObject\",\"inLanguage\":\"pt-PT\",\"@id\":\"https:\/\/www.csj-emballages.com\/pt-pt\/#\/schema\/logo\/image\/\",\"url\":\"https:\/\/www.csj-emballages.com\/wp-content\/uploads\/2023\/10\/logo_csj.webp\",\"contentUrl\":\"https:\/\/www.csj-emballages.com\/wp-content\/uploads\/2023\/10\/logo_csj.webp\",\"width\":250,\"height\":95,\"caption\":\"CSJ Emballages\"},\"image\":{\"@id\":\"https:\/\/www.csj-emballages.com\/pt-pt\/#\/schema\/logo\/image\/\"},\"sameAs\":[\"https:\/\/www.facebook.com\/csjemballages\"],\"address\":{\"@type\":\"PostalAddress\",\"streetAddress\":\"ZI La Lechere\",\"addressLocality\":\"Patornay\",\"postalCode\":\"39130\",\"addressCountry\":\"FR\"},\"contactPoint\":[{\"@type\":\"ContactPoint\",\"contactType\":\"Service client\",\"telephone\":\"0384254272\",\"email\":\"contact@csj-emballages.com\"}]}]}<\/script>\n<!-- \/ Yoast SEO Premium plugin. -->","yoast_head_json":{"title":"Caixa de catering retangular de cart\u00e3o branco 60 x 40 x 10 cm, embalagem de 25","description":"Caixa de cart\u00e3o branco para catering 60 x 40 x 10 cm com refor\u00e7o em chapa dourada (PLAQOR6040). Robusta e adequada para uso profissional, embalagem de 25.","robots":{"index":"index","follow":"follow","max-snippet":"max-snippet:-1","max-image-preview":"max-image-preview:large","max-video-preview":"max-video-preview:-1"},"canonical":"https:\/\/www.csj-emballages.com\/pt-pt\/produit\/25-caixas-rectangulares-de-cartao-branco-para-pastelaria-60-x-40-x-10-cm\/","og_locale":"pt_PT","og_type":"article","og_title":"Caixa de catering retangular de cart\u00e3o branco 60 x 40 x 10 cm, embalagem de 25","og_description":"Caixa de cart\u00e3o branco para catering 60 x 40 x 10 cm com refor\u00e7o em chapa dourada (PLAQOR6040). Robusta e adequada para uso profissional, embalagem de 25.","og_url":"https:\/\/www.csj-emballages.com\/pt-pt\/produit\/25-caixas-rectangulares-de-cartao-branco-para-pastelaria-60-x-40-x-10-cm\/","og_site_name":"CSJ Emballages","article_publisher":"https:\/\/www.facebook.com\/csjemballages","article_modified_time":"2026-04-29T14:01:07+00:00","og_image":[{"width":1080,"height":1080,"url":"https:\/\/www.csj-emballages.com\/wp-content\/uploads\/2024\/03\/dc3cc29b-2e76-4fc4-8f5c-8e3135d6fa42-2-1-jpg-e1725543150725.webp","type":"image\/jpeg"}],"twitter_card":"summary_large_image","twitter_misc":{"Tempo estimado de leitura":"2 minutos"},"schema":{"@context":"https:\/\/schema.org","@graph":[{"@type":"WebPage","@id":"https:\/\/www.csj-emballages.com\/pt-pt\/produit\/25-caixas-rectangulares-de-cartao-branco-para-pastelaria-60-x-40-x-10-cm\/","url":"https:\/\/www.csj-emballages.com\/pt-pt\/produit\/25-caixas-rectangulares-de-cartao-branco-para-pastelaria-60-x-40-x-10-cm\/","name":"Caixa de catering retangular de cart\u00e3o branco 60 x 40 x 10 cm, embalagem de 25","isPartOf":{"@id":"https:\/\/www.csj-emballages.com\/pt-pt\/#website"},"primaryImageOfPage":{"@id":"https:\/\/www.csj-emballages.com\/pt-pt\/produit\/25-caixas-rectangulares-de-cartao-branco-para-pastelaria-60-x-40-x-10-cm\/#primaryimage"},"image":{"@id":"https:\/\/www.csj-emballages.com\/pt-pt\/produit\/25-caixas-rectangulares-de-cartao-branco-para-pastelaria-60-x-40-x-10-cm\/#primaryimage"},"thumbnailUrl":"https:\/\/www.csj-emballages.com\/wp-content\/uploads\/2024\/03\/dc3cc29b-2e76-4fc4-8f5c-8e3135d6fa42-2-1-jpg-e1725543150725.webp","datePublished":"2024-03-01T15:55:51+00:00","dateModified":"2026-04-29T14:01:07+00:00","description":"Caixa de cart\u00e3o branco para catering 60 x 40 x 10 cm com refor\u00e7o em chapa dourada (PLAQOR6040). Robusta e adequada para uso profissional, embalagem de 25.","breadcrumb":{"@id":"https:\/\/www.csj-emballages.com\/pt-pt\/produit\/25-caixas-rectangulares-de-cartao-branco-para-pastelaria-60-x-40-x-10-cm\/#breadcrumb"},"inLanguage":"pt-PT","potentialAction":[{"@type":"ReadAction","target":["https:\/\/www.csj-emballages.com\/pt-pt\/produit\/25-caixas-rectangulares-de-cartao-branco-para-pastelaria-60-x-40-x-10-cm\/"]}]},{"@type":"ImageObject","inLanguage":"pt-PT","@id":"https:\/\/www.csj-emballages.com\/pt-pt\/produit\/25-caixas-rectangulares-de-cartao-branco-para-pastelaria-60-x-40-x-10-cm\/#primaryimage","url":"https:\/\/www.csj-emballages.com\/wp-content\/uploads\/2024\/03\/dc3cc29b-2e76-4fc4-8f5c-8e3135d6fa42-2-1-jpg-e1725543150725.webp","contentUrl":"https:\/\/www.csj-emballages.com\/wp-content\/uploads\/2024\/03\/dc3cc29b-2e76-4fc4-8f5c-8e3135d6fa42-2-1-jpg-e1725543150725.webp","width":1080,"height":1080},{"@type":"BreadcrumbList","@id":"https:\/\/www.csj-emballages.com\/pt-pt\/produit\/25-caixas-rectangulares-de-cartao-branco-para-pastelaria-60-x-40-x-10-cm\/#breadcrumb","itemListElement":[{"@type":"ListItem","position":1,"name":"Acolhimento","item":"https:\/\/www.csj-emballages.com\/pt-pt\/universo-das-embalagens-alimentares\/"},{"@type":"ListItem","position":2,"name":"Shop","item":"https:\/\/www.csj-emballages.com\/shop\/"},{"@type":"ListItem","position":3,"name":"Caixa de catering retangular de cart\u00e3o branco 60 x 40 x 10 cm, embalagem de 25"}]},{"@type":"WebSite","@id":"https:\/\/www.csj-emballages.com\/pt-pt\/#website","url":"https:\/\/www.csj-emballages.com\/pt-pt\/","name":"CSJ Emballages","description":"","publisher":{"@id":"https:\/\/www.csj-emballages.com\/pt-pt\/#organization"},"potentialAction":[{"@type":"SearchAction","target":{"@type":"EntryPoint","urlTemplate":"https:\/\/www.csj-emballages.com\/pt-pt\/?s={search_term_string}"},"query-input":{"@type":"PropertyValueSpecification","valueRequired":true,"valueName":"search_term_string"}}],"inLanguage":"pt-PT"},{"@type":"Organization","@id":"https:\/\/www.csj-emballages.com\/pt-pt\/#Organization\/","name":"CSJ Emballages","url":"https:\/\/www.csj-emballages.com\/pt-pt\/","logo":{"@type":"ImageObject","inLanguage":"pt-PT","@id":"https:\/\/www.csj-emballages.com\/pt-pt\/#\/schema\/logo\/image\/","url":"https:\/\/www.csj-emballages.com\/wp-content\/uploads\/2023\/10\/logo_csj.webp","contentUrl":"https:\/\/www.csj-emballages.com\/wp-content\/uploads\/2023\/10\/logo_csj.webp","width":250,"height":95,"caption":"CSJ Emballages"},"image":{"@id":"https:\/\/www.csj-emballages.com\/pt-pt\/#\/schema\/logo\/image\/"},"sameAs":["https:\/\/www.facebook.com\/csjemballages"],"address":{"@type":"PostalAddress","streetAddress":"ZI La Lechere","addressLocality":"Patornay","postalCode":"39130","addressCountry":"FR"},"contactPoint":[{"@type":"ContactPoint","contactType":"Service client","telephone":"0384254272","email":"contact@csj-emballages.com"}]}]}},"df_price":35.54,"df_sale_price":"","df_regular_price":35.54,"df_image_link":"https:\/\/www.csj-emballages.com\/wp-content\/uploads\/2024\/03\/dc3cc29b-2e76-4fc4-8f5c-8e3135d6fa42-2-1-300x300.webp","tiered_pricing_type":"fixed","tiered_pricing_fixed_rules":[],"tiered_pricing_percentage_rules":[],"tiered_pricing_minimum":1,"tiered_pricing_roles_data":[],"_links":{"self":[{"href":"https:\/\/www.csj-emballages.com\/pt-pt\/wp-json\/wp\/v2\/product\/29461","targetHints":{"allow":["GET"]}}],"collection":[{"href":"https:\/\/www.csj-emballages.com\/pt-pt\/wp-json\/wp\/v2\/product"}],"about":[{"href":"https:\/\/www.csj-emballages.com\/pt-pt\/wp-json\/wp\/v2\/types\/product"}],"wp:featuredmedia":[{"embeddable":true,"href":"https:\/\/www.csj-emballages.com\/pt-pt\/wp-json\/wp\/v2\/media\/93883"}],"wp:attachment":[{"href":"https:\/\/www.csj-emballages.com\/pt-pt\/wp-json\/wp\/v2\/media?parent=29461"}],"wp:term":[{"taxonomy":"product_brand","embeddable":true,"href":"https:\/\/www.csj-emballages.com\/pt-pt\/wp-json\/wp\/v2\/product_brand?post=29461"},{"taxonomy":"product_cat","embeddable":true,"href":"https:\/\/www.csj-emballages.com\/pt-pt\/wp-json\/wp\/v2\/product_cat?post=29461"},{"taxonomy":"product_tag","embeddable":true,"href":"https:\/\/www.csj-emballages.com\/pt-pt\/wp-json\/wp\/v2\/product_tag?post=29461"}],"curies":[{"name":"wp","href":"https:\/\/api.w.org\/{rel}","templated":true}]}}