{"id":29458,"date":"2024-03-01T16:55:46","date_gmt":"2024-03-01T15:55:46","guid":{"rendered":"https:\/\/www.csj-emballages.com\/produit\/caixa-de-flauta-dupla-570-x-380-x-410-mm\/"},"modified":"2026-04-17T10:27:59","modified_gmt":"2026-04-17T08:27:59","slug":"caixa-de-flauta-dupla-570-x-380-x-410-mm","status":"publish","type":"product","link":"https:\/\/www.csj-emballages.com\/pt-pt\/produit\/caixa-de-flauta-dupla-570-x-380-x-410-mm\/","title":{"rendered":"Caixa de flauta dupla 570 x 380 x 410 mm"},"content":{"rendered":"<h2>Cart\u00e3o<\/h2>\n<hr>\n<h3>Descubra a nossa caixa de cart\u00e3o canelado duplo 570 x 380 x 410 mm<\/h3>\n<p><!--more--><\/p>\n<p data-start=\"192\" data-end=\"564\">Esta <strong data-start=\"195\" data-end=\"248\">caixa de cart\u00e3o canelado duplo 570 x 380 x 410 mm<\/strong> \u00e9 a solu\u00e7\u00e3o ideal para <strong>expedir, armazenar ou proteger<\/strong> os seus produtos com toda a tranquilidade. Gra\u00e7as \u00e0 sua estrutura refor\u00e7ada, oferece uma excelente resist\u00eancia a choques, esmagamento e manipula\u00e7\u00f5es repetidas. \u00c9 o tipo de cart\u00e3o com que pode realmente contar quando o conte\u00fado tem de chegar intacto.  <\/p>\n<p data-start=\"566\" data-end=\"901\">O seu formato compacto \u00e9 perfeito para pequenos objetos, pe\u00e7as soltas, produtos fr\u00e1geis ou encomendas de com\u00e9rcio eletr\u00f3nico. Permite otimizar o espa\u00e7o, tanto durante o armazenamento como durante o transporte, limitando a utiliza\u00e7\u00e3o de cal\u00e7os adicionais. Resultado: uma embalagem bem ajustada, mais limpa e mais econ\u00f3mica.  <\/p>\n<p data-start=\"903\" data-end=\"1213\">O <strong data-start=\"906\" data-end=\"926\">canelado duplo<\/strong> proporciona um verdadeiro ganho de solidez. Protege eficazmente o conte\u00fado contra as varia\u00e7\u00f5es de temperatura, as vibra\u00e7\u00f5es e os choques relacionados com a entrega. Al\u00e9m disso, este <strong>cart\u00e3o<\/strong> monta-se facilmente e fecha-se rapidamente, o que permite poupar tempo durante a prepara\u00e7\u00e3o das encomendas.  <\/p>\n<p data-start=\"1215\" data-end=\"1476\">Seja para um <strong>armaz\u00e9m, uma loja online, um servi\u00e7o de log\u00edstica ou uma utiliza\u00e7\u00e3o pontual<\/strong>, esta <strong>caixa de cart\u00e3o<\/strong> adapta-se a muitas necessidades. \u00c9 adequada tanto para o armazenamento como para o envio, transmitindo simultaneamente uma imagem s\u00e9ria e profissional. <\/p>\n<p data-start=\"1478\" data-end=\"1640\">Em resumo, esta <strong>caixa de cart\u00e3o<\/strong> combina robustez, praticidade e formato inteligente. Um indispens\u00e1vel para proteger os seus envios e trabalhar com mais tranquilidade no dia a dia. <\/p>\n<p data-start=\"1478\" data-end=\"1640\"><!--more--><\/p>\n<h4 data-start=\"1478\" data-end=\"1640\">Vantagens :<\/h4>\n<ul>\n<li data-start=\"1668\" data-end=\"1713\">Estrutura <strong>canelado duplo<\/strong> muito resistente.<\/li>\n<li data-start=\"1716\" data-end=\"1745\">Formato compacto e pr\u00e1tico.<\/li>\n<li data-start=\"1748\" data-end=\"1784\">Protege eficazmente os produtos.<\/li>\n<li data-start=\"1787\" data-end=\"1814\"><span dir=\"auto\">R\u00e1pido e f\u00e1cil de instalar.<\/span><\/li>\n<li data-start=\"1817\" data-end=\"1856\">Adequado para armazenamento e envio.<\/li>\n<\/ul>\n<p>&nbsp;<\/p>\n<p><!--more--><\/p>\n<h4>Outras informa\u00e7\u00f5es :<\/h4>\n<ul>\n<li><strong>Embalagem<\/strong>: Por unidade<\/li>\n<li><strong>Dimens\u00f5es<\/strong>: 570 x 380 x 410 mm<\/li>\n<\/ul>\n<p>&nbsp;<\/p>\n<p><!--more--><\/p>\n<p><a href=\"https:\/\/www.csj-emballages.com\/pt-pt\/categorie-produit\/embalagens-industriais\/cartao\/caixas-de-cartao\/\">Consulte o resto da nossa gama de caixas de cart\u00e3o<\/a><\/p>\n","protected":false},"excerpt":{"rendered":"<p>Cart\u00e3o Descubra a nossa caixa de cart\u00e3o canelado duplo 570 x 380 x 410 mm<\/p>\n","protected":false},"featured_media":263282,"template":"","meta":{"_acf_changed":false},"product_brand":[],"product_cat":[1141,2678,3890],"product_tag":[],"class_list":{"0":"post-29458","1":"product","2":"type-product","3":"status-publish","4":"has-post-thumbnail","6":"product_cat-embalagem-de-alimentos","7":"product_cat-cartao","8":"product_cat-caixas-de-cartao","9":"product_shipping_class-nao-e-permitido-em-reles","11":"first","12":"instock","13":"taxable","14":"shipping-taxable","15":"purchasable","16":"product-type-simple"},"acf":[],"yoast_head":"<!-- This site is optimized with the Yoast SEO Premium plugin v26.6 (Yoast SEO v26.6) - https:\/\/yoast.com\/wordpress\/plugins\/seo\/ -->\n<title>Caixa de cart\u00e3o canelado duplo 570 x 380 x 410 mm<\/title>\n<meta name=\"description\" content=\"Caixa de cart\u00e3o canelado duplo 570 x 380 x 410 mm. S\u00f3lida e compacta, ideal para expedi\u00e7\u00e3o e prote\u00e7\u00e3o de pequenos produtos.\" \/>\n<meta name=\"robots\" content=\"index, follow, max-snippet:-1, max-image-preview:large, max-video-preview:-1\" \/>\n<link rel=\"canonical\" href=\"https:\/\/www.csj-emballages.com\/pt-pt\/produit\/caixa-de-flauta-dupla-570-x-380-x-410-mm\/\" \/>\n<meta property=\"og:locale\" content=\"pt_PT\" \/>\n<meta property=\"og:type\" content=\"article\" \/>\n<meta property=\"og:title\" content=\"Caixa de flauta dupla 570 x 380 x 410 mm\" \/>\n<meta property=\"og:description\" content=\"Caixa de cart\u00e3o canelado duplo 570 x 380 x 410 mm. S\u00f3lida e compacta, ideal para expedi\u00e7\u00e3o e prote\u00e7\u00e3o de pequenos produtos.\" \/>\n<meta property=\"og:url\" content=\"https:\/\/www.csj-emballages.com\/pt-pt\/produit\/caixa-de-flauta-dupla-570-x-380-x-410-mm\/\" \/>\n<meta property=\"og:site_name\" content=\"CSJ Emballages\" \/>\n<meta property=\"article:publisher\" content=\"https:\/\/www.facebook.com\/csjemballages\" \/>\n<meta property=\"article:modified_time\" content=\"2026-04-17T08:27:59+00:00\" \/>\n<meta property=\"og:image\" content=\"https:\/\/www.csj-emballages.com\/wp-content\/uploads\/2024\/03\/Carton-caisse.webp\" \/>\n\t<meta property=\"og:image:width\" content=\"800\" \/>\n\t<meta property=\"og:image:height\" content=\"800\" \/>\n\t<meta property=\"og:image:type\" content=\"image\/webp\" \/>\n<meta name=\"twitter:card\" content=\"summary_large_image\" \/>\n<meta name=\"twitter:label1\" content=\"Tempo estimado de leitura\" \/>\n\t<meta name=\"twitter:data1\" content=\"2 minutos\" \/>\n<script type=\"application\/ld+json\" class=\"yoast-schema-graph\">{\"@context\":\"https:\/\/schema.org\",\"@graph\":[{\"@type\":\"WebPage\",\"@id\":\"https:\/\/www.csj-emballages.com\/pt-pt\/produit\/caixa-de-flauta-dupla-570-x-380-x-410-mm\/\",\"url\":\"https:\/\/www.csj-emballages.com\/pt-pt\/produit\/caixa-de-flauta-dupla-570-x-380-x-410-mm\/\",\"name\":\"Caixa de cart\u00e3o canelado duplo 570 x 380 x 410 mm\",\"isPartOf\":{\"@id\":\"https:\/\/www.csj-emballages.com\/pt-pt\/#website\"},\"primaryImageOfPage\":{\"@id\":\"https:\/\/www.csj-emballages.com\/pt-pt\/produit\/caixa-de-flauta-dupla-570-x-380-x-410-mm\/#primaryimage\"},\"image\":{\"@id\":\"https:\/\/www.csj-emballages.com\/pt-pt\/produit\/caixa-de-flauta-dupla-570-x-380-x-410-mm\/#primaryimage\"},\"thumbnailUrl\":\"https:\/\/www.csj-emballages.com\/wp-content\/uploads\/2024\/03\/Carton-caisse.webp\",\"datePublished\":\"2024-03-01T15:55:46+00:00\",\"dateModified\":\"2026-04-17T08:27:59+00:00\",\"description\":\"Caixa de cart\u00e3o canelado duplo 570 x 380 x 410 mm. S\u00f3lida e compacta, ideal para expedi\u00e7\u00e3o e prote\u00e7\u00e3o de pequenos produtos.\",\"breadcrumb\":{\"@id\":\"https:\/\/www.csj-emballages.com\/pt-pt\/produit\/caixa-de-flauta-dupla-570-x-380-x-410-mm\/#breadcrumb\"},\"inLanguage\":\"pt-PT\",\"potentialAction\":[{\"@type\":\"ReadAction\",\"target\":[\"https:\/\/www.csj-emballages.com\/pt-pt\/produit\/caixa-de-flauta-dupla-570-x-380-x-410-mm\/\"]}]},{\"@type\":\"ImageObject\",\"inLanguage\":\"pt-PT\",\"@id\":\"https:\/\/www.csj-emballages.com\/pt-pt\/produit\/caixa-de-flauta-dupla-570-x-380-x-410-mm\/#primaryimage\",\"url\":\"https:\/\/www.csj-emballages.com\/wp-content\/uploads\/2024\/03\/Carton-caisse.webp\",\"contentUrl\":\"https:\/\/www.csj-emballages.com\/wp-content\/uploads\/2024\/03\/Carton-caisse.webp\",\"width\":800,\"height\":800,\"caption\":\"Carton caisse\"},{\"@type\":\"BreadcrumbList\",\"@id\":\"https:\/\/www.csj-emballages.com\/pt-pt\/produit\/caixa-de-flauta-dupla-570-x-380-x-410-mm\/#breadcrumb\",\"itemListElement\":[{\"@type\":\"ListItem\",\"position\":1,\"name\":\"Acolhimento\",\"item\":\"https:\/\/www.csj-emballages.com\/pt-pt\/universo-das-embalagens-alimentares\/\"},{\"@type\":\"ListItem\",\"position\":2,\"name\":\"Shop\",\"item\":\"https:\/\/www.csj-emballages.com\/shop\/\"},{\"@type\":\"ListItem\",\"position\":3,\"name\":\"Caixa de flauta dupla 570 x 380 x 410 mm\"}]},{\"@type\":\"WebSite\",\"@id\":\"https:\/\/www.csj-emballages.com\/pt-pt\/#website\",\"url\":\"https:\/\/www.csj-emballages.com\/pt-pt\/\",\"name\":\"CSJ Emballages\",\"description\":\"\",\"publisher\":{\"@id\":\"https:\/\/www.csj-emballages.com\/pt-pt\/#organization\"},\"potentialAction\":[{\"@type\":\"SearchAction\",\"target\":{\"@type\":\"EntryPoint\",\"urlTemplate\":\"https:\/\/www.csj-emballages.com\/pt-pt\/?s={search_term_string}\"},\"query-input\":{\"@type\":\"PropertyValueSpecification\",\"valueRequired\":true,\"valueName\":\"search_term_string\"}}],\"inLanguage\":\"pt-PT\"},{\"@type\":\"Organization\",\"@id\":\"https:\/\/www.csj-emballages.com\/pt-pt\/#Organization\/\",\"name\":\"CSJ Emballages\",\"url\":\"https:\/\/www.csj-emballages.com\/pt-pt\/\",\"logo\":{\"@type\":\"ImageObject\",\"inLanguage\":\"pt-PT\",\"@id\":\"https:\/\/www.csj-emballages.com\/pt-pt\/#\/schema\/logo\/image\/\",\"url\":\"https:\/\/www.csj-emballages.com\/wp-content\/uploads\/2023\/10\/logo_csj.webp\",\"contentUrl\":\"https:\/\/www.csj-emballages.com\/wp-content\/uploads\/2023\/10\/logo_csj.webp\",\"width\":250,\"height\":95,\"caption\":\"CSJ Emballages\"},\"image\":{\"@id\":\"https:\/\/www.csj-emballages.com\/pt-pt\/#\/schema\/logo\/image\/\"},\"sameAs\":[\"https:\/\/www.facebook.com\/csjemballages\"],\"address\":{\"@type\":\"PostalAddress\",\"streetAddress\":\"ZI La Lechere\",\"addressLocality\":\"Patornay\",\"postalCode\":\"39130\",\"addressCountry\":\"FR\"},\"contactPoint\":[{\"@type\":\"ContactPoint\",\"contactType\":\"Service client\",\"telephone\":\"0384254272\",\"email\":\"contact@csj-emballages.com\"}]}]}<\/script>\n<!-- \/ Yoast SEO Premium plugin. -->","yoast_head_json":{"title":"Caixa de cart\u00e3o canelado duplo 570 x 380 x 410 mm","description":"Caixa de cart\u00e3o canelado duplo 570 x 380 x 410 mm. S\u00f3lida e compacta, ideal para expedi\u00e7\u00e3o e prote\u00e7\u00e3o de pequenos produtos.","robots":{"index":"index","follow":"follow","max-snippet":"max-snippet:-1","max-image-preview":"max-image-preview:large","max-video-preview":"max-video-preview:-1"},"canonical":"https:\/\/www.csj-emballages.com\/pt-pt\/produit\/caixa-de-flauta-dupla-570-x-380-x-410-mm\/","og_locale":"pt_PT","og_type":"article","og_title":"Caixa de flauta dupla 570 x 380 x 410 mm","og_description":"Caixa de cart\u00e3o canelado duplo 570 x 380 x 410 mm. S\u00f3lida e compacta, ideal para expedi\u00e7\u00e3o e prote\u00e7\u00e3o de pequenos produtos.","og_url":"https:\/\/www.csj-emballages.com\/pt-pt\/produit\/caixa-de-flauta-dupla-570-x-380-x-410-mm\/","og_site_name":"CSJ Emballages","article_publisher":"https:\/\/www.facebook.com\/csjemballages","article_modified_time":"2026-04-17T08:27:59+00:00","og_image":[{"width":800,"height":800,"url":"https:\/\/www.csj-emballages.com\/wp-content\/uploads\/2024\/03\/Carton-caisse.webp","type":"image\/webp"}],"twitter_card":"summary_large_image","twitter_misc":{"Tempo estimado de leitura":"2 minutos"},"schema":{"@context":"https:\/\/schema.org","@graph":[{"@type":"WebPage","@id":"https:\/\/www.csj-emballages.com\/pt-pt\/produit\/caixa-de-flauta-dupla-570-x-380-x-410-mm\/","url":"https:\/\/www.csj-emballages.com\/pt-pt\/produit\/caixa-de-flauta-dupla-570-x-380-x-410-mm\/","name":"Caixa de cart\u00e3o canelado duplo 570 x 380 x 410 mm","isPartOf":{"@id":"https:\/\/www.csj-emballages.com\/pt-pt\/#website"},"primaryImageOfPage":{"@id":"https:\/\/www.csj-emballages.com\/pt-pt\/produit\/caixa-de-flauta-dupla-570-x-380-x-410-mm\/#primaryimage"},"image":{"@id":"https:\/\/www.csj-emballages.com\/pt-pt\/produit\/caixa-de-flauta-dupla-570-x-380-x-410-mm\/#primaryimage"},"thumbnailUrl":"https:\/\/www.csj-emballages.com\/wp-content\/uploads\/2024\/03\/Carton-caisse.webp","datePublished":"2024-03-01T15:55:46+00:00","dateModified":"2026-04-17T08:27:59+00:00","description":"Caixa de cart\u00e3o canelado duplo 570 x 380 x 410 mm. S\u00f3lida e compacta, ideal para expedi\u00e7\u00e3o e prote\u00e7\u00e3o de pequenos produtos.","breadcrumb":{"@id":"https:\/\/www.csj-emballages.com\/pt-pt\/produit\/caixa-de-flauta-dupla-570-x-380-x-410-mm\/#breadcrumb"},"inLanguage":"pt-PT","potentialAction":[{"@type":"ReadAction","target":["https:\/\/www.csj-emballages.com\/pt-pt\/produit\/caixa-de-flauta-dupla-570-x-380-x-410-mm\/"]}]},{"@type":"ImageObject","inLanguage":"pt-PT","@id":"https:\/\/www.csj-emballages.com\/pt-pt\/produit\/caixa-de-flauta-dupla-570-x-380-x-410-mm\/#primaryimage","url":"https:\/\/www.csj-emballages.com\/wp-content\/uploads\/2024\/03\/Carton-caisse.webp","contentUrl":"https:\/\/www.csj-emballages.com\/wp-content\/uploads\/2024\/03\/Carton-caisse.webp","width":800,"height":800,"caption":"Carton caisse"},{"@type":"BreadcrumbList","@id":"https:\/\/www.csj-emballages.com\/pt-pt\/produit\/caixa-de-flauta-dupla-570-x-380-x-410-mm\/#breadcrumb","itemListElement":[{"@type":"ListItem","position":1,"name":"Acolhimento","item":"https:\/\/www.csj-emballages.com\/pt-pt\/universo-das-embalagens-alimentares\/"},{"@type":"ListItem","position":2,"name":"Shop","item":"https:\/\/www.csj-emballages.com\/shop\/"},{"@type":"ListItem","position":3,"name":"Caixa de flauta dupla 570 x 380 x 410 mm"}]},{"@type":"WebSite","@id":"https:\/\/www.csj-emballages.com\/pt-pt\/#website","url":"https:\/\/www.csj-emballages.com\/pt-pt\/","name":"CSJ Emballages","description":"","publisher":{"@id":"https:\/\/www.csj-emballages.com\/pt-pt\/#organization"},"potentialAction":[{"@type":"SearchAction","target":{"@type":"EntryPoint","urlTemplate":"https:\/\/www.csj-emballages.com\/pt-pt\/?s={search_term_string}"},"query-input":{"@type":"PropertyValueSpecification","valueRequired":true,"valueName":"search_term_string"}}],"inLanguage":"pt-PT"},{"@type":"Organization","@id":"https:\/\/www.csj-emballages.com\/pt-pt\/#Organization\/","name":"CSJ Emballages","url":"https:\/\/www.csj-emballages.com\/pt-pt\/","logo":{"@type":"ImageObject","inLanguage":"pt-PT","@id":"https:\/\/www.csj-emballages.com\/pt-pt\/#\/schema\/logo\/image\/","url":"https:\/\/www.csj-emballages.com\/wp-content\/uploads\/2023\/10\/logo_csj.webp","contentUrl":"https:\/\/www.csj-emballages.com\/wp-content\/uploads\/2023\/10\/logo_csj.webp","width":250,"height":95,"caption":"CSJ Emballages"},"image":{"@id":"https:\/\/www.csj-emballages.com\/pt-pt\/#\/schema\/logo\/image\/"},"sameAs":["https:\/\/www.facebook.com\/csjemballages"],"address":{"@type":"PostalAddress","streetAddress":"ZI La Lechere","addressLocality":"Patornay","postalCode":"39130","addressCountry":"FR"},"contactPoint":[{"@type":"ContactPoint","contactType":"Service client","telephone":"0384254272","email":"contact@csj-emballages.com"}]}]}},"df_price":3.12,"df_sale_price":"","df_regular_price":3.12,"df_image_link":"https:\/\/www.csj-emballages.com\/wp-content\/uploads\/2024\/03\/Carton-caisse-300x300.webp","tiered_pricing_type":"fixed","tiered_pricing_fixed_rules":[],"tiered_pricing_percentage_rules":[],"tiered_pricing_minimum":1,"tiered_pricing_roles_data":[],"_links":{"self":[{"href":"https:\/\/www.csj-emballages.com\/pt-pt\/wp-json\/wp\/v2\/product\/29458","targetHints":{"allow":["GET"]}}],"collection":[{"href":"https:\/\/www.csj-emballages.com\/pt-pt\/wp-json\/wp\/v2\/product"}],"about":[{"href":"https:\/\/www.csj-emballages.com\/pt-pt\/wp-json\/wp\/v2\/types\/product"}],"wp:featuredmedia":[{"embeddable":true,"href":"https:\/\/www.csj-emballages.com\/pt-pt\/wp-json\/wp\/v2\/media\/263282"}],"wp:attachment":[{"href":"https:\/\/www.csj-emballages.com\/pt-pt\/wp-json\/wp\/v2\/media?parent=29458"}],"wp:term":[{"taxonomy":"product_brand","embeddable":true,"href":"https:\/\/www.csj-emballages.com\/pt-pt\/wp-json\/wp\/v2\/product_brand?post=29458"},{"taxonomy":"product_cat","embeddable":true,"href":"https:\/\/www.csj-emballages.com\/pt-pt\/wp-json\/wp\/v2\/product_cat?post=29458"},{"taxonomy":"product_tag","embeddable":true,"href":"https:\/\/www.csj-emballages.com\/pt-pt\/wp-json\/wp\/v2\/product_tag?post=29458"}],"curies":[{"name":"wp","href":"https:\/\/api.w.org\/{rel}","templated":true}]}}