{"id":29418,"date":"2024-03-01T16:54:51","date_gmt":"2024-03-01T15:54:51","guid":{"rendered":"https:\/\/www.csj-emballages.com\/produit\/100-tampas-para-tabuleiros-selaveis-para-bo1150-e-bo1500\/"},"modified":"2026-03-31T02:13:00","modified_gmt":"2026-03-31T00:13:00","slug":"100-tampas-para-tabuleiros-selaveis-para-bo1150-e-bo1500","status":"publish","type":"product","link":"https:\/\/www.csj-emballages.com\/pt-pt\/produit\/100-tampas-para-tabuleiros-selaveis-para-bo1150-e-bo1500\/","title":{"rendered":"Tampa para tabuleiro selado para BO1150 100 unid."},"content":{"rendered":"<h2>Tampa do tabuleiro em alum\u00ednio<\/h2>\n<hr>\n<h3>Descri\u00e7\u00e3o da nossa tampa para tabuleiro BO1150 por 100<\/h3>\n<p><!--more--><\/p>\n<p data-start=\"31\" data-end=\"344\">Otimize a conserva\u00e7\u00e3o e o transporte dos seus pratos com estas <strong>tampas para <span style=\"color: #000000;\">cuvetes de alum\u00ednio<\/span><\/strong><span style=\"color: #d12727;\"><strong data-start=\"95\" data-end=\"142\"> <span style=\"color: #000000;\">sel\u00e1veis<\/span> <a style=\"color: #d12727;\" href=\"https:\/\/www.csj-emballages.com\/es\/produit\/100-bandejas-de-aluminio-desechables-con-tapa-separada-1170ml\/\">BO1150<\/a><\/strong><\/span>. Concebidas para serem utilizadas com as <strong>cuvetes de alum\u00ednio<\/strong> (ref. <span style=\"color: #d12727;\"><a style=\"color: #d12727;\" href=\"https:\/\/www.csj-emballages.com\/es\/produit\/100-bandejas-de-aluminio-desechables-con-tapa-separada-1170ml\/\">BO1150<\/a><\/span>, vendidas separadamente), permitem um <strong data-start=\"265\" data-end=\"290\">fecho perfeito<\/strong> para garantir uma prote\u00e7\u00e3o ideal dos alimentos.<\/p>\n<p data-start=\"346\" data-end=\"675\">Gra\u00e7as ao seu ajuste preciso, estas <strong>tampas<\/strong> garantem um fecho herm\u00e9tico, limitando assim os riscos de fugas e preservando a frescura das suas prepara\u00e7\u00f5es. S\u00e3o ideais para empresas de catering, restaurantes e particulares, garantindo um acondicionamento seguro para os pratos para levar ou as entregas.<\/p>\n<h3 data-start=\"951\" data-end=\"979\"><\/h3>\n<p><!--more--><\/p>\n<p><strong>As suas vantagens:<\/strong><\/p>\n<ul>\n<li data-start=\"1174\" data-end=\"1257\"><strong data-start=\"1176\" data-end=\"1197\">Fecho seguro<\/strong>: Garante uma veda\u00e7\u00e3o herm\u00e9tica para evitar fugas.<\/li>\n<li data-start=\"1258\" data-end=\"1338\"><strong data-start=\"1260\" data-end=\"1285\">Conserva\u00e7\u00e3o \u00f3ptima<\/strong>: Protege a frescura e a qualidade dos alimentos.<\/li>\n<li data-start=\"1339\" data-end=\"1413\"><strong data-start=\"1341\" data-end=\"1367\">Compatibilidade perfeita<\/strong>: Adequado para tabuleiros de alum\u00ednio BO1150.<\/li>\n<li data-start=\"1494\" data-end=\"1596\" data-is-last-node=\"\"><strong data-start=\"1496\" data-end=\"1541\">Ideal para profissionais e particulares<\/strong>: uma solu\u00e7\u00e3o pr\u00e1tica para o transporte e a entrega.<\/li>\n<\/ul>\n<p>&nbsp;<\/p>\n<p><!--more--><\/p>\n<h4>Outras informa\u00e7\u00f5es :<\/h4>\n<ul>\n<li><strong>Embalagem<\/strong>: Pacote de 100<\/li>\n<li><strong>Dimens\u00f5es<\/strong>: 263 x 160 mm<\/li>\n<li><strong>Material<\/strong>: Cart\u00e3o<\/li>\n<\/ul>\n<p>&nbsp;<\/p>\n<p><!--more--><\/p>\n<p>Encontre aqui o tabuleiro de alum\u00ednio compat\u00edvel com esta tampa: <span style=\"color: #d12727;\"><a style=\"color: #d12727;\" href=\"https:\/\/www.csj-emballages.com\/es\/produit\/100-bandejas-de-aluminio-desechables-con-tapa-separada-1170ml\/\">BO1150<\/a><\/span><\/p>\n<p>&nbsp;<\/p>\n<p><!--more--><\/p>\n<p><a href=\"https:\/\/www.csj-emballages.com\/pt-pt\/categorie-produit\/embalagem-de-alimentos\/talho-e-charcutaria\/tabuleiros-latas-e-frascos\/tabuleiros-de-aluminio-pratos-formas-tabuleiros-de-refeicao-copos-ramequins-empadas-de-carne\/tabuleiros-selaveis\/\">Ver o resto da nossa gama de tabuleiros de alum\u00ednio com tampa<\/a><\/p>\n","protected":false},"excerpt":{"rendered":"<p>Tampa do tabuleiro em alum\u00ednio Descri\u00e7\u00e3o da nossa tampa para tabuleiro BO1150 por 100<\/p>\n","protected":false},"featured_media":227955,"template":"","meta":{"_acf_changed":false},"product_brand":[],"product_cat":[1141,1176,2001,2181],"product_tag":[],"class_list":{"0":"post-29418","1":"product","2":"type-product","3":"status-publish","4":"has-post-thumbnail","6":"product_cat-embalagem-de-alimentos","7":"product_cat-talho-e-charcutaria","8":"product_cat-tabuleiros-de-aluminio-pratos-formas-tabuleiros-de-refeicao-copos-ramequins-empadas-de-carne","9":"product_cat-tabuleiros-selaveis","11":"first","12":"instock","13":"taxable","14":"shipping-taxable","15":"purchasable","16":"product-type-simple"},"acf":[],"yoast_head":"<!-- This site is optimized with the Yoast SEO Premium plugin v26.6 (Yoast SEO v26.6) - https:\/\/yoast.com\/wordpress\/plugins\/seo\/ -->\n<title>Tampa do tabuleiro em alum\u00ednio BO1150<\/title>\n<meta name=\"description\" content=\"Tampas para cuvetes de alum\u00ednio sel\u00e1veis BO1150. Garantem um fecho herm\u00e9tico para proteger e conservar os seus pratos. Cuvetes vendidas separadamente.\" \/>\n<meta name=\"robots\" content=\"index, follow, max-snippet:-1, max-image-preview:large, max-video-preview:-1\" \/>\n<link rel=\"canonical\" href=\"https:\/\/www.csj-emballages.com\/pt-pt\/produit\/100-tampas-para-tabuleiros-selaveis-para-bo1150-e-bo1500\/\" \/>\n<meta property=\"og:locale\" content=\"pt_PT\" \/>\n<meta property=\"og:type\" content=\"article\" \/>\n<meta property=\"og:title\" content=\"Tampa para tabuleiro selado para BO1150 100 unid.\" \/>\n<meta property=\"og:description\" content=\"Tampas para cuvetes de alum\u00ednio sel\u00e1veis BO1150. Garantem um fecho herm\u00e9tico para proteger e conservar os seus pratos. Cuvetes vendidas separadamente.\" \/>\n<meta property=\"og:url\" content=\"https:\/\/www.csj-emballages.com\/pt-pt\/produit\/100-tampas-para-tabuleiros-selaveis-para-bo1150-e-bo1500\/\" \/>\n<meta property=\"og:site_name\" content=\"CSJ Emballages\" \/>\n<meta property=\"article:publisher\" content=\"https:\/\/www.facebook.com\/csjemballages\" \/>\n<meta property=\"article:modified_time\" content=\"2026-03-31T00:13:00+00:00\" \/>\n<meta property=\"og:image\" content=\"https:\/\/www.csj-emballages.com\/wp-content\/uploads\/2024\/03\/COUVERCLE-CARTON-_-ALUMINIUM-REF.CO-POUR-BARQUETTE-OPERCULABLE.webp\" \/>\n\t<meta property=\"og:image:width\" content=\"800\" \/>\n\t<meta property=\"og:image:height\" content=\"800\" \/>\n\t<meta property=\"og:image:type\" content=\"image\/webp\" \/>\n<meta name=\"twitter:card\" content=\"summary_large_image\" \/>\n<meta name=\"twitter:label1\" content=\"Tempo estimado de leitura\" \/>\n\t<meta name=\"twitter:data1\" content=\"1 minuto\" \/>\n<script type=\"application\/ld+json\" class=\"yoast-schema-graph\">{\"@context\":\"https:\/\/schema.org\",\"@graph\":[{\"@type\":\"WebPage\",\"@id\":\"https:\/\/www.csj-emballages.com\/pt-pt\/produit\/100-tampas-para-tabuleiros-selaveis-para-bo1150-e-bo1500\/\",\"url\":\"https:\/\/www.csj-emballages.com\/pt-pt\/produit\/100-tampas-para-tabuleiros-selaveis-para-bo1150-e-bo1500\/\",\"name\":\"Tampa do tabuleiro em alum\u00ednio BO1150\",\"isPartOf\":{\"@id\":\"https:\/\/www.csj-emballages.com\/pt-pt\/#website\"},\"primaryImageOfPage\":{\"@id\":\"https:\/\/www.csj-emballages.com\/pt-pt\/produit\/100-tampas-para-tabuleiros-selaveis-para-bo1150-e-bo1500\/#primaryimage\"},\"image\":{\"@id\":\"https:\/\/www.csj-emballages.com\/pt-pt\/produit\/100-tampas-para-tabuleiros-selaveis-para-bo1150-e-bo1500\/#primaryimage\"},\"thumbnailUrl\":\"https:\/\/www.csj-emballages.com\/wp-content\/uploads\/2024\/03\/COUVERCLE-CARTON-_-ALUMINIUM-REF.CO-POUR-BARQUETTE-OPERCULABLE.webp\",\"datePublished\":\"2024-03-01T15:54:51+00:00\",\"dateModified\":\"2026-03-31T00:13:00+00:00\",\"description\":\"Tampas para cuvetes de alum\u00ednio sel\u00e1veis BO1150. Garantem um fecho herm\u00e9tico para proteger e conservar os seus pratos. Cuvetes vendidas separadamente.\",\"breadcrumb\":{\"@id\":\"https:\/\/www.csj-emballages.com\/pt-pt\/produit\/100-tampas-para-tabuleiros-selaveis-para-bo1150-e-bo1500\/#breadcrumb\"},\"inLanguage\":\"pt-PT\",\"potentialAction\":[{\"@type\":\"ReadAction\",\"target\":[\"https:\/\/www.csj-emballages.com\/pt-pt\/produit\/100-tampas-para-tabuleiros-selaveis-para-bo1150-e-bo1500\/\"]}]},{\"@type\":\"ImageObject\",\"inLanguage\":\"pt-PT\",\"@id\":\"https:\/\/www.csj-emballages.com\/pt-pt\/produit\/100-tampas-para-tabuleiros-selaveis-para-bo1150-e-bo1500\/#primaryimage\",\"url\":\"https:\/\/www.csj-emballages.com\/wp-content\/uploads\/2024\/03\/COUVERCLE-CARTON-_-ALUMINIUM-REF.CO-POUR-BARQUETTE-OPERCULABLE.webp\",\"contentUrl\":\"https:\/\/www.csj-emballages.com\/wp-content\/uploads\/2024\/03\/COUVERCLE-CARTON-_-ALUMINIUM-REF.CO-POUR-BARQUETTE-OPERCULABLE.webp\",\"width\":800,\"height\":800,\"caption\":\"Couvercle barquette aluminium\"},{\"@type\":\"BreadcrumbList\",\"@id\":\"https:\/\/www.csj-emballages.com\/pt-pt\/produit\/100-tampas-para-tabuleiros-selaveis-para-bo1150-e-bo1500\/#breadcrumb\",\"itemListElement\":[{\"@type\":\"ListItem\",\"position\":1,\"name\":\"Acolhimento\",\"item\":\"https:\/\/www.csj-emballages.com\/pt-pt\/universo-das-embalagens-alimentares\/\"},{\"@type\":\"ListItem\",\"position\":2,\"name\":\"Shop\",\"item\":\"https:\/\/www.csj-emballages.com\/shop\/\"},{\"@type\":\"ListItem\",\"position\":3,\"name\":\"Tampa para tabuleiro selado para BO1150 100 unid.\"}]},{\"@type\":\"WebSite\",\"@id\":\"https:\/\/www.csj-emballages.com\/pt-pt\/#website\",\"url\":\"https:\/\/www.csj-emballages.com\/pt-pt\/\",\"name\":\"CSJ Emballages\",\"description\":\"\",\"publisher\":{\"@id\":\"https:\/\/www.csj-emballages.com\/pt-pt\/#organization\"},\"potentialAction\":[{\"@type\":\"SearchAction\",\"target\":{\"@type\":\"EntryPoint\",\"urlTemplate\":\"https:\/\/www.csj-emballages.com\/pt-pt\/?s={search_term_string}\"},\"query-input\":{\"@type\":\"PropertyValueSpecification\",\"valueRequired\":true,\"valueName\":\"search_term_string\"}}],\"inLanguage\":\"pt-PT\"},{\"@type\":\"Organization\",\"@id\":\"https:\/\/www.csj-emballages.com\/pt-pt\/#Organization\/\",\"name\":\"CSJ Emballages\",\"url\":\"https:\/\/www.csj-emballages.com\/pt-pt\/\",\"logo\":{\"@type\":\"ImageObject\",\"inLanguage\":\"pt-PT\",\"@id\":\"https:\/\/www.csj-emballages.com\/pt-pt\/#\/schema\/logo\/image\/\",\"url\":\"https:\/\/www.csj-emballages.com\/wp-content\/uploads\/2023\/10\/logo_csj.webp\",\"contentUrl\":\"https:\/\/www.csj-emballages.com\/wp-content\/uploads\/2023\/10\/logo_csj.webp\",\"width\":250,\"height\":95,\"caption\":\"CSJ Emballages\"},\"image\":{\"@id\":\"https:\/\/www.csj-emballages.com\/pt-pt\/#\/schema\/logo\/image\/\"},\"sameAs\":[\"https:\/\/www.facebook.com\/csjemballages\"],\"address\":{\"@type\":\"PostalAddress\",\"streetAddress\":\"ZI La Lechere\",\"addressLocality\":\"Patornay\",\"postalCode\":\"39130\",\"addressCountry\":\"FR\"},\"contactPoint\":[{\"@type\":\"ContactPoint\",\"contactType\":\"Service client\",\"telephone\":\"0384254272\",\"email\":\"contact@csj-emballages.com\"}]}]}<\/script>\n<!-- \/ Yoast SEO Premium plugin. -->","yoast_head_json":{"title":"Tampa do tabuleiro em alum\u00ednio BO1150","description":"Tampas para cuvetes de alum\u00ednio sel\u00e1veis BO1150. Garantem um fecho herm\u00e9tico para proteger e conservar os seus pratos. Cuvetes vendidas separadamente.","robots":{"index":"index","follow":"follow","max-snippet":"max-snippet:-1","max-image-preview":"max-image-preview:large","max-video-preview":"max-video-preview:-1"},"canonical":"https:\/\/www.csj-emballages.com\/pt-pt\/produit\/100-tampas-para-tabuleiros-selaveis-para-bo1150-e-bo1500\/","og_locale":"pt_PT","og_type":"article","og_title":"Tampa para tabuleiro selado para BO1150 100 unid.","og_description":"Tampas para cuvetes de alum\u00ednio sel\u00e1veis BO1150. Garantem um fecho herm\u00e9tico para proteger e conservar os seus pratos. Cuvetes vendidas separadamente.","og_url":"https:\/\/www.csj-emballages.com\/pt-pt\/produit\/100-tampas-para-tabuleiros-selaveis-para-bo1150-e-bo1500\/","og_site_name":"CSJ Emballages","article_publisher":"https:\/\/www.facebook.com\/csjemballages","article_modified_time":"2026-03-31T00:13:00+00:00","og_image":[{"width":800,"height":800,"url":"https:\/\/www.csj-emballages.com\/wp-content\/uploads\/2024\/03\/COUVERCLE-CARTON-_-ALUMINIUM-REF.CO-POUR-BARQUETTE-OPERCULABLE.webp","type":"image\/webp"}],"twitter_card":"summary_large_image","twitter_misc":{"Tempo estimado de leitura":"1 minuto"},"schema":{"@context":"https:\/\/schema.org","@graph":[{"@type":"WebPage","@id":"https:\/\/www.csj-emballages.com\/pt-pt\/produit\/100-tampas-para-tabuleiros-selaveis-para-bo1150-e-bo1500\/","url":"https:\/\/www.csj-emballages.com\/pt-pt\/produit\/100-tampas-para-tabuleiros-selaveis-para-bo1150-e-bo1500\/","name":"Tampa do tabuleiro em alum\u00ednio BO1150","isPartOf":{"@id":"https:\/\/www.csj-emballages.com\/pt-pt\/#website"},"primaryImageOfPage":{"@id":"https:\/\/www.csj-emballages.com\/pt-pt\/produit\/100-tampas-para-tabuleiros-selaveis-para-bo1150-e-bo1500\/#primaryimage"},"image":{"@id":"https:\/\/www.csj-emballages.com\/pt-pt\/produit\/100-tampas-para-tabuleiros-selaveis-para-bo1150-e-bo1500\/#primaryimage"},"thumbnailUrl":"https:\/\/www.csj-emballages.com\/wp-content\/uploads\/2024\/03\/COUVERCLE-CARTON-_-ALUMINIUM-REF.CO-POUR-BARQUETTE-OPERCULABLE.webp","datePublished":"2024-03-01T15:54:51+00:00","dateModified":"2026-03-31T00:13:00+00:00","description":"Tampas para cuvetes de alum\u00ednio sel\u00e1veis BO1150. Garantem um fecho herm\u00e9tico para proteger e conservar os seus pratos. Cuvetes vendidas separadamente.","breadcrumb":{"@id":"https:\/\/www.csj-emballages.com\/pt-pt\/produit\/100-tampas-para-tabuleiros-selaveis-para-bo1150-e-bo1500\/#breadcrumb"},"inLanguage":"pt-PT","potentialAction":[{"@type":"ReadAction","target":["https:\/\/www.csj-emballages.com\/pt-pt\/produit\/100-tampas-para-tabuleiros-selaveis-para-bo1150-e-bo1500\/"]}]},{"@type":"ImageObject","inLanguage":"pt-PT","@id":"https:\/\/www.csj-emballages.com\/pt-pt\/produit\/100-tampas-para-tabuleiros-selaveis-para-bo1150-e-bo1500\/#primaryimage","url":"https:\/\/www.csj-emballages.com\/wp-content\/uploads\/2024\/03\/COUVERCLE-CARTON-_-ALUMINIUM-REF.CO-POUR-BARQUETTE-OPERCULABLE.webp","contentUrl":"https:\/\/www.csj-emballages.com\/wp-content\/uploads\/2024\/03\/COUVERCLE-CARTON-_-ALUMINIUM-REF.CO-POUR-BARQUETTE-OPERCULABLE.webp","width":800,"height":800,"caption":"Couvercle barquette aluminium"},{"@type":"BreadcrumbList","@id":"https:\/\/www.csj-emballages.com\/pt-pt\/produit\/100-tampas-para-tabuleiros-selaveis-para-bo1150-e-bo1500\/#breadcrumb","itemListElement":[{"@type":"ListItem","position":1,"name":"Acolhimento","item":"https:\/\/www.csj-emballages.com\/pt-pt\/universo-das-embalagens-alimentares\/"},{"@type":"ListItem","position":2,"name":"Shop","item":"https:\/\/www.csj-emballages.com\/shop\/"},{"@type":"ListItem","position":3,"name":"Tampa para tabuleiro selado para BO1150 100 unid."}]},{"@type":"WebSite","@id":"https:\/\/www.csj-emballages.com\/pt-pt\/#website","url":"https:\/\/www.csj-emballages.com\/pt-pt\/","name":"CSJ Emballages","description":"","publisher":{"@id":"https:\/\/www.csj-emballages.com\/pt-pt\/#organization"},"potentialAction":[{"@type":"SearchAction","target":{"@type":"EntryPoint","urlTemplate":"https:\/\/www.csj-emballages.com\/pt-pt\/?s={search_term_string}"},"query-input":{"@type":"PropertyValueSpecification","valueRequired":true,"valueName":"search_term_string"}}],"inLanguage":"pt-PT"},{"@type":"Organization","@id":"https:\/\/www.csj-emballages.com\/pt-pt\/#Organization\/","name":"CSJ Emballages","url":"https:\/\/www.csj-emballages.com\/pt-pt\/","logo":{"@type":"ImageObject","inLanguage":"pt-PT","@id":"https:\/\/www.csj-emballages.com\/pt-pt\/#\/schema\/logo\/image\/","url":"https:\/\/www.csj-emballages.com\/wp-content\/uploads\/2023\/10\/logo_csj.webp","contentUrl":"https:\/\/www.csj-emballages.com\/wp-content\/uploads\/2023\/10\/logo_csj.webp","width":250,"height":95,"caption":"CSJ Emballages"},"image":{"@id":"https:\/\/www.csj-emballages.com\/pt-pt\/#\/schema\/logo\/image\/"},"sameAs":["https:\/\/www.facebook.com\/csjemballages"],"address":{"@type":"PostalAddress","streetAddress":"ZI La Lechere","addressLocality":"Patornay","postalCode":"39130","addressCountry":"FR"},"contactPoint":[{"@type":"ContactPoint","contactType":"Service client","telephone":"0384254272","email":"contact@csj-emballages.com"}]}]}},"df_price":11.35,"df_sale_price":"","df_regular_price":11.35,"df_image_link":"https:\/\/www.csj-emballages.com\/wp-content\/uploads\/2024\/03\/COUVERCLE-CARTON-_-ALUMINIUM-REF.CO-POUR-BARQUETTE-OPERCULABLE-300x300.webp","tiered_pricing_type":"fixed","tiered_pricing_fixed_rules":[],"tiered_pricing_percentage_rules":[],"tiered_pricing_minimum":1,"tiered_pricing_roles_data":[],"_links":{"self":[{"href":"https:\/\/www.csj-emballages.com\/pt-pt\/wp-json\/wp\/v2\/product\/29418","targetHints":{"allow":["GET"]}}],"collection":[{"href":"https:\/\/www.csj-emballages.com\/pt-pt\/wp-json\/wp\/v2\/product"}],"about":[{"href":"https:\/\/www.csj-emballages.com\/pt-pt\/wp-json\/wp\/v2\/types\/product"}],"wp:featuredmedia":[{"embeddable":true,"href":"https:\/\/www.csj-emballages.com\/pt-pt\/wp-json\/wp\/v2\/media\/227955"}],"wp:attachment":[{"href":"https:\/\/www.csj-emballages.com\/pt-pt\/wp-json\/wp\/v2\/media?parent=29418"}],"wp:term":[{"taxonomy":"product_brand","embeddable":true,"href":"https:\/\/www.csj-emballages.com\/pt-pt\/wp-json\/wp\/v2\/product_brand?post=29418"},{"taxonomy":"product_cat","embeddable":true,"href":"https:\/\/www.csj-emballages.com\/pt-pt\/wp-json\/wp\/v2\/product_cat?post=29418"},{"taxonomy":"product_tag","embeddable":true,"href":"https:\/\/www.csj-emballages.com\/pt-pt\/wp-json\/wp\/v2\/product_tag?post=29418"}],"curies":[{"name":"wp","href":"https:\/\/api.w.org\/{rel}","templated":true}]}}