{"id":29415,"date":"2024-03-01T16:54:51","date_gmt":"2024-03-01T15:54:51","guid":{"rendered":"https:\/\/www.csj-emballages.com\/produit\/rolo-de-papel-de-embrulho-chic-070-x-2-m\/"},"modified":"2026-03-12T16:20:12","modified_gmt":"2026-03-12T15:20:12","slug":"rolo-de-papel-de-embrulho-chic-070-x-2-m","status":"publish","type":"product","link":"https:\/\/www.csj-emballages.com\/pt-pt\/produit\/rolo-de-papel-de-embrulho-chic-070-x-2-m\/","title":{"rendered":"Papel de embrulho &#8220;Chic&#8221; 0,70 x 2 m, embalagem de 4"},"content":{"rendered":"<div style=\"font-family: Roboto, sans-serif;\">\n<div style=\"font-family: Roboto, sans-serif;\">\n<div style=\"box-sizing: inherit; font-family: Roboto, sans-serif;\">\n<div style=\"box-sizing: inherit; font-family: Roboto, sans-serif;\">\n<div style=\"box-sizing: inherit; font-family: Roboto, sans-serif;\">\n<div style=\"box-sizing: inherit; font-family: Roboto, sans-serif;\">\n<div style=\"box-sizing: inherit; font-family: Roboto, sans-serif;\">\n<div style=\"box-sizing: inherit; font-family: Roboto, sans-serif;\">\n<div style=\"box-sizing: inherit; font-family: Roboto, sans-serif;\">\n<div style=\"box-sizing: inherit; font-family: Roboto, sans-serif;\">\n<div style=\"box-sizing: inherit; font-family: Roboto, sans-serif;\">\n<div style=\"box-sizing: inherit; font-family: Roboto, sans-serif;\">\n<div style=\"box-sizing: inherit; font-family: Roboto, sans-serif;\">\n<div style=\"box-sizing: inherit; font-family: Roboto, sans-serif;\">\n<div style=\"box-sizing: inherit; font-family: Roboto, sans-serif;\">\n<div class=\"flex flex-grow flex-col max-w-full\">\n<div class=\"min-h-[20px] text-message flex flex-col items-start whitespace-pre-wrap break-words [.text-message+&amp;]:mt-5 juice:w-full juice:items-end overflow-x-auto gap-2\" dir=\"auto\" data-message-author-role=\"assistant\" data-message-id=\"2034782e-88f9-44ef-b4dc-07dd7bf0115f\">\n<div class=\"flex w-full flex-col gap-1 juice:empty:hidden juice:first:pt-[3px]\">\n<div class=\"markdown prose w-full break-words dark:prose-invert light\">\n<div style=\"box-sizing: inherit; font-family: Roboto, sans-serif;\">\n<div style=\"box-sizing: inherit; font-family: Roboto, sans-serif;\">\n<div style=\"box-sizing: inherit; font-family: Roboto, sans-serif;\">\n<div style=\"box-sizing: inherit; font-family: Roboto, sans-serif;\">\n<div style=\"box-sizing: inherit; font-family: Roboto, sans-serif;\">\n<div style=\"box-sizing: inherit; font-family: Roboto, sans-serif;\">\n<h2 class=\"p1\">Rolo de papel de embrulho<\/h2>\n<div style=\"box-sizing: inherit; font-family: Roboto, sans-serif;\">\n<div style=\"box-sizing: inherit; font-family: Roboto, sans-serif;\">\n<div style=\"box-sizing: inherit; font-family: Roboto, sans-serif;\">\n<div style=\"text-align: center;\">\n<div style=\"box-sizing: inherit; font-family: Roboto, sans-serif;\">\n<div style=\"box-sizing: inherit; font-family: Roboto, sans-serif;\">\n<div style=\"box-sizing: inherit; font-family: Roboto, sans-serif;\">\n<div style=\"box-sizing: inherit; font-family: Roboto, sans-serif;\">\n<div style=\"box-sizing: inherit; font-family: Roboto, sans-serif;\">\n<div style=\"box-sizing: inherit; font-family: Roboto, sans-serif; text-align: left;\">\n<hr>\n<h3 style=\"text-align: left;\">Descri\u00e7\u00e3o do nosso rolo de papel de embrulho &#8220;chic&#8221; 0,70 x 2 m, embalagem de 4<\/h3>\n<h3 style=\"text-align: left;\"><!--more--><\/h3>\n<\/div>\n<\/div>\n<\/div>\n<\/div>\n<\/div>\n<\/div>\n<\/div>\n<\/div>\n<\/div>\n<\/div>\n<\/div>\n<\/div>\n<\/div>\n<\/div>\n<\/div>\n<\/div>\n<\/div>\n<\/div>\n<\/div>\n<\/div>\n<\/div>\n<\/div>\n<\/div>\n<\/div>\n<\/div>\n<\/div>\n<\/div>\n<\/div>\n<\/div>\n<\/div>\n<\/div>\n<\/div>\n<\/div>\n<div style=\"box-sizing: inherit; font-family: Roboto, sans-serif;\">\n<div style=\"box-sizing: inherit; font-family: Roboto, sans-serif;\">\n<div style=\"box-sizing: inherit; font-family: Roboto, sans-serif;\">\n<div style=\"box-sizing: inherit; font-family: Roboto, sans-serif;\">\n<div style=\"box-sizing: inherit; font-family: Roboto, sans-serif;\">\n<div style=\"box-sizing: inherit; font-family: Roboto, sans-serif;\">\n<div style=\"box-sizing: inherit; font-family: Roboto, sans-serif;\">\n<div style=\"box-sizing: inherit; font-family: Roboto, sans-serif;\">\n<div style=\"box-sizing: inherit; font-family: Roboto, sans-serif;\">\n<div style=\"box-sizing: inherit; font-family: Roboto, sans-serif;\">\n<div style=\"box-sizing: inherit; font-family: Roboto, sans-serif;\">\n<div style=\"box-sizing: inherit; font-family: Roboto, sans-serif;\">\n<div style=\"box-sizing: inherit; font-family: Roboto, sans-serif;\">\n<div class=\"flex flex-grow flex-col max-w-full\">\n<div class=\"min-h-[20px] text-message flex flex-col items-start whitespace-pre-wrap break-words [.text-message+&amp;]:mt-5 juice:w-full juice:items-end overflow-x-auto gap-2\" dir=\"auto\" data-message-author-role=\"assistant\" data-message-id=\"2034782e-88f9-44ef-b4dc-07dd7bf0115f\">\n<div class=\"flex w-full flex-col gap-1 juice:empty:hidden juice:first:pt-[3px]\">\n<div class=\"markdown prose w-full break-words dark:prose-invert light\">\n<div style=\"box-sizing: inherit; font-family: Roboto, sans-serif;\">\n<div style=\"box-sizing: inherit; font-family: Roboto, sans-serif;\">\n<div style=\"box-sizing: inherit; font-family: Roboto, sans-serif;\">\n<div style=\"box-sizing: inherit; font-family: Roboto, sans-serif;\">\n<div style=\"box-sizing: inherit; font-family: Roboto, sans-serif;\">\n<div style=\"box-sizing: inherit; font-family: Roboto, sans-serif;\">\n<p data-start=\"0\" data-end=\"519\">D\u00ea um toque de<strong data-start=\"52\" data-end=\"64\">eleg\u00e2ncia<\/strong> e <strong data-start=\"71\" data-end=\"86\">requinte<\/strong> ao seu embrulho com estes <strong data-start=\"120\" data-end=\"159\">rolos de papel de embrulho branco e vermelho<\/strong>. Perfeitos para qualquer ocasi\u00e3o, quer seja um <strong data-start=\"217\" data-end=\"233\">anivers\u00e1rio<\/strong>, uma <strong data-start=\"239\" data-end=\"262\">festa de fim de ano<\/strong> ou um <strong data-start=\"269\" data-end=\"296\">evento de neg\u00f3cios, <\/strong>estes <strong>pap\u00e9is de embrulho<\/strong> v\u00e3o seduzi-lo com o seu estilo chique e intemporal. Gra\u00e7as \u00e0s suas combina\u00e7\u00f5es <strong data-start=\"376\" data-end=\"400\" data-is-only-node=\"\">de cores contrastantes<\/strong>, o <strong>branco neutro<\/strong> contrasta com o <strong data-start=\"440\" data-end=\"456\">vermelho profundo<\/strong>, criando um visual de alta qualidade que ir\u00e1 certamente chamar a aten\u00e7\u00e3o de todos.  <\/p>\n<p data-start=\"521\" data-end=\"922\">Com as suas <strong data-start=\"530\" data-end=\"555\">dimens\u00f5es generosas<\/strong> de <strong data-start=\"559\" data-end=\"575\">0,70 m x 2 m<\/strong>, cada rolo oferece uma superf\u00edcie ideal para embrulhar tanto pequenos objectos preciosos como presentes maiores. Vendidos em <strong data-start=\"712\" data-end=\"724\">embalagens de 4 unidades<\/strong>, constituem um stock pr\u00e1tico, quer seja um <strong data-start=\"792\" data-end=\"829\">apaixonado por embrulhos<\/strong> ou um <strong data-start=\"836\" data-end=\"853\">profissional<\/strong> \u00e0 procura de um produto fi\u00e1vel para os seus preparativos festivos. <\/p>\n<p data-start=\"924\" data-end=\"1239\"><strong data-start=\"937\" data-end=\"958\">O<\/strong> seu <strong data-start=\"937\" data-end=\"958\">papel<\/strong> tamb\u00e9m se dobra facilmente e resiste a rasg\u00f5es, garantindo uma embalagem limpa e arrumada num instante. Para um resultado ainda mais espetacular, combine-os com uma fita de cetim dourada ou com etiquetas personalizadas. <\/p>\n<p data-start=\"1241\" data-end=\"1603\">Ao optar por estes <strong data-start=\"1259\" data-end=\"1295\">rolos de papel de embrulho de Natal branco\/vermelho<\/strong>, alia <strong data-start=\"1311\" data-end=\"1324\">praticidade<\/strong>, <strong data-start=\"1326\" data-end=\"1340\">est\u00e9tica<\/strong> e <strong data-start=\"1344\" data-end=\"1358\">efic\u00e1cia<\/strong>. Ideais para <strong data-start=\"1428\" data-end=\"1441\">boutiques<\/strong>, <strong data-start=\"1447\" data-end=\"1470\">lojas<\/strong> ou <strong data-start=\"1478\" data-end=\"1499\">ateliers criativos<\/strong>, adaptam-se a qualquer ambiente festivo e garantem sempre um acabamento profissional. <\/p>\n<p><!--more--><\/p>\n<h4 style=\"text-align: left;\">Vantagens :<\/h4>\n<ul style=\"text-align: left;\">\n<li><strong data-start=\"1829\" data-end=\"1847\">Design elegante<\/strong>: contraste requintado entre o <strong>branco luminoso<\/strong> e o <strong data-start=\"1898\" data-end=\"1914\">vermelho intenso.<\/strong><\/li>\n<li><strong data-start=\"1920\" data-end=\"1938\">Grande superf\u00edcie<\/strong>: rolo de <strong data-start=\"1952\" data-end=\"1966\">0,70 x 2 m<\/strong>, pr\u00e1tico para diferentes formatos.<\/li>\n<li><strong data-start=\"2006\" data-end=\"2028\">Qualidade resistente<\/strong>: papel espesso, f\u00e1cil de dobrar e resistente ao rasgamento.<\/li>\n<li><strong data-start=\"2083\" data-end=\"2101\">Embalagem econ\u00f3mica<\/strong>: vendida em embalagens de <strong data-start=\"2114\" data-end=\"2128\">4 rolos<\/strong>, ideal para uso dom\u00e9stico e profissional.<\/li>\n<\/ul>\n<\/div>\n<\/div>\n<\/div>\n<\/div>\n<\/div>\n<\/div>\n<\/div>\n<\/div>\n<\/div>\n<\/div>\n<\/div>\n<\/div>\n<p>&nbsp;<\/p>\n<\/div>\n<\/div>\n<\/div>\n<\/div>\n<\/div>\n<\/div>\n<\/div>\n<\/div>\n<\/div>\n<\/div>\n<\/div>\n<p><!--more--><\/p>\n<h4>Outras informa\u00e7\u00f5es :<\/h4>\n<ul style=\"box-sizing: inherit; font-family: Roboto, sans-serif;\">\n<li><strong>Embalagem<\/strong>: Pacote de 4<\/li>\n<li><span style=\"font-weight: bold;\">Dimens\u00f5es <\/span>: 0,70 x 2 m<\/li>\n<li><strong>Cor<\/strong>: Branco \/ Vermelho<\/li>\n<\/ul>\n<p>&nbsp;<\/p>\n<\/div>\n<\/div>\n<p><!--more--><\/p>\n<div style=\"font-family: Roboto, sans-serif;\">\n<div style=\"font-family: Roboto, sans-serif;\">\n<div style=\"box-sizing: inherit; font-family: Roboto, sans-serif;\">\n<div style=\"box-sizing: inherit; font-family: Roboto, sans-serif;\">\n<div style=\"box-sizing: inherit; font-family: Roboto, sans-serif;\">\n<div style=\"box-sizing: inherit; font-family: Roboto, sans-serif;\">\n<div style=\"box-sizing: inherit; font-family: Roboto, sans-serif;\">\n<div style=\"box-sizing: inherit; font-family: Roboto, sans-serif;\">\n<p>Estes rolos de papel de embrulho tamb\u00e9m est\u00e3o dispon\u00edveis noutra cor: <span style=\"color: #d12727;\"><a style=\"color: #d12727;\" href=\"https:\/\/www.csj-emballages.com\/pt-pt\/produit\/4-rolos-de-papel-de-embrulho-070-x-2-m\/\">NB2M<\/a><\/span><\/p>\n<p><!--more--><\/p>\n<p><a href=\"\/?product_cat=papier-cadeaux-2\">Ver o resto da nossa gama de papel de embrulho<\/a><\/p>\n<\/div>\n<\/div>\n<\/div>\n<\/div>\n<\/div>\n<\/div>\n<\/div>\n<\/div>\n","protected":false},"excerpt":{"rendered":"<p>Rolo de papel de embrulho Descri\u00e7\u00e3o do nosso rolo de papel de embrulho &#8220;chic&#8221; 0,70 x 2 m, embalagem de 4<\/p>\n","protected":false},"featured_media":243931,"template":"","meta":{"_acf_changed":false},"product_brand":[],"product_cat":[1141,1482,3922,2898],"product_tag":[],"class_list":{"0":"post-29415","1":"product","2":"type-product","3":"status-publish","4":"has-post-thumbnail","6":"product_cat-embalagem-de-alimentos","7":"product_cat-loja-e-armazem","8":"product_cat-acessorios-e-equipamentos-pt-pt","9":"product_cat-papel-de-embrulho","11":"first","12":"outofstock","13":"taxable","14":"shipping-taxable","15":"purchasable","16":"product-type-simple"},"acf":[],"yoast_head":"<!-- This site is optimized with the Yoast SEO Premium plugin v26.6 (Yoast SEO v26.6) - https:\/\/yoast.com\/wordpress\/plugins\/seo\/ -->\n<title>Rolo de papel de oferta &quot;Chic&quot; 0,70 x 2 m por 4<\/title>\n<meta name=\"description\" content=\"Torne os seus presentes \u00fanicos com estes rolos de papel de embrulho branco\/vermelho 0,70 x 2 m (embalagem de 4): chique, resistente e perfeito para qualquer ocasi\u00e3o.\" \/>\n<meta name=\"robots\" content=\"index, follow, max-snippet:-1, max-image-preview:large, max-video-preview:-1\" \/>\n<link rel=\"canonical\" href=\"https:\/\/www.csj-emballages.com\/pt-pt\/produit\/rolo-de-papel-de-embrulho-chic-070-x-2-m\/\" \/>\n<meta property=\"og:locale\" content=\"pt_PT\" \/>\n<meta property=\"og:type\" content=\"article\" \/>\n<meta property=\"og:title\" content=\"Papel de embrulho &quot;Chic&quot; 0,70 x 2 m, embalagem de 4\" \/>\n<meta property=\"og:description\" content=\"Torne os seus presentes \u00fanicos com estes rolos de papel de embrulho branco\/vermelho 0,70 x 2 m (embalagem de 4): chique, resistente e perfeito para qualquer ocasi\u00e3o.\" \/>\n<meta property=\"og:url\" content=\"https:\/\/www.csj-emballages.com\/pt-pt\/produit\/rolo-de-papel-de-embrulho-chic-070-x-2-m\/\" \/>\n<meta property=\"og:site_name\" content=\"CSJ Emballages\" \/>\n<meta property=\"article:publisher\" content=\"https:\/\/www.facebook.com\/csjemballages\" \/>\n<meta property=\"article:modified_time\" content=\"2026-03-12T15:20:12+00:00\" \/>\n<meta property=\"og:image\" content=\"https:\/\/www.csj-emballages.com\/wp-content\/uploads\/2024\/03\/CHIC2M.webp\" \/>\n\t<meta property=\"og:image:width\" content=\"800\" \/>\n\t<meta property=\"og:image:height\" content=\"800\" \/>\n\t<meta property=\"og:image:type\" content=\"image\/webp\" \/>\n<meta name=\"twitter:card\" content=\"summary_large_image\" \/>\n<meta name=\"twitter:label1\" content=\"Tempo estimado de leitura\" \/>\n\t<meta name=\"twitter:data1\" content=\"2 minutos\" \/>\n<script type=\"application\/ld+json\" class=\"yoast-schema-graph\">{\"@context\":\"https:\/\/schema.org\",\"@graph\":[{\"@type\":\"WebPage\",\"@id\":\"https:\/\/www.csj-emballages.com\/pt-pt\/produit\/rolo-de-papel-de-embrulho-chic-070-x-2-m\/\",\"url\":\"https:\/\/www.csj-emballages.com\/pt-pt\/produit\/rolo-de-papel-de-embrulho-chic-070-x-2-m\/\",\"name\":\"Rolo de papel de oferta \\\"Chic\\\" 0,70 x 2 m por 4\",\"isPartOf\":{\"@id\":\"https:\/\/www.csj-emballages.com\/pt-pt\/#website\"},\"primaryImageOfPage\":{\"@id\":\"https:\/\/www.csj-emballages.com\/pt-pt\/produit\/rolo-de-papel-de-embrulho-chic-070-x-2-m\/#primaryimage\"},\"image\":{\"@id\":\"https:\/\/www.csj-emballages.com\/pt-pt\/produit\/rolo-de-papel-de-embrulho-chic-070-x-2-m\/#primaryimage\"},\"thumbnailUrl\":\"https:\/\/www.csj-emballages.com\/wp-content\/uploads\/2024\/03\/CHIC2M.webp\",\"datePublished\":\"2024-03-01T15:54:51+00:00\",\"dateModified\":\"2026-03-12T15:20:12+00:00\",\"description\":\"Torne os seus presentes \u00fanicos com estes rolos de papel de embrulho branco\/vermelho 0,70 x 2 m (embalagem de 4): chique, resistente e perfeito para qualquer ocasi\u00e3o.\",\"breadcrumb\":{\"@id\":\"https:\/\/www.csj-emballages.com\/pt-pt\/produit\/rolo-de-papel-de-embrulho-chic-070-x-2-m\/#breadcrumb\"},\"inLanguage\":\"pt-PT\",\"potentialAction\":[{\"@type\":\"ReadAction\",\"target\":[\"https:\/\/www.csj-emballages.com\/pt-pt\/produit\/rolo-de-papel-de-embrulho-chic-070-x-2-m\/\"]}]},{\"@type\":\"ImageObject\",\"inLanguage\":\"pt-PT\",\"@id\":\"https:\/\/www.csj-emballages.com\/pt-pt\/produit\/rolo-de-papel-de-embrulho-chic-070-x-2-m\/#primaryimage\",\"url\":\"https:\/\/www.csj-emballages.com\/wp-content\/uploads\/2024\/03\/CHIC2M.webp\",\"contentUrl\":\"https:\/\/www.csj-emballages.com\/wp-content\/uploads\/2024\/03\/CHIC2M.webp\",\"width\":800,\"height\":800,\"caption\":\"Rouleau papier cadeaux\"},{\"@type\":\"BreadcrumbList\",\"@id\":\"https:\/\/www.csj-emballages.com\/pt-pt\/produit\/rolo-de-papel-de-embrulho-chic-070-x-2-m\/#breadcrumb\",\"itemListElement\":[{\"@type\":\"ListItem\",\"position\":1,\"name\":\"Acolhimento\",\"item\":\"https:\/\/www.csj-emballages.com\/pt-pt\/universo-das-embalagens-alimentares\/\"},{\"@type\":\"ListItem\",\"position\":2,\"name\":\"Shop\",\"item\":\"https:\/\/www.csj-emballages.com\/shop\/\"},{\"@type\":\"ListItem\",\"position\":3,\"name\":\"Papel de embrulho \u00ab\u00a0Chic\u00a0\u00bb 0,70 x 2 m, embalagem de 4\"}]},{\"@type\":\"WebSite\",\"@id\":\"https:\/\/www.csj-emballages.com\/pt-pt\/#website\",\"url\":\"https:\/\/www.csj-emballages.com\/pt-pt\/\",\"name\":\"CSJ Emballages\",\"description\":\"\",\"publisher\":{\"@id\":\"https:\/\/www.csj-emballages.com\/pt-pt\/#organization\"},\"potentialAction\":[{\"@type\":\"SearchAction\",\"target\":{\"@type\":\"EntryPoint\",\"urlTemplate\":\"https:\/\/www.csj-emballages.com\/pt-pt\/?s={search_term_string}\"},\"query-input\":{\"@type\":\"PropertyValueSpecification\",\"valueRequired\":true,\"valueName\":\"search_term_string\"}}],\"inLanguage\":\"pt-PT\"},{\"@type\":\"Organization\",\"@id\":\"https:\/\/www.csj-emballages.com\/pt-pt\/#Organization\/\",\"name\":\"CSJ Emballages\",\"url\":\"https:\/\/www.csj-emballages.com\/pt-pt\/\",\"logo\":{\"@type\":\"ImageObject\",\"inLanguage\":\"pt-PT\",\"@id\":\"https:\/\/www.csj-emballages.com\/pt-pt\/#\/schema\/logo\/image\/\",\"url\":\"https:\/\/www.csj-emballages.com\/wp-content\/uploads\/2023\/10\/logo_csj.webp\",\"contentUrl\":\"https:\/\/www.csj-emballages.com\/wp-content\/uploads\/2023\/10\/logo_csj.webp\",\"width\":250,\"height\":95,\"caption\":\"CSJ Emballages\"},\"image\":{\"@id\":\"https:\/\/www.csj-emballages.com\/pt-pt\/#\/schema\/logo\/image\/\"},\"sameAs\":[\"https:\/\/www.facebook.com\/csjemballages\"],\"address\":{\"@type\":\"PostalAddress\",\"streetAddress\":\"ZI La Lechere\",\"addressLocality\":\"Patornay\",\"postalCode\":\"39130\",\"addressCountry\":\"FR\"},\"contactPoint\":[{\"@type\":\"ContactPoint\",\"contactType\":\"Service client\",\"telephone\":\"0384254272\",\"email\":\"contact@csj-emballages.com\"}]}]}<\/script>\n<!-- \/ Yoast SEO Premium plugin. -->","yoast_head_json":{"title":"Rolo de papel de oferta \"Chic\" 0,70 x 2 m por 4","description":"Torne os seus presentes \u00fanicos com estes rolos de papel de embrulho branco\/vermelho 0,70 x 2 m (embalagem de 4): chique, resistente e perfeito para qualquer ocasi\u00e3o.","robots":{"index":"index","follow":"follow","max-snippet":"max-snippet:-1","max-image-preview":"max-image-preview:large","max-video-preview":"max-video-preview:-1"},"canonical":"https:\/\/www.csj-emballages.com\/pt-pt\/produit\/rolo-de-papel-de-embrulho-chic-070-x-2-m\/","og_locale":"pt_PT","og_type":"article","og_title":"Papel de embrulho \"Chic\" 0,70 x 2 m, embalagem de 4","og_description":"Torne os seus presentes \u00fanicos com estes rolos de papel de embrulho branco\/vermelho 0,70 x 2 m (embalagem de 4): chique, resistente e perfeito para qualquer ocasi\u00e3o.","og_url":"https:\/\/www.csj-emballages.com\/pt-pt\/produit\/rolo-de-papel-de-embrulho-chic-070-x-2-m\/","og_site_name":"CSJ Emballages","article_publisher":"https:\/\/www.facebook.com\/csjemballages","article_modified_time":"2026-03-12T15:20:12+00:00","og_image":[{"width":800,"height":800,"url":"https:\/\/www.csj-emballages.com\/wp-content\/uploads\/2024\/03\/CHIC2M.webp","type":"image\/webp"}],"twitter_card":"summary_large_image","twitter_misc":{"Tempo estimado de leitura":"2 minutos"},"schema":{"@context":"https:\/\/schema.org","@graph":[{"@type":"WebPage","@id":"https:\/\/www.csj-emballages.com\/pt-pt\/produit\/rolo-de-papel-de-embrulho-chic-070-x-2-m\/","url":"https:\/\/www.csj-emballages.com\/pt-pt\/produit\/rolo-de-papel-de-embrulho-chic-070-x-2-m\/","name":"Rolo de papel de oferta \"Chic\" 0,70 x 2 m por 4","isPartOf":{"@id":"https:\/\/www.csj-emballages.com\/pt-pt\/#website"},"primaryImageOfPage":{"@id":"https:\/\/www.csj-emballages.com\/pt-pt\/produit\/rolo-de-papel-de-embrulho-chic-070-x-2-m\/#primaryimage"},"image":{"@id":"https:\/\/www.csj-emballages.com\/pt-pt\/produit\/rolo-de-papel-de-embrulho-chic-070-x-2-m\/#primaryimage"},"thumbnailUrl":"https:\/\/www.csj-emballages.com\/wp-content\/uploads\/2024\/03\/CHIC2M.webp","datePublished":"2024-03-01T15:54:51+00:00","dateModified":"2026-03-12T15:20:12+00:00","description":"Torne os seus presentes \u00fanicos com estes rolos de papel de embrulho branco\/vermelho 0,70 x 2 m (embalagem de 4): chique, resistente e perfeito para qualquer ocasi\u00e3o.","breadcrumb":{"@id":"https:\/\/www.csj-emballages.com\/pt-pt\/produit\/rolo-de-papel-de-embrulho-chic-070-x-2-m\/#breadcrumb"},"inLanguage":"pt-PT","potentialAction":[{"@type":"ReadAction","target":["https:\/\/www.csj-emballages.com\/pt-pt\/produit\/rolo-de-papel-de-embrulho-chic-070-x-2-m\/"]}]},{"@type":"ImageObject","inLanguage":"pt-PT","@id":"https:\/\/www.csj-emballages.com\/pt-pt\/produit\/rolo-de-papel-de-embrulho-chic-070-x-2-m\/#primaryimage","url":"https:\/\/www.csj-emballages.com\/wp-content\/uploads\/2024\/03\/CHIC2M.webp","contentUrl":"https:\/\/www.csj-emballages.com\/wp-content\/uploads\/2024\/03\/CHIC2M.webp","width":800,"height":800,"caption":"Rouleau papier cadeaux"},{"@type":"BreadcrumbList","@id":"https:\/\/www.csj-emballages.com\/pt-pt\/produit\/rolo-de-papel-de-embrulho-chic-070-x-2-m\/#breadcrumb","itemListElement":[{"@type":"ListItem","position":1,"name":"Acolhimento","item":"https:\/\/www.csj-emballages.com\/pt-pt\/universo-das-embalagens-alimentares\/"},{"@type":"ListItem","position":2,"name":"Shop","item":"https:\/\/www.csj-emballages.com\/shop\/"},{"@type":"ListItem","position":3,"name":"Papel de embrulho \u00ab\u00a0Chic\u00a0\u00bb 0,70 x 2 m, embalagem de 4"}]},{"@type":"WebSite","@id":"https:\/\/www.csj-emballages.com\/pt-pt\/#website","url":"https:\/\/www.csj-emballages.com\/pt-pt\/","name":"CSJ Emballages","description":"","publisher":{"@id":"https:\/\/www.csj-emballages.com\/pt-pt\/#organization"},"potentialAction":[{"@type":"SearchAction","target":{"@type":"EntryPoint","urlTemplate":"https:\/\/www.csj-emballages.com\/pt-pt\/?s={search_term_string}"},"query-input":{"@type":"PropertyValueSpecification","valueRequired":true,"valueName":"search_term_string"}}],"inLanguage":"pt-PT"},{"@type":"Organization","@id":"https:\/\/www.csj-emballages.com\/pt-pt\/#Organization\/","name":"CSJ Emballages","url":"https:\/\/www.csj-emballages.com\/pt-pt\/","logo":{"@type":"ImageObject","inLanguage":"pt-PT","@id":"https:\/\/www.csj-emballages.com\/pt-pt\/#\/schema\/logo\/image\/","url":"https:\/\/www.csj-emballages.com\/wp-content\/uploads\/2023\/10\/logo_csj.webp","contentUrl":"https:\/\/www.csj-emballages.com\/wp-content\/uploads\/2023\/10\/logo_csj.webp","width":250,"height":95,"caption":"CSJ Emballages"},"image":{"@id":"https:\/\/www.csj-emballages.com\/pt-pt\/#\/schema\/logo\/image\/"},"sameAs":["https:\/\/www.facebook.com\/csjemballages"],"address":{"@type":"PostalAddress","streetAddress":"ZI La Lechere","addressLocality":"Patornay","postalCode":"39130","addressCountry":"FR"},"contactPoint":[{"@type":"ContactPoint","contactType":"Service client","telephone":"0384254272","email":"contact@csj-emballages.com"}]}]}},"df_price":4.7,"df_sale_price":"","df_regular_price":4.7,"df_image_link":"https:\/\/www.csj-emballages.com\/wp-content\/uploads\/2024\/03\/CHIC2M-300x300.webp","tiered_pricing_type":"fixed","tiered_pricing_fixed_rules":[],"tiered_pricing_percentage_rules":[],"tiered_pricing_minimum":1,"tiered_pricing_roles_data":[],"_links":{"self":[{"href":"https:\/\/www.csj-emballages.com\/pt-pt\/wp-json\/wp\/v2\/product\/29415","targetHints":{"allow":["GET"]}}],"collection":[{"href":"https:\/\/www.csj-emballages.com\/pt-pt\/wp-json\/wp\/v2\/product"}],"about":[{"href":"https:\/\/www.csj-emballages.com\/pt-pt\/wp-json\/wp\/v2\/types\/product"}],"wp:featuredmedia":[{"embeddable":true,"href":"https:\/\/www.csj-emballages.com\/pt-pt\/wp-json\/wp\/v2\/media\/243931"}],"wp:attachment":[{"href":"https:\/\/www.csj-emballages.com\/pt-pt\/wp-json\/wp\/v2\/media?parent=29415"}],"wp:term":[{"taxonomy":"product_brand","embeddable":true,"href":"https:\/\/www.csj-emballages.com\/pt-pt\/wp-json\/wp\/v2\/product_brand?post=29415"},{"taxonomy":"product_cat","embeddable":true,"href":"https:\/\/www.csj-emballages.com\/pt-pt\/wp-json\/wp\/v2\/product_cat?post=29415"},{"taxonomy":"product_tag","embeddable":true,"href":"https:\/\/www.csj-emballages.com\/pt-pt\/wp-json\/wp\/v2\/product_tag?post=29415"}],"curies":[{"name":"wp","href":"https:\/\/api.w.org\/{rel}","templated":true}]}}