{"id":29305,"date":"2024-06-20T15:34:36","date_gmt":"2024-06-20T13:34:36","guid":{"rendered":"https:\/\/www.csj-emballages.com\/produit\/25-potes-de-pipocas-1380-ml-2\/"},"modified":"2026-03-21T02:14:01","modified_gmt":"2026-03-21T01:14:01","slug":"25-potes-de-pipocas-1380-ml-2","status":"publish","type":"product","link":"https:\/\/www.csj-emballages.com\/pt-pt\/produit\/25-potes-de-pipocas-1380-ml-2\/","title":{"rendered":"Pote de pipocas 1380 ml por 25"},"content":{"rendered":"<div class=\"flex flex-grow flex-col max-w-full\">\n<div class=\"min-h-[20px] text-message flex flex-col items-start whitespace-pre-wrap break-words [.text-message+&amp;]:mt-5 juice:w-full juice:items-end overflow-x-auto gap-2\" dir=\"auto\" data-message-author-role=\"assistant\" data-message-id=\"4b7216c5-b9d0-46bf-8edf-2f0c4d2c9597\">\n<div class=\"flex w-full flex-col gap-1 juice:empty:hidden juice:first:pt-[3px]\">\n<div class=\"markdown prose w-full break-words dark:prose-invert light\">\n<h2>Pote de pipocas<\/h2>\n<div style=\"box-sizing: inherit; font-family: Roboto, sans-serif;\">\n<div style=\"box-sizing: inherit; font-family: Roboto, sans-serif;\">\n<div style=\"box-sizing: inherit; font-family: Roboto, sans-serif;\">\n<div style=\"box-sizing: inherit; font-family: Roboto, sans-serif;\">\n<div style=\"box-sizing: inherit; font-family: Roboto, sans-serif;\">\n<div style=\"box-sizing: inherit; font-family: Roboto, sans-serif;\">\n<hr>\n<h3>Descri\u00e7\u00e3o do nosso pote de pipocas 1380 ml por 25<\/h3>\n<p><!--more--><\/p>\n<p data-start=\"220\" data-end=\"662\">Quer dar aos seus clientes um verdadeiro ambiente de &#8220;cinema&#8221;? Este <g id=\"gid_0\">pote de pipocas<\/g> <g id=\"gid_1\">de 1380<\/g> ml \u00e9 o ideal. Com o seu design <strong>ultra-din\u00e2mico em amarelo<\/strong> e <strong>motivos de pipocas<\/strong> em estilo retro, entra imediatamente no clima, mesmo antes da primeira garfada. Basta ench\u00ea-lo e a experi\u00eancia come\u00e7a: vai pensar em cinemas escuros, bom humor, filmes com amigos&#8230; em suma, cria instantaneamente um pequeno momento de prazer.   <\/p>\n<p data-start=\"664\" data-end=\"1102\">Gra\u00e7as \u00e0 sua grande capacidade, pode conter uma por\u00e7\u00e3o generosa sem o risco de transbordar. \u00c9 ideal para cinemas, parques de atrac\u00e7\u00f5es, noites tem\u00e1ticas, eventos empresariais ou mesmo para snack-bares que pretendam oferecer um produto divertido e f\u00e1cil de servir. Al\u00e9m disso, a sua rigidez significa que n\u00e3o se deformar\u00e1 em duas m\u00e3os demasiado entusiasmadas. Assim, pode segur\u00e1-la, pass\u00e1-la, sacudi-la&#8230; sem que perca a sua forma.   <\/p>\n<p data-start=\"1104\" data-end=\"1338\">O <strong>pote \u00e9 leve<\/strong>, agrad\u00e1vel de segurar e, acima de tudo, limpo: acabaram-se as lascas de pipocas espalhadas por todo o lado. O servi\u00e7o \u00e9 r\u00e1pido e limpo, e os seus clientes desfrutam de um recipiente que lhes d\u00e1 vontade de continuar a mordiscar. <\/p>\n<p data-start=\"1340\" data-end=\"1620\">Vendido <strong data-start=\"1359\" data-end=\"1376\">em embalagens de 25 unidades<\/strong>, tem exatamente a quantidade certa para testar um novo stand, organizar um evento ou completar o seu stock sem sobrecarregar as suas reservas. \u00c9 o formato inteligente para quem quer oferecer um produto gourmet sem complica\u00e7\u00f5es. <\/p>\n<p data-start=\"1622\" data-end=\"1804\">Em suma, este <strong>pote de pipocas<\/strong> n\u00e3o \u00e9 apenas um recipiente: faz parte do ambiente. \u00c9 apelativo, valoriza a sua oferta e d\u00e1 um toque festivo a cada servi\u00e7o. <\/p>\n<p data-start=\"1622\" data-end=\"1804\">\n<\/div>\n<\/div>\n<p data-start=\"1622\" data-end=\"1804\"><!--more--><\/p>\n<div style=\"box-sizing: inherit; font-family: Roboto, sans-serif;\">\n<div style=\"box-sizing: inherit; font-family: Roboto, sans-serif;\">\n<h4>Vantagens :<\/h4>\n<ul>\n<li data-start=\"1832\" data-end=\"1881\"><strong>Estilo retro<\/strong> e cores vivas e apelativas.<\/li>\n<li data-start=\"1884\" data-end=\"1913\">Grande capacidade de <strong>1380 ml<\/strong>.<\/li>\n<li data-start=\"1916\" data-end=\"1952\">Uma panela robusta e confort\u00e1vel de segurar.<\/li>\n<li data-start=\"1955\" data-end=\"2000\">Ideal para eventos, cinemas e snack-bares.<\/li>\n<li data-start=\"2003\" data-end=\"2029\">Embalagem pr\u00e1tica de<strong> 25 unidades<\/strong>.<\/li>\n<\/ul>\n<p>&nbsp;<\/p>\n<p><!--more--><\/p>\n<\/div>\n<h4>Outras informa\u00e7\u00f5es :<\/h4>\n<ul>\n<li><strong>Embalagem<\/strong>: Pacote de 25<\/li>\n<li><strong>Dimens\u00f5es<\/strong>: \u00d812,4 <span class=\"measures-light\">x 17cm <\/span><\/li>\n<li><strong>Volume<\/strong>: 1380 ml<\/li>\n<li><strong>Gramagem<\/strong>: 230 + 20 g\/m\u00b2 PE<\/li>\n<li><strong>Material<\/strong>: Cart\u00e3o<\/li>\n<li><strong>Temperatura de funcionamento<\/strong>: -15\u00baC \/ +85\u00baC<\/li>\n<\/ul>\n<p>&nbsp;<\/p>\n<p><!--more--><\/p>\n<\/div>\n<\/div>\n<p>Encontre aqui os nossos baldes, pipocas e panelas de frango: <span style=\"color: #d12727;\"><a style=\"color: #d12727;\" href=\"https:\/\/www.csj-emballages.com\/es\/produit\/50-cubos-de-carton-desechables-cubos-alas-de-pollo-250-litros\/\">BUCK85<\/a><\/span> \/ <span style=\"color: #d12727;\"><a style=\"color: #d12727;\" href=\"https:\/\/www.csj-emballages.com\/es\/produit\/50-cubos-de-carton-desechables-seaux-alas-de-pollo-450-litros\/\">BUCK150<\/a><\/span><\/p>\n<div style=\"box-sizing: inherit; font-family: Roboto, sans-serif;\">\n<div style=\"box-sizing: inherit; font-family: Roboto, sans-serif;\">\n<p>&nbsp;<\/p>\n<div style=\"box-sizing: inherit; font-family: Roboto, sans-serif;\">\n<p><!--more--><\/p>\n<p><a href=\"https:\/\/www.csj-emballages.com\/pt-pt\/categorie-produit\/embalagem-de-alimentos\/restauracao\/caixas-tabuleiros-bolsas-cones\/cones-e-tachos-de-massa-envoltorio-milho\/\">V\u00ea o resto da nossa gama de cones e potes para massas\/envolt\u00f3rios\/ milho<\/a><\/p>\n<\/div>\n<\/div>\n<\/div>\n<\/div>\n<\/div>\n<\/div>\n<\/div>\n<\/div>\n<\/div>\n<\/div>\n","protected":false},"excerpt":{"rendered":"<p>Pote de pipocas Descri\u00e7\u00e3o do nosso pote de pipocas 1380 ml por 25<\/p>\n","protected":false},"featured_media":256643,"template":"","meta":{"_acf_changed":false},"product_brand":[],"product_cat":[1141,1138,3926,2409,2410],"product_tag":[],"class_list":{"0":"post-29305","1":"product","2":"type-product","3":"status-publish","4":"has-post-thumbnail","6":"product_cat-embalagem-de-alimentos","7":"product_cat-restauracao","8":"product_cat-caixas-tabuleiros-bolsas-cones","9":"product_cat-cones-e-tachos-de-massa-envoltorio-milho","10":"product_cat-potes-de-pipocas","12":"first","13":"instock","14":"taxable","15":"shipping-taxable","16":"purchasable","17":"product-type-simple"},"acf":[],"yoast_head":"<!-- This site is optimized with the Yoast SEO Premium plugin v26.6 (Yoast SEO v26.6) - https:\/\/yoast.com\/wordpress\/plugins\/seo\/ -->\n<title>Pote de milho Pop - 1380 ml<\/title>\n<meta name=\"description\" content=\"Pote de pipocas em 1380 ml! Dimens\u00f5es: 120 x 90 mm! Escolhe agora os potes de pipocas em embalagens de 25!\" \/>\n<meta name=\"robots\" content=\"index, follow, max-snippet:-1, max-image-preview:large, max-video-preview:-1\" \/>\n<link rel=\"canonical\" href=\"https:\/\/www.csj-emballages.com\/pt-pt\/produit\/25-potes-de-pipocas-1380-ml-2\/\" \/>\n<meta property=\"og:locale\" content=\"pt_PT\" \/>\n<meta property=\"og:type\" content=\"article\" \/>\n<meta property=\"og:title\" content=\"Pote de pipocas 1380 ml por 25\" \/>\n<meta property=\"og:description\" content=\"Pote de pipocas em 1380 ml! Dimens\u00f5es: 120 x 90 mm! Escolhe agora os potes de pipocas em embalagens de 25!\" \/>\n<meta property=\"og:url\" content=\"https:\/\/www.csj-emballages.com\/pt-pt\/produit\/25-potes-de-pipocas-1380-ml-2\/\" \/>\n<meta property=\"og:site_name\" content=\"CSJ Emballages\" \/>\n<meta property=\"article:publisher\" content=\"https:\/\/www.facebook.com\/csjemballages\" \/>\n<meta property=\"article:modified_time\" content=\"2026-03-21T01:14:01+00:00\" \/>\n<meta property=\"og:image\" content=\"https:\/\/www.csj-emballages.com\/wp-content\/uploads\/2024\/06\/POPCORN1.webp\" \/>\n\t<meta property=\"og:image:width\" content=\"800\" \/>\n\t<meta property=\"og:image:height\" content=\"800\" \/>\n\t<meta property=\"og:image:type\" content=\"image\/webp\" \/>\n<meta name=\"twitter:card\" content=\"summary_large_image\" \/>\n<meta name=\"twitter:label1\" content=\"Tempo estimado de leitura\" \/>\n\t<meta name=\"twitter:data1\" content=\"2 minutos\" \/>\n<script type=\"application\/ld+json\" class=\"yoast-schema-graph\">{\"@context\":\"https:\/\/schema.org\",\"@graph\":[{\"@type\":\"WebPage\",\"@id\":\"https:\/\/www.csj-emballages.com\/pt-pt\/produit\/25-potes-de-pipocas-1380-ml-2\/\",\"url\":\"https:\/\/www.csj-emballages.com\/pt-pt\/produit\/25-potes-de-pipocas-1380-ml-2\/\",\"name\":\"Pote de milho Pop - 1380 ml\",\"isPartOf\":{\"@id\":\"https:\/\/www.csj-emballages.com\/pt-pt\/#website\"},\"primaryImageOfPage\":{\"@id\":\"https:\/\/www.csj-emballages.com\/pt-pt\/produit\/25-potes-de-pipocas-1380-ml-2\/#primaryimage\"},\"image\":{\"@id\":\"https:\/\/www.csj-emballages.com\/pt-pt\/produit\/25-potes-de-pipocas-1380-ml-2\/#primaryimage\"},\"thumbnailUrl\":\"https:\/\/www.csj-emballages.com\/wp-content\/uploads\/2024\/06\/POPCORN1.webp\",\"datePublished\":\"2024-06-20T13:34:36+00:00\",\"dateModified\":\"2026-03-21T01:14:01+00:00\",\"description\":\"Pote de pipocas em 1380 ml! Dimens\u00f5es: 120 x 90 mm! Escolhe agora os potes de pipocas em embalagens de 25!\",\"breadcrumb\":{\"@id\":\"https:\/\/www.csj-emballages.com\/pt-pt\/produit\/25-potes-de-pipocas-1380-ml-2\/#breadcrumb\"},\"inLanguage\":\"pt-PT\",\"potentialAction\":[{\"@type\":\"ReadAction\",\"target\":[\"https:\/\/www.csj-emballages.com\/pt-pt\/produit\/25-potes-de-pipocas-1380-ml-2\/\"]}]},{\"@type\":\"ImageObject\",\"inLanguage\":\"pt-PT\",\"@id\":\"https:\/\/www.csj-emballages.com\/pt-pt\/produit\/25-potes-de-pipocas-1380-ml-2\/#primaryimage\",\"url\":\"https:\/\/www.csj-emballages.com\/wp-content\/uploads\/2024\/06\/POPCORN1.webp\",\"contentUrl\":\"https:\/\/www.csj-emballages.com\/wp-content\/uploads\/2024\/06\/POPCORN1.webp\",\"width\":800,\"height\":800,\"caption\":\"Pot pop corn\"},{\"@type\":\"BreadcrumbList\",\"@id\":\"https:\/\/www.csj-emballages.com\/pt-pt\/produit\/25-potes-de-pipocas-1380-ml-2\/#breadcrumb\",\"itemListElement\":[{\"@type\":\"ListItem\",\"position\":1,\"name\":\"Acolhimento\",\"item\":\"https:\/\/www.csj-emballages.com\/pt-pt\/universo-das-embalagens-alimentares\/\"},{\"@type\":\"ListItem\",\"position\":2,\"name\":\"Shop\",\"item\":\"https:\/\/www.csj-emballages.com\/shop\/\"},{\"@type\":\"ListItem\",\"position\":3,\"name\":\"Pote de pipocas 1380 ml por 25\"}]},{\"@type\":\"WebSite\",\"@id\":\"https:\/\/www.csj-emballages.com\/pt-pt\/#website\",\"url\":\"https:\/\/www.csj-emballages.com\/pt-pt\/\",\"name\":\"CSJ Emballages\",\"description\":\"\",\"publisher\":{\"@id\":\"https:\/\/www.csj-emballages.com\/pt-pt\/#organization\"},\"potentialAction\":[{\"@type\":\"SearchAction\",\"target\":{\"@type\":\"EntryPoint\",\"urlTemplate\":\"https:\/\/www.csj-emballages.com\/pt-pt\/?s={search_term_string}\"},\"query-input\":{\"@type\":\"PropertyValueSpecification\",\"valueRequired\":true,\"valueName\":\"search_term_string\"}}],\"inLanguage\":\"pt-PT\"},{\"@type\":\"Organization\",\"@id\":\"https:\/\/www.csj-emballages.com\/pt-pt\/#Organization\/\",\"name\":\"CSJ Emballages\",\"url\":\"https:\/\/www.csj-emballages.com\/pt-pt\/\",\"logo\":{\"@type\":\"ImageObject\",\"inLanguage\":\"pt-PT\",\"@id\":\"https:\/\/www.csj-emballages.com\/pt-pt\/#\/schema\/logo\/image\/\",\"url\":\"https:\/\/www.csj-emballages.com\/wp-content\/uploads\/2023\/10\/logo_csj.webp\",\"contentUrl\":\"https:\/\/www.csj-emballages.com\/wp-content\/uploads\/2023\/10\/logo_csj.webp\",\"width\":250,\"height\":95,\"caption\":\"CSJ Emballages\"},\"image\":{\"@id\":\"https:\/\/www.csj-emballages.com\/pt-pt\/#\/schema\/logo\/image\/\"},\"sameAs\":[\"https:\/\/www.facebook.com\/csjemballages\"],\"address\":{\"@type\":\"PostalAddress\",\"streetAddress\":\"ZI La Lechere\",\"addressLocality\":\"Patornay\",\"postalCode\":\"39130\",\"addressCountry\":\"FR\"},\"contactPoint\":[{\"@type\":\"ContactPoint\",\"contactType\":\"Service client\",\"telephone\":\"0384254272\",\"email\":\"contact@csj-emballages.com\"}]}]}<\/script>\n<!-- \/ Yoast SEO Premium plugin. -->","yoast_head_json":{"title":"Pote de milho Pop - 1380 ml","description":"Pote de pipocas em 1380 ml! Dimens\u00f5es: 120 x 90 mm! Escolhe agora os potes de pipocas em embalagens de 25!","robots":{"index":"index","follow":"follow","max-snippet":"max-snippet:-1","max-image-preview":"max-image-preview:large","max-video-preview":"max-video-preview:-1"},"canonical":"https:\/\/www.csj-emballages.com\/pt-pt\/produit\/25-potes-de-pipocas-1380-ml-2\/","og_locale":"pt_PT","og_type":"article","og_title":"Pote de pipocas 1380 ml por 25","og_description":"Pote de pipocas em 1380 ml! Dimens\u00f5es: 120 x 90 mm! Escolhe agora os potes de pipocas em embalagens de 25!","og_url":"https:\/\/www.csj-emballages.com\/pt-pt\/produit\/25-potes-de-pipocas-1380-ml-2\/","og_site_name":"CSJ Emballages","article_publisher":"https:\/\/www.facebook.com\/csjemballages","article_modified_time":"2026-03-21T01:14:01+00:00","og_image":[{"width":800,"height":800,"url":"https:\/\/www.csj-emballages.com\/wp-content\/uploads\/2024\/06\/POPCORN1.webp","type":"image\/webp"}],"twitter_card":"summary_large_image","twitter_misc":{"Tempo estimado de leitura":"2 minutos"},"schema":{"@context":"https:\/\/schema.org","@graph":[{"@type":"WebPage","@id":"https:\/\/www.csj-emballages.com\/pt-pt\/produit\/25-potes-de-pipocas-1380-ml-2\/","url":"https:\/\/www.csj-emballages.com\/pt-pt\/produit\/25-potes-de-pipocas-1380-ml-2\/","name":"Pote de milho Pop - 1380 ml","isPartOf":{"@id":"https:\/\/www.csj-emballages.com\/pt-pt\/#website"},"primaryImageOfPage":{"@id":"https:\/\/www.csj-emballages.com\/pt-pt\/produit\/25-potes-de-pipocas-1380-ml-2\/#primaryimage"},"image":{"@id":"https:\/\/www.csj-emballages.com\/pt-pt\/produit\/25-potes-de-pipocas-1380-ml-2\/#primaryimage"},"thumbnailUrl":"https:\/\/www.csj-emballages.com\/wp-content\/uploads\/2024\/06\/POPCORN1.webp","datePublished":"2024-06-20T13:34:36+00:00","dateModified":"2026-03-21T01:14:01+00:00","description":"Pote de pipocas em 1380 ml! Dimens\u00f5es: 120 x 90 mm! Escolhe agora os potes de pipocas em embalagens de 25!","breadcrumb":{"@id":"https:\/\/www.csj-emballages.com\/pt-pt\/produit\/25-potes-de-pipocas-1380-ml-2\/#breadcrumb"},"inLanguage":"pt-PT","potentialAction":[{"@type":"ReadAction","target":["https:\/\/www.csj-emballages.com\/pt-pt\/produit\/25-potes-de-pipocas-1380-ml-2\/"]}]},{"@type":"ImageObject","inLanguage":"pt-PT","@id":"https:\/\/www.csj-emballages.com\/pt-pt\/produit\/25-potes-de-pipocas-1380-ml-2\/#primaryimage","url":"https:\/\/www.csj-emballages.com\/wp-content\/uploads\/2024\/06\/POPCORN1.webp","contentUrl":"https:\/\/www.csj-emballages.com\/wp-content\/uploads\/2024\/06\/POPCORN1.webp","width":800,"height":800,"caption":"Pot pop corn"},{"@type":"BreadcrumbList","@id":"https:\/\/www.csj-emballages.com\/pt-pt\/produit\/25-potes-de-pipocas-1380-ml-2\/#breadcrumb","itemListElement":[{"@type":"ListItem","position":1,"name":"Acolhimento","item":"https:\/\/www.csj-emballages.com\/pt-pt\/universo-das-embalagens-alimentares\/"},{"@type":"ListItem","position":2,"name":"Shop","item":"https:\/\/www.csj-emballages.com\/shop\/"},{"@type":"ListItem","position":3,"name":"Pote de pipocas 1380 ml por 25"}]},{"@type":"WebSite","@id":"https:\/\/www.csj-emballages.com\/pt-pt\/#website","url":"https:\/\/www.csj-emballages.com\/pt-pt\/","name":"CSJ Emballages","description":"","publisher":{"@id":"https:\/\/www.csj-emballages.com\/pt-pt\/#organization"},"potentialAction":[{"@type":"SearchAction","target":{"@type":"EntryPoint","urlTemplate":"https:\/\/www.csj-emballages.com\/pt-pt\/?s={search_term_string}"},"query-input":{"@type":"PropertyValueSpecification","valueRequired":true,"valueName":"search_term_string"}}],"inLanguage":"pt-PT"},{"@type":"Organization","@id":"https:\/\/www.csj-emballages.com\/pt-pt\/#Organization\/","name":"CSJ Emballages","url":"https:\/\/www.csj-emballages.com\/pt-pt\/","logo":{"@type":"ImageObject","inLanguage":"pt-PT","@id":"https:\/\/www.csj-emballages.com\/pt-pt\/#\/schema\/logo\/image\/","url":"https:\/\/www.csj-emballages.com\/wp-content\/uploads\/2023\/10\/logo_csj.webp","contentUrl":"https:\/\/www.csj-emballages.com\/wp-content\/uploads\/2023\/10\/logo_csj.webp","width":250,"height":95,"caption":"CSJ Emballages"},"image":{"@id":"https:\/\/www.csj-emballages.com\/pt-pt\/#\/schema\/logo\/image\/"},"sameAs":["https:\/\/www.facebook.com\/csjemballages"],"address":{"@type":"PostalAddress","streetAddress":"ZI La Lechere","addressLocality":"Patornay","postalCode":"39130","addressCountry":"FR"},"contactPoint":[{"@type":"ContactPoint","contactType":"Service client","telephone":"0384254272","email":"contact@csj-emballages.com"}]}]}},"df_price":6.23,"df_sale_price":"","df_regular_price":6.23,"df_image_link":"https:\/\/www.csj-emballages.com\/wp-content\/uploads\/2024\/06\/POPCORN1-300x300.webp","tiered_pricing_type":"fixed","tiered_pricing_fixed_rules":[],"tiered_pricing_percentage_rules":[],"tiered_pricing_minimum":1,"tiered_pricing_roles_data":[],"_links":{"self":[{"href":"https:\/\/www.csj-emballages.com\/pt-pt\/wp-json\/wp\/v2\/product\/29305","targetHints":{"allow":["GET"]}}],"collection":[{"href":"https:\/\/www.csj-emballages.com\/pt-pt\/wp-json\/wp\/v2\/product"}],"about":[{"href":"https:\/\/www.csj-emballages.com\/pt-pt\/wp-json\/wp\/v2\/types\/product"}],"wp:featuredmedia":[{"embeddable":true,"href":"https:\/\/www.csj-emballages.com\/pt-pt\/wp-json\/wp\/v2\/media\/256643"}],"wp:attachment":[{"href":"https:\/\/www.csj-emballages.com\/pt-pt\/wp-json\/wp\/v2\/media?parent=29305"}],"wp:term":[{"taxonomy":"product_brand","embeddable":true,"href":"https:\/\/www.csj-emballages.com\/pt-pt\/wp-json\/wp\/v2\/product_brand?post=29305"},{"taxonomy":"product_cat","embeddable":true,"href":"https:\/\/www.csj-emballages.com\/pt-pt\/wp-json\/wp\/v2\/product_cat?post=29305"},{"taxonomy":"product_tag","embeddable":true,"href":"https:\/\/www.csj-emballages.com\/pt-pt\/wp-json\/wp\/v2\/product_tag?post=29305"}],"curies":[{"name":"wp","href":"https:\/\/api.w.org\/{rel}","templated":true}]}}