{"id":29295,"date":"2024-06-20T15:26:55","date_gmt":"2024-06-20T13:26:55","guid":{"rendered":"https:\/\/www.csj-emballages.com\/produit\/92g-rolo-de-aluminio-termico-nao-impresso-com-35-cm-de-largura-10-kg\/"},"modified":"2026-03-26T02:13:39","modified_gmt":"2026-03-26T01:13:39","slug":"92g-rolo-de-aluminio-termico-nao-impresso-com-35-cm-de-largura-10-kg","status":"publish","type":"product","link":"https:\/\/www.csj-emballages.com\/pt-pt\/produit\/92g-rolo-de-aluminio-termico-nao-impresso-com-35-cm-de-largura-10-kg\/","title":{"rendered":"92g rolo termo-sel\u00e1vel de alum\u00ednio n\u00e3o impresso com 35 cm de largura 10 kg"},"content":{"rendered":"<h2><strong>Rolo termo-sel\u00e1vel de alum\u00ednio n\u00e3o impresso de 92g &#8211; 10kg<\/strong><\/h2>\n<div style=\"font-family: Roboto, sans-serif\">\n<div style=\"font-family: Roboto, sans-serif\">\n<div style=\"font-family: Roboto, sans-serif\">\n<div style=\"font-family: Roboto, sans-serif\">\n<div style=\"font-family: Roboto, sans-serif\">\n<div style=\"font-family: Roboto, sans-serif\">\n<hr>\n<h3>Descri\u00e7\u00e3o do produto<\/h3>\n<div class=\"flex flex-grow flex-col max-w-full\">\n<div class=\"min-h-[20px] text-message flex flex-col items-start whitespace-pre-wrap break-words [.text-message+&amp;]:mt-5 juice:w-full juice:items-end overflow-x-auto gap-2\" dir=\"auto\" data-message-author-role=\"assistant\" data-message-id=\"1f0c3cb2-e885-433d-b1c5-b4dc35f163e4\">\n<div class=\"flex w-full flex-col gap-1 juice:empty:hidden juice:first:pt-[3px]\">\n<div class=\"markdown prose w-full break-words dark:prose-invert light\">\n<p>O rolo termossel\u00e1vel de alum\u00ednio n\u00e3o impresso de 10 kg \u00e9 ideal para embalar queijo, garantindo uma conserva\u00e7\u00e3o \u00f3ptima. Al\u00e9m disso, gra\u00e7as \u00e0 sua barreira ao oxig\u00e9nio, conserva a frescura e o sabor do queijo. Este rolo proporciona uma veda\u00e7\u00e3o perfeita contra a humidade, prolongando a vida \u00fatil do produto. \u00c9 adequado para uma variedade de queijos, desde os mais suaves at\u00e9 aos mais curados.<\/p>\n<p>O rolo termossel\u00e1vel de alum\u00ednio n\u00e3o impresso de 10 kg foi concebido para facilitar a utiliza\u00e7\u00e3o, sendo ideal para m\u00e1quinas de termosselagem. A sua \u00f3ptima compatibilidade significa que pode ser aplicado r\u00e1pida e eficazmente, simplificando o processo de embalagem. Por fim, com uma gramagem de 92g\/m2, este rolo \u00e9 particularmente adequado para embalar e armazenar queijos, garantindo a sua frescura e prote\u00e7\u00e3o.<\/p>\n<div class=\"group\/conversation-turn relative flex w-full min-w-0 flex-col agent-turn\">\n<div class=\"flex-col gap-1 md:gap-3\">\n<div class=\"flex flex-grow flex-col max-w-full\">\n<div class=\"min-h-[20px] text-message flex flex-col items-start whitespace-pre-wrap break-words [.text-message+&amp;]:mt-5 juice:w-full juice:items-end overflow-x-auto gap-2\" dir=\"auto\" data-message-author-role=\"assistant\" data-message-id=\"31cbdc1b-add2-4b03-8a61-e709407a54e5\">\n<div class=\"flex w-full flex-col gap-1 juice:empty:hidden juice:first:pt-[3px]\">\n<div class=\"markdown prose w-full break-words dark:prose-invert light\">\n<p><strong>Vantagens:<\/strong><\/p>\n<\/div>\n<\/div>\n<\/div>\n<\/div>\n<\/div>\n<\/div>\n<\/div>\n<\/div>\n<\/div>\n<\/div>\n<ul>\n<li><strong>Personaliz\u00e1vel<\/strong>: D\u00e1 um toque \u00fanico \u00e0 tua embalagem com op\u00e7\u00f5es de personaliza\u00e7\u00e3o como a impress\u00e3o do teu log\u00f3tipo, motivos especiais, etc. Perfeito para melhorar a imagem da tua marca.<\/li>\n<li><strong>Versatilidade<\/strong>: Este rolo \u00e9 adequado para uma variedade de formas, desde as mais suaves \u00e0s mais refinadas.<\/li>\n<\/ul>\n<p><strong>Mais informa\u00e7\u00f5es:<\/strong><\/p>\n<ul>\n<li>Sel\u00e1vel a quente: Sim<\/li>\n<li>Papel laminado de alum\u00ednio + revestimento LDPE<\/li>\n<li>Embalagem herm\u00e9tica higi\u00e9nica e excelente resist\u00eancia mec\u00e2nica<\/li>\n<\/ul>\n<p>&nbsp;<\/p>\n<p><!--more--><\/p>\n<p><a href=\"https:\/\/www.csj-emballages.com\/pt-pt\/categorie-produit\/embalagem-de-alimentos\/talho-e-charcutaria\/papel-para-alimentos\/papel-laminado-de-aluminio-pt-pt\/\">V\u00ea o resto da nossa gama de papel laminado de alum\u00ednio<\/a><\/p>\n<\/div>\n<\/div>\n<\/div>\n<\/div>\n<\/div>\n<\/div>\n","protected":false},"excerpt":{"rendered":"<p>Rolo termo-sel\u00e1vel de alum\u00ednio n\u00e3o impresso de 92g &#8211; 10kg Descri\u00e7\u00e3o do produto O rolo termossel\u00e1vel de alum\u00ednio n\u00e3o impresso de 10 kg \u00e9 ideal para embalar queijo, garantindo uma conserva\u00e7\u00e3o \u00f3ptima. Al\u00e9m disso, gra\u00e7as \u00e0 sua barreira ao oxig\u00e9nio, conserva a frescura e o sabor do queijo. Este rolo proporciona uma veda\u00e7\u00e3o perfeita contra [&hellip;]<\/p>\n","protected":false},"featured_media":224954,"template":"","meta":{"_acf_changed":false},"product_brand":[],"product_cat":[1141,1176,2576,5677],"product_tag":[],"class_list":{"0":"post-29295","1":"product","2":"type-product","3":"status-publish","4":"has-post-thumbnail","6":"product_cat-embalagem-de-alimentos","7":"product_cat-talho-e-charcutaria","8":"product_cat-papel-para-alimentos","9":"product_cat-papel-laminado-de-aluminio-pt-pt","11":"first","12":"instock","13":"taxable","14":"shipping-taxable","15":"purchasable","16":"product-type-simple"},"acf":[],"yoast_head":"<!-- This site is optimized with the Yoast SEO Premium plugin v26.6 (Yoast SEO v26.6) - https:\/\/yoast.com\/wordpress\/plugins\/seo\/ -->\n<title>Rolo termo-sel\u00e1vel de alum\u00ednio n\u00e3o impresso 92g\/m2 10kg<\/title>\n<meta name=\"description\" content=\"Rolo de alum\u00ednio termo-sel\u00e1vel sem impress\u00e3o! Tamanho: 350 mm! Opta por um rolo de papel resistente, de qualidade, barato e a pre\u00e7o de saldo\" \/>\n<meta name=\"robots\" content=\"index, follow, max-snippet:-1, max-image-preview:large, max-video-preview:-1\" \/>\n<link rel=\"canonical\" href=\"https:\/\/www.csj-emballages.com\/pt-pt\/produit\/92g-rolo-de-aluminio-termico-nao-impresso-com-35-cm-de-largura-10-kg\/\" \/>\n<meta property=\"og:locale\" content=\"pt_PT\" \/>\n<meta property=\"og:type\" content=\"article\" \/>\n<meta property=\"og:title\" content=\"92g rolo termo-sel\u00e1vel de alum\u00ednio n\u00e3o impresso com 35 cm de largura 10 kg\" \/>\n<meta property=\"og:description\" content=\"Rolo de alum\u00ednio termo-sel\u00e1vel sem impress\u00e3o! Tamanho: 350 mm! Opta por um rolo de papel resistente, de qualidade, barato e a pre\u00e7o de saldo\" \/>\n<meta property=\"og:url\" content=\"https:\/\/www.csj-emballages.com\/pt-pt\/produit\/92g-rolo-de-aluminio-termico-nao-impresso-com-35-cm-de-largura-10-kg\/\" \/>\n<meta property=\"og:site_name\" content=\"CSJ Emballages\" \/>\n<meta property=\"article:publisher\" content=\"https:\/\/www.facebook.com\/csjemballages\" \/>\n<meta property=\"article:modified_time\" content=\"2026-03-26T01:13:39+00:00\" \/>\n<meta property=\"og:image\" content=\"https:\/\/www.csj-emballages.com\/wp-content\/uploads\/2024\/06\/papier-thermoscellable-aluminium-1.webp\" \/>\n\t<meta property=\"og:image:width\" content=\"800\" \/>\n\t<meta property=\"og:image:height\" content=\"800\" \/>\n\t<meta property=\"og:image:type\" content=\"image\/jpeg\" \/>\n<meta name=\"twitter:card\" content=\"summary_large_image\" \/>\n<meta name=\"twitter:label1\" content=\"Tempo estimado de leitura\" \/>\n\t<meta name=\"twitter:data1\" content=\"1 minuto\" \/>\n<script type=\"application\/ld+json\" class=\"yoast-schema-graph\">{\"@context\":\"https:\/\/schema.org\",\"@graph\":[{\"@type\":\"WebPage\",\"@id\":\"https:\/\/www.csj-emballages.com\/pt-pt\/produit\/92g-rolo-de-aluminio-termico-nao-impresso-com-35-cm-de-largura-10-kg\/\",\"url\":\"https:\/\/www.csj-emballages.com\/pt-pt\/produit\/92g-rolo-de-aluminio-termico-nao-impresso-com-35-cm-de-largura-10-kg\/\",\"name\":\"Rolo termo-sel\u00e1vel de alum\u00ednio n\u00e3o impresso 92g\/m2 10kg\",\"isPartOf\":{\"@id\":\"https:\/\/www.csj-emballages.com\/pt-pt\/#website\"},\"primaryImageOfPage\":{\"@id\":\"https:\/\/www.csj-emballages.com\/pt-pt\/produit\/92g-rolo-de-aluminio-termico-nao-impresso-com-35-cm-de-largura-10-kg\/#primaryimage\"},\"image\":{\"@id\":\"https:\/\/www.csj-emballages.com\/pt-pt\/produit\/92g-rolo-de-aluminio-termico-nao-impresso-com-35-cm-de-largura-10-kg\/#primaryimage\"},\"thumbnailUrl\":\"https:\/\/www.csj-emballages.com\/wp-content\/uploads\/2024\/06\/papier-thermoscellable-aluminium-1.webp\",\"datePublished\":\"2024-06-20T13:26:55+00:00\",\"dateModified\":\"2026-03-26T01:13:39+00:00\",\"description\":\"Rolo de alum\u00ednio termo-sel\u00e1vel sem impress\u00e3o! Tamanho: 350 mm! Opta por um rolo de papel resistente, de qualidade, barato e a pre\u00e7o de saldo\",\"breadcrumb\":{\"@id\":\"https:\/\/www.csj-emballages.com\/pt-pt\/produit\/92g-rolo-de-aluminio-termico-nao-impresso-com-35-cm-de-largura-10-kg\/#breadcrumb\"},\"inLanguage\":\"pt-PT\",\"potentialAction\":[{\"@type\":\"ReadAction\",\"target\":[\"https:\/\/www.csj-emballages.com\/pt-pt\/produit\/92g-rolo-de-aluminio-termico-nao-impresso-com-35-cm-de-largura-10-kg\/\"]}]},{\"@type\":\"ImageObject\",\"inLanguage\":\"pt-PT\",\"@id\":\"https:\/\/www.csj-emballages.com\/pt-pt\/produit\/92g-rolo-de-aluminio-termico-nao-impresso-com-35-cm-de-largura-10-kg\/#primaryimage\",\"url\":\"https:\/\/www.csj-emballages.com\/wp-content\/uploads\/2024\/06\/papier-thermoscellable-aluminium-1.webp\",\"contentUrl\":\"https:\/\/www.csj-emballages.com\/wp-content\/uploads\/2024\/06\/papier-thermoscellable-aluminium-1.webp\",\"width\":800,\"height\":800,\"caption\":\"Rouleau thermoscellable aluminium sans impression 92g 35 cm de laize 10 kg\"},{\"@type\":\"BreadcrumbList\",\"@id\":\"https:\/\/www.csj-emballages.com\/pt-pt\/produit\/92g-rolo-de-aluminio-termico-nao-impresso-com-35-cm-de-largura-10-kg\/#breadcrumb\",\"itemListElement\":[{\"@type\":\"ListItem\",\"position\":1,\"name\":\"Acolhimento\",\"item\":\"https:\/\/www.csj-emballages.com\/pt-pt\/universo-das-embalagens-alimentares\/\"},{\"@type\":\"ListItem\",\"position\":2,\"name\":\"Shop\",\"item\":\"https:\/\/www.csj-emballages.com\/shop\/\"},{\"@type\":\"ListItem\",\"position\":3,\"name\":\"92g rolo termo-sel\u00e1vel de alum\u00ednio n\u00e3o impresso com 35 cm de largura 10 kg\"}]},{\"@type\":\"WebSite\",\"@id\":\"https:\/\/www.csj-emballages.com\/pt-pt\/#website\",\"url\":\"https:\/\/www.csj-emballages.com\/pt-pt\/\",\"name\":\"CSJ Emballages\",\"description\":\"\",\"publisher\":{\"@id\":\"https:\/\/www.csj-emballages.com\/pt-pt\/#organization\"},\"potentialAction\":[{\"@type\":\"SearchAction\",\"target\":{\"@type\":\"EntryPoint\",\"urlTemplate\":\"https:\/\/www.csj-emballages.com\/pt-pt\/?s={search_term_string}\"},\"query-input\":{\"@type\":\"PropertyValueSpecification\",\"valueRequired\":true,\"valueName\":\"search_term_string\"}}],\"inLanguage\":\"pt-PT\"},{\"@type\":\"Organization\",\"@id\":\"https:\/\/www.csj-emballages.com\/pt-pt\/#Organization\/\",\"name\":\"CSJ Emballages\",\"url\":\"https:\/\/www.csj-emballages.com\/pt-pt\/\",\"logo\":{\"@type\":\"ImageObject\",\"inLanguage\":\"pt-PT\",\"@id\":\"https:\/\/www.csj-emballages.com\/pt-pt\/#\/schema\/logo\/image\/\",\"url\":\"https:\/\/www.csj-emballages.com\/wp-content\/uploads\/2023\/10\/logo_csj.webp\",\"contentUrl\":\"https:\/\/www.csj-emballages.com\/wp-content\/uploads\/2023\/10\/logo_csj.webp\",\"width\":250,\"height\":95,\"caption\":\"CSJ Emballages\"},\"image\":{\"@id\":\"https:\/\/www.csj-emballages.com\/pt-pt\/#\/schema\/logo\/image\/\"},\"sameAs\":[\"https:\/\/www.facebook.com\/csjemballages\"],\"address\":{\"@type\":\"PostalAddress\",\"streetAddress\":\"ZI La Lechere\",\"addressLocality\":\"Patornay\",\"postalCode\":\"39130\",\"addressCountry\":\"FR\"},\"contactPoint\":[{\"@type\":\"ContactPoint\",\"contactType\":\"Service client\",\"telephone\":\"0384254272\",\"email\":\"contact@csj-emballages.com\"}]}]}<\/script>\n<!-- \/ Yoast SEO Premium plugin. -->","yoast_head_json":{"title":"Rolo termo-sel\u00e1vel de alum\u00ednio n\u00e3o impresso 92g\/m2 10kg","description":"Rolo de alum\u00ednio termo-sel\u00e1vel sem impress\u00e3o! Tamanho: 350 mm! Opta por um rolo de papel resistente, de qualidade, barato e a pre\u00e7o de saldo","robots":{"index":"index","follow":"follow","max-snippet":"max-snippet:-1","max-image-preview":"max-image-preview:large","max-video-preview":"max-video-preview:-1"},"canonical":"https:\/\/www.csj-emballages.com\/pt-pt\/produit\/92g-rolo-de-aluminio-termico-nao-impresso-com-35-cm-de-largura-10-kg\/","og_locale":"pt_PT","og_type":"article","og_title":"92g rolo termo-sel\u00e1vel de alum\u00ednio n\u00e3o impresso com 35 cm de largura 10 kg","og_description":"Rolo de alum\u00ednio termo-sel\u00e1vel sem impress\u00e3o! Tamanho: 350 mm! Opta por um rolo de papel resistente, de qualidade, barato e a pre\u00e7o de saldo","og_url":"https:\/\/www.csj-emballages.com\/pt-pt\/produit\/92g-rolo-de-aluminio-termico-nao-impresso-com-35-cm-de-largura-10-kg\/","og_site_name":"CSJ Emballages","article_publisher":"https:\/\/www.facebook.com\/csjemballages","article_modified_time":"2026-03-26T01:13:39+00:00","og_image":[{"width":800,"height":800,"url":"https:\/\/www.csj-emballages.com\/wp-content\/uploads\/2024\/06\/papier-thermoscellable-aluminium-1.webp","type":"image\/jpeg"}],"twitter_card":"summary_large_image","twitter_misc":{"Tempo estimado de leitura":"1 minuto"},"schema":{"@context":"https:\/\/schema.org","@graph":[{"@type":"WebPage","@id":"https:\/\/www.csj-emballages.com\/pt-pt\/produit\/92g-rolo-de-aluminio-termico-nao-impresso-com-35-cm-de-largura-10-kg\/","url":"https:\/\/www.csj-emballages.com\/pt-pt\/produit\/92g-rolo-de-aluminio-termico-nao-impresso-com-35-cm-de-largura-10-kg\/","name":"Rolo termo-sel\u00e1vel de alum\u00ednio n\u00e3o impresso 92g\/m2 10kg","isPartOf":{"@id":"https:\/\/www.csj-emballages.com\/pt-pt\/#website"},"primaryImageOfPage":{"@id":"https:\/\/www.csj-emballages.com\/pt-pt\/produit\/92g-rolo-de-aluminio-termico-nao-impresso-com-35-cm-de-largura-10-kg\/#primaryimage"},"image":{"@id":"https:\/\/www.csj-emballages.com\/pt-pt\/produit\/92g-rolo-de-aluminio-termico-nao-impresso-com-35-cm-de-largura-10-kg\/#primaryimage"},"thumbnailUrl":"https:\/\/www.csj-emballages.com\/wp-content\/uploads\/2024\/06\/papier-thermoscellable-aluminium-1.webp","datePublished":"2024-06-20T13:26:55+00:00","dateModified":"2026-03-26T01:13:39+00:00","description":"Rolo de alum\u00ednio termo-sel\u00e1vel sem impress\u00e3o! Tamanho: 350 mm! Opta por um rolo de papel resistente, de qualidade, barato e a pre\u00e7o de saldo","breadcrumb":{"@id":"https:\/\/www.csj-emballages.com\/pt-pt\/produit\/92g-rolo-de-aluminio-termico-nao-impresso-com-35-cm-de-largura-10-kg\/#breadcrumb"},"inLanguage":"pt-PT","potentialAction":[{"@type":"ReadAction","target":["https:\/\/www.csj-emballages.com\/pt-pt\/produit\/92g-rolo-de-aluminio-termico-nao-impresso-com-35-cm-de-largura-10-kg\/"]}]},{"@type":"ImageObject","inLanguage":"pt-PT","@id":"https:\/\/www.csj-emballages.com\/pt-pt\/produit\/92g-rolo-de-aluminio-termico-nao-impresso-com-35-cm-de-largura-10-kg\/#primaryimage","url":"https:\/\/www.csj-emballages.com\/wp-content\/uploads\/2024\/06\/papier-thermoscellable-aluminium-1.webp","contentUrl":"https:\/\/www.csj-emballages.com\/wp-content\/uploads\/2024\/06\/papier-thermoscellable-aluminium-1.webp","width":800,"height":800,"caption":"Rouleau thermoscellable aluminium sans impression 92g 35 cm de laize 10 kg"},{"@type":"BreadcrumbList","@id":"https:\/\/www.csj-emballages.com\/pt-pt\/produit\/92g-rolo-de-aluminio-termico-nao-impresso-com-35-cm-de-largura-10-kg\/#breadcrumb","itemListElement":[{"@type":"ListItem","position":1,"name":"Acolhimento","item":"https:\/\/www.csj-emballages.com\/pt-pt\/universo-das-embalagens-alimentares\/"},{"@type":"ListItem","position":2,"name":"Shop","item":"https:\/\/www.csj-emballages.com\/shop\/"},{"@type":"ListItem","position":3,"name":"92g rolo termo-sel\u00e1vel de alum\u00ednio n\u00e3o impresso com 35 cm de largura 10 kg"}]},{"@type":"WebSite","@id":"https:\/\/www.csj-emballages.com\/pt-pt\/#website","url":"https:\/\/www.csj-emballages.com\/pt-pt\/","name":"CSJ Emballages","description":"","publisher":{"@id":"https:\/\/www.csj-emballages.com\/pt-pt\/#organization"},"potentialAction":[{"@type":"SearchAction","target":{"@type":"EntryPoint","urlTemplate":"https:\/\/www.csj-emballages.com\/pt-pt\/?s={search_term_string}"},"query-input":{"@type":"PropertyValueSpecification","valueRequired":true,"valueName":"search_term_string"}}],"inLanguage":"pt-PT"},{"@type":"Organization","@id":"https:\/\/www.csj-emballages.com\/pt-pt\/#Organization\/","name":"CSJ Emballages","url":"https:\/\/www.csj-emballages.com\/pt-pt\/","logo":{"@type":"ImageObject","inLanguage":"pt-PT","@id":"https:\/\/www.csj-emballages.com\/pt-pt\/#\/schema\/logo\/image\/","url":"https:\/\/www.csj-emballages.com\/wp-content\/uploads\/2023\/10\/logo_csj.webp","contentUrl":"https:\/\/www.csj-emballages.com\/wp-content\/uploads\/2023\/10\/logo_csj.webp","width":250,"height":95,"caption":"CSJ Emballages"},"image":{"@id":"https:\/\/www.csj-emballages.com\/pt-pt\/#\/schema\/logo\/image\/"},"sameAs":["https:\/\/www.facebook.com\/csjemballages"],"address":{"@type":"PostalAddress","streetAddress":"ZI La Lechere","addressLocality":"Patornay","postalCode":"39130","addressCountry":"FR"},"contactPoint":[{"@type":"ContactPoint","contactType":"Service client","telephone":"0384254272","email":"contact@csj-emballages.com"}]}]}},"df_price":99.04,"df_sale_price":"","df_regular_price":99.04,"df_image_link":"https:\/\/www.csj-emballages.com\/wp-content\/uploads\/2024\/06\/papier-thermoscellable-aluminium-1-300x300.webp","tiered_pricing_type":"fixed","tiered_pricing_fixed_rules":[],"tiered_pricing_percentage_rules":[],"tiered_pricing_minimum":1,"tiered_pricing_roles_data":[],"_links":{"self":[{"href":"https:\/\/www.csj-emballages.com\/pt-pt\/wp-json\/wp\/v2\/product\/29295","targetHints":{"allow":["GET"]}}],"collection":[{"href":"https:\/\/www.csj-emballages.com\/pt-pt\/wp-json\/wp\/v2\/product"}],"about":[{"href":"https:\/\/www.csj-emballages.com\/pt-pt\/wp-json\/wp\/v2\/types\/product"}],"wp:featuredmedia":[{"embeddable":true,"href":"https:\/\/www.csj-emballages.com\/pt-pt\/wp-json\/wp\/v2\/media\/224954"}],"wp:attachment":[{"href":"https:\/\/www.csj-emballages.com\/pt-pt\/wp-json\/wp\/v2\/media?parent=29295"}],"wp:term":[{"taxonomy":"product_brand","embeddable":true,"href":"https:\/\/www.csj-emballages.com\/pt-pt\/wp-json\/wp\/v2\/product_brand?post=29295"},{"taxonomy":"product_cat","embeddable":true,"href":"https:\/\/www.csj-emballages.com\/pt-pt\/wp-json\/wp\/v2\/product_cat?post=29295"},{"taxonomy":"product_tag","embeddable":true,"href":"https:\/\/www.csj-emballages.com\/pt-pt\/wp-json\/wp\/v2\/product_tag?post=29295"}],"curies":[{"name":"wp","href":"https:\/\/api.w.org\/{rel}","templated":true}]}}