{"id":29293,"date":"2024-06-20T15:30:38","date_gmt":"2024-06-20T13:30:38","guid":{"rendered":"https:\/\/www.csj-emballages.com\/produit\/50-caixas-de-cartao-225-x-180-x-90-mm\/"},"modified":"2026-04-17T02:14:04","modified_gmt":"2026-04-17T00:14:04","slug":"50-caixas-de-cartao-225-x-180-x-90-mm","status":"publish","type":"product","link":"https:\/\/www.csj-emballages.com\/pt-pt\/produit\/50-caixas-de-cartao-225-x-180-x-90-mm\/","title":{"rendered":"Lancheira de cart\u00e3o de 225 x 180 x 90 mm, embalagem de 50"},"content":{"rendered":"<div style=\"font-family: Roboto, sans-serif;\">\n<div style=\"font-family: Roboto, sans-serif;\">\n<div style=\"font-family: Roboto, sans-serif;\">\n<div style=\"font-family: Roboto, sans-serif;\">\n<div style=\"font-family: Roboto, sans-serif;\">\n<div style=\"font-family: Roboto, sans-serif;\">\n<h2>Lancheira de cart\u00e3o<\/h2>\n<div style=\"text-align: center;\">\n<hr>\n<h3 style=\"text-align: left;\">Descri\u00e7\u00e3o da nossa lancheira de cart\u00e3o de 225 x 180 x 90 mm, embalagem de 50<!--more--><\/h3>\n<p style=\"text-align: left;\" data-start=\"161\" data-end=\"583\">A <strong data-start=\"164\" data-end=\"207\">lancheira de cart\u00e3o de 225 x 180 x 90 mm<\/strong> foi concebida para simplificar o servi\u00e7o de refei\u00e7\u00f5es para levar, oferecendo uma apresenta\u00e7\u00e3o limpa e profissional. Gra\u00e7as ao seu formato generoso, acomoda facilmente <g id=\"gid_1\">refei\u00e7\u00f5es completas<\/g>, tais como <g id=\"gid_2\">saladas mistas<\/g>, <g id=\"gid_3\">massas<\/g>, <g id=\"gid_4\">pratos quentes<\/g> ou mesmo <g id=\"gid_5\">sobremesas<\/g>. Al\u00e9m disso, o seu <strong>cart\u00e3o espesso<\/strong> garante a sua fixa\u00e7\u00e3o, evitando deforma\u00e7\u00f5es durante o transporte.  <\/p>\n<p style=\"text-align: left;\" data-start=\"585\" data-end=\"937\">Por um lado, o seu <strong>sistema de fecho integrado<\/strong> permite-lhe proteger rapidamente os seus preparados. Por outro lado, a sua superf\u00edcie lisa permite-lhe acrescentar uma <strong>etiqueta<\/strong>, um <strong>log\u00f3tipo<\/strong> ou qualquer outra informa\u00e7\u00e3o \u00fatil para <strong>personalizar<\/strong> a encomenda. Desta forma, esta <strong data-start=\"164\" data-end=\"207\">lancheira<\/strong> torna-se n\u00e3o s\u00f3 pr\u00e1tica, mas tamb\u00e9m um suporte visual para a sua empresa.  <\/p>\n<p style=\"text-align: left;\" data-start=\"939\" data-end=\"1321\">Por ser feita de cart\u00e3o, \u00e9 uma alternativa mais respons\u00e1vel \u00e0s embalagens de pl\u00e1stico tradicionais. \u00c9 ideal para cami\u00f5es de alimentos, restaurantes de fast-food, catering, snack-bares e takeaways. Al\u00e9m disso, \u00e9 perfeitamente resistente a <strong>alimentos quentes e frios<\/strong>, pelo que pode ser utilizada diariamente de v\u00e1rias formas.  <\/p>\n<p style=\"text-align: left;\" data-start=\"1323\" data-end=\"1579\">Em suma, esta <strong data-start=\"164\" data-end=\"207\">lancheira<\/strong> combina <strong data-start=\"1359\" data-end=\"1371\">solidez<\/strong>, <strong data-start=\"1373\" data-end=\"1386\">praticidade<\/strong> e <strong data-start=\"1390\" data-end=\"1404\">est\u00e9tica<\/strong>, mantendo-se f\u00e1cil de guardar e simples de manusear. Responde \u00e0s necessidades dos profissionais que procuram uma embalagem fi\u00e1vel e f\u00e1cil de apresentar aos seus clientes. <\/p>\n<p style=\"text-align: left;\" data-start=\"1323\" data-end=\"1579\">\n<p style=\"text-align: left;\"><!--more--><\/p>\n<p style=\"text-align: left;\"><strong>Vantagens :<\/strong><\/p>\n<ul>\n<li style=\"text-align: left;\" data-start=\"1608\" data-end=\"1646\">Formato ideal para <strong>menus completos<\/strong>.<\/li>\n<li style=\"text-align: left;\" data-start=\"1649\" data-end=\"1694\"><strong>Cart\u00e3o s\u00f3lido<\/strong>, resistente a alimentos quentes.<\/li>\n<li style=\"text-align: left;\" data-start=\"1697\" data-end=\"1744\"><strong>Fecho integrado<\/strong> para um transporte seguro.<\/li>\n<li style=\"text-align: left;\" data-start=\"1747\" data-end=\"1801\">Superf\u00edcie personaliz\u00e1vel (etiquetas, log\u00f3tipo, texto).<\/li>\n<li style=\"text-align: left;\" data-start=\"1804\" data-end=\"1847\">Uma alternativa mais respons\u00e1vel ao pl\u00e1stico.<\/li>\n<li style=\"text-align: left;\" data-start=\"1850\" data-end=\"1908\">Pr\u00e1tico para todos os tipos de takeaway.<\/li>\n<\/ul>\n<\/div>\n<p>&nbsp;<\/p>\n<p><!--more--><\/p>\n<h4>Outras informa\u00e7\u00f5es :<\/h4>\n<ul>\n<li><strong>Embalagem<\/strong>: Pacote de 50<\/li>\n<li><strong>Dimens\u00f5es<\/strong>: 225 x 180 x 90 mm<\/li>\n<li><strong>Material<\/strong>: Cart\u00e3o<\/li>\n<li><strong>Tipo de tampa<\/strong>: Tampa com dobradi\u00e7as<\/li>\n<\/ul>\n<p>&nbsp;<\/p>\n<p><!--more--><\/p>\n<p>Produto dispon\u00edvel em v\u00e1rios tamanhos:  <span style=\"color: #d12727;\"><a style=\"color: #d12727;\" href=\"https:\/\/www.csj-emballages.com\/es\/produit\/100-cajas-dobles-desechables-para-hamburguesas-120-x-130-x-70-mm\/\">HP1K<\/a><\/span> \/ <span style=\"color: #d12727;\"><a style=\"color: #d12727;\" href=\"https:\/\/www.csj-emballages.com\/es\/produit\/100-cajas-de-chips-desechables-175-x-120-x-70-mm\/\">HP2K<\/a><\/span> \/ <span style=\"color: #d12727;\"><a style=\"color: #d12727;\" href=\"https:\/\/www.csj-emballages.com\/es\/produit\/100-cajas-de-carton-kraft-para-tacos-240-x-137-x-70-mm\/\">HP3K<\/a><\/span> \/ <g id=\"gid_6\"><g id=\"gid_7\">HP5K<\/g><\/g> \/ <span style=\"color: #d12727;\"><a style=\"color: #d12727;\" href=\"https:\/\/www.csj-emballages.com\/produit\/boite-carton-burger-jetable-carton-150-x-150-x-70-mm\/\">HP6K<\/a><\/span> \/ <span style=\"color: #d12727;\"><a style=\"color: #d12727;\" href=\"https:\/\/www.csj-emballages.com\/es\/produit\/caja-de-carton-para-hamburguesas-165-x-150-x-110-mm-por-100\/\">HP6KH<\/a><\/span> \/ <span style=\"color: #d12727;\"><a style=\"color: #d12727;\" href=\"https:\/\/www.csj-emballages.com\/produit\/50-boite-carton-burgers-jetables-carton-150-x-150-x-70-mm\/\">HP6KGE<\/a><\/span> \/        <span style=\"color: #d12727;\"><a style=\"color: #d12727;\" href=\"https:\/\/www.csj-emballages.com\/produit\/50-boites-doubles-burgers-xl-jetables-carton-170-x-170-x-80-mm\/\">HP6KXL<\/a> <span style=\"color: #000000;\">\/<\/span> <a style=\"color: #d12727;\" href=\"https:\/\/www.csj-emballages.com\/produit\/50-boite-carton-hot-dog-carton-kraft-23-2-x-9-x-6-3-cm-restauration-snack-emporter\/\">HP8K<\/a><\/span><\/p>\n<p>&nbsp;<\/p>\n<p><!--more--><\/p>\n<p><a href=\"https:\/\/www.csj-emballages.com\/pt-pt\/categorie-produit\/embalagem-de-alimentos\/restauracao\/caixas-tabuleiros-bolsas-cones\/tabuleiros-caixas-de-cartao\/lancheiras\/\">V\u00ea o resto da nossa gama de caixas para hamb\u00fargueres<\/a><\/p>\n<\/div>\n<\/div>\n<\/div>\n<\/div>\n<\/div>\n<\/div>\n","protected":false},"excerpt":{"rendered":"<p>Lancheira de cart\u00e3o Descri\u00e7\u00e3o da nossa lancheira de cart\u00e3o de 225 x 180 x 90 mm, embalagem de 50<\/p>\n","protected":false},"featured_media":224570,"template":"","meta":{"_acf_changed":false},"product_brand":[],"product_cat":[1141,1138,3926,1476,2793],"product_tag":[],"class_list":{"0":"post-29293","1":"product","2":"type-product","3":"status-publish","4":"has-post-thumbnail","6":"product_cat-embalagem-de-alimentos","7":"product_cat-restauracao","8":"product_cat-caixas-tabuleiros-bolsas-cones","9":"product_cat-tabuleiros-caixas-de-cartao","10":"product_cat-lancheiras","12":"first","13":"instock","14":"taxable","15":"shipping-taxable","16":"purchasable","17":"product-type-simple"},"acf":[],"yoast_head":"<!-- This site is optimized with the Yoast SEO Premium plugin v26.6 (Yoast SEO v26.6) - https:\/\/yoast.com\/wordpress\/plugins\/seo\/ -->\n<title>Caixa de refei\u00e7\u00f5es 225 x 180 x 90 mm por 50<\/title>\n<meta name=\"description\" content=\"Descubra a nossa lancheira em cart\u00e3o de 225 x 180 x 90 mm: resistente, pr\u00e1tica e ecol\u00f3gica, perfeita para transportar as suas refei\u00e7\u00f5es e lanches.\" \/>\n<meta name=\"robots\" content=\"index, follow, max-snippet:-1, max-image-preview:large, max-video-preview:-1\" \/>\n<link rel=\"canonical\" href=\"https:\/\/www.csj-emballages.com\/pt-pt\/produit\/50-caixas-de-cartao-225-x-180-x-90-mm\/\" \/>\n<meta property=\"og:locale\" content=\"pt_PT\" \/>\n<meta property=\"og:type\" content=\"article\" \/>\n<meta property=\"og:title\" content=\"Lancheira de cart\u00e3o de 225 x 180 x 90 mm, embalagem de 50\" \/>\n<meta property=\"og:description\" content=\"Descubra a nossa lancheira em cart\u00e3o de 225 x 180 x 90 mm: resistente, pr\u00e1tica e ecol\u00f3gica, perfeita para transportar as suas refei\u00e7\u00f5es e lanches.\" \/>\n<meta property=\"og:url\" content=\"https:\/\/www.csj-emballages.com\/pt-pt\/produit\/50-caixas-de-cartao-225-x-180-x-90-mm\/\" \/>\n<meta property=\"og:site_name\" content=\"CSJ Emballages\" \/>\n<meta property=\"article:publisher\" content=\"https:\/\/www.facebook.com\/csjemballages\" \/>\n<meta property=\"article:modified_time\" content=\"2026-04-17T00:14:04+00:00\" \/>\n<meta property=\"og:image\" content=\"https:\/\/www.csj-emballages.com\/wp-content\/uploads\/2024\/06\/HP4K.webp\" \/>\n\t<meta property=\"og:image:width\" content=\"800\" \/>\n\t<meta property=\"og:image:height\" content=\"800\" \/>\n\t<meta property=\"og:image:type\" content=\"image\/webp\" \/>\n<meta name=\"twitter:card\" content=\"summary_large_image\" \/>\n<meta name=\"twitter:label1\" content=\"Tempo estimado de leitura\" \/>\n\t<meta name=\"twitter:data1\" content=\"2 minutos\" \/>\n<script type=\"application\/ld+json\" class=\"yoast-schema-graph\">{\"@context\":\"https:\/\/schema.org\",\"@graph\":[{\"@type\":\"WebPage\",\"@id\":\"https:\/\/www.csj-emballages.com\/pt-pt\/produit\/50-caixas-de-cartao-225-x-180-x-90-mm\/\",\"url\":\"https:\/\/www.csj-emballages.com\/pt-pt\/produit\/50-caixas-de-cartao-225-x-180-x-90-mm\/\",\"name\":\"Caixa de refei\u00e7\u00f5es 225 x 180 x 90 mm por 50\",\"isPartOf\":{\"@id\":\"https:\/\/www.csj-emballages.com\/pt-pt\/#website\"},\"primaryImageOfPage\":{\"@id\":\"https:\/\/www.csj-emballages.com\/pt-pt\/produit\/50-caixas-de-cartao-225-x-180-x-90-mm\/#primaryimage\"},\"image\":{\"@id\":\"https:\/\/www.csj-emballages.com\/pt-pt\/produit\/50-caixas-de-cartao-225-x-180-x-90-mm\/#primaryimage\"},\"thumbnailUrl\":\"https:\/\/www.csj-emballages.com\/wp-content\/uploads\/2024\/06\/HP4K.webp\",\"datePublished\":\"2024-06-20T13:30:38+00:00\",\"dateModified\":\"2026-04-17T00:14:04+00:00\",\"description\":\"Descubra a nossa lancheira em cart\u00e3o de 225 x 180 x 90 mm: resistente, pr\u00e1tica e ecol\u00f3gica, perfeita para transportar as suas refei\u00e7\u00f5es e lanches.\",\"breadcrumb\":{\"@id\":\"https:\/\/www.csj-emballages.com\/pt-pt\/produit\/50-caixas-de-cartao-225-x-180-x-90-mm\/#breadcrumb\"},\"inLanguage\":\"pt-PT\",\"potentialAction\":[{\"@type\":\"ReadAction\",\"target\":[\"https:\/\/www.csj-emballages.com\/pt-pt\/produit\/50-caixas-de-cartao-225-x-180-x-90-mm\/\"]}]},{\"@type\":\"ImageObject\",\"inLanguage\":\"pt-PT\",\"@id\":\"https:\/\/www.csj-emballages.com\/pt-pt\/produit\/50-caixas-de-cartao-225-x-180-x-90-mm\/#primaryimage\",\"url\":\"https:\/\/www.csj-emballages.com\/wp-content\/uploads\/2024\/06\/HP4K.webp\",\"contentUrl\":\"https:\/\/www.csj-emballages.com\/wp-content\/uploads\/2024\/06\/HP4K.webp\",\"width\":800,\"height\":800,\"caption\":\"Boite repas carton\"},{\"@type\":\"BreadcrumbList\",\"@id\":\"https:\/\/www.csj-emballages.com\/pt-pt\/produit\/50-caixas-de-cartao-225-x-180-x-90-mm\/#breadcrumb\",\"itemListElement\":[{\"@type\":\"ListItem\",\"position\":1,\"name\":\"Acolhimento\",\"item\":\"https:\/\/www.csj-emballages.com\/pt-pt\/universo-das-embalagens-alimentares\/\"},{\"@type\":\"ListItem\",\"position\":2,\"name\":\"Shop\",\"item\":\"https:\/\/www.csj-emballages.com\/shop\/\"},{\"@type\":\"ListItem\",\"position\":3,\"name\":\"Lancheira de cart\u00e3o de 225 x 180 x 90 mm, embalagem de 50\"}]},{\"@type\":\"WebSite\",\"@id\":\"https:\/\/www.csj-emballages.com\/pt-pt\/#website\",\"url\":\"https:\/\/www.csj-emballages.com\/pt-pt\/\",\"name\":\"CSJ Emballages\",\"description\":\"\",\"publisher\":{\"@id\":\"https:\/\/www.csj-emballages.com\/pt-pt\/#organization\"},\"potentialAction\":[{\"@type\":\"SearchAction\",\"target\":{\"@type\":\"EntryPoint\",\"urlTemplate\":\"https:\/\/www.csj-emballages.com\/pt-pt\/?s={search_term_string}\"},\"query-input\":{\"@type\":\"PropertyValueSpecification\",\"valueRequired\":true,\"valueName\":\"search_term_string\"}}],\"inLanguage\":\"pt-PT\"},{\"@type\":\"Organization\",\"@id\":\"https:\/\/www.csj-emballages.com\/pt-pt\/#Organization\/\",\"name\":\"CSJ Emballages\",\"url\":\"https:\/\/www.csj-emballages.com\/pt-pt\/\",\"logo\":{\"@type\":\"ImageObject\",\"inLanguage\":\"pt-PT\",\"@id\":\"https:\/\/www.csj-emballages.com\/pt-pt\/#\/schema\/logo\/image\/\",\"url\":\"https:\/\/www.csj-emballages.com\/wp-content\/uploads\/2023\/10\/logo_csj.webp\",\"contentUrl\":\"https:\/\/www.csj-emballages.com\/wp-content\/uploads\/2023\/10\/logo_csj.webp\",\"width\":250,\"height\":95,\"caption\":\"CSJ Emballages\"},\"image\":{\"@id\":\"https:\/\/www.csj-emballages.com\/pt-pt\/#\/schema\/logo\/image\/\"},\"sameAs\":[\"https:\/\/www.facebook.com\/csjemballages\"],\"address\":{\"@type\":\"PostalAddress\",\"streetAddress\":\"ZI La Lechere\",\"addressLocality\":\"Patornay\",\"postalCode\":\"39130\",\"addressCountry\":\"FR\"},\"contactPoint\":[{\"@type\":\"ContactPoint\",\"contactType\":\"Service client\",\"telephone\":\"0384254272\",\"email\":\"contact@csj-emballages.com\"}]}]}<\/script>\n<!-- \/ Yoast SEO Premium plugin. -->","yoast_head_json":{"title":"Caixa de refei\u00e7\u00f5es 225 x 180 x 90 mm por 50","description":"Descubra a nossa lancheira em cart\u00e3o de 225 x 180 x 90 mm: resistente, pr\u00e1tica e ecol\u00f3gica, perfeita para transportar as suas refei\u00e7\u00f5es e lanches.","robots":{"index":"index","follow":"follow","max-snippet":"max-snippet:-1","max-image-preview":"max-image-preview:large","max-video-preview":"max-video-preview:-1"},"canonical":"https:\/\/www.csj-emballages.com\/pt-pt\/produit\/50-caixas-de-cartao-225-x-180-x-90-mm\/","og_locale":"pt_PT","og_type":"article","og_title":"Lancheira de cart\u00e3o de 225 x 180 x 90 mm, embalagem de 50","og_description":"Descubra a nossa lancheira em cart\u00e3o de 225 x 180 x 90 mm: resistente, pr\u00e1tica e ecol\u00f3gica, perfeita para transportar as suas refei\u00e7\u00f5es e lanches.","og_url":"https:\/\/www.csj-emballages.com\/pt-pt\/produit\/50-caixas-de-cartao-225-x-180-x-90-mm\/","og_site_name":"CSJ Emballages","article_publisher":"https:\/\/www.facebook.com\/csjemballages","article_modified_time":"2026-04-17T00:14:04+00:00","og_image":[{"width":800,"height":800,"url":"https:\/\/www.csj-emballages.com\/wp-content\/uploads\/2024\/06\/HP4K.webp","type":"image\/webp"}],"twitter_card":"summary_large_image","twitter_misc":{"Tempo estimado de leitura":"2 minutos"},"schema":{"@context":"https:\/\/schema.org","@graph":[{"@type":"WebPage","@id":"https:\/\/www.csj-emballages.com\/pt-pt\/produit\/50-caixas-de-cartao-225-x-180-x-90-mm\/","url":"https:\/\/www.csj-emballages.com\/pt-pt\/produit\/50-caixas-de-cartao-225-x-180-x-90-mm\/","name":"Caixa de refei\u00e7\u00f5es 225 x 180 x 90 mm por 50","isPartOf":{"@id":"https:\/\/www.csj-emballages.com\/pt-pt\/#website"},"primaryImageOfPage":{"@id":"https:\/\/www.csj-emballages.com\/pt-pt\/produit\/50-caixas-de-cartao-225-x-180-x-90-mm\/#primaryimage"},"image":{"@id":"https:\/\/www.csj-emballages.com\/pt-pt\/produit\/50-caixas-de-cartao-225-x-180-x-90-mm\/#primaryimage"},"thumbnailUrl":"https:\/\/www.csj-emballages.com\/wp-content\/uploads\/2024\/06\/HP4K.webp","datePublished":"2024-06-20T13:30:38+00:00","dateModified":"2026-04-17T00:14:04+00:00","description":"Descubra a nossa lancheira em cart\u00e3o de 225 x 180 x 90 mm: resistente, pr\u00e1tica e ecol\u00f3gica, perfeita para transportar as suas refei\u00e7\u00f5es e lanches.","breadcrumb":{"@id":"https:\/\/www.csj-emballages.com\/pt-pt\/produit\/50-caixas-de-cartao-225-x-180-x-90-mm\/#breadcrumb"},"inLanguage":"pt-PT","potentialAction":[{"@type":"ReadAction","target":["https:\/\/www.csj-emballages.com\/pt-pt\/produit\/50-caixas-de-cartao-225-x-180-x-90-mm\/"]}]},{"@type":"ImageObject","inLanguage":"pt-PT","@id":"https:\/\/www.csj-emballages.com\/pt-pt\/produit\/50-caixas-de-cartao-225-x-180-x-90-mm\/#primaryimage","url":"https:\/\/www.csj-emballages.com\/wp-content\/uploads\/2024\/06\/HP4K.webp","contentUrl":"https:\/\/www.csj-emballages.com\/wp-content\/uploads\/2024\/06\/HP4K.webp","width":800,"height":800,"caption":"Boite repas carton"},{"@type":"BreadcrumbList","@id":"https:\/\/www.csj-emballages.com\/pt-pt\/produit\/50-caixas-de-cartao-225-x-180-x-90-mm\/#breadcrumb","itemListElement":[{"@type":"ListItem","position":1,"name":"Acolhimento","item":"https:\/\/www.csj-emballages.com\/pt-pt\/universo-das-embalagens-alimentares\/"},{"@type":"ListItem","position":2,"name":"Shop","item":"https:\/\/www.csj-emballages.com\/shop\/"},{"@type":"ListItem","position":3,"name":"Lancheira de cart\u00e3o de 225 x 180 x 90 mm, embalagem de 50"}]},{"@type":"WebSite","@id":"https:\/\/www.csj-emballages.com\/pt-pt\/#website","url":"https:\/\/www.csj-emballages.com\/pt-pt\/","name":"CSJ Emballages","description":"","publisher":{"@id":"https:\/\/www.csj-emballages.com\/pt-pt\/#organization"},"potentialAction":[{"@type":"SearchAction","target":{"@type":"EntryPoint","urlTemplate":"https:\/\/www.csj-emballages.com\/pt-pt\/?s={search_term_string}"},"query-input":{"@type":"PropertyValueSpecification","valueRequired":true,"valueName":"search_term_string"}}],"inLanguage":"pt-PT"},{"@type":"Organization","@id":"https:\/\/www.csj-emballages.com\/pt-pt\/#Organization\/","name":"CSJ Emballages","url":"https:\/\/www.csj-emballages.com\/pt-pt\/","logo":{"@type":"ImageObject","inLanguage":"pt-PT","@id":"https:\/\/www.csj-emballages.com\/pt-pt\/#\/schema\/logo\/image\/","url":"https:\/\/www.csj-emballages.com\/wp-content\/uploads\/2023\/10\/logo_csj.webp","contentUrl":"https:\/\/www.csj-emballages.com\/wp-content\/uploads\/2023\/10\/logo_csj.webp","width":250,"height":95,"caption":"CSJ Emballages"},"image":{"@id":"https:\/\/www.csj-emballages.com\/pt-pt\/#\/schema\/logo\/image\/"},"sameAs":["https:\/\/www.facebook.com\/csjemballages"],"address":{"@type":"PostalAddress","streetAddress":"ZI La Lechere","addressLocality":"Patornay","postalCode":"39130","addressCountry":"FR"},"contactPoint":[{"@type":"ContactPoint","contactType":"Service client","telephone":"0384254272","email":"contact@csj-emballages.com"}]}]}},"df_price":14.47,"df_sale_price":"","df_regular_price":14.47,"df_image_link":"https:\/\/www.csj-emballages.com\/wp-content\/uploads\/2024\/06\/HP4K-300x300.webp","tiered_pricing_type":"fixed","tiered_pricing_fixed_rules":[],"tiered_pricing_percentage_rules":[],"tiered_pricing_minimum":1,"tiered_pricing_roles_data":[],"_links":{"self":[{"href":"https:\/\/www.csj-emballages.com\/pt-pt\/wp-json\/wp\/v2\/product\/29293","targetHints":{"allow":["GET"]}}],"collection":[{"href":"https:\/\/www.csj-emballages.com\/pt-pt\/wp-json\/wp\/v2\/product"}],"about":[{"href":"https:\/\/www.csj-emballages.com\/pt-pt\/wp-json\/wp\/v2\/types\/product"}],"wp:featuredmedia":[{"embeddable":true,"href":"https:\/\/www.csj-emballages.com\/pt-pt\/wp-json\/wp\/v2\/media\/224570"}],"wp:attachment":[{"href":"https:\/\/www.csj-emballages.com\/pt-pt\/wp-json\/wp\/v2\/media?parent=29293"}],"wp:term":[{"taxonomy":"product_brand","embeddable":true,"href":"https:\/\/www.csj-emballages.com\/pt-pt\/wp-json\/wp\/v2\/product_brand?post=29293"},{"taxonomy":"product_cat","embeddable":true,"href":"https:\/\/www.csj-emballages.com\/pt-pt\/wp-json\/wp\/v2\/product_cat?post=29293"},{"taxonomy":"product_tag","embeddable":true,"href":"https:\/\/www.csj-emballages.com\/pt-pt\/wp-json\/wp\/v2\/product_tag?post=29293"}],"curies":[{"name":"wp","href":"https:\/\/api.w.org\/{rel}","templated":true}]}}