{"id":29279,"date":"2024-06-20T15:19:08","date_gmt":"2024-06-20T13:19:08","guid":{"rendered":"https:\/\/www.csj-emballages.com\/?post_type=product&#038;p=29279"},"modified":"2026-03-12T16:09:48","modified_gmt":"2026-03-12T15:09:48","slug":"100-agitadores-de-madeira-de-18-cm","status":"publish","type":"product","link":"https:\/\/www.csj-emballages.com\/pt-pt\/produit\/100-agitadores-de-madeira-de-18-cm\/","title":{"rendered":"Agitador de madeira 16 cm por 100"},"content":{"rendered":"<h2 class=\"p1\">Agitador de madeira<\/h2>\n<hr>\n<h3>Descri\u00e7\u00e3o do nosso agitador de madeira 16 cm por 100<\/h3>\n<p><!--more--><\/p>\n<p data-start=\"231\" data-end=\"592\">Eis o acess\u00f3rio simples mas essencial que faz toda a diferen\u00e7a durante uma pausa para caf\u00e9: o<strong data-start=\"331\" data-end=\"358\">agitador de madeira de 16 cm<\/strong>. Com a sua <strong>forma esguia<\/strong> e a sua pequena <strong>p\u00e1 redonda<\/strong>, permite-lhe mexer uma bebida quente com apenas algumas pancadas, sem salpicar ou interferir com o sabor. Usa-se, esquece-se, mas contribui claramente para uma experi\u00eancia mais agrad\u00e1vel.  <\/p>\n<p data-start=\"594\" data-end=\"970\">O seu <strong>comprimento de 16 cm<\/strong> \u00e9 ideal para ch\u00e1venas m\u00e9dias e grandes: alcan\u00e7a facilmente o fundo, para que n\u00e3o tenha de se virar freneticamente para derreter o a\u00e7\u00facar. A <g id=\"gid_1\">madeira<\/g> utilizada \u00e9 <g id=\"gid_2\">macia<\/g>, sem farpas, agrad\u00e1vel de segurar e, sobretudo, completamente neutra em termos de sabor. Quer se trate de um caf\u00e9 forte, de um cappuccino ou de uma bebida de chocolate, a m\u00e1quina faz o seu trabalho sem qualquer problema.  <\/p>\n<p data-start=\"972\" data-end=\"1284\">O facto de ser inteiramente feito de <strong>madeira<\/strong> oferece uma alternativa natural aos agitadores de pl\u00e1stico. Ganha em simplicidade e d\u00e1 ao seu servi\u00e7o de caf\u00e9 uma imagem mais respons\u00e1vel. \u00c9 um pequeno detalhe, mas os seus clientes v\u00e3o reparar nele, especialmente em escrit\u00f3rios, caf\u00e9s, food trucks ou espa\u00e7os para eventos.  <\/p>\n<p data-start=\"1286\" data-end=\"1581\">A embalagem <strong data-start=\"1296\" data-end=\"1310\">de 100 unidades<\/strong> facilita a gest\u00e3o do seu stock sem quaisquer dores de cabe\u00e7a. Ter\u00e1 sempre \u00e0 m\u00e3o, prontos a acompanhar cada ch\u00e1vena que servir. N\u00e3o \u00e9 necess\u00e1rio contar, separar ou limpar: s\u00e3o limpos, higi\u00e9nicos e descart\u00e1veis ap\u00f3s a utiliza\u00e7\u00e3o.  <\/p>\n<p data-start=\"1583\" data-end=\"1716\">Em suma, \u00e9 a ferramenta discreta mas essencial que ir\u00e1 melhorar drasticamente o seu servi\u00e7o de bebidas, sem esfor\u00e7o e com um toque natural.<\/p>\n<p data-start=\"100\" data-end=\"556\"><!--more--><\/p>\n<h4 data-start=\"100\" data-end=\"556\">Vantagens :<\/h4>\n<ul>\n<li data-start=\"1744\" data-end=\"1796\"><strong>Madeira<\/strong> <strong>suave<\/strong>, de sabor neutro e agrad\u00e1vel de utilizar.<\/li>\n<li data-start=\"1799\" data-end=\"1867\"><strong>Comprimento 16 cm<\/strong> perfeito para ch\u00e1venas m\u00e9dias e grandes.<\/li>\n<li data-start=\"1870\" data-end=\"1908\">Alternativa ecol\u00f3gica ao pl\u00e1stico.<\/li>\n<li data-start=\"1911\" data-end=\"1940\">Embalagem pr\u00e1tica de <strong>100 unidades<\/strong>.<\/li>\n<li data-start=\"1943\" data-end=\"1996\">Ideal para caf\u00e9s, escrit\u00f3rios, food trucks e eventos.<\/li>\n<\/ul>\n<p>&nbsp;<\/p>\n<p><!--more--><\/p>\n<h4 data-start=\"558\" data-end=\"575\">Outras informa\u00e7\u00f5es :<\/h4>\n<ul>\n<li><strong>Embalagem<\/strong>: Pacote de 100<\/li>\n<li><strong>Comprimento<\/strong>: 16 cm<\/li>\n<li><strong>Di\u00e2metro da cabe\u00e7a redonda<\/strong>: 2,8 cm<\/li>\n<li><strong>Material<\/strong>: Madeira<\/li>\n<li><strong>Cor<\/strong>: Natural<\/li>\n<\/ul>\n<p>&nbsp;<\/p>\n<p><!--more--><\/p>\n<p>Tamb\u00e9m pode encontrar as nossas colheres de pau de 100 mm por 1000 : <span style=\"color: #d12727;\"><a style=\"color: #d12727;\" href=\"https:\/\/www.csj-emballages.com\/es\/produit\/1000-espatulas-de-madera-100-mm\/\"><span style=\"color: #d12727;\">SPAT<\/span><\/a><\/span><\/p>\n<p>&nbsp;<\/p>\n<p><!--more--><\/p>\n<p><a href=\"https:\/\/www.csj-emballages.com\/pt-pt\/categorie-produit\/embalagem-de-alimentos\/restauracao\/chavenas-copos-baldes-garrafas\/acessorios-pt-pt\/\">Ver o resto da nossa gama de acess\u00f3rios para ch\u00e1venas<\/a><\/p>\n","protected":false},"excerpt":{"rendered":"<p>Agitador de madeira Descri\u00e7\u00e3o do nosso agitador de madeira 16 cm por 100<\/p>\n","protected":false},"featured_media":236205,"template":"","meta":{"_acf_changed":false},"product_brand":[],"product_cat":[1141,1138,1471,3544],"product_tag":[],"class_list":{"0":"post-29279","1":"product","2":"type-product","3":"status-publish","4":"has-post-thumbnail","6":"product_cat-embalagem-de-alimentos","7":"product_cat-restauracao","8":"product_cat-chavenas-copos-baldes-garrafas","9":"product_cat-acessorios-pt-pt","11":"first","12":"instock","13":"taxable","14":"shipping-taxable","15":"purchasable","16":"product-type-simple"},"acf":[],"yoast_head":"<!-- This site is optimized with the Yoast SEO Premium plugin v26.6 (Yoast SEO v26.6) - https:\/\/yoast.com\/wordpress\/plugins\/seo\/ -->\n<title>Agitador de madeira 16 cm por 100<\/title>\n<meta name=\"description\" content=\"Agitador de madeira de 16 cm, natural e pr\u00e1tico, vendido em embalagens de 100. Ideal para mexer caf\u00e9 e bebidas quentes. Uma alternativa ecol\u00f3gica e divertida de utilizar.\" \/>\n<meta name=\"robots\" content=\"index, follow, max-snippet:-1, max-image-preview:large, max-video-preview:-1\" \/>\n<link rel=\"canonical\" href=\"https:\/\/www.csj-emballages.com\/pt-pt\/produit\/100-agitadores-de-madeira-de-18-cm\/\" \/>\n<meta property=\"og:locale\" content=\"pt_PT\" \/>\n<meta property=\"og:type\" content=\"article\" \/>\n<meta property=\"og:title\" content=\"Agitador de madeira 16 cm por 100\" \/>\n<meta property=\"og:description\" content=\"Agitador de madeira de 16 cm, natural e pr\u00e1tico, vendido em embalagens de 100. Ideal para mexer caf\u00e9 e bebidas quentes. Uma alternativa ecol\u00f3gica e divertida de utilizar.\" \/>\n<meta property=\"og:url\" content=\"https:\/\/www.csj-emballages.com\/pt-pt\/produit\/100-agitadores-de-madeira-de-18-cm\/\" \/>\n<meta property=\"og:site_name\" content=\"CSJ Emballages\" \/>\n<meta property=\"article:publisher\" content=\"https:\/\/www.facebook.com\/csjemballages\" \/>\n<meta property=\"article:modified_time\" content=\"2026-03-12T15:09:48+00:00\" \/>\n<meta property=\"og:image\" content=\"https:\/\/www.csj-emballages.com\/wp-content\/uploads\/2024\/06\/AGITBOIS.webp\" \/>\n\t<meta property=\"og:image:width\" content=\"800\" \/>\n\t<meta property=\"og:image:height\" content=\"800\" \/>\n\t<meta property=\"og:image:type\" content=\"image\/png\" \/>\n<meta name=\"twitter:card\" content=\"summary_large_image\" \/>\n<meta name=\"twitter:label1\" content=\"Tempo estimado de leitura\" \/>\n\t<meta name=\"twitter:data1\" content=\"2 minutos\" \/>\n<script type=\"application\/ld+json\" class=\"yoast-schema-graph\">{\"@context\":\"https:\/\/schema.org\",\"@graph\":[{\"@type\":\"WebPage\",\"@id\":\"https:\/\/www.csj-emballages.com\/pt-pt\/produit\/100-agitadores-de-madeira-de-18-cm\/\",\"url\":\"https:\/\/www.csj-emballages.com\/pt-pt\/produit\/100-agitadores-de-madeira-de-18-cm\/\",\"name\":\"Agitador de madeira 16 cm por 100\",\"isPartOf\":{\"@id\":\"https:\/\/www.csj-emballages.com\/pt-pt\/#website\"},\"primaryImageOfPage\":{\"@id\":\"https:\/\/www.csj-emballages.com\/pt-pt\/produit\/100-agitadores-de-madeira-de-18-cm\/#primaryimage\"},\"image\":{\"@id\":\"https:\/\/www.csj-emballages.com\/pt-pt\/produit\/100-agitadores-de-madeira-de-18-cm\/#primaryimage\"},\"thumbnailUrl\":\"https:\/\/www.csj-emballages.com\/wp-content\/uploads\/2024\/06\/AGITBOIS.webp\",\"datePublished\":\"2024-06-20T13:19:08+00:00\",\"dateModified\":\"2026-03-12T15:09:48+00:00\",\"description\":\"Agitador de madeira de 16 cm, natural e pr\u00e1tico, vendido em embalagens de 100. Ideal para mexer caf\u00e9 e bebidas quentes. Uma alternativa ecol\u00f3gica e divertida de utilizar.\",\"breadcrumb\":{\"@id\":\"https:\/\/www.csj-emballages.com\/pt-pt\/produit\/100-agitadores-de-madeira-de-18-cm\/#breadcrumb\"},\"inLanguage\":\"pt-PT\",\"potentialAction\":[{\"@type\":\"ReadAction\",\"target\":[\"https:\/\/www.csj-emballages.com\/pt-pt\/produit\/100-agitadores-de-madeira-de-18-cm\/\"]}]},{\"@type\":\"ImageObject\",\"inLanguage\":\"pt-PT\",\"@id\":\"https:\/\/www.csj-emballages.com\/pt-pt\/produit\/100-agitadores-de-madeira-de-18-cm\/#primaryimage\",\"url\":\"https:\/\/www.csj-emballages.com\/wp-content\/uploads\/2024\/06\/AGITBOIS.webp\",\"contentUrl\":\"https:\/\/www.csj-emballages.com\/wp-content\/uploads\/2024\/06\/AGITBOIS.webp\",\"width\":800,\"height\":800,\"caption\":\"Agitateur bois\"},{\"@type\":\"BreadcrumbList\",\"@id\":\"https:\/\/www.csj-emballages.com\/pt-pt\/produit\/100-agitadores-de-madeira-de-18-cm\/#breadcrumb\",\"itemListElement\":[{\"@type\":\"ListItem\",\"position\":1,\"name\":\"Acolhimento\",\"item\":\"https:\/\/www.csj-emballages.com\/pt-pt\/universo-das-embalagens-alimentares\/\"},{\"@type\":\"ListItem\",\"position\":2,\"name\":\"Shop\",\"item\":\"https:\/\/www.csj-emballages.com\/shop\/\"},{\"@type\":\"ListItem\",\"position\":3,\"name\":\"Agitador de madeira 16 cm por 100\"}]},{\"@type\":\"WebSite\",\"@id\":\"https:\/\/www.csj-emballages.com\/pt-pt\/#website\",\"url\":\"https:\/\/www.csj-emballages.com\/pt-pt\/\",\"name\":\"CSJ Emballages\",\"description\":\"\",\"publisher\":{\"@id\":\"https:\/\/www.csj-emballages.com\/pt-pt\/#organization\"},\"potentialAction\":[{\"@type\":\"SearchAction\",\"target\":{\"@type\":\"EntryPoint\",\"urlTemplate\":\"https:\/\/www.csj-emballages.com\/pt-pt\/?s={search_term_string}\"},\"query-input\":{\"@type\":\"PropertyValueSpecification\",\"valueRequired\":true,\"valueName\":\"search_term_string\"}}],\"inLanguage\":\"pt-PT\"},{\"@type\":\"Organization\",\"@id\":\"https:\/\/www.csj-emballages.com\/pt-pt\/#Organization\/\",\"name\":\"CSJ Emballages\",\"url\":\"https:\/\/www.csj-emballages.com\/pt-pt\/\",\"logo\":{\"@type\":\"ImageObject\",\"inLanguage\":\"pt-PT\",\"@id\":\"https:\/\/www.csj-emballages.com\/pt-pt\/#\/schema\/logo\/image\/\",\"url\":\"https:\/\/www.csj-emballages.com\/wp-content\/uploads\/2023\/10\/logo_csj.webp\",\"contentUrl\":\"https:\/\/www.csj-emballages.com\/wp-content\/uploads\/2023\/10\/logo_csj.webp\",\"width\":250,\"height\":95,\"caption\":\"CSJ Emballages\"},\"image\":{\"@id\":\"https:\/\/www.csj-emballages.com\/pt-pt\/#\/schema\/logo\/image\/\"},\"sameAs\":[\"https:\/\/www.facebook.com\/csjemballages\"],\"address\":{\"@type\":\"PostalAddress\",\"streetAddress\":\"ZI La Lechere\",\"addressLocality\":\"Patornay\",\"postalCode\":\"39130\",\"addressCountry\":\"FR\"},\"contactPoint\":[{\"@type\":\"ContactPoint\",\"contactType\":\"Service client\",\"telephone\":\"0384254272\",\"email\":\"contact@csj-emballages.com\"}]}]}<\/script>\n<!-- \/ Yoast SEO Premium plugin. -->","yoast_head_json":{"title":"Agitador de madeira 16 cm por 100","description":"Agitador de madeira de 16 cm, natural e pr\u00e1tico, vendido em embalagens de 100. Ideal para mexer caf\u00e9 e bebidas quentes. Uma alternativa ecol\u00f3gica e divertida de utilizar.","robots":{"index":"index","follow":"follow","max-snippet":"max-snippet:-1","max-image-preview":"max-image-preview:large","max-video-preview":"max-video-preview:-1"},"canonical":"https:\/\/www.csj-emballages.com\/pt-pt\/produit\/100-agitadores-de-madeira-de-18-cm\/","og_locale":"pt_PT","og_type":"article","og_title":"Agitador de madeira 16 cm por 100","og_description":"Agitador de madeira de 16 cm, natural e pr\u00e1tico, vendido em embalagens de 100. Ideal para mexer caf\u00e9 e bebidas quentes. Uma alternativa ecol\u00f3gica e divertida de utilizar.","og_url":"https:\/\/www.csj-emballages.com\/pt-pt\/produit\/100-agitadores-de-madeira-de-18-cm\/","og_site_name":"CSJ Emballages","article_publisher":"https:\/\/www.facebook.com\/csjemballages","article_modified_time":"2026-03-12T15:09:48+00:00","og_image":[{"width":800,"height":800,"url":"https:\/\/www.csj-emballages.com\/wp-content\/uploads\/2024\/06\/AGITBOIS.webp","type":"image\/png"}],"twitter_card":"summary_large_image","twitter_misc":{"Tempo estimado de leitura":"2 minutos"},"schema":{"@context":"https:\/\/schema.org","@graph":[{"@type":"WebPage","@id":"https:\/\/www.csj-emballages.com\/pt-pt\/produit\/100-agitadores-de-madeira-de-18-cm\/","url":"https:\/\/www.csj-emballages.com\/pt-pt\/produit\/100-agitadores-de-madeira-de-18-cm\/","name":"Agitador de madeira 16 cm por 100","isPartOf":{"@id":"https:\/\/www.csj-emballages.com\/pt-pt\/#website"},"primaryImageOfPage":{"@id":"https:\/\/www.csj-emballages.com\/pt-pt\/produit\/100-agitadores-de-madeira-de-18-cm\/#primaryimage"},"image":{"@id":"https:\/\/www.csj-emballages.com\/pt-pt\/produit\/100-agitadores-de-madeira-de-18-cm\/#primaryimage"},"thumbnailUrl":"https:\/\/www.csj-emballages.com\/wp-content\/uploads\/2024\/06\/AGITBOIS.webp","datePublished":"2024-06-20T13:19:08+00:00","dateModified":"2026-03-12T15:09:48+00:00","description":"Agitador de madeira de 16 cm, natural e pr\u00e1tico, vendido em embalagens de 100. Ideal para mexer caf\u00e9 e bebidas quentes. Uma alternativa ecol\u00f3gica e divertida de utilizar.","breadcrumb":{"@id":"https:\/\/www.csj-emballages.com\/pt-pt\/produit\/100-agitadores-de-madeira-de-18-cm\/#breadcrumb"},"inLanguage":"pt-PT","potentialAction":[{"@type":"ReadAction","target":["https:\/\/www.csj-emballages.com\/pt-pt\/produit\/100-agitadores-de-madeira-de-18-cm\/"]}]},{"@type":"ImageObject","inLanguage":"pt-PT","@id":"https:\/\/www.csj-emballages.com\/pt-pt\/produit\/100-agitadores-de-madeira-de-18-cm\/#primaryimage","url":"https:\/\/www.csj-emballages.com\/wp-content\/uploads\/2024\/06\/AGITBOIS.webp","contentUrl":"https:\/\/www.csj-emballages.com\/wp-content\/uploads\/2024\/06\/AGITBOIS.webp","width":800,"height":800,"caption":"Agitateur bois"},{"@type":"BreadcrumbList","@id":"https:\/\/www.csj-emballages.com\/pt-pt\/produit\/100-agitadores-de-madeira-de-18-cm\/#breadcrumb","itemListElement":[{"@type":"ListItem","position":1,"name":"Acolhimento","item":"https:\/\/www.csj-emballages.com\/pt-pt\/universo-das-embalagens-alimentares\/"},{"@type":"ListItem","position":2,"name":"Shop","item":"https:\/\/www.csj-emballages.com\/shop\/"},{"@type":"ListItem","position":3,"name":"Agitador de madeira 16 cm por 100"}]},{"@type":"WebSite","@id":"https:\/\/www.csj-emballages.com\/pt-pt\/#website","url":"https:\/\/www.csj-emballages.com\/pt-pt\/","name":"CSJ Emballages","description":"","publisher":{"@id":"https:\/\/www.csj-emballages.com\/pt-pt\/#organization"},"potentialAction":[{"@type":"SearchAction","target":{"@type":"EntryPoint","urlTemplate":"https:\/\/www.csj-emballages.com\/pt-pt\/?s={search_term_string}"},"query-input":{"@type":"PropertyValueSpecification","valueRequired":true,"valueName":"search_term_string"}}],"inLanguage":"pt-PT"},{"@type":"Organization","@id":"https:\/\/www.csj-emballages.com\/pt-pt\/#Organization\/","name":"CSJ Emballages","url":"https:\/\/www.csj-emballages.com\/pt-pt\/","logo":{"@type":"ImageObject","inLanguage":"pt-PT","@id":"https:\/\/www.csj-emballages.com\/pt-pt\/#\/schema\/logo\/image\/","url":"https:\/\/www.csj-emballages.com\/wp-content\/uploads\/2023\/10\/logo_csj.webp","contentUrl":"https:\/\/www.csj-emballages.com\/wp-content\/uploads\/2023\/10\/logo_csj.webp","width":250,"height":95,"caption":"CSJ Emballages"},"image":{"@id":"https:\/\/www.csj-emballages.com\/pt-pt\/#\/schema\/logo\/image\/"},"sameAs":["https:\/\/www.facebook.com\/csjemballages"],"address":{"@type":"PostalAddress","streetAddress":"ZI La Lechere","addressLocality":"Patornay","postalCode":"39130","addressCountry":"FR"},"contactPoint":[{"@type":"ContactPoint","contactType":"Service client","telephone":"0384254272","email":"contact@csj-emballages.com"}]}]}},"df_price":4.32,"df_sale_price":"","df_regular_price":4.32,"df_image_link":"https:\/\/www.csj-emballages.com\/wp-content\/uploads\/2024\/06\/AGITBOIS-300x300.webp","tiered_pricing_type":"fixed","tiered_pricing_fixed_rules":[],"tiered_pricing_percentage_rules":[],"tiered_pricing_minimum":1,"tiered_pricing_roles_data":[],"_links":{"self":[{"href":"https:\/\/www.csj-emballages.com\/pt-pt\/wp-json\/wp\/v2\/product\/29279","targetHints":{"allow":["GET"]}}],"collection":[{"href":"https:\/\/www.csj-emballages.com\/pt-pt\/wp-json\/wp\/v2\/product"}],"about":[{"href":"https:\/\/www.csj-emballages.com\/pt-pt\/wp-json\/wp\/v2\/types\/product"}],"wp:featuredmedia":[{"embeddable":true,"href":"https:\/\/www.csj-emballages.com\/pt-pt\/wp-json\/wp\/v2\/media\/236205"}],"wp:attachment":[{"href":"https:\/\/www.csj-emballages.com\/pt-pt\/wp-json\/wp\/v2\/media?parent=29279"}],"wp:term":[{"taxonomy":"product_brand","embeddable":true,"href":"https:\/\/www.csj-emballages.com\/pt-pt\/wp-json\/wp\/v2\/product_brand?post=29279"},{"taxonomy":"product_cat","embeddable":true,"href":"https:\/\/www.csj-emballages.com\/pt-pt\/wp-json\/wp\/v2\/product_cat?post=29279"},{"taxonomy":"product_tag","embeddable":true,"href":"https:\/\/www.csj-emballages.com\/pt-pt\/wp-json\/wp\/v2\/product_tag?post=29279"}],"curies":[{"name":"wp","href":"https:\/\/api.w.org\/{rel}","templated":true}]}}