{"id":29278,"date":"2024-06-20T15:22:49","date_gmt":"2024-06-20T13:22:49","guid":{"rendered":"https:\/\/www.csj-emballages.com\/?post_type=product&#038;p=29278"},"modified":"2026-04-10T02:11:30","modified_gmt":"2026-04-10T00:11:30","slug":"200-espetos-28-cm-aco-inoxidavel-420-plano-3-x-15-corte-angular","status":"publish","type":"product","link":"https:\/\/www.csj-emballages.com\/pt-pt\/produit\/200-espetos-28-cm-aco-inoxidavel-420-plano-3-x-15-corte-angular\/","title":{"rendered":"200 espetos 28 cm a\u00e7o inoxid\u00e1vel 420 plano 3 x 1,5 corte angular"},"content":{"rendered":"<h2>Espetos de a\u00e7o inoxid\u00e1vel de 28 cm 420 planos 3 x 1,5 corte diagonal &#8211; por 200<\/h2>\n<hr>\n<h3>Descri\u00e7\u00e3o do produto<\/h3>\n<p><!--more--><\/p>\n<p>Descubra os nossos espetos de a\u00e7o inoxid\u00e1vel 420 de 28 cm, concebidos para espetar carnes. Estes espetos s\u00e3o fabricados em a\u00e7o inoxid\u00e1vel, garantindo resist\u00eancia e durabilidade, mesmo em caso de utiliza\u00e7\u00e3o intensiva. O seu corte angular facilita a perfura\u00e7\u00e3o dos alimentos sem os danificar. A forma plana de 3 x 1,5 mm garante que as pe\u00e7as ficam perfeitamente presas, evitando que se virem durante a cozedura. Quer seja para legumes, carne ou fruta, estes espetos s\u00e3o vers\u00e1teis e adaptam-se a todos os seus desejos culin\u00e1rios. O seu comprimento de 28 cm \u00e9 ideal para preparar espetadas generosas, perfeitas para servir aos seus convidados. F\u00e1ceis de limpar, resistem a lavagens frequentes sem enferrujar ou deformar. E gra\u00e7as ao seu material em a\u00e7o inoxid\u00e1vel 420, manter\u00e3o o seu brilho ao longo do tempo.       <\/p>\n<p>&nbsp;<\/p>\n<p><!--more--><\/p>\n<p>Ofere\u00e7a a si pr\u00f3prio estes espetos para fazer churrascos e grelhados com toda a facilidade.<\/p>\n<p>&nbsp;<\/p>\n<p><!--more--><\/p>\n<p><strong>As suas vantagens:<\/strong><\/p>\n<ul>\n<li><strong>Robustez<\/strong>: Fabricados em a\u00e7o inoxid\u00e1vel 420, s\u00e3o resistentes aos choques e \u00e0 corros\u00e3o.<\/li>\n<li><strong>Pr\u00e1tico<\/strong>: O seu corte angular facilita a picagem dos alimentos sem os danificar.<\/li>\n<li><strong>Estabilidade<\/strong>: A forma plana de 3 x 1,5 mm evita que os alimentos se virem durante a cozedura.<\/li>\n<li><strong>Comprimento ideal<\/strong>: os seus 28 cm permitem-te preparar espetadas generosas para refei\u00e7\u00f5es de conv\u00edvio.<\/li>\n<\/ul>\n<p>&nbsp;<\/p>\n<p><!--more--><\/p>\n<p>Clique aqui para ver o tamanho inferior: <span style=\"color: #d12727;\"><a style=\"color: #d12727;\" href=\"https:\/\/www.csj-emballages.com\/produit\/200-piques-brochettes-250inox-420-plat-3x15coupe-biaise\/\"><span style=\"color: #d12727;\">BROC25INOX<\/span><\/a><\/span><\/p>\n<p>&nbsp;<\/p>\n<p><!--more--><\/p>\n<p><a href=\"https:\/\/www.csj-emballages.com\/pt-pt\/categorie-produit\/embalagem-de-alimentos\/talho-e-charcutaria\/escolhas-de-alimentos\/\">Ver o resto da nossa gama de escolhas alimentares<\/a><\/p>\n","protected":false},"excerpt":{"rendered":"<p>Espetos de a\u00e7o inoxid\u00e1vel de 28 cm 420 planos 3 x 1,5 corte diagonal &#8211; por 200 Descri\u00e7\u00e3o do produto<\/p>\n","protected":false},"featured_media":10240,"template":"","meta":{"_acf_changed":false},"product_brand":[],"product_cat":[1141,1176,3915,2278],"product_tag":[],"class_list":{"0":"post-29278","1":"product","2":"type-product","3":"status-publish","4":"has-post-thumbnail","6":"product_cat-embalagem-de-alimentos","7":"product_cat-talho-e-charcutaria","8":"product_cat-escolhas-de-alimentos","9":"product_cat-palitos-de-metal","11":"first","12":"instock","13":"taxable","14":"shipping-taxable","15":"purchasable","16":"product-type-simple"},"acf":[],"yoast_head":"<!-- This site is optimized with the Yoast SEO Premium plugin v26.6 (Yoast SEO v26.6) - https:\/\/yoast.com\/wordpress\/plugins\/seo\/ -->\n<title>Espetos de a\u00e7o inoxid\u00e1vel de 28 cm - 3 x 1,5 corte diagonal 200 unidades<\/title>\n<meta name=\"description\" content=\"Espetos de a\u00e7o inoxid\u00e1vel de 28 cm: resistentes, duradouros, f\u00e1ceis de utilizar e limpar, perfeitos para espetadas saborosas.\" \/>\n<meta name=\"robots\" content=\"index, follow, max-snippet:-1, max-image-preview:large, max-video-preview:-1\" \/>\n<link rel=\"canonical\" href=\"https:\/\/www.csj-emballages.com\/pt-pt\/produit\/200-espetos-28-cm-aco-inoxidavel-420-plano-3-x-15-corte-angular\/\" \/>\n<meta property=\"og:locale\" content=\"pt_PT\" \/>\n<meta property=\"og:type\" content=\"article\" \/>\n<meta property=\"og:title\" content=\"200 espetos 28 cm a\u00e7o inoxid\u00e1vel 420 plano 3 x 1,5 corte angular\" \/>\n<meta property=\"og:description\" content=\"Espetos de a\u00e7o inoxid\u00e1vel de 28 cm: resistentes, duradouros, f\u00e1ceis de utilizar e limpar, perfeitos para espetadas saborosas.\" \/>\n<meta property=\"og:url\" content=\"https:\/\/www.csj-emballages.com\/pt-pt\/produit\/200-espetos-28-cm-aco-inoxidavel-420-plano-3-x-15-corte-angular\/\" \/>\n<meta property=\"og:site_name\" content=\"CSJ Emballages\" \/>\n<meta property=\"article:publisher\" content=\"https:\/\/www.facebook.com\/csjemballages\" \/>\n<meta property=\"article:modified_time\" content=\"2026-04-10T00:11:30+00:00\" \/>\n<meta property=\"og:image\" content=\"https:\/\/www.csj-emballages.com\/wp-content\/uploads\/2024\/03\/pique-metal-viande-brochette-boucherie-grossiste-csj-emballages-zoom-jpg-e1725344877828.webp\" \/>\n\t<meta property=\"og:image:width\" content=\"800\" \/>\n\t<meta property=\"og:image:height\" content=\"800\" \/>\n\t<meta property=\"og:image:type\" content=\"image\/jpeg\" \/>\n<meta name=\"twitter:card\" content=\"summary_large_image\" \/>\n<meta name=\"twitter:label1\" content=\"Tempo estimado de leitura\" \/>\n\t<meta name=\"twitter:data1\" content=\"1 minuto\" \/>\n<script type=\"application\/ld+json\" class=\"yoast-schema-graph\">{\"@context\":\"https:\/\/schema.org\",\"@graph\":[{\"@type\":\"WebPage\",\"@id\":\"https:\/\/www.csj-emballages.com\/pt-pt\/produit\/200-espetos-28-cm-aco-inoxidavel-420-plano-3-x-15-corte-angular\/\",\"url\":\"https:\/\/www.csj-emballages.com\/pt-pt\/produit\/200-espetos-28-cm-aco-inoxidavel-420-plano-3-x-15-corte-angular\/\",\"name\":\"Espetos de a\u00e7o inoxid\u00e1vel de 28 cm - 3 x 1,5 corte diagonal 200 unidades\",\"isPartOf\":{\"@id\":\"https:\/\/www.csj-emballages.com\/pt-pt\/#website\"},\"primaryImageOfPage\":{\"@id\":\"https:\/\/www.csj-emballages.com\/pt-pt\/produit\/200-espetos-28-cm-aco-inoxidavel-420-plano-3-x-15-corte-angular\/#primaryimage\"},\"image\":{\"@id\":\"https:\/\/www.csj-emballages.com\/pt-pt\/produit\/200-espetos-28-cm-aco-inoxidavel-420-plano-3-x-15-corte-angular\/#primaryimage\"},\"thumbnailUrl\":\"https:\/\/www.csj-emballages.com\/wp-content\/uploads\/2024\/03\/pique-metal-viande-brochette-boucherie-grossiste-csj-emballages-zoom-jpg-e1725344877828.webp\",\"datePublished\":\"2024-06-20T13:22:49+00:00\",\"dateModified\":\"2026-04-10T00:11:30+00:00\",\"description\":\"Espetos de a\u00e7o inoxid\u00e1vel de 28 cm: resistentes, duradouros, f\u00e1ceis de utilizar e limpar, perfeitos para espetadas saborosas.\",\"breadcrumb\":{\"@id\":\"https:\/\/www.csj-emballages.com\/pt-pt\/produit\/200-espetos-28-cm-aco-inoxidavel-420-plano-3-x-15-corte-angular\/#breadcrumb\"},\"inLanguage\":\"pt-PT\",\"potentialAction\":[{\"@type\":\"ReadAction\",\"target\":[\"https:\/\/www.csj-emballages.com\/pt-pt\/produit\/200-espetos-28-cm-aco-inoxidavel-420-plano-3-x-15-corte-angular\/\"]}]},{\"@type\":\"ImageObject\",\"inLanguage\":\"pt-PT\",\"@id\":\"https:\/\/www.csj-emballages.com\/pt-pt\/produit\/200-espetos-28-cm-aco-inoxidavel-420-plano-3-x-15-corte-angular\/#primaryimage\",\"url\":\"https:\/\/www.csj-emballages.com\/wp-content\/uploads\/2024\/03\/pique-metal-viande-brochette-boucherie-grossiste-csj-emballages-zoom-jpg-e1725344877828.webp\",\"contentUrl\":\"https:\/\/www.csj-emballages.com\/wp-content\/uploads\/2024\/03\/pique-metal-viande-brochette-boucherie-grossiste-csj-emballages-zoom-jpg-e1725344877828.webp\",\"width\":800,\"height\":800,\"caption\":\"piques brochettes inox 28 cm\"},{\"@type\":\"BreadcrumbList\",\"@id\":\"https:\/\/www.csj-emballages.com\/pt-pt\/produit\/200-espetos-28-cm-aco-inoxidavel-420-plano-3-x-15-corte-angular\/#breadcrumb\",\"itemListElement\":[{\"@type\":\"ListItem\",\"position\":1,\"name\":\"Acolhimento\",\"item\":\"https:\/\/www.csj-emballages.com\/pt-pt\/universo-das-embalagens-alimentares\/\"},{\"@type\":\"ListItem\",\"position\":2,\"name\":\"Shop\",\"item\":\"https:\/\/www.csj-emballages.com\/shop\/\"},{\"@type\":\"ListItem\",\"position\":3,\"name\":\"200 espetos 28 cm a\u00e7o inoxid\u00e1vel 420 plano 3 x 1,5 corte angular\"}]},{\"@type\":\"WebSite\",\"@id\":\"https:\/\/www.csj-emballages.com\/pt-pt\/#website\",\"url\":\"https:\/\/www.csj-emballages.com\/pt-pt\/\",\"name\":\"CSJ Emballages\",\"description\":\"\",\"publisher\":{\"@id\":\"https:\/\/www.csj-emballages.com\/pt-pt\/#organization\"},\"potentialAction\":[{\"@type\":\"SearchAction\",\"target\":{\"@type\":\"EntryPoint\",\"urlTemplate\":\"https:\/\/www.csj-emballages.com\/pt-pt\/?s={search_term_string}\"},\"query-input\":{\"@type\":\"PropertyValueSpecification\",\"valueRequired\":true,\"valueName\":\"search_term_string\"}}],\"inLanguage\":\"pt-PT\"},{\"@type\":\"Organization\",\"@id\":\"https:\/\/www.csj-emballages.com\/pt-pt\/#Organization\/\",\"name\":\"CSJ Emballages\",\"url\":\"https:\/\/www.csj-emballages.com\/pt-pt\/\",\"logo\":{\"@type\":\"ImageObject\",\"inLanguage\":\"pt-PT\",\"@id\":\"https:\/\/www.csj-emballages.com\/pt-pt\/#\/schema\/logo\/image\/\",\"url\":\"https:\/\/www.csj-emballages.com\/wp-content\/uploads\/2023\/10\/logo_csj.webp\",\"contentUrl\":\"https:\/\/www.csj-emballages.com\/wp-content\/uploads\/2023\/10\/logo_csj.webp\",\"width\":250,\"height\":95,\"caption\":\"CSJ Emballages\"},\"image\":{\"@id\":\"https:\/\/www.csj-emballages.com\/pt-pt\/#\/schema\/logo\/image\/\"},\"sameAs\":[\"https:\/\/www.facebook.com\/csjemballages\"],\"address\":{\"@type\":\"PostalAddress\",\"streetAddress\":\"ZI La Lechere\",\"addressLocality\":\"Patornay\",\"postalCode\":\"39130\",\"addressCountry\":\"FR\"},\"contactPoint\":[{\"@type\":\"ContactPoint\",\"contactType\":\"Service client\",\"telephone\":\"0384254272\",\"email\":\"contact@csj-emballages.com\"}]}]}<\/script>\n<!-- \/ Yoast SEO Premium plugin. -->","yoast_head_json":{"title":"Espetos de a\u00e7o inoxid\u00e1vel de 28 cm - 3 x 1,5 corte diagonal 200 unidades","description":"Espetos de a\u00e7o inoxid\u00e1vel de 28 cm: resistentes, duradouros, f\u00e1ceis de utilizar e limpar, perfeitos para espetadas saborosas.","robots":{"index":"index","follow":"follow","max-snippet":"max-snippet:-1","max-image-preview":"max-image-preview:large","max-video-preview":"max-video-preview:-1"},"canonical":"https:\/\/www.csj-emballages.com\/pt-pt\/produit\/200-espetos-28-cm-aco-inoxidavel-420-plano-3-x-15-corte-angular\/","og_locale":"pt_PT","og_type":"article","og_title":"200 espetos 28 cm a\u00e7o inoxid\u00e1vel 420 plano 3 x 1,5 corte angular","og_description":"Espetos de a\u00e7o inoxid\u00e1vel de 28 cm: resistentes, duradouros, f\u00e1ceis de utilizar e limpar, perfeitos para espetadas saborosas.","og_url":"https:\/\/www.csj-emballages.com\/pt-pt\/produit\/200-espetos-28-cm-aco-inoxidavel-420-plano-3-x-15-corte-angular\/","og_site_name":"CSJ Emballages","article_publisher":"https:\/\/www.facebook.com\/csjemballages","article_modified_time":"2026-04-10T00:11:30+00:00","og_image":[{"width":800,"height":800,"url":"https:\/\/www.csj-emballages.com\/wp-content\/uploads\/2024\/03\/pique-metal-viande-brochette-boucherie-grossiste-csj-emballages-zoom-jpg-e1725344877828.webp","type":"image\/jpeg"}],"twitter_card":"summary_large_image","twitter_misc":{"Tempo estimado de leitura":"1 minuto"},"schema":{"@context":"https:\/\/schema.org","@graph":[{"@type":"WebPage","@id":"https:\/\/www.csj-emballages.com\/pt-pt\/produit\/200-espetos-28-cm-aco-inoxidavel-420-plano-3-x-15-corte-angular\/","url":"https:\/\/www.csj-emballages.com\/pt-pt\/produit\/200-espetos-28-cm-aco-inoxidavel-420-plano-3-x-15-corte-angular\/","name":"Espetos de a\u00e7o inoxid\u00e1vel de 28 cm - 3 x 1,5 corte diagonal 200 unidades","isPartOf":{"@id":"https:\/\/www.csj-emballages.com\/pt-pt\/#website"},"primaryImageOfPage":{"@id":"https:\/\/www.csj-emballages.com\/pt-pt\/produit\/200-espetos-28-cm-aco-inoxidavel-420-plano-3-x-15-corte-angular\/#primaryimage"},"image":{"@id":"https:\/\/www.csj-emballages.com\/pt-pt\/produit\/200-espetos-28-cm-aco-inoxidavel-420-plano-3-x-15-corte-angular\/#primaryimage"},"thumbnailUrl":"https:\/\/www.csj-emballages.com\/wp-content\/uploads\/2024\/03\/pique-metal-viande-brochette-boucherie-grossiste-csj-emballages-zoom-jpg-e1725344877828.webp","datePublished":"2024-06-20T13:22:49+00:00","dateModified":"2026-04-10T00:11:30+00:00","description":"Espetos de a\u00e7o inoxid\u00e1vel de 28 cm: resistentes, duradouros, f\u00e1ceis de utilizar e limpar, perfeitos para espetadas saborosas.","breadcrumb":{"@id":"https:\/\/www.csj-emballages.com\/pt-pt\/produit\/200-espetos-28-cm-aco-inoxidavel-420-plano-3-x-15-corte-angular\/#breadcrumb"},"inLanguage":"pt-PT","potentialAction":[{"@type":"ReadAction","target":["https:\/\/www.csj-emballages.com\/pt-pt\/produit\/200-espetos-28-cm-aco-inoxidavel-420-plano-3-x-15-corte-angular\/"]}]},{"@type":"ImageObject","inLanguage":"pt-PT","@id":"https:\/\/www.csj-emballages.com\/pt-pt\/produit\/200-espetos-28-cm-aco-inoxidavel-420-plano-3-x-15-corte-angular\/#primaryimage","url":"https:\/\/www.csj-emballages.com\/wp-content\/uploads\/2024\/03\/pique-metal-viande-brochette-boucherie-grossiste-csj-emballages-zoom-jpg-e1725344877828.webp","contentUrl":"https:\/\/www.csj-emballages.com\/wp-content\/uploads\/2024\/03\/pique-metal-viande-brochette-boucherie-grossiste-csj-emballages-zoom-jpg-e1725344877828.webp","width":800,"height":800,"caption":"piques brochettes inox 28 cm"},{"@type":"BreadcrumbList","@id":"https:\/\/www.csj-emballages.com\/pt-pt\/produit\/200-espetos-28-cm-aco-inoxidavel-420-plano-3-x-15-corte-angular\/#breadcrumb","itemListElement":[{"@type":"ListItem","position":1,"name":"Acolhimento","item":"https:\/\/www.csj-emballages.com\/pt-pt\/universo-das-embalagens-alimentares\/"},{"@type":"ListItem","position":2,"name":"Shop","item":"https:\/\/www.csj-emballages.com\/shop\/"},{"@type":"ListItem","position":3,"name":"200 espetos 28 cm a\u00e7o inoxid\u00e1vel 420 plano 3 x 1,5 corte angular"}]},{"@type":"WebSite","@id":"https:\/\/www.csj-emballages.com\/pt-pt\/#website","url":"https:\/\/www.csj-emballages.com\/pt-pt\/","name":"CSJ Emballages","description":"","publisher":{"@id":"https:\/\/www.csj-emballages.com\/pt-pt\/#organization"},"potentialAction":[{"@type":"SearchAction","target":{"@type":"EntryPoint","urlTemplate":"https:\/\/www.csj-emballages.com\/pt-pt\/?s={search_term_string}"},"query-input":{"@type":"PropertyValueSpecification","valueRequired":true,"valueName":"search_term_string"}}],"inLanguage":"pt-PT"},{"@type":"Organization","@id":"https:\/\/www.csj-emballages.com\/pt-pt\/#Organization\/","name":"CSJ Emballages","url":"https:\/\/www.csj-emballages.com\/pt-pt\/","logo":{"@type":"ImageObject","inLanguage":"pt-PT","@id":"https:\/\/www.csj-emballages.com\/pt-pt\/#\/schema\/logo\/image\/","url":"https:\/\/www.csj-emballages.com\/wp-content\/uploads\/2023\/10\/logo_csj.webp","contentUrl":"https:\/\/www.csj-emballages.com\/wp-content\/uploads\/2023\/10\/logo_csj.webp","width":250,"height":95,"caption":"CSJ Emballages"},"image":{"@id":"https:\/\/www.csj-emballages.com\/pt-pt\/#\/schema\/logo\/image\/"},"sameAs":["https:\/\/www.facebook.com\/csjemballages"],"address":{"@type":"PostalAddress","streetAddress":"ZI La Lechere","addressLocality":"Patornay","postalCode":"39130","addressCountry":"FR"},"contactPoint":[{"@type":"ContactPoint","contactType":"Service client","telephone":"0384254272","email":"contact@csj-emballages.com"}]}]}},"df_price":39.42,"df_sale_price":"","df_regular_price":39.42,"df_image_link":"https:\/\/www.csj-emballages.com\/wp-content\/uploads\/2024\/03\/pique-metal-viande-brochette-boucherie-grossiste-csj-emballages-zoom-300x300.webp","tiered_pricing_type":"fixed","tiered_pricing_fixed_rules":[],"tiered_pricing_percentage_rules":[],"tiered_pricing_minimum":1,"tiered_pricing_roles_data":[],"_links":{"self":[{"href":"https:\/\/www.csj-emballages.com\/pt-pt\/wp-json\/wp\/v2\/product\/29278","targetHints":{"allow":["GET"]}}],"collection":[{"href":"https:\/\/www.csj-emballages.com\/pt-pt\/wp-json\/wp\/v2\/product"}],"about":[{"href":"https:\/\/www.csj-emballages.com\/pt-pt\/wp-json\/wp\/v2\/types\/product"}],"wp:featuredmedia":[{"embeddable":true,"href":"https:\/\/www.csj-emballages.com\/pt-pt\/wp-json\/wp\/v2\/media\/10240"}],"wp:attachment":[{"href":"https:\/\/www.csj-emballages.com\/pt-pt\/wp-json\/wp\/v2\/media?parent=29278"}],"wp:term":[{"taxonomy":"product_brand","embeddable":true,"href":"https:\/\/www.csj-emballages.com\/pt-pt\/wp-json\/wp\/v2\/product_brand?post=29278"},{"taxonomy":"product_cat","embeddable":true,"href":"https:\/\/www.csj-emballages.com\/pt-pt\/wp-json\/wp\/v2\/product_cat?post=29278"},{"taxonomy":"product_tag","embeddable":true,"href":"https:\/\/www.csj-emballages.com\/pt-pt\/wp-json\/wp\/v2\/product_tag?post=29278"}],"curies":[{"name":"wp","href":"https:\/\/api.w.org\/{rel}","templated":true}]}}