{"id":29261,"date":"2024-06-20T11:25:52","date_gmt":"2024-06-20T09:25:52","guid":{"rendered":"https:\/\/www.csj-emballages.com\/produit\/400-latas-de-frescura-com-tampa-de-plastico-articulada-375-ml-2\/"},"modified":"2025-03-27T00:19:58","modified_gmt":"2025-03-26T23:19:58","slug":"400-latas-de-frescura-com-tampa-de-plastico-articulada-375-ml-2","status":"publish","type":"product","link":"https:\/\/www.csj-emballages.com\/pt-pt\/produit\/400-latas-de-frescura-com-tampa-de-plastico-articulada-375-ml-2\/","title":{"rendered":"400 latas de frescura com tampa de pl\u00e1stico articulada 375 ml"},"content":{"rendered":"<h2>Caixa de pl\u00e1stico<\/h2>\n<hr>\n<h3>Descri\u00e7\u00e3o da nossa caixa de pl\u00e1stico de frescura com tampa articulada 375 ml por 400<\/h3>\n<p><!--more--><\/p>\n<p data-start=\"111\" data-end=\"530\">Esta <strong>lata de pl\u00e1stico de 375 ml<\/strong> com <strong data-start=\"170\" data-end=\"193\">tampa articulada<\/strong> \u00e9 ideal para armazenar e transportar alimentos. <strong data-start=\"253\" data-end=\"281\">Resistente e herm\u00e9tica<\/strong>, garante uma conserva\u00e7\u00e3o \u00f3ptima dos pratos frios. Concebida para profissionais do sector alimentar, fornecedores de refei\u00e7\u00f5es e particulares, oferece uma solu\u00e7\u00e3o pr\u00e1tica e fi\u00e1vel para embalar refei\u00e7\u00f5es para levar. <\/p>\n<p data-start=\"108\" data-end=\"487\"><!--more--><\/p>\n<h4>As suas vantagens:<\/h4>\n<ul>\n<li data-start=\"552\" data-end=\"625\"><strong data-start=\"554\" data-end=\"585\">Tampa articulada integrada<\/strong>: fecho seguro e reutiliz\u00e1vel.<\/li>\n<li data-start=\"713\" data-end=\"792\"><strong data-start=\"715\" data-end=\"735\">Material robusto<\/strong>: resistente aos choques e \u00e0s baixas temperaturas.<\/li>\n<li data-start=\"793\" data-end=\"878\"><strong data-start=\"795\" data-end=\"818\">Veda\u00e7\u00e3o \u00f3ptima<\/strong>: evita fugas e mant\u00e9m os alimentos frescos.<\/li>\n<li data-start=\"879\" data-end=\"947\"><strong data-start=\"881\" data-end=\"908\">Utiliza\u00e7\u00e3o a frio<\/strong>: adequado para pratos frios.<\/li>\n<\/ul>\n<p>&nbsp;<\/p>\n<p><!--more--><\/p>\n<h4>Outras informa\u00e7\u00f5es :<\/h4>\n<ul>\n<li><strong>Embalagem<\/strong>: Caixa de 400<\/li>\n<li><strong>Dimens\u00f5es<\/strong>: 138 x 114 x 40 mm<\/li>\n<li><strong>Volume<\/strong>: 375 ml<\/li>\n<li><strong>Material<\/strong>: pl\u00e1stico PET<\/li>\n<li><b>Temperatura de funcionamento <\/b>: -40\u00b0C \/ +60\u00b0C<\/li>\n<li><strong>Tipo de cobertura<\/strong>: articulada \/ retr\u00e1til<\/li>\n<\/ul>\n<p>&nbsp;<\/p>\n<p><!--more--><\/p>\n<p><span style=\"color: #d12727;\"><a style=\"color: #d12727;\" href=\"https:\/\/www.csj-emballages.com\/pt-pt\/produit\/lata-de-frescura-com-tampa-de-plastico-articulada-2000-ml-por-200\/\">Encontre esta lata de 2000 ml aqui  <\/a><\/span><\/p>\n<p>&nbsp;<\/p>\n<p><!--more--><\/p>\n<p><a href=\"https:\/\/www.csj-emballages.com\/pt-pt\/categorie-produit\/embalagem-de-alimentos\/descontos-promocoes\/\">V\u00ea o resto da nossa gama de stock<\/a><\/p>\n","protected":false},"excerpt":{"rendered":"<p>Caixa de pl\u00e1stico Descri\u00e7\u00e3o da nossa caixa de pl\u00e1stico de frescura com tampa articulada 375 ml por 400<\/p>\n","protected":false},"featured_media":227258,"template":"","meta":{"_acf_changed":false},"product_brand":[],"product_cat":[1141,1176,2289,1525,2848,1267],"product_tag":[],"class_list":{"0":"post-29261","1":"product","2":"type-product","3":"status-publish","4":"has-post-thumbnail","6":"product_cat-embalagem-de-alimentos","7":"product_cat-talho-e-charcutaria","8":"product_cat-tabuleiros-latas-e-frascos","9":"product_cat-tabuleiros-latas-frascos-para-alimentos","10":"product_cat-tabuleiros-de-frescura","11":"product_cat-descontos-promocoes","13":"first","14":"instock","15":"sale","16":"taxable","17":"shipping-taxable","18":"purchasable","19":"product-type-simple"},"acf":[],"yoast_head":"<!-- This site is optimized with the Yoast SEO Premium plugin v26.6 (Yoast SEO v26.6) - https:\/\/yoast.com\/wordpress\/plugins\/seo\/ -->\n<title>Lata de pl\u00e1stico Freshness com tampa articulada 375 ml x 400<\/title>\n<meta name=\"description\" content=\"Caixa de frescura de pl\u00e1stico de 375 ml com tampa articulada (embalagem de 400) Ideal para armazenar e transportar os seus pratos com toda a seguran\u00e7a.\" \/>\n<meta name=\"robots\" content=\"index, follow, max-snippet:-1, max-image-preview:large, max-video-preview:-1\" \/>\n<link rel=\"canonical\" href=\"https:\/\/www.csj-emballages.com\/pt-pt\/produit\/400-latas-de-frescura-com-tampa-de-plastico-articulada-375-ml-2\/\" \/>\n<meta property=\"og:locale\" content=\"pt_PT\" \/>\n<meta property=\"og:type\" content=\"article\" \/>\n<meta property=\"og:title\" content=\"400 latas de frescura com tampa de pl\u00e1stico articulada 375 ml\" \/>\n<meta property=\"og:description\" content=\"Caixa de frescura de pl\u00e1stico de 375 ml com tampa articulada (embalagem de 400) Ideal para armazenar e transportar os seus pratos com toda a seguran\u00e7a.\" \/>\n<meta property=\"og:url\" content=\"https:\/\/www.csj-emballages.com\/pt-pt\/produit\/400-latas-de-frescura-com-tampa-de-plastico-articulada-375-ml-2\/\" \/>\n<meta property=\"og:site_name\" content=\"CSJ Emballages\" \/>\n<meta property=\"article:publisher\" content=\"https:\/\/www.facebook.com\/csjemballages\" \/>\n<meta property=\"article:modified_time\" content=\"2025-03-26T23:19:58+00:00\" \/>\n<meta property=\"og:image\" content=\"https:\/\/www.csj-emballages.com\/wp-content\/uploads\/2025\/03\/boite-fraicheur.webp\" \/>\n\t<meta property=\"og:image:width\" content=\"800\" \/>\n\t<meta property=\"og:image:height\" content=\"800\" \/>\n\t<meta property=\"og:image:type\" content=\"image\/webp\" \/>\n<meta name=\"twitter:card\" content=\"summary_large_image\" \/>\n<meta name=\"twitter:label1\" content=\"Tempo estimado de leitura\" \/>\n\t<meta name=\"twitter:data1\" content=\"1 minuto\" \/>\n<script type=\"application\/ld+json\" class=\"yoast-schema-graph\">{\"@context\":\"https:\/\/schema.org\",\"@graph\":[{\"@type\":\"WebPage\",\"@id\":\"https:\/\/www.csj-emballages.com\/pt-pt\/produit\/400-latas-de-frescura-com-tampa-de-plastico-articulada-375-ml-2\/\",\"url\":\"https:\/\/www.csj-emballages.com\/pt-pt\/produit\/400-latas-de-frescura-com-tampa-de-plastico-articulada-375-ml-2\/\",\"name\":\"Lata de pl\u00e1stico Freshness com tampa articulada 375 ml x 400\",\"isPartOf\":{\"@id\":\"https:\/\/www.csj-emballages.com\/pt-pt\/#website\"},\"primaryImageOfPage\":{\"@id\":\"https:\/\/www.csj-emballages.com\/pt-pt\/produit\/400-latas-de-frescura-com-tampa-de-plastico-articulada-375-ml-2\/#primaryimage\"},\"image\":{\"@id\":\"https:\/\/www.csj-emballages.com\/pt-pt\/produit\/400-latas-de-frescura-com-tampa-de-plastico-articulada-375-ml-2\/#primaryimage\"},\"thumbnailUrl\":\"https:\/\/www.csj-emballages.com\/wp-content\/uploads\/2025\/03\/boite-fraicheur.webp\",\"datePublished\":\"2024-06-20T09:25:52+00:00\",\"dateModified\":\"2025-03-26T23:19:58+00:00\",\"description\":\"Caixa de frescura de pl\u00e1stico de 375 ml com tampa articulada (embalagem de 400) Ideal para armazenar e transportar os seus pratos com toda a seguran\u00e7a.\",\"breadcrumb\":{\"@id\":\"https:\/\/www.csj-emballages.com\/pt-pt\/produit\/400-latas-de-frescura-com-tampa-de-plastico-articulada-375-ml-2\/#breadcrumb\"},\"inLanguage\":\"pt-PT\",\"potentialAction\":[{\"@type\":\"ReadAction\",\"target\":[\"https:\/\/www.csj-emballages.com\/pt-pt\/produit\/400-latas-de-frescura-com-tampa-de-plastico-articulada-375-ml-2\/\"]}]},{\"@type\":\"ImageObject\",\"inLanguage\":\"pt-PT\",\"@id\":\"https:\/\/www.csj-emballages.com\/pt-pt\/produit\/400-latas-de-frescura-com-tampa-de-plastico-articulada-375-ml-2\/#primaryimage\",\"url\":\"https:\/\/www.csj-emballages.com\/wp-content\/uploads\/2025\/03\/boite-fraicheur.webp\",\"contentUrl\":\"https:\/\/www.csj-emballages.com\/wp-content\/uploads\/2025\/03\/boite-fraicheur.webp\",\"width\":800,\"height\":800,\"caption\":\"Boite fra\u00eecheur\"},{\"@type\":\"BreadcrumbList\",\"@id\":\"https:\/\/www.csj-emballages.com\/pt-pt\/produit\/400-latas-de-frescura-com-tampa-de-plastico-articulada-375-ml-2\/#breadcrumb\",\"itemListElement\":[{\"@type\":\"ListItem\",\"position\":1,\"name\":\"Acolhimento\",\"item\":\"https:\/\/www.csj-emballages.com\/pt-pt\/universo-das-embalagens-alimentares\/\"},{\"@type\":\"ListItem\",\"position\":2,\"name\":\"Shop\",\"item\":\"https:\/\/www.csj-emballages.com\/shop\/\"},{\"@type\":\"ListItem\",\"position\":3,\"name\":\"400 latas de frescura com tampa de pl\u00e1stico articulada 375 ml\"}]},{\"@type\":\"WebSite\",\"@id\":\"https:\/\/www.csj-emballages.com\/pt-pt\/#website\",\"url\":\"https:\/\/www.csj-emballages.com\/pt-pt\/\",\"name\":\"CSJ Emballages\",\"description\":\"\",\"publisher\":{\"@id\":\"https:\/\/www.csj-emballages.com\/pt-pt\/#organization\"},\"potentialAction\":[{\"@type\":\"SearchAction\",\"target\":{\"@type\":\"EntryPoint\",\"urlTemplate\":\"https:\/\/www.csj-emballages.com\/pt-pt\/?s={search_term_string}\"},\"query-input\":{\"@type\":\"PropertyValueSpecification\",\"valueRequired\":true,\"valueName\":\"search_term_string\"}}],\"inLanguage\":\"pt-PT\"},{\"@type\":\"Organization\",\"@id\":\"https:\/\/www.csj-emballages.com\/pt-pt\/#Organization\/\",\"name\":\"CSJ Emballages\",\"url\":\"https:\/\/www.csj-emballages.com\/pt-pt\/\",\"logo\":{\"@type\":\"ImageObject\",\"inLanguage\":\"pt-PT\",\"@id\":\"https:\/\/www.csj-emballages.com\/pt-pt\/#\/schema\/logo\/image\/\",\"url\":\"https:\/\/www.csj-emballages.com\/wp-content\/uploads\/2023\/10\/logo_csj.webp\",\"contentUrl\":\"https:\/\/www.csj-emballages.com\/wp-content\/uploads\/2023\/10\/logo_csj.webp\",\"width\":250,\"height\":95,\"caption\":\"CSJ Emballages\"},\"image\":{\"@id\":\"https:\/\/www.csj-emballages.com\/pt-pt\/#\/schema\/logo\/image\/\"},\"sameAs\":[\"https:\/\/www.facebook.com\/csjemballages\"],\"address\":{\"@type\":\"PostalAddress\",\"streetAddress\":\"ZI La Lechere\",\"addressLocality\":\"Patornay\",\"postalCode\":\"39130\",\"addressCountry\":\"FR\"},\"contactPoint\":[{\"@type\":\"ContactPoint\",\"contactType\":\"Service client\",\"telephone\":\"0384254272\",\"email\":\"contact@csj-emballages.com\"}]}]}<\/script>\n<!-- \/ Yoast SEO Premium plugin. -->","yoast_head_json":{"title":"Lata de pl\u00e1stico Freshness com tampa articulada 375 ml x 400","description":"Caixa de frescura de pl\u00e1stico de 375 ml com tampa articulada (embalagem de 400) Ideal para armazenar e transportar os seus pratos com toda a seguran\u00e7a.","robots":{"index":"index","follow":"follow","max-snippet":"max-snippet:-1","max-image-preview":"max-image-preview:large","max-video-preview":"max-video-preview:-1"},"canonical":"https:\/\/www.csj-emballages.com\/pt-pt\/produit\/400-latas-de-frescura-com-tampa-de-plastico-articulada-375-ml-2\/","og_locale":"pt_PT","og_type":"article","og_title":"400 latas de frescura com tampa de pl\u00e1stico articulada 375 ml","og_description":"Caixa de frescura de pl\u00e1stico de 375 ml com tampa articulada (embalagem de 400) Ideal para armazenar e transportar os seus pratos com toda a seguran\u00e7a.","og_url":"https:\/\/www.csj-emballages.com\/pt-pt\/produit\/400-latas-de-frescura-com-tampa-de-plastico-articulada-375-ml-2\/","og_site_name":"CSJ Emballages","article_publisher":"https:\/\/www.facebook.com\/csjemballages","article_modified_time":"2025-03-26T23:19:58+00:00","og_image":[{"width":800,"height":800,"url":"https:\/\/www.csj-emballages.com\/wp-content\/uploads\/2025\/03\/boite-fraicheur.webp","type":"image\/webp"}],"twitter_card":"summary_large_image","twitter_misc":{"Tempo estimado de leitura":"1 minuto"},"schema":{"@context":"https:\/\/schema.org","@graph":[{"@type":"WebPage","@id":"https:\/\/www.csj-emballages.com\/pt-pt\/produit\/400-latas-de-frescura-com-tampa-de-plastico-articulada-375-ml-2\/","url":"https:\/\/www.csj-emballages.com\/pt-pt\/produit\/400-latas-de-frescura-com-tampa-de-plastico-articulada-375-ml-2\/","name":"Lata de pl\u00e1stico Freshness com tampa articulada 375 ml x 400","isPartOf":{"@id":"https:\/\/www.csj-emballages.com\/pt-pt\/#website"},"primaryImageOfPage":{"@id":"https:\/\/www.csj-emballages.com\/pt-pt\/produit\/400-latas-de-frescura-com-tampa-de-plastico-articulada-375-ml-2\/#primaryimage"},"image":{"@id":"https:\/\/www.csj-emballages.com\/pt-pt\/produit\/400-latas-de-frescura-com-tampa-de-plastico-articulada-375-ml-2\/#primaryimage"},"thumbnailUrl":"https:\/\/www.csj-emballages.com\/wp-content\/uploads\/2025\/03\/boite-fraicheur.webp","datePublished":"2024-06-20T09:25:52+00:00","dateModified":"2025-03-26T23:19:58+00:00","description":"Caixa de frescura de pl\u00e1stico de 375 ml com tampa articulada (embalagem de 400) Ideal para armazenar e transportar os seus pratos com toda a seguran\u00e7a.","breadcrumb":{"@id":"https:\/\/www.csj-emballages.com\/pt-pt\/produit\/400-latas-de-frescura-com-tampa-de-plastico-articulada-375-ml-2\/#breadcrumb"},"inLanguage":"pt-PT","potentialAction":[{"@type":"ReadAction","target":["https:\/\/www.csj-emballages.com\/pt-pt\/produit\/400-latas-de-frescura-com-tampa-de-plastico-articulada-375-ml-2\/"]}]},{"@type":"ImageObject","inLanguage":"pt-PT","@id":"https:\/\/www.csj-emballages.com\/pt-pt\/produit\/400-latas-de-frescura-com-tampa-de-plastico-articulada-375-ml-2\/#primaryimage","url":"https:\/\/www.csj-emballages.com\/wp-content\/uploads\/2025\/03\/boite-fraicheur.webp","contentUrl":"https:\/\/www.csj-emballages.com\/wp-content\/uploads\/2025\/03\/boite-fraicheur.webp","width":800,"height":800,"caption":"Boite fra\u00eecheur"},{"@type":"BreadcrumbList","@id":"https:\/\/www.csj-emballages.com\/pt-pt\/produit\/400-latas-de-frescura-com-tampa-de-plastico-articulada-375-ml-2\/#breadcrumb","itemListElement":[{"@type":"ListItem","position":1,"name":"Acolhimento","item":"https:\/\/www.csj-emballages.com\/pt-pt\/universo-das-embalagens-alimentares\/"},{"@type":"ListItem","position":2,"name":"Shop","item":"https:\/\/www.csj-emballages.com\/shop\/"},{"@type":"ListItem","position":3,"name":"400 latas de frescura com tampa de pl\u00e1stico articulada 375 ml"}]},{"@type":"WebSite","@id":"https:\/\/www.csj-emballages.com\/pt-pt\/#website","url":"https:\/\/www.csj-emballages.com\/pt-pt\/","name":"CSJ Emballages","description":"","publisher":{"@id":"https:\/\/www.csj-emballages.com\/pt-pt\/#organization"},"potentialAction":[{"@type":"SearchAction","target":{"@type":"EntryPoint","urlTemplate":"https:\/\/www.csj-emballages.com\/pt-pt\/?s={search_term_string}"},"query-input":{"@type":"PropertyValueSpecification","valueRequired":true,"valueName":"search_term_string"}}],"inLanguage":"pt-PT"},{"@type":"Organization","@id":"https:\/\/www.csj-emballages.com\/pt-pt\/#Organization\/","name":"CSJ Emballages","url":"https:\/\/www.csj-emballages.com\/pt-pt\/","logo":{"@type":"ImageObject","inLanguage":"pt-PT","@id":"https:\/\/www.csj-emballages.com\/pt-pt\/#\/schema\/logo\/image\/","url":"https:\/\/www.csj-emballages.com\/wp-content\/uploads\/2023\/10\/logo_csj.webp","contentUrl":"https:\/\/www.csj-emballages.com\/wp-content\/uploads\/2023\/10\/logo_csj.webp","width":250,"height":95,"caption":"CSJ Emballages"},"image":{"@id":"https:\/\/www.csj-emballages.com\/pt-pt\/#\/schema\/logo\/image\/"},"sameAs":["https:\/\/www.facebook.com\/csjemballages"],"address":{"@type":"PostalAddress","streetAddress":"ZI La Lechere","addressLocality":"Patornay","postalCode":"39130","addressCountry":"FR"},"contactPoint":[{"@type":"ContactPoint","contactType":"Service client","telephone":"0384254272","email":"contact@csj-emballages.com"}]}]}},"df_price":47.82,"df_sale_price":47.82,"df_regular_price":56.26,"df_image_link":"https:\/\/www.csj-emballages.com\/wp-content\/uploads\/2025\/03\/boite-fraicheur-300x300.webp","tiered_pricing_type":"fixed","tiered_pricing_fixed_rules":[],"tiered_pricing_percentage_rules":[],"tiered_pricing_minimum":1,"tiered_pricing_roles_data":[],"_links":{"self":[{"href":"https:\/\/www.csj-emballages.com\/pt-pt\/wp-json\/wp\/v2\/product\/29261","targetHints":{"allow":["GET"]}}],"collection":[{"href":"https:\/\/www.csj-emballages.com\/pt-pt\/wp-json\/wp\/v2\/product"}],"about":[{"href":"https:\/\/www.csj-emballages.com\/pt-pt\/wp-json\/wp\/v2\/types\/product"}],"wp:featuredmedia":[{"embeddable":true,"href":"https:\/\/www.csj-emballages.com\/pt-pt\/wp-json\/wp\/v2\/media\/227258"}],"wp:attachment":[{"href":"https:\/\/www.csj-emballages.com\/pt-pt\/wp-json\/wp\/v2\/media?parent=29261"}],"wp:term":[{"taxonomy":"product_brand","embeddable":true,"href":"https:\/\/www.csj-emballages.com\/pt-pt\/wp-json\/wp\/v2\/product_brand?post=29261"},{"taxonomy":"product_cat","embeddable":true,"href":"https:\/\/www.csj-emballages.com\/pt-pt\/wp-json\/wp\/v2\/product_cat?post=29261"},{"taxonomy":"product_tag","embeddable":true,"href":"https:\/\/www.csj-emballages.com\/pt-pt\/wp-json\/wp\/v2\/product_tag?post=29261"}],"curies":[{"name":"wp","href":"https:\/\/api.w.org\/{rel}","templated":true}]}}