{"id":29258,"date":"2024-06-20T15:14:33","date_gmt":"2024-06-20T13:14:33","guid":{"rendered":"https:\/\/www.csj-emballages.com\/?post_type=product&#038;p=29258"},"modified":"2026-04-14T02:10:15","modified_gmt":"2026-04-14T00:10:15","slug":"gel-de-sabao-para-as-maos-com-rotulo-ecologico-5-litros","status":"publish","type":"product","link":"https:\/\/www.csj-emballages.com\/pt-pt\/produit\/gel-de-sabao-para-as-maos-com-rotulo-ecologico-5-litros\/","title":{"rendered":"Gel de sab\u00e3o para as m\u00e3os com r\u00f3tulo ecol\u00f3gico 5 litros"},"content":{"rendered":"<h2 class=\"ai-optimize-34\">Gel de sab\u00e3o para as m\u00e3os<\/h2>\n<hr>\n<h3 class=\"ai-optimize-34\">Descri\u00e7\u00e3o do nosso gel de sab\u00e3o para as m\u00e3os com r\u00f3tulo ecol\u00f3gico de 5 litros<\/h3>\n<p><!--more--><\/p>\n<p class=\"ai-optimize-35 ai-optimize-introduction\">Descubra o nosso <strong>gel de sab\u00e3o para as m\u00e3os<\/strong> <strong>5L<\/strong> <strong>Ecolabel<\/strong>, concebido para uma utiliza\u00e7\u00e3o quotidiana e ecol\u00f3gica. Em primeiro lugar, este <strong>sabonete l\u00edquido<\/strong> combina efic\u00e1cia e suavidade, ideal para toda a fam\u00edlia. A sua f\u00f3rmula natural limpa em profundidade, preservando o equil\u00edbrio da sua pele. Sem corantes nem fragr\u00e2ncias artificiais, \u00e9 adequado mesmo para as peles mais sens\u00edveis.   <\/p>\n<p class=\"ai-optimize-36\">Com o seu formato econ\u00f3mico <strong>de 5L<\/strong>, \u00e9 perfeito para uma utiliza\u00e7\u00e3o prolongada e reduz os res\u00edduos de pl\u00e1stico. Adopte uma higiene impec\u00e1vel, respeitando o planeta com o nosso <strong>gel de sab\u00e3o para as m\u00e3os com r\u00f3tulo ecol<\/strong>\u00f3gico. Desfrute de um sabonete suave que deixa as suas m\u00e3os limpas e delicadamente perfumadas, sem comprometer a qualidade da \u00e1gua. A sua f\u00f3rmula inovadora torna o enxaguamento r\u00e1pido e f\u00e1cil, poupando-lhe tempo todos os dias. Escolher o nosso <strong>gel de sab\u00e3o para as m\u00e3os com r\u00f3tulo<\/strong> ecol\u00f3gico significa optar por uma solu\u00e7\u00e3o sustent\u00e1vel que respeita a natureza.    <\/p>\n<p class=\"ai-optimize-37\">Simplifica a tua rotina de lavagem das m\u00e3os enquanto cuidas do ambiente. O nosso gel de sab\u00e3o para as m\u00e3os 5L \u00e9 a solu\u00e7\u00e3o ideal para uma higiene natural e respons\u00e1vel. <\/p>\n<p>&nbsp;<\/p>\n<p><!--more--><\/p>\n<p class=\"ai-optimize-38\">Faz a tua parte pelo planeta com este produto ecol\u00f3gico e eficaz.<\/p>\n<p>&nbsp;<\/p>\n<p><!--more--><\/p>\n<p class=\"ai-optimize-39\"><strong>As suas vantagens:<\/strong><\/p>\n<ul>\n<li class=\"ai-optimize-40\"><strong>Amigo do ambiente<\/strong>: f\u00f3rmula certificada com o r\u00f3tulo ecol\u00f3gico, reduzindo o impacto ecol\u00f3gico.<\/li>\n<li class=\"ai-optimize-41\"><strong>Econ\u00f3mica<\/strong>: formato de 5L para uma utiliza\u00e7\u00e3o prolongada, ideal para fam\u00edlias ou locais p\u00fablicos.<\/li>\n<li class=\"ai-optimize-42\"><strong>Ideal para locais p\u00fablicos<\/strong>: Perfeito para escolas, escrit\u00f3rios e outras \u00e1reas que exijam uma higiene frequente.<\/li>\n<\/ul>\n<p>&nbsp;<\/p>\n<p><!--more--><\/p>\n<h4 class=\"ai-optimize-44\">Outras informa\u00e7\u00f5es :<\/h4>\n<ul>\n<li class=\"ai-optimize-45\"><strong>Embalagem<\/strong>: Por unidade<\/li>\n<li class=\"ai-optimize-46\"><strong>Utiliza\u00e7\u00e3o<\/strong>: Sabonete para as m\u00e3os<\/li>\n<li class=\"ai-optimize-47\"><strong>Volume<\/strong>: 5 litros<\/li>\n<\/ul>\n<h5><\/h5>\n<p><!--more--><\/p>\n<p class=\"ai-optimize-48\">Ver tamb\u00e9m o nosso cartucho de 900 ml de sab\u00e3o para m\u00e3os e cavalos: <span style=\"color: #d12727;\"><a style=\"color: #d12727;\" href=\"https:\/\/www.csj-emballages.com\/es\/produit\/dispensador-de-cartucho-de-jabon-de-900-ml-03ds080001\/\">03HAIRBODY<\/a><\/span><\/p>\n<p>&nbsp;<\/p>\n<p><!--more--><\/p>\n<p class=\"ai-optimize-43\"><a href=\"https:\/\/www.csj-emballages.com\/pt-pt\/categorie-produit\/embalagem-de-alimentos\/gama-biologica\/produtos-biologicos-pt-pt\/\">Veja o resto da nossa gama de produtos de limpeza biol\u00f3gicos aqui<\/a><\/p>\n","protected":false},"excerpt":{"rendered":"<p>Gel de sab\u00e3o para as m\u00e3os Descri\u00e7\u00e3o do nosso gel de sab\u00e3o para as m\u00e3os com r\u00f3tulo ecol\u00f3gico de 5 litros<\/p>\n","protected":false},"featured_media":235473,"template":"","meta":{"_acf_changed":false},"product_brand":[],"product_cat":[1141,1152,6982,1222,1223,1412,1356,1357],"product_tag":[],"class_list":{"0":"post-29258","1":"product","2":"type-product","3":"status-publish","4":"has-post-thumbnail","6":"product_cat-embalagem-de-alimentos","7":"product_cat-gama-biologica","8":"product_cat-produtos-biologicos-pt-pt","9":"product_cat-higiene-e-manutencao","10":"product_cat-produtos-de-limpeza","11":"product_cat-area-ecologica","12":"product_cat-higiene-pessoal","13":"product_cat-sabonete-para-as-maos","14":"product_shipping_class-nao-e-permitido-em-reles","16":"first","17":"instock","18":"taxable","19":"shipping-taxable","20":"purchasable","21":"product-type-simple"},"acf":[],"yoast_head":"<!-- This site is optimized with the Yoast SEO Premium plugin v26.6 (Yoast SEO v26.6) - https:\/\/yoast.com\/wordpress\/plugins\/seo\/ -->\n<title>Sabonete em Gel 5L R\u00f3tulo Ecol\u00f3gico \/ CSJ Emballages<\/title>\n<meta name=\"description\" content=\"Descobre o gel de sab\u00e3o para as m\u00e3os 5L Ecolabel, que \u00e9 amigo do ambiente e suave para as peles sens\u00edveis. Desfruta de uma higiene impec\u00e1vel e duradoura!\" \/>\n<meta name=\"robots\" content=\"index, follow, max-snippet:-1, max-image-preview:large, max-video-preview:-1\" \/>\n<link rel=\"canonical\" href=\"https:\/\/www.csj-emballages.com\/pt-pt\/produit\/gel-de-sabao-para-as-maos-com-rotulo-ecologico-5-litros\/\" \/>\n<meta property=\"og:locale\" content=\"pt_PT\" \/>\n<meta property=\"og:type\" content=\"article\" \/>\n<meta property=\"og:title\" content=\"Gel de sab\u00e3o para as m\u00e3os com r\u00f3tulo ecol\u00f3gico 5 litros\" \/>\n<meta property=\"og:description\" content=\"Descobre o gel de sab\u00e3o para as m\u00e3os 5L Ecolabel, que \u00e9 amigo do ambiente e suave para as peles sens\u00edveis. Desfruta de uma higiene impec\u00e1vel e duradoura!\" \/>\n<meta property=\"og:url\" content=\"https:\/\/www.csj-emballages.com\/pt-pt\/produit\/gel-de-sabao-para-as-maos-com-rotulo-ecologico-5-litros\/\" \/>\n<meta property=\"og:site_name\" content=\"CSJ Emballages\" \/>\n<meta property=\"article:publisher\" content=\"https:\/\/www.facebook.com\/csjemballages\" \/>\n<meta property=\"article:modified_time\" content=\"2026-04-14T00:10:15+00:00\" \/>\n<meta property=\"og:image\" content=\"https:\/\/www.csj-emballages.com\/wp-content\/uploads\/2024\/06\/00705.webp\" \/>\n\t<meta property=\"og:image:width\" content=\"800\" \/>\n\t<meta property=\"og:image:height\" content=\"800\" \/>\n\t<meta property=\"og:image:type\" content=\"image\/webp\" \/>\n<meta name=\"twitter:card\" content=\"summary_large_image\" \/>\n<meta name=\"twitter:label1\" content=\"Tempo estimado de leitura\" \/>\n\t<meta name=\"twitter:data1\" content=\"2 minutos\" \/>\n<script type=\"application\/ld+json\" class=\"yoast-schema-graph\">{\"@context\":\"https:\/\/schema.org\",\"@graph\":[{\"@type\":\"WebPage\",\"@id\":\"https:\/\/www.csj-emballages.com\/pt-pt\/produit\/gel-de-sabao-para-as-maos-com-rotulo-ecologico-5-litros\/\",\"url\":\"https:\/\/www.csj-emballages.com\/pt-pt\/produit\/gel-de-sabao-para-as-maos-com-rotulo-ecologico-5-litros\/\",\"name\":\"Sabonete em Gel 5L R\u00f3tulo Ecol\u00f3gico \/ CSJ Emballages\",\"isPartOf\":{\"@id\":\"https:\/\/www.csj-emballages.com\/pt-pt\/#website\"},\"primaryImageOfPage\":{\"@id\":\"https:\/\/www.csj-emballages.com\/pt-pt\/produit\/gel-de-sabao-para-as-maos-com-rotulo-ecologico-5-litros\/#primaryimage\"},\"image\":{\"@id\":\"https:\/\/www.csj-emballages.com\/pt-pt\/produit\/gel-de-sabao-para-as-maos-com-rotulo-ecologico-5-litros\/#primaryimage\"},\"thumbnailUrl\":\"https:\/\/www.csj-emballages.com\/wp-content\/uploads\/2024\/06\/00705.webp\",\"datePublished\":\"2024-06-20T13:14:33+00:00\",\"dateModified\":\"2026-04-14T00:10:15+00:00\",\"description\":\"Descobre o gel de sab\u00e3o para as m\u00e3os 5L Ecolabel, que \u00e9 amigo do ambiente e suave para as peles sens\u00edveis. Desfruta de uma higiene impec\u00e1vel e duradoura!\",\"breadcrumb\":{\"@id\":\"https:\/\/www.csj-emballages.com\/pt-pt\/produit\/gel-de-sabao-para-as-maos-com-rotulo-ecologico-5-litros\/#breadcrumb\"},\"inLanguage\":\"pt-PT\",\"potentialAction\":[{\"@type\":\"ReadAction\",\"target\":[\"https:\/\/www.csj-emballages.com\/pt-pt\/produit\/gel-de-sabao-para-as-maos-com-rotulo-ecologico-5-litros\/\"]}]},{\"@type\":\"ImageObject\",\"inLanguage\":\"pt-PT\",\"@id\":\"https:\/\/www.csj-emballages.com\/pt-pt\/produit\/gel-de-sabao-para-as-maos-com-rotulo-ecologico-5-litros\/#primaryimage\",\"url\":\"https:\/\/www.csj-emballages.com\/wp-content\/uploads\/2024\/06\/00705.webp\",\"contentUrl\":\"https:\/\/www.csj-emballages.com\/wp-content\/uploads\/2024\/06\/00705.webp\",\"width\":800,\"height\":800,\"caption\":\"Gel savon main\"},{\"@type\":\"BreadcrumbList\",\"@id\":\"https:\/\/www.csj-emballages.com\/pt-pt\/produit\/gel-de-sabao-para-as-maos-com-rotulo-ecologico-5-litros\/#breadcrumb\",\"itemListElement\":[{\"@type\":\"ListItem\",\"position\":1,\"name\":\"Acolhimento\",\"item\":\"https:\/\/www.csj-emballages.com\/pt-pt\/universo-das-embalagens-alimentares\/\"},{\"@type\":\"ListItem\",\"position\":2,\"name\":\"Shop\",\"item\":\"https:\/\/www.csj-emballages.com\/shop\/\"},{\"@type\":\"ListItem\",\"position\":3,\"name\":\"Gel de sab\u00e3o para as m\u00e3os com r\u00f3tulo ecol\u00f3gico 5 litros\"}]},{\"@type\":\"WebSite\",\"@id\":\"https:\/\/www.csj-emballages.com\/pt-pt\/#website\",\"url\":\"https:\/\/www.csj-emballages.com\/pt-pt\/\",\"name\":\"CSJ Emballages\",\"description\":\"\",\"publisher\":{\"@id\":\"https:\/\/www.csj-emballages.com\/pt-pt\/#organization\"},\"potentialAction\":[{\"@type\":\"SearchAction\",\"target\":{\"@type\":\"EntryPoint\",\"urlTemplate\":\"https:\/\/www.csj-emballages.com\/pt-pt\/?s={search_term_string}\"},\"query-input\":{\"@type\":\"PropertyValueSpecification\",\"valueRequired\":true,\"valueName\":\"search_term_string\"}}],\"inLanguage\":\"pt-PT\"},{\"@type\":\"Organization\",\"@id\":\"https:\/\/www.csj-emballages.com\/pt-pt\/#Organization\/\",\"name\":\"CSJ Emballages\",\"url\":\"https:\/\/www.csj-emballages.com\/pt-pt\/\",\"logo\":{\"@type\":\"ImageObject\",\"inLanguage\":\"pt-PT\",\"@id\":\"https:\/\/www.csj-emballages.com\/pt-pt\/#\/schema\/logo\/image\/\",\"url\":\"https:\/\/www.csj-emballages.com\/wp-content\/uploads\/2023\/10\/logo_csj.webp\",\"contentUrl\":\"https:\/\/www.csj-emballages.com\/wp-content\/uploads\/2023\/10\/logo_csj.webp\",\"width\":250,\"height\":95,\"caption\":\"CSJ Emballages\"},\"image\":{\"@id\":\"https:\/\/www.csj-emballages.com\/pt-pt\/#\/schema\/logo\/image\/\"},\"sameAs\":[\"https:\/\/www.facebook.com\/csjemballages\"],\"address\":{\"@type\":\"PostalAddress\",\"streetAddress\":\"ZI La Lechere\",\"addressLocality\":\"Patornay\",\"postalCode\":\"39130\",\"addressCountry\":\"FR\"},\"contactPoint\":[{\"@type\":\"ContactPoint\",\"contactType\":\"Service client\",\"telephone\":\"0384254272\",\"email\":\"contact@csj-emballages.com\"}]}]}<\/script>\n<!-- \/ Yoast SEO Premium plugin. -->","yoast_head_json":{"title":"Sabonete em Gel 5L R\u00f3tulo Ecol\u00f3gico \/ CSJ Emballages","description":"Descobre o gel de sab\u00e3o para as m\u00e3os 5L Ecolabel, que \u00e9 amigo do ambiente e suave para as peles sens\u00edveis. Desfruta de uma higiene impec\u00e1vel e duradoura!","robots":{"index":"index","follow":"follow","max-snippet":"max-snippet:-1","max-image-preview":"max-image-preview:large","max-video-preview":"max-video-preview:-1"},"canonical":"https:\/\/www.csj-emballages.com\/pt-pt\/produit\/gel-de-sabao-para-as-maos-com-rotulo-ecologico-5-litros\/","og_locale":"pt_PT","og_type":"article","og_title":"Gel de sab\u00e3o para as m\u00e3os com r\u00f3tulo ecol\u00f3gico 5 litros","og_description":"Descobre o gel de sab\u00e3o para as m\u00e3os 5L Ecolabel, que \u00e9 amigo do ambiente e suave para as peles sens\u00edveis. Desfruta de uma higiene impec\u00e1vel e duradoura!","og_url":"https:\/\/www.csj-emballages.com\/pt-pt\/produit\/gel-de-sabao-para-as-maos-com-rotulo-ecologico-5-litros\/","og_site_name":"CSJ Emballages","article_publisher":"https:\/\/www.facebook.com\/csjemballages","article_modified_time":"2026-04-14T00:10:15+00:00","og_image":[{"width":800,"height":800,"url":"https:\/\/www.csj-emballages.com\/wp-content\/uploads\/2024\/06\/00705.webp","type":"image\/webp"}],"twitter_card":"summary_large_image","twitter_misc":{"Tempo estimado de leitura":"2 minutos"},"schema":{"@context":"https:\/\/schema.org","@graph":[{"@type":"WebPage","@id":"https:\/\/www.csj-emballages.com\/pt-pt\/produit\/gel-de-sabao-para-as-maos-com-rotulo-ecologico-5-litros\/","url":"https:\/\/www.csj-emballages.com\/pt-pt\/produit\/gel-de-sabao-para-as-maos-com-rotulo-ecologico-5-litros\/","name":"Sabonete em Gel 5L R\u00f3tulo Ecol\u00f3gico \/ CSJ Emballages","isPartOf":{"@id":"https:\/\/www.csj-emballages.com\/pt-pt\/#website"},"primaryImageOfPage":{"@id":"https:\/\/www.csj-emballages.com\/pt-pt\/produit\/gel-de-sabao-para-as-maos-com-rotulo-ecologico-5-litros\/#primaryimage"},"image":{"@id":"https:\/\/www.csj-emballages.com\/pt-pt\/produit\/gel-de-sabao-para-as-maos-com-rotulo-ecologico-5-litros\/#primaryimage"},"thumbnailUrl":"https:\/\/www.csj-emballages.com\/wp-content\/uploads\/2024\/06\/00705.webp","datePublished":"2024-06-20T13:14:33+00:00","dateModified":"2026-04-14T00:10:15+00:00","description":"Descobre o gel de sab\u00e3o para as m\u00e3os 5L Ecolabel, que \u00e9 amigo do ambiente e suave para as peles sens\u00edveis. Desfruta de uma higiene impec\u00e1vel e duradoura!","breadcrumb":{"@id":"https:\/\/www.csj-emballages.com\/pt-pt\/produit\/gel-de-sabao-para-as-maos-com-rotulo-ecologico-5-litros\/#breadcrumb"},"inLanguage":"pt-PT","potentialAction":[{"@type":"ReadAction","target":["https:\/\/www.csj-emballages.com\/pt-pt\/produit\/gel-de-sabao-para-as-maos-com-rotulo-ecologico-5-litros\/"]}]},{"@type":"ImageObject","inLanguage":"pt-PT","@id":"https:\/\/www.csj-emballages.com\/pt-pt\/produit\/gel-de-sabao-para-as-maos-com-rotulo-ecologico-5-litros\/#primaryimage","url":"https:\/\/www.csj-emballages.com\/wp-content\/uploads\/2024\/06\/00705.webp","contentUrl":"https:\/\/www.csj-emballages.com\/wp-content\/uploads\/2024\/06\/00705.webp","width":800,"height":800,"caption":"Gel savon main"},{"@type":"BreadcrumbList","@id":"https:\/\/www.csj-emballages.com\/pt-pt\/produit\/gel-de-sabao-para-as-maos-com-rotulo-ecologico-5-litros\/#breadcrumb","itemListElement":[{"@type":"ListItem","position":1,"name":"Acolhimento","item":"https:\/\/www.csj-emballages.com\/pt-pt\/universo-das-embalagens-alimentares\/"},{"@type":"ListItem","position":2,"name":"Shop","item":"https:\/\/www.csj-emballages.com\/shop\/"},{"@type":"ListItem","position":3,"name":"Gel de sab\u00e3o para as m\u00e3os com r\u00f3tulo ecol\u00f3gico 5 litros"}]},{"@type":"WebSite","@id":"https:\/\/www.csj-emballages.com\/pt-pt\/#website","url":"https:\/\/www.csj-emballages.com\/pt-pt\/","name":"CSJ Emballages","description":"","publisher":{"@id":"https:\/\/www.csj-emballages.com\/pt-pt\/#organization"},"potentialAction":[{"@type":"SearchAction","target":{"@type":"EntryPoint","urlTemplate":"https:\/\/www.csj-emballages.com\/pt-pt\/?s={search_term_string}"},"query-input":{"@type":"PropertyValueSpecification","valueRequired":true,"valueName":"search_term_string"}}],"inLanguage":"pt-PT"},{"@type":"Organization","@id":"https:\/\/www.csj-emballages.com\/pt-pt\/#Organization\/","name":"CSJ Emballages","url":"https:\/\/www.csj-emballages.com\/pt-pt\/","logo":{"@type":"ImageObject","inLanguage":"pt-PT","@id":"https:\/\/www.csj-emballages.com\/pt-pt\/#\/schema\/logo\/image\/","url":"https:\/\/www.csj-emballages.com\/wp-content\/uploads\/2023\/10\/logo_csj.webp","contentUrl":"https:\/\/www.csj-emballages.com\/wp-content\/uploads\/2023\/10\/logo_csj.webp","width":250,"height":95,"caption":"CSJ Emballages"},"image":{"@id":"https:\/\/www.csj-emballages.com\/pt-pt\/#\/schema\/logo\/image\/"},"sameAs":["https:\/\/www.facebook.com\/csjemballages"],"address":{"@type":"PostalAddress","streetAddress":"ZI La Lechere","addressLocality":"Patornay","postalCode":"39130","addressCountry":"FR"},"contactPoint":[{"@type":"ContactPoint","contactType":"Service client","telephone":"0384254272","email":"contact@csj-emballages.com"}]}]}},"df_price":12.96,"df_sale_price":"","df_regular_price":12.96,"df_image_link":"https:\/\/www.csj-emballages.com\/wp-content\/uploads\/2024\/06\/00705-300x300.webp","tiered_pricing_type":"fixed","tiered_pricing_fixed_rules":[],"tiered_pricing_percentage_rules":[],"tiered_pricing_minimum":1,"tiered_pricing_roles_data":[],"_links":{"self":[{"href":"https:\/\/www.csj-emballages.com\/pt-pt\/wp-json\/wp\/v2\/product\/29258","targetHints":{"allow":["GET"]}}],"collection":[{"href":"https:\/\/www.csj-emballages.com\/pt-pt\/wp-json\/wp\/v2\/product"}],"about":[{"href":"https:\/\/www.csj-emballages.com\/pt-pt\/wp-json\/wp\/v2\/types\/product"}],"wp:featuredmedia":[{"embeddable":true,"href":"https:\/\/www.csj-emballages.com\/pt-pt\/wp-json\/wp\/v2\/media\/235473"}],"wp:attachment":[{"href":"https:\/\/www.csj-emballages.com\/pt-pt\/wp-json\/wp\/v2\/media?parent=29258"}],"wp:term":[{"taxonomy":"product_brand","embeddable":true,"href":"https:\/\/www.csj-emballages.com\/pt-pt\/wp-json\/wp\/v2\/product_brand?post=29258"},{"taxonomy":"product_cat","embeddable":true,"href":"https:\/\/www.csj-emballages.com\/pt-pt\/wp-json\/wp\/v2\/product_cat?post=29258"},{"taxonomy":"product_tag","embeddable":true,"href":"https:\/\/www.csj-emballages.com\/pt-pt\/wp-json\/wp\/v2\/product_tag?post=29258"}],"curies":[{"name":"wp","href":"https:\/\/api.w.org\/{rel}","templated":true}]}}