{"id":29251,"date":"2024-07-04T15:53:44","date_gmt":"2024-07-04T13:53:44","guid":{"rendered":"https:\/\/www.csj-emballages.com\/?post_type=product&#038;p=29251"},"modified":"2026-04-29T02:15:20","modified_gmt":"2026-04-29T00:15:20","slug":"100-caixas-de-hamburguer-duplas-descartaveis-120-x-130-x-70-mm","status":"publish","type":"product","link":"https:\/\/www.csj-emballages.com\/pt-pt\/produit\/100-caixas-de-hamburguer-duplas-descartaveis-120-x-130-x-70-mm\/","title":{"rendered":"Caixa de cart\u00e3o para hamb\u00fargueres 120 x 130 x 70 mm por 100"},"content":{"rendered":"<h2>Caixa de hamb\u00fargueres<\/h2>\n<div style=\"text-align: center;\">\n<hr>\n<h3 style=\"text-align: left;\">Descri\u00e7\u00e3o da caixa de cart\u00e3o para hamb\u00fargueres 120 x 130 x 70 mm por 100<\/h3>\n<p style=\"text-align: left;\"><!--more--><\/p>\n<p style=\"text-align: left;\" data-start=\"211\" data-end=\"685\">Se pretende oferecer aos seus clientes uma embalagem perfeitamente adaptada aos seus hamb\u00fargueres, a <strong data-start=\"323\" data-end=\"367\">caixa para hamb\u00fargueres em cart\u00e3o 120 x 130 x 70 mm<\/strong> \u00e9 exatamente o que precisa. Assim que a manusear, aperceber-se-\u00e1 imediatamente da sua rigidez e do seu tamanho ideal para manter um hamb\u00farguer no lugar. Gra\u00e7as \u00e0s suas dimens\u00f5es standard, protege as suas cria\u00e7\u00f5es sem as esmagar, garantindo uma apresenta\u00e7\u00e3o impec\u00e1vel quando a abre.  <\/p>\n<p style=\"text-align: left;\" data-start=\"687\" data-end=\"1097\">Esta <strong data-start=\"323\" data-end=\"367\">caixa de hamb\u00fargueres<\/strong> \u00e9 tamb\u00e9m extremamente f\u00e1cil de utilizar. J\u00e1 montada, basta colocar o hamb\u00farguer no interior e fechar a caixa. E o seu <strong>cart\u00e3o espesso<\/strong> torna-a extremamente resistente. Quer os seus hamb\u00fargueres estejam quentes, cobertos de queijo derretido ou servidos com molhos, ela resiste muito bem \u00e0 humidade e ao calor, evitando fugas.   <\/p>\n<p style=\"text-align: left;\" data-start=\"1099\" data-end=\"1479\">Al\u00e9m disso, esta <strong data-start=\"323\" data-end=\"367\">caixa de cart\u00e3o para hamb\u00fargueres<\/strong> \u00e9 perfeita tanto para takeaway como para entregas. Mant\u00e9m o seu hamb\u00farguer est\u00e1vel durante o transporte, para que os seus clientes possam desfrutar de um produto bem apresentado quando o receberem. O seu estilo s\u00f3brio e natural adapta-se a todos os estilos de restaura\u00e7\u00e3o, quer sirva hamb\u00fargueres tradicionais, gourmet ou vegetarianos.  <\/p>\n<p style=\"text-align: left;\" data-start=\"1481\" data-end=\"1717\">Ao optar por esta embalagem de <strong data-start=\"1506\" data-end=\"1520\">100 latas<\/strong>, pode ter a certeza de ter um stock pr\u00e1tico suficiente para satisfazer as suas necessidades di\u00e1rias. Isto permite-lhe antecipar os per\u00edodos de grande atividade e evitar rupturas de stock durante o servi\u00e7o. <\/p>\n<p style=\"text-align: left;\" data-start=\"1719\" data-end=\"1933\">Em suma, esta <strong data-start=\"323\" data-end=\"367\">caixa para hamb\u00fargueres<\/strong> oferece um excelente equil\u00edbrio entre praticidade, robustez e facilidade de utiliza\u00e7\u00e3o. Permite-lhe servir os seus hamb\u00fargueres numa embalagem fi\u00e1vel, limpa e agrad\u00e1vel para os seus clientes. <\/p>\n<p style=\"text-align: left;\" data-start=\"1719\" data-end=\"1933\">\n<p style=\"text-align: left;\"><!--more--><\/p>\n<p style=\"text-align: left;\"><strong>Vantagens :<\/strong><\/p>\n<ul>\n<li style=\"text-align: left;\" data-start=\"1962\" data-end=\"2024\">Tamanho perfeito para segurar um hamb\u00farguer sem o esmagar.<\/li>\n<li style=\"text-align: left;\" data-start=\"2027\" data-end=\"2068\"><strong>Cart\u00e3o<\/strong> r\u00edgido e resistente ao calor.<\/li>\n<li style=\"text-align: left;\" data-start=\"2071\" data-end=\"2099\">R\u00e1pido e f\u00e1cil de fechar.<\/li>\n<li style=\"text-align: left;\" data-start=\"2102\" data-end=\"2151\">Ideal para takeaway e entrega.<\/li>\n<li style=\"text-align: left;\" data-start=\"2154\" data-end=\"2188\">Um look profissional e vers\u00e1til.<\/li>\n<li style=\"text-align: left;\" data-start=\"2191\" data-end=\"2228\"><strong>Embalagem de 100 unidades<\/strong>: econ\u00f3mica e pr\u00e1tica.<\/li>\n<\/ul>\n<\/div>\n<p>&nbsp;<\/p>\n<p><!--more--><\/p>\n<h4>Outras informa\u00e7\u00f5es :<\/h4>\n<ul>\n<li><strong>Embalagem<\/strong>: Pacote de 100<\/li>\n<li><strong>Dimens\u00f5es<\/strong>: 120 x 130 x 70 mm<\/li>\n<li><strong>Material<\/strong>: Cart\u00e3o<\/li>\n<li><strong>Tipo de tampa<\/strong>: Tampa com dobradi\u00e7as<\/li>\n<\/ul>\n<p>&nbsp;<\/p>\n<p><!--more--><\/p>\n<p>Produto dispon\u00edvel em v\u00e1rios tamanhos:  <span style=\"color: #d12727;\"><a style=\"color: #d12727;\" href=\"https:\/\/www.csj-emballages.com\/produit\/100-boite-carton-frites-repas-restauration-emporter-175-x-120-x-70-mm\/\">HP2K<\/a><\/span> \/ <span style=\"color: #d12727;\"><a style=\"color: #d12727;\" href=\"https:\/\/www.csj-emballages.com\/produit\/100-boite-carton-repas-tacos-carton-kraft-240-x-137-x-70-mm-restauration-snack-emporter\/\">HP3K<\/a><\/span> \/ <g id=\"gid_4\"><g id=\"gid_5\">HP4K<\/g><\/g> \/ <g id=\"gid_6\"><g id=\"gid_7\">HP5K<\/g><\/g> \/ <span style=\"color: #d12727;\"><a style=\"color: #d12727;\" href=\"https:\/\/www.csj-emballages.com\/produit\/boite-carton-burger-jetable-carton-150-x-150-x-70-mm\/\">HP6K<\/a><\/span> \/ <g id=\"gid_10\"><g id=\"gid_11\">HP6KH<\/g><\/g> \/ <span style=\"color: #d12727;\"><a style=\"color: #d12727;\" href=\"https:\/\/www.csj-emballages.com\/produit\/50-boite-carton-burgers-jetables-carton-150-x-150-x-70-mm\/\">HP6KGE<\/a><\/span> \/        <span style=\"color: #d12727;\"><a style=\"color: #d12727;\" href=\"https:\/\/www.csj-emballages.com\/produit\/50-boites-doubles-burgers-xl-jetables-carton-170-x-170-x-80-mm\/\">HP6KXL<\/a><\/span><\/p>\n<p>&nbsp;<\/p>\n<p><!--more--><\/p>\n<p><a href=\"https:\/\/www.csj-emballages.com\/pt-pt\/categorie-produit\/embalagem-de-alimentos\/restauracao\/caixas-tabuleiros-bolsas-cones\/tabuleiros-caixas-de-cartao\/lancheiras\/\">V\u00ea o resto da nossa gama de caixas para hamb\u00fargueres<\/a><\/p>\n<div style=\"text-align: center;\"><\/div>\n","protected":false},"excerpt":{"rendered":"<p>Caixa de hamb\u00fargueres Descri\u00e7\u00e3o da caixa de cart\u00e3o para hamb\u00fargueres 120 x 130 x 70 mm por 100<\/p>\n","protected":false},"featured_media":224553,"template":"","meta":{"_acf_changed":false},"product_brand":[],"product_cat":[1141,1138,3926,1476,2793],"product_tag":[],"class_list":{"0":"post-29251","1":"product","2":"type-product","3":"status-publish","4":"has-post-thumbnail","6":"product_cat-embalagem-de-alimentos","7":"product_cat-restauracao","8":"product_cat-caixas-tabuleiros-bolsas-cones","9":"product_cat-tabuleiros-caixas-de-cartao","10":"product_cat-lancheiras","12":"first","13":"instock","14":"taxable","15":"shipping-taxable","16":"purchasable","17":"product-type-simple"},"acf":[],"yoast_head":"<!-- This site is optimized with the Yoast SEO Premium plugin v26.6 (Yoast SEO v26.6) - https:\/\/yoast.com\/wordpress\/plugins\/seo\/ -->\n<title>Caixa para hamb\u00fargueres 120 x 130 x 70 mm por 100<\/title>\n<meta name=\"description\" content=\"Opta pela nossa Burger Box, pr\u00e1tica e ecol\u00f3gica, que garante uma boa arruma\u00e7\u00e3o e apresenta\u00e7\u00e3o das tuas refei\u00e7\u00f5es para levar.\" \/>\n<meta name=\"robots\" content=\"index, follow, max-snippet:-1, max-image-preview:large, max-video-preview:-1\" \/>\n<link rel=\"canonical\" href=\"https:\/\/www.csj-emballages.com\/pt-pt\/produit\/100-caixas-de-hamburguer-duplas-descartaveis-120-x-130-x-70-mm\/\" \/>\n<meta property=\"og:locale\" content=\"pt_PT\" \/>\n<meta property=\"og:type\" content=\"article\" \/>\n<meta property=\"og:title\" content=\"Caixa de cart\u00e3o para hamb\u00fargueres 120 x 130 x 70 mm por 100\" \/>\n<meta property=\"og:description\" content=\"Opta pela nossa Burger Box, pr\u00e1tica e ecol\u00f3gica, que garante uma boa arruma\u00e7\u00e3o e apresenta\u00e7\u00e3o das tuas refei\u00e7\u00f5es para levar.\" \/>\n<meta property=\"og:url\" content=\"https:\/\/www.csj-emballages.com\/pt-pt\/produit\/100-caixas-de-hamburguer-duplas-descartaveis-120-x-130-x-70-mm\/\" \/>\n<meta property=\"og:site_name\" content=\"CSJ Emballages\" \/>\n<meta property=\"article:publisher\" content=\"https:\/\/www.facebook.com\/csjemballages\" \/>\n<meta property=\"article:modified_time\" content=\"2026-04-29T00:15:20+00:00\" \/>\n<meta property=\"og:image\" content=\"https:\/\/www.csj-emballages.com\/wp-content\/uploads\/2024\/07\/HP1K-1.webp\" \/>\n\t<meta property=\"og:image:width\" content=\"800\" \/>\n\t<meta property=\"og:image:height\" content=\"799\" \/>\n\t<meta property=\"og:image:type\" content=\"image\/webp\" \/>\n<meta name=\"twitter:card\" content=\"summary_large_image\" \/>\n<meta name=\"twitter:label1\" content=\"Tempo estimado de leitura\" \/>\n\t<meta name=\"twitter:data1\" content=\"1 minuto\" \/>\n<script type=\"application\/ld+json\" class=\"yoast-schema-graph\">{\"@context\":\"https:\/\/schema.org\",\"@graph\":[{\"@type\":\"WebPage\",\"@id\":\"https:\/\/www.csj-emballages.com\/pt-pt\/produit\/100-caixas-de-hamburguer-duplas-descartaveis-120-x-130-x-70-mm\/\",\"url\":\"https:\/\/www.csj-emballages.com\/pt-pt\/produit\/100-caixas-de-hamburguer-duplas-descartaveis-120-x-130-x-70-mm\/\",\"name\":\"Caixa para hamb\u00fargueres 120 x 130 x 70 mm por 100\",\"isPartOf\":{\"@id\":\"https:\/\/www.csj-emballages.com\/pt-pt\/#website\"},\"primaryImageOfPage\":{\"@id\":\"https:\/\/www.csj-emballages.com\/pt-pt\/produit\/100-caixas-de-hamburguer-duplas-descartaveis-120-x-130-x-70-mm\/#primaryimage\"},\"image\":{\"@id\":\"https:\/\/www.csj-emballages.com\/pt-pt\/produit\/100-caixas-de-hamburguer-duplas-descartaveis-120-x-130-x-70-mm\/#primaryimage\"},\"thumbnailUrl\":\"https:\/\/www.csj-emballages.com\/wp-content\/uploads\/2024\/07\/HP1K-1.webp\",\"datePublished\":\"2024-07-04T13:53:44+00:00\",\"dateModified\":\"2026-04-29T00:15:20+00:00\",\"description\":\"Opta pela nossa Burger Box, pr\u00e1tica e ecol\u00f3gica, que garante uma boa arruma\u00e7\u00e3o e apresenta\u00e7\u00e3o das tuas refei\u00e7\u00f5es para levar.\",\"breadcrumb\":{\"@id\":\"https:\/\/www.csj-emballages.com\/pt-pt\/produit\/100-caixas-de-hamburguer-duplas-descartaveis-120-x-130-x-70-mm\/#breadcrumb\"},\"inLanguage\":\"pt-PT\",\"potentialAction\":[{\"@type\":\"ReadAction\",\"target\":[\"https:\/\/www.csj-emballages.com\/pt-pt\/produit\/100-caixas-de-hamburguer-duplas-descartaveis-120-x-130-x-70-mm\/\"]}]},{\"@type\":\"ImageObject\",\"inLanguage\":\"pt-PT\",\"@id\":\"https:\/\/www.csj-emballages.com\/pt-pt\/produit\/100-caixas-de-hamburguer-duplas-descartaveis-120-x-130-x-70-mm\/#primaryimage\",\"url\":\"https:\/\/www.csj-emballages.com\/wp-content\/uploads\/2024\/07\/HP1K-1.webp\",\"contentUrl\":\"https:\/\/www.csj-emballages.com\/wp-content\/uploads\/2024\/07\/HP1K-1.webp\",\"width\":800,\"height\":799,\"caption\":\"Boite burger\"},{\"@type\":\"BreadcrumbList\",\"@id\":\"https:\/\/www.csj-emballages.com\/pt-pt\/produit\/100-caixas-de-hamburguer-duplas-descartaveis-120-x-130-x-70-mm\/#breadcrumb\",\"itemListElement\":[{\"@type\":\"ListItem\",\"position\":1,\"name\":\"Acolhimento\",\"item\":\"https:\/\/www.csj-emballages.com\/pt-pt\/universo-das-embalagens-alimentares\/\"},{\"@type\":\"ListItem\",\"position\":2,\"name\":\"Shop\",\"item\":\"https:\/\/www.csj-emballages.com\/shop\/\"},{\"@type\":\"ListItem\",\"position\":3,\"name\":\"Caixa de cart\u00e3o para hamb\u00fargueres 120 x 130 x 70 mm por 100\"}]},{\"@type\":\"WebSite\",\"@id\":\"https:\/\/www.csj-emballages.com\/pt-pt\/#website\",\"url\":\"https:\/\/www.csj-emballages.com\/pt-pt\/\",\"name\":\"CSJ Emballages\",\"description\":\"\",\"publisher\":{\"@id\":\"https:\/\/www.csj-emballages.com\/pt-pt\/#organization\"},\"potentialAction\":[{\"@type\":\"SearchAction\",\"target\":{\"@type\":\"EntryPoint\",\"urlTemplate\":\"https:\/\/www.csj-emballages.com\/pt-pt\/?s={search_term_string}\"},\"query-input\":{\"@type\":\"PropertyValueSpecification\",\"valueRequired\":true,\"valueName\":\"search_term_string\"}}],\"inLanguage\":\"pt-PT\"},{\"@type\":\"Organization\",\"@id\":\"https:\/\/www.csj-emballages.com\/pt-pt\/#Organization\/\",\"name\":\"CSJ Emballages\",\"url\":\"https:\/\/www.csj-emballages.com\/pt-pt\/\",\"logo\":{\"@type\":\"ImageObject\",\"inLanguage\":\"pt-PT\",\"@id\":\"https:\/\/www.csj-emballages.com\/pt-pt\/#\/schema\/logo\/image\/\",\"url\":\"https:\/\/www.csj-emballages.com\/wp-content\/uploads\/2023\/10\/logo_csj.webp\",\"contentUrl\":\"https:\/\/www.csj-emballages.com\/wp-content\/uploads\/2023\/10\/logo_csj.webp\",\"width\":250,\"height\":95,\"caption\":\"CSJ Emballages\"},\"image\":{\"@id\":\"https:\/\/www.csj-emballages.com\/pt-pt\/#\/schema\/logo\/image\/\"},\"sameAs\":[\"https:\/\/www.facebook.com\/csjemballages\"],\"address\":{\"@type\":\"PostalAddress\",\"streetAddress\":\"ZI La Lechere\",\"addressLocality\":\"Patornay\",\"postalCode\":\"39130\",\"addressCountry\":\"FR\"},\"contactPoint\":[{\"@type\":\"ContactPoint\",\"contactType\":\"Service client\",\"telephone\":\"0384254272\",\"email\":\"contact@csj-emballages.com\"}]}]}<\/script>\n<!-- \/ Yoast SEO Premium plugin. -->","yoast_head_json":{"title":"Caixa para hamb\u00fargueres 120 x 130 x 70 mm por 100","description":"Opta pela nossa Burger Box, pr\u00e1tica e ecol\u00f3gica, que garante uma boa arruma\u00e7\u00e3o e apresenta\u00e7\u00e3o das tuas refei\u00e7\u00f5es para levar.","robots":{"index":"index","follow":"follow","max-snippet":"max-snippet:-1","max-image-preview":"max-image-preview:large","max-video-preview":"max-video-preview:-1"},"canonical":"https:\/\/www.csj-emballages.com\/pt-pt\/produit\/100-caixas-de-hamburguer-duplas-descartaveis-120-x-130-x-70-mm\/","og_locale":"pt_PT","og_type":"article","og_title":"Caixa de cart\u00e3o para hamb\u00fargueres 120 x 130 x 70 mm por 100","og_description":"Opta pela nossa Burger Box, pr\u00e1tica e ecol\u00f3gica, que garante uma boa arruma\u00e7\u00e3o e apresenta\u00e7\u00e3o das tuas refei\u00e7\u00f5es para levar.","og_url":"https:\/\/www.csj-emballages.com\/pt-pt\/produit\/100-caixas-de-hamburguer-duplas-descartaveis-120-x-130-x-70-mm\/","og_site_name":"CSJ Emballages","article_publisher":"https:\/\/www.facebook.com\/csjemballages","article_modified_time":"2026-04-29T00:15:20+00:00","og_image":[{"width":800,"height":799,"url":"https:\/\/www.csj-emballages.com\/wp-content\/uploads\/2024\/07\/HP1K-1.webp","type":"image\/webp"}],"twitter_card":"summary_large_image","twitter_misc":{"Tempo estimado de leitura":"1 minuto"},"schema":{"@context":"https:\/\/schema.org","@graph":[{"@type":"WebPage","@id":"https:\/\/www.csj-emballages.com\/pt-pt\/produit\/100-caixas-de-hamburguer-duplas-descartaveis-120-x-130-x-70-mm\/","url":"https:\/\/www.csj-emballages.com\/pt-pt\/produit\/100-caixas-de-hamburguer-duplas-descartaveis-120-x-130-x-70-mm\/","name":"Caixa para hamb\u00fargueres 120 x 130 x 70 mm por 100","isPartOf":{"@id":"https:\/\/www.csj-emballages.com\/pt-pt\/#website"},"primaryImageOfPage":{"@id":"https:\/\/www.csj-emballages.com\/pt-pt\/produit\/100-caixas-de-hamburguer-duplas-descartaveis-120-x-130-x-70-mm\/#primaryimage"},"image":{"@id":"https:\/\/www.csj-emballages.com\/pt-pt\/produit\/100-caixas-de-hamburguer-duplas-descartaveis-120-x-130-x-70-mm\/#primaryimage"},"thumbnailUrl":"https:\/\/www.csj-emballages.com\/wp-content\/uploads\/2024\/07\/HP1K-1.webp","datePublished":"2024-07-04T13:53:44+00:00","dateModified":"2026-04-29T00:15:20+00:00","description":"Opta pela nossa Burger Box, pr\u00e1tica e ecol\u00f3gica, que garante uma boa arruma\u00e7\u00e3o e apresenta\u00e7\u00e3o das tuas refei\u00e7\u00f5es para levar.","breadcrumb":{"@id":"https:\/\/www.csj-emballages.com\/pt-pt\/produit\/100-caixas-de-hamburguer-duplas-descartaveis-120-x-130-x-70-mm\/#breadcrumb"},"inLanguage":"pt-PT","potentialAction":[{"@type":"ReadAction","target":["https:\/\/www.csj-emballages.com\/pt-pt\/produit\/100-caixas-de-hamburguer-duplas-descartaveis-120-x-130-x-70-mm\/"]}]},{"@type":"ImageObject","inLanguage":"pt-PT","@id":"https:\/\/www.csj-emballages.com\/pt-pt\/produit\/100-caixas-de-hamburguer-duplas-descartaveis-120-x-130-x-70-mm\/#primaryimage","url":"https:\/\/www.csj-emballages.com\/wp-content\/uploads\/2024\/07\/HP1K-1.webp","contentUrl":"https:\/\/www.csj-emballages.com\/wp-content\/uploads\/2024\/07\/HP1K-1.webp","width":800,"height":799,"caption":"Boite burger"},{"@type":"BreadcrumbList","@id":"https:\/\/www.csj-emballages.com\/pt-pt\/produit\/100-caixas-de-hamburguer-duplas-descartaveis-120-x-130-x-70-mm\/#breadcrumb","itemListElement":[{"@type":"ListItem","position":1,"name":"Acolhimento","item":"https:\/\/www.csj-emballages.com\/pt-pt\/universo-das-embalagens-alimentares\/"},{"@type":"ListItem","position":2,"name":"Shop","item":"https:\/\/www.csj-emballages.com\/shop\/"},{"@type":"ListItem","position":3,"name":"Caixa de cart\u00e3o para hamb\u00fargueres 120 x 130 x 70 mm por 100"}]},{"@type":"WebSite","@id":"https:\/\/www.csj-emballages.com\/pt-pt\/#website","url":"https:\/\/www.csj-emballages.com\/pt-pt\/","name":"CSJ Emballages","description":"","publisher":{"@id":"https:\/\/www.csj-emballages.com\/pt-pt\/#organization"},"potentialAction":[{"@type":"SearchAction","target":{"@type":"EntryPoint","urlTemplate":"https:\/\/www.csj-emballages.com\/pt-pt\/?s={search_term_string}"},"query-input":{"@type":"PropertyValueSpecification","valueRequired":true,"valueName":"search_term_string"}}],"inLanguage":"pt-PT"},{"@type":"Organization","@id":"https:\/\/www.csj-emballages.com\/pt-pt\/#Organization\/","name":"CSJ Emballages","url":"https:\/\/www.csj-emballages.com\/pt-pt\/","logo":{"@type":"ImageObject","inLanguage":"pt-PT","@id":"https:\/\/www.csj-emballages.com\/pt-pt\/#\/schema\/logo\/image\/","url":"https:\/\/www.csj-emballages.com\/wp-content\/uploads\/2023\/10\/logo_csj.webp","contentUrl":"https:\/\/www.csj-emballages.com\/wp-content\/uploads\/2023\/10\/logo_csj.webp","width":250,"height":95,"caption":"CSJ Emballages"},"image":{"@id":"https:\/\/www.csj-emballages.com\/pt-pt\/#\/schema\/logo\/image\/"},"sameAs":["https:\/\/www.facebook.com\/csjemballages"],"address":{"@type":"PostalAddress","streetAddress":"ZI La Lechere","addressLocality":"Patornay","postalCode":"39130","addressCountry":"FR"},"contactPoint":[{"@type":"ContactPoint","contactType":"Service client","telephone":"0384254272","email":"contact@csj-emballages.com"}]}]}},"df_price":16.64,"df_sale_price":"","df_regular_price":16.64,"df_image_link":"https:\/\/www.csj-emballages.com\/wp-content\/uploads\/2024\/07\/HP1K-1-300x300.webp","tiered_pricing_type":"fixed","tiered_pricing_fixed_rules":[],"tiered_pricing_percentage_rules":[],"tiered_pricing_minimum":1,"tiered_pricing_roles_data":[],"_links":{"self":[{"href":"https:\/\/www.csj-emballages.com\/pt-pt\/wp-json\/wp\/v2\/product\/29251","targetHints":{"allow":["GET"]}}],"collection":[{"href":"https:\/\/www.csj-emballages.com\/pt-pt\/wp-json\/wp\/v2\/product"}],"about":[{"href":"https:\/\/www.csj-emballages.com\/pt-pt\/wp-json\/wp\/v2\/types\/product"}],"wp:featuredmedia":[{"embeddable":true,"href":"https:\/\/www.csj-emballages.com\/pt-pt\/wp-json\/wp\/v2\/media\/224553"}],"wp:attachment":[{"href":"https:\/\/www.csj-emballages.com\/pt-pt\/wp-json\/wp\/v2\/media?parent=29251"}],"wp:term":[{"taxonomy":"product_brand","embeddable":true,"href":"https:\/\/www.csj-emballages.com\/pt-pt\/wp-json\/wp\/v2\/product_brand?post=29251"},{"taxonomy":"product_cat","embeddable":true,"href":"https:\/\/www.csj-emballages.com\/pt-pt\/wp-json\/wp\/v2\/product_cat?post=29251"},{"taxonomy":"product_tag","embeddable":true,"href":"https:\/\/www.csj-emballages.com\/pt-pt\/wp-json\/wp\/v2\/product_tag?post=29251"}],"curies":[{"name":"wp","href":"https:\/\/api.w.org\/{rel}","templated":true}]}}