{"id":29250,"date":"2024-07-04T15:56:29","date_gmt":"2024-07-04T13:56:29","guid":{"rendered":"https:\/\/www.csj-emballages.com\/?post_type=product&#038;p=29250"},"modified":"2026-03-20T02:14:17","modified_gmt":"2026-03-20T01:14:17","slug":"25-tabuleiros-para-refeicoes-takeaway-6-compartimentos-festivos","status":"publish","type":"product","link":"https:\/\/www.csj-emballages.com\/pt-pt\/produit\/25-tabuleiros-para-refeicoes-takeaway-6-compartimentos-festivos\/","title":{"rendered":"Tabuleiro para takeaway festivo com 6 compartimentos, 25 unidades."},"content":{"rendered":"<h2>Tabuleiro de refei\u00e7\u00f5es<\/h2>\n<div style=\"box-sizing: inherit; font-family: Roboto, sans-serif;\">\n<div style=\"box-sizing: inherit; font-family: Roboto, sans-serif;\">\n<div style=\"box-sizing: inherit; font-family: Roboto, sans-serif;\">\n<div style=\"box-sizing: inherit; font-family: Roboto, sans-serif;\">\n<div style=\"box-sizing: inherit; font-family: Roboto, sans-serif;\">\n<div style=\"box-sizing: inherit; font-family: Roboto, sans-serif;\">\n<hr>\n<h3>Descri\u00e7\u00e3o do nosso tabuleiro festivo de 6 compartimentos para comida takeaway, embalagem de 25<\/h3>\n<p><!--more--><\/p>\n<p data-start=\"177\" data-end=\"529\">Oferecer uma refei\u00e7\u00e3o pr\u00e1tica e elegante nunca foi t\u00e3o f\u00e1cil com o <strong data-start=\"249\" data-end=\"307\">tabuleiro festivo para refei\u00e7\u00f5es takeaway com 6 compartimentos da 25<\/strong>. Especialmente concebido para <strong data-start=\"337\" data-end=\"350\">empresas de catering<\/strong>, <strong data-start=\"352\" data-end=\"369\">restaura\u00e7\u00e3o<\/strong> e organizadores de eventos, este <strong>tabuleiro<\/strong> \u00e9 o aliado ideal para apresentar os seus pratos de forma organizada, garantindo o conforto e a higiene dos seus convidados. Gra\u00e7as aos seus <strong data-start=\"543\" data-end=\"562\">6 compartimentos<\/strong>, pode organizar facilmente uma entrada, um prato principal, um acompanhamento, um queijo, uma sobremesa e at\u00e9 mesmo um p\u00e3o ou um molho, sem que os sabores se misturem.  <\/p>\n<p data-start=\"889\" data-end=\"1184\">Robusto e concebido para resistir ao transporte, este <strong data-start=\"938\" data-end=\"966\">tabuleiro para refei\u00e7\u00f5es take-away<\/strong> oferece um servi\u00e7o pr\u00e1tico ao mesmo tempo que valoriza as suas prepara\u00e7\u00f5es culin\u00e1rias. \u00c9 particularmente popular para refei\u00e7\u00f5es entregues ou eventos que exijam uma log\u00edstica simples mas profissional. <\/p>\n<p data-start=\"1186\" data-end=\"1472\">Embalado <strong data-start=\"1198\" data-end=\"1215\">em 25 unidades<\/strong>, este conjunto \u00e9 ideal para gerir o seu grande n\u00famero de servi\u00e7os, oferecendo uma solu\u00e7\u00e3o fi\u00e1vel e econ\u00f3mica. Para al\u00e9m de dar um verdadeiro toque de praticidade, ajuda a melhorar a apresenta\u00e7\u00e3o dos seus alimentos e a proporcionar uma experi\u00eancia agrad\u00e1vel ao cliente. <\/p>\n<p data-start=\"1474\" data-end=\"1690\">Quer seja um profissional que procura otimizar os seus servi\u00e7os ou um particular que pretende organizar um evento sem complica\u00e7\u00f5es, este <strong>tabuleiro de refei\u00e7\u00e3o com 6 compartimentos<\/strong> \u00e9 o compromisso perfeito entre <strong data-start=\"1648\" data-end=\"1687\">est\u00e9tica, praticidade e durabilidade<\/strong>.<\/p>\n<p>&nbsp;<\/p>\n<\/div>\n<\/div>\n<\/div>\n<\/div>\n<\/div>\n<\/div>\n<p><!--more--><\/p>\n<h4>Vantagens :<\/h4>\n<ul>\n<li>6 compartimentos para uma apresenta\u00e7\u00e3o cuidada e equilibrada<\/li>\n<li>Um design festivo para real\u00e7ar os seus pratos.<\/li>\n<li>Pr\u00e1tico e robusto para o transporte e a entrega.<\/li>\n<li>Embalados em pacotes de 25 para uma gest\u00e3o f\u00e1cil e econ\u00f3mica.<\/li>\n<li>Adequado para clientes profissionais e particulares<\/li>\n<\/ul>\n<p>&nbsp;<\/p>\n<p><!--more--><\/p>\n<h4>Outras informa\u00e7\u00f5es :<\/h4>\n<ul>\n<li><strong>Embalagem<\/strong>: Pacote de 25<\/li>\n<li><strong>Dimens\u00f5es<\/strong>: 370 x 275 x 70 mm<\/li>\n<li><strong>Material<\/strong>: Poliestireno<\/li>\n<li><strong>Cor<\/strong>: Branco<\/li>\n<li><strong>Temperatura de funcionamento <\/strong>: m\u00ednima \/ m\u00e1xima -5\u00b0C a + 80\u00b0C<\/li>\n<\/ul>\n<p>&nbsp;<\/p>\n<p><!--more--><\/p>\n<p>Aqui encontra os nossos diferentes tabuleiros festivos com diferentes compartimentos: <span style=\"color: #d12727;\"><a style=\"color: #d12727;\" href=\"https:\/\/www.csj-emballages.com\/produit\/50-plateaux-repas-a-emporter-4-compartiments-festifs\/\">4 compartimentos<\/a><\/span> \/ <span style=\"color: #d12727;\"><a style=\"color: #d12727;\" href=\"https:\/\/www.csj-emballages.com\/produit\/50-plateaux-repas-a-emporter-5-compartiments-festifs\/\">5 compartimentos<\/a><\/span><\/p>\n<p>&nbsp;<\/p>\n<p><!--more--><\/p>\n<p><a href=\"https:\/\/www.csj-emballages.com\/pt-pt\/categorie-produit\/embalagem-de-alimentos\/talho-e-charcutaria\/tabuleiros\/tabuleiros-de-refeicoes\/tabuleiros-de-plastico-para-refeicoes\/\">Veja o resto da nossa gama de tabuleiros de refei\u00e7\u00e3o aqui<\/a><\/p>\n","protected":false},"excerpt":{"rendered":"<p>Tabuleiro de refei\u00e7\u00f5es Descri\u00e7\u00e3o do nosso tabuleiro festivo de 6 compartimentos para comida takeaway, embalagem de 25<\/p>\n","protected":false},"featured_media":240980,"template":"","meta":{"_acf_changed":false},"product_brand":[],"product_cat":[1141,1176,1287,1292,1297,6707,1138,1301,1304,1308],"product_tag":[],"class_list":{"0":"post-29250","1":"product","2":"type-product","3":"status-publish","4":"has-post-thumbnail","6":"product_cat-embalagem-de-alimentos","7":"product_cat-talho-e-charcutaria","8":"product_cat-tabuleiros","9":"product_cat-tabuleiros-de-refeicoes","10":"product_cat-tabuleiros-de-plastico-para-refeicoes","11":"product_cat-tabuleiros-festivos","12":"product_cat-restauracao","13":"product_cat-tabuleiros-pt-pt","14":"product_cat-tabuleiros-de-refeicao-descartaveis","15":"product_cat-tabuleiros-de-plastico-para-refeicoes-pt-pt","17":"first","18":"instock","19":"taxable","20":"shipping-taxable","21":"purchasable","22":"product-type-simple"},"acf":[],"yoast_head":"<!-- This site is optimized with the Yoast SEO Premium plugin v26.6 (Yoast SEO v26.6) - https:\/\/yoast.com\/wordpress\/plugins\/seo\/ -->\n<title>Tabuleiro de refei\u00e7\u00f5es para levar para casa com 6 compartimentos, por 25<\/title>\n<meta name=\"description\" content=\"Descubra o festivo tabuleiro para takeaway com 6 compartimentos da 25: pr\u00e1tico, elegante e ideal para os seus eventos e refei\u00e7\u00f5es entregues.\" \/>\n<meta name=\"robots\" content=\"index, follow, max-snippet:-1, max-image-preview:large, max-video-preview:-1\" \/>\n<link rel=\"canonical\" href=\"https:\/\/www.csj-emballages.com\/pt-pt\/produit\/25-tabuleiros-para-refeicoes-takeaway-6-compartimentos-festivos\/\" \/>\n<meta property=\"og:locale\" content=\"pt_PT\" \/>\n<meta property=\"og:type\" content=\"article\" \/>\n<meta property=\"og:title\" content=\"Tabuleiro para takeaway festivo com 6 compartimentos, 25 unidades.\" \/>\n<meta property=\"og:description\" content=\"Descubra o festivo tabuleiro para takeaway com 6 compartimentos da 25: pr\u00e1tico, elegante e ideal para os seus eventos e refei\u00e7\u00f5es entregues.\" \/>\n<meta property=\"og:url\" content=\"https:\/\/www.csj-emballages.com\/pt-pt\/produit\/25-tabuleiros-para-refeicoes-takeaway-6-compartimentos-festivos\/\" \/>\n<meta property=\"og:site_name\" content=\"CSJ Emballages\" \/>\n<meta property=\"article:publisher\" content=\"https:\/\/www.facebook.com\/csjemballages\" \/>\n<meta property=\"article:modified_time\" content=\"2026-03-20T01:14:17+00:00\" \/>\n<meta property=\"og:image\" content=\"https:\/\/www.csj-emballages.com\/wp-content\/uploads\/2024\/07\/PL6CFESTIF-1.webp\" \/>\n\t<meta property=\"og:image:width\" content=\"800\" \/>\n\t<meta property=\"og:image:height\" content=\"800\" \/>\n\t<meta property=\"og:image:type\" content=\"image\/webp\" \/>\n<meta name=\"twitter:card\" content=\"summary_large_image\" \/>\n<meta name=\"twitter:label1\" content=\"Tempo estimado de leitura\" \/>\n\t<meta name=\"twitter:data1\" content=\"2 minutos\" \/>\n<script type=\"application\/ld+json\" class=\"yoast-schema-graph\">{\"@context\":\"https:\/\/schema.org\",\"@graph\":[{\"@type\":\"WebPage\",\"@id\":\"https:\/\/www.csj-emballages.com\/pt-pt\/produit\/25-tabuleiros-para-refeicoes-takeaway-6-compartimentos-festivos\/\",\"url\":\"https:\/\/www.csj-emballages.com\/pt-pt\/produit\/25-tabuleiros-para-refeicoes-takeaway-6-compartimentos-festivos\/\",\"name\":\"Tabuleiro de refei\u00e7\u00f5es para levar para casa com 6 compartimentos, por 25\",\"isPartOf\":{\"@id\":\"https:\/\/www.csj-emballages.com\/pt-pt\/#website\"},\"primaryImageOfPage\":{\"@id\":\"https:\/\/www.csj-emballages.com\/pt-pt\/produit\/25-tabuleiros-para-refeicoes-takeaway-6-compartimentos-festivos\/#primaryimage\"},\"image\":{\"@id\":\"https:\/\/www.csj-emballages.com\/pt-pt\/produit\/25-tabuleiros-para-refeicoes-takeaway-6-compartimentos-festivos\/#primaryimage\"},\"thumbnailUrl\":\"https:\/\/www.csj-emballages.com\/wp-content\/uploads\/2024\/07\/PL6CFESTIF-1.webp\",\"datePublished\":\"2024-07-04T13:56:29+00:00\",\"dateModified\":\"2026-03-20T01:14:17+00:00\",\"description\":\"Descubra o festivo tabuleiro para takeaway com 6 compartimentos da 25: pr\u00e1tico, elegante e ideal para os seus eventos e refei\u00e7\u00f5es entregues.\",\"breadcrumb\":{\"@id\":\"https:\/\/www.csj-emballages.com\/pt-pt\/produit\/25-tabuleiros-para-refeicoes-takeaway-6-compartimentos-festivos\/#breadcrumb\"},\"inLanguage\":\"pt-PT\",\"potentialAction\":[{\"@type\":\"ReadAction\",\"target\":[\"https:\/\/www.csj-emballages.com\/pt-pt\/produit\/25-tabuleiros-para-refeicoes-takeaway-6-compartimentos-festivos\/\"]}]},{\"@type\":\"ImageObject\",\"inLanguage\":\"pt-PT\",\"@id\":\"https:\/\/www.csj-emballages.com\/pt-pt\/produit\/25-tabuleiros-para-refeicoes-takeaway-6-compartimentos-festivos\/#primaryimage\",\"url\":\"https:\/\/www.csj-emballages.com\/wp-content\/uploads\/2024\/07\/PL6CFESTIF-1.webp\",\"contentUrl\":\"https:\/\/www.csj-emballages.com\/wp-content\/uploads\/2024\/07\/PL6CFESTIF-1.webp\",\"width\":800,\"height\":800,\"caption\":\"Plateau repas\"},{\"@type\":\"BreadcrumbList\",\"@id\":\"https:\/\/www.csj-emballages.com\/pt-pt\/produit\/25-tabuleiros-para-refeicoes-takeaway-6-compartimentos-festivos\/#breadcrumb\",\"itemListElement\":[{\"@type\":\"ListItem\",\"position\":1,\"name\":\"Acolhimento\",\"item\":\"https:\/\/www.csj-emballages.com\/pt-pt\/universo-das-embalagens-alimentares\/\"},{\"@type\":\"ListItem\",\"position\":2,\"name\":\"Shop\",\"item\":\"https:\/\/www.csj-emballages.com\/shop\/\"},{\"@type\":\"ListItem\",\"position\":3,\"name\":\"Tabuleiro para takeaway festivo com 6 compartimentos, 25 unidades.\"}]},{\"@type\":\"WebSite\",\"@id\":\"https:\/\/www.csj-emballages.com\/pt-pt\/#website\",\"url\":\"https:\/\/www.csj-emballages.com\/pt-pt\/\",\"name\":\"CSJ Emballages\",\"description\":\"\",\"publisher\":{\"@id\":\"https:\/\/www.csj-emballages.com\/pt-pt\/#organization\"},\"potentialAction\":[{\"@type\":\"SearchAction\",\"target\":{\"@type\":\"EntryPoint\",\"urlTemplate\":\"https:\/\/www.csj-emballages.com\/pt-pt\/?s={search_term_string}\"},\"query-input\":{\"@type\":\"PropertyValueSpecification\",\"valueRequired\":true,\"valueName\":\"search_term_string\"}}],\"inLanguage\":\"pt-PT\"},{\"@type\":\"Organization\",\"@id\":\"https:\/\/www.csj-emballages.com\/pt-pt\/#Organization\/\",\"name\":\"CSJ Emballages\",\"url\":\"https:\/\/www.csj-emballages.com\/pt-pt\/\",\"logo\":{\"@type\":\"ImageObject\",\"inLanguage\":\"pt-PT\",\"@id\":\"https:\/\/www.csj-emballages.com\/pt-pt\/#\/schema\/logo\/image\/\",\"url\":\"https:\/\/www.csj-emballages.com\/wp-content\/uploads\/2023\/10\/logo_csj.webp\",\"contentUrl\":\"https:\/\/www.csj-emballages.com\/wp-content\/uploads\/2023\/10\/logo_csj.webp\",\"width\":250,\"height\":95,\"caption\":\"CSJ Emballages\"},\"image\":{\"@id\":\"https:\/\/www.csj-emballages.com\/pt-pt\/#\/schema\/logo\/image\/\"},\"sameAs\":[\"https:\/\/www.facebook.com\/csjemballages\"],\"address\":{\"@type\":\"PostalAddress\",\"streetAddress\":\"ZI La Lechere\",\"addressLocality\":\"Patornay\",\"postalCode\":\"39130\",\"addressCountry\":\"FR\"},\"contactPoint\":[{\"@type\":\"ContactPoint\",\"contactType\":\"Service client\",\"telephone\":\"0384254272\",\"email\":\"contact@csj-emballages.com\"}]}]}<\/script>\n<!-- \/ Yoast SEO Premium plugin. -->","yoast_head_json":{"title":"Tabuleiro de refei\u00e7\u00f5es para levar para casa com 6 compartimentos, por 25","description":"Descubra o festivo tabuleiro para takeaway com 6 compartimentos da 25: pr\u00e1tico, elegante e ideal para os seus eventos e refei\u00e7\u00f5es entregues.","robots":{"index":"index","follow":"follow","max-snippet":"max-snippet:-1","max-image-preview":"max-image-preview:large","max-video-preview":"max-video-preview:-1"},"canonical":"https:\/\/www.csj-emballages.com\/pt-pt\/produit\/25-tabuleiros-para-refeicoes-takeaway-6-compartimentos-festivos\/","og_locale":"pt_PT","og_type":"article","og_title":"Tabuleiro para takeaway festivo com 6 compartimentos, 25 unidades.","og_description":"Descubra o festivo tabuleiro para takeaway com 6 compartimentos da 25: pr\u00e1tico, elegante e ideal para os seus eventos e refei\u00e7\u00f5es entregues.","og_url":"https:\/\/www.csj-emballages.com\/pt-pt\/produit\/25-tabuleiros-para-refeicoes-takeaway-6-compartimentos-festivos\/","og_site_name":"CSJ Emballages","article_publisher":"https:\/\/www.facebook.com\/csjemballages","article_modified_time":"2026-03-20T01:14:17+00:00","og_image":[{"width":800,"height":800,"url":"https:\/\/www.csj-emballages.com\/wp-content\/uploads\/2024\/07\/PL6CFESTIF-1.webp","type":"image\/webp"}],"twitter_card":"summary_large_image","twitter_misc":{"Tempo estimado de leitura":"2 minutos"},"schema":{"@context":"https:\/\/schema.org","@graph":[{"@type":"WebPage","@id":"https:\/\/www.csj-emballages.com\/pt-pt\/produit\/25-tabuleiros-para-refeicoes-takeaway-6-compartimentos-festivos\/","url":"https:\/\/www.csj-emballages.com\/pt-pt\/produit\/25-tabuleiros-para-refeicoes-takeaway-6-compartimentos-festivos\/","name":"Tabuleiro de refei\u00e7\u00f5es para levar para casa com 6 compartimentos, por 25","isPartOf":{"@id":"https:\/\/www.csj-emballages.com\/pt-pt\/#website"},"primaryImageOfPage":{"@id":"https:\/\/www.csj-emballages.com\/pt-pt\/produit\/25-tabuleiros-para-refeicoes-takeaway-6-compartimentos-festivos\/#primaryimage"},"image":{"@id":"https:\/\/www.csj-emballages.com\/pt-pt\/produit\/25-tabuleiros-para-refeicoes-takeaway-6-compartimentos-festivos\/#primaryimage"},"thumbnailUrl":"https:\/\/www.csj-emballages.com\/wp-content\/uploads\/2024\/07\/PL6CFESTIF-1.webp","datePublished":"2024-07-04T13:56:29+00:00","dateModified":"2026-03-20T01:14:17+00:00","description":"Descubra o festivo tabuleiro para takeaway com 6 compartimentos da 25: pr\u00e1tico, elegante e ideal para os seus eventos e refei\u00e7\u00f5es entregues.","breadcrumb":{"@id":"https:\/\/www.csj-emballages.com\/pt-pt\/produit\/25-tabuleiros-para-refeicoes-takeaway-6-compartimentos-festivos\/#breadcrumb"},"inLanguage":"pt-PT","potentialAction":[{"@type":"ReadAction","target":["https:\/\/www.csj-emballages.com\/pt-pt\/produit\/25-tabuleiros-para-refeicoes-takeaway-6-compartimentos-festivos\/"]}]},{"@type":"ImageObject","inLanguage":"pt-PT","@id":"https:\/\/www.csj-emballages.com\/pt-pt\/produit\/25-tabuleiros-para-refeicoes-takeaway-6-compartimentos-festivos\/#primaryimage","url":"https:\/\/www.csj-emballages.com\/wp-content\/uploads\/2024\/07\/PL6CFESTIF-1.webp","contentUrl":"https:\/\/www.csj-emballages.com\/wp-content\/uploads\/2024\/07\/PL6CFESTIF-1.webp","width":800,"height":800,"caption":"Plateau repas"},{"@type":"BreadcrumbList","@id":"https:\/\/www.csj-emballages.com\/pt-pt\/produit\/25-tabuleiros-para-refeicoes-takeaway-6-compartimentos-festivos\/#breadcrumb","itemListElement":[{"@type":"ListItem","position":1,"name":"Acolhimento","item":"https:\/\/www.csj-emballages.com\/pt-pt\/universo-das-embalagens-alimentares\/"},{"@type":"ListItem","position":2,"name":"Shop","item":"https:\/\/www.csj-emballages.com\/shop\/"},{"@type":"ListItem","position":3,"name":"Tabuleiro para takeaway festivo com 6 compartimentos, 25 unidades."}]},{"@type":"WebSite","@id":"https:\/\/www.csj-emballages.com\/pt-pt\/#website","url":"https:\/\/www.csj-emballages.com\/pt-pt\/","name":"CSJ Emballages","description":"","publisher":{"@id":"https:\/\/www.csj-emballages.com\/pt-pt\/#organization"},"potentialAction":[{"@type":"SearchAction","target":{"@type":"EntryPoint","urlTemplate":"https:\/\/www.csj-emballages.com\/pt-pt\/?s={search_term_string}"},"query-input":{"@type":"PropertyValueSpecification","valueRequired":true,"valueName":"search_term_string"}}],"inLanguage":"pt-PT"},{"@type":"Organization","@id":"https:\/\/www.csj-emballages.com\/pt-pt\/#Organization\/","name":"CSJ Emballages","url":"https:\/\/www.csj-emballages.com\/pt-pt\/","logo":{"@type":"ImageObject","inLanguage":"pt-PT","@id":"https:\/\/www.csj-emballages.com\/pt-pt\/#\/schema\/logo\/image\/","url":"https:\/\/www.csj-emballages.com\/wp-content\/uploads\/2023\/10\/logo_csj.webp","contentUrl":"https:\/\/www.csj-emballages.com\/wp-content\/uploads\/2023\/10\/logo_csj.webp","width":250,"height":95,"caption":"CSJ Emballages"},"image":{"@id":"https:\/\/www.csj-emballages.com\/pt-pt\/#\/schema\/logo\/image\/"},"sameAs":["https:\/\/www.facebook.com\/csjemballages"],"address":{"@type":"PostalAddress","streetAddress":"ZI La Lechere","addressLocality":"Patornay","postalCode":"39130","addressCountry":"FR"},"contactPoint":[{"@type":"ContactPoint","contactType":"Service client","telephone":"0384254272","email":"contact@csj-emballages.com"}]}]}},"df_price":22.22,"df_sale_price":"","df_regular_price":22.22,"df_image_link":"https:\/\/www.csj-emballages.com\/wp-content\/uploads\/2024\/07\/PL6CFESTIF-1-300x300.webp","tiered_pricing_type":"fixed","tiered_pricing_fixed_rules":[],"tiered_pricing_percentage_rules":[],"tiered_pricing_minimum":1,"tiered_pricing_roles_data":[],"_links":{"self":[{"href":"https:\/\/www.csj-emballages.com\/pt-pt\/wp-json\/wp\/v2\/product\/29250","targetHints":{"allow":["GET"]}}],"collection":[{"href":"https:\/\/www.csj-emballages.com\/pt-pt\/wp-json\/wp\/v2\/product"}],"about":[{"href":"https:\/\/www.csj-emballages.com\/pt-pt\/wp-json\/wp\/v2\/types\/product"}],"wp:featuredmedia":[{"embeddable":true,"href":"https:\/\/www.csj-emballages.com\/pt-pt\/wp-json\/wp\/v2\/media\/240980"}],"wp:attachment":[{"href":"https:\/\/www.csj-emballages.com\/pt-pt\/wp-json\/wp\/v2\/media?parent=29250"}],"wp:term":[{"taxonomy":"product_brand","embeddable":true,"href":"https:\/\/www.csj-emballages.com\/pt-pt\/wp-json\/wp\/v2\/product_brand?post=29250"},{"taxonomy":"product_cat","embeddable":true,"href":"https:\/\/www.csj-emballages.com\/pt-pt\/wp-json\/wp\/v2\/product_cat?post=29250"},{"taxonomy":"product_tag","embeddable":true,"href":"https:\/\/www.csj-emballages.com\/pt-pt\/wp-json\/wp\/v2\/product_tag?post=29250"}],"curies":[{"name":"wp","href":"https:\/\/api.w.org\/{rel}","templated":true}]}}