{"id":278706,"date":"2026-04-15T14:18:16","date_gmt":"2026-04-15T12:18:16","guid":{"rendered":"https:\/\/www.csj-emballages.com\/produit\/saco-de-frango-com-fecho-de-correr-31-x-25-15-cm-por-500\/"},"modified":"2026-04-28T02:19:22","modified_gmt":"2026-04-28T00:19:22","slug":"saco-de-frango-com-fecho-de-correr-31-x-25-15-cm-por-500","status":"publish","type":"product","link":"https:\/\/www.csj-emballages.com\/pt-pt\/produit\/saco-de-frango-com-fecho-de-correr-31-x-25-15-cm-por-500\/","title":{"rendered":"Saco de frango com fecho de correr 31 x 25 + 15 cm por 500"},"content":{"rendered":"<h2 data-start=\"76\" data-end=\"138\">Saco de frango<\/h2>\n<hr>\n<h3 data-start=\"140\" data-end=\"376\">Descubra o nosso saco para frango com fecho zip 31 x 25 + 15 cm por 500<\/h3>\n<p><!--more--><\/p>\n<p data-start=\"129\" data-end=\"322\">Este <strong>saco para frango com fecho zip<\/strong> \u00e9 claramente o pequeno detalhe que faz toda a diferen\u00e7a quando vende frango assado. S\u00f3lido, pr\u00e1tico e bem pensado, permite transportar um <strong>frango quente<\/strong> sem complica\u00e7\u00f5es. <\/p>\n<p data-start=\"324\" data-end=\"515\">Com o seu <strong>fecho zip<\/strong>, acabaram-se os sacos mal fechados ou os molhos que escapam. Tudo fica bem no interior, de forma limpa, mesmo quando o frango ainda est\u00e1 bem quente \u00e0 sa\u00edda do assador. O seu formato \u00e9 ideal: pode colocar um frango inteiro sem for\u00e7ar e este fica bem seguro. A <strong>pega integrada<\/strong> permite uma pega confort\u00e1vel para os clientes, \u00e9 simples e eficaz.   <\/p>\n<p data-start=\"712\" data-end=\"914\">O pequeno extra? O seu design com <strong>efeito de chamas e a sua janela transparente<\/strong>. O que valoriza o frango. Perfeito para valorizar o seu produto.   <\/p>\n<p data-start=\"916\" data-end=\"1019\">Vendido em <strong>lote de 500<\/strong>, \u00e9 a solu\u00e7\u00e3o pr\u00e1tica para trabalhar com tranquilidade no dia a dia.<\/p>\n<p data-start=\"916\" data-end=\"1019\">\n<p data-start=\"916\" data-end=\"1019\"><!--more--><\/p>\n<h4 data-start=\"916\" data-end=\"1019\">Vantagens :<\/h4>\n<ul>\n<li data-section-id=\"1jpzp69\" data-start=\"107\" data-end=\"185\"><strong>Fecho zip pr\u00e1tico<\/strong>: evita fugas e mant\u00e9m o frango bem quente<\/li>\n<li data-section-id=\"ysk4cy\" data-start=\"186\" data-end=\"257\">Formato ideal de<strong> 31 x 25 + 15 cm<\/strong>, perfeito para um frango assado inteiro<\/li>\n<li data-section-id=\"12dtb25\" data-start=\"258\" data-end=\"324\">A janela transparente valoriza o produto e desperta o apetite<\/li>\n<li data-section-id=\"bzs4yk\" data-start=\"325\" data-end=\"387\">Design atrativo com chamas: refor\u00e7a a imagem apetitosa<\/li>\n<li data-section-id=\"1fodg99\" data-start=\"388\" data-end=\"442\"><strong>Pega integrada<\/strong>: transporte f\u00e1cil para o cliente<\/li>\n<li data-section-id=\"1skxp5w\" data-start=\"443\" data-end=\"483\">Saco s\u00f3lido e resistente ao calor<\/li>\n<li data-section-id=\"1q9eix2\" data-start=\"484\" data-end=\"544\">Adequado para venda para levar (assador, catering&#8230;)<\/li>\n<\/ul>\n<p>&nbsp;<\/p>\n<p><!--more--><\/p>\n<h4>Outras informa\u00e7\u00f5es :<\/h4>\n<ul>\n<li><strong>Embalagem<\/strong>: Caixa de 500<\/li>\n<li><strong>Dimens\u00f5es<\/strong>: 31 x 25 + 15 cm<\/li>\n<li><strong>Cor<\/strong>: preto<\/li>\n<\/ul>\n<p data-start=\"916\" data-end=\"1019\">\n<p data-start=\"916\" data-end=\"1019\"><!--more--><\/p>\n<p data-start=\"916\" data-end=\"1019\"><a href=\"https:\/\/www.csj-emballages.com\/pt-pt\/categorie-produit\/embalagem-de-alimentos\/talho-e-charcutaria\/sacos-e-bolsas\/sacos-de-frango\/\">V\u00ea o resto da nossa gama de sacos de frango<\/a><\/p>\n","protected":false},"excerpt":{"rendered":"<p>Saco de frango Descubra o nosso saco para frango com fecho zip 31 x 25 + 15 cm por 500<\/p>\n","protected":false},"featured_media":278697,"template":"","meta":{"_acf_changed":false},"product_brand":[],"product_cat":[1141,1176,3914,3344],"product_tag":[],"class_list":{"0":"post-278706","1":"product","2":"type-product","3":"status-publish","4":"has-post-thumbnail","6":"product_cat-embalagem-de-alimentos","7":"product_cat-talho-e-charcutaria","8":"product_cat-sacos-e-bolsas","9":"product_cat-sacos-de-frango","11":"first","12":"instock","13":"taxable","14":"shipping-taxable","15":"purchasable","16":"product-type-simple"},"acf":[],"yoast_head":"<!-- This site is optimized with the Yoast SEO Premium plugin v26.6 (Yoast SEO v26.6) - https:\/\/yoast.com\/wordpress\/plugins\/seo\/ -->\n<title>Saco de frango com fecho 31 x 25 + 15 cm por 500<\/title>\n<meta name=\"description\" content=\"Saco para frango com fecho zip 31 x 25 + 15 cm. Resistente, pr\u00e1tico e estanque, ideal para frango assado para levar. Lote de 500.\" \/>\n<meta name=\"robots\" content=\"index, follow, max-snippet:-1, max-image-preview:large, max-video-preview:-1\" \/>\n<link rel=\"canonical\" href=\"https:\/\/www.csj-emballages.com\/pt-pt\/produit\/saco-de-frango-com-fecho-de-correr-31-x-25-15-cm-por-500\/\" \/>\n<meta property=\"og:locale\" content=\"pt_PT\" \/>\n<meta property=\"og:type\" content=\"article\" \/>\n<meta property=\"og:title\" content=\"Saco de frango com fecho de correr 31 x 25 + 15 cm por 500\" \/>\n<meta property=\"og:description\" content=\"Saco para frango com fecho zip 31 x 25 + 15 cm. Resistente, pr\u00e1tico e estanque, ideal para frango assado para levar. Lote de 500.\" \/>\n<meta property=\"og:url\" content=\"https:\/\/www.csj-emballages.com\/pt-pt\/produit\/saco-de-frango-com-fecho-de-correr-31-x-25-15-cm-por-500\/\" \/>\n<meta property=\"og:site_name\" content=\"CSJ Emballages\" \/>\n<meta property=\"article:publisher\" content=\"https:\/\/www.facebook.com\/csjemballages\" \/>\n<meta property=\"article:modified_time\" content=\"2026-04-28T00:19:22+00:00\" \/>\n<meta property=\"og:image\" content=\"https:\/\/www.csj-emballages.com\/wp-content\/uploads\/2026\/04\/SPP1.webp\" \/>\n\t<meta property=\"og:image:width\" content=\"800\" \/>\n\t<meta property=\"og:image:height\" content=\"800\" \/>\n\t<meta property=\"og:image:type\" content=\"image\/webp\" \/>\n<meta name=\"twitter:card\" content=\"summary_large_image\" \/>\n<meta name=\"twitter:label1\" content=\"Tempo estimado de leitura\" \/>\n\t<meta name=\"twitter:data1\" content=\"1 minuto\" \/>\n<script type=\"application\/ld+json\" class=\"yoast-schema-graph\">{\"@context\":\"https:\/\/schema.org\",\"@graph\":[{\"@type\":\"WebPage\",\"@id\":\"https:\/\/www.csj-emballages.com\/pt-pt\/produit\/saco-de-frango-com-fecho-de-correr-31-x-25-15-cm-por-500\/\",\"url\":\"https:\/\/www.csj-emballages.com\/pt-pt\/produit\/saco-de-frango-com-fecho-de-correr-31-x-25-15-cm-por-500\/\",\"name\":\"Saco de frango com fecho 31 x 25 + 15 cm por 500\",\"isPartOf\":{\"@id\":\"https:\/\/www.csj-emballages.com\/pt-pt\/#website\"},\"primaryImageOfPage\":{\"@id\":\"https:\/\/www.csj-emballages.com\/pt-pt\/produit\/saco-de-frango-com-fecho-de-correr-31-x-25-15-cm-por-500\/#primaryimage\"},\"image\":{\"@id\":\"https:\/\/www.csj-emballages.com\/pt-pt\/produit\/saco-de-frango-com-fecho-de-correr-31-x-25-15-cm-por-500\/#primaryimage\"},\"thumbnailUrl\":\"https:\/\/www.csj-emballages.com\/wp-content\/uploads\/2026\/04\/SPP1.webp\",\"datePublished\":\"2026-04-15T12:18:16+00:00\",\"dateModified\":\"2026-04-28T00:19:22+00:00\",\"description\":\"Saco para frango com fecho zip 31 x 25 + 15 cm. Resistente, pr\u00e1tico e estanque, ideal para frango assado para levar. Lote de 500.\",\"breadcrumb\":{\"@id\":\"https:\/\/www.csj-emballages.com\/pt-pt\/produit\/saco-de-frango-com-fecho-de-correr-31-x-25-15-cm-por-500\/#breadcrumb\"},\"inLanguage\":\"pt-PT\",\"potentialAction\":[{\"@type\":\"ReadAction\",\"target\":[\"https:\/\/www.csj-emballages.com\/pt-pt\/produit\/saco-de-frango-com-fecho-de-correr-31-x-25-15-cm-por-500\/\"]}]},{\"@type\":\"ImageObject\",\"inLanguage\":\"pt-PT\",\"@id\":\"https:\/\/www.csj-emballages.com\/pt-pt\/produit\/saco-de-frango-com-fecho-de-correr-31-x-25-15-cm-por-500\/#primaryimage\",\"url\":\"https:\/\/www.csj-emballages.com\/wp-content\/uploads\/2026\/04\/SPP1.webp\",\"contentUrl\":\"https:\/\/www.csj-emballages.com\/wp-content\/uploads\/2026\/04\/SPP1.webp\",\"width\":800,\"height\":800,\"caption\":\"Sac poulet\"},{\"@type\":\"BreadcrumbList\",\"@id\":\"https:\/\/www.csj-emballages.com\/pt-pt\/produit\/saco-de-frango-com-fecho-de-correr-31-x-25-15-cm-por-500\/#breadcrumb\",\"itemListElement\":[{\"@type\":\"ListItem\",\"position\":1,\"name\":\"Acolhimento\",\"item\":\"https:\/\/www.csj-emballages.com\/pt-pt\/universo-das-embalagens-alimentares\/\"},{\"@type\":\"ListItem\",\"position\":2,\"name\":\"Shop\",\"item\":\"https:\/\/www.csj-emballages.com\/shop\/\"},{\"@type\":\"ListItem\",\"position\":3,\"name\":\"Saco de frango com fecho de correr 31 x 25 + 15 cm por 500\"}]},{\"@type\":\"WebSite\",\"@id\":\"https:\/\/www.csj-emballages.com\/pt-pt\/#website\",\"url\":\"https:\/\/www.csj-emballages.com\/pt-pt\/\",\"name\":\"CSJ Emballages\",\"description\":\"\",\"publisher\":{\"@id\":\"https:\/\/www.csj-emballages.com\/pt-pt\/#organization\"},\"potentialAction\":[{\"@type\":\"SearchAction\",\"target\":{\"@type\":\"EntryPoint\",\"urlTemplate\":\"https:\/\/www.csj-emballages.com\/pt-pt\/?s={search_term_string}\"},\"query-input\":{\"@type\":\"PropertyValueSpecification\",\"valueRequired\":true,\"valueName\":\"search_term_string\"}}],\"inLanguage\":\"pt-PT\"},{\"@type\":\"Organization\",\"@id\":\"https:\/\/www.csj-emballages.com\/pt-pt\/#Organization\/\",\"name\":\"CSJ Emballages\",\"url\":\"https:\/\/www.csj-emballages.com\/pt-pt\/\",\"logo\":{\"@type\":\"ImageObject\",\"inLanguage\":\"pt-PT\",\"@id\":\"https:\/\/www.csj-emballages.com\/pt-pt\/#\/schema\/logo\/image\/\",\"url\":\"https:\/\/www.csj-emballages.com\/wp-content\/uploads\/2023\/10\/logo_csj.webp\",\"contentUrl\":\"https:\/\/www.csj-emballages.com\/wp-content\/uploads\/2023\/10\/logo_csj.webp\",\"width\":250,\"height\":95,\"caption\":\"CSJ Emballages\"},\"image\":{\"@id\":\"https:\/\/www.csj-emballages.com\/pt-pt\/#\/schema\/logo\/image\/\"},\"sameAs\":[\"https:\/\/www.facebook.com\/csjemballages\"],\"address\":{\"@type\":\"PostalAddress\",\"streetAddress\":\"ZI La Lechere\",\"addressLocality\":\"Patornay\",\"postalCode\":\"39130\",\"addressCountry\":\"FR\"},\"contactPoint\":[{\"@type\":\"ContactPoint\",\"contactType\":\"Service client\",\"telephone\":\"0384254272\",\"email\":\"contact@csj-emballages.com\"}]}]}<\/script>\n<!-- \/ Yoast SEO Premium plugin. -->","yoast_head_json":{"title":"Saco de frango com fecho 31 x 25 + 15 cm por 500","description":"Saco para frango com fecho zip 31 x 25 + 15 cm. Resistente, pr\u00e1tico e estanque, ideal para frango assado para levar. Lote de 500.","robots":{"index":"index","follow":"follow","max-snippet":"max-snippet:-1","max-image-preview":"max-image-preview:large","max-video-preview":"max-video-preview:-1"},"canonical":"https:\/\/www.csj-emballages.com\/pt-pt\/produit\/saco-de-frango-com-fecho-de-correr-31-x-25-15-cm-por-500\/","og_locale":"pt_PT","og_type":"article","og_title":"Saco de frango com fecho de correr 31 x 25 + 15 cm por 500","og_description":"Saco para frango com fecho zip 31 x 25 + 15 cm. Resistente, pr\u00e1tico e estanque, ideal para frango assado para levar. Lote de 500.","og_url":"https:\/\/www.csj-emballages.com\/pt-pt\/produit\/saco-de-frango-com-fecho-de-correr-31-x-25-15-cm-por-500\/","og_site_name":"CSJ Emballages","article_publisher":"https:\/\/www.facebook.com\/csjemballages","article_modified_time":"2026-04-28T00:19:22+00:00","og_image":[{"width":800,"height":800,"url":"https:\/\/www.csj-emballages.com\/wp-content\/uploads\/2026\/04\/SPP1.webp","type":"image\/webp"}],"twitter_card":"summary_large_image","twitter_misc":{"Tempo estimado de leitura":"1 minuto"},"schema":{"@context":"https:\/\/schema.org","@graph":[{"@type":"WebPage","@id":"https:\/\/www.csj-emballages.com\/pt-pt\/produit\/saco-de-frango-com-fecho-de-correr-31-x-25-15-cm-por-500\/","url":"https:\/\/www.csj-emballages.com\/pt-pt\/produit\/saco-de-frango-com-fecho-de-correr-31-x-25-15-cm-por-500\/","name":"Saco de frango com fecho 31 x 25 + 15 cm por 500","isPartOf":{"@id":"https:\/\/www.csj-emballages.com\/pt-pt\/#website"},"primaryImageOfPage":{"@id":"https:\/\/www.csj-emballages.com\/pt-pt\/produit\/saco-de-frango-com-fecho-de-correr-31-x-25-15-cm-por-500\/#primaryimage"},"image":{"@id":"https:\/\/www.csj-emballages.com\/pt-pt\/produit\/saco-de-frango-com-fecho-de-correr-31-x-25-15-cm-por-500\/#primaryimage"},"thumbnailUrl":"https:\/\/www.csj-emballages.com\/wp-content\/uploads\/2026\/04\/SPP1.webp","datePublished":"2026-04-15T12:18:16+00:00","dateModified":"2026-04-28T00:19:22+00:00","description":"Saco para frango com fecho zip 31 x 25 + 15 cm. Resistente, pr\u00e1tico e estanque, ideal para frango assado para levar. Lote de 500.","breadcrumb":{"@id":"https:\/\/www.csj-emballages.com\/pt-pt\/produit\/saco-de-frango-com-fecho-de-correr-31-x-25-15-cm-por-500\/#breadcrumb"},"inLanguage":"pt-PT","potentialAction":[{"@type":"ReadAction","target":["https:\/\/www.csj-emballages.com\/pt-pt\/produit\/saco-de-frango-com-fecho-de-correr-31-x-25-15-cm-por-500\/"]}]},{"@type":"ImageObject","inLanguage":"pt-PT","@id":"https:\/\/www.csj-emballages.com\/pt-pt\/produit\/saco-de-frango-com-fecho-de-correr-31-x-25-15-cm-por-500\/#primaryimage","url":"https:\/\/www.csj-emballages.com\/wp-content\/uploads\/2026\/04\/SPP1.webp","contentUrl":"https:\/\/www.csj-emballages.com\/wp-content\/uploads\/2026\/04\/SPP1.webp","width":800,"height":800,"caption":"Sac poulet"},{"@type":"BreadcrumbList","@id":"https:\/\/www.csj-emballages.com\/pt-pt\/produit\/saco-de-frango-com-fecho-de-correr-31-x-25-15-cm-por-500\/#breadcrumb","itemListElement":[{"@type":"ListItem","position":1,"name":"Acolhimento","item":"https:\/\/www.csj-emballages.com\/pt-pt\/universo-das-embalagens-alimentares\/"},{"@type":"ListItem","position":2,"name":"Shop","item":"https:\/\/www.csj-emballages.com\/shop\/"},{"@type":"ListItem","position":3,"name":"Saco de frango com fecho de correr 31 x 25 + 15 cm por 500"}]},{"@type":"WebSite","@id":"https:\/\/www.csj-emballages.com\/pt-pt\/#website","url":"https:\/\/www.csj-emballages.com\/pt-pt\/","name":"CSJ Emballages","description":"","publisher":{"@id":"https:\/\/www.csj-emballages.com\/pt-pt\/#organization"},"potentialAction":[{"@type":"SearchAction","target":{"@type":"EntryPoint","urlTemplate":"https:\/\/www.csj-emballages.com\/pt-pt\/?s={search_term_string}"},"query-input":{"@type":"PropertyValueSpecification","valueRequired":true,"valueName":"search_term_string"}}],"inLanguage":"pt-PT"},{"@type":"Organization","@id":"https:\/\/www.csj-emballages.com\/pt-pt\/#Organization\/","name":"CSJ Emballages","url":"https:\/\/www.csj-emballages.com\/pt-pt\/","logo":{"@type":"ImageObject","inLanguage":"pt-PT","@id":"https:\/\/www.csj-emballages.com\/pt-pt\/#\/schema\/logo\/image\/","url":"https:\/\/www.csj-emballages.com\/wp-content\/uploads\/2023\/10\/logo_csj.webp","contentUrl":"https:\/\/www.csj-emballages.com\/wp-content\/uploads\/2023\/10\/logo_csj.webp","width":250,"height":95,"caption":"CSJ Emballages"},"image":{"@id":"https:\/\/www.csj-emballages.com\/pt-pt\/#\/schema\/logo\/image\/"},"sameAs":["https:\/\/www.facebook.com\/csjemballages"],"address":{"@type":"PostalAddress","streetAddress":"ZI La Lechere","addressLocality":"Patornay","postalCode":"39130","addressCountry":"FR"},"contactPoint":[{"@type":"ContactPoint","contactType":"Service client","telephone":"0384254272","email":"contact@csj-emballages.com"}]}]}},"df_price":116.56,"df_sale_price":"","df_regular_price":116.56,"df_image_link":"https:\/\/www.csj-emballages.com\/wp-content\/uploads\/2026\/04\/SPP1-300x300.webp","tiered_pricing_type":"fixed","tiered_pricing_fixed_rules":[],"tiered_pricing_percentage_rules":[],"tiered_pricing_minimum":1,"tiered_pricing_roles_data":[],"_links":{"self":[{"href":"https:\/\/www.csj-emballages.com\/pt-pt\/wp-json\/wp\/v2\/product\/278706","targetHints":{"allow":["GET"]}}],"collection":[{"href":"https:\/\/www.csj-emballages.com\/pt-pt\/wp-json\/wp\/v2\/product"}],"about":[{"href":"https:\/\/www.csj-emballages.com\/pt-pt\/wp-json\/wp\/v2\/types\/product"}],"wp:featuredmedia":[{"embeddable":true,"href":"https:\/\/www.csj-emballages.com\/pt-pt\/wp-json\/wp\/v2\/media\/278697"}],"wp:attachment":[{"href":"https:\/\/www.csj-emballages.com\/pt-pt\/wp-json\/wp\/v2\/media?parent=278706"}],"wp:term":[{"taxonomy":"product_brand","embeddable":true,"href":"https:\/\/www.csj-emballages.com\/pt-pt\/wp-json\/wp\/v2\/product_brand?post=278706"},{"taxonomy":"product_cat","embeddable":true,"href":"https:\/\/www.csj-emballages.com\/pt-pt\/wp-json\/wp\/v2\/product_cat?post=278706"},{"taxonomy":"product_tag","embeddable":true,"href":"https:\/\/www.csj-emballages.com\/pt-pt\/wp-json\/wp\/v2\/product_tag?post=278706"}],"curies":[{"name":"wp","href":"https:\/\/api.w.org\/{rel}","templated":true}]}}