{"id":278324,"date":"2026-04-03T17:18:19","date_gmt":"2026-04-03T15:18:19","guid":{"rendered":"https:\/\/www.csj-emballages.com\/produit\/caixa-catering-retangular-cartao-branco-35-x-26-x-6-cm-por-25\/"},"modified":"2026-04-28T15:06:20","modified_gmt":"2026-04-28T13:06:20","slug":"caixa-catering-retangular-cartao-branco-35-x-26-x-6-cm-por-25","status":"publish","type":"product","link":"https:\/\/www.csj-emballages.com\/pt-pt\/produit\/caixa-catering-retangular-cartao-branco-35-x-26-x-6-cm-por-25\/","title":{"rendered":"Caixa catering retangular cart\u00e3o branco 35 x 26 x 6 cm por 25"},"content":{"rendered":"<h2>Caixa de catering<\/h2>\n<hr>\n<h3>Descubra a nossa caixa catering retangular cart\u00e3o branco 35 x 26 x 6 cm por 25<\/h3>\n<p><!--more--><\/p>\n<p data-start=\"0\" data-end=\"282\">Quando a apresenta\u00e7\u00e3o conta tanto quanto o sabor, esta <strong>caixa catering retangular em cart\u00e3o branco<\/strong> torna-se rapidamente indispens\u00e1vel. Com o seu formato generoso de <strong>35 x 26 x 6 cm<\/strong>, \u00e9 perfeita para acolher <strong>pratos preparados, buffets frios, pastelaria ou sortidos salgados<\/strong> com eleg\u00e2ncia. <\/p>\n<p data-start=\"284\" data-end=\"530\">A sua <strong>cor branca<\/strong> confere um toque limpo, profissional e cuidado, ideal para destacar as suas prepara\u00e7\u00f5es sem exageros. Adapta-se a todas as ocasi\u00f5es: eventos, vendas para levar, servi\u00e7os de catering ou refei\u00e7\u00f5es festivas. <\/p>\n<p data-start=\"532\" data-end=\"840\" data-is-last-node=\"\" data-is-only-node=\"\">S\u00f3lida e fi\u00e1vel, protege eficazmente as suas cria\u00e7\u00f5es facilitando ao mesmo tempo o seu transporte. Um verdadeiro aliado do quotidiano para os profissionais. Vendida em <strong>lote de 25<\/strong>, acompanha-o serenamente nos seus servi\u00e7os, mesmo nos mais intensos  <\/p>\n<p data-start=\"552\" data-end=\"860\" data-is-last-node=\"\" data-is-only-node=\"\"><!--more--><\/p>\n<h4 data-start=\"552\" data-end=\"860\">Vantagens :<\/h4>\n<ul>\n<li data-section-id=\"17oxedn\" data-start=\"65\" data-end=\"162\">Ideal para pratos, buffets, tabuleiros de refei\u00e7\u00e3o ou grandes pastelarias<\/li>\n<li data-section-id=\"drgyuy\" data-start=\"163\" data-end=\"259\">O <strong>branco<\/strong> confere uma imagem limpa, profissional e valorizadora<\/li>\n<li data-section-id=\"o8vhv0\" data-start=\"260\" data-end=\"337\">Cart\u00e3o r\u00edgido que protege eficazmente as suas prepara\u00e7\u00f5es<\/li>\n<li data-section-id=\"1079d6v\" data-start=\"338\" data-end=\"419\">Os seus pratos mant\u00eam-se bem no lugar, mesmo em desloca\u00e7\u00e3o<\/li>\n<li data-section-id=\"tg3hhc\" data-start=\"420\" data-end=\"512\">Perfeita para catering, eventos, vendas para levar ou particulares<\/li>\n<li data-section-id=\"1w9v83h\" data-start=\"513\" data-end=\"590\">  Montagem simples para ganhar tempo no quotidiano<\/li>\n<\/ul>\n<p>&nbsp;<\/p>\n<p data-start=\"552\" data-end=\"860\" data-is-last-node=\"\" data-is-only-node=\"\"><!--more--><\/p>\n<h4 data-start=\"552\" data-end=\"860\">Outras informa\u00e7\u00f5es:<\/h4>\n<ul>\n<li><strong>Embalagem<\/strong>: Pacote de 25<\/li>\n<li><strong>Dimens\u00f5es<\/strong>: 35 x 26 x 6 cm<\/li>\n<li><strong>Cor<\/strong>: Branco<\/li>\n<li><strong>Material<\/strong>: Cart\u00e3o<\/li>\n<\/ul>\n<p>&nbsp;<\/p>\n<p><!--more--><\/p>\n<p><a href=\"https:\/\/www.csj-emballages.com\/pt-pt\/categorie-produit\/embalagem-de-alimentos\/padaria-e-pastelaria\/caixas-e-estojos\/caixas-de-janela\/\">Consulte a restante gama de caixas com janela<\/a><\/p>\n","protected":false},"excerpt":{"rendered":"<p>Caixa de catering Descubra a nossa caixa catering retangular cart\u00e3o branco 35 x 26 x 6 cm por 25<\/p>\n","protected":false},"featured_media":233042,"template":"","meta":{"_acf_changed":false},"product_brand":[],"product_cat":[1141,1176,2289,1174,1177,3916,1258,3107,1267],"product_tag":[],"class_list":{"0":"post-278324","1":"product","2":"type-product","3":"status-publish","4":"has-post-thumbnail","6":"product_cat-embalagem-de-alimentos","7":"product_cat-talho-e-charcutaria","8":"product_cat-tabuleiros-latas-e-frascos","9":"product_cat-caixas-de-catering-almocos","10":"product_cat-padaria-e-pastelaria","11":"product_cat-caixas-e-estojos","12":"product_cat-caixas-de-pastelaria","13":"product_cat-latas-de-sobremesa","14":"product_cat-descontos-promocoes","16":"first","17":"instock","18":"sale","19":"taxable","20":"shipping-taxable","21":"purchasable","22":"product-type-simple"},"acf":[],"yoast_head":"<!-- This site is optimized with the Yoast SEO Premium plugin v26.6 (Yoast SEO v26.6) - https:\/\/yoast.com\/wordpress\/plugins\/seo\/ -->\n<title>Caixa Catering Retangular Cart\u00e3o Branco 35 x 26 x 6 cm por 25<\/title>\n<meta name=\"description\" content=\"Caixa catering retangular branca 35x26x6 cm, ideal para transportar e apresentar pratos e buffets. S\u00f3lida, pr\u00e1tica e vendida em lote de 25.\" \/>\n<meta name=\"robots\" content=\"index, follow, max-snippet:-1, max-image-preview:large, max-video-preview:-1\" \/>\n<link rel=\"canonical\" href=\"https:\/\/www.csj-emballages.com\/pt-pt\/produit\/caixa-catering-retangular-cartao-branco-35-x-26-x-6-cm-por-25\/\" \/>\n<meta property=\"og:locale\" content=\"pt_PT\" \/>\n<meta property=\"og:type\" content=\"article\" \/>\n<meta property=\"og:title\" content=\"Caixa catering retangular cart\u00e3o branco 35 x 26 x 6 cm por 25\" \/>\n<meta property=\"og:description\" content=\"Caixa catering retangular branca 35x26x6 cm, ideal para transportar e apresentar pratos e buffets. S\u00f3lida, pr\u00e1tica e vendida em lote de 25.\" \/>\n<meta property=\"og:url\" content=\"https:\/\/www.csj-emballages.com\/pt-pt\/produit\/caixa-catering-retangular-cartao-branco-35-x-26-x-6-cm-por-25\/\" \/>\n<meta property=\"og:site_name\" content=\"CSJ Emballages\" \/>\n<meta property=\"article:publisher\" content=\"https:\/\/www.facebook.com\/csjemballages\" \/>\n<meta property=\"article:modified_time\" content=\"2026-04-28T13:06:20+00:00\" \/>\n<meta property=\"og:image\" content=\"https:\/\/www.csj-emballages.com\/wp-content\/uploads\/2025\/03\/Boite-traiteur.webp\" \/>\n\t<meta property=\"og:image:width\" content=\"800\" \/>\n\t<meta property=\"og:image:height\" content=\"800\" \/>\n\t<meta property=\"og:image:type\" content=\"image\/webp\" \/>\n<meta name=\"twitter:card\" content=\"summary_large_image\" \/>\n<meta name=\"twitter:label1\" content=\"Tempo estimado de leitura\" \/>\n\t<meta name=\"twitter:data1\" content=\"1 minuto\" \/>\n<script type=\"application\/ld+json\" class=\"yoast-schema-graph\">{\"@context\":\"https:\/\/schema.org\",\"@graph\":[{\"@type\":\"WebPage\",\"@id\":\"https:\/\/www.csj-emballages.com\/pt-pt\/produit\/caixa-catering-retangular-cartao-branco-35-x-26-x-6-cm-por-25\/\",\"url\":\"https:\/\/www.csj-emballages.com\/pt-pt\/produit\/caixa-catering-retangular-cartao-branco-35-x-26-x-6-cm-por-25\/\",\"name\":\"Caixa Catering Retangular Cart\u00e3o Branco 35 x 26 x 6 cm por 25\",\"isPartOf\":{\"@id\":\"https:\/\/www.csj-emballages.com\/pt-pt\/#website\"},\"primaryImageOfPage\":{\"@id\":\"https:\/\/www.csj-emballages.com\/pt-pt\/produit\/caixa-catering-retangular-cartao-branco-35-x-26-x-6-cm-por-25\/#primaryimage\"},\"image\":{\"@id\":\"https:\/\/www.csj-emballages.com\/pt-pt\/produit\/caixa-catering-retangular-cartao-branco-35-x-26-x-6-cm-por-25\/#primaryimage\"},\"thumbnailUrl\":\"https:\/\/www.csj-emballages.com\/wp-content\/uploads\/2025\/03\/Boite-traiteur.webp\",\"datePublished\":\"2026-04-03T15:18:19+00:00\",\"dateModified\":\"2026-04-28T13:06:20+00:00\",\"description\":\"Caixa catering retangular branca 35x26x6 cm, ideal para transportar e apresentar pratos e buffets. S\u00f3lida, pr\u00e1tica e vendida em lote de 25.\",\"breadcrumb\":{\"@id\":\"https:\/\/www.csj-emballages.com\/pt-pt\/produit\/caixa-catering-retangular-cartao-branco-35-x-26-x-6-cm-por-25\/#breadcrumb\"},\"inLanguage\":\"pt-PT\",\"potentialAction\":[{\"@type\":\"ReadAction\",\"target\":[\"https:\/\/www.csj-emballages.com\/pt-pt\/produit\/caixa-catering-retangular-cartao-branco-35-x-26-x-6-cm-por-25\/\"]}]},{\"@type\":\"ImageObject\",\"inLanguage\":\"pt-PT\",\"@id\":\"https:\/\/www.csj-emballages.com\/pt-pt\/produit\/caixa-catering-retangular-cartao-branco-35-x-26-x-6-cm-por-25\/#primaryimage\",\"url\":\"https:\/\/www.csj-emballages.com\/wp-content\/uploads\/2025\/03\/Boite-traiteur.webp\",\"contentUrl\":\"https:\/\/www.csj-emballages.com\/wp-content\/uploads\/2025\/03\/Boite-traiteur.webp\",\"width\":800,\"height\":800,\"caption\":\"boite traiteur\"},{\"@type\":\"BreadcrumbList\",\"@id\":\"https:\/\/www.csj-emballages.com\/pt-pt\/produit\/caixa-catering-retangular-cartao-branco-35-x-26-x-6-cm-por-25\/#breadcrumb\",\"itemListElement\":[{\"@type\":\"ListItem\",\"position\":1,\"name\":\"Acolhimento\",\"item\":\"https:\/\/www.csj-emballages.com\/pt-pt\/universo-das-embalagens-alimentares\/\"},{\"@type\":\"ListItem\",\"position\":2,\"name\":\"Shop\",\"item\":\"https:\/\/www.csj-emballages.com\/shop\/\"},{\"@type\":\"ListItem\",\"position\":3,\"name\":\"Caixa catering retangular cart\u00e3o branco 35 x 26 x 6 cm por 25\"}]},{\"@type\":\"WebSite\",\"@id\":\"https:\/\/www.csj-emballages.com\/pt-pt\/#website\",\"url\":\"https:\/\/www.csj-emballages.com\/pt-pt\/\",\"name\":\"CSJ Emballages\",\"description\":\"\",\"publisher\":{\"@id\":\"https:\/\/www.csj-emballages.com\/pt-pt\/#organization\"},\"potentialAction\":[{\"@type\":\"SearchAction\",\"target\":{\"@type\":\"EntryPoint\",\"urlTemplate\":\"https:\/\/www.csj-emballages.com\/pt-pt\/?s={search_term_string}\"},\"query-input\":{\"@type\":\"PropertyValueSpecification\",\"valueRequired\":true,\"valueName\":\"search_term_string\"}}],\"inLanguage\":\"pt-PT\"},{\"@type\":\"Organization\",\"@id\":\"https:\/\/www.csj-emballages.com\/pt-pt\/#Organization\/\",\"name\":\"CSJ Emballages\",\"url\":\"https:\/\/www.csj-emballages.com\/pt-pt\/\",\"logo\":{\"@type\":\"ImageObject\",\"inLanguage\":\"pt-PT\",\"@id\":\"https:\/\/www.csj-emballages.com\/pt-pt\/#\/schema\/logo\/image\/\",\"url\":\"https:\/\/www.csj-emballages.com\/wp-content\/uploads\/2023\/10\/logo_csj.webp\",\"contentUrl\":\"https:\/\/www.csj-emballages.com\/wp-content\/uploads\/2023\/10\/logo_csj.webp\",\"width\":250,\"height\":95,\"caption\":\"CSJ Emballages\"},\"image\":{\"@id\":\"https:\/\/www.csj-emballages.com\/pt-pt\/#\/schema\/logo\/image\/\"},\"sameAs\":[\"https:\/\/www.facebook.com\/csjemballages\"],\"address\":{\"@type\":\"PostalAddress\",\"streetAddress\":\"ZI La Lechere\",\"addressLocality\":\"Patornay\",\"postalCode\":\"39130\",\"addressCountry\":\"FR\"},\"contactPoint\":[{\"@type\":\"ContactPoint\",\"contactType\":\"Service client\",\"telephone\":\"0384254272\",\"email\":\"contact@csj-emballages.com\"}]}]}<\/script>\n<!-- \/ Yoast SEO Premium plugin. -->","yoast_head_json":{"title":"Caixa Catering Retangular Cart\u00e3o Branco 35 x 26 x 6 cm por 25","description":"Caixa catering retangular branca 35x26x6 cm, ideal para transportar e apresentar pratos e buffets. S\u00f3lida, pr\u00e1tica e vendida em lote de 25.","robots":{"index":"index","follow":"follow","max-snippet":"max-snippet:-1","max-image-preview":"max-image-preview:large","max-video-preview":"max-video-preview:-1"},"canonical":"https:\/\/www.csj-emballages.com\/pt-pt\/produit\/caixa-catering-retangular-cartao-branco-35-x-26-x-6-cm-por-25\/","og_locale":"pt_PT","og_type":"article","og_title":"Caixa catering retangular cart\u00e3o branco 35 x 26 x 6 cm por 25","og_description":"Caixa catering retangular branca 35x26x6 cm, ideal para transportar e apresentar pratos e buffets. S\u00f3lida, pr\u00e1tica e vendida em lote de 25.","og_url":"https:\/\/www.csj-emballages.com\/pt-pt\/produit\/caixa-catering-retangular-cartao-branco-35-x-26-x-6-cm-por-25\/","og_site_name":"CSJ Emballages","article_publisher":"https:\/\/www.facebook.com\/csjemballages","article_modified_time":"2026-04-28T13:06:20+00:00","og_image":[{"width":800,"height":800,"url":"https:\/\/www.csj-emballages.com\/wp-content\/uploads\/2025\/03\/Boite-traiteur.webp","type":"image\/webp"}],"twitter_card":"summary_large_image","twitter_misc":{"Tempo estimado de leitura":"1 minuto"},"schema":{"@context":"https:\/\/schema.org","@graph":[{"@type":"WebPage","@id":"https:\/\/www.csj-emballages.com\/pt-pt\/produit\/caixa-catering-retangular-cartao-branco-35-x-26-x-6-cm-por-25\/","url":"https:\/\/www.csj-emballages.com\/pt-pt\/produit\/caixa-catering-retangular-cartao-branco-35-x-26-x-6-cm-por-25\/","name":"Caixa Catering Retangular Cart\u00e3o Branco 35 x 26 x 6 cm por 25","isPartOf":{"@id":"https:\/\/www.csj-emballages.com\/pt-pt\/#website"},"primaryImageOfPage":{"@id":"https:\/\/www.csj-emballages.com\/pt-pt\/produit\/caixa-catering-retangular-cartao-branco-35-x-26-x-6-cm-por-25\/#primaryimage"},"image":{"@id":"https:\/\/www.csj-emballages.com\/pt-pt\/produit\/caixa-catering-retangular-cartao-branco-35-x-26-x-6-cm-por-25\/#primaryimage"},"thumbnailUrl":"https:\/\/www.csj-emballages.com\/wp-content\/uploads\/2025\/03\/Boite-traiteur.webp","datePublished":"2026-04-03T15:18:19+00:00","dateModified":"2026-04-28T13:06:20+00:00","description":"Caixa catering retangular branca 35x26x6 cm, ideal para transportar e apresentar pratos e buffets. S\u00f3lida, pr\u00e1tica e vendida em lote de 25.","breadcrumb":{"@id":"https:\/\/www.csj-emballages.com\/pt-pt\/produit\/caixa-catering-retangular-cartao-branco-35-x-26-x-6-cm-por-25\/#breadcrumb"},"inLanguage":"pt-PT","potentialAction":[{"@type":"ReadAction","target":["https:\/\/www.csj-emballages.com\/pt-pt\/produit\/caixa-catering-retangular-cartao-branco-35-x-26-x-6-cm-por-25\/"]}]},{"@type":"ImageObject","inLanguage":"pt-PT","@id":"https:\/\/www.csj-emballages.com\/pt-pt\/produit\/caixa-catering-retangular-cartao-branco-35-x-26-x-6-cm-por-25\/#primaryimage","url":"https:\/\/www.csj-emballages.com\/wp-content\/uploads\/2025\/03\/Boite-traiteur.webp","contentUrl":"https:\/\/www.csj-emballages.com\/wp-content\/uploads\/2025\/03\/Boite-traiteur.webp","width":800,"height":800,"caption":"boite traiteur"},{"@type":"BreadcrumbList","@id":"https:\/\/www.csj-emballages.com\/pt-pt\/produit\/caixa-catering-retangular-cartao-branco-35-x-26-x-6-cm-por-25\/#breadcrumb","itemListElement":[{"@type":"ListItem","position":1,"name":"Acolhimento","item":"https:\/\/www.csj-emballages.com\/pt-pt\/universo-das-embalagens-alimentares\/"},{"@type":"ListItem","position":2,"name":"Shop","item":"https:\/\/www.csj-emballages.com\/shop\/"},{"@type":"ListItem","position":3,"name":"Caixa catering retangular cart\u00e3o branco 35 x 26 x 6 cm por 25"}]},{"@type":"WebSite","@id":"https:\/\/www.csj-emballages.com\/pt-pt\/#website","url":"https:\/\/www.csj-emballages.com\/pt-pt\/","name":"CSJ Emballages","description":"","publisher":{"@id":"https:\/\/www.csj-emballages.com\/pt-pt\/#organization"},"potentialAction":[{"@type":"SearchAction","target":{"@type":"EntryPoint","urlTemplate":"https:\/\/www.csj-emballages.com\/pt-pt\/?s={search_term_string}"},"query-input":{"@type":"PropertyValueSpecification","valueRequired":true,"valueName":"search_term_string"}}],"inLanguage":"pt-PT"},{"@type":"Organization","@id":"https:\/\/www.csj-emballages.com\/pt-pt\/#Organization\/","name":"CSJ Emballages","url":"https:\/\/www.csj-emballages.com\/pt-pt\/","logo":{"@type":"ImageObject","inLanguage":"pt-PT","@id":"https:\/\/www.csj-emballages.com\/pt-pt\/#\/schema\/logo\/image\/","url":"https:\/\/www.csj-emballages.com\/wp-content\/uploads\/2023\/10\/logo_csj.webp","contentUrl":"https:\/\/www.csj-emballages.com\/wp-content\/uploads\/2023\/10\/logo_csj.webp","width":250,"height":95,"caption":"CSJ Emballages"},"image":{"@id":"https:\/\/www.csj-emballages.com\/pt-pt\/#\/schema\/logo\/image\/"},"sameAs":["https:\/\/www.facebook.com\/csjemballages"],"address":{"@type":"PostalAddress","streetAddress":"ZI La Lechere","addressLocality":"Patornay","postalCode":"39130","addressCountry":"FR"},"contactPoint":[{"@type":"ContactPoint","contactType":"Service client","telephone":"0384254272","email":"contact@csj-emballages.com"}]}]}},"df_price":13.93,"df_sale_price":13.93,"df_regular_price":14.66,"df_image_link":"https:\/\/www.csj-emballages.com\/wp-content\/uploads\/2025\/03\/Boite-traiteur-300x300.webp","tiered_pricing_type":"fixed","tiered_pricing_fixed_rules":[],"tiered_pricing_percentage_rules":[],"tiered_pricing_minimum":1,"tiered_pricing_roles_data":[],"_links":{"self":[{"href":"https:\/\/www.csj-emballages.com\/pt-pt\/wp-json\/wp\/v2\/product\/278324","targetHints":{"allow":["GET"]}}],"collection":[{"href":"https:\/\/www.csj-emballages.com\/pt-pt\/wp-json\/wp\/v2\/product"}],"about":[{"href":"https:\/\/www.csj-emballages.com\/pt-pt\/wp-json\/wp\/v2\/types\/product"}],"wp:featuredmedia":[{"embeddable":true,"href":"https:\/\/www.csj-emballages.com\/pt-pt\/wp-json\/wp\/v2\/media\/233042"}],"wp:attachment":[{"href":"https:\/\/www.csj-emballages.com\/pt-pt\/wp-json\/wp\/v2\/media?parent=278324"}],"wp:term":[{"taxonomy":"product_brand","embeddable":true,"href":"https:\/\/www.csj-emballages.com\/pt-pt\/wp-json\/wp\/v2\/product_brand?post=278324"},{"taxonomy":"product_cat","embeddable":true,"href":"https:\/\/www.csj-emballages.com\/pt-pt\/wp-json\/wp\/v2\/product_cat?post=278324"},{"taxonomy":"product_tag","embeddable":true,"href":"https:\/\/www.csj-emballages.com\/pt-pt\/wp-json\/wp\/v2\/product_tag?post=278324"}],"curies":[{"name":"wp","href":"https:\/\/api.w.org\/{rel}","templated":true}]}}