{"id":278315,"date":"2026-04-03T17:18:22","date_gmt":"2026-04-03T15:18:22","guid":{"rendered":"https:\/\/www.csj-emballages.com\/produit\/caixa-de-cartao-com-janela-17-x-10-x-5-cm-pack-de-50\/"},"modified":"2026-04-24T02:12:52","modified_gmt":"2026-04-24T00:12:52","slug":"caixa-de-cartao-com-janela-17-x-10-x-5-cm-pack-de-50","status":"publish","type":"product","link":"https:\/\/www.csj-emballages.com\/pt-pt\/produit\/caixa-de-cartao-com-janela-17-x-10-x-5-cm-pack-de-50\/","title":{"rendered":"Caixa de cart\u00e3o com janela 17 x 10 x 5 cm (pack de 50)"},"content":{"rendered":"<h2>Caixa de cart\u00e3o com janela<\/h2>\n<hr>\n<h3>Descubra a nossa caixa de pastelaria branca com pega 17 x 10 x 5 cm (pack de 50)<\/h3>\n<p><!--more--><\/p>\n<p data-start=\"0\" data-end=\"298\">Porque tamb\u00e9m se come com os olhos, esta <strong>caixa de cart\u00e3o kraft com janela<\/strong> \u00e9 perfeita para apresentar as suas belas cria\u00e7\u00f5es ao primeiro olhar. A sua pequena vantagem? Uma ampla <strong>abertura transparente<\/strong> que deixa ver os seus bolos sem sequer ter de a abrir\u2026 ideal para abrir o apetite num piscar de olhos.  <\/p>\n<p data-start=\"300\" data-end=\"550\">Com o seu <strong>formato 17 x 10 x 5 cm<\/strong>, acomoda facilmente <strong>bolos individuais, fatias generosas ou pequenas guloseimas<\/strong> para <strong>levar<\/strong>. O seu cart\u00e3o kraft confere um toque natural e acolhedor, perfeito para refor\u00e7ar uma imagem artesanal e aut\u00eantica. <\/p>\n<p data-start=\"552\" data-end=\"860\" data-is-last-node=\"\" data-is-only-node=\"\">Pr\u00e1tica no dia a dia, protege eficazmente os seus produtos mantendo-se simples de manusear. Seja para take-away, montra ou um presente gourmet, causa sempre impacto. E com o seu <strong>pack de 50,<\/strong> ter\u00e1 stock suficiente para acompanhar o ritmo sem comprometer o estilo e a praticidade.  <\/p>\n<p data-start=\"552\" data-end=\"860\" data-is-last-node=\"\" data-is-only-node=\"\"><!--more--><\/p>\n<h4 data-start=\"552\" data-end=\"860\">Vantagens :<\/h4>\n<ul>\n<li data-section-id=\"1abkbml\" data-start=\"53\" data-end=\"162\">A janela transparente destaca os seus produtos sem sequer abrir a caixa<\/li>\n<li data-section-id=\"1l65enp\" data-start=\"163\" data-end=\"260\">O kraft refor\u00e7a uma imagem artesanal, aut\u00eantica e cuidada<\/li>\n<li data-section-id=\"18m3j81\" data-start=\"261\" data-end=\"358\">Perfeita para pastelaria, fatias de bolo, snacks ou doces para fora<\/li>\n<li data-section-id=\"1bugrsq\" data-start=\"359\" data-end=\"459\">Estrutura r\u00edgida que mant\u00e9m os seus produtos no lugar durante o transporte<\/li>\n<li data-section-id=\"o7faa3\" data-start=\"460\" data-end=\"552\">F\u00e1cil de montar e manusear, poupando tempo na prepara\u00e7\u00e3o<\/li>\n<li data-section-id=\"110awgb\" data-start=\"553\" data-end=\"658\">Adequada para padarias, pastelarias, caterings ou at\u00e9 para presentes gourmet<\/li>\n<\/ul>\n<p data-start=\"552\" data-end=\"860\" data-is-last-node=\"\" data-is-only-node=\"\"><!--more--><\/p>\n<h4 data-start=\"552\" data-end=\"860\">Outras informa\u00e7\u00f5es:<\/h4>\n<ul>\n<li><strong>Embalagem<\/strong>: Pacote de 50<\/li>\n<li><strong>Dimens\u00f5es<\/strong>: 17 x 10 x 5 cm<\/li>\n<li><strong>Cor<\/strong>: Kraft<\/li>\n<li><strong>Material<\/strong>: Cart\u00e3o \/ PET<\/li>\n<\/ul>\n<p>&nbsp;<\/p>\n<p><!--more--><\/p>\n<p>Esta caixa kraft com janela est\u00e1 dispon\u00edvel num tamanho superior: <span style=\"color: #d12727;\"><a style=\"color: #d12727;\" href=\"https:\/\/www.csj-emballages.com\/es\/produit\/caja-de-carton-con-ventana-17-x-10-x-9-cm-pack-de-50\/\">17 x 10 x 9 cm<\/a><\/span><\/p>\n<p>&nbsp;<\/p>\n<p><!--more--><\/p>\n<p><a href=\"https:\/\/www.csj-emballages.com\/pt-pt\/categorie-produit\/embalagem-de-alimentos\/padaria-e-pastelaria\/caixas-e-estojos\/caixas-de-janela\/\">Consulte a restante gama de caixas com janela<\/a><\/p>\n","protected":false},"excerpt":{"rendered":"<p>Caixa de cart\u00e3o com janela Descubra a nossa caixa de pastelaria branca com pega 17 x 10 x 5 cm (pack de 50)<\/p>\n","protected":false},"featured_media":278311,"template":"","meta":{"_acf_changed":false},"product_brand":[],"product_cat":[1141,1177,3916,1178,1267],"product_tag":[],"class_list":{"0":"post-278315","1":"product","2":"type-product","3":"status-publish","4":"has-post-thumbnail","6":"product_cat-embalagem-de-alimentos","7":"product_cat-padaria-e-pastelaria","8":"product_cat-caixas-e-estojos","9":"product_cat-caixas-de-janela","10":"product_cat-descontos-promocoes","12":"first","13":"instock","14":"sale","15":"taxable","16":"shipping-taxable","17":"purchasable","18":"product-type-simple"},"acf":[],"yoast_head":"<!-- This site is optimized with the Yoast SEO Premium plugin v26.6 (Yoast SEO v26.6) - https:\/\/yoast.com\/wordpress\/plugins\/seo\/ -->\n<title>Caixa de cart\u00e3o com janela 17 x 10 x 5 cm (pack de 50)<\/title>\n<meta name=\"description\" content=\"Caixa de cart\u00e3o kraft com janela 17 x 10 x 5 cm, ideal para valorizar e transportar as suas pastelarias. Pr\u00e1tica, elegante e vendida em pack de 50.\" \/>\n<meta name=\"robots\" content=\"index, follow, max-snippet:-1, max-image-preview:large, max-video-preview:-1\" \/>\n<link rel=\"canonical\" href=\"https:\/\/www.csj-emballages.com\/pt-pt\/produit\/caixa-de-cartao-com-janela-17-x-10-x-5-cm-pack-de-50\/\" \/>\n<meta property=\"og:locale\" content=\"pt_PT\" \/>\n<meta property=\"og:type\" content=\"article\" \/>\n<meta property=\"og:title\" content=\"Caixa de cart\u00e3o com janela 17 x 10 x 5 cm (pack de 50)\" \/>\n<meta property=\"og:description\" content=\"Caixa de cart\u00e3o kraft com janela 17 x 10 x 5 cm, ideal para valorizar e transportar as suas pastelarias. Pr\u00e1tica, elegante e vendida em pack de 50.\" \/>\n<meta property=\"og:url\" content=\"https:\/\/www.csj-emballages.com\/pt-pt\/produit\/caixa-de-cartao-com-janela-17-x-10-x-5-cm-pack-de-50\/\" \/>\n<meta property=\"og:site_name\" content=\"CSJ Emballages\" \/>\n<meta property=\"article:publisher\" content=\"https:\/\/www.facebook.com\/csjemballages\" \/>\n<meta property=\"article:modified_time\" content=\"2026-04-24T00:12:52+00:00\" \/>\n<meta property=\"og:image\" content=\"https:\/\/www.csj-emballages.com\/wp-content\/uploads\/2026\/04\/BTPF17105.webp\" \/>\n\t<meta property=\"og:image:width\" content=\"800\" \/>\n\t<meta property=\"og:image:height\" content=\"799\" \/>\n\t<meta property=\"og:image:type\" content=\"image\/webp\" \/>\n<meta name=\"twitter:card\" content=\"summary_large_image\" \/>\n<meta name=\"twitter:label1\" content=\"Tempo estimado de leitura\" \/>\n\t<meta name=\"twitter:data1\" content=\"1 minuto\" \/>\n<script type=\"application\/ld+json\" class=\"yoast-schema-graph\">{\"@context\":\"https:\/\/schema.org\",\"@graph\":[{\"@type\":\"WebPage\",\"@id\":\"https:\/\/www.csj-emballages.com\/pt-pt\/produit\/caixa-de-cartao-com-janela-17-x-10-x-5-cm-pack-de-50\/\",\"url\":\"https:\/\/www.csj-emballages.com\/pt-pt\/produit\/caixa-de-cartao-com-janela-17-x-10-x-5-cm-pack-de-50\/\",\"name\":\"Caixa de cart\u00e3o com janela 17 x 10 x 5 cm (pack de 50)\",\"isPartOf\":{\"@id\":\"https:\/\/www.csj-emballages.com\/pt-pt\/#website\"},\"primaryImageOfPage\":{\"@id\":\"https:\/\/www.csj-emballages.com\/pt-pt\/produit\/caixa-de-cartao-com-janela-17-x-10-x-5-cm-pack-de-50\/#primaryimage\"},\"image\":{\"@id\":\"https:\/\/www.csj-emballages.com\/pt-pt\/produit\/caixa-de-cartao-com-janela-17-x-10-x-5-cm-pack-de-50\/#primaryimage\"},\"thumbnailUrl\":\"https:\/\/www.csj-emballages.com\/wp-content\/uploads\/2026\/04\/BTPF17105.webp\",\"datePublished\":\"2026-04-03T15:18:22+00:00\",\"dateModified\":\"2026-04-24T00:12:52+00:00\",\"description\":\"Caixa de cart\u00e3o kraft com janela 17 x 10 x 5 cm, ideal para valorizar e transportar as suas pastelarias. Pr\u00e1tica, elegante e vendida em pack de 50.\",\"breadcrumb\":{\"@id\":\"https:\/\/www.csj-emballages.com\/pt-pt\/produit\/caixa-de-cartao-com-janela-17-x-10-x-5-cm-pack-de-50\/#breadcrumb\"},\"inLanguage\":\"pt-PT\",\"potentialAction\":[{\"@type\":\"ReadAction\",\"target\":[\"https:\/\/www.csj-emballages.com\/pt-pt\/produit\/caixa-de-cartao-com-janela-17-x-10-x-5-cm-pack-de-50\/\"]}]},{\"@type\":\"ImageObject\",\"inLanguage\":\"pt-PT\",\"@id\":\"https:\/\/www.csj-emballages.com\/pt-pt\/produit\/caixa-de-cartao-com-janela-17-x-10-x-5-cm-pack-de-50\/#primaryimage\",\"url\":\"https:\/\/www.csj-emballages.com\/wp-content\/uploads\/2026\/04\/BTPF17105.webp\",\"contentUrl\":\"https:\/\/www.csj-emballages.com\/wp-content\/uploads\/2026\/04\/BTPF17105.webp\",\"width\":800,\"height\":799,\"caption\":\"Boite carton fen\u00eatre\"},{\"@type\":\"BreadcrumbList\",\"@id\":\"https:\/\/www.csj-emballages.com\/pt-pt\/produit\/caixa-de-cartao-com-janela-17-x-10-x-5-cm-pack-de-50\/#breadcrumb\",\"itemListElement\":[{\"@type\":\"ListItem\",\"position\":1,\"name\":\"Acolhimento\",\"item\":\"https:\/\/www.csj-emballages.com\/pt-pt\/universo-das-embalagens-alimentares\/\"},{\"@type\":\"ListItem\",\"position\":2,\"name\":\"Shop\",\"item\":\"https:\/\/www.csj-emballages.com\/shop\/\"},{\"@type\":\"ListItem\",\"position\":3,\"name\":\"Caixa de cart\u00e3o com janela 17 x 10 x 5 cm (pack de 50)\"}]},{\"@type\":\"WebSite\",\"@id\":\"https:\/\/www.csj-emballages.com\/pt-pt\/#website\",\"url\":\"https:\/\/www.csj-emballages.com\/pt-pt\/\",\"name\":\"CSJ Emballages\",\"description\":\"\",\"publisher\":{\"@id\":\"https:\/\/www.csj-emballages.com\/pt-pt\/#organization\"},\"potentialAction\":[{\"@type\":\"SearchAction\",\"target\":{\"@type\":\"EntryPoint\",\"urlTemplate\":\"https:\/\/www.csj-emballages.com\/pt-pt\/?s={search_term_string}\"},\"query-input\":{\"@type\":\"PropertyValueSpecification\",\"valueRequired\":true,\"valueName\":\"search_term_string\"}}],\"inLanguage\":\"pt-PT\"},{\"@type\":\"Organization\",\"@id\":\"https:\/\/www.csj-emballages.com\/pt-pt\/#Organization\/\",\"name\":\"CSJ Emballages\",\"url\":\"https:\/\/www.csj-emballages.com\/pt-pt\/\",\"logo\":{\"@type\":\"ImageObject\",\"inLanguage\":\"pt-PT\",\"@id\":\"https:\/\/www.csj-emballages.com\/pt-pt\/#\/schema\/logo\/image\/\",\"url\":\"https:\/\/www.csj-emballages.com\/wp-content\/uploads\/2023\/10\/logo_csj.webp\",\"contentUrl\":\"https:\/\/www.csj-emballages.com\/wp-content\/uploads\/2023\/10\/logo_csj.webp\",\"width\":250,\"height\":95,\"caption\":\"CSJ Emballages\"},\"image\":{\"@id\":\"https:\/\/www.csj-emballages.com\/pt-pt\/#\/schema\/logo\/image\/\"},\"sameAs\":[\"https:\/\/www.facebook.com\/csjemballages\"],\"address\":{\"@type\":\"PostalAddress\",\"streetAddress\":\"ZI La Lechere\",\"addressLocality\":\"Patornay\",\"postalCode\":\"39130\",\"addressCountry\":\"FR\"},\"contactPoint\":[{\"@type\":\"ContactPoint\",\"contactType\":\"Service client\",\"telephone\":\"0384254272\",\"email\":\"contact@csj-emballages.com\"}]}]}<\/script>\n<!-- \/ Yoast SEO Premium plugin. -->","yoast_head_json":{"title":"Caixa de cart\u00e3o com janela 17 x 10 x 5 cm (pack de 50)","description":"Caixa de cart\u00e3o kraft com janela 17 x 10 x 5 cm, ideal para valorizar e transportar as suas pastelarias. Pr\u00e1tica, elegante e vendida em pack de 50.","robots":{"index":"index","follow":"follow","max-snippet":"max-snippet:-1","max-image-preview":"max-image-preview:large","max-video-preview":"max-video-preview:-1"},"canonical":"https:\/\/www.csj-emballages.com\/pt-pt\/produit\/caixa-de-cartao-com-janela-17-x-10-x-5-cm-pack-de-50\/","og_locale":"pt_PT","og_type":"article","og_title":"Caixa de cart\u00e3o com janela 17 x 10 x 5 cm (pack de 50)","og_description":"Caixa de cart\u00e3o kraft com janela 17 x 10 x 5 cm, ideal para valorizar e transportar as suas pastelarias. Pr\u00e1tica, elegante e vendida em pack de 50.","og_url":"https:\/\/www.csj-emballages.com\/pt-pt\/produit\/caixa-de-cartao-com-janela-17-x-10-x-5-cm-pack-de-50\/","og_site_name":"CSJ Emballages","article_publisher":"https:\/\/www.facebook.com\/csjemballages","article_modified_time":"2026-04-24T00:12:52+00:00","og_image":[{"width":800,"height":799,"url":"https:\/\/www.csj-emballages.com\/wp-content\/uploads\/2026\/04\/BTPF17105.webp","type":"image\/webp"}],"twitter_card":"summary_large_image","twitter_misc":{"Tempo estimado de leitura":"1 minuto"},"schema":{"@context":"https:\/\/schema.org","@graph":[{"@type":"WebPage","@id":"https:\/\/www.csj-emballages.com\/pt-pt\/produit\/caixa-de-cartao-com-janela-17-x-10-x-5-cm-pack-de-50\/","url":"https:\/\/www.csj-emballages.com\/pt-pt\/produit\/caixa-de-cartao-com-janela-17-x-10-x-5-cm-pack-de-50\/","name":"Caixa de cart\u00e3o com janela 17 x 10 x 5 cm (pack de 50)","isPartOf":{"@id":"https:\/\/www.csj-emballages.com\/pt-pt\/#website"},"primaryImageOfPage":{"@id":"https:\/\/www.csj-emballages.com\/pt-pt\/produit\/caixa-de-cartao-com-janela-17-x-10-x-5-cm-pack-de-50\/#primaryimage"},"image":{"@id":"https:\/\/www.csj-emballages.com\/pt-pt\/produit\/caixa-de-cartao-com-janela-17-x-10-x-5-cm-pack-de-50\/#primaryimage"},"thumbnailUrl":"https:\/\/www.csj-emballages.com\/wp-content\/uploads\/2026\/04\/BTPF17105.webp","datePublished":"2026-04-03T15:18:22+00:00","dateModified":"2026-04-24T00:12:52+00:00","description":"Caixa de cart\u00e3o kraft com janela 17 x 10 x 5 cm, ideal para valorizar e transportar as suas pastelarias. Pr\u00e1tica, elegante e vendida em pack de 50.","breadcrumb":{"@id":"https:\/\/www.csj-emballages.com\/pt-pt\/produit\/caixa-de-cartao-com-janela-17-x-10-x-5-cm-pack-de-50\/#breadcrumb"},"inLanguage":"pt-PT","potentialAction":[{"@type":"ReadAction","target":["https:\/\/www.csj-emballages.com\/pt-pt\/produit\/caixa-de-cartao-com-janela-17-x-10-x-5-cm-pack-de-50\/"]}]},{"@type":"ImageObject","inLanguage":"pt-PT","@id":"https:\/\/www.csj-emballages.com\/pt-pt\/produit\/caixa-de-cartao-com-janela-17-x-10-x-5-cm-pack-de-50\/#primaryimage","url":"https:\/\/www.csj-emballages.com\/wp-content\/uploads\/2026\/04\/BTPF17105.webp","contentUrl":"https:\/\/www.csj-emballages.com\/wp-content\/uploads\/2026\/04\/BTPF17105.webp","width":800,"height":799,"caption":"Boite carton fen\u00eatre"},{"@type":"BreadcrumbList","@id":"https:\/\/www.csj-emballages.com\/pt-pt\/produit\/caixa-de-cartao-com-janela-17-x-10-x-5-cm-pack-de-50\/#breadcrumb","itemListElement":[{"@type":"ListItem","position":1,"name":"Acolhimento","item":"https:\/\/www.csj-emballages.com\/pt-pt\/universo-das-embalagens-alimentares\/"},{"@type":"ListItem","position":2,"name":"Shop","item":"https:\/\/www.csj-emballages.com\/shop\/"},{"@type":"ListItem","position":3,"name":"Caixa de cart\u00e3o com janela 17 x 10 x 5 cm (pack de 50)"}]},{"@type":"WebSite","@id":"https:\/\/www.csj-emballages.com\/pt-pt\/#website","url":"https:\/\/www.csj-emballages.com\/pt-pt\/","name":"CSJ Emballages","description":"","publisher":{"@id":"https:\/\/www.csj-emballages.com\/pt-pt\/#organization"},"potentialAction":[{"@type":"SearchAction","target":{"@type":"EntryPoint","urlTemplate":"https:\/\/www.csj-emballages.com\/pt-pt\/?s={search_term_string}"},"query-input":{"@type":"PropertyValueSpecification","valueRequired":true,"valueName":"search_term_string"}}],"inLanguage":"pt-PT"},{"@type":"Organization","@id":"https:\/\/www.csj-emballages.com\/pt-pt\/#Organization\/","name":"CSJ Emballages","url":"https:\/\/www.csj-emballages.com\/pt-pt\/","logo":{"@type":"ImageObject","inLanguage":"pt-PT","@id":"https:\/\/www.csj-emballages.com\/pt-pt\/#\/schema\/logo\/image\/","url":"https:\/\/www.csj-emballages.com\/wp-content\/uploads\/2023\/10\/logo_csj.webp","contentUrl":"https:\/\/www.csj-emballages.com\/wp-content\/uploads\/2023\/10\/logo_csj.webp","width":250,"height":95,"caption":"CSJ Emballages"},"image":{"@id":"https:\/\/www.csj-emballages.com\/pt-pt\/#\/schema\/logo\/image\/"},"sameAs":["https:\/\/www.facebook.com\/csjemballages"],"address":{"@type":"PostalAddress","streetAddress":"ZI La Lechere","addressLocality":"Patornay","postalCode":"39130","addressCountry":"FR"},"contactPoint":[{"@type":"ContactPoint","contactType":"Service client","telephone":"0384254272","email":"contact@csj-emballages.com"}]}]}},"df_price":23.83,"df_sale_price":23.83,"df_regular_price":29.78,"df_image_link":"https:\/\/www.csj-emballages.com\/wp-content\/uploads\/2026\/04\/BTPF17105-300x300.webp","tiered_pricing_type":"fixed","tiered_pricing_fixed_rules":[],"tiered_pricing_percentage_rules":[],"tiered_pricing_minimum":1,"tiered_pricing_roles_data":[],"_links":{"self":[{"href":"https:\/\/www.csj-emballages.com\/pt-pt\/wp-json\/wp\/v2\/product\/278315","targetHints":{"allow":["GET"]}}],"collection":[{"href":"https:\/\/www.csj-emballages.com\/pt-pt\/wp-json\/wp\/v2\/product"}],"about":[{"href":"https:\/\/www.csj-emballages.com\/pt-pt\/wp-json\/wp\/v2\/types\/product"}],"wp:featuredmedia":[{"embeddable":true,"href":"https:\/\/www.csj-emballages.com\/pt-pt\/wp-json\/wp\/v2\/media\/278311"}],"wp:attachment":[{"href":"https:\/\/www.csj-emballages.com\/pt-pt\/wp-json\/wp\/v2\/media?parent=278315"}],"wp:term":[{"taxonomy":"product_brand","embeddable":true,"href":"https:\/\/www.csj-emballages.com\/pt-pt\/wp-json\/wp\/v2\/product_brand?post=278315"},{"taxonomy":"product_cat","embeddable":true,"href":"https:\/\/www.csj-emballages.com\/pt-pt\/wp-json\/wp\/v2\/product_cat?post=278315"},{"taxonomy":"product_tag","embeddable":true,"href":"https:\/\/www.csj-emballages.com\/pt-pt\/wp-json\/wp\/v2\/product_tag?post=278315"}],"curies":[{"name":"wp","href":"https:\/\/api.w.org\/{rel}","templated":true}]}}