{"id":277560,"date":"2025-09-15T09:51:59","date_gmt":"2025-09-15T07:51:59","guid":{"rendered":"https:\/\/www.csj-emballages.com\/produit\/base-redonda-ouro-preto-com-aba-o10-cm-x-200\/"},"modified":"2025-09-15T09:51:59","modified_gmt":"2025-09-15T07:51:59","slug":"base-redonda-ouro-preto-com-aba-o10-cm-x-200","status":"publish","type":"product","link":"https:\/\/www.csj-emballages.com\/pt-pt\/produit\/base-redonda-ouro-preto-com-aba-o10-cm-x-200\/","title":{"rendered":"Base redonda ouro \/ preto com aba \u00d810 cm x 200"},"content":{"rendered":"<h2>Sola redonda<\/h2>\n<div style=\"text-align: center;\">\n<hr>\n<h3 style=\"text-align: left;\">Descri\u00e7\u00e3o da nossa base redonda com aba ouro \/ preto \u00d810 cm x 200<\/h3>\n<p style=\"text-align: left;\"><!--more--><\/p>\n<p style=\"text-align: left;\" data-start=\"163\" data-end=\"627\">D\u00ea um toque de eleg\u00e2ncia a todas as suas apresenta\u00e7\u00f5es com a <strong data-start=\"232\" data-end=\"275\">base redonda com aba ouro \/ preto \u00d810 cm<\/strong>. Ideal para real\u00e7ar as suas <strong data-start=\"302\" data-end=\"317\">mignardises<\/strong>, <strong data-start=\"319\" data-end=\"337\">pequenos bolos<\/strong>, <strong data-start=\"339\" data-end=\"352\">chocolates<\/strong> ou <strong data-start=\"356\" data-end=\"386\">aperitivos doces e salgados<\/strong>, esta <strong>base redonda<\/strong> confere est\u00e9tica e praticidade. O seu di\u00e2metro de <strong>10 cm<\/strong> torna-a o suporte perfeito para cria\u00e7\u00f5es individuais, oferecendo excelente estabilidade e f\u00e1cil manuseamento gra\u00e7as \u00e0 sua <strong data-start=\"604\" data-end=\"626\">aba integrada<\/strong>.  <\/p>\n<p style=\"text-align: left;\" data-start=\"629\" data-end=\"986\">De um lado, o seu <strong data-start=\"644\" data-end=\"671\">revestimento preto profundo<\/strong> destaca as suas prepara\u00e7\u00f5es com sobriedade e requinte. Do outro, o seu <strong data-start=\"749\" data-end=\"763\">verso dourado<\/strong> confere uma nota chique e festiva aos seus buffets, vitrines ou eventos. Assim, pode escolher a face que melhor se harmoniza com a sua apresenta\u00e7\u00e3o, uma grande vantagem para pasteleiros e empresas de catering exigentes.  <\/p>\n<p style=\"text-align: left;\" data-start=\"988\" data-end=\"1361\">Fabricada em <strong data-start=\"1010\" data-end=\"1050\">cart\u00e3o r\u00edgido de qualidade alimentar<\/strong>, esta base \u00e9 <strong data-start=\"1080\" data-end=\"1090\">forte<\/strong>, <strong data-start=\"1092\" data-end=\"1119\">resistente \u00e0 humidade<\/strong> e <strong data-start=\"1123\" data-end=\"1137\">recicl\u00e1vel<\/strong>. Garante uma fixa\u00e7\u00e3o perfeita, mesmo para prepara\u00e7\u00f5es cremosas ou ligeiramente h\u00famidas. E gra\u00e7as \u00e0 sua <strong data-start=\"1243\" data-end=\"1276\">superf\u00edcie lisa e imperme\u00e1vel<\/strong> a gorduras, as suas sobremesas permanecer\u00e3o impec\u00e1veis at\u00e9 ao momento de as comer, sem se transferirem ou mancharem.  <\/p>\n<p style=\"text-align: left;\" data-start=\"1363\" data-end=\"1763\">Ao escolher a <strong data-start=\"1381\" data-end=\"1424\">base redonda com aba ouro \/ preto \u00d810 cm<\/strong>, opta por um produto profissional, concebido para valorizar as suas cria\u00e7\u00f5es e facilitar o seu quotidiano. Seja para uma <strong data-start=\"1560\" data-end=\"1585\">pastelaria artesanal<\/strong>, um <strong data-start=\"1590\" data-end=\"1615\">catering de eventos<\/strong> ou uma <strong data-start=\"1624\" data-end=\"1647\">padaria moderna<\/strong>, esta base \u00e9 o detalhe que faz a diferen\u00e7a entre uma boa apresenta\u00e7\u00e3o e uma apresenta\u00e7\u00e3o inesquec\u00edvel. <\/p>\n<p style=\"text-align: left;\"><!--more--><\/p>\n<p style=\"text-align: left;\"><strong>Vantagens :<\/strong><\/p>\n<ul>\n<li style=\"text-align: left;\" data-start=\"1805\" data-end=\"1863\">Dupla face <strong data-start=\"1817\" data-end=\"1830\">dourada\/preta<\/strong> para uma variedade de apresenta\u00e7\u00f5es.<\/li>\n<li style=\"text-align: left;\" data-start=\"1866\" data-end=\"1923\"><strong data-start=\"1866\" data-end=\"1885\">Formato pr\u00e1tico<\/strong> \u00d810 cm, ideal para mini-doces.<\/li>\n<li style=\"text-align: left;\" data-start=\"1926\" data-end=\"1980\"><strong data-start=\"1926\" data-end=\"1948\">Lingueta integrada<\/strong> para uma f\u00e1cil ader\u00eancia.<\/li>\n<li style=\"text-align: left;\" data-start=\"1983\" data-end=\"2044\"><strong data-start=\"1983\" data-end=\"2000\">Cart\u00e3o r\u00edgido<\/strong>, <strong data-start=\"2004\" data-end=\"2020\">\u00e0 prova de gordura<\/strong>, para maior limpeza.<\/li>\n<li style=\"text-align: left;\" data-start=\"2047\" data-end=\"2097\"><strong data-start=\"2047\" data-end=\"2061\">Recicl\u00e1vel<\/strong> e amigo do ambiente.<\/li>\n<li style=\"text-align: left;\" data-start=\"2100\" data-end=\"2167\">D\u00ea um <strong data-start=\"2112\" data-end=\"2150\">toque elegante e profissional<\/strong> \u00e0s suas sobremesas.<\/li>\n<\/ul>\n<\/div>\n<p>&nbsp;<\/p>\n<p><!--more--><\/p>\n<h4>Outras informa\u00e7\u00f5es :<\/h4>\n<ul>\n<li><strong>Embalagem<\/strong>: Embalagem de 200<\/li>\n<li><strong>Di\u00e2metro<\/strong>: 10 cm<\/li>\n<li><strong>Forma<\/strong>: redonda<\/li>\n<li><strong>Material<\/strong>: Cart\u00e3o<\/li>\n<li><strong>Cor<\/strong>: dourado \/ preto<\/li>\n<\/ul>\n<p>&nbsp;<\/p>\n<p><!--more--><\/p>\n<p>Esta base redonda com aba est\u00e1 dispon\u00edvel em diferentes tamanhos: <span style=\"color: #d12727;\"><a style=\"color: #d12727;\" href=\"https:\/\/www.csj-emballages.com\/pt-pt\/produit\/sola-redonda-com-lingua-dourada-preta-o4-cm-por-200\/\">\u00d84 cm<\/a><\/span> \/ <span style=\"color: #d12727;\"><a style=\"color: #d12727;\" href=\"https:\/\/www.csj-emballages.com\/pt-pt\/produit\/sola-redonda-com-lingua-dourada-preta-o5-cm-por-200\/\">\u00d85 cm<\/a><\/span> \/ <span style=\"color: #d12727;\"><a style=\"color: #d12727;\" href=\"https:\/\/www.csj-emballages.com\/pt-pt\/produit\/sola-redonda-com-lingua-dourada-preta-o6-cm-por-200\/\">\u00d86 cm<\/a><\/span> \/ <span style=\"color: #d12727;\"><a style=\"color: #d12727;\" href=\"https:\/\/www.csj-emballages.com\/pt-pt\/produit\/sola-redonda-com-lingua-dourada-preta-o7-cm-por-200\/\">\u00d87 cm<\/a><\/span> \/ <span style=\"color: #d12727;\"><a style=\"color: #d12727;\" href=\"https:\/\/www.csj-emballages.com\/pt-pt\/produit\/200-solas-redondas-douradas-pretas-com-linguetas-o-8-cm\/\">\u00d88 cm<\/a> <\/span>\/ <span style=\"color: #d12727;\"><a style=\"color: #d12727;\" href=\"https:\/\/www.csj-emballages.com\/pt-pt\/produit\/sola-redonda-com-lingua-dourada-preta-o9-cm-por-200\/\">\u00d89 cm<\/a><\/span><\/p>\n<p>&nbsp;<\/p>\n<p><!--more--><\/p>\n<p><a href=\"https:\/\/www.csj-emballages.com\/pt-pt\/categorie-produit\/embalagem-de-alimentos\/padaria-e-pastelaria\/suportes-para-bases-de-bolos\/solas-com-lingua\/\">Ver o resto da nossa gama de palmilhas de l\u00edngua<\/a><\/p>\n","protected":false},"excerpt":{"rendered":"<p>Sola redonda Descri\u00e7\u00e3o da nossa base redonda com aba ouro \/ preto \u00d810 cm x 200<\/p>\n","protected":false},"featured_media":277550,"template":"","meta":{"_acf_changed":false},"product_brand":[],"product_cat":[1141,1177,1914,3269],"product_tag":[],"class_list":{"0":"post-277560","1":"product","2":"type-product","3":"status-publish","4":"has-post-thumbnail","6":"product_cat-embalagem-de-alimentos","7":"product_cat-padaria-e-pastelaria","8":"product_cat-suportes-para-bases-de-bolos","9":"product_cat-solas-com-lingua","11":"first","12":"instock","13":"taxable","14":"shipping-taxable","15":"purchasable","16":"product-type-simple"},"acf":[],"yoast_head":"<!-- This site is optimized with the Yoast SEO Premium plugin v26.6 (Yoast SEO v26.6) - https:\/\/yoast.com\/wordpress\/plugins\/seo\/ -->\n<title>Base Redonda Ouro \/ Preto com Aba \u00d810 cm x 200<\/title>\n<meta name=\"description\" content=\"Elegante e pr\u00e1tica, a base redonda com aba ouro \/ preto \u00d810 cm real\u00e7a as suas iguarias com estilo. Perfeita para pasteleiros e empresas de catering.\" \/>\n<meta name=\"robots\" content=\"index, follow, max-snippet:-1, max-image-preview:large, max-video-preview:-1\" \/>\n<link rel=\"canonical\" href=\"https:\/\/www.csj-emballages.com\/pt-pt\/produit\/base-redonda-ouro-preto-com-aba-o10-cm-x-200\/\" \/>\n<meta property=\"og:locale\" content=\"pt_PT\" \/>\n<meta property=\"og:type\" content=\"article\" \/>\n<meta property=\"og:title\" content=\"Base redonda ouro \/ preto com aba \u00d810 cm x 200\" \/>\n<meta property=\"og:description\" content=\"Elegante e pr\u00e1tica, a base redonda com aba ouro \/ preto \u00d810 cm real\u00e7a as suas iguarias com estilo. Perfeita para pasteleiros e empresas de catering.\" \/>\n<meta property=\"og:url\" content=\"https:\/\/www.csj-emballages.com\/pt-pt\/produit\/base-redonda-ouro-preto-com-aba-o10-cm-x-200\/\" \/>\n<meta property=\"og:site_name\" content=\"CSJ Emballages\" \/>\n<meta property=\"article:publisher\" content=\"https:\/\/www.facebook.com\/csjemballages\" \/>\n<meta property=\"og:image\" content=\"https:\/\/www.csj-emballages.com\/wp-content\/uploads\/2025\/09\/RONF10LANG.webp\" \/>\n\t<meta property=\"og:image:width\" content=\"800\" \/>\n\t<meta property=\"og:image:height\" content=\"800\" \/>\n\t<meta property=\"og:image:type\" content=\"image\/webp\" \/>\n<meta name=\"twitter:card\" content=\"summary_large_image\" \/>\n<meta name=\"twitter:label1\" content=\"Tempo estimado de leitura\" \/>\n\t<meta name=\"twitter:data1\" content=\"2 minutos\" \/>\n<script type=\"application\/ld+json\" class=\"yoast-schema-graph\">{\"@context\":\"https:\/\/schema.org\",\"@graph\":[{\"@type\":\"WebPage\",\"@id\":\"https:\/\/www.csj-emballages.com\/pt-pt\/produit\/base-redonda-ouro-preto-com-aba-o10-cm-x-200\/\",\"url\":\"https:\/\/www.csj-emballages.com\/pt-pt\/produit\/base-redonda-ouro-preto-com-aba-o10-cm-x-200\/\",\"name\":\"Base Redonda Ouro \/ Preto com Aba \u00d810 cm x 200\",\"isPartOf\":{\"@id\":\"https:\/\/www.csj-emballages.com\/pt-pt\/#website\"},\"primaryImageOfPage\":{\"@id\":\"https:\/\/www.csj-emballages.com\/pt-pt\/produit\/base-redonda-ouro-preto-com-aba-o10-cm-x-200\/#primaryimage\"},\"image\":{\"@id\":\"https:\/\/www.csj-emballages.com\/pt-pt\/produit\/base-redonda-ouro-preto-com-aba-o10-cm-x-200\/#primaryimage\"},\"thumbnailUrl\":\"https:\/\/www.csj-emballages.com\/wp-content\/uploads\/2025\/09\/RONF10LANG.webp\",\"datePublished\":\"2025-09-15T07:51:59+00:00\",\"description\":\"Elegante e pr\u00e1tica, a base redonda com aba ouro \/ preto \u00d810 cm real\u00e7a as suas iguarias com estilo. Perfeita para pasteleiros e empresas de catering.\",\"breadcrumb\":{\"@id\":\"https:\/\/www.csj-emballages.com\/pt-pt\/produit\/base-redonda-ouro-preto-com-aba-o10-cm-x-200\/#breadcrumb\"},\"inLanguage\":\"pt-PT\",\"potentialAction\":[{\"@type\":\"ReadAction\",\"target\":[\"https:\/\/www.csj-emballages.com\/pt-pt\/produit\/base-redonda-ouro-preto-com-aba-o10-cm-x-200\/\"]}]},{\"@type\":\"ImageObject\",\"inLanguage\":\"pt-PT\",\"@id\":\"https:\/\/www.csj-emballages.com\/pt-pt\/produit\/base-redonda-ouro-preto-com-aba-o10-cm-x-200\/#primaryimage\",\"url\":\"https:\/\/www.csj-emballages.com\/wp-content\/uploads\/2025\/09\/RONF10LANG.webp\",\"contentUrl\":\"https:\/\/www.csj-emballages.com\/wp-content\/uploads\/2025\/09\/RONF10LANG.webp\",\"width\":800,\"height\":800,\"caption\":\"Semelle ronde or \/ noir\"},{\"@type\":\"BreadcrumbList\",\"@id\":\"https:\/\/www.csj-emballages.com\/pt-pt\/produit\/base-redonda-ouro-preto-com-aba-o10-cm-x-200\/#breadcrumb\",\"itemListElement\":[{\"@type\":\"ListItem\",\"position\":1,\"name\":\"Acolhimento\",\"item\":\"https:\/\/www.csj-emballages.com\/pt-pt\/universo-das-embalagens-alimentares\/\"},{\"@type\":\"ListItem\",\"position\":2,\"name\":\"Shop\",\"item\":\"https:\/\/www.csj-emballages.com\/shop\/\"},{\"@type\":\"ListItem\",\"position\":3,\"name\":\"Base redonda ouro \/ preto com aba \u00d810 cm x 200\"}]},{\"@type\":\"WebSite\",\"@id\":\"https:\/\/www.csj-emballages.com\/pt-pt\/#website\",\"url\":\"https:\/\/www.csj-emballages.com\/pt-pt\/\",\"name\":\"CSJ Emballages\",\"description\":\"\",\"publisher\":{\"@id\":\"https:\/\/www.csj-emballages.com\/pt-pt\/#organization\"},\"potentialAction\":[{\"@type\":\"SearchAction\",\"target\":{\"@type\":\"EntryPoint\",\"urlTemplate\":\"https:\/\/www.csj-emballages.com\/pt-pt\/?s={search_term_string}\"},\"query-input\":{\"@type\":\"PropertyValueSpecification\",\"valueRequired\":true,\"valueName\":\"search_term_string\"}}],\"inLanguage\":\"pt-PT\"},{\"@type\":\"Organization\",\"@id\":\"https:\/\/www.csj-emballages.com\/pt-pt\/#Organization\/\",\"name\":\"CSJ Emballages\",\"url\":\"https:\/\/www.csj-emballages.com\/pt-pt\/\",\"logo\":{\"@type\":\"ImageObject\",\"inLanguage\":\"pt-PT\",\"@id\":\"https:\/\/www.csj-emballages.com\/pt-pt\/#\/schema\/logo\/image\/\",\"url\":\"https:\/\/www.csj-emballages.com\/wp-content\/uploads\/2023\/10\/logo_csj.webp\",\"contentUrl\":\"https:\/\/www.csj-emballages.com\/wp-content\/uploads\/2023\/10\/logo_csj.webp\",\"width\":250,\"height\":95,\"caption\":\"CSJ Emballages\"},\"image\":{\"@id\":\"https:\/\/www.csj-emballages.com\/pt-pt\/#\/schema\/logo\/image\/\"},\"sameAs\":[\"https:\/\/www.facebook.com\/csjemballages\"],\"address\":{\"@type\":\"PostalAddress\",\"streetAddress\":\"ZI La Lechere\",\"addressLocality\":\"Patornay\",\"postalCode\":\"39130\",\"addressCountry\":\"FR\"},\"contactPoint\":[{\"@type\":\"ContactPoint\",\"contactType\":\"Service client\",\"telephone\":\"0384254272\",\"email\":\"contact@csj-emballages.com\"}]}]}<\/script>\n<!-- \/ Yoast SEO Premium plugin. -->","yoast_head_json":{"title":"Base Redonda Ouro \/ Preto com Aba \u00d810 cm x 200","description":"Elegante e pr\u00e1tica, a base redonda com aba ouro \/ preto \u00d810 cm real\u00e7a as suas iguarias com estilo. Perfeita para pasteleiros e empresas de catering.","robots":{"index":"index","follow":"follow","max-snippet":"max-snippet:-1","max-image-preview":"max-image-preview:large","max-video-preview":"max-video-preview:-1"},"canonical":"https:\/\/www.csj-emballages.com\/pt-pt\/produit\/base-redonda-ouro-preto-com-aba-o10-cm-x-200\/","og_locale":"pt_PT","og_type":"article","og_title":"Base redonda ouro \/ preto com aba \u00d810 cm x 200","og_description":"Elegante e pr\u00e1tica, a base redonda com aba ouro \/ preto \u00d810 cm real\u00e7a as suas iguarias com estilo. Perfeita para pasteleiros e empresas de catering.","og_url":"https:\/\/www.csj-emballages.com\/pt-pt\/produit\/base-redonda-ouro-preto-com-aba-o10-cm-x-200\/","og_site_name":"CSJ Emballages","article_publisher":"https:\/\/www.facebook.com\/csjemballages","og_image":[{"width":800,"height":800,"url":"https:\/\/www.csj-emballages.com\/wp-content\/uploads\/2025\/09\/RONF10LANG.webp","type":"image\/webp"}],"twitter_card":"summary_large_image","twitter_misc":{"Tempo estimado de leitura":"2 minutos"},"schema":{"@context":"https:\/\/schema.org","@graph":[{"@type":"WebPage","@id":"https:\/\/www.csj-emballages.com\/pt-pt\/produit\/base-redonda-ouro-preto-com-aba-o10-cm-x-200\/","url":"https:\/\/www.csj-emballages.com\/pt-pt\/produit\/base-redonda-ouro-preto-com-aba-o10-cm-x-200\/","name":"Base Redonda Ouro \/ Preto com Aba \u00d810 cm x 200","isPartOf":{"@id":"https:\/\/www.csj-emballages.com\/pt-pt\/#website"},"primaryImageOfPage":{"@id":"https:\/\/www.csj-emballages.com\/pt-pt\/produit\/base-redonda-ouro-preto-com-aba-o10-cm-x-200\/#primaryimage"},"image":{"@id":"https:\/\/www.csj-emballages.com\/pt-pt\/produit\/base-redonda-ouro-preto-com-aba-o10-cm-x-200\/#primaryimage"},"thumbnailUrl":"https:\/\/www.csj-emballages.com\/wp-content\/uploads\/2025\/09\/RONF10LANG.webp","datePublished":"2025-09-15T07:51:59+00:00","description":"Elegante e pr\u00e1tica, a base redonda com aba ouro \/ preto \u00d810 cm real\u00e7a as suas iguarias com estilo. Perfeita para pasteleiros e empresas de catering.","breadcrumb":{"@id":"https:\/\/www.csj-emballages.com\/pt-pt\/produit\/base-redonda-ouro-preto-com-aba-o10-cm-x-200\/#breadcrumb"},"inLanguage":"pt-PT","potentialAction":[{"@type":"ReadAction","target":["https:\/\/www.csj-emballages.com\/pt-pt\/produit\/base-redonda-ouro-preto-com-aba-o10-cm-x-200\/"]}]},{"@type":"ImageObject","inLanguage":"pt-PT","@id":"https:\/\/www.csj-emballages.com\/pt-pt\/produit\/base-redonda-ouro-preto-com-aba-o10-cm-x-200\/#primaryimage","url":"https:\/\/www.csj-emballages.com\/wp-content\/uploads\/2025\/09\/RONF10LANG.webp","contentUrl":"https:\/\/www.csj-emballages.com\/wp-content\/uploads\/2025\/09\/RONF10LANG.webp","width":800,"height":800,"caption":"Semelle ronde or \/ noir"},{"@type":"BreadcrumbList","@id":"https:\/\/www.csj-emballages.com\/pt-pt\/produit\/base-redonda-ouro-preto-com-aba-o10-cm-x-200\/#breadcrumb","itemListElement":[{"@type":"ListItem","position":1,"name":"Acolhimento","item":"https:\/\/www.csj-emballages.com\/pt-pt\/universo-das-embalagens-alimentares\/"},{"@type":"ListItem","position":2,"name":"Shop","item":"https:\/\/www.csj-emballages.com\/shop\/"},{"@type":"ListItem","position":3,"name":"Base redonda ouro \/ preto com aba \u00d810 cm x 200"}]},{"@type":"WebSite","@id":"https:\/\/www.csj-emballages.com\/pt-pt\/#website","url":"https:\/\/www.csj-emballages.com\/pt-pt\/","name":"CSJ Emballages","description":"","publisher":{"@id":"https:\/\/www.csj-emballages.com\/pt-pt\/#organization"},"potentialAction":[{"@type":"SearchAction","target":{"@type":"EntryPoint","urlTemplate":"https:\/\/www.csj-emballages.com\/pt-pt\/?s={search_term_string}"},"query-input":{"@type":"PropertyValueSpecification","valueRequired":true,"valueName":"search_term_string"}}],"inLanguage":"pt-PT"},{"@type":"Organization","@id":"https:\/\/www.csj-emballages.com\/pt-pt\/#Organization\/","name":"CSJ Emballages","url":"https:\/\/www.csj-emballages.com\/pt-pt\/","logo":{"@type":"ImageObject","inLanguage":"pt-PT","@id":"https:\/\/www.csj-emballages.com\/pt-pt\/#\/schema\/logo\/image\/","url":"https:\/\/www.csj-emballages.com\/wp-content\/uploads\/2023\/10\/logo_csj.webp","contentUrl":"https:\/\/www.csj-emballages.com\/wp-content\/uploads\/2023\/10\/logo_csj.webp","width":250,"height":95,"caption":"CSJ Emballages"},"image":{"@id":"https:\/\/www.csj-emballages.com\/pt-pt\/#\/schema\/logo\/image\/"},"sameAs":["https:\/\/www.facebook.com\/csjemballages"],"address":{"@type":"PostalAddress","streetAddress":"ZI La Lechere","addressLocality":"Patornay","postalCode":"39130","addressCountry":"FR"},"contactPoint":[{"@type":"ContactPoint","contactType":"Service client","telephone":"0384254272","email":"contact@csj-emballages.com"}]}]}},"df_price":16.66,"df_sale_price":"","df_regular_price":16.66,"df_image_link":"https:\/\/www.csj-emballages.com\/wp-content\/uploads\/2025\/09\/RONF10LANG-300x300.webp","tiered_pricing_type":"fixed","tiered_pricing_fixed_rules":[],"tiered_pricing_percentage_rules":[],"tiered_pricing_minimum":1,"tiered_pricing_roles_data":[],"_links":{"self":[{"href":"https:\/\/www.csj-emballages.com\/pt-pt\/wp-json\/wp\/v2\/product\/277560","targetHints":{"allow":["GET"]}}],"collection":[{"href":"https:\/\/www.csj-emballages.com\/pt-pt\/wp-json\/wp\/v2\/product"}],"about":[{"href":"https:\/\/www.csj-emballages.com\/pt-pt\/wp-json\/wp\/v2\/types\/product"}],"wp:featuredmedia":[{"embeddable":true,"href":"https:\/\/www.csj-emballages.com\/pt-pt\/wp-json\/wp\/v2\/media\/277550"}],"wp:attachment":[{"href":"https:\/\/www.csj-emballages.com\/pt-pt\/wp-json\/wp\/v2\/media?parent=277560"}],"wp:term":[{"taxonomy":"product_brand","embeddable":true,"href":"https:\/\/www.csj-emballages.com\/pt-pt\/wp-json\/wp\/v2\/product_brand?post=277560"},{"taxonomy":"product_cat","embeddable":true,"href":"https:\/\/www.csj-emballages.com\/pt-pt\/wp-json\/wp\/v2\/product_cat?post=277560"},{"taxonomy":"product_tag","embeddable":true,"href":"https:\/\/www.csj-emballages.com\/pt-pt\/wp-json\/wp\/v2\/product_tag?post=277560"}],"curies":[{"name":"wp","href":"https:\/\/api.w.org\/{rel}","templated":true}]}}