{"id":277224,"date":"2026-04-02T16:18:22","date_gmt":"2026-04-02T14:18:22","guid":{"rendered":"https:\/\/www.csj-emballages.com\/produit\/caixa-de-pastelaria-com-pega-amaya-16-x-18-x-7-cm-50-unid\/"},"modified":"2026-04-14T08:00:36","modified_gmt":"2026-04-14T06:00:36","slug":"caixa-de-pastelaria-com-pega-amaya-16-x-18-x-7-cm-50-unid","status":"publish","type":"product","link":"https:\/\/www.csj-emballages.com\/pt-pt\/produit\/caixa-de-pastelaria-com-pega-amaya-16-x-18-x-7-cm-50-unid\/","title":{"rendered":"Caixa de pastelaria com pega Amaya 16 x 18 x 7 cm (50 unid.)"},"content":{"rendered":"<h2>Caixa para pastelaria<\/h2>\n<hr>\n<h3>Descubra a nossa caixa de pastelaria com pega Amaya 16 x 18 x 7 cm (50 unid.)<\/h3>\n<p><!--more--><\/p>\n<p data-start=\"88\" data-end=\"377\">D\u00ea um toque de frescura e delicadeza \u00e0s suas pastelarias com esta <strong>caixa de pastelaria<\/strong> de design pastel moderno. Os seus padr\u00f5es em <strong>chevrons verde-\u00e1gua e bege<\/strong> criam uma harmonia visual <strong>suave e tend\u00eancia<\/strong>, ideal para real\u00e7ar as suas sobremesas, refletindo uma imagem cuidada e profissional. <\/p>\n<p data-start=\"379\" data-end=\"639\">Pensada para aliar est\u00e9tica e praticidade, esta <strong>caixa<\/strong> est\u00e1 equipada com uma <strong>pega integrada<\/strong> que facilita o transporte. \u00c9 perfeita para acompanhar os seus clientes nas compras para levar, garantindo ao mesmo tempo uma prote\u00e7\u00e3o ideal das suas cria\u00e7\u00f5es. <\/p>\n<p data-start=\"379\" data-end=\"639\">Com as suas cores apaziguantes e estilo gr\u00e1fico, esta caixa evoca de imediato a gula e a finesse. \u00c9 ideal para valorizar pastelaria artesanal, entremets ou ainda assortimentos doces destinados a oferta. <\/p>\n<p data-start=\"939\" data-end=\"1036\">Os visuais apetitosos integrados refor\u00e7am o efeito montra e despertam vontade logo ao primeiro olhar.<\/p>\n<p data-start=\"404\" data-end=\"684\"><!--more--><\/p>\n<h4 data-start=\"404\" data-end=\"684\">Vantagens :<\/h4>\n<ul>\n<li data-section-id=\"1xc26zo\" data-start=\"1076\" data-end=\"1155\"><strong data-start=\"1081\" data-end=\"1106\">Design pastel elegante<\/strong>: padr\u00f5es chevrons modernos verde-\u00e1gua e bege<\/li>\n<li data-section-id=\"e0q14r\" data-start=\"1156\" data-end=\"1215\"><strong data-start=\"1162\" data-end=\"1182\">Pega integrada<\/strong>: transporte f\u00e1cil e seguro<\/li>\n<li data-section-id=\"lg5cim\" data-start=\"1216\" data-end=\"1296\">Estrutura s\u00f3lida para proteger as suas pastelarias<\/li>\n<li data-section-id=\"m5o0ey\" data-start=\"1297\" data-end=\"1372\">Visuais apetitosos que valorizam as suas cria\u00e7\u00f5es<\/li>\n<li data-section-id=\"1ip6yxb\" data-start=\"1373\" data-end=\"1443\"><strong data-start=\"1378\" data-end=\"1406\">Montagem simples e r\u00e1pida<\/strong>: pr\u00e1tica para uso di\u00e1rio<\/li>\n<li data-section-id=\"1a05r2c\" data-start=\"1508\" data-end=\"1572\">Adequada a muitos tipos de sobremesas<\/li>\n<\/ul>\n<h4 data-start=\"404\" data-end=\"684\"><\/h4>\n<p><!--more--><\/p>\n<h4>Outras informa\u00e7\u00f5es :<\/h4>\n<ul>\n<li><strong>Embalagem<\/strong>: Pacote de 50<\/li>\n<li><strong>Dimens\u00f5es<\/strong>: 16 x 18 x 7 cm<\/li>\n<li><strong>Cor<\/strong>: Verde \/ Bege<\/li>\n<\/ul>\n<p>&nbsp;<\/p>\n<p><!--more--><\/p>\n<p><a href=\"https:\/\/www.csj-emballages.com\/pt-pt\/categorie-produit\/embalagem-de-alimentos\/descontos-promocoes\/\">V\u00ea o resto dos nossos produtos em stock<\/a><\/p>\n","protected":false},"excerpt":{"rendered":"<p>Caixa para pastelaria Descubra a nossa caixa de pastelaria com pega Amaya 16 x 18 x 7 cm (50 unid.)<\/p>\n","protected":false},"featured_media":277221,"template":"","meta":{"_acf_changed":false},"product_brand":[],"product_cat":[1141,1267],"product_tag":[],"class_list":{"0":"post-277224","1":"product","2":"type-product","3":"status-publish","4":"has-post-thumbnail","6":"product_cat-embalagem-de-alimentos","7":"product_cat-descontos-promocoes","9":"first","10":"instock","11":"sale","12":"taxable","13":"shipping-taxable","14":"purchasable","15":"product-type-simple"},"acf":[],"yoast_head":"<!-- This site is optimized with the Yoast SEO Premium plugin v26.6 (Yoast SEO v26.6) - https:\/\/yoast.com\/wordpress\/plugins\/seo\/ -->\n<title>Caixa de pastelaria com pega Amaya 16 x 18 x 7 cm (50 unid.)<\/title>\n<meta name=\"description\" content=\"Caixa de pastelaria pastel com pega: elegante e pr\u00e1tica para transportar e valorizar os seus bolos e sobremesas, com um design suave e moderno.\" \/>\n<meta name=\"robots\" content=\"index, follow, max-snippet:-1, max-image-preview:large, max-video-preview:-1\" \/>\n<link rel=\"canonical\" href=\"https:\/\/www.csj-emballages.com\/pt-pt\/produit\/caixa-de-pastelaria-com-pega-amaya-16-x-18-x-7-cm-50-unid\/\" \/>\n<meta property=\"og:locale\" content=\"pt_PT\" \/>\n<meta property=\"og:type\" content=\"article\" \/>\n<meta property=\"og:title\" content=\"Caixa de pastelaria com pega Amaya 16 x 18 x 7 cm (50 unid.)\" \/>\n<meta property=\"og:description\" content=\"Caixa de pastelaria pastel com pega: elegante e pr\u00e1tica para transportar e valorizar os seus bolos e sobremesas, com um design suave e moderno.\" \/>\n<meta property=\"og:url\" content=\"https:\/\/www.csj-emballages.com\/pt-pt\/produit\/caixa-de-pastelaria-com-pega-amaya-16-x-18-x-7-cm-50-unid\/\" \/>\n<meta property=\"og:site_name\" content=\"CSJ Emballages\" \/>\n<meta property=\"article:publisher\" content=\"https:\/\/www.facebook.com\/csjemballages\" \/>\n<meta property=\"article:modified_time\" content=\"2026-04-14T06:00:36+00:00\" \/>\n<meta property=\"og:image\" content=\"https:\/\/www.csj-emballages.com\/wp-content\/uploads\/2026\/04\/CPP1618AMA.webp\" \/>\n\t<meta property=\"og:image:width\" content=\"800\" \/>\n\t<meta property=\"og:image:height\" content=\"800\" \/>\n\t<meta property=\"og:image:type\" content=\"image\/webp\" \/>\n<meta name=\"twitter:card\" content=\"summary_large_image\" \/>\n<meta name=\"twitter:label1\" content=\"Tempo estimado de leitura\" \/>\n\t<meta name=\"twitter:data1\" content=\"1 minuto\" \/>\n<script type=\"application\/ld+json\" class=\"yoast-schema-graph\">{\"@context\":\"https:\/\/schema.org\",\"@graph\":[{\"@type\":\"WebPage\",\"@id\":\"https:\/\/www.csj-emballages.com\/pt-pt\/produit\/caixa-de-pastelaria-com-pega-amaya-16-x-18-x-7-cm-50-unid\/\",\"url\":\"https:\/\/www.csj-emballages.com\/pt-pt\/produit\/caixa-de-pastelaria-com-pega-amaya-16-x-18-x-7-cm-50-unid\/\",\"name\":\"Caixa de pastelaria com pega Amaya 16 x 18 x 7 cm (50 unid.)\",\"isPartOf\":{\"@id\":\"https:\/\/www.csj-emballages.com\/pt-pt\/#website\"},\"primaryImageOfPage\":{\"@id\":\"https:\/\/www.csj-emballages.com\/pt-pt\/produit\/caixa-de-pastelaria-com-pega-amaya-16-x-18-x-7-cm-50-unid\/#primaryimage\"},\"image\":{\"@id\":\"https:\/\/www.csj-emballages.com\/pt-pt\/produit\/caixa-de-pastelaria-com-pega-amaya-16-x-18-x-7-cm-50-unid\/#primaryimage\"},\"thumbnailUrl\":\"https:\/\/www.csj-emballages.com\/wp-content\/uploads\/2026\/04\/CPP1618AMA.webp\",\"datePublished\":\"2026-04-02T14:18:22+00:00\",\"dateModified\":\"2026-04-14T06:00:36+00:00\",\"description\":\"Caixa de pastelaria pastel com pega: elegante e pr\u00e1tica para transportar e valorizar os seus bolos e sobremesas, com um design suave e moderno.\",\"breadcrumb\":{\"@id\":\"https:\/\/www.csj-emballages.com\/pt-pt\/produit\/caixa-de-pastelaria-com-pega-amaya-16-x-18-x-7-cm-50-unid\/#breadcrumb\"},\"inLanguage\":\"pt-PT\",\"potentialAction\":[{\"@type\":\"ReadAction\",\"target\":[\"https:\/\/www.csj-emballages.com\/pt-pt\/produit\/caixa-de-pastelaria-com-pega-amaya-16-x-18-x-7-cm-50-unid\/\"]}]},{\"@type\":\"ImageObject\",\"inLanguage\":\"pt-PT\",\"@id\":\"https:\/\/www.csj-emballages.com\/pt-pt\/produit\/caixa-de-pastelaria-com-pega-amaya-16-x-18-x-7-cm-50-unid\/#primaryimage\",\"url\":\"https:\/\/www.csj-emballages.com\/wp-content\/uploads\/2026\/04\/CPP1618AMA.webp\",\"contentUrl\":\"https:\/\/www.csj-emballages.com\/wp-content\/uploads\/2026\/04\/CPP1618AMA.webp\",\"width\":800,\"height\":800,\"caption\":\"Caissette p\u00e2tissi\u00e8re\"},{\"@type\":\"BreadcrumbList\",\"@id\":\"https:\/\/www.csj-emballages.com\/pt-pt\/produit\/caixa-de-pastelaria-com-pega-amaya-16-x-18-x-7-cm-50-unid\/#breadcrumb\",\"itemListElement\":[{\"@type\":\"ListItem\",\"position\":1,\"name\":\"Acolhimento\",\"item\":\"https:\/\/www.csj-emballages.com\/pt-pt\/universo-das-embalagens-alimentares\/\"},{\"@type\":\"ListItem\",\"position\":2,\"name\":\"Shop\",\"item\":\"https:\/\/www.csj-emballages.com\/shop\/\"},{\"@type\":\"ListItem\",\"position\":3,\"name\":\"Caixa de pastelaria com pega Amaya 16 x 18 x 7 cm (50 unid.)\"}]},{\"@type\":\"WebSite\",\"@id\":\"https:\/\/www.csj-emballages.com\/pt-pt\/#website\",\"url\":\"https:\/\/www.csj-emballages.com\/pt-pt\/\",\"name\":\"CSJ Emballages\",\"description\":\"\",\"publisher\":{\"@id\":\"https:\/\/www.csj-emballages.com\/pt-pt\/#organization\"},\"potentialAction\":[{\"@type\":\"SearchAction\",\"target\":{\"@type\":\"EntryPoint\",\"urlTemplate\":\"https:\/\/www.csj-emballages.com\/pt-pt\/?s={search_term_string}\"},\"query-input\":{\"@type\":\"PropertyValueSpecification\",\"valueRequired\":true,\"valueName\":\"search_term_string\"}}],\"inLanguage\":\"pt-PT\"},{\"@type\":\"Organization\",\"@id\":\"https:\/\/www.csj-emballages.com\/pt-pt\/#Organization\/\",\"name\":\"CSJ Emballages\",\"url\":\"https:\/\/www.csj-emballages.com\/pt-pt\/\",\"logo\":{\"@type\":\"ImageObject\",\"inLanguage\":\"pt-PT\",\"@id\":\"https:\/\/www.csj-emballages.com\/pt-pt\/#\/schema\/logo\/image\/\",\"url\":\"https:\/\/www.csj-emballages.com\/wp-content\/uploads\/2023\/10\/logo_csj.webp\",\"contentUrl\":\"https:\/\/www.csj-emballages.com\/wp-content\/uploads\/2023\/10\/logo_csj.webp\",\"width\":250,\"height\":95,\"caption\":\"CSJ Emballages\"},\"image\":{\"@id\":\"https:\/\/www.csj-emballages.com\/pt-pt\/#\/schema\/logo\/image\/\"},\"sameAs\":[\"https:\/\/www.facebook.com\/csjemballages\"],\"address\":{\"@type\":\"PostalAddress\",\"streetAddress\":\"ZI La Lechere\",\"addressLocality\":\"Patornay\",\"postalCode\":\"39130\",\"addressCountry\":\"FR\"},\"contactPoint\":[{\"@type\":\"ContactPoint\",\"contactType\":\"Service client\",\"telephone\":\"0384254272\",\"email\":\"contact@csj-emballages.com\"}]}]}<\/script>\n<!-- \/ Yoast SEO Premium plugin. -->","yoast_head_json":{"title":"Caixa de pastelaria com pega Amaya 16 x 18 x 7 cm (50 unid.)","description":"Caixa de pastelaria pastel com pega: elegante e pr\u00e1tica para transportar e valorizar os seus bolos e sobremesas, com um design suave e moderno.","robots":{"index":"index","follow":"follow","max-snippet":"max-snippet:-1","max-image-preview":"max-image-preview:large","max-video-preview":"max-video-preview:-1"},"canonical":"https:\/\/www.csj-emballages.com\/pt-pt\/produit\/caixa-de-pastelaria-com-pega-amaya-16-x-18-x-7-cm-50-unid\/","og_locale":"pt_PT","og_type":"article","og_title":"Caixa de pastelaria com pega Amaya 16 x 18 x 7 cm (50 unid.)","og_description":"Caixa de pastelaria pastel com pega: elegante e pr\u00e1tica para transportar e valorizar os seus bolos e sobremesas, com um design suave e moderno.","og_url":"https:\/\/www.csj-emballages.com\/pt-pt\/produit\/caixa-de-pastelaria-com-pega-amaya-16-x-18-x-7-cm-50-unid\/","og_site_name":"CSJ Emballages","article_publisher":"https:\/\/www.facebook.com\/csjemballages","article_modified_time":"2026-04-14T06:00:36+00:00","og_image":[{"width":800,"height":800,"url":"https:\/\/www.csj-emballages.com\/wp-content\/uploads\/2026\/04\/CPP1618AMA.webp","type":"image\/webp"}],"twitter_card":"summary_large_image","twitter_misc":{"Tempo estimado de leitura":"1 minuto"},"schema":{"@context":"https:\/\/schema.org","@graph":[{"@type":"WebPage","@id":"https:\/\/www.csj-emballages.com\/pt-pt\/produit\/caixa-de-pastelaria-com-pega-amaya-16-x-18-x-7-cm-50-unid\/","url":"https:\/\/www.csj-emballages.com\/pt-pt\/produit\/caixa-de-pastelaria-com-pega-amaya-16-x-18-x-7-cm-50-unid\/","name":"Caixa de pastelaria com pega Amaya 16 x 18 x 7 cm (50 unid.)","isPartOf":{"@id":"https:\/\/www.csj-emballages.com\/pt-pt\/#website"},"primaryImageOfPage":{"@id":"https:\/\/www.csj-emballages.com\/pt-pt\/produit\/caixa-de-pastelaria-com-pega-amaya-16-x-18-x-7-cm-50-unid\/#primaryimage"},"image":{"@id":"https:\/\/www.csj-emballages.com\/pt-pt\/produit\/caixa-de-pastelaria-com-pega-amaya-16-x-18-x-7-cm-50-unid\/#primaryimage"},"thumbnailUrl":"https:\/\/www.csj-emballages.com\/wp-content\/uploads\/2026\/04\/CPP1618AMA.webp","datePublished":"2026-04-02T14:18:22+00:00","dateModified":"2026-04-14T06:00:36+00:00","description":"Caixa de pastelaria pastel com pega: elegante e pr\u00e1tica para transportar e valorizar os seus bolos e sobremesas, com um design suave e moderno.","breadcrumb":{"@id":"https:\/\/www.csj-emballages.com\/pt-pt\/produit\/caixa-de-pastelaria-com-pega-amaya-16-x-18-x-7-cm-50-unid\/#breadcrumb"},"inLanguage":"pt-PT","potentialAction":[{"@type":"ReadAction","target":["https:\/\/www.csj-emballages.com\/pt-pt\/produit\/caixa-de-pastelaria-com-pega-amaya-16-x-18-x-7-cm-50-unid\/"]}]},{"@type":"ImageObject","inLanguage":"pt-PT","@id":"https:\/\/www.csj-emballages.com\/pt-pt\/produit\/caixa-de-pastelaria-com-pega-amaya-16-x-18-x-7-cm-50-unid\/#primaryimage","url":"https:\/\/www.csj-emballages.com\/wp-content\/uploads\/2026\/04\/CPP1618AMA.webp","contentUrl":"https:\/\/www.csj-emballages.com\/wp-content\/uploads\/2026\/04\/CPP1618AMA.webp","width":800,"height":800,"caption":"Caissette p\u00e2tissi\u00e8re"},{"@type":"BreadcrumbList","@id":"https:\/\/www.csj-emballages.com\/pt-pt\/produit\/caixa-de-pastelaria-com-pega-amaya-16-x-18-x-7-cm-50-unid\/#breadcrumb","itemListElement":[{"@type":"ListItem","position":1,"name":"Acolhimento","item":"https:\/\/www.csj-emballages.com\/pt-pt\/universo-das-embalagens-alimentares\/"},{"@type":"ListItem","position":2,"name":"Shop","item":"https:\/\/www.csj-emballages.com\/shop\/"},{"@type":"ListItem","position":3,"name":"Caixa de pastelaria com pega Amaya 16 x 18 x 7 cm (50 unid.)"}]},{"@type":"WebSite","@id":"https:\/\/www.csj-emballages.com\/pt-pt\/#website","url":"https:\/\/www.csj-emballages.com\/pt-pt\/","name":"CSJ Emballages","description":"","publisher":{"@id":"https:\/\/www.csj-emballages.com\/pt-pt\/#organization"},"potentialAction":[{"@type":"SearchAction","target":{"@type":"EntryPoint","urlTemplate":"https:\/\/www.csj-emballages.com\/pt-pt\/?s={search_term_string}"},"query-input":{"@type":"PropertyValueSpecification","valueRequired":true,"valueName":"search_term_string"}}],"inLanguage":"pt-PT"},{"@type":"Organization","@id":"https:\/\/www.csj-emballages.com\/pt-pt\/#Organization\/","name":"CSJ Emballages","url":"https:\/\/www.csj-emballages.com\/pt-pt\/","logo":{"@type":"ImageObject","inLanguage":"pt-PT","@id":"https:\/\/www.csj-emballages.com\/pt-pt\/#\/schema\/logo\/image\/","url":"https:\/\/www.csj-emballages.com\/wp-content\/uploads\/2023\/10\/logo_csj.webp","contentUrl":"https:\/\/www.csj-emballages.com\/wp-content\/uploads\/2023\/10\/logo_csj.webp","width":250,"height":95,"caption":"CSJ Emballages"},"image":{"@id":"https:\/\/www.csj-emballages.com\/pt-pt\/#\/schema\/logo\/image\/"},"sameAs":["https:\/\/www.facebook.com\/csjemballages"],"address":{"@type":"PostalAddress","streetAddress":"ZI La Lechere","addressLocality":"Patornay","postalCode":"39130","addressCountry":"FR"},"contactPoint":[{"@type":"ContactPoint","contactType":"Service client","telephone":"0384254272","email":"contact@csj-emballages.com"}]}]}},"df_price":12.23,"df_sale_price":12.23,"df_regular_price":24.46,"df_image_link":"https:\/\/www.csj-emballages.com\/wp-content\/uploads\/2026\/04\/CPP1618AMA-300x300.webp","tiered_pricing_type":"fixed","tiered_pricing_fixed_rules":[],"tiered_pricing_percentage_rules":[],"tiered_pricing_minimum":1,"tiered_pricing_roles_data":[],"_links":{"self":[{"href":"https:\/\/www.csj-emballages.com\/pt-pt\/wp-json\/wp\/v2\/product\/277224","targetHints":{"allow":["GET"]}}],"collection":[{"href":"https:\/\/www.csj-emballages.com\/pt-pt\/wp-json\/wp\/v2\/product"}],"about":[{"href":"https:\/\/www.csj-emballages.com\/pt-pt\/wp-json\/wp\/v2\/types\/product"}],"wp:featuredmedia":[{"embeddable":true,"href":"https:\/\/www.csj-emballages.com\/pt-pt\/wp-json\/wp\/v2\/media\/277221"}],"wp:attachment":[{"href":"https:\/\/www.csj-emballages.com\/pt-pt\/wp-json\/wp\/v2\/media?parent=277224"}],"wp:term":[{"taxonomy":"product_brand","embeddable":true,"href":"https:\/\/www.csj-emballages.com\/pt-pt\/wp-json\/wp\/v2\/product_brand?post=277224"},{"taxonomy":"product_cat","embeddable":true,"href":"https:\/\/www.csj-emballages.com\/pt-pt\/wp-json\/wp\/v2\/product_cat?post=277224"},{"taxonomy":"product_tag","embeddable":true,"href":"https:\/\/www.csj-emballages.com\/pt-pt\/wp-json\/wp\/v2\/product_tag?post=277224"}],"curies":[{"name":"wp","href":"https:\/\/api.w.org\/{rel}","templated":true}]}}