{"id":277173,"date":"2026-04-02T16:18:23","date_gmt":"2026-04-02T14:18:23","guid":{"rendered":"https:\/\/www.csj-emballages.com\/produit\/caixa-de-pastelaria-com-pega-arthur-16-x-18-x-7-cm-por-50\/"},"modified":"2026-04-14T08:00:39","modified_gmt":"2026-04-14T06:00:39","slug":"caixa-de-pastelaria-com-pega-arthur-16-x-18-x-7-cm-por-50","status":"publish","type":"product","link":"https:\/\/www.csj-emballages.com\/pt-pt\/produit\/caixa-de-pastelaria-com-pega-arthur-16-x-18-x-7-cm-por-50\/","title":{"rendered":"Caixa de pastelaria com pega Arthur 16 x 18 x 7 cm por 50"},"content":{"rendered":"<h2>Caixa para pastelaria<\/h2>\n<hr>\n<h3>Caixa de pastelaria com pega Arthur 16 x 18 x 7 cm por 50<\/h3>\n<p><!--more--><\/p>\n<p data-start=\"88\" data-end=\"402\">Valorize as suas pastelarias com esta <strong>caixa para pastelaria Arthur<\/strong> elegante e pr\u00e1tica. Com o seu design moderno com padr\u00f5es <strong>geom\u00e9tricos azuis<\/strong>, capta de imediato a aten\u00e7\u00e3o, deixando as suas cria\u00e7\u00f5es \u00e0 vista. <\/p>\n<p data-start=\"404\" data-end=\"684\">Ideal para profissionais e particulares, esta <strong>caixa para pastelaria<\/strong> transforma cada sobremesa numa verdadeira montra. Bolos, por\u00e7\u00f5es individuais, mignardises ou entremets: as suas cria\u00e7\u00f5es ficam vis\u00edveis sem abrir a caixa, o que aumenta o desejo e valoriza o seu saber-fazer. <\/p>\n<p data-start=\"404\" data-end=\"684\"><!--more--><\/p>\n<h4 data-start=\"404\" data-end=\"684\">Vantagens :<\/h4>\n<ul>\n<li data-section-id=\"16fizph\" data-start=\"1144\" data-end=\"1235\">Protege eficazmente as suas sobremesas<\/li>\n<li data-section-id=\"psxbou\" data-start=\"1307\" data-end=\"1396\">Padr\u00f5es azuis originais para uma bela apresenta\u00e7\u00e3o<\/li>\n<li data-section-id=\"e0q14r\" data-start=\"1397\" data-end=\"1456\"><strong data-start=\"1403\" data-end=\"1423\">Pega integrada<\/strong>: transporte f\u00e1cil e seguro<\/li>\n<li data-section-id=\"1an4l53\" data-start=\"1457\" data-end=\"1523\"><strong data-start=\"1462\" data-end=\"1490\">Montagem simples e r\u00e1pida<\/strong>: poupan\u00e7a de tempo na prepara\u00e7\u00e3o<\/li>\n<\/ul>\n<h4 data-start=\"404\" data-end=\"684\"><\/h4>\n<p><!--more--><\/p>\n<h4>Outras informa\u00e7\u00f5es :<\/h4>\n<ul>\n<li><strong>Embalagem<\/strong>: Pacote de 50<\/li>\n<li><strong>Dimens\u00f5es<\/strong>: 16 x 18 x 7 cm<\/li>\n<li><strong>Cor<\/strong>: Azul \/ Preto \/ Branco<\/li>\n<\/ul>\n<p>&nbsp;<\/p>\n<p><!--more--><\/p>\n<p><a href=\"https:\/\/www.csj-emballages.com\/pt-pt\/categorie-produit\/embalagem-de-alimentos\/descontos-promocoes\/\">V\u00ea o resto dos nossos produtos em stock<\/a><\/p>\n","protected":false},"excerpt":{"rendered":"<p>Caixa para pastelaria Caixa de pastelaria com pega Arthur 16 x 18 x 7 cm por 50<\/p>\n","protected":false},"featured_media":277162,"template":"","meta":{"_acf_changed":false},"product_brand":[],"product_cat":[1141,1267],"product_tag":[],"class_list":{"0":"post-277173","1":"product","2":"type-product","3":"status-publish","4":"has-post-thumbnail","6":"product_cat-embalagem-de-alimentos","7":"product_cat-descontos-promocoes","9":"first","10":"instock","11":"sale","12":"taxable","13":"shipping-taxable","14":"purchasable","15":"product-type-simple"},"acf":[],"yoast_head":"<!-- This site is optimized with the Yoast SEO Premium plugin v26.6 (Yoast SEO v26.6) - https:\/\/yoast.com\/wordpress\/plugins\/seo\/ -->\n<title>Caixa de Pastelaria com Pega Arthur 16 x 18 x 7 cm por 50<\/title>\n<meta name=\"description\" content=\"Caixa para pastelaria modelo Arthur com pega: ideal para transportar e valorizar os seus bolos e sobremesas com eleg\u00e2ncia.\" \/>\n<meta name=\"robots\" content=\"index, follow, max-snippet:-1, max-image-preview:large, max-video-preview:-1\" \/>\n<link rel=\"canonical\" href=\"https:\/\/www.csj-emballages.com\/pt-pt\/produit\/caixa-de-pastelaria-com-pega-arthur-16-x-18-x-7-cm-por-50\/\" \/>\n<meta property=\"og:locale\" content=\"pt_PT\" \/>\n<meta property=\"og:type\" content=\"article\" \/>\n<meta property=\"og:title\" content=\"Caixa de pastelaria com pega Arthur 16 x 18 x 7 cm por 50\" \/>\n<meta property=\"og:description\" content=\"Caixa para pastelaria modelo Arthur com pega: ideal para transportar e valorizar os seus bolos e sobremesas com eleg\u00e2ncia.\" \/>\n<meta property=\"og:url\" content=\"https:\/\/www.csj-emballages.com\/pt-pt\/produit\/caixa-de-pastelaria-com-pega-arthur-16-x-18-x-7-cm-por-50\/\" \/>\n<meta property=\"og:site_name\" content=\"CSJ Emballages\" \/>\n<meta property=\"article:publisher\" content=\"https:\/\/www.facebook.com\/csjemballages\" \/>\n<meta property=\"article:modified_time\" content=\"2026-04-14T06:00:39+00:00\" \/>\n<meta property=\"og:image\" content=\"https:\/\/www.csj-emballages.com\/wp-content\/uploads\/2026\/04\/CPP1018ART.webp\" \/>\n\t<meta property=\"og:image:width\" content=\"800\" \/>\n\t<meta property=\"og:image:height\" content=\"800\" \/>\n\t<meta property=\"og:image:type\" content=\"image\/webp\" \/>\n<meta name=\"twitter:card\" content=\"summary_large_image\" \/>\n<meta name=\"twitter:label1\" content=\"Tempo estimado de leitura\" \/>\n\t<meta name=\"twitter:data1\" content=\"1 minuto\" \/>\n<script type=\"application\/ld+json\" class=\"yoast-schema-graph\">{\"@context\":\"https:\/\/schema.org\",\"@graph\":[{\"@type\":\"WebPage\",\"@id\":\"https:\/\/www.csj-emballages.com\/pt-pt\/produit\/caixa-de-pastelaria-com-pega-arthur-16-x-18-x-7-cm-por-50\/\",\"url\":\"https:\/\/www.csj-emballages.com\/pt-pt\/produit\/caixa-de-pastelaria-com-pega-arthur-16-x-18-x-7-cm-por-50\/\",\"name\":\"Caixa de Pastelaria com Pega Arthur 16 x 18 x 7 cm por 50\",\"isPartOf\":{\"@id\":\"https:\/\/www.csj-emballages.com\/pt-pt\/#website\"},\"primaryImageOfPage\":{\"@id\":\"https:\/\/www.csj-emballages.com\/pt-pt\/produit\/caixa-de-pastelaria-com-pega-arthur-16-x-18-x-7-cm-por-50\/#primaryimage\"},\"image\":{\"@id\":\"https:\/\/www.csj-emballages.com\/pt-pt\/produit\/caixa-de-pastelaria-com-pega-arthur-16-x-18-x-7-cm-por-50\/#primaryimage\"},\"thumbnailUrl\":\"https:\/\/www.csj-emballages.com\/wp-content\/uploads\/2026\/04\/CPP1018ART.webp\",\"datePublished\":\"2026-04-02T14:18:23+00:00\",\"dateModified\":\"2026-04-14T06:00:39+00:00\",\"description\":\"Caixa para pastelaria modelo Arthur com pega: ideal para transportar e valorizar os seus bolos e sobremesas com eleg\u00e2ncia.\",\"breadcrumb\":{\"@id\":\"https:\/\/www.csj-emballages.com\/pt-pt\/produit\/caixa-de-pastelaria-com-pega-arthur-16-x-18-x-7-cm-por-50\/#breadcrumb\"},\"inLanguage\":\"pt-PT\",\"potentialAction\":[{\"@type\":\"ReadAction\",\"target\":[\"https:\/\/www.csj-emballages.com\/pt-pt\/produit\/caixa-de-pastelaria-com-pega-arthur-16-x-18-x-7-cm-por-50\/\"]}]},{\"@type\":\"ImageObject\",\"inLanguage\":\"pt-PT\",\"@id\":\"https:\/\/www.csj-emballages.com\/pt-pt\/produit\/caixa-de-pastelaria-com-pega-arthur-16-x-18-x-7-cm-por-50\/#primaryimage\",\"url\":\"https:\/\/www.csj-emballages.com\/wp-content\/uploads\/2026\/04\/CPP1018ART.webp\",\"contentUrl\":\"https:\/\/www.csj-emballages.com\/wp-content\/uploads\/2026\/04\/CPP1018ART.webp\",\"width\":800,\"height\":800,\"caption\":\"Caissette p\u00e2tissi\u00e8re\"},{\"@type\":\"BreadcrumbList\",\"@id\":\"https:\/\/www.csj-emballages.com\/pt-pt\/produit\/caixa-de-pastelaria-com-pega-arthur-16-x-18-x-7-cm-por-50\/#breadcrumb\",\"itemListElement\":[{\"@type\":\"ListItem\",\"position\":1,\"name\":\"Acolhimento\",\"item\":\"https:\/\/www.csj-emballages.com\/pt-pt\/universo-das-embalagens-alimentares\/\"},{\"@type\":\"ListItem\",\"position\":2,\"name\":\"Shop\",\"item\":\"https:\/\/www.csj-emballages.com\/shop\/\"},{\"@type\":\"ListItem\",\"position\":3,\"name\":\"Caixa de pastelaria com pega Arthur 16 x 18 x 7 cm por 50\"}]},{\"@type\":\"WebSite\",\"@id\":\"https:\/\/www.csj-emballages.com\/pt-pt\/#website\",\"url\":\"https:\/\/www.csj-emballages.com\/pt-pt\/\",\"name\":\"CSJ Emballages\",\"description\":\"\",\"publisher\":{\"@id\":\"https:\/\/www.csj-emballages.com\/pt-pt\/#organization\"},\"potentialAction\":[{\"@type\":\"SearchAction\",\"target\":{\"@type\":\"EntryPoint\",\"urlTemplate\":\"https:\/\/www.csj-emballages.com\/pt-pt\/?s={search_term_string}\"},\"query-input\":{\"@type\":\"PropertyValueSpecification\",\"valueRequired\":true,\"valueName\":\"search_term_string\"}}],\"inLanguage\":\"pt-PT\"},{\"@type\":\"Organization\",\"@id\":\"https:\/\/www.csj-emballages.com\/pt-pt\/#Organization\/\",\"name\":\"CSJ Emballages\",\"url\":\"https:\/\/www.csj-emballages.com\/pt-pt\/\",\"logo\":{\"@type\":\"ImageObject\",\"inLanguage\":\"pt-PT\",\"@id\":\"https:\/\/www.csj-emballages.com\/pt-pt\/#\/schema\/logo\/image\/\",\"url\":\"https:\/\/www.csj-emballages.com\/wp-content\/uploads\/2023\/10\/logo_csj.webp\",\"contentUrl\":\"https:\/\/www.csj-emballages.com\/wp-content\/uploads\/2023\/10\/logo_csj.webp\",\"width\":250,\"height\":95,\"caption\":\"CSJ Emballages\"},\"image\":{\"@id\":\"https:\/\/www.csj-emballages.com\/pt-pt\/#\/schema\/logo\/image\/\"},\"sameAs\":[\"https:\/\/www.facebook.com\/csjemballages\"],\"address\":{\"@type\":\"PostalAddress\",\"streetAddress\":\"ZI La Lechere\",\"addressLocality\":\"Patornay\",\"postalCode\":\"39130\",\"addressCountry\":\"FR\"},\"contactPoint\":[{\"@type\":\"ContactPoint\",\"contactType\":\"Service client\",\"telephone\":\"0384254272\",\"email\":\"contact@csj-emballages.com\"}]}]}<\/script>\n<!-- \/ Yoast SEO Premium plugin. -->","yoast_head_json":{"title":"Caixa de Pastelaria com Pega Arthur 16 x 18 x 7 cm por 50","description":"Caixa para pastelaria modelo Arthur com pega: ideal para transportar e valorizar os seus bolos e sobremesas com eleg\u00e2ncia.","robots":{"index":"index","follow":"follow","max-snippet":"max-snippet:-1","max-image-preview":"max-image-preview:large","max-video-preview":"max-video-preview:-1"},"canonical":"https:\/\/www.csj-emballages.com\/pt-pt\/produit\/caixa-de-pastelaria-com-pega-arthur-16-x-18-x-7-cm-por-50\/","og_locale":"pt_PT","og_type":"article","og_title":"Caixa de pastelaria com pega Arthur 16 x 18 x 7 cm por 50","og_description":"Caixa para pastelaria modelo Arthur com pega: ideal para transportar e valorizar os seus bolos e sobremesas com eleg\u00e2ncia.","og_url":"https:\/\/www.csj-emballages.com\/pt-pt\/produit\/caixa-de-pastelaria-com-pega-arthur-16-x-18-x-7-cm-por-50\/","og_site_name":"CSJ Emballages","article_publisher":"https:\/\/www.facebook.com\/csjemballages","article_modified_time":"2026-04-14T06:00:39+00:00","og_image":[{"width":800,"height":800,"url":"https:\/\/www.csj-emballages.com\/wp-content\/uploads\/2026\/04\/CPP1018ART.webp","type":"image\/webp"}],"twitter_card":"summary_large_image","twitter_misc":{"Tempo estimado de leitura":"1 minuto"},"schema":{"@context":"https:\/\/schema.org","@graph":[{"@type":"WebPage","@id":"https:\/\/www.csj-emballages.com\/pt-pt\/produit\/caixa-de-pastelaria-com-pega-arthur-16-x-18-x-7-cm-por-50\/","url":"https:\/\/www.csj-emballages.com\/pt-pt\/produit\/caixa-de-pastelaria-com-pega-arthur-16-x-18-x-7-cm-por-50\/","name":"Caixa de Pastelaria com Pega Arthur 16 x 18 x 7 cm por 50","isPartOf":{"@id":"https:\/\/www.csj-emballages.com\/pt-pt\/#website"},"primaryImageOfPage":{"@id":"https:\/\/www.csj-emballages.com\/pt-pt\/produit\/caixa-de-pastelaria-com-pega-arthur-16-x-18-x-7-cm-por-50\/#primaryimage"},"image":{"@id":"https:\/\/www.csj-emballages.com\/pt-pt\/produit\/caixa-de-pastelaria-com-pega-arthur-16-x-18-x-7-cm-por-50\/#primaryimage"},"thumbnailUrl":"https:\/\/www.csj-emballages.com\/wp-content\/uploads\/2026\/04\/CPP1018ART.webp","datePublished":"2026-04-02T14:18:23+00:00","dateModified":"2026-04-14T06:00:39+00:00","description":"Caixa para pastelaria modelo Arthur com pega: ideal para transportar e valorizar os seus bolos e sobremesas com eleg\u00e2ncia.","breadcrumb":{"@id":"https:\/\/www.csj-emballages.com\/pt-pt\/produit\/caixa-de-pastelaria-com-pega-arthur-16-x-18-x-7-cm-por-50\/#breadcrumb"},"inLanguage":"pt-PT","potentialAction":[{"@type":"ReadAction","target":["https:\/\/www.csj-emballages.com\/pt-pt\/produit\/caixa-de-pastelaria-com-pega-arthur-16-x-18-x-7-cm-por-50\/"]}]},{"@type":"ImageObject","inLanguage":"pt-PT","@id":"https:\/\/www.csj-emballages.com\/pt-pt\/produit\/caixa-de-pastelaria-com-pega-arthur-16-x-18-x-7-cm-por-50\/#primaryimage","url":"https:\/\/www.csj-emballages.com\/wp-content\/uploads\/2026\/04\/CPP1018ART.webp","contentUrl":"https:\/\/www.csj-emballages.com\/wp-content\/uploads\/2026\/04\/CPP1018ART.webp","width":800,"height":800,"caption":"Caissette p\u00e2tissi\u00e8re"},{"@type":"BreadcrumbList","@id":"https:\/\/www.csj-emballages.com\/pt-pt\/produit\/caixa-de-pastelaria-com-pega-arthur-16-x-18-x-7-cm-por-50\/#breadcrumb","itemListElement":[{"@type":"ListItem","position":1,"name":"Acolhimento","item":"https:\/\/www.csj-emballages.com\/pt-pt\/universo-das-embalagens-alimentares\/"},{"@type":"ListItem","position":2,"name":"Shop","item":"https:\/\/www.csj-emballages.com\/shop\/"},{"@type":"ListItem","position":3,"name":"Caixa de pastelaria com pega Arthur 16 x 18 x 7 cm por 50"}]},{"@type":"WebSite","@id":"https:\/\/www.csj-emballages.com\/pt-pt\/#website","url":"https:\/\/www.csj-emballages.com\/pt-pt\/","name":"CSJ Emballages","description":"","publisher":{"@id":"https:\/\/www.csj-emballages.com\/pt-pt\/#organization"},"potentialAction":[{"@type":"SearchAction","target":{"@type":"EntryPoint","urlTemplate":"https:\/\/www.csj-emballages.com\/pt-pt\/?s={search_term_string}"},"query-input":{"@type":"PropertyValueSpecification","valueRequired":true,"valueName":"search_term_string"}}],"inLanguage":"pt-PT"},{"@type":"Organization","@id":"https:\/\/www.csj-emballages.com\/pt-pt\/#Organization\/","name":"CSJ Emballages","url":"https:\/\/www.csj-emballages.com\/pt-pt\/","logo":{"@type":"ImageObject","inLanguage":"pt-PT","@id":"https:\/\/www.csj-emballages.com\/pt-pt\/#\/schema\/logo\/image\/","url":"https:\/\/www.csj-emballages.com\/wp-content\/uploads\/2023\/10\/logo_csj.webp","contentUrl":"https:\/\/www.csj-emballages.com\/wp-content\/uploads\/2023\/10\/logo_csj.webp","width":250,"height":95,"caption":"CSJ Emballages"},"image":{"@id":"https:\/\/www.csj-emballages.com\/pt-pt\/#\/schema\/logo\/image\/"},"sameAs":["https:\/\/www.facebook.com\/csjemballages"],"address":{"@type":"PostalAddress","streetAddress":"ZI La Lechere","addressLocality":"Patornay","postalCode":"39130","addressCountry":"FR"},"contactPoint":[{"@type":"ContactPoint","contactType":"Service client","telephone":"0384254272","email":"contact@csj-emballages.com"}]}]}},"df_price":12.23,"df_sale_price":12.23,"df_regular_price":24.46,"df_image_link":"https:\/\/www.csj-emballages.com\/wp-content\/uploads\/2026\/04\/CPP1018ART-300x300.webp","tiered_pricing_type":"fixed","tiered_pricing_fixed_rules":[],"tiered_pricing_percentage_rules":[],"tiered_pricing_minimum":1,"tiered_pricing_roles_data":[],"_links":{"self":[{"href":"https:\/\/www.csj-emballages.com\/pt-pt\/wp-json\/wp\/v2\/product\/277173","targetHints":{"allow":["GET"]}}],"collection":[{"href":"https:\/\/www.csj-emballages.com\/pt-pt\/wp-json\/wp\/v2\/product"}],"about":[{"href":"https:\/\/www.csj-emballages.com\/pt-pt\/wp-json\/wp\/v2\/types\/product"}],"wp:featuredmedia":[{"embeddable":true,"href":"https:\/\/www.csj-emballages.com\/pt-pt\/wp-json\/wp\/v2\/media\/277162"}],"wp:attachment":[{"href":"https:\/\/www.csj-emballages.com\/pt-pt\/wp-json\/wp\/v2\/media?parent=277173"}],"wp:term":[{"taxonomy":"product_brand","embeddable":true,"href":"https:\/\/www.csj-emballages.com\/pt-pt\/wp-json\/wp\/v2\/product_brand?post=277173"},{"taxonomy":"product_cat","embeddable":true,"href":"https:\/\/www.csj-emballages.com\/pt-pt\/wp-json\/wp\/v2\/product_cat?post=277173"},{"taxonomy":"product_tag","embeddable":true,"href":"https:\/\/www.csj-emballages.com\/pt-pt\/wp-json\/wp\/v2\/product_tag?post=277173"}],"curies":[{"name":"wp","href":"https:\/\/api.w.org\/{rel}","templated":true}]}}