{"id":275720,"date":"2025-09-15T09:50:21","date_gmt":"2025-09-15T07:50:21","guid":{"rendered":"https:\/\/www.csj-emballages.com\/produit\/barqueta-de-batatas-fritas-em-cartao-400-ml-500-unidades\/"},"modified":"2026-04-04T02:12:06","modified_gmt":"2026-04-04T00:12:06","slug":"barqueta-de-batatas-fritas-em-cartao-400-ml-500-unidades","status":"publish","type":"product","link":"https:\/\/www.csj-emballages.com\/pt-pt\/produit\/barqueta-de-batatas-fritas-em-cartao-400-ml-500-unidades\/","title":{"rendered":"Caixa para batatas fritas cart\u00e3o 115 x 72 mm por 500"},"content":{"rendered":"<h2>Embalagem de cart\u00e3o para batatas fritas<\/h2>\n<hr>\n<h3>Descubra a nossa barqueta de batatas fritas em cart\u00e3o 400 ml (500 unidades)<\/h3>\n<p><!--more--><\/p>\n<p data-start=\"128\" data-end=\"354\">Opte por uma solu\u00e7\u00e3o de embalagem pr\u00e1tica, econ\u00f3mica e ecol\u00f3gica com esta <strong data-start=\"220\" data-end=\"260\">barqueta de batatas fritas em cart\u00e3o de 400 ml<\/strong>, ideal para profissionais de restaura\u00e7\u00e3o r\u00e1pida, food trucks, snack-bares ou eventos.<\/p>\n<p data-start=\"356\" data-end=\"700\">Fabricada em cart\u00e3o kraft robusto, garante uma excelente resist\u00eancia a alimentos quentes e gordurosos como <strong>batatas fritas, nuggets, onion rings ou tapas<\/strong>. O seu tratamento anti-gordura permite preservar a qualidade das suas prepara\u00e7\u00f5es, evitando fugas ou manchas, assegurando assim uma experi\u00eancia do cliente limpa e profissional. <\/p>\n<p data-start=\"702\" data-end=\"917\">Com capacidade de <strong>400 ml<\/strong>, \u00e9 perfeitamente adequada a por\u00e7\u00f5es individuais. A sua forma ergon\u00f3mica facilita o manuseamento e o consumo em take-away, uma verdadeira mais-valia para as vendas de snacking. <\/p>\n<p data-start=\"919\" data-end=\"1083\">Este lote de <strong data-start=\"929\" data-end=\"948\">500 barquetas<\/strong> \u00e9 ideal para estabelecimentos de grande volume, permitindo otimizar os seus custos e garantir um abastecimento constante.<\/p>\n<p data-start=\"919\" data-end=\"1083\"><!--more--><\/p>\n<h4 data-start=\"919\" data-end=\"1083\">Vantagens :<\/h4>\n<ul>\n<li data-section-id=\"1gpwhnm\" data-start=\"1107\" data-end=\"1147\">Cart\u00e3o kraft resistente e ecol\u00f3gico<\/li>\n<li data-section-id=\"nohe4h\" data-start=\"1148\" data-end=\"1186\">Tratamento anti-gordura e anti-fugas<\/li>\n<li data-section-id=\"1jaunlr\" data-start=\"1187\" data-end=\"1231\">Ideal para batatas fritas, snacks e street food<\/li>\n<li data-section-id=\"1njudw2\" data-start=\"1232\" data-end=\"1281\">Formato pr\u00e1tico <strong>400 ml<\/strong> (por\u00e7\u00e3o individual)<\/li>\n<li data-section-id=\"2rjbc3\" data-start=\"1282\" data-end=\"1315\">Perfeito para take-away<\/li>\n<li data-section-id=\"ecx8v6\" data-start=\"1316\" data-end=\"1349\">Lote econ\u00f3mico de <strong>500 unidades<\/strong><\/li>\n<\/ul>\n<p>&nbsp;<\/p>\n<p><!--more--><\/p>\n<h4>Outras informa\u00e7\u00f5es :<\/h4>\n<ul>\n<li><strong>Embalagem<\/strong>: Caixa de 500<\/li>\n<li><strong>Dimens\u00f5es interiores<\/strong> : 115 x 72 mm<\/li>\n<li><strong>Dimens\u00f5es exteriores <\/strong> : 168 x 127 mm<\/li>\n<li><strong>Altura<\/strong>: 45 mm<\/li>\n<li><strong>Volume<\/strong>: 400 ml<\/li>\n<li><strong>Cor<\/strong>: castanho<\/li>\n<li><strong>Material<\/strong>: Cart\u00e3o<\/li>\n<\/ul>\n<p>&nbsp;<\/p>\n<p><!--more--><\/p>\n<p>Esta barqueta de batatas fritas est\u00e1 dispon\u00edvel em diferentes tamanhos: <span style=\"color: #d12727;\"><a style=\"color: #d12727;\" href=\"https:\/\/www.csj-emballages.com\/pt-pt\/produit\/embalagem-de-cartao-para-batatas-fritas-300-ml-por-1000\/\">300 ml<\/a><\/span> \/ 1000 ml<\/p>\n<p>&nbsp;<\/p>\n<p>&nbsp;<\/p>\n<p><!--more--><\/p>\n<p><a href=\"https:\/\/www.csj-emballages.com\/pt-pt\/categorie-produit\/embalagem-de-alimentos\/restauracao\/caixas-tabuleiros-bolsas-cones\/tabuleiros-caixas-de-cartao\/tabuleiros-para-fichas-em-cartao\/\">Consulte o resto da nossa gama de caixas para batatas fritas em cart\u00e3o<\/a><\/p>\n","protected":false},"excerpt":{"rendered":"<p>Embalagem de cart\u00e3o para batatas fritas Descubra a nossa barqueta de batatas fritas em cart\u00e3o 400 ml (500 unidades)<\/p>\n","protected":false},"featured_media":275715,"template":"","meta":{"_acf_changed":false},"product_brand":[],"product_cat":[1141,1138,3926,1476,3897],"product_tag":[],"class_list":{"0":"post-275720","1":"product","2":"type-product","3":"status-publish","4":"has-post-thumbnail","6":"product_cat-embalagem-de-alimentos","7":"product_cat-restauracao","8":"product_cat-caixas-tabuleiros-bolsas-cones","9":"product_cat-tabuleiros-caixas-de-cartao","10":"product_cat-tabuleiros-para-fichas-em-cartao","12":"first","13":"instock","14":"taxable","15":"shipping-taxable","16":"purchasable","17":"product-type-simple"},"acf":[],"yoast_head":"<!-- This site is optimized with the Yoast SEO Premium plugin v26.6 (Yoast SEO v26.6) - https:\/\/yoast.com\/wordpress\/plugins\/seo\/ -->\n<title>Barqueta de Batatas Fritas em Cart\u00e3o 400 ml (500 unidades)<\/title>\n<meta name=\"description\" content=\"Barqueta de batatas fritas em cart\u00e3o 400 ml anti-gordura, ideal para snacks e take-away. Lote econ\u00f3mico de 500, resistente e ecol\u00f3gica.\" \/>\n<meta name=\"robots\" content=\"index, follow, max-snippet:-1, max-image-preview:large, max-video-preview:-1\" \/>\n<link rel=\"canonical\" href=\"https:\/\/www.csj-emballages.com\/pt-pt\/produit\/barqueta-de-batatas-fritas-em-cartao-400-ml-500-unidades\/\" \/>\n<meta property=\"og:locale\" content=\"pt_PT\" \/>\n<meta property=\"og:type\" content=\"article\" \/>\n<meta property=\"og:title\" content=\"Caixa para batatas fritas cart\u00e3o 115 x 72 mm por 500\" \/>\n<meta property=\"og:description\" content=\"Barqueta de batatas fritas em cart\u00e3o 400 ml anti-gordura, ideal para snacks e take-away. Lote econ\u00f3mico de 500, resistente e ecol\u00f3gica.\" \/>\n<meta property=\"og:url\" content=\"https:\/\/www.csj-emballages.com\/pt-pt\/produit\/barqueta-de-batatas-fritas-em-cartao-400-ml-500-unidades\/\" \/>\n<meta property=\"og:site_name\" content=\"CSJ Emballages\" \/>\n<meta property=\"article:publisher\" content=\"https:\/\/www.facebook.com\/csjemballages\" \/>\n<meta property=\"article:modified_time\" content=\"2026-04-04T00:12:06+00:00\" \/>\n<meta property=\"og:image\" content=\"https:\/\/www.csj-emballages.com\/wp-content\/uploads\/2025\/09\/CH400CARTAL.webp\" \/>\n\t<meta property=\"og:image:width\" content=\"800\" \/>\n\t<meta property=\"og:image:height\" content=\"800\" \/>\n\t<meta property=\"og:image:type\" content=\"image\/webp\" \/>\n<meta name=\"twitter:card\" content=\"summary_large_image\" \/>\n<meta name=\"twitter:label1\" content=\"Tempo estimado de leitura\" \/>\n\t<meta name=\"twitter:data1\" content=\"1 minuto\" \/>\n<script type=\"application\/ld+json\" class=\"yoast-schema-graph\">{\"@context\":\"https:\/\/schema.org\",\"@graph\":[{\"@type\":\"WebPage\",\"@id\":\"https:\/\/www.csj-emballages.com\/pt-pt\/produit\/barqueta-de-batatas-fritas-em-cartao-400-ml-500-unidades\/\",\"url\":\"https:\/\/www.csj-emballages.com\/pt-pt\/produit\/barqueta-de-batatas-fritas-em-cartao-400-ml-500-unidades\/\",\"name\":\"Barqueta de Batatas Fritas em Cart\u00e3o 400 ml (500 unidades)\",\"isPartOf\":{\"@id\":\"https:\/\/www.csj-emballages.com\/pt-pt\/#website\"},\"primaryImageOfPage\":{\"@id\":\"https:\/\/www.csj-emballages.com\/pt-pt\/produit\/barqueta-de-batatas-fritas-em-cartao-400-ml-500-unidades\/#primaryimage\"},\"image\":{\"@id\":\"https:\/\/www.csj-emballages.com\/pt-pt\/produit\/barqueta-de-batatas-fritas-em-cartao-400-ml-500-unidades\/#primaryimage\"},\"thumbnailUrl\":\"https:\/\/www.csj-emballages.com\/wp-content\/uploads\/2025\/09\/CH400CARTAL.webp\",\"datePublished\":\"2025-09-15T07:50:21+00:00\",\"dateModified\":\"2026-04-04T00:12:06+00:00\",\"description\":\"Barqueta de batatas fritas em cart\u00e3o 400 ml anti-gordura, ideal para snacks e take-away. Lote econ\u00f3mico de 500, resistente e ecol\u00f3gica.\",\"breadcrumb\":{\"@id\":\"https:\/\/www.csj-emballages.com\/pt-pt\/produit\/barqueta-de-batatas-fritas-em-cartao-400-ml-500-unidades\/#breadcrumb\"},\"inLanguage\":\"pt-PT\",\"potentialAction\":[{\"@type\":\"ReadAction\",\"target\":[\"https:\/\/www.csj-emballages.com\/pt-pt\/produit\/barqueta-de-batatas-fritas-em-cartao-400-ml-500-unidades\/\"]}]},{\"@type\":\"ImageObject\",\"inLanguage\":\"pt-PT\",\"@id\":\"https:\/\/www.csj-emballages.com\/pt-pt\/produit\/barqueta-de-batatas-fritas-em-cartao-400-ml-500-unidades\/#primaryimage\",\"url\":\"https:\/\/www.csj-emballages.com\/wp-content\/uploads\/2025\/09\/CH400CARTAL.webp\",\"contentUrl\":\"https:\/\/www.csj-emballages.com\/wp-content\/uploads\/2025\/09\/CH400CARTAL.webp\",\"width\":800,\"height\":800,\"caption\":\"Barquette frite carton\"},{\"@type\":\"BreadcrumbList\",\"@id\":\"https:\/\/www.csj-emballages.com\/pt-pt\/produit\/barqueta-de-batatas-fritas-em-cartao-400-ml-500-unidades\/#breadcrumb\",\"itemListElement\":[{\"@type\":\"ListItem\",\"position\":1,\"name\":\"Acolhimento\",\"item\":\"https:\/\/www.csj-emballages.com\/pt-pt\/universo-das-embalagens-alimentares\/\"},{\"@type\":\"ListItem\",\"position\":2,\"name\":\"Shop\",\"item\":\"https:\/\/www.csj-emballages.com\/shop\/\"},{\"@type\":\"ListItem\",\"position\":3,\"name\":\"Caixa para batatas fritas cart\u00e3o 115 x 72 mm por 500\"}]},{\"@type\":\"WebSite\",\"@id\":\"https:\/\/www.csj-emballages.com\/pt-pt\/#website\",\"url\":\"https:\/\/www.csj-emballages.com\/pt-pt\/\",\"name\":\"CSJ Emballages\",\"description\":\"\",\"publisher\":{\"@id\":\"https:\/\/www.csj-emballages.com\/pt-pt\/#organization\"},\"potentialAction\":[{\"@type\":\"SearchAction\",\"target\":{\"@type\":\"EntryPoint\",\"urlTemplate\":\"https:\/\/www.csj-emballages.com\/pt-pt\/?s={search_term_string}\"},\"query-input\":{\"@type\":\"PropertyValueSpecification\",\"valueRequired\":true,\"valueName\":\"search_term_string\"}}],\"inLanguage\":\"pt-PT\"},{\"@type\":\"Organization\",\"@id\":\"https:\/\/www.csj-emballages.com\/pt-pt\/#Organization\/\",\"name\":\"CSJ Emballages\",\"url\":\"https:\/\/www.csj-emballages.com\/pt-pt\/\",\"logo\":{\"@type\":\"ImageObject\",\"inLanguage\":\"pt-PT\",\"@id\":\"https:\/\/www.csj-emballages.com\/pt-pt\/#\/schema\/logo\/image\/\",\"url\":\"https:\/\/www.csj-emballages.com\/wp-content\/uploads\/2023\/10\/logo_csj.webp\",\"contentUrl\":\"https:\/\/www.csj-emballages.com\/wp-content\/uploads\/2023\/10\/logo_csj.webp\",\"width\":250,\"height\":95,\"caption\":\"CSJ Emballages\"},\"image\":{\"@id\":\"https:\/\/www.csj-emballages.com\/pt-pt\/#\/schema\/logo\/image\/\"},\"sameAs\":[\"https:\/\/www.facebook.com\/csjemballages\"],\"address\":{\"@type\":\"PostalAddress\",\"streetAddress\":\"ZI La Lechere\",\"addressLocality\":\"Patornay\",\"postalCode\":\"39130\",\"addressCountry\":\"FR\"},\"contactPoint\":[{\"@type\":\"ContactPoint\",\"contactType\":\"Service client\",\"telephone\":\"0384254272\",\"email\":\"contact@csj-emballages.com\"}]}]}<\/script>\n<!-- \/ Yoast SEO Premium plugin. -->","yoast_head_json":{"title":"Barqueta de Batatas Fritas em Cart\u00e3o 400 ml (500 unidades)","description":"Barqueta de batatas fritas em cart\u00e3o 400 ml anti-gordura, ideal para snacks e take-away. Lote econ\u00f3mico de 500, resistente e ecol\u00f3gica.","robots":{"index":"index","follow":"follow","max-snippet":"max-snippet:-1","max-image-preview":"max-image-preview:large","max-video-preview":"max-video-preview:-1"},"canonical":"https:\/\/www.csj-emballages.com\/pt-pt\/produit\/barqueta-de-batatas-fritas-em-cartao-400-ml-500-unidades\/","og_locale":"pt_PT","og_type":"article","og_title":"Caixa para batatas fritas cart\u00e3o 115 x 72 mm por 500","og_description":"Barqueta de batatas fritas em cart\u00e3o 400 ml anti-gordura, ideal para snacks e take-away. Lote econ\u00f3mico de 500, resistente e ecol\u00f3gica.","og_url":"https:\/\/www.csj-emballages.com\/pt-pt\/produit\/barqueta-de-batatas-fritas-em-cartao-400-ml-500-unidades\/","og_site_name":"CSJ Emballages","article_publisher":"https:\/\/www.facebook.com\/csjemballages","article_modified_time":"2026-04-04T00:12:06+00:00","og_image":[{"width":800,"height":800,"url":"https:\/\/www.csj-emballages.com\/wp-content\/uploads\/2025\/09\/CH400CARTAL.webp","type":"image\/webp"}],"twitter_card":"summary_large_image","twitter_misc":{"Tempo estimado de leitura":"1 minuto"},"schema":{"@context":"https:\/\/schema.org","@graph":[{"@type":"WebPage","@id":"https:\/\/www.csj-emballages.com\/pt-pt\/produit\/barqueta-de-batatas-fritas-em-cartao-400-ml-500-unidades\/","url":"https:\/\/www.csj-emballages.com\/pt-pt\/produit\/barqueta-de-batatas-fritas-em-cartao-400-ml-500-unidades\/","name":"Barqueta de Batatas Fritas em Cart\u00e3o 400 ml (500 unidades)","isPartOf":{"@id":"https:\/\/www.csj-emballages.com\/pt-pt\/#website"},"primaryImageOfPage":{"@id":"https:\/\/www.csj-emballages.com\/pt-pt\/produit\/barqueta-de-batatas-fritas-em-cartao-400-ml-500-unidades\/#primaryimage"},"image":{"@id":"https:\/\/www.csj-emballages.com\/pt-pt\/produit\/barqueta-de-batatas-fritas-em-cartao-400-ml-500-unidades\/#primaryimage"},"thumbnailUrl":"https:\/\/www.csj-emballages.com\/wp-content\/uploads\/2025\/09\/CH400CARTAL.webp","datePublished":"2025-09-15T07:50:21+00:00","dateModified":"2026-04-04T00:12:06+00:00","description":"Barqueta de batatas fritas em cart\u00e3o 400 ml anti-gordura, ideal para snacks e take-away. Lote econ\u00f3mico de 500, resistente e ecol\u00f3gica.","breadcrumb":{"@id":"https:\/\/www.csj-emballages.com\/pt-pt\/produit\/barqueta-de-batatas-fritas-em-cartao-400-ml-500-unidades\/#breadcrumb"},"inLanguage":"pt-PT","potentialAction":[{"@type":"ReadAction","target":["https:\/\/www.csj-emballages.com\/pt-pt\/produit\/barqueta-de-batatas-fritas-em-cartao-400-ml-500-unidades\/"]}]},{"@type":"ImageObject","inLanguage":"pt-PT","@id":"https:\/\/www.csj-emballages.com\/pt-pt\/produit\/barqueta-de-batatas-fritas-em-cartao-400-ml-500-unidades\/#primaryimage","url":"https:\/\/www.csj-emballages.com\/wp-content\/uploads\/2025\/09\/CH400CARTAL.webp","contentUrl":"https:\/\/www.csj-emballages.com\/wp-content\/uploads\/2025\/09\/CH400CARTAL.webp","width":800,"height":800,"caption":"Barquette frite carton"},{"@type":"BreadcrumbList","@id":"https:\/\/www.csj-emballages.com\/pt-pt\/produit\/barqueta-de-batatas-fritas-em-cartao-400-ml-500-unidades\/#breadcrumb","itemListElement":[{"@type":"ListItem","position":1,"name":"Acolhimento","item":"https:\/\/www.csj-emballages.com\/pt-pt\/universo-das-embalagens-alimentares\/"},{"@type":"ListItem","position":2,"name":"Shop","item":"https:\/\/www.csj-emballages.com\/shop\/"},{"@type":"ListItem","position":3,"name":"Caixa para batatas fritas cart\u00e3o 115 x 72 mm por 500"}]},{"@type":"WebSite","@id":"https:\/\/www.csj-emballages.com\/pt-pt\/#website","url":"https:\/\/www.csj-emballages.com\/pt-pt\/","name":"CSJ Emballages","description":"","publisher":{"@id":"https:\/\/www.csj-emballages.com\/pt-pt\/#organization"},"potentialAction":[{"@type":"SearchAction","target":{"@type":"EntryPoint","urlTemplate":"https:\/\/www.csj-emballages.com\/pt-pt\/?s={search_term_string}"},"query-input":{"@type":"PropertyValueSpecification","valueRequired":true,"valueName":"search_term_string"}}],"inLanguage":"pt-PT"},{"@type":"Organization","@id":"https:\/\/www.csj-emballages.com\/pt-pt\/#Organization\/","name":"CSJ Emballages","url":"https:\/\/www.csj-emballages.com\/pt-pt\/","logo":{"@type":"ImageObject","inLanguage":"pt-PT","@id":"https:\/\/www.csj-emballages.com\/pt-pt\/#\/schema\/logo\/image\/","url":"https:\/\/www.csj-emballages.com\/wp-content\/uploads\/2023\/10\/logo_csj.webp","contentUrl":"https:\/\/www.csj-emballages.com\/wp-content\/uploads\/2023\/10\/logo_csj.webp","width":250,"height":95,"caption":"CSJ Emballages"},"image":{"@id":"https:\/\/www.csj-emballages.com\/pt-pt\/#\/schema\/logo\/image\/"},"sameAs":["https:\/\/www.facebook.com\/csjemballages"],"address":{"@type":"PostalAddress","streetAddress":"ZI La Lechere","addressLocality":"Patornay","postalCode":"39130","addressCountry":"FR"},"contactPoint":[{"@type":"ContactPoint","contactType":"Service client","telephone":"0384254272","email":"contact@csj-emballages.com"}]}]}},"df_price":40.08,"df_sale_price":"","df_regular_price":40.08,"df_image_link":"https:\/\/www.csj-emballages.com\/wp-content\/uploads\/2025\/09\/CH400CARTAL-300x300.webp","tiered_pricing_type":"fixed","tiered_pricing_fixed_rules":[],"tiered_pricing_percentage_rules":[],"tiered_pricing_minimum":1,"tiered_pricing_roles_data":[],"_links":{"self":[{"href":"https:\/\/www.csj-emballages.com\/pt-pt\/wp-json\/wp\/v2\/product\/275720","targetHints":{"allow":["GET"]}}],"collection":[{"href":"https:\/\/www.csj-emballages.com\/pt-pt\/wp-json\/wp\/v2\/product"}],"about":[{"href":"https:\/\/www.csj-emballages.com\/pt-pt\/wp-json\/wp\/v2\/types\/product"}],"wp:featuredmedia":[{"embeddable":true,"href":"https:\/\/www.csj-emballages.com\/pt-pt\/wp-json\/wp\/v2\/media\/275715"}],"wp:attachment":[{"href":"https:\/\/www.csj-emballages.com\/pt-pt\/wp-json\/wp\/v2\/media?parent=275720"}],"wp:term":[{"taxonomy":"product_brand","embeddable":true,"href":"https:\/\/www.csj-emballages.com\/pt-pt\/wp-json\/wp\/v2\/product_brand?post=275720"},{"taxonomy":"product_cat","embeddable":true,"href":"https:\/\/www.csj-emballages.com\/pt-pt\/wp-json\/wp\/v2\/product_cat?post=275720"},{"taxonomy":"product_tag","embeddable":true,"href":"https:\/\/www.csj-emballages.com\/pt-pt\/wp-json\/wp\/v2\/product_tag?post=275720"}],"curies":[{"name":"wp","href":"https:\/\/api.w.org\/{rel}","templated":true}]}}