{"id":275444,"date":"2026-03-30T08:18:17","date_gmt":"2026-03-30T06:18:17","guid":{"rendered":"https:\/\/www.csj-emballages.com\/produit\/cafe-em-grao-chavena-65-arabica-35-robusta-de-1-kg\/"},"modified":"2026-03-31T02:10:53","modified_gmt":"2026-03-31T00:10:53","slug":"cafe-em-grao-chavena-65-arabica-35-robusta-de-1-kg","status":"publish","type":"product","link":"https:\/\/www.csj-emballages.com\/pt-pt\/produit\/cafe-em-grao-chavena-65-arabica-35-robusta-de-1-kg\/","title":{"rendered":"Caf\u00e9 em gr\u00e3o Ch\u00e1vena 65% ar\u00e1bica \/ 35% robusta de 1 kg"},"content":{"rendered":"<h2>Caf\u00e9 em gr\u00e3o<\/h2>\n<hr>\n<h3>Descubra o nosso caf\u00e9 em gr\u00e3o Ch\u00e1vena 65% ar\u00e1bica \/ 35% robusta de 1 kg<\/h3>\n<p><!--more--><\/p>\n<p data-start=\"138\" data-end=\"406\">D\u00ea \u00e0s suas pausas para caf\u00e9 um verdadeiro momento de car\u00e1cter com o <strong>caf\u00e9 em gr\u00e3o Chavena<\/strong>. Equilibrado com mestria, com <strong>65% de ar\u00e1bica<\/strong> para a subtileza e <strong>35% de robusta<\/strong> para a intensidade, este lote foi pensado para seduzir os apreciadores de um caf\u00e9 simultaneamente rico e acess\u00edvel. <\/p>\n<p data-start=\"408\" data-end=\"665\">Da mesma forma, logo na primeira ch\u00e1vena, descobrir\u00e1 um caf\u00e9 de aroma generoso, com uma excelente textura na boca e um ligeiro amargor controlado. O seu perfil equilibrado torna-o o aliado ideal tanto para um <strong>espresso<\/strong> intenso como para um <strong>caf\u00e9 cheio<\/strong> suave. <\/p>\n<p data-start=\"667\" data-end=\"860\">Embalado em <strong>formato de 1 kg<\/strong>, \u00e9 perfeitamente adequado para profissionais (restaura\u00e7\u00e3o, escrit\u00f3rios, coletividades), bem como para particulares exigentes que pretendem um caf\u00e9 de qualidade no dia a dia.<\/p>\n<p data-start=\"667\" data-end=\"860\">\n<p data-start=\"667\" data-end=\"860\"><!--more--><\/p>\n<p data-start=\"667\" data-end=\"860\"><span style=\"color: #ff0000;\"><b>*Compat\u00edveis com as m\u00e1quinas NESCAF\u00c9 &amp; DOLCE GUSTO.<\/b><\/span><\/p>\n<p data-start=\"667\" data-end=\"860\">\n<p data-start=\"667\" data-end=\"860\"><!--more--><\/p>\n<h4 data-start=\"715\" data-end=\"933\">Vantagens :<\/h4>\n<ul>\n<li data-section-id=\"2x5tj8\" data-start=\"903\" data-end=\"996\">Alian\u00e7a ideal entre suavidade (ar\u00e1bica) e intensidade (robusta)<\/li>\n<li data-section-id=\"wfy21q\" data-start=\"997\" data-end=\"1073\">Perfeito para expressos cremosos e gulosos<\/li>\n<li data-section-id=\"qgwnc2\" data-start=\"1074\" data-end=\"1151\">Uma experi\u00eancia sensorial completa<\/li>\n<li data-section-id=\"80djeb\" data-start=\"1152\" data-end=\"1225\">Ideal para um consumo regular<\/li>\n<li data-section-id=\"16vf4oz\" data-start=\"1226\" data-end=\"1317\">M\u00e1quinas autom\u00e1ticas, m\u00e1quinas de caf\u00e9 de man\u00edpulo, moinhos de caf\u00e9<\/li>\n<li data-section-id=\"1urw6td\" data-start=\"1318\" data-end=\"1386\">Adequado tanto para caf\u00e9 curto como longo<\/li>\n<\/ul>\n<p>&nbsp;<\/p>\n<p data-start=\"715\" data-end=\"933\"><!--more--><\/p>\n<h4 data-start=\"715\" data-end=\"933\">Outras informa\u00e7\u00f5es :<\/h4>\n<ul>\n<li><strong>Embalagem<\/strong>: Pacote de 1kg<\/li>\n<li><b>Composi\u00e7\u00e3o <\/b>: 65% ar\u00e1bica \/ 35% robusta<\/li>\n<\/ul>\n<p>&nbsp;<\/p>\n<p><!--more--><\/p>\n<p>Encontre aqui todos os nossos caf\u00e9s em gr\u00e3o: <span style=\"color: #d12727;\"><a style=\"color: #d12727;\" href=\"https:\/\/www.csj-emballages.com\/es\/produit\/cafe-en-grano-selecao-68-arabica-32-robusta-en-1-kg\/\">Caf\u00e9 Sele\u00e7\u00e3o<\/a><\/span> \/ <span style=\"color: #d12727;\"><a style=\"color: #d12727;\" href=\"https:\/\/www.csj-emballages.com\/es\/produit\/cafe-en-grano-las-vegas-70-arabica-30-robusta-en-1-kg\/\">Caf\u00e9 Las Vegas<\/a><\/span><\/p>\n<p>&nbsp;<\/p>\n<p><!--more--><\/p>\n<p><a href=\"https:\/\/www.csj-emballages.com\/pt-pt\/categorie-produit\/alimentacao-pt-pt\/cafes-em-grao\/\">Consulte o resto da nossa gama de caf\u00e9s em gr\u00e3o<\/a><\/p>\n","protected":false},"excerpt":{"rendered":"<p>Caf\u00e9 em gr\u00e3o Descubra o nosso caf\u00e9 em gr\u00e3o Ch\u00e1vena 65% ar\u00e1bica \/ 35% robusta de 1 kg<\/p>\n","protected":false},"featured_media":275431,"template":"","meta":{"_acf_changed":false},"product_brand":[],"product_cat":[1151,11606],"product_tag":[],"class_list":{"0":"post-275444","1":"product","2":"type-product","3":"status-publish","4":"has-post-thumbnail","6":"product_cat-alimentacao-pt-pt","7":"product_cat-cafes-em-grao","9":"first","10":"instock","11":"taxable","12":"shipping-taxable","13":"purchasable","14":"product-type-simple"},"acf":[],"yoast_head":"<!-- This site is optimized with the Yoast SEO Premium plugin v26.6 (Yoast SEO v26.6) - https:\/\/yoast.com\/wordpress\/plugins\/seo\/ -->\n<title>Caf\u00e9 em Gr\u00e3o Ch\u00e1vena 65% Ar\u00e1bica \/ 35% Robusta de 1 kg<\/title>\n<meta name=\"description\" content=\"Caf\u00e9 em gr\u00e3o Ch\u00e1vena 1 kg \u2013 Lote equilibrado 65% ar\u00e1bica \/ 35% robusta. Ideal para um expresso rico, aromas intensos e creme generoso. Qualidade profissional.\" \/>\n<meta name=\"robots\" content=\"index, follow, max-snippet:-1, max-image-preview:large, max-video-preview:-1\" \/>\n<link rel=\"canonical\" href=\"https:\/\/www.csj-emballages.com\/pt-pt\/produit\/cafe-em-grao-chavena-65-arabica-35-robusta-de-1-kg\/\" \/>\n<meta property=\"og:locale\" content=\"pt_PT\" \/>\n<meta property=\"og:type\" content=\"article\" \/>\n<meta property=\"og:title\" content=\"Caf\u00e9 em gr\u00e3o Ch\u00e1vena 65% ar\u00e1bica \/ 35% robusta de 1 kg\" \/>\n<meta property=\"og:description\" content=\"Caf\u00e9 em gr\u00e3o Ch\u00e1vena 1 kg \u2013 Lote equilibrado 65% ar\u00e1bica \/ 35% robusta. Ideal para um expresso rico, aromas intensos e creme generoso. Qualidade profissional.\" \/>\n<meta property=\"og:url\" content=\"https:\/\/www.csj-emballages.com\/pt-pt\/produit\/cafe-em-grao-chavena-65-arabica-35-robusta-de-1-kg\/\" \/>\n<meta property=\"og:site_name\" content=\"CSJ Emballages\" \/>\n<meta property=\"article:publisher\" content=\"https:\/\/www.facebook.com\/csjemballages\" \/>\n<meta property=\"article:modified_time\" content=\"2026-03-31T00:10:53+00:00\" \/>\n<meta property=\"og:image\" content=\"https:\/\/www.csj-emballages.com\/wp-content\/uploads\/2026\/03\/13003.webp\" \/>\n\t<meta property=\"og:image:width\" content=\"800\" \/>\n\t<meta property=\"og:image:height\" content=\"800\" \/>\n\t<meta property=\"og:image:type\" content=\"image\/webp\" \/>\n<meta name=\"twitter:card\" content=\"summary_large_image\" \/>\n<meta name=\"twitter:label1\" content=\"Tempo estimado de leitura\" \/>\n\t<meta name=\"twitter:data1\" content=\"1 minuto\" \/>\n<script type=\"application\/ld+json\" class=\"yoast-schema-graph\">{\"@context\":\"https:\/\/schema.org\",\"@graph\":[{\"@type\":\"WebPage\",\"@id\":\"https:\/\/www.csj-emballages.com\/pt-pt\/produit\/cafe-em-grao-chavena-65-arabica-35-robusta-de-1-kg\/\",\"url\":\"https:\/\/www.csj-emballages.com\/pt-pt\/produit\/cafe-em-grao-chavena-65-arabica-35-robusta-de-1-kg\/\",\"name\":\"Caf\u00e9 em Gr\u00e3o Ch\u00e1vena 65% Ar\u00e1bica \/ 35% Robusta de 1 kg\",\"isPartOf\":{\"@id\":\"https:\/\/www.csj-emballages.com\/pt-pt\/#website\"},\"primaryImageOfPage\":{\"@id\":\"https:\/\/www.csj-emballages.com\/pt-pt\/produit\/cafe-em-grao-chavena-65-arabica-35-robusta-de-1-kg\/#primaryimage\"},\"image\":{\"@id\":\"https:\/\/www.csj-emballages.com\/pt-pt\/produit\/cafe-em-grao-chavena-65-arabica-35-robusta-de-1-kg\/#primaryimage\"},\"thumbnailUrl\":\"https:\/\/www.csj-emballages.com\/wp-content\/uploads\/2026\/03\/13003.webp\",\"datePublished\":\"2026-03-30T06:18:17+00:00\",\"dateModified\":\"2026-03-31T00:10:53+00:00\",\"description\":\"Caf\u00e9 em gr\u00e3o Ch\u00e1vena 1 kg \u2013 Lote equilibrado 65% ar\u00e1bica \/ 35% robusta. Ideal para um expresso rico, aromas intensos e creme generoso. Qualidade profissional.\",\"breadcrumb\":{\"@id\":\"https:\/\/www.csj-emballages.com\/pt-pt\/produit\/cafe-em-grao-chavena-65-arabica-35-robusta-de-1-kg\/#breadcrumb\"},\"inLanguage\":\"pt-PT\",\"potentialAction\":[{\"@type\":\"ReadAction\",\"target\":[\"https:\/\/www.csj-emballages.com\/pt-pt\/produit\/cafe-em-grao-chavena-65-arabica-35-robusta-de-1-kg\/\"]}]},{\"@type\":\"ImageObject\",\"inLanguage\":\"pt-PT\",\"@id\":\"https:\/\/www.csj-emballages.com\/pt-pt\/produit\/cafe-em-grao-chavena-65-arabica-35-robusta-de-1-kg\/#primaryimage\",\"url\":\"https:\/\/www.csj-emballages.com\/wp-content\/uploads\/2026\/03\/13003.webp\",\"contentUrl\":\"https:\/\/www.csj-emballages.com\/wp-content\/uploads\/2026\/03\/13003.webp\",\"width\":800,\"height\":800,\"caption\":\"Caf\u00e9 en grains\"},{\"@type\":\"BreadcrumbList\",\"@id\":\"https:\/\/www.csj-emballages.com\/pt-pt\/produit\/cafe-em-grao-chavena-65-arabica-35-robusta-de-1-kg\/#breadcrumb\",\"itemListElement\":[{\"@type\":\"ListItem\",\"position\":1,\"name\":\"Acolhimento\",\"item\":\"https:\/\/www.csj-emballages.com\/pt-pt\/universo-das-embalagens-alimentares\/\"},{\"@type\":\"ListItem\",\"position\":2,\"name\":\"Shop\",\"item\":\"https:\/\/www.csj-emballages.com\/shop\/\"},{\"@type\":\"ListItem\",\"position\":3,\"name\":\"Caf\u00e9 em gr\u00e3o Ch\u00e1vena 65% ar\u00e1bica \/ 35% robusta de 1 kg\"}]},{\"@type\":\"WebSite\",\"@id\":\"https:\/\/www.csj-emballages.com\/pt-pt\/#website\",\"url\":\"https:\/\/www.csj-emballages.com\/pt-pt\/\",\"name\":\"CSJ Emballages\",\"description\":\"\",\"publisher\":{\"@id\":\"https:\/\/www.csj-emballages.com\/pt-pt\/#organization\"},\"potentialAction\":[{\"@type\":\"SearchAction\",\"target\":{\"@type\":\"EntryPoint\",\"urlTemplate\":\"https:\/\/www.csj-emballages.com\/pt-pt\/?s={search_term_string}\"},\"query-input\":{\"@type\":\"PropertyValueSpecification\",\"valueRequired\":true,\"valueName\":\"search_term_string\"}}],\"inLanguage\":\"pt-PT\"},{\"@type\":\"Organization\",\"@id\":\"https:\/\/www.csj-emballages.com\/pt-pt\/#Organization\/\",\"name\":\"CSJ Emballages\",\"url\":\"https:\/\/www.csj-emballages.com\/pt-pt\/\",\"logo\":{\"@type\":\"ImageObject\",\"inLanguage\":\"pt-PT\",\"@id\":\"https:\/\/www.csj-emballages.com\/pt-pt\/#\/schema\/logo\/image\/\",\"url\":\"https:\/\/www.csj-emballages.com\/wp-content\/uploads\/2023\/10\/logo_csj.webp\",\"contentUrl\":\"https:\/\/www.csj-emballages.com\/wp-content\/uploads\/2023\/10\/logo_csj.webp\",\"width\":250,\"height\":95,\"caption\":\"CSJ Emballages\"},\"image\":{\"@id\":\"https:\/\/www.csj-emballages.com\/pt-pt\/#\/schema\/logo\/image\/\"},\"sameAs\":[\"https:\/\/www.facebook.com\/csjemballages\"],\"address\":{\"@type\":\"PostalAddress\",\"streetAddress\":\"ZI La Lechere\",\"addressLocality\":\"Patornay\",\"postalCode\":\"39130\",\"addressCountry\":\"FR\"},\"contactPoint\":[{\"@type\":\"ContactPoint\",\"contactType\":\"Service client\",\"telephone\":\"0384254272\",\"email\":\"contact@csj-emballages.com\"}]}]}<\/script>\n<!-- \/ Yoast SEO Premium plugin. -->","yoast_head_json":{"title":"Caf\u00e9 em Gr\u00e3o Ch\u00e1vena 65% Ar\u00e1bica \/ 35% Robusta de 1 kg","description":"Caf\u00e9 em gr\u00e3o Ch\u00e1vena 1 kg \u2013 Lote equilibrado 65% ar\u00e1bica \/ 35% robusta. Ideal para um expresso rico, aromas intensos e creme generoso. Qualidade profissional.","robots":{"index":"index","follow":"follow","max-snippet":"max-snippet:-1","max-image-preview":"max-image-preview:large","max-video-preview":"max-video-preview:-1"},"canonical":"https:\/\/www.csj-emballages.com\/pt-pt\/produit\/cafe-em-grao-chavena-65-arabica-35-robusta-de-1-kg\/","og_locale":"pt_PT","og_type":"article","og_title":"Caf\u00e9 em gr\u00e3o Ch\u00e1vena 65% ar\u00e1bica \/ 35% robusta de 1 kg","og_description":"Caf\u00e9 em gr\u00e3o Ch\u00e1vena 1 kg \u2013 Lote equilibrado 65% ar\u00e1bica \/ 35% robusta. Ideal para um expresso rico, aromas intensos e creme generoso. Qualidade profissional.","og_url":"https:\/\/www.csj-emballages.com\/pt-pt\/produit\/cafe-em-grao-chavena-65-arabica-35-robusta-de-1-kg\/","og_site_name":"CSJ Emballages","article_publisher":"https:\/\/www.facebook.com\/csjemballages","article_modified_time":"2026-03-31T00:10:53+00:00","og_image":[{"width":800,"height":800,"url":"https:\/\/www.csj-emballages.com\/wp-content\/uploads\/2026\/03\/13003.webp","type":"image\/webp"}],"twitter_card":"summary_large_image","twitter_misc":{"Tempo estimado de leitura":"1 minuto"},"schema":{"@context":"https:\/\/schema.org","@graph":[{"@type":"WebPage","@id":"https:\/\/www.csj-emballages.com\/pt-pt\/produit\/cafe-em-grao-chavena-65-arabica-35-robusta-de-1-kg\/","url":"https:\/\/www.csj-emballages.com\/pt-pt\/produit\/cafe-em-grao-chavena-65-arabica-35-robusta-de-1-kg\/","name":"Caf\u00e9 em Gr\u00e3o Ch\u00e1vena 65% Ar\u00e1bica \/ 35% Robusta de 1 kg","isPartOf":{"@id":"https:\/\/www.csj-emballages.com\/pt-pt\/#website"},"primaryImageOfPage":{"@id":"https:\/\/www.csj-emballages.com\/pt-pt\/produit\/cafe-em-grao-chavena-65-arabica-35-robusta-de-1-kg\/#primaryimage"},"image":{"@id":"https:\/\/www.csj-emballages.com\/pt-pt\/produit\/cafe-em-grao-chavena-65-arabica-35-robusta-de-1-kg\/#primaryimage"},"thumbnailUrl":"https:\/\/www.csj-emballages.com\/wp-content\/uploads\/2026\/03\/13003.webp","datePublished":"2026-03-30T06:18:17+00:00","dateModified":"2026-03-31T00:10:53+00:00","description":"Caf\u00e9 em gr\u00e3o Ch\u00e1vena 1 kg \u2013 Lote equilibrado 65% ar\u00e1bica \/ 35% robusta. Ideal para um expresso rico, aromas intensos e creme generoso. Qualidade profissional.","breadcrumb":{"@id":"https:\/\/www.csj-emballages.com\/pt-pt\/produit\/cafe-em-grao-chavena-65-arabica-35-robusta-de-1-kg\/#breadcrumb"},"inLanguage":"pt-PT","potentialAction":[{"@type":"ReadAction","target":["https:\/\/www.csj-emballages.com\/pt-pt\/produit\/cafe-em-grao-chavena-65-arabica-35-robusta-de-1-kg\/"]}]},{"@type":"ImageObject","inLanguage":"pt-PT","@id":"https:\/\/www.csj-emballages.com\/pt-pt\/produit\/cafe-em-grao-chavena-65-arabica-35-robusta-de-1-kg\/#primaryimage","url":"https:\/\/www.csj-emballages.com\/wp-content\/uploads\/2026\/03\/13003.webp","contentUrl":"https:\/\/www.csj-emballages.com\/wp-content\/uploads\/2026\/03\/13003.webp","width":800,"height":800,"caption":"Caf\u00e9 en grains"},{"@type":"BreadcrumbList","@id":"https:\/\/www.csj-emballages.com\/pt-pt\/produit\/cafe-em-grao-chavena-65-arabica-35-robusta-de-1-kg\/#breadcrumb","itemListElement":[{"@type":"ListItem","position":1,"name":"Acolhimento","item":"https:\/\/www.csj-emballages.com\/pt-pt\/universo-das-embalagens-alimentares\/"},{"@type":"ListItem","position":2,"name":"Shop","item":"https:\/\/www.csj-emballages.com\/shop\/"},{"@type":"ListItem","position":3,"name":"Caf\u00e9 em gr\u00e3o Ch\u00e1vena 65% ar\u00e1bica \/ 35% robusta de 1 kg"}]},{"@type":"WebSite","@id":"https:\/\/www.csj-emballages.com\/pt-pt\/#website","url":"https:\/\/www.csj-emballages.com\/pt-pt\/","name":"CSJ Emballages","description":"","publisher":{"@id":"https:\/\/www.csj-emballages.com\/pt-pt\/#organization"},"potentialAction":[{"@type":"SearchAction","target":{"@type":"EntryPoint","urlTemplate":"https:\/\/www.csj-emballages.com\/pt-pt\/?s={search_term_string}"},"query-input":{"@type":"PropertyValueSpecification","valueRequired":true,"valueName":"search_term_string"}}],"inLanguage":"pt-PT"},{"@type":"Organization","@id":"https:\/\/www.csj-emballages.com\/pt-pt\/#Organization\/","name":"CSJ Emballages","url":"https:\/\/www.csj-emballages.com\/pt-pt\/","logo":{"@type":"ImageObject","inLanguage":"pt-PT","@id":"https:\/\/www.csj-emballages.com\/pt-pt\/#\/schema\/logo\/image\/","url":"https:\/\/www.csj-emballages.com\/wp-content\/uploads\/2023\/10\/logo_csj.webp","contentUrl":"https:\/\/www.csj-emballages.com\/wp-content\/uploads\/2023\/10\/logo_csj.webp","width":250,"height":95,"caption":"CSJ Emballages"},"image":{"@id":"https:\/\/www.csj-emballages.com\/pt-pt\/#\/schema\/logo\/image\/"},"sameAs":["https:\/\/www.facebook.com\/csjemballages"],"address":{"@type":"PostalAddress","streetAddress":"ZI La Lechere","addressLocality":"Patornay","postalCode":"39130","addressCountry":"FR"},"contactPoint":[{"@type":"ContactPoint","contactType":"Service client","telephone":"0384254272","email":"contact@csj-emballages.com"}]}]}},"df_price":13.37,"df_sale_price":"","df_regular_price":13.37,"df_image_link":"https:\/\/www.csj-emballages.com\/wp-content\/uploads\/2026\/03\/13003-300x300.webp","tiered_pricing_type":"fixed","tiered_pricing_fixed_rules":[],"tiered_pricing_percentage_rules":[],"tiered_pricing_minimum":1,"tiered_pricing_roles_data":[],"_links":{"self":[{"href":"https:\/\/www.csj-emballages.com\/pt-pt\/wp-json\/wp\/v2\/product\/275444","targetHints":{"allow":["GET"]}}],"collection":[{"href":"https:\/\/www.csj-emballages.com\/pt-pt\/wp-json\/wp\/v2\/product"}],"about":[{"href":"https:\/\/www.csj-emballages.com\/pt-pt\/wp-json\/wp\/v2\/types\/product"}],"wp:featuredmedia":[{"embeddable":true,"href":"https:\/\/www.csj-emballages.com\/pt-pt\/wp-json\/wp\/v2\/media\/275431"}],"wp:attachment":[{"href":"https:\/\/www.csj-emballages.com\/pt-pt\/wp-json\/wp\/v2\/media?parent=275444"}],"wp:term":[{"taxonomy":"product_brand","embeddable":true,"href":"https:\/\/www.csj-emballages.com\/pt-pt\/wp-json\/wp\/v2\/product_brand?post=275444"},{"taxonomy":"product_cat","embeddable":true,"href":"https:\/\/www.csj-emballages.com\/pt-pt\/wp-json\/wp\/v2\/product_cat?post=275444"},{"taxonomy":"product_tag","embeddable":true,"href":"https:\/\/www.csj-emballages.com\/pt-pt\/wp-json\/wp\/v2\/product_tag?post=275444"}],"curies":[{"name":"wp","href":"https:\/\/api.w.org\/{rel}","templated":true}]}}