{"id":275132,"date":"2026-02-17T14:18:27","date_gmt":"2026-02-17T13:18:27","guid":{"rendered":"https:\/\/www.csj-emballages.com\/produit\/fita-flocos-prateada-10-mm-x-225-m\/"},"modified":"2026-03-28T02:11:17","modified_gmt":"2026-03-28T01:11:17","slug":"fita-flocos-prateada-10-mm-x-225-m","status":"publish","type":"product","link":"https:\/\/www.csj-emballages.com\/pt-pt\/produit\/fita-flocos-prateada-10-mm-x-225-m\/","title":{"rendered":"Fita flocos prateada 10 mm x 225 m"},"content":{"rendered":"<h2 class=\"p1\">Fita flocos prateada<\/h2>\n<hr>\n<h3>Descubra a nossa fita flocos prateada 10 mm x 225 m<\/h3>\n<p><!--more--><\/p>\n<p data-start=\"122\" data-end=\"341\">Quer valorizar as suas embalagens sem esfor\u00e7o? Esta <strong data-start=\"172\" data-end=\"206\">fita prateada com motivos de flocos<\/strong> \u00e9 o detalhe que faz toda a diferen\u00e7a. Ao mesmo tempo simples, elegante e festiva, confere instantaneamente um acabamento cuidado a todos os seus pacotes.  <\/p>\n<p data-start=\"343\" data-end=\"668\">Com a sua <strong data-start=\"351\" data-end=\"381\">bela cor prateada luminosa<\/strong> e os seus <strong data-start=\"389\" data-end=\"419\">motivos de flocos delicados<\/strong>, evoca perfeitamente o esp\u00edrito das festas de fim de ano. Atrai o olhar sem exageros e confere \u00e0s suas embalagens um toque caloroso e profissional. \u00c9 o tipo de pequeno extra que agrada ao cliente \u00e0 primeira vista.  <\/p>\n<p data-start=\"670\" data-end=\"963\">A sua <strong data-start=\"673\" data-end=\"693\">largura de 10 mm<\/strong> torna-a muito f\u00e1cil de usar no dia a dia: ata-se rapidamente, corta-se sem dificuldade e pode ser frisada em segundos para criar bonitos volumes. Quer pretenda fazer um la\u00e7o simples ou um efeito mais elaborado, adapta-se a todos os seus desejos. <\/p>\n<p data-start=\"965\" data-end=\"1255\">Com os seus <strong data-start=\"974\" data-end=\"1000\">225 metros de comprimento<\/strong>, esta fita decorativa \u00e9 particularmente adequada para uso regular, seja em lojas, restaura\u00e7\u00e3o, mercearias finas ou para as suas prepara\u00e7\u00f5es em casa. Pode embalar muitos produtos mantendo uma coer\u00eancia visual elegante. <\/p>\n<p data-start=\"965\" data-end=\"1255\"><!--more--><\/p>\n<h4 data-start=\"965\" data-end=\"1255\">Vantagens :<\/h4>\n<ul>\n<li data-section-id=\"ugtu4g\" data-start=\"924\" data-end=\"1020\">Motivos de flocos elegantes para um ambiente de Natal perfeito<\/li>\n<li data-section-id=\"19k4iid\" data-start=\"1021\" data-end=\"1091\">Confere um toque premium \u00e0s suas embalagens<\/li>\n<li data-section-id=\"1ibpj3i\" data-start=\"1092\" data-end=\"1155\">Corta-se e frisa-se facilmente<\/li>\n<li data-section-id=\"1bttxsb\" data-start=\"1156\" data-end=\"1229\">Ideal para uso intensivo<\/li>\n<li data-section-id=\"1gweh6a\" data-start=\"1230\" data-end=\"1315\">Perfeito para presentes, cabazes, floristas e com\u00e9rcio<\/li>\n<li data-section-id=\"o89cew\" data-start=\"1316\" data-end=\"1395\">Melhora imediatamente a perce\u00e7\u00e3o de qualidade<\/li>\n<\/ul>\n<p>&nbsp;<\/p>\n<p><!--more--><\/p>\n<h4>Outras informa\u00e7\u00f5es :<\/h4>\n<ul>\n<li><strong>Embalagem<\/strong>: Por unidade<\/li>\n<li><strong>Comprimento<\/strong>: 225 m<\/li>\n<li><strong>Largura<\/strong>: 10 mm<\/li>\n<li><strong>Cor<\/strong>: Prateado<\/li>\n<li><strong>Material: <\/strong>Polipropileno<\/li>\n<\/ul>\n<p>&nbsp;<\/p>\n<p><!--more--><\/p>\n<p>Esta fita flocos prateada est\u00e1 tamb\u00e9m dispon\u00edvel em cor dourada: <span style=\"color: #d12727;\"><a style=\"color: #d12727;\" href=\"https:\/\/www.csj-emballages.com\/es\/produit\/bolduc-copos-dorado-10-mm-x-225-m\/\">BOBREXM21<\/a><\/span><\/p>\n<p>&nbsp;<\/p>\n<p><!--more--><\/p>\n<p><a href=\"https:\/\/www.csj-emballages.com\/pt-pt\/categorie-produit\/embalagem-de-alimentos\/padaria-e-pastelaria\/acessorios-e-equipamentos\/acessorios-decorativos\/carreteis-bolduc\/bolduc-flocos\/\">Consulte o resto da nossa gama de fita &#8220;Flocos&#8221;<\/a><\/p>\n","protected":false},"excerpt":{"rendered":"<p>Fita flocos prateada Descubra a nossa fita flocos prateada 10 mm x 225 m<\/p>\n","protected":false},"featured_media":275128,"template":"","meta":{"_acf_changed":false},"product_brand":[],"product_cat":[1141,1177,3918,1796,1809,11632,1482,3922,1805,2126,11637],"product_tag":[],"class_list":{"0":"post-275132","1":"product","2":"type-product","3":"status-publish","4":"has-post-thumbnail","6":"product_cat-embalagem-de-alimentos","7":"product_cat-padaria-e-pastelaria","8":"product_cat-acessorios-e-equipamentos","9":"product_cat-acessorios-decorativos","10":"product_cat-carreteis-bolduc","11":"product_cat-bolduc-flocos","12":"product_cat-loja-e-armazem","13":"product_cat-acessorios-e-equipamentos-pt-pt","14":"product_cat-acessorios-decorativos-pt-pt","15":"product_cat-carreteis-bolduc-pt-pt","18":"first","19":"instock","20":"taxable","21":"shipping-taxable","22":"purchasable","23":"product-type-simple"},"acf":[],"yoast_head":"<!-- This site is optimized with the Yoast SEO Premium plugin v26.6 (Yoast SEO v26.6) - https:\/\/yoast.com\/wordpress\/plugins\/seo\/ -->\n<title>Fita Flocos Prateada 10 mm x 225 m<\/title>\n<meta name=\"description\" content=\"Fita flocos prateada 10 mm x 225 m: fita de presente festiva e brilhante, ideal para embalagens de Natal, cabazes gourmet e apresenta\u00e7\u00f5es profissionais.\" \/>\n<meta name=\"robots\" content=\"index, follow, max-snippet:-1, max-image-preview:large, max-video-preview:-1\" \/>\n<link rel=\"canonical\" href=\"https:\/\/www.csj-emballages.com\/pt-pt\/produit\/fita-flocos-prateada-10-mm-x-225-m\/\" \/>\n<meta property=\"og:locale\" content=\"pt_PT\" \/>\n<meta property=\"og:type\" content=\"article\" \/>\n<meta property=\"og:title\" content=\"Fita flocos prateada 10 mm x 225 m\" \/>\n<meta property=\"og:description\" content=\"Fita flocos prateada 10 mm x 225 m: fita de presente festiva e brilhante, ideal para embalagens de Natal, cabazes gourmet e apresenta\u00e7\u00f5es profissionais.\" \/>\n<meta property=\"og:url\" content=\"https:\/\/www.csj-emballages.com\/pt-pt\/produit\/fita-flocos-prateada-10-mm-x-225-m\/\" \/>\n<meta property=\"og:site_name\" content=\"CSJ Emballages\" \/>\n<meta property=\"article:publisher\" content=\"https:\/\/www.facebook.com\/csjemballages\" \/>\n<meta property=\"article:modified_time\" content=\"2026-03-28T01:11:17+00:00\" \/>\n<meta property=\"og:image\" content=\"https:\/\/www.csj-emballages.com\/wp-content\/uploads\/2026\/02\/Rex-argent.webp\" \/>\n\t<meta property=\"og:image:width\" content=\"800\" \/>\n\t<meta property=\"og:image:height\" content=\"800\" \/>\n\t<meta property=\"og:image:type\" content=\"image\/webp\" \/>\n<meta name=\"twitter:card\" content=\"summary_large_image\" \/>\n<meta name=\"twitter:label1\" content=\"Tempo estimado de leitura\" \/>\n\t<meta name=\"twitter:data1\" content=\"1 minuto\" \/>\n<script type=\"application\/ld+json\" class=\"yoast-schema-graph\">{\"@context\":\"https:\/\/schema.org\",\"@graph\":[{\"@type\":\"WebPage\",\"@id\":\"https:\/\/www.csj-emballages.com\/pt-pt\/produit\/fita-flocos-prateada-10-mm-x-225-m\/\",\"url\":\"https:\/\/www.csj-emballages.com\/pt-pt\/produit\/fita-flocos-prateada-10-mm-x-225-m\/\",\"name\":\"Fita Flocos Prateada 10 mm x 225 m\",\"isPartOf\":{\"@id\":\"https:\/\/www.csj-emballages.com\/pt-pt\/#website\"},\"primaryImageOfPage\":{\"@id\":\"https:\/\/www.csj-emballages.com\/pt-pt\/produit\/fita-flocos-prateada-10-mm-x-225-m\/#primaryimage\"},\"image\":{\"@id\":\"https:\/\/www.csj-emballages.com\/pt-pt\/produit\/fita-flocos-prateada-10-mm-x-225-m\/#primaryimage\"},\"thumbnailUrl\":\"https:\/\/www.csj-emballages.com\/wp-content\/uploads\/2026\/02\/Rex-argent.webp\",\"datePublished\":\"2026-02-17T13:18:27+00:00\",\"dateModified\":\"2026-03-28T01:11:17+00:00\",\"description\":\"Fita flocos prateada 10 mm x 225 m: fita de presente festiva e brilhante, ideal para embalagens de Natal, cabazes gourmet e apresenta\u00e7\u00f5es profissionais.\",\"breadcrumb\":{\"@id\":\"https:\/\/www.csj-emballages.com\/pt-pt\/produit\/fita-flocos-prateada-10-mm-x-225-m\/#breadcrumb\"},\"inLanguage\":\"pt-PT\",\"potentialAction\":[{\"@type\":\"ReadAction\",\"target\":[\"https:\/\/www.csj-emballages.com\/pt-pt\/produit\/fita-flocos-prateada-10-mm-x-225-m\/\"]}]},{\"@type\":\"ImageObject\",\"inLanguage\":\"pt-PT\",\"@id\":\"https:\/\/www.csj-emballages.com\/pt-pt\/produit\/fita-flocos-prateada-10-mm-x-225-m\/#primaryimage\",\"url\":\"https:\/\/www.csj-emballages.com\/wp-content\/uploads\/2026\/02\/Rex-argent.webp\",\"contentUrl\":\"https:\/\/www.csj-emballages.com\/wp-content\/uploads\/2026\/02\/Rex-argent.webp\",\"width\":800,\"height\":800,\"caption\":\"Bolduc flocons argent\"},{\"@type\":\"BreadcrumbList\",\"@id\":\"https:\/\/www.csj-emballages.com\/pt-pt\/produit\/fita-flocos-prateada-10-mm-x-225-m\/#breadcrumb\",\"itemListElement\":[{\"@type\":\"ListItem\",\"position\":1,\"name\":\"Acolhimento\",\"item\":\"https:\/\/www.csj-emballages.com\/pt-pt\/universo-das-embalagens-alimentares\/\"},{\"@type\":\"ListItem\",\"position\":2,\"name\":\"Shop\",\"item\":\"https:\/\/www.csj-emballages.com\/shop\/\"},{\"@type\":\"ListItem\",\"position\":3,\"name\":\"Fita flocos prateada 10 mm x 225 m\"}]},{\"@type\":\"WebSite\",\"@id\":\"https:\/\/www.csj-emballages.com\/pt-pt\/#website\",\"url\":\"https:\/\/www.csj-emballages.com\/pt-pt\/\",\"name\":\"CSJ Emballages\",\"description\":\"\",\"publisher\":{\"@id\":\"https:\/\/www.csj-emballages.com\/pt-pt\/#organization\"},\"potentialAction\":[{\"@type\":\"SearchAction\",\"target\":{\"@type\":\"EntryPoint\",\"urlTemplate\":\"https:\/\/www.csj-emballages.com\/pt-pt\/?s={search_term_string}\"},\"query-input\":{\"@type\":\"PropertyValueSpecification\",\"valueRequired\":true,\"valueName\":\"search_term_string\"}}],\"inLanguage\":\"pt-PT\"},{\"@type\":\"Organization\",\"@id\":\"https:\/\/www.csj-emballages.com\/pt-pt\/#Organization\/\",\"name\":\"CSJ Emballages\",\"url\":\"https:\/\/www.csj-emballages.com\/pt-pt\/\",\"logo\":{\"@type\":\"ImageObject\",\"inLanguage\":\"pt-PT\",\"@id\":\"https:\/\/www.csj-emballages.com\/pt-pt\/#\/schema\/logo\/image\/\",\"url\":\"https:\/\/www.csj-emballages.com\/wp-content\/uploads\/2023\/10\/logo_csj.webp\",\"contentUrl\":\"https:\/\/www.csj-emballages.com\/wp-content\/uploads\/2023\/10\/logo_csj.webp\",\"width\":250,\"height\":95,\"caption\":\"CSJ Emballages\"},\"image\":{\"@id\":\"https:\/\/www.csj-emballages.com\/pt-pt\/#\/schema\/logo\/image\/\"},\"sameAs\":[\"https:\/\/www.facebook.com\/csjemballages\"],\"address\":{\"@type\":\"PostalAddress\",\"streetAddress\":\"ZI La Lechere\",\"addressLocality\":\"Patornay\",\"postalCode\":\"39130\",\"addressCountry\":\"FR\"},\"contactPoint\":[{\"@type\":\"ContactPoint\",\"contactType\":\"Service client\",\"telephone\":\"0384254272\",\"email\":\"contact@csj-emballages.com\"}]}]}<\/script>\n<!-- \/ Yoast SEO Premium plugin. -->","yoast_head_json":{"title":"Fita Flocos Prateada 10 mm x 225 m","description":"Fita flocos prateada 10 mm x 225 m: fita de presente festiva e brilhante, ideal para embalagens de Natal, cabazes gourmet e apresenta\u00e7\u00f5es profissionais.","robots":{"index":"index","follow":"follow","max-snippet":"max-snippet:-1","max-image-preview":"max-image-preview:large","max-video-preview":"max-video-preview:-1"},"canonical":"https:\/\/www.csj-emballages.com\/pt-pt\/produit\/fita-flocos-prateada-10-mm-x-225-m\/","og_locale":"pt_PT","og_type":"article","og_title":"Fita flocos prateada 10 mm x 225 m","og_description":"Fita flocos prateada 10 mm x 225 m: fita de presente festiva e brilhante, ideal para embalagens de Natal, cabazes gourmet e apresenta\u00e7\u00f5es profissionais.","og_url":"https:\/\/www.csj-emballages.com\/pt-pt\/produit\/fita-flocos-prateada-10-mm-x-225-m\/","og_site_name":"CSJ Emballages","article_publisher":"https:\/\/www.facebook.com\/csjemballages","article_modified_time":"2026-03-28T01:11:17+00:00","og_image":[{"width":800,"height":800,"url":"https:\/\/www.csj-emballages.com\/wp-content\/uploads\/2026\/02\/Rex-argent.webp","type":"image\/webp"}],"twitter_card":"summary_large_image","twitter_misc":{"Tempo estimado de leitura":"1 minuto"},"schema":{"@context":"https:\/\/schema.org","@graph":[{"@type":"WebPage","@id":"https:\/\/www.csj-emballages.com\/pt-pt\/produit\/fita-flocos-prateada-10-mm-x-225-m\/","url":"https:\/\/www.csj-emballages.com\/pt-pt\/produit\/fita-flocos-prateada-10-mm-x-225-m\/","name":"Fita Flocos Prateada 10 mm x 225 m","isPartOf":{"@id":"https:\/\/www.csj-emballages.com\/pt-pt\/#website"},"primaryImageOfPage":{"@id":"https:\/\/www.csj-emballages.com\/pt-pt\/produit\/fita-flocos-prateada-10-mm-x-225-m\/#primaryimage"},"image":{"@id":"https:\/\/www.csj-emballages.com\/pt-pt\/produit\/fita-flocos-prateada-10-mm-x-225-m\/#primaryimage"},"thumbnailUrl":"https:\/\/www.csj-emballages.com\/wp-content\/uploads\/2026\/02\/Rex-argent.webp","datePublished":"2026-02-17T13:18:27+00:00","dateModified":"2026-03-28T01:11:17+00:00","description":"Fita flocos prateada 10 mm x 225 m: fita de presente festiva e brilhante, ideal para embalagens de Natal, cabazes gourmet e apresenta\u00e7\u00f5es profissionais.","breadcrumb":{"@id":"https:\/\/www.csj-emballages.com\/pt-pt\/produit\/fita-flocos-prateada-10-mm-x-225-m\/#breadcrumb"},"inLanguage":"pt-PT","potentialAction":[{"@type":"ReadAction","target":["https:\/\/www.csj-emballages.com\/pt-pt\/produit\/fita-flocos-prateada-10-mm-x-225-m\/"]}]},{"@type":"ImageObject","inLanguage":"pt-PT","@id":"https:\/\/www.csj-emballages.com\/pt-pt\/produit\/fita-flocos-prateada-10-mm-x-225-m\/#primaryimage","url":"https:\/\/www.csj-emballages.com\/wp-content\/uploads\/2026\/02\/Rex-argent.webp","contentUrl":"https:\/\/www.csj-emballages.com\/wp-content\/uploads\/2026\/02\/Rex-argent.webp","width":800,"height":800,"caption":"Bolduc flocons argent"},{"@type":"BreadcrumbList","@id":"https:\/\/www.csj-emballages.com\/pt-pt\/produit\/fita-flocos-prateada-10-mm-x-225-m\/#breadcrumb","itemListElement":[{"@type":"ListItem","position":1,"name":"Acolhimento","item":"https:\/\/www.csj-emballages.com\/pt-pt\/universo-das-embalagens-alimentares\/"},{"@type":"ListItem","position":2,"name":"Shop","item":"https:\/\/www.csj-emballages.com\/shop\/"},{"@type":"ListItem","position":3,"name":"Fita flocos prateada 10 mm x 225 m"}]},{"@type":"WebSite","@id":"https:\/\/www.csj-emballages.com\/pt-pt\/#website","url":"https:\/\/www.csj-emballages.com\/pt-pt\/","name":"CSJ Emballages","description":"","publisher":{"@id":"https:\/\/www.csj-emballages.com\/pt-pt\/#organization"},"potentialAction":[{"@type":"SearchAction","target":{"@type":"EntryPoint","urlTemplate":"https:\/\/www.csj-emballages.com\/pt-pt\/?s={search_term_string}"},"query-input":{"@type":"PropertyValueSpecification","valueRequired":true,"valueName":"search_term_string"}}],"inLanguage":"pt-PT"},{"@type":"Organization","@id":"https:\/\/www.csj-emballages.com\/pt-pt\/#Organization\/","name":"CSJ Emballages","url":"https:\/\/www.csj-emballages.com\/pt-pt\/","logo":{"@type":"ImageObject","inLanguage":"pt-PT","@id":"https:\/\/www.csj-emballages.com\/pt-pt\/#\/schema\/logo\/image\/","url":"https:\/\/www.csj-emballages.com\/wp-content\/uploads\/2023\/10\/logo_csj.webp","contentUrl":"https:\/\/www.csj-emballages.com\/wp-content\/uploads\/2023\/10\/logo_csj.webp","width":250,"height":95,"caption":"CSJ Emballages"},"image":{"@id":"https:\/\/www.csj-emballages.com\/pt-pt\/#\/schema\/logo\/image\/"},"sameAs":["https:\/\/www.facebook.com\/csjemballages"],"address":{"@type":"PostalAddress","streetAddress":"ZI La Lechere","addressLocality":"Patornay","postalCode":"39130","addressCountry":"FR"},"contactPoint":[{"@type":"ContactPoint","contactType":"Service client","telephone":"0384254272","email":"contact@csj-emballages.com"}]}]}},"df_price":8.35,"df_sale_price":"","df_regular_price":8.35,"df_image_link":"https:\/\/www.csj-emballages.com\/wp-content\/uploads\/2026\/02\/Rex-argent-300x300.webp","tiered_pricing_type":"fixed","tiered_pricing_fixed_rules":[],"tiered_pricing_percentage_rules":[],"tiered_pricing_minimum":1,"tiered_pricing_roles_data":[],"_links":{"self":[{"href":"https:\/\/www.csj-emballages.com\/pt-pt\/wp-json\/wp\/v2\/product\/275132","targetHints":{"allow":["GET"]}}],"collection":[{"href":"https:\/\/www.csj-emballages.com\/pt-pt\/wp-json\/wp\/v2\/product"}],"about":[{"href":"https:\/\/www.csj-emballages.com\/pt-pt\/wp-json\/wp\/v2\/types\/product"}],"wp:featuredmedia":[{"embeddable":true,"href":"https:\/\/www.csj-emballages.com\/pt-pt\/wp-json\/wp\/v2\/media\/275128"}],"wp:attachment":[{"href":"https:\/\/www.csj-emballages.com\/pt-pt\/wp-json\/wp\/v2\/media?parent=275132"}],"wp:term":[{"taxonomy":"product_brand","embeddable":true,"href":"https:\/\/www.csj-emballages.com\/pt-pt\/wp-json\/wp\/v2\/product_brand?post=275132"},{"taxonomy":"product_cat","embeddable":true,"href":"https:\/\/www.csj-emballages.com\/pt-pt\/wp-json\/wp\/v2\/product_cat?post=275132"},{"taxonomy":"product_tag","embeddable":true,"href":"https:\/\/www.csj-emballages.com\/pt-pt\/wp-json\/wp\/v2\/product_tag?post=275132"}],"curies":[{"name":"wp","href":"https:\/\/api.w.org\/{rel}","templated":true}]}}