{"id":274996,"date":"2026-02-17T14:18:16","date_gmt":"2026-02-17T13:18:16","guid":{"rendered":"https:\/\/www.csj-emballages.com\/produit\/fita-bolduc-laponia-vermelha-10-mm-x-225-m\/"},"modified":"2026-03-28T02:11:12","modified_gmt":"2026-03-28T01:11:12","slug":"fita-bolduc-laponia-vermelha-10-mm-x-225-m","status":"publish","type":"product","link":"https:\/\/www.csj-emballages.com\/pt-pt\/produit\/fita-bolduc-laponia-vermelha-10-mm-x-225-m\/","title":{"rendered":"Fita bolduc Lap\u00f3nia vermelha 10 mm x 225 m"},"content":{"rendered":"<h2 class=\"p1\">Bolduc bord\u00f4<\/h2>\n<hr>\n<h3>Descubra o nosso bolduc bord\u00f4 &#8220;\u00e9lias&#8221; 225 m x 10 mm<\/h3>\n<p><!--more--><\/p>\n<p data-start=\"42\" data-end=\"423\">A <strong>fita bolduc Lap\u00f3nia vermelha<\/strong> foi especialmente concebida para real\u00e7ar as suas embalagens durante a \u00e9poca festiva. Com os seus motivos inspirados no universo n\u00f3rdico \u2014 renas, flocos, pinheiros e s\u00edmbolos de inverno \u2014 proporciona imediatamente um ambiente acolhedor e festivo. O seu tom predominante <strong>vermelho, associado ao branco<\/strong>, evoca o esp\u00edrito de Natal e atrai naturalmente o olhar.  <\/p>\n<p data-start=\"425\" data-end=\"739\">Ideal para estabelecimentos comerciais, pastelarias ou mercearias finas, esta fita bolduc permite criar embalagens com forte impacto visual, perfeitamente adaptadas \u00e0s festas de fim de ano. Contribui para refor\u00e7ar a experi\u00eancia do cliente, conferindo um toque decorativo cuidado e envolvente. <\/p>\n<p data-start=\"741\" data-end=\"997\">Com uma <strong>largura de 10 mm<\/strong>, oferece um resultado equilibrado que valoriza os seus embrulhos sem os sobrecarregar. O seu <strong>comprimento de 225 metros<\/strong> torna-a uma solu\u00e7\u00e3o econ\u00f3mica e pr\u00e1tica para profissionais com um grande volume de embalamento durante a \u00e9poca. <\/p>\n<p data-start=\"999\" data-end=\"1299\">F\u00e1cil de manusear, esta <strong>fita bolduc<\/strong> corta-se de forma limpa, d\u00e1 n\u00f3s facilmente e pode ser frisada para adicionar volume e um acabamento mais elaborado. Adapta-se tanto a embalagens simples como a composi\u00e7\u00f5es mais complexas, permitindo-lhe personalizar as suas apresenta\u00e7\u00f5es conforme as suas necessidades. <\/p>\n<p data-start=\"1301\" data-end=\"1567\">\u00c9 o aliado ideal para criar embalagens atrativas e mergulhar os seus clientes no esp\u00edrito de Natal.<\/p>\n<p data-start=\"1319\" data-end=\"1651\"><!--more--><\/p>\n<h4 data-start=\"1319\" data-end=\"1651\">Vantagens :<\/h4>\n<ul>\n<li data-section-id=\"1elt0zf\" data-start=\"1617\" data-end=\"1684\"><strong>Motivos de inverno<\/strong> e festivos para um ambiente de Natal imediato<\/li>\n<li data-section-id=\"hq3hgj\" data-start=\"1685\" data-end=\"1743\">Cores vermelha e branca atrativas e tradicionais<\/li>\n<li data-section-id=\"192zprn\" data-start=\"1744\" data-end=\"1816\">Ideal para valorizar as embalagens durante as festas de fim de ano<\/li>\n<li data-section-id=\"148hfj2\" data-start=\"1817\" data-end=\"1883\"><strong>Comprimento de 225 metros<\/strong>, econ\u00f3mica para uso profissional<\/li>\n<li data-section-id=\"1srwifz\" data-start=\"1884\" data-end=\"1936\"><strong>Largura de 10 mm<\/strong> para um resultado visual harmonioso<\/li>\n<li data-section-id=\"ix2no\" data-start=\"1937\" data-end=\"2001\">F\u00e1cil de usar: corta-se, ata-se e frisa-se facilmente<\/li>\n<li data-section-id=\"122mhx4\" data-start=\"2002\" data-end=\"2091\">Adequada para diversos setores: com\u00e9rcio, pastelarias, mercearias finas, eventos<\/li>\n<li data-section-id=\"1m8qhyd\" data-start=\"2092\" data-end=\"2156\">Permite criar uma experi\u00eancia de cliente acolhedora e festiva<\/li>\n<\/ul>\n<p>&nbsp;<\/p>\n<p><!--more--><\/p>\n<h4>Outras informa\u00e7\u00f5es :<\/h4>\n<ul>\n<li><strong>Embalagem<\/strong>: Por unidade<\/li>\n<li><strong>Comprimento<\/strong>: 225 m<\/li>\n<li><strong>Largura<\/strong>: 10 mm<\/li>\n<li><strong>Cor<\/strong>: Vermelho \/ Branco<\/li>\n<li><strong>Material<\/strong>: Polipropileno<\/li>\n<\/ul>\n<p>&nbsp;<\/p>\n<p><!--more--><\/p>\n<p><a href=\"https:\/\/www.csj-emballages.com\/pt-pt\/categorie-produit\/embalagem-de-alimentos\/padaria-e-pastelaria\/acessorios-e-equipamentos\/acessorios-decorativos\/carreteis-bolduc\/fita-bolduc-laponia\/\">Consulte o resto da nossa gama de bolducs &#8220;Lap\u00f3nia&#8221;<\/a><\/p>\n","protected":false},"excerpt":{"rendered":"<p>Bolduc bord\u00f4 Descubra o nosso bolduc bord\u00f4 &#8220;\u00e9lias&#8221; 225 m x 10 mm<\/p>\n","protected":false},"featured_media":274980,"template":"","meta":{"_acf_changed":false},"product_brand":[],"product_cat":[1141,1177,3918,1796,1809,11621,1482,3922,1805,2126,11640],"product_tag":[],"class_list":{"0":"post-274996","1":"product","2":"type-product","3":"status-publish","4":"has-post-thumbnail","6":"product_cat-embalagem-de-alimentos","7":"product_cat-padaria-e-pastelaria","8":"product_cat-acessorios-e-equipamentos","9":"product_cat-acessorios-decorativos","10":"product_cat-carreteis-bolduc","11":"product_cat-fita-bolduc-laponia","12":"product_cat-loja-e-armazem","13":"product_cat-acessorios-e-equipamentos-pt-pt","14":"product_cat-acessorios-decorativos-pt-pt","15":"product_cat-carreteis-bolduc-pt-pt","18":"first","19":"instock","20":"taxable","21":"shipping-taxable","22":"purchasable","23":"product-type-simple"},"acf":[],"yoast_head":"<!-- This site is optimized with the Yoast SEO Premium plugin v26.6 (Yoast SEO v26.6) - https:\/\/yoast.com\/wordpress\/plugins\/seo\/ -->\n<title>Fita Bolduc Lap\u00f3nia Vermelha 10 mm x 225 m<\/title>\n<meta name=\"description\" content=\"Fita bolduc Lap\u00f3nia vermelha 10 mm x 225 m: fita de embalagem festiva com motivos de Natal. Perfeita para real\u00e7ar os seus embrulhos de fim de ano.\" \/>\n<meta name=\"robots\" content=\"index, follow, max-snippet:-1, max-image-preview:large, max-video-preview:-1\" \/>\n<link rel=\"canonical\" href=\"https:\/\/www.csj-emballages.com\/pt-pt\/produit\/fita-bolduc-laponia-vermelha-10-mm-x-225-m\/\" \/>\n<meta property=\"og:locale\" content=\"pt_PT\" \/>\n<meta property=\"og:type\" content=\"article\" \/>\n<meta property=\"og:title\" content=\"Fita bolduc Lap\u00f3nia vermelha 10 mm x 225 m\" \/>\n<meta property=\"og:description\" content=\"Fita bolduc Lap\u00f3nia vermelha 10 mm x 225 m: fita de embalagem festiva com motivos de Natal. Perfeita para real\u00e7ar os seus embrulhos de fim de ano.\" \/>\n<meta property=\"og:url\" content=\"https:\/\/www.csj-emballages.com\/pt-pt\/produit\/fita-bolduc-laponia-vermelha-10-mm-x-225-m\/\" \/>\n<meta property=\"og:site_name\" content=\"CSJ Emballages\" \/>\n<meta property=\"article:publisher\" content=\"https:\/\/www.facebook.com\/csjemballages\" \/>\n<meta property=\"article:modified_time\" content=\"2026-03-28T01:11:12+00:00\" \/>\n<meta property=\"og:image\" content=\"https:\/\/www.csj-emballages.com\/wp-content\/uploads\/2026\/02\/Laponie.webp\" \/>\n\t<meta property=\"og:image:width\" content=\"800\" \/>\n\t<meta property=\"og:image:height\" content=\"800\" \/>\n\t<meta property=\"og:image:type\" content=\"image\/webp\" \/>\n<meta name=\"twitter:card\" content=\"summary_large_image\" \/>\n<meta name=\"twitter:label1\" content=\"Tempo estimado de leitura\" \/>\n\t<meta name=\"twitter:data1\" content=\"2 minutos\" \/>\n<script type=\"application\/ld+json\" class=\"yoast-schema-graph\">{\"@context\":\"https:\/\/schema.org\",\"@graph\":[{\"@type\":\"WebPage\",\"@id\":\"https:\/\/www.csj-emballages.com\/pt-pt\/produit\/fita-bolduc-laponia-vermelha-10-mm-x-225-m\/\",\"url\":\"https:\/\/www.csj-emballages.com\/pt-pt\/produit\/fita-bolduc-laponia-vermelha-10-mm-x-225-m\/\",\"name\":\"Fita Bolduc Lap\u00f3nia Vermelha 10 mm x 225 m\",\"isPartOf\":{\"@id\":\"https:\/\/www.csj-emballages.com\/pt-pt\/#website\"},\"primaryImageOfPage\":{\"@id\":\"https:\/\/www.csj-emballages.com\/pt-pt\/produit\/fita-bolduc-laponia-vermelha-10-mm-x-225-m\/#primaryimage\"},\"image\":{\"@id\":\"https:\/\/www.csj-emballages.com\/pt-pt\/produit\/fita-bolduc-laponia-vermelha-10-mm-x-225-m\/#primaryimage\"},\"thumbnailUrl\":\"https:\/\/www.csj-emballages.com\/wp-content\/uploads\/2026\/02\/Laponie.webp\",\"datePublished\":\"2026-02-17T13:18:16+00:00\",\"dateModified\":\"2026-03-28T01:11:12+00:00\",\"description\":\"Fita bolduc Lap\u00f3nia vermelha 10 mm x 225 m: fita de embalagem festiva com motivos de Natal. Perfeita para real\u00e7ar os seus embrulhos de fim de ano.\",\"breadcrumb\":{\"@id\":\"https:\/\/www.csj-emballages.com\/pt-pt\/produit\/fita-bolduc-laponia-vermelha-10-mm-x-225-m\/#breadcrumb\"},\"inLanguage\":\"pt-PT\",\"potentialAction\":[{\"@type\":\"ReadAction\",\"target\":[\"https:\/\/www.csj-emballages.com\/pt-pt\/produit\/fita-bolduc-laponia-vermelha-10-mm-x-225-m\/\"]}]},{\"@type\":\"ImageObject\",\"inLanguage\":\"pt-PT\",\"@id\":\"https:\/\/www.csj-emballages.com\/pt-pt\/produit\/fita-bolduc-laponia-vermelha-10-mm-x-225-m\/#primaryimage\",\"url\":\"https:\/\/www.csj-emballages.com\/wp-content\/uploads\/2026\/02\/Laponie.webp\",\"contentUrl\":\"https:\/\/www.csj-emballages.com\/wp-content\/uploads\/2026\/02\/Laponie.webp\",\"width\":800,\"height\":800,\"caption\":\"Bolduc Laponie\"},{\"@type\":\"BreadcrumbList\",\"@id\":\"https:\/\/www.csj-emballages.com\/pt-pt\/produit\/fita-bolduc-laponia-vermelha-10-mm-x-225-m\/#breadcrumb\",\"itemListElement\":[{\"@type\":\"ListItem\",\"position\":1,\"name\":\"Acolhimento\",\"item\":\"https:\/\/www.csj-emballages.com\/pt-pt\/universo-das-embalagens-alimentares\/\"},{\"@type\":\"ListItem\",\"position\":2,\"name\":\"Shop\",\"item\":\"https:\/\/www.csj-emballages.com\/shop\/\"},{\"@type\":\"ListItem\",\"position\":3,\"name\":\"Fita bolduc Lap\u00f3nia vermelha 10 mm x 225 m\"}]},{\"@type\":\"WebSite\",\"@id\":\"https:\/\/www.csj-emballages.com\/pt-pt\/#website\",\"url\":\"https:\/\/www.csj-emballages.com\/pt-pt\/\",\"name\":\"CSJ Emballages\",\"description\":\"\",\"publisher\":{\"@id\":\"https:\/\/www.csj-emballages.com\/pt-pt\/#organization\"},\"potentialAction\":[{\"@type\":\"SearchAction\",\"target\":{\"@type\":\"EntryPoint\",\"urlTemplate\":\"https:\/\/www.csj-emballages.com\/pt-pt\/?s={search_term_string}\"},\"query-input\":{\"@type\":\"PropertyValueSpecification\",\"valueRequired\":true,\"valueName\":\"search_term_string\"}}],\"inLanguage\":\"pt-PT\"},{\"@type\":\"Organization\",\"@id\":\"https:\/\/www.csj-emballages.com\/pt-pt\/#Organization\/\",\"name\":\"CSJ Emballages\",\"url\":\"https:\/\/www.csj-emballages.com\/pt-pt\/\",\"logo\":{\"@type\":\"ImageObject\",\"inLanguage\":\"pt-PT\",\"@id\":\"https:\/\/www.csj-emballages.com\/pt-pt\/#\/schema\/logo\/image\/\",\"url\":\"https:\/\/www.csj-emballages.com\/wp-content\/uploads\/2023\/10\/logo_csj.webp\",\"contentUrl\":\"https:\/\/www.csj-emballages.com\/wp-content\/uploads\/2023\/10\/logo_csj.webp\",\"width\":250,\"height\":95,\"caption\":\"CSJ Emballages\"},\"image\":{\"@id\":\"https:\/\/www.csj-emballages.com\/pt-pt\/#\/schema\/logo\/image\/\"},\"sameAs\":[\"https:\/\/www.facebook.com\/csjemballages\"],\"address\":{\"@type\":\"PostalAddress\",\"streetAddress\":\"ZI La Lechere\",\"addressLocality\":\"Patornay\",\"postalCode\":\"39130\",\"addressCountry\":\"FR\"},\"contactPoint\":[{\"@type\":\"ContactPoint\",\"contactType\":\"Service client\",\"telephone\":\"0384254272\",\"email\":\"contact@csj-emballages.com\"}]}]}<\/script>\n<!-- \/ Yoast SEO Premium plugin. -->","yoast_head_json":{"title":"Fita Bolduc Lap\u00f3nia Vermelha 10 mm x 225 m","description":"Fita bolduc Lap\u00f3nia vermelha 10 mm x 225 m: fita de embalagem festiva com motivos de Natal. Perfeita para real\u00e7ar os seus embrulhos de fim de ano.","robots":{"index":"index","follow":"follow","max-snippet":"max-snippet:-1","max-image-preview":"max-image-preview:large","max-video-preview":"max-video-preview:-1"},"canonical":"https:\/\/www.csj-emballages.com\/pt-pt\/produit\/fita-bolduc-laponia-vermelha-10-mm-x-225-m\/","og_locale":"pt_PT","og_type":"article","og_title":"Fita bolduc Lap\u00f3nia vermelha 10 mm x 225 m","og_description":"Fita bolduc Lap\u00f3nia vermelha 10 mm x 225 m: fita de embalagem festiva com motivos de Natal. Perfeita para real\u00e7ar os seus embrulhos de fim de ano.","og_url":"https:\/\/www.csj-emballages.com\/pt-pt\/produit\/fita-bolduc-laponia-vermelha-10-mm-x-225-m\/","og_site_name":"CSJ Emballages","article_publisher":"https:\/\/www.facebook.com\/csjemballages","article_modified_time":"2026-03-28T01:11:12+00:00","og_image":[{"width":800,"height":800,"url":"https:\/\/www.csj-emballages.com\/wp-content\/uploads\/2026\/02\/Laponie.webp","type":"image\/webp"}],"twitter_card":"summary_large_image","twitter_misc":{"Tempo estimado de leitura":"2 minutos"},"schema":{"@context":"https:\/\/schema.org","@graph":[{"@type":"WebPage","@id":"https:\/\/www.csj-emballages.com\/pt-pt\/produit\/fita-bolduc-laponia-vermelha-10-mm-x-225-m\/","url":"https:\/\/www.csj-emballages.com\/pt-pt\/produit\/fita-bolduc-laponia-vermelha-10-mm-x-225-m\/","name":"Fita Bolduc Lap\u00f3nia Vermelha 10 mm x 225 m","isPartOf":{"@id":"https:\/\/www.csj-emballages.com\/pt-pt\/#website"},"primaryImageOfPage":{"@id":"https:\/\/www.csj-emballages.com\/pt-pt\/produit\/fita-bolduc-laponia-vermelha-10-mm-x-225-m\/#primaryimage"},"image":{"@id":"https:\/\/www.csj-emballages.com\/pt-pt\/produit\/fita-bolduc-laponia-vermelha-10-mm-x-225-m\/#primaryimage"},"thumbnailUrl":"https:\/\/www.csj-emballages.com\/wp-content\/uploads\/2026\/02\/Laponie.webp","datePublished":"2026-02-17T13:18:16+00:00","dateModified":"2026-03-28T01:11:12+00:00","description":"Fita bolduc Lap\u00f3nia vermelha 10 mm x 225 m: fita de embalagem festiva com motivos de Natal. Perfeita para real\u00e7ar os seus embrulhos de fim de ano.","breadcrumb":{"@id":"https:\/\/www.csj-emballages.com\/pt-pt\/produit\/fita-bolduc-laponia-vermelha-10-mm-x-225-m\/#breadcrumb"},"inLanguage":"pt-PT","potentialAction":[{"@type":"ReadAction","target":["https:\/\/www.csj-emballages.com\/pt-pt\/produit\/fita-bolduc-laponia-vermelha-10-mm-x-225-m\/"]}]},{"@type":"ImageObject","inLanguage":"pt-PT","@id":"https:\/\/www.csj-emballages.com\/pt-pt\/produit\/fita-bolduc-laponia-vermelha-10-mm-x-225-m\/#primaryimage","url":"https:\/\/www.csj-emballages.com\/wp-content\/uploads\/2026\/02\/Laponie.webp","contentUrl":"https:\/\/www.csj-emballages.com\/wp-content\/uploads\/2026\/02\/Laponie.webp","width":800,"height":800,"caption":"Bolduc Laponie"},{"@type":"BreadcrumbList","@id":"https:\/\/www.csj-emballages.com\/pt-pt\/produit\/fita-bolduc-laponia-vermelha-10-mm-x-225-m\/#breadcrumb","itemListElement":[{"@type":"ListItem","position":1,"name":"Acolhimento","item":"https:\/\/www.csj-emballages.com\/pt-pt\/universo-das-embalagens-alimentares\/"},{"@type":"ListItem","position":2,"name":"Shop","item":"https:\/\/www.csj-emballages.com\/shop\/"},{"@type":"ListItem","position":3,"name":"Fita bolduc Lap\u00f3nia vermelha 10 mm x 225 m"}]},{"@type":"WebSite","@id":"https:\/\/www.csj-emballages.com\/pt-pt\/#website","url":"https:\/\/www.csj-emballages.com\/pt-pt\/","name":"CSJ Emballages","description":"","publisher":{"@id":"https:\/\/www.csj-emballages.com\/pt-pt\/#organization"},"potentialAction":[{"@type":"SearchAction","target":{"@type":"EntryPoint","urlTemplate":"https:\/\/www.csj-emballages.com\/pt-pt\/?s={search_term_string}"},"query-input":{"@type":"PropertyValueSpecification","valueRequired":true,"valueName":"search_term_string"}}],"inLanguage":"pt-PT"},{"@type":"Organization","@id":"https:\/\/www.csj-emballages.com\/pt-pt\/#Organization\/","name":"CSJ Emballages","url":"https:\/\/www.csj-emballages.com\/pt-pt\/","logo":{"@type":"ImageObject","inLanguage":"pt-PT","@id":"https:\/\/www.csj-emballages.com\/pt-pt\/#\/schema\/logo\/image\/","url":"https:\/\/www.csj-emballages.com\/wp-content\/uploads\/2023\/10\/logo_csj.webp","contentUrl":"https:\/\/www.csj-emballages.com\/wp-content\/uploads\/2023\/10\/logo_csj.webp","width":250,"height":95,"caption":"CSJ Emballages"},"image":{"@id":"https:\/\/www.csj-emballages.com\/pt-pt\/#\/schema\/logo\/image\/"},"sameAs":["https:\/\/www.facebook.com\/csjemballages"],"address":{"@type":"PostalAddress","streetAddress":"ZI La Lechere","addressLocality":"Patornay","postalCode":"39130","addressCountry":"FR"},"contactPoint":[{"@type":"ContactPoint","contactType":"Service client","telephone":"0384254272","email":"contact@csj-emballages.com"}]}]}},"df_price":7.55,"df_sale_price":"","df_regular_price":7.55,"df_image_link":"https:\/\/www.csj-emballages.com\/wp-content\/uploads\/2026\/02\/Laponie-300x300.webp","tiered_pricing_type":"fixed","tiered_pricing_fixed_rules":[],"tiered_pricing_percentage_rules":[],"tiered_pricing_minimum":1,"tiered_pricing_roles_data":[],"_links":{"self":[{"href":"https:\/\/www.csj-emballages.com\/pt-pt\/wp-json\/wp\/v2\/product\/274996","targetHints":{"allow":["GET"]}}],"collection":[{"href":"https:\/\/www.csj-emballages.com\/pt-pt\/wp-json\/wp\/v2\/product"}],"about":[{"href":"https:\/\/www.csj-emballages.com\/pt-pt\/wp-json\/wp\/v2\/types\/product"}],"wp:featuredmedia":[{"embeddable":true,"href":"https:\/\/www.csj-emballages.com\/pt-pt\/wp-json\/wp\/v2\/media\/274980"}],"wp:attachment":[{"href":"https:\/\/www.csj-emballages.com\/pt-pt\/wp-json\/wp\/v2\/media?parent=274996"}],"wp:term":[{"taxonomy":"product_brand","embeddable":true,"href":"https:\/\/www.csj-emballages.com\/pt-pt\/wp-json\/wp\/v2\/product_brand?post=274996"},{"taxonomy":"product_cat","embeddable":true,"href":"https:\/\/www.csj-emballages.com\/pt-pt\/wp-json\/wp\/v2\/product_cat?post=274996"},{"taxonomy":"product_tag","embeddable":true,"href":"https:\/\/www.csj-emballages.com\/pt-pt\/wp-json\/wp\/v2\/product_tag?post=274996"}],"curies":[{"name":"wp","href":"https:\/\/api.w.org\/{rel}","templated":true}]}}