{"id":273798,"date":"2026-03-13T16:18:16","date_gmt":"2026-03-13T15:18:16","guid":{"rendered":"https:\/\/www.csj-emballages.com\/produit\/cafe-em-grao-las-vegas-70-arabica-30-robusta-de-1-kg\/"},"modified":"2026-04-29T02:10:55","modified_gmt":"2026-04-29T00:10:55","slug":"cafe-em-grao-las-vegas-70-arabica-30-robusta-de-1-kg","status":"publish","type":"product","link":"https:\/\/www.csj-emballages.com\/pt-pt\/produit\/cafe-em-grao-las-vegas-70-arabica-30-robusta-de-1-kg\/","title":{"rendered":"Caf\u00e9 em gr\u00e3o Las Vegas 70% ar\u00e1bica \/ 30% robusta de 1 kg"},"content":{"rendered":"<h2>Caf\u00e9 em gr\u00e3o<\/h2>\n<hr>\n<h3>Descubra o nosso caf\u00e9 em gr\u00e3o Las Vegas 70% ar\u00e1bica \/ 30% robusta de 1 kg<\/h3>\n<p><!--more--><\/p>\n<p data-start=\"211\" data-end=\"488\">O caf\u00e9 em gr\u00e3o <strong data-start=\"229\" data-end=\"270\">Las Vegas 70% Ar\u00e1bica \/ 30% Robusta<\/strong> oferece um equil\u00edbrio harmonioso entre suavidade arom\u00e1tica e intensidade. Esta mistura cuidadosamente elaborada associa a fineza dos <strong>gr\u00e3os de Ar\u00e1bica \u00e0 pot\u00eancia do Robusta<\/strong> para criar um caf\u00e9 rico em sabor e car\u00e1cter. <\/p>\n<p data-start=\"490\" data-end=\"794\">Os <strong>gr\u00e3os Ar\u00e1bica<\/strong> conferem notas arom\u00e1ticas subtis e uma excelente redondez na boca, enquanto o <strong>Robusta<\/strong> refor\u00e7a a estrutura do caf\u00e9 e desenvolve um creme generoso, particularmente apreciado nos expressos. Este lote garante assim uma ch\u00e1vena equilibrada, simultaneamente perfumada e encorpada. <\/p>\n<p data-start=\"796\" data-end=\"1088\">Acondicionado em saco de <strong data-start=\"818\" data-end=\"826\">1 kg<\/strong>, \u00e9 ideal para profissionais da restaura\u00e7\u00e3o, escrit\u00f3rios ou para os apreciadores de caf\u00e9 que privilegiam a frescura de um caf\u00e9 acabado de moer. Adapta-se perfeitamente a m\u00e1quinas de caf\u00e9 autom\u00e1ticas, moinhos e m\u00e1quinas de expresso. <\/p>\n<p data-start=\"1090\" data-end=\"1511\">Gra\u00e7as ao seu perfil arom\u00e1tico equilibrado, o <strong>caf\u00e9 Las Vegas<\/strong> acompanha tanto as pausas para caf\u00e9 quotidianas como os momentos de degusta\u00e7\u00e3o mais intensos. A sua torra cuidadosamente controlada permite revelar toda a riqueza dos aromas e oferecer uma ch\u00e1vena constante e saborosa. Cada prepara\u00e7\u00e3o liberta um aroma agrad\u00e1vel que convida \u00e0 degusta\u00e7\u00e3o e torna cada pausa para caf\u00e9 ainda mais apreci\u00e1vel.  <\/p>\n<p data-start=\"1090\" data-end=\"1511\">\n<p data-start=\"1090\" data-end=\"1511\"><!--more--><\/p>\n<p data-start=\"1090\" data-end=\"1511\"><span style=\"color: #ff0000;\"><b>*Compat\u00edveis com as m\u00e1quinas NESCAFE &amp; DOLCE GUSTO.<\/b><\/span><\/p>\n<p data-start=\"1090\" data-end=\"1511\">\n<p data-start=\"1074\" data-end=\"1229\"><!--more--><\/p>\n<h4 data-start=\"1074\" data-end=\"1229\">Vantagens :<\/h4>\n<ul>\n<li data-start=\"1266\" data-end=\"1317\">Lote equilibrado <strong data-start=\"1284\" data-end=\"1315\">70% Ar\u00e1bica \/ 30% Robusta<\/strong><\/li>\n<li data-start=\"1320\" data-end=\"1349\">Aromas ricos e sabor encorpado<\/li>\n<li data-start=\"1352\" data-end=\"1388\">Excelente creme ideal para o expresso<\/li>\n<li data-start=\"1391\" data-end=\"1435\">Gr\u00e3os inteiros para uma frescura ideal<\/li>\n<li data-start=\"1438\" data-end=\"1477\">Adaptado a m\u00e1quinas de caf\u00e9 e moinhos<\/li>\n<li data-start=\"1480\" data-end=\"1526\">Formato de <strong data-start=\"1487\" data-end=\"1495\">1 kg<\/strong> pr\u00e1tico para uso regular<\/li>\n<li data-start=\"1529\" data-end=\"1576\">Ideal para profissionais e apreciadores de caf\u00e9.<\/li>\n<\/ul>\n<p>&nbsp;<\/p>\n<p><!--more--><\/p>\n<h4>Outras informa\u00e7\u00f5es :<\/h4>\n<ul>\n<li><strong>Embalagem<\/strong>: Pacote de 1kg<\/li>\n<li><strong>Composi\u00e7\u00e3o<\/strong>: 70% ar\u00e1bica \/ 30% robusta<\/li>\n<\/ul>\n<p>&nbsp;<\/p>\n<p><!--more--><\/p>\n<p>Encontre aqui todos os nossos caf\u00e9s em gr\u00e3o: <span style=\"color: #d12727;\"><a style=\"color: #d12727;\" href=\"https:\/\/www.csj-emballages.com\/es\/produit\/cafe-en-grano-chavena-65-arabica-35-robusta-en-1-kg\/\">Caf\u00e9 Chavena<\/a><\/span> \/ <span style=\"color: #d12727;\"><a style=\"color: #d12727;\" href=\"https:\/\/www.csj-emballages.com\/es\/produit\/cafe-en-grano-selecao-68-arabica-32-robusta-en-1-kg\/\">Caf\u00e9 Sele\u00e7\u00e3o<\/a><\/span><\/p>\n<p>&nbsp;<\/p>\n<p><!--more--><\/p>\n<p><a href=\"https:\/\/www.csj-emballages.com\/pt-pt\/categorie-produit\/alimentacao-pt-pt\/cafes-em-grao\/\">Consulte o resto da nossa gama de caf\u00e9s em gr\u00e3o<\/a><\/p>\n","protected":false},"excerpt":{"rendered":"<p>Caf\u00e9 em gr\u00e3o Descubra o nosso caf\u00e9 em gr\u00e3o Las Vegas 70% ar\u00e1bica \/ 30% robusta de 1 kg<\/p>\n","protected":false},"featured_media":273789,"template":"","meta":{"_acf_changed":false},"product_brand":[],"product_cat":[1151,11606],"product_tag":[],"class_list":{"0":"post-273798","1":"product","2":"type-product","3":"status-publish","4":"has-post-thumbnail","6":"product_cat-alimentacao-pt-pt","7":"product_cat-cafes-em-grao","9":"first","10":"instock","11":"featured","12":"taxable","13":"shipping-taxable","14":"purchasable","15":"product-type-simple"},"acf":[],"yoast_head":"<!-- This site is optimized with the Yoast SEO Premium plugin v26.6 (Yoast SEO v26.6) - https:\/\/yoast.com\/wordpress\/plugins\/seo\/ -->\n<title>Caf\u00e9 em Gr\u00e3o Las Vegas 70% Ar\u00e1bica \/ 30% Robusta em 1 kg<\/title>\n<meta name=\"description\" content=\"Caf\u00e9 em gr\u00e3o Las Vegas 70% Ar\u00e1bica \/ 30% Robusta em 1 kg. Mistura equilibrada, aromas ricos e creme perfeito para expresso. Ideal para m\u00e1quinas de caf\u00e9.\" \/>\n<meta name=\"robots\" content=\"index, follow, max-snippet:-1, max-image-preview:large, max-video-preview:-1\" \/>\n<link rel=\"canonical\" href=\"https:\/\/www.csj-emballages.com\/pt-pt\/produit\/cafe-em-grao-las-vegas-70-arabica-30-robusta-de-1-kg\/\" \/>\n<meta property=\"og:locale\" content=\"pt_PT\" \/>\n<meta property=\"og:type\" content=\"article\" \/>\n<meta property=\"og:title\" content=\"Caf\u00e9 em gr\u00e3o Las Vegas 70% ar\u00e1bica \/ 30% robusta de 1 kg\" \/>\n<meta property=\"og:description\" content=\"Caf\u00e9 em gr\u00e3o Las Vegas 70% Ar\u00e1bica \/ 30% Robusta em 1 kg. Mistura equilibrada, aromas ricos e creme perfeito para expresso. Ideal para m\u00e1quinas de caf\u00e9.\" \/>\n<meta property=\"og:url\" content=\"https:\/\/www.csj-emballages.com\/pt-pt\/produit\/cafe-em-grao-las-vegas-70-arabica-30-robusta-de-1-kg\/\" \/>\n<meta property=\"og:site_name\" content=\"CSJ Emballages\" \/>\n<meta property=\"article:publisher\" content=\"https:\/\/www.facebook.com\/csjemballages\" \/>\n<meta property=\"article:modified_time\" content=\"2026-04-29T00:10:55+00:00\" \/>\n<meta property=\"og:image\" content=\"https:\/\/www.csj-emballages.com\/wp-content\/uploads\/2026\/03\/13001.webp\" \/>\n\t<meta property=\"og:image:width\" content=\"800\" \/>\n\t<meta property=\"og:image:height\" content=\"800\" \/>\n\t<meta property=\"og:image:type\" content=\"image\/webp\" \/>\n<meta name=\"twitter:card\" content=\"summary_large_image\" \/>\n<meta name=\"twitter:label1\" content=\"Tempo estimado de leitura\" \/>\n\t<meta name=\"twitter:data1\" content=\"2 minutos\" \/>\n<script type=\"application\/ld+json\" class=\"yoast-schema-graph\">{\"@context\":\"https:\/\/schema.org\",\"@graph\":[{\"@type\":\"WebPage\",\"@id\":\"https:\/\/www.csj-emballages.com\/pt-pt\/produit\/cafe-em-grao-las-vegas-70-arabica-30-robusta-de-1-kg\/\",\"url\":\"https:\/\/www.csj-emballages.com\/pt-pt\/produit\/cafe-em-grao-las-vegas-70-arabica-30-robusta-de-1-kg\/\",\"name\":\"Caf\u00e9 em Gr\u00e3o Las Vegas 70% Ar\u00e1bica \/ 30% Robusta em 1 kg\",\"isPartOf\":{\"@id\":\"https:\/\/www.csj-emballages.com\/pt-pt\/#website\"},\"primaryImageOfPage\":{\"@id\":\"https:\/\/www.csj-emballages.com\/pt-pt\/produit\/cafe-em-grao-las-vegas-70-arabica-30-robusta-de-1-kg\/#primaryimage\"},\"image\":{\"@id\":\"https:\/\/www.csj-emballages.com\/pt-pt\/produit\/cafe-em-grao-las-vegas-70-arabica-30-robusta-de-1-kg\/#primaryimage\"},\"thumbnailUrl\":\"https:\/\/www.csj-emballages.com\/wp-content\/uploads\/2026\/03\/13001.webp\",\"datePublished\":\"2026-03-13T15:18:16+00:00\",\"dateModified\":\"2026-04-29T00:10:55+00:00\",\"description\":\"Caf\u00e9 em gr\u00e3o Las Vegas 70% Ar\u00e1bica \/ 30% Robusta em 1 kg. Mistura equilibrada, aromas ricos e creme perfeito para expresso. Ideal para m\u00e1quinas de caf\u00e9.\",\"breadcrumb\":{\"@id\":\"https:\/\/www.csj-emballages.com\/pt-pt\/produit\/cafe-em-grao-las-vegas-70-arabica-30-robusta-de-1-kg\/#breadcrumb\"},\"inLanguage\":\"pt-PT\",\"potentialAction\":[{\"@type\":\"ReadAction\",\"target\":[\"https:\/\/www.csj-emballages.com\/pt-pt\/produit\/cafe-em-grao-las-vegas-70-arabica-30-robusta-de-1-kg\/\"]}]},{\"@type\":\"ImageObject\",\"inLanguage\":\"pt-PT\",\"@id\":\"https:\/\/www.csj-emballages.com\/pt-pt\/produit\/cafe-em-grao-las-vegas-70-arabica-30-robusta-de-1-kg\/#primaryimage\",\"url\":\"https:\/\/www.csj-emballages.com\/wp-content\/uploads\/2026\/03\/13001.webp\",\"contentUrl\":\"https:\/\/www.csj-emballages.com\/wp-content\/uploads\/2026\/03\/13001.webp\",\"width\":800,\"height\":800,\"caption\":\"Caf\u00e9 en grains\"},{\"@type\":\"BreadcrumbList\",\"@id\":\"https:\/\/www.csj-emballages.com\/pt-pt\/produit\/cafe-em-grao-las-vegas-70-arabica-30-robusta-de-1-kg\/#breadcrumb\",\"itemListElement\":[{\"@type\":\"ListItem\",\"position\":1,\"name\":\"Acolhimento\",\"item\":\"https:\/\/www.csj-emballages.com\/pt-pt\/universo-das-embalagens-alimentares\/\"},{\"@type\":\"ListItem\",\"position\":2,\"name\":\"Shop\",\"item\":\"https:\/\/www.csj-emballages.com\/shop\/\"},{\"@type\":\"ListItem\",\"position\":3,\"name\":\"Caf\u00e9 em gr\u00e3o Las Vegas 70% ar\u00e1bica \/ 30% robusta de 1 kg\"}]},{\"@type\":\"WebSite\",\"@id\":\"https:\/\/www.csj-emballages.com\/pt-pt\/#website\",\"url\":\"https:\/\/www.csj-emballages.com\/pt-pt\/\",\"name\":\"CSJ Emballages\",\"description\":\"\",\"publisher\":{\"@id\":\"https:\/\/www.csj-emballages.com\/pt-pt\/#organization\"},\"potentialAction\":[{\"@type\":\"SearchAction\",\"target\":{\"@type\":\"EntryPoint\",\"urlTemplate\":\"https:\/\/www.csj-emballages.com\/pt-pt\/?s={search_term_string}\"},\"query-input\":{\"@type\":\"PropertyValueSpecification\",\"valueRequired\":true,\"valueName\":\"search_term_string\"}}],\"inLanguage\":\"pt-PT\"},{\"@type\":\"Organization\",\"@id\":\"https:\/\/www.csj-emballages.com\/pt-pt\/#Organization\/\",\"name\":\"CSJ Emballages\",\"url\":\"https:\/\/www.csj-emballages.com\/pt-pt\/\",\"logo\":{\"@type\":\"ImageObject\",\"inLanguage\":\"pt-PT\",\"@id\":\"https:\/\/www.csj-emballages.com\/pt-pt\/#\/schema\/logo\/image\/\",\"url\":\"https:\/\/www.csj-emballages.com\/wp-content\/uploads\/2023\/10\/logo_csj.webp\",\"contentUrl\":\"https:\/\/www.csj-emballages.com\/wp-content\/uploads\/2023\/10\/logo_csj.webp\",\"width\":250,\"height\":95,\"caption\":\"CSJ Emballages\"},\"image\":{\"@id\":\"https:\/\/www.csj-emballages.com\/pt-pt\/#\/schema\/logo\/image\/\"},\"sameAs\":[\"https:\/\/www.facebook.com\/csjemballages\"],\"address\":{\"@type\":\"PostalAddress\",\"streetAddress\":\"ZI La Lechere\",\"addressLocality\":\"Patornay\",\"postalCode\":\"39130\",\"addressCountry\":\"FR\"},\"contactPoint\":[{\"@type\":\"ContactPoint\",\"contactType\":\"Service client\",\"telephone\":\"0384254272\",\"email\":\"contact@csj-emballages.com\"}]}]}<\/script>\n<!-- \/ Yoast SEO Premium plugin. -->","yoast_head_json":{"title":"Caf\u00e9 em Gr\u00e3o Las Vegas 70% Ar\u00e1bica \/ 30% Robusta em 1 kg","description":"Caf\u00e9 em gr\u00e3o Las Vegas 70% Ar\u00e1bica \/ 30% Robusta em 1 kg. Mistura equilibrada, aromas ricos e creme perfeito para expresso. Ideal para m\u00e1quinas de caf\u00e9.","robots":{"index":"index","follow":"follow","max-snippet":"max-snippet:-1","max-image-preview":"max-image-preview:large","max-video-preview":"max-video-preview:-1"},"canonical":"https:\/\/www.csj-emballages.com\/pt-pt\/produit\/cafe-em-grao-las-vegas-70-arabica-30-robusta-de-1-kg\/","og_locale":"pt_PT","og_type":"article","og_title":"Caf\u00e9 em gr\u00e3o Las Vegas 70% ar\u00e1bica \/ 30% robusta de 1 kg","og_description":"Caf\u00e9 em gr\u00e3o Las Vegas 70% Ar\u00e1bica \/ 30% Robusta em 1 kg. Mistura equilibrada, aromas ricos e creme perfeito para expresso. Ideal para m\u00e1quinas de caf\u00e9.","og_url":"https:\/\/www.csj-emballages.com\/pt-pt\/produit\/cafe-em-grao-las-vegas-70-arabica-30-robusta-de-1-kg\/","og_site_name":"CSJ Emballages","article_publisher":"https:\/\/www.facebook.com\/csjemballages","article_modified_time":"2026-04-29T00:10:55+00:00","og_image":[{"width":800,"height":800,"url":"https:\/\/www.csj-emballages.com\/wp-content\/uploads\/2026\/03\/13001.webp","type":"image\/webp"}],"twitter_card":"summary_large_image","twitter_misc":{"Tempo estimado de leitura":"2 minutos"},"schema":{"@context":"https:\/\/schema.org","@graph":[{"@type":"WebPage","@id":"https:\/\/www.csj-emballages.com\/pt-pt\/produit\/cafe-em-grao-las-vegas-70-arabica-30-robusta-de-1-kg\/","url":"https:\/\/www.csj-emballages.com\/pt-pt\/produit\/cafe-em-grao-las-vegas-70-arabica-30-robusta-de-1-kg\/","name":"Caf\u00e9 em Gr\u00e3o Las Vegas 70% Ar\u00e1bica \/ 30% Robusta em 1 kg","isPartOf":{"@id":"https:\/\/www.csj-emballages.com\/pt-pt\/#website"},"primaryImageOfPage":{"@id":"https:\/\/www.csj-emballages.com\/pt-pt\/produit\/cafe-em-grao-las-vegas-70-arabica-30-robusta-de-1-kg\/#primaryimage"},"image":{"@id":"https:\/\/www.csj-emballages.com\/pt-pt\/produit\/cafe-em-grao-las-vegas-70-arabica-30-robusta-de-1-kg\/#primaryimage"},"thumbnailUrl":"https:\/\/www.csj-emballages.com\/wp-content\/uploads\/2026\/03\/13001.webp","datePublished":"2026-03-13T15:18:16+00:00","dateModified":"2026-04-29T00:10:55+00:00","description":"Caf\u00e9 em gr\u00e3o Las Vegas 70% Ar\u00e1bica \/ 30% Robusta em 1 kg. Mistura equilibrada, aromas ricos e creme perfeito para expresso. Ideal para m\u00e1quinas de caf\u00e9.","breadcrumb":{"@id":"https:\/\/www.csj-emballages.com\/pt-pt\/produit\/cafe-em-grao-las-vegas-70-arabica-30-robusta-de-1-kg\/#breadcrumb"},"inLanguage":"pt-PT","potentialAction":[{"@type":"ReadAction","target":["https:\/\/www.csj-emballages.com\/pt-pt\/produit\/cafe-em-grao-las-vegas-70-arabica-30-robusta-de-1-kg\/"]}]},{"@type":"ImageObject","inLanguage":"pt-PT","@id":"https:\/\/www.csj-emballages.com\/pt-pt\/produit\/cafe-em-grao-las-vegas-70-arabica-30-robusta-de-1-kg\/#primaryimage","url":"https:\/\/www.csj-emballages.com\/wp-content\/uploads\/2026\/03\/13001.webp","contentUrl":"https:\/\/www.csj-emballages.com\/wp-content\/uploads\/2026\/03\/13001.webp","width":800,"height":800,"caption":"Caf\u00e9 en grains"},{"@type":"BreadcrumbList","@id":"https:\/\/www.csj-emballages.com\/pt-pt\/produit\/cafe-em-grao-las-vegas-70-arabica-30-robusta-de-1-kg\/#breadcrumb","itemListElement":[{"@type":"ListItem","position":1,"name":"Acolhimento","item":"https:\/\/www.csj-emballages.com\/pt-pt\/universo-das-embalagens-alimentares\/"},{"@type":"ListItem","position":2,"name":"Shop","item":"https:\/\/www.csj-emballages.com\/shop\/"},{"@type":"ListItem","position":3,"name":"Caf\u00e9 em gr\u00e3o Las Vegas 70% ar\u00e1bica \/ 30% robusta de 1 kg"}]},{"@type":"WebSite","@id":"https:\/\/www.csj-emballages.com\/pt-pt\/#website","url":"https:\/\/www.csj-emballages.com\/pt-pt\/","name":"CSJ Emballages","description":"","publisher":{"@id":"https:\/\/www.csj-emballages.com\/pt-pt\/#organization"},"potentialAction":[{"@type":"SearchAction","target":{"@type":"EntryPoint","urlTemplate":"https:\/\/www.csj-emballages.com\/pt-pt\/?s={search_term_string}"},"query-input":{"@type":"PropertyValueSpecification","valueRequired":true,"valueName":"search_term_string"}}],"inLanguage":"pt-PT"},{"@type":"Organization","@id":"https:\/\/www.csj-emballages.com\/pt-pt\/#Organization\/","name":"CSJ Emballages","url":"https:\/\/www.csj-emballages.com\/pt-pt\/","logo":{"@type":"ImageObject","inLanguage":"pt-PT","@id":"https:\/\/www.csj-emballages.com\/pt-pt\/#\/schema\/logo\/image\/","url":"https:\/\/www.csj-emballages.com\/wp-content\/uploads\/2023\/10\/logo_csj.webp","contentUrl":"https:\/\/www.csj-emballages.com\/wp-content\/uploads\/2023\/10\/logo_csj.webp","width":250,"height":95,"caption":"CSJ Emballages"},"image":{"@id":"https:\/\/www.csj-emballages.com\/pt-pt\/#\/schema\/logo\/image\/"},"sameAs":["https:\/\/www.facebook.com\/csjemballages"],"address":{"@type":"PostalAddress","streetAddress":"ZI La Lechere","addressLocality":"Patornay","postalCode":"39130","addressCountry":"FR"},"contactPoint":[{"@type":"ContactPoint","contactType":"Service client","telephone":"0384254272","email":"contact@csj-emballages.com"}]}]}},"df_price":14.32,"df_sale_price":"","df_regular_price":14.32,"df_image_link":"https:\/\/www.csj-emballages.com\/wp-content\/uploads\/2026\/03\/13001-300x300.webp","tiered_pricing_type":"fixed","tiered_pricing_fixed_rules":[],"tiered_pricing_percentage_rules":[],"tiered_pricing_minimum":1,"tiered_pricing_roles_data":[],"_links":{"self":[{"href":"https:\/\/www.csj-emballages.com\/pt-pt\/wp-json\/wp\/v2\/product\/273798","targetHints":{"allow":["GET"]}}],"collection":[{"href":"https:\/\/www.csj-emballages.com\/pt-pt\/wp-json\/wp\/v2\/product"}],"about":[{"href":"https:\/\/www.csj-emballages.com\/pt-pt\/wp-json\/wp\/v2\/types\/product"}],"wp:featuredmedia":[{"embeddable":true,"href":"https:\/\/www.csj-emballages.com\/pt-pt\/wp-json\/wp\/v2\/media\/273789"}],"wp:attachment":[{"href":"https:\/\/www.csj-emballages.com\/pt-pt\/wp-json\/wp\/v2\/media?parent=273798"}],"wp:term":[{"taxonomy":"product_brand","embeddable":true,"href":"https:\/\/www.csj-emballages.com\/pt-pt\/wp-json\/wp\/v2\/product_brand?post=273798"},{"taxonomy":"product_cat","embeddable":true,"href":"https:\/\/www.csj-emballages.com\/pt-pt\/wp-json\/wp\/v2\/product_cat?post=273798"},{"taxonomy":"product_tag","embeddable":true,"href":"https:\/\/www.csj-emballages.com\/pt-pt\/wp-json\/wp\/v2\/product_tag?post=273798"}],"curies":[{"name":"wp","href":"https:\/\/api.w.org\/{rel}","templated":true}]}}