{"id":273373,"date":"2026-03-02T14:18:23","date_gmt":"2026-03-02T13:18:23","guid":{"rendered":"https:\/\/www.csj-emballages.com\/produit\/caixa-micro-ondavel-tampa-injetada-plastico-pp-750-ml-pack-50\/"},"modified":"2026-04-29T02:15:29","modified_gmt":"2026-04-29T00:15:29","slug":"caixa-micro-ondavel-tampa-injetada-plastico-pp-750-ml-pack-50","status":"publish","type":"product","link":"https:\/\/www.csj-emballages.com\/pt-pt\/produit\/caixa-micro-ondavel-tampa-injetada-plastico-pp-750-ml-pack-50\/","title":{"rendered":"Caixa micro-ond\u00e1vel + tampa injetada pl\u00e1stico PP 750 ml, pack 50"},"content":{"rendered":"<h2>Caixa para micro-ondas<\/h2>\n<hr>\n<h3>Caixa micro-ond\u00e1vel + tampa injetada pl\u00e1stico PP 750 ml, pack 50<\/h3>\n<p><!--more--><\/p>\n<p data-start=\"198\" data-end=\"512\">A <strong>caixa micro-ond\u00e1vel 750 ml<\/strong> com <strong>tampa injetada em pl\u00e1stico PP<\/strong> \u00e9 uma excelente solu\u00e7\u00e3o para o acondicionamento, aquecimento e transporte de refei\u00e7\u00f5es. Concebida para profissionais de restaura\u00e7\u00e3o, catering e take-away, permite conservar e reaquecer facilmente as prepara\u00e7\u00f5es. <\/p>\n<p data-start=\"514\" data-end=\"843\">Gra\u00e7as \u00e0 sua capacidade de <strong>750 ml<\/strong>, \u00e9 ideal para <strong>por\u00e7\u00f5es individuais<\/strong> como pratos preparados, <strong>paelha, massas, arroz, legumes ou acompanhamentos<\/strong>. A sua composi\u00e7\u00e3o em <strong>polipropileno (PP)<\/strong> confere-lhe uma excelente resist\u00eancia ao calor, permitindo <strong>reaquecer os alimentos diretamente no micro-ondas<\/strong>. <\/p>\n<p data-start=\"845\" data-end=\"1109\">Al\u00e9m disso, a <strong>tampa injetada<\/strong> garante um fecho eficaz e protege as prepara\u00e7\u00f5es durante o transporte. A sua <strong>transpar\u00eancia<\/strong> permite tamb\u00e9m identificar rapidamente o conte\u00fado, facilitando a organiza\u00e7\u00e3o na cozinha, na vitrina ou na prepara\u00e7\u00e3o das encomendas. <\/p>\n<p data-start=\"1111\" data-end=\"1340\">Em resumo, robusta e leve, esta <strong>caixa<\/strong> \u00e9 ideal para take-away, <strong>click &amp; collect<\/strong> ou servi\u00e7os de catering. Embalada em lote de <strong>50 unidades<\/strong>, representa uma solu\u00e7\u00e3o econ\u00f3mica e funcional para profissionais. <\/p>\n<p data-start=\"1111\" data-end=\"1340\"><!--more--><\/p>\n<p data-start=\"1111\" data-end=\"1340\"><strong><span style=\"color: #ff0000;\">*As tampas est\u00e3o inclu\u00eddas com estas barquetas<\/span><\/strong><\/p>\n<p data-start=\"1111\" data-end=\"1340\"><!--more--><\/p>\n<h4 data-start=\"1111\" data-end=\"1340\">Vantagens :<\/h4>\n<ul>\n<li data-start=\"1377\" data-end=\"1431\"><strong>Capacidade 750 ml<\/strong> adequada a por\u00e7\u00f5es individuais<\/li>\n<li data-start=\"1434\" data-end=\"1471\">Pl\u00e1stico PP resistente ao calor<\/li>\n<li data-start=\"1474\" data-end=\"1498\">Compat\u00edvel com <strong>micro-ondas<\/strong><\/li>\n<li data-start=\"1501\" data-end=\"1546\">Tampa injetada inclu\u00edda para um fecho fi\u00e1vel<\/li>\n<li data-start=\"1581\" data-end=\"1637\">Ideal para pratos confecionados, saladas e acompanhamentos<\/li>\n<li data-start=\"1640\" data-end=\"1688\">Adequada para take-away e catering<\/li>\n<li data-start=\"1691\" data-end=\"1724\">Embalagem pr\u00e1tica de <strong>50<\/strong><\/li>\n<\/ul>\n<p>&nbsp;<\/p>\n<p><!--more--><\/p>\n<h4>Outras informa\u00e7\u00f5es :<\/h4>\n<ul>\n<li><strong>Embalagem<\/strong>: Pacote de 50<\/li>\n<li><strong>Dimens\u00f5es<\/strong>: 174 x 118 (C x L em mm)<\/li>\n<li><strong>Altura<\/strong>: 55 mm<\/li>\n<li><strong>Volume<\/strong>: 750 ml<\/li>\n<li><strong>Material<\/strong>: PP<\/li>\n<li><strong>Cor<\/strong>: Incolor<\/li>\n<li><strong>Temperatura de funcionamento<\/strong>: -20\u00b0C \/ +120\u00b0C<\/li>\n<\/ul>\n<p>&nbsp;<\/p>\n<p><!--more--><\/p>\n<p>Estas caixas e tampas micro-ond\u00e1veis est\u00e3o dispon\u00edveis em diferentes tamanhos: 500 ml \/ 650 ml \/ 1000 ml \/ 1500 ml \/<\/p>\n<p>&nbsp;<\/p>\n<p><!--more--><\/p>\n<p><a href=\"https:\/\/www.csj-emballages.com\/pt-pt\/categorie-produit\/embalagem-de-alimentos\/talho-e-charcutaria\/tabuleiros-latas-e-frascos\/tabuleiros-latas-frascos-para-alimentos\/tabuleiros-para-micro-ondas-com-tampa\/\">Consulte o resto da nossa gama de embalagens micro-ondas com tampa<\/a><\/p>\n","protected":false},"excerpt":{"rendered":"<p>Caixa para micro-ondas Caixa micro-ond\u00e1vel + tampa injetada pl\u00e1stico PP 750 ml, pack 50<\/p>\n","protected":false},"featured_media":273367,"template":"","meta":{"_acf_changed":false},"product_brand":[],"product_cat":[1141,1176,2289,1525,2169],"product_tag":[],"class_list":{"0":"post-273373","1":"product","2":"type-product","3":"status-publish","4":"has-post-thumbnail","6":"product_cat-embalagem-de-alimentos","7":"product_cat-talho-e-charcutaria","8":"product_cat-tabuleiros-latas-e-frascos","9":"product_cat-tabuleiros-latas-frascos-para-alimentos","10":"product_cat-tabuleiros-para-micro-ondas-com-tampa","12":"first","13":"instock","14":"taxable","15":"shipping-taxable","16":"purchasable","17":"product-type-simple"},"acf":[],"yoast_head":"<!-- This site is optimized with the Yoast SEO Premium plugin v26.6 (Yoast SEO v26.6) - https:\/\/yoast.com\/wordpress\/plugins\/seo\/ -->\n<title>Caixa Micro-Ond\u00e1vel + Tampa Pl\u00e1stico PP 750 ml, pack 50<\/title>\n<meta name=\"description\" content=\"Caixa micro-ond\u00e1vel 750 ml em pl\u00e1stico PP com tampa, pack 50. Ideal para take-away, resistente ao calor e pr\u00e1tica para reaquecimento.\" \/>\n<meta name=\"robots\" content=\"index, follow, max-snippet:-1, max-image-preview:large, max-video-preview:-1\" \/>\n<link rel=\"canonical\" href=\"https:\/\/www.csj-emballages.com\/pt-pt\/produit\/caixa-micro-ondavel-tampa-injetada-plastico-pp-750-ml-pack-50\/\" \/>\n<meta property=\"og:locale\" content=\"pt_PT\" \/>\n<meta property=\"og:type\" content=\"article\" \/>\n<meta property=\"og:title\" content=\"Caixa micro-ond\u00e1vel + tampa injetada pl\u00e1stico PP 750 ml, pack 50\" \/>\n<meta property=\"og:description\" content=\"Caixa micro-ond\u00e1vel 750 ml em pl\u00e1stico PP com tampa, pack 50. Ideal para take-away, resistente ao calor e pr\u00e1tica para reaquecimento.\" \/>\n<meta property=\"og:url\" content=\"https:\/\/www.csj-emballages.com\/pt-pt\/produit\/caixa-micro-ondavel-tampa-injetada-plastico-pp-750-ml-pack-50\/\" \/>\n<meta property=\"og:site_name\" content=\"CSJ Emballages\" \/>\n<meta property=\"article:publisher\" content=\"https:\/\/www.facebook.com\/csjemballages\" \/>\n<meta property=\"article:modified_time\" content=\"2026-04-29T00:15:29+00:00\" \/>\n<meta property=\"og:image\" content=\"https:\/\/www.csj-emballages.com\/wp-content\/uploads\/2026\/03\/INJ750.webp\" \/>\n\t<meta property=\"og:image:width\" content=\"800\" \/>\n\t<meta property=\"og:image:height\" content=\"800\" \/>\n\t<meta property=\"og:image:type\" content=\"image\/webp\" \/>\n<meta name=\"twitter:card\" content=\"summary_large_image\" \/>\n<meta name=\"twitter:label1\" content=\"Tempo estimado de leitura\" \/>\n\t<meta name=\"twitter:data1\" content=\"1 minuto\" \/>\n<script type=\"application\/ld+json\" class=\"yoast-schema-graph\">{\"@context\":\"https:\/\/schema.org\",\"@graph\":[{\"@type\":\"WebPage\",\"@id\":\"https:\/\/www.csj-emballages.com\/pt-pt\/produit\/caixa-micro-ondavel-tampa-injetada-plastico-pp-750-ml-pack-50\/\",\"url\":\"https:\/\/www.csj-emballages.com\/pt-pt\/produit\/caixa-micro-ondavel-tampa-injetada-plastico-pp-750-ml-pack-50\/\",\"name\":\"Caixa Micro-Ond\u00e1vel + Tampa Pl\u00e1stico PP 750 ml, pack 50\",\"isPartOf\":{\"@id\":\"https:\/\/www.csj-emballages.com\/pt-pt\/#website\"},\"primaryImageOfPage\":{\"@id\":\"https:\/\/www.csj-emballages.com\/pt-pt\/produit\/caixa-micro-ondavel-tampa-injetada-plastico-pp-750-ml-pack-50\/#primaryimage\"},\"image\":{\"@id\":\"https:\/\/www.csj-emballages.com\/pt-pt\/produit\/caixa-micro-ondavel-tampa-injetada-plastico-pp-750-ml-pack-50\/#primaryimage\"},\"thumbnailUrl\":\"https:\/\/www.csj-emballages.com\/wp-content\/uploads\/2026\/03\/INJ750.webp\",\"datePublished\":\"2026-03-02T13:18:23+00:00\",\"dateModified\":\"2026-04-29T00:15:29+00:00\",\"description\":\"Caixa micro-ond\u00e1vel 750 ml em pl\u00e1stico PP com tampa, pack 50. Ideal para take-away, resistente ao calor e pr\u00e1tica para reaquecimento.\",\"breadcrumb\":{\"@id\":\"https:\/\/www.csj-emballages.com\/pt-pt\/produit\/caixa-micro-ondavel-tampa-injetada-plastico-pp-750-ml-pack-50\/#breadcrumb\"},\"inLanguage\":\"pt-PT\",\"potentialAction\":[{\"@type\":\"ReadAction\",\"target\":[\"https:\/\/www.csj-emballages.com\/pt-pt\/produit\/caixa-micro-ondavel-tampa-injetada-plastico-pp-750-ml-pack-50\/\"]}]},{\"@type\":\"ImageObject\",\"inLanguage\":\"pt-PT\",\"@id\":\"https:\/\/www.csj-emballages.com\/pt-pt\/produit\/caixa-micro-ondavel-tampa-injetada-plastico-pp-750-ml-pack-50\/#primaryimage\",\"url\":\"https:\/\/www.csj-emballages.com\/wp-content\/uploads\/2026\/03\/INJ750.webp\",\"contentUrl\":\"https:\/\/www.csj-emballages.com\/wp-content\/uploads\/2026\/03\/INJ750.webp\",\"width\":800,\"height\":800,\"caption\":\"Boite micro-ondable\"},{\"@type\":\"BreadcrumbList\",\"@id\":\"https:\/\/www.csj-emballages.com\/pt-pt\/produit\/caixa-micro-ondavel-tampa-injetada-plastico-pp-750-ml-pack-50\/#breadcrumb\",\"itemListElement\":[{\"@type\":\"ListItem\",\"position\":1,\"name\":\"Acolhimento\",\"item\":\"https:\/\/www.csj-emballages.com\/pt-pt\/universo-das-embalagens-alimentares\/\"},{\"@type\":\"ListItem\",\"position\":2,\"name\":\"Shop\",\"item\":\"https:\/\/www.csj-emballages.com\/shop\/\"},{\"@type\":\"ListItem\",\"position\":3,\"name\":\"Caixa micro-ond\u00e1vel + tampa injetada pl\u00e1stico PP 750 ml, pack 50\"}]},{\"@type\":\"WebSite\",\"@id\":\"https:\/\/www.csj-emballages.com\/pt-pt\/#website\",\"url\":\"https:\/\/www.csj-emballages.com\/pt-pt\/\",\"name\":\"CSJ Emballages\",\"description\":\"\",\"publisher\":{\"@id\":\"https:\/\/www.csj-emballages.com\/pt-pt\/#organization\"},\"potentialAction\":[{\"@type\":\"SearchAction\",\"target\":{\"@type\":\"EntryPoint\",\"urlTemplate\":\"https:\/\/www.csj-emballages.com\/pt-pt\/?s={search_term_string}\"},\"query-input\":{\"@type\":\"PropertyValueSpecification\",\"valueRequired\":true,\"valueName\":\"search_term_string\"}}],\"inLanguage\":\"pt-PT\"},{\"@type\":\"Organization\",\"@id\":\"https:\/\/www.csj-emballages.com\/pt-pt\/#Organization\/\",\"name\":\"CSJ Emballages\",\"url\":\"https:\/\/www.csj-emballages.com\/pt-pt\/\",\"logo\":{\"@type\":\"ImageObject\",\"inLanguage\":\"pt-PT\",\"@id\":\"https:\/\/www.csj-emballages.com\/pt-pt\/#\/schema\/logo\/image\/\",\"url\":\"https:\/\/www.csj-emballages.com\/wp-content\/uploads\/2023\/10\/logo_csj.webp\",\"contentUrl\":\"https:\/\/www.csj-emballages.com\/wp-content\/uploads\/2023\/10\/logo_csj.webp\",\"width\":250,\"height\":95,\"caption\":\"CSJ Emballages\"},\"image\":{\"@id\":\"https:\/\/www.csj-emballages.com\/pt-pt\/#\/schema\/logo\/image\/\"},\"sameAs\":[\"https:\/\/www.facebook.com\/csjemballages\"],\"address\":{\"@type\":\"PostalAddress\",\"streetAddress\":\"ZI La Lechere\",\"addressLocality\":\"Patornay\",\"postalCode\":\"39130\",\"addressCountry\":\"FR\"},\"contactPoint\":[{\"@type\":\"ContactPoint\",\"contactType\":\"Service client\",\"telephone\":\"0384254272\",\"email\":\"contact@csj-emballages.com\"}]}]}<\/script>\n<!-- \/ Yoast SEO Premium plugin. -->","yoast_head_json":{"title":"Caixa Micro-Ond\u00e1vel + Tampa Pl\u00e1stico PP 750 ml, pack 50","description":"Caixa micro-ond\u00e1vel 750 ml em pl\u00e1stico PP com tampa, pack 50. Ideal para take-away, resistente ao calor e pr\u00e1tica para reaquecimento.","robots":{"index":"index","follow":"follow","max-snippet":"max-snippet:-1","max-image-preview":"max-image-preview:large","max-video-preview":"max-video-preview:-1"},"canonical":"https:\/\/www.csj-emballages.com\/pt-pt\/produit\/caixa-micro-ondavel-tampa-injetada-plastico-pp-750-ml-pack-50\/","og_locale":"pt_PT","og_type":"article","og_title":"Caixa micro-ond\u00e1vel + tampa injetada pl\u00e1stico PP 750 ml, pack 50","og_description":"Caixa micro-ond\u00e1vel 750 ml em pl\u00e1stico PP com tampa, pack 50. Ideal para take-away, resistente ao calor e pr\u00e1tica para reaquecimento.","og_url":"https:\/\/www.csj-emballages.com\/pt-pt\/produit\/caixa-micro-ondavel-tampa-injetada-plastico-pp-750-ml-pack-50\/","og_site_name":"CSJ Emballages","article_publisher":"https:\/\/www.facebook.com\/csjemballages","article_modified_time":"2026-04-29T00:15:29+00:00","og_image":[{"width":800,"height":800,"url":"https:\/\/www.csj-emballages.com\/wp-content\/uploads\/2026\/03\/INJ750.webp","type":"image\/webp"}],"twitter_card":"summary_large_image","twitter_misc":{"Tempo estimado de leitura":"1 minuto"},"schema":{"@context":"https:\/\/schema.org","@graph":[{"@type":"WebPage","@id":"https:\/\/www.csj-emballages.com\/pt-pt\/produit\/caixa-micro-ondavel-tampa-injetada-plastico-pp-750-ml-pack-50\/","url":"https:\/\/www.csj-emballages.com\/pt-pt\/produit\/caixa-micro-ondavel-tampa-injetada-plastico-pp-750-ml-pack-50\/","name":"Caixa Micro-Ond\u00e1vel + Tampa Pl\u00e1stico PP 750 ml, pack 50","isPartOf":{"@id":"https:\/\/www.csj-emballages.com\/pt-pt\/#website"},"primaryImageOfPage":{"@id":"https:\/\/www.csj-emballages.com\/pt-pt\/produit\/caixa-micro-ondavel-tampa-injetada-plastico-pp-750-ml-pack-50\/#primaryimage"},"image":{"@id":"https:\/\/www.csj-emballages.com\/pt-pt\/produit\/caixa-micro-ondavel-tampa-injetada-plastico-pp-750-ml-pack-50\/#primaryimage"},"thumbnailUrl":"https:\/\/www.csj-emballages.com\/wp-content\/uploads\/2026\/03\/INJ750.webp","datePublished":"2026-03-02T13:18:23+00:00","dateModified":"2026-04-29T00:15:29+00:00","description":"Caixa micro-ond\u00e1vel 750 ml em pl\u00e1stico PP com tampa, pack 50. Ideal para take-away, resistente ao calor e pr\u00e1tica para reaquecimento.","breadcrumb":{"@id":"https:\/\/www.csj-emballages.com\/pt-pt\/produit\/caixa-micro-ondavel-tampa-injetada-plastico-pp-750-ml-pack-50\/#breadcrumb"},"inLanguage":"pt-PT","potentialAction":[{"@type":"ReadAction","target":["https:\/\/www.csj-emballages.com\/pt-pt\/produit\/caixa-micro-ondavel-tampa-injetada-plastico-pp-750-ml-pack-50\/"]}]},{"@type":"ImageObject","inLanguage":"pt-PT","@id":"https:\/\/www.csj-emballages.com\/pt-pt\/produit\/caixa-micro-ondavel-tampa-injetada-plastico-pp-750-ml-pack-50\/#primaryimage","url":"https:\/\/www.csj-emballages.com\/wp-content\/uploads\/2026\/03\/INJ750.webp","contentUrl":"https:\/\/www.csj-emballages.com\/wp-content\/uploads\/2026\/03\/INJ750.webp","width":800,"height":800,"caption":"Boite micro-ondable"},{"@type":"BreadcrumbList","@id":"https:\/\/www.csj-emballages.com\/pt-pt\/produit\/caixa-micro-ondavel-tampa-injetada-plastico-pp-750-ml-pack-50\/#breadcrumb","itemListElement":[{"@type":"ListItem","position":1,"name":"Acolhimento","item":"https:\/\/www.csj-emballages.com\/pt-pt\/universo-das-embalagens-alimentares\/"},{"@type":"ListItem","position":2,"name":"Shop","item":"https:\/\/www.csj-emballages.com\/shop\/"},{"@type":"ListItem","position":3,"name":"Caixa micro-ond\u00e1vel + tampa injetada pl\u00e1stico PP 750 ml, pack 50"}]},{"@type":"WebSite","@id":"https:\/\/www.csj-emballages.com\/pt-pt\/#website","url":"https:\/\/www.csj-emballages.com\/pt-pt\/","name":"CSJ Emballages","description":"","publisher":{"@id":"https:\/\/www.csj-emballages.com\/pt-pt\/#organization"},"potentialAction":[{"@type":"SearchAction","target":{"@type":"EntryPoint","urlTemplate":"https:\/\/www.csj-emballages.com\/pt-pt\/?s={search_term_string}"},"query-input":{"@type":"PropertyValueSpecification","valueRequired":true,"valueName":"search_term_string"}}],"inLanguage":"pt-PT"},{"@type":"Organization","@id":"https:\/\/www.csj-emballages.com\/pt-pt\/#Organization\/","name":"CSJ Emballages","url":"https:\/\/www.csj-emballages.com\/pt-pt\/","logo":{"@type":"ImageObject","inLanguage":"pt-PT","@id":"https:\/\/www.csj-emballages.com\/pt-pt\/#\/schema\/logo\/image\/","url":"https:\/\/www.csj-emballages.com\/wp-content\/uploads\/2023\/10\/logo_csj.webp","contentUrl":"https:\/\/www.csj-emballages.com\/wp-content\/uploads\/2023\/10\/logo_csj.webp","width":250,"height":95,"caption":"CSJ Emballages"},"image":{"@id":"https:\/\/www.csj-emballages.com\/pt-pt\/#\/schema\/logo\/image\/"},"sameAs":["https:\/\/www.facebook.com\/csjemballages"],"address":{"@type":"PostalAddress","streetAddress":"ZI La Lechere","addressLocality":"Patornay","postalCode":"39130","addressCountry":"FR"},"contactPoint":[{"@type":"ContactPoint","contactType":"Service client","telephone":"0384254272","email":"contact@csj-emballages.com"}]}]}},"df_price":9.48,"df_sale_price":"","df_regular_price":9.48,"df_image_link":"https:\/\/www.csj-emballages.com\/wp-content\/uploads\/2026\/03\/INJ750-300x300.webp","tiered_pricing_type":"fixed","tiered_pricing_fixed_rules":[],"tiered_pricing_percentage_rules":[],"tiered_pricing_minimum":1,"tiered_pricing_roles_data":[],"_links":{"self":[{"href":"https:\/\/www.csj-emballages.com\/pt-pt\/wp-json\/wp\/v2\/product\/273373","targetHints":{"allow":["GET"]}}],"collection":[{"href":"https:\/\/www.csj-emballages.com\/pt-pt\/wp-json\/wp\/v2\/product"}],"about":[{"href":"https:\/\/www.csj-emballages.com\/pt-pt\/wp-json\/wp\/v2\/types\/product"}],"wp:featuredmedia":[{"embeddable":true,"href":"https:\/\/www.csj-emballages.com\/pt-pt\/wp-json\/wp\/v2\/media\/273367"}],"wp:attachment":[{"href":"https:\/\/www.csj-emballages.com\/pt-pt\/wp-json\/wp\/v2\/media?parent=273373"}],"wp:term":[{"taxonomy":"product_brand","embeddable":true,"href":"https:\/\/www.csj-emballages.com\/pt-pt\/wp-json\/wp\/v2\/product_brand?post=273373"},{"taxonomy":"product_cat","embeddable":true,"href":"https:\/\/www.csj-emballages.com\/pt-pt\/wp-json\/wp\/v2\/product_cat?post=273373"},{"taxonomy":"product_tag","embeddable":true,"href":"https:\/\/www.csj-emballages.com\/pt-pt\/wp-json\/wp\/v2\/product_tag?post=273373"}],"curies":[{"name":"wp","href":"https:\/\/api.w.org\/{rel}","templated":true}]}}