{"id":273200,"date":"2026-03-02T14:18:31","date_gmt":"2026-03-02T13:18:31","guid":{"rendered":"https:\/\/www.csj-emballages.com\/produit\/caixa-de-refeicao-tampa-marmibox-preta-em-plastico-950-ml-pack-de-25\/"},"modified":"2026-04-14T02:17:56","modified_gmt":"2026-04-14T00:17:56","slug":"caixa-de-refeicao-tampa-marmibox-preta-em-plastico-950-ml-pack-de-25","status":"publish","type":"product","link":"https:\/\/www.csj-emballages.com\/pt-pt\/produit\/caixa-de-refeicao-tampa-marmibox-preta-em-plastico-950-ml-pack-de-25\/","title":{"rendered":"Caixa de refei\u00e7\u00e3o + tampa MARMI&#8217;BOX preta em pl\u00e1stico 950 ml &#8211; pack de 25"},"content":{"rendered":"<div class=\"flex flex-grow flex-col max-w-full\">\n<div class=\"min-h-[20px] text-message flex flex-col items-start whitespace-pre-wrap break-words [.text-message+&amp;]:mt-5 juice:w-full juice:items-end overflow-x-auto gap-2\" dir=\"auto\" data-message-author-role=\"assistant\" data-message-id=\"2034782e-88f9-44ef-b4dc-07dd7bf0115f\">\n<div class=\"flex w-full flex-col gap-1 juice:empty:hidden juice:first:pt-[3px]\">\n<div class=\"markdown prose w-full break-words dark:prose-invert light\">\n<div style=\"font-family: Roboto, sans-serif;\">\n<div style=\"font-family: Roboto, sans-serif;\">\n<div style=\"font-family: Roboto, sans-serif;\">\n<div style=\"font-family: Roboto, sans-serif;\">\n<div style=\"font-family: Roboto, sans-serif;\">\n<div style=\"font-family: Roboto, sans-serif;\">\n<h2 class=\"p1\">Caixa de refei\u00e7\u00f5es<\/h2>\n<div style=\"font-family: Roboto, sans-serif;\">\n<div style=\"font-family: Roboto, sans-serif;\">\n<div style=\"font-family: Roboto, sans-serif;\">\n<div style=\"text-align: center;\">\n<div style=\"font-family: Roboto, sans-serif;\">\n<div style=\"font-family: Roboto, sans-serif;\">\n<div style=\"font-family: Roboto, sans-serif;\">\n<div style=\"font-family: Roboto, sans-serif;\">\n<div style=\"font-family: Roboto, sans-serif;\">\n<div style=\"font-family: Roboto, sans-serif; text-align: left;\">\n<hr>\n<h3 style=\"text-align: left;\">Descri\u00e7\u00e3o da nossa caixa de refei\u00e7\u00e3o + tampa MARMI&#8217;BOX preta em pl\u00e1stico 950 ml &#8211; pack de 25<\/h3>\n<h3 style=\"text-align: left;\"><!--more--><\/h3>\n<p data-start=\"194\" data-end=\"503\">A <strong>caixa de refei\u00e7\u00e3o MARMI\u2019BOX preta 950 ml com tampa<\/strong> \u00e9 uma solu\u00e7\u00e3o pr\u00e1tica e elegante para o acondicionamento e transporte de pratos preparados. Concebida para profissionais da restaura\u00e7\u00e3o, catering e take-away, permite apresentar e transportar as refei\u00e7\u00f5es com toda a seguran\u00e7a. <\/p>\n<p data-start=\"505\" data-end=\"792\">Com a sua <strong>capacidade de 950 ml<\/strong>, \u00e9 perfeitamente adequada para <strong>por\u00e7\u00f5es individuais<\/strong>: <strong>pratos cozinhados, acompanhamentos, saladas, massas, arroz, legumes ou prepara\u00e7\u00f5es de catering<\/strong>. O seu <strong>design preto<\/strong> confere um toque moderno e valoriza as prepara\u00e7\u00f5es, real\u00e7ando o seu aspeto apetec\u00edvel. <\/p>\n<p data-start=\"794\" data-end=\"1099\">Fabricada em pl\u00e1stico resistente, esta <strong>caixa<\/strong> garante uma boa resist\u00eancia durante o transporte. A sua <strong>tampa transparente<\/strong> permite visualizar rapidamente o conte\u00fado, protegendo eficazmente os alimentos. O conjunto oferece um fecho pr\u00e1tico que limita os riscos de abertura durante o manuseamento.  <\/p>\n<p data-start=\"1101\" data-end=\"1419\">Ideal para venda para levar, <strong>click &amp; collect<\/strong> ou restaura\u00e7\u00e3o r\u00e1pida, a <strong>MARMI&#8217;BOX<\/strong> combina praticidade, robustez e apresenta\u00e7\u00e3o cuidada. Acondicionada por <strong>lote de 25 unidades<\/strong>, esta <strong>caixa refei\u00e7\u00e3o<\/strong> responde perfeitamente \u00e0s necessidades dos profissionais que desejam oferecer refei\u00e7\u00f5es para levar numa embalagem fi\u00e1vel e est\u00e9tica. <\/p>\n<p data-start=\"1101\" data-end=\"1419\">\n<\/div>\n<\/div>\n<\/div>\n<\/div>\n<\/div>\n<\/div>\n<\/div>\n<\/div>\n<\/div>\n<\/div>\n<\/div>\n<\/div>\n<\/div>\n<\/div>\n<\/div>\n<\/div>\n<\/div>\n<\/div>\n<\/div>\n<\/div>\n<div class=\"flex flex-grow flex-col max-w-full\">\n<div class=\"min-h-[20px] text-message flex flex-col items-start whitespace-pre-wrap break-words [.text-message+&amp;]:mt-5 juice:w-full juice:items-end overflow-x-auto gap-2\" dir=\"auto\" data-message-author-role=\"assistant\" data-message-id=\"2034782e-88f9-44ef-b4dc-07dd7bf0115f\">\n<div class=\"flex w-full flex-col gap-1 juice:empty:hidden juice:first:pt-[3px]\">\n<div class=\"markdown prose w-full break-words dark:prose-invert light\">\n<div style=\"font-family: Roboto, sans-serif;\">\n<div style=\"font-family: Roboto, sans-serif;\">\n<div style=\"font-family: Roboto, sans-serif;\">\n<div style=\"font-family: Roboto, sans-serif;\">\n<div style=\"font-family: Roboto, sans-serif;\">\n<div style=\"font-family: Roboto, sans-serif;\">\n<p><!--more--><\/p>\n<h4 style=\"text-align: left;\"><strong>Vantagens :<\/strong><\/h4>\n<ul>\n<li data-start=\"1456\" data-end=\"1510\"><strong>Capacidade de 950 ml<\/strong> adequada para por\u00e7\u00f5es individuais.<\/li>\n<li data-start=\"1513\" data-end=\"1556\"><strong>Caixa preta elegante<\/strong> que valoriza os pratos.<\/li>\n<li data-start=\"1559\" data-end=\"1608\">Tampa transparente para boa visibilidade.<\/li>\n<li data-start=\"1611\" data-end=\"1649\">Fecho pr\u00e1tico para o transporte.<\/li>\n<li data-start=\"1745\" data-end=\"1793\">Adaptada \u00e0 venda para levar e catering.<\/li>\n<li data-start=\"1796\" data-end=\"1836\">Acondicionamento pr\u00e1tico por <strong>25 unidades<\/strong>.<\/li>\n<\/ul>\n<\/div>\n<\/div>\n<p>&nbsp;<\/p>\n<\/div>\n<\/div>\n<\/div>\n<\/div>\n<\/div>\n<\/div>\n<\/div>\n<\/div>\n<p><!--more--><\/p>\n<h4>Outras informa\u00e7\u00f5es :<\/h4>\n<ul>\n<li><strong>Acondicionamento<\/strong>: Caixa de 25<\/li>\n<li><strong>Dimens\u00f5es<\/strong>: 226 x 154 (C x L em mm)<\/li>\n<li><strong>Altura<\/strong>: 74 mm<\/li>\n<li><strong>Volume<\/strong>: 950 ml<\/li>\n<li><strong>Material<\/strong>: PP<\/li>\n<li><strong>Cor<\/strong>: Preta \/ transparente<\/li>\n<li><strong>Temperatura de funcionamento<\/strong>: -20\u00b0C \/ +120\u00b0C<\/li>\n<\/ul>\n<p>&nbsp;<\/p>\n<p><!--more--><\/p>\n<p class=\"woocommerce-loop-product__title\">Esta marmita MARMI&#8217;BOX est\u00e1 dispon\u00edvel em diferentes tamanhos: <span style=\"color: #d12727;\"><a style=\"color: #d12727;\" href=\"https:\/\/www.csj-emballages.com\/pt-pt\/produit\/caixa-refeicao-tampa-marmibox-preta-plastico-600-ml-por-25\/\">600 ml<\/a><\/span> \/ <span style=\"color: #d12727;\"><a style=\"color: #d12727;\" href=\"https:\/\/www.csj-emballages.com\/pt-pt\/produit\/caixa-para-refeicao-tampa-marmibox-preta-plastico-750-ml-pack-de-25\/\">750 ml<\/a><\/span> \/ <span style=\"color: #d12727;\"><a style=\"color: #d12727;\" href=\"https:\/\/www.csj-emballages.com\/pt-pt\/produit\/caixa-de-refeicao-tampa-marmibox-preta-em-plastico-1250-ml-25-unid\/\">1250 ml<\/a><\/span><\/p>\n<p>&nbsp;<\/p>\n<p style=\"text-align: left;\"><!--more--><\/p>\n<p><a href=\"\/?product_cat=barquettes-micro-ondes-marmipack\">Consulte a restante gama de cuvetes MARMI&#8217;BOX<\/a><\/p>\n","protected":false},"excerpt":{"rendered":"<p>Caixa de refei\u00e7\u00f5es Descri\u00e7\u00e3o da nossa caixa de refei\u00e7\u00e3o + tampa MARMI&#8217;BOX preta em pl\u00e1stico 950 ml &#8211; pack de 25<\/p>\n","protected":false},"featured_media":273180,"template":"","meta":{"_acf_changed":false},"product_brand":[],"product_cat":[1141,1176,2289,1525,10071],"product_tag":[],"class_list":{"0":"post-273200","1":"product","2":"type-product","3":"status-publish","4":"has-post-thumbnail","6":"product_cat-embalagem-de-alimentos","7":"product_cat-talho-e-charcutaria","8":"product_cat-tabuleiros-latas-e-frascos","9":"product_cat-tabuleiros-latas-frascos-para-alimentos","10":"product_cat-tabuleiros-para-micro-ondas-marmipack","12":"first","13":"instock","14":"taxable","15":"shipping-taxable","16":"purchasable","17":"product-type-simple"},"acf":[],"yoast_head":"<!-- This site is optimized with the Yoast SEO Premium plugin v26.6 (Yoast SEO v26.6) - https:\/\/yoast.com\/wordpress\/plugins\/seo\/ -->\n<title>Caixa de Refei\u00e7\u00e3o + Tampa MARMI&#039;BOX Preta 950 ml - pack de 25<\/title>\n<meta name=\"description\" content=\"Caixa de refei\u00e7\u00e3o MARMI\u2019BOX preta 950 ml com tampa - pack de 25. Ideal para pratos take-away, saladas e refei\u00e7\u00f5es de catering. Embalagem pr\u00e1tica e resistente.\" \/>\n<meta name=\"robots\" content=\"index, follow, max-snippet:-1, max-image-preview:large, max-video-preview:-1\" \/>\n<link rel=\"canonical\" href=\"https:\/\/www.csj-emballages.com\/pt-pt\/produit\/caixa-de-refeicao-tampa-marmibox-preta-em-plastico-950-ml-pack-de-25\/\" \/>\n<meta property=\"og:locale\" content=\"pt_PT\" \/>\n<meta property=\"og:type\" content=\"article\" \/>\n<meta property=\"og:title\" content=\"Caixa de refei\u00e7\u00e3o + tampa MARMI&#039;BOX preta em pl\u00e1stico 950 ml - pack de 25\" \/>\n<meta property=\"og:description\" content=\"Caixa de refei\u00e7\u00e3o MARMI\u2019BOX preta 950 ml com tampa - pack de 25. Ideal para pratos take-away, saladas e refei\u00e7\u00f5es de catering. Embalagem pr\u00e1tica e resistente.\" \/>\n<meta property=\"og:url\" content=\"https:\/\/www.csj-emballages.com\/pt-pt\/produit\/caixa-de-refeicao-tampa-marmibox-preta-em-plastico-950-ml-pack-de-25\/\" \/>\n<meta property=\"og:site_name\" content=\"CSJ Emballages\" \/>\n<meta property=\"article:publisher\" content=\"https:\/\/www.facebook.com\/csjemballages\" \/>\n<meta property=\"article:modified_time\" content=\"2026-04-14T00:17:56+00:00\" \/>\n<meta property=\"og:image\" content=\"https:\/\/www.csj-emballages.com\/wp-content\/uploads\/2026\/03\/MAB600.webp\" \/>\n\t<meta property=\"og:image:width\" content=\"800\" \/>\n\t<meta property=\"og:image:height\" content=\"800\" \/>\n\t<meta property=\"og:image:type\" content=\"image\/webp\" \/>\n<meta name=\"twitter:card\" content=\"summary_large_image\" \/>\n<meta name=\"twitter:label1\" content=\"Tempo estimado de leitura\" \/>\n\t<meta name=\"twitter:data1\" content=\"1 minuto\" \/>\n<script type=\"application\/ld+json\" class=\"yoast-schema-graph\">{\"@context\":\"https:\/\/schema.org\",\"@graph\":[{\"@type\":\"WebPage\",\"@id\":\"https:\/\/www.csj-emballages.com\/pt-pt\/produit\/caixa-de-refeicao-tampa-marmibox-preta-em-plastico-950-ml-pack-de-25\/\",\"url\":\"https:\/\/www.csj-emballages.com\/pt-pt\/produit\/caixa-de-refeicao-tampa-marmibox-preta-em-plastico-950-ml-pack-de-25\/\",\"name\":\"Caixa de Refei\u00e7\u00e3o + Tampa MARMI'BOX Preta 950 ml - pack de 25\",\"isPartOf\":{\"@id\":\"https:\/\/www.csj-emballages.com\/pt-pt\/#website\"},\"primaryImageOfPage\":{\"@id\":\"https:\/\/www.csj-emballages.com\/pt-pt\/produit\/caixa-de-refeicao-tampa-marmibox-preta-em-plastico-950-ml-pack-de-25\/#primaryimage\"},\"image\":{\"@id\":\"https:\/\/www.csj-emballages.com\/pt-pt\/produit\/caixa-de-refeicao-tampa-marmibox-preta-em-plastico-950-ml-pack-de-25\/#primaryimage\"},\"thumbnailUrl\":\"https:\/\/www.csj-emballages.com\/wp-content\/uploads\/2026\/03\/MAB600.webp\",\"datePublished\":\"2026-03-02T13:18:31+00:00\",\"dateModified\":\"2026-04-14T00:17:56+00:00\",\"description\":\"Caixa de refei\u00e7\u00e3o MARMI\u2019BOX preta 950 ml com tampa - pack de 25. Ideal para pratos take-away, saladas e refei\u00e7\u00f5es de catering. Embalagem pr\u00e1tica e resistente.\",\"breadcrumb\":{\"@id\":\"https:\/\/www.csj-emballages.com\/pt-pt\/produit\/caixa-de-refeicao-tampa-marmibox-preta-em-plastico-950-ml-pack-de-25\/#breadcrumb\"},\"inLanguage\":\"pt-PT\",\"potentialAction\":[{\"@type\":\"ReadAction\",\"target\":[\"https:\/\/www.csj-emballages.com\/pt-pt\/produit\/caixa-de-refeicao-tampa-marmibox-preta-em-plastico-950-ml-pack-de-25\/\"]}]},{\"@type\":\"ImageObject\",\"inLanguage\":\"pt-PT\",\"@id\":\"https:\/\/www.csj-emballages.com\/pt-pt\/produit\/caixa-de-refeicao-tampa-marmibox-preta-em-plastico-950-ml-pack-de-25\/#primaryimage\",\"url\":\"https:\/\/www.csj-emballages.com\/wp-content\/uploads\/2026\/03\/MAB600.webp\",\"contentUrl\":\"https:\/\/www.csj-emballages.com\/wp-content\/uploads\/2026\/03\/MAB600.webp\",\"width\":800,\"height\":800,\"caption\":\"Boite repas\"},{\"@type\":\"BreadcrumbList\",\"@id\":\"https:\/\/www.csj-emballages.com\/pt-pt\/produit\/caixa-de-refeicao-tampa-marmibox-preta-em-plastico-950-ml-pack-de-25\/#breadcrumb\",\"itemListElement\":[{\"@type\":\"ListItem\",\"position\":1,\"name\":\"Acolhimento\",\"item\":\"https:\/\/www.csj-emballages.com\/pt-pt\/universo-das-embalagens-alimentares\/\"},{\"@type\":\"ListItem\",\"position\":2,\"name\":\"Shop\",\"item\":\"https:\/\/www.csj-emballages.com\/shop\/\"},{\"@type\":\"ListItem\",\"position\":3,\"name\":\"Caixa de refei\u00e7\u00e3o + tampa MARMI&rsquo;BOX preta em pl\u00e1stico 950 ml &#8211; pack de 25\"}]},{\"@type\":\"WebSite\",\"@id\":\"https:\/\/www.csj-emballages.com\/pt-pt\/#website\",\"url\":\"https:\/\/www.csj-emballages.com\/pt-pt\/\",\"name\":\"CSJ Emballages\",\"description\":\"\",\"publisher\":{\"@id\":\"https:\/\/www.csj-emballages.com\/pt-pt\/#organization\"},\"potentialAction\":[{\"@type\":\"SearchAction\",\"target\":{\"@type\":\"EntryPoint\",\"urlTemplate\":\"https:\/\/www.csj-emballages.com\/pt-pt\/?s={search_term_string}\"},\"query-input\":{\"@type\":\"PropertyValueSpecification\",\"valueRequired\":true,\"valueName\":\"search_term_string\"}}],\"inLanguage\":\"pt-PT\"},{\"@type\":\"Organization\",\"@id\":\"https:\/\/www.csj-emballages.com\/pt-pt\/#Organization\/\",\"name\":\"CSJ Emballages\",\"url\":\"https:\/\/www.csj-emballages.com\/pt-pt\/\",\"logo\":{\"@type\":\"ImageObject\",\"inLanguage\":\"pt-PT\",\"@id\":\"https:\/\/www.csj-emballages.com\/pt-pt\/#\/schema\/logo\/image\/\",\"url\":\"https:\/\/www.csj-emballages.com\/wp-content\/uploads\/2023\/10\/logo_csj.webp\",\"contentUrl\":\"https:\/\/www.csj-emballages.com\/wp-content\/uploads\/2023\/10\/logo_csj.webp\",\"width\":250,\"height\":95,\"caption\":\"CSJ Emballages\"},\"image\":{\"@id\":\"https:\/\/www.csj-emballages.com\/pt-pt\/#\/schema\/logo\/image\/\"},\"sameAs\":[\"https:\/\/www.facebook.com\/csjemballages\"],\"address\":{\"@type\":\"PostalAddress\",\"streetAddress\":\"ZI La Lechere\",\"addressLocality\":\"Patornay\",\"postalCode\":\"39130\",\"addressCountry\":\"FR\"},\"contactPoint\":[{\"@type\":\"ContactPoint\",\"contactType\":\"Service client\",\"telephone\":\"0384254272\",\"email\":\"contact@csj-emballages.com\"}]}]}<\/script>\n<!-- \/ Yoast SEO Premium plugin. -->","yoast_head_json":{"title":"Caixa de Refei\u00e7\u00e3o + Tampa MARMI'BOX Preta 950 ml - pack de 25","description":"Caixa de refei\u00e7\u00e3o MARMI\u2019BOX preta 950 ml com tampa - pack de 25. Ideal para pratos take-away, saladas e refei\u00e7\u00f5es de catering. Embalagem pr\u00e1tica e resistente.","robots":{"index":"index","follow":"follow","max-snippet":"max-snippet:-1","max-image-preview":"max-image-preview:large","max-video-preview":"max-video-preview:-1"},"canonical":"https:\/\/www.csj-emballages.com\/pt-pt\/produit\/caixa-de-refeicao-tampa-marmibox-preta-em-plastico-950-ml-pack-de-25\/","og_locale":"pt_PT","og_type":"article","og_title":"Caixa de refei\u00e7\u00e3o + tampa MARMI'BOX preta em pl\u00e1stico 950 ml - pack de 25","og_description":"Caixa de refei\u00e7\u00e3o MARMI\u2019BOX preta 950 ml com tampa - pack de 25. Ideal para pratos take-away, saladas e refei\u00e7\u00f5es de catering. Embalagem pr\u00e1tica e resistente.","og_url":"https:\/\/www.csj-emballages.com\/pt-pt\/produit\/caixa-de-refeicao-tampa-marmibox-preta-em-plastico-950-ml-pack-de-25\/","og_site_name":"CSJ Emballages","article_publisher":"https:\/\/www.facebook.com\/csjemballages","article_modified_time":"2026-04-14T00:17:56+00:00","og_image":[{"width":800,"height":800,"url":"https:\/\/www.csj-emballages.com\/wp-content\/uploads\/2026\/03\/MAB600.webp","type":"image\/webp"}],"twitter_card":"summary_large_image","twitter_misc":{"Tempo estimado de leitura":"1 minuto"},"schema":{"@context":"https:\/\/schema.org","@graph":[{"@type":"WebPage","@id":"https:\/\/www.csj-emballages.com\/pt-pt\/produit\/caixa-de-refeicao-tampa-marmibox-preta-em-plastico-950-ml-pack-de-25\/","url":"https:\/\/www.csj-emballages.com\/pt-pt\/produit\/caixa-de-refeicao-tampa-marmibox-preta-em-plastico-950-ml-pack-de-25\/","name":"Caixa de Refei\u00e7\u00e3o + Tampa MARMI'BOX Preta 950 ml - pack de 25","isPartOf":{"@id":"https:\/\/www.csj-emballages.com\/pt-pt\/#website"},"primaryImageOfPage":{"@id":"https:\/\/www.csj-emballages.com\/pt-pt\/produit\/caixa-de-refeicao-tampa-marmibox-preta-em-plastico-950-ml-pack-de-25\/#primaryimage"},"image":{"@id":"https:\/\/www.csj-emballages.com\/pt-pt\/produit\/caixa-de-refeicao-tampa-marmibox-preta-em-plastico-950-ml-pack-de-25\/#primaryimage"},"thumbnailUrl":"https:\/\/www.csj-emballages.com\/wp-content\/uploads\/2026\/03\/MAB600.webp","datePublished":"2026-03-02T13:18:31+00:00","dateModified":"2026-04-14T00:17:56+00:00","description":"Caixa de refei\u00e7\u00e3o MARMI\u2019BOX preta 950 ml com tampa - pack de 25. Ideal para pratos take-away, saladas e refei\u00e7\u00f5es de catering. Embalagem pr\u00e1tica e resistente.","breadcrumb":{"@id":"https:\/\/www.csj-emballages.com\/pt-pt\/produit\/caixa-de-refeicao-tampa-marmibox-preta-em-plastico-950-ml-pack-de-25\/#breadcrumb"},"inLanguage":"pt-PT","potentialAction":[{"@type":"ReadAction","target":["https:\/\/www.csj-emballages.com\/pt-pt\/produit\/caixa-de-refeicao-tampa-marmibox-preta-em-plastico-950-ml-pack-de-25\/"]}]},{"@type":"ImageObject","inLanguage":"pt-PT","@id":"https:\/\/www.csj-emballages.com\/pt-pt\/produit\/caixa-de-refeicao-tampa-marmibox-preta-em-plastico-950-ml-pack-de-25\/#primaryimage","url":"https:\/\/www.csj-emballages.com\/wp-content\/uploads\/2026\/03\/MAB600.webp","contentUrl":"https:\/\/www.csj-emballages.com\/wp-content\/uploads\/2026\/03\/MAB600.webp","width":800,"height":800,"caption":"Boite repas"},{"@type":"BreadcrumbList","@id":"https:\/\/www.csj-emballages.com\/pt-pt\/produit\/caixa-de-refeicao-tampa-marmibox-preta-em-plastico-950-ml-pack-de-25\/#breadcrumb","itemListElement":[{"@type":"ListItem","position":1,"name":"Acolhimento","item":"https:\/\/www.csj-emballages.com\/pt-pt\/universo-das-embalagens-alimentares\/"},{"@type":"ListItem","position":2,"name":"Shop","item":"https:\/\/www.csj-emballages.com\/shop\/"},{"@type":"ListItem","position":3,"name":"Caixa de refei\u00e7\u00e3o + tampa MARMI&rsquo;BOX preta em pl\u00e1stico 950 ml &#8211; pack de 25"}]},{"@type":"WebSite","@id":"https:\/\/www.csj-emballages.com\/pt-pt\/#website","url":"https:\/\/www.csj-emballages.com\/pt-pt\/","name":"CSJ Emballages","description":"","publisher":{"@id":"https:\/\/www.csj-emballages.com\/pt-pt\/#organization"},"potentialAction":[{"@type":"SearchAction","target":{"@type":"EntryPoint","urlTemplate":"https:\/\/www.csj-emballages.com\/pt-pt\/?s={search_term_string}"},"query-input":{"@type":"PropertyValueSpecification","valueRequired":true,"valueName":"search_term_string"}}],"inLanguage":"pt-PT"},{"@type":"Organization","@id":"https:\/\/www.csj-emballages.com\/pt-pt\/#Organization\/","name":"CSJ Emballages","url":"https:\/\/www.csj-emballages.com\/pt-pt\/","logo":{"@type":"ImageObject","inLanguage":"pt-PT","@id":"https:\/\/www.csj-emballages.com\/pt-pt\/#\/schema\/logo\/image\/","url":"https:\/\/www.csj-emballages.com\/wp-content\/uploads\/2023\/10\/logo_csj.webp","contentUrl":"https:\/\/www.csj-emballages.com\/wp-content\/uploads\/2023\/10\/logo_csj.webp","width":250,"height":95,"caption":"CSJ Emballages"},"image":{"@id":"https:\/\/www.csj-emballages.com\/pt-pt\/#\/schema\/logo\/image\/"},"sameAs":["https:\/\/www.facebook.com\/csjemballages"],"address":{"@type":"PostalAddress","streetAddress":"ZI La Lechere","addressLocality":"Patornay","postalCode":"39130","addressCountry":"FR"},"contactPoint":[{"@type":"ContactPoint","contactType":"Service client","telephone":"0384254272","email":"contact@csj-emballages.com"}]}]}},"df_price":9.97,"df_sale_price":"","df_regular_price":9.97,"df_image_link":"https:\/\/www.csj-emballages.com\/wp-content\/uploads\/2026\/03\/MAB600-300x300.webp","tiered_pricing_type":"fixed","tiered_pricing_fixed_rules":[],"tiered_pricing_percentage_rules":[],"tiered_pricing_minimum":1,"tiered_pricing_roles_data":[],"_links":{"self":[{"href":"https:\/\/www.csj-emballages.com\/pt-pt\/wp-json\/wp\/v2\/product\/273200","targetHints":{"allow":["GET"]}}],"collection":[{"href":"https:\/\/www.csj-emballages.com\/pt-pt\/wp-json\/wp\/v2\/product"}],"about":[{"href":"https:\/\/www.csj-emballages.com\/pt-pt\/wp-json\/wp\/v2\/types\/product"}],"wp:featuredmedia":[{"embeddable":true,"href":"https:\/\/www.csj-emballages.com\/pt-pt\/wp-json\/wp\/v2\/media\/273180"}],"wp:attachment":[{"href":"https:\/\/www.csj-emballages.com\/pt-pt\/wp-json\/wp\/v2\/media?parent=273200"}],"wp:term":[{"taxonomy":"product_brand","embeddable":true,"href":"https:\/\/www.csj-emballages.com\/pt-pt\/wp-json\/wp\/v2\/product_brand?post=273200"},{"taxonomy":"product_cat","embeddable":true,"href":"https:\/\/www.csj-emballages.com\/pt-pt\/wp-json\/wp\/v2\/product_cat?post=273200"},{"taxonomy":"product_tag","embeddable":true,"href":"https:\/\/www.csj-emballages.com\/pt-pt\/wp-json\/wp\/v2\/product_tag?post=273200"}],"curies":[{"name":"wp","href":"https:\/\/api.w.org\/{rel}","templated":true}]}}