{"id":265924,"date":"2026-02-20T15:15:15","date_gmt":"2026-02-20T14:15:15","guid":{"rendered":"https:\/\/www.csj-emballages.com\/produit\/caixa-para-produtos-de-pastelaria-com-dobradica-175-x-175-x-6-cm-por-320\/"},"modified":"2026-03-12T16:07:13","modified_gmt":"2026-03-12T15:07:13","slug":"caixa-para-produtos-de-pastelaria-com-dobradica-175-x-175-x-6-cm-por-320","status":"publish","type":"product","link":"https:\/\/www.csj-emballages.com\/pt-pt\/produit\/caixa-para-produtos-de-pastelaria-com-dobradica-175-x-175-x-6-cm-por-320\/","title":{"rendered":"Caixa para produtos de pastelaria com dobradi\u00e7a 17,5 x 17,5 x 6 cm por 320"},"content":{"rendered":"<h2>Caixa para produtos de pastelaria<\/h2>\n<hr>\n<h3>Descubra a nossa Caixa para produtos de pastelaria com dobradi\u00e7a 17,5 x 17,5 x 6 cm por 320<\/h3>\n<p><!--more--><\/p>\n<p data-start=\"190\" data-end=\"478\">A <strong>caixa para produtos de pastelaria com dobradi\u00e7a 17,5 x 17,5 x 6 cm<\/strong> \u00e9 ideal para proteger e apresentar os seus produtos de padaria com simplicidade e efic\u00e1cia. O seu formato <strong>quadrado<\/strong> \u00e9 perfeito para <strong>croissants, p\u00e3es de chocolate, brioches, chaussons de ma\u00e7\u00e3 ou pequenos sortidos doces<\/strong>. <\/p>\n<p data-start=\"480\" data-end=\"727\">Fabricada em <strong>pl\u00e1stico transparente<\/strong>, real\u00e7a os seus produtos de pastelaria desde a montra, garantindo uma prote\u00e7\u00e3o \u00f3tima contra manuseamento e choques. A sua <strong>altura de 6 cm<\/strong> permite preservar o volume dos produtos sem os esmagar. <\/p>\n<p data-start=\"729\" data-end=\"980\">O <strong>sistema de dobradi\u00e7a integrado<\/strong> facilita a abertura e o fecho r\u00e1pidos, garantindo uma fixa\u00e7\u00e3o fi\u00e1vel durante o transporte. O seu fundo r\u00edgido assegura uma boa estabilidade, seja para venda para fora ou para encomendas especiais. <\/p>\n<p data-start=\"982\" data-end=\"1157\">Embalada em lotes de <strong>320 unidades<\/strong>, esta <strong>caixa PET<\/strong> representa uma solu\u00e7\u00e3o pr\u00e1tica e econ\u00f3mica para padarias, pastelarias, sanduicherias e pontos de venda com alto volume.<\/p>\n<p data-start=\"1023\" data-end=\"1253\"><!--more--><\/p>\n<h4 data-start=\"1023\" data-end=\"1253\">Vantagens :<\/h4>\n<ul>\n<li data-start=\"1196\" data-end=\"1225\">Formato quadrado <strong>17,5 x 17,5 cm<\/strong>.<\/li>\n<li data-start=\"1228\" data-end=\"1268\"><strong>Altura 6 cm<\/strong> adaptada a produtos de pastelaria.<\/li>\n<li data-start=\"1271\" data-end=\"1316\">Pl\u00e1stico transparente que valoriza o produto.<\/li>\n<li data-start=\"1319\" data-end=\"1350\"><strong>Tampa com dobradi\u00e7a integrada<\/strong>.<\/li>\n<li data-start=\"1353\" data-end=\"1389\">Boa prote\u00e7\u00e3o durante o transporte.<\/li>\n<li data-start=\"1392\" data-end=\"1422\">Ideal para venda para fora.<\/li>\n<li data-start=\"1425\" data-end=\"1464\">Embalagem profissional por 320.<\/li>\n<\/ul>\n<p>&nbsp;<\/p>\n<p><!--more--><\/p>\n<h4>Outras informa\u00e7\u00f5es :<\/h4>\n<ul>\n<li><strong>Embalagem<\/strong>: Caixa de 320 unidades<\/li>\n<li><strong>Dimens\u00f5es<\/strong>: 17,5 x 17,5 x 6 cm<\/li>\n<li><strong>Cor<\/strong>: Transparente<\/li>\n<li><strong>Material<\/strong>: PET<\/li>\n<\/ul>\n<p>&nbsp;<\/p>\n<p><!--more--><\/p>\n<p><a href=\"https:\/\/www.csj-emballages.com\/pt-pt\/categorie-produit\/embalagem-de-alimentos\/padaria-e-pastelaria\/caixas-e-estojos\/caixas-de-pastelaria\/caixa-com-dobradicas-para-pastelaria\/\">Consulte o resto da nossa gama de caixas de pastelaria para viennoiseries<\/a><\/p>\n","protected":false},"excerpt":{"rendered":"<p>Caixa para produtos de pastelaria Descubra a nossa Caixa para produtos de pastelaria com dobradi\u00e7a 17,5 x 17,5 x 6 cm por 320<\/p>\n","protected":false},"featured_media":265921,"template":"","meta":{"_acf_changed":false},"product_brand":[],"product_cat":[1141,1177,3916,1258,6577,1267],"product_tag":[],"class_list":{"0":"post-265924","1":"product","2":"type-product","3":"status-publish","4":"has-post-thumbnail","6":"product_cat-embalagem-de-alimentos","7":"product_cat-padaria-e-pastelaria","8":"product_cat-caixas-e-estojos","9":"product_cat-caixas-de-pastelaria","10":"product_cat-caixa-com-dobradicas-para-pastelaria","11":"product_cat-descontos-promocoes","13":"first","14":"instock","15":"sale","16":"taxable","17":"shipping-taxable","18":"purchasable","19":"product-type-simple"},"acf":[],"yoast_head":"<!-- This site is optimized with the Yoast SEO Premium plugin v26.6 (Yoast SEO v26.6) - https:\/\/yoast.com\/wordpress\/plugins\/seo\/ -->\n<title>Caixa para Produtos de Pastelaria com Dobradi\u00e7a 17,5 x 17,5 x 6 cm por 320<\/title>\n<meta name=\"description\" content=\"Caixa para produtos de pastelaria com dobradi\u00e7a 17,5 x 17,5 x 6 cm por 320. Transparente e resistente, ideal para croissants e brioches para venda para fora.\" \/>\n<meta name=\"robots\" content=\"index, follow, max-snippet:-1, max-image-preview:large, max-video-preview:-1\" \/>\n<link rel=\"canonical\" href=\"https:\/\/www.csj-emballages.com\/pt-pt\/produit\/caixa-para-produtos-de-pastelaria-com-dobradica-175-x-175-x-6-cm-por-320\/\" \/>\n<meta property=\"og:locale\" content=\"pt_PT\" \/>\n<meta property=\"og:type\" content=\"article\" \/>\n<meta property=\"og:title\" content=\"Caixa para produtos de pastelaria com dobradi\u00e7a 17,5 x 17,5 x 6 cm por 320\" \/>\n<meta property=\"og:description\" content=\"Caixa para produtos de pastelaria com dobradi\u00e7a 17,5 x 17,5 x 6 cm por 320. Transparente e resistente, ideal para croissants e brioches para venda para fora.\" \/>\n<meta property=\"og:url\" content=\"https:\/\/www.csj-emballages.com\/pt-pt\/produit\/caixa-para-produtos-de-pastelaria-com-dobradica-175-x-175-x-6-cm-por-320\/\" \/>\n<meta property=\"og:site_name\" content=\"CSJ Emballages\" \/>\n<meta property=\"article:publisher\" content=\"https:\/\/www.facebook.com\/csjemballages\" \/>\n<meta property=\"article:modified_time\" content=\"2026-03-12T15:07:13+00:00\" \/>\n<meta property=\"og:image\" content=\"https:\/\/www.csj-emballages.com\/wp-content\/uploads\/2026\/02\/1BP65Y.webp\" \/>\n\t<meta property=\"og:image:width\" content=\"800\" \/>\n\t<meta property=\"og:image:height\" content=\"800\" \/>\n\t<meta property=\"og:image:type\" content=\"image\/webp\" \/>\n<meta name=\"twitter:card\" content=\"summary_large_image\" \/>\n<meta name=\"twitter:label1\" content=\"Tempo estimado de leitura\" \/>\n\t<meta name=\"twitter:data1\" content=\"1 minuto\" \/>\n<script type=\"application\/ld+json\" class=\"yoast-schema-graph\">{\"@context\":\"https:\/\/schema.org\",\"@graph\":[{\"@type\":\"WebPage\",\"@id\":\"https:\/\/www.csj-emballages.com\/pt-pt\/produit\/caixa-para-produtos-de-pastelaria-com-dobradica-175-x-175-x-6-cm-por-320\/\",\"url\":\"https:\/\/www.csj-emballages.com\/pt-pt\/produit\/caixa-para-produtos-de-pastelaria-com-dobradica-175-x-175-x-6-cm-por-320\/\",\"name\":\"Caixa para Produtos de Pastelaria com Dobradi\u00e7a 17,5 x 17,5 x 6 cm por 320\",\"isPartOf\":{\"@id\":\"https:\/\/www.csj-emballages.com\/pt-pt\/#website\"},\"primaryImageOfPage\":{\"@id\":\"https:\/\/www.csj-emballages.com\/pt-pt\/produit\/caixa-para-produtos-de-pastelaria-com-dobradica-175-x-175-x-6-cm-por-320\/#primaryimage\"},\"image\":{\"@id\":\"https:\/\/www.csj-emballages.com\/pt-pt\/produit\/caixa-para-produtos-de-pastelaria-com-dobradica-175-x-175-x-6-cm-por-320\/#primaryimage\"},\"thumbnailUrl\":\"https:\/\/www.csj-emballages.com\/wp-content\/uploads\/2026\/02\/1BP65Y.webp\",\"datePublished\":\"2026-02-20T14:15:15+00:00\",\"dateModified\":\"2026-03-12T15:07:13+00:00\",\"description\":\"Caixa para produtos de pastelaria com dobradi\u00e7a 17,5 x 17,5 x 6 cm por 320. Transparente e resistente, ideal para croissants e brioches para venda para fora.\",\"breadcrumb\":{\"@id\":\"https:\/\/www.csj-emballages.com\/pt-pt\/produit\/caixa-para-produtos-de-pastelaria-com-dobradica-175-x-175-x-6-cm-por-320\/#breadcrumb\"},\"inLanguage\":\"pt-PT\",\"potentialAction\":[{\"@type\":\"ReadAction\",\"target\":[\"https:\/\/www.csj-emballages.com\/pt-pt\/produit\/caixa-para-produtos-de-pastelaria-com-dobradica-175-x-175-x-6-cm-por-320\/\"]}]},{\"@type\":\"ImageObject\",\"inLanguage\":\"pt-PT\",\"@id\":\"https:\/\/www.csj-emballages.com\/pt-pt\/produit\/caixa-para-produtos-de-pastelaria-com-dobradica-175-x-175-x-6-cm-por-320\/#primaryimage\",\"url\":\"https:\/\/www.csj-emballages.com\/wp-content\/uploads\/2026\/02\/1BP65Y.webp\",\"contentUrl\":\"https:\/\/www.csj-emballages.com\/wp-content\/uploads\/2026\/02\/1BP65Y.webp\",\"width\":800,\"height\":800,\"caption\":\"Boite \u00e0 viennoiseries\"},{\"@type\":\"BreadcrumbList\",\"@id\":\"https:\/\/www.csj-emballages.com\/pt-pt\/produit\/caixa-para-produtos-de-pastelaria-com-dobradica-175-x-175-x-6-cm-por-320\/#breadcrumb\",\"itemListElement\":[{\"@type\":\"ListItem\",\"position\":1,\"name\":\"Acolhimento\",\"item\":\"https:\/\/www.csj-emballages.com\/pt-pt\/universo-das-embalagens-alimentares\/\"},{\"@type\":\"ListItem\",\"position\":2,\"name\":\"Shop\",\"item\":\"https:\/\/www.csj-emballages.com\/shop\/\"},{\"@type\":\"ListItem\",\"position\":3,\"name\":\"Caixa para produtos de pastelaria com dobradi\u00e7a 17,5 x 17,5 x 6 cm por 320\"}]},{\"@type\":\"WebSite\",\"@id\":\"https:\/\/www.csj-emballages.com\/pt-pt\/#website\",\"url\":\"https:\/\/www.csj-emballages.com\/pt-pt\/\",\"name\":\"CSJ Emballages\",\"description\":\"\",\"publisher\":{\"@id\":\"https:\/\/www.csj-emballages.com\/pt-pt\/#organization\"},\"potentialAction\":[{\"@type\":\"SearchAction\",\"target\":{\"@type\":\"EntryPoint\",\"urlTemplate\":\"https:\/\/www.csj-emballages.com\/pt-pt\/?s={search_term_string}\"},\"query-input\":{\"@type\":\"PropertyValueSpecification\",\"valueRequired\":true,\"valueName\":\"search_term_string\"}}],\"inLanguage\":\"pt-PT\"},{\"@type\":\"Organization\",\"@id\":\"https:\/\/www.csj-emballages.com\/pt-pt\/#Organization\/\",\"name\":\"CSJ Emballages\",\"url\":\"https:\/\/www.csj-emballages.com\/pt-pt\/\",\"logo\":{\"@type\":\"ImageObject\",\"inLanguage\":\"pt-PT\",\"@id\":\"https:\/\/www.csj-emballages.com\/pt-pt\/#\/schema\/logo\/image\/\",\"url\":\"https:\/\/www.csj-emballages.com\/wp-content\/uploads\/2023\/10\/logo_csj.webp\",\"contentUrl\":\"https:\/\/www.csj-emballages.com\/wp-content\/uploads\/2023\/10\/logo_csj.webp\",\"width\":250,\"height\":95,\"caption\":\"CSJ Emballages\"},\"image\":{\"@id\":\"https:\/\/www.csj-emballages.com\/pt-pt\/#\/schema\/logo\/image\/\"},\"sameAs\":[\"https:\/\/www.facebook.com\/csjemballages\"],\"address\":{\"@type\":\"PostalAddress\",\"streetAddress\":\"ZI La Lechere\",\"addressLocality\":\"Patornay\",\"postalCode\":\"39130\",\"addressCountry\":\"FR\"},\"contactPoint\":[{\"@type\":\"ContactPoint\",\"contactType\":\"Service client\",\"telephone\":\"0384254272\",\"email\":\"contact@csj-emballages.com\"}]}]}<\/script>\n<!-- \/ Yoast SEO Premium plugin. -->","yoast_head_json":{"title":"Caixa para Produtos de Pastelaria com Dobradi\u00e7a 17,5 x 17,5 x 6 cm por 320","description":"Caixa para produtos de pastelaria com dobradi\u00e7a 17,5 x 17,5 x 6 cm por 320. Transparente e resistente, ideal para croissants e brioches para venda para fora.","robots":{"index":"index","follow":"follow","max-snippet":"max-snippet:-1","max-image-preview":"max-image-preview:large","max-video-preview":"max-video-preview:-1"},"canonical":"https:\/\/www.csj-emballages.com\/pt-pt\/produit\/caixa-para-produtos-de-pastelaria-com-dobradica-175-x-175-x-6-cm-por-320\/","og_locale":"pt_PT","og_type":"article","og_title":"Caixa para produtos de pastelaria com dobradi\u00e7a 17,5 x 17,5 x 6 cm por 320","og_description":"Caixa para produtos de pastelaria com dobradi\u00e7a 17,5 x 17,5 x 6 cm por 320. Transparente e resistente, ideal para croissants e brioches para venda para fora.","og_url":"https:\/\/www.csj-emballages.com\/pt-pt\/produit\/caixa-para-produtos-de-pastelaria-com-dobradica-175-x-175-x-6-cm-por-320\/","og_site_name":"CSJ Emballages","article_publisher":"https:\/\/www.facebook.com\/csjemballages","article_modified_time":"2026-03-12T15:07:13+00:00","og_image":[{"width":800,"height":800,"url":"https:\/\/www.csj-emballages.com\/wp-content\/uploads\/2026\/02\/1BP65Y.webp","type":"image\/webp"}],"twitter_card":"summary_large_image","twitter_misc":{"Tempo estimado de leitura":"1 minuto"},"schema":{"@context":"https:\/\/schema.org","@graph":[{"@type":"WebPage","@id":"https:\/\/www.csj-emballages.com\/pt-pt\/produit\/caixa-para-produtos-de-pastelaria-com-dobradica-175-x-175-x-6-cm-por-320\/","url":"https:\/\/www.csj-emballages.com\/pt-pt\/produit\/caixa-para-produtos-de-pastelaria-com-dobradica-175-x-175-x-6-cm-por-320\/","name":"Caixa para Produtos de Pastelaria com Dobradi\u00e7a 17,5 x 17,5 x 6 cm por 320","isPartOf":{"@id":"https:\/\/www.csj-emballages.com\/pt-pt\/#website"},"primaryImageOfPage":{"@id":"https:\/\/www.csj-emballages.com\/pt-pt\/produit\/caixa-para-produtos-de-pastelaria-com-dobradica-175-x-175-x-6-cm-por-320\/#primaryimage"},"image":{"@id":"https:\/\/www.csj-emballages.com\/pt-pt\/produit\/caixa-para-produtos-de-pastelaria-com-dobradica-175-x-175-x-6-cm-por-320\/#primaryimage"},"thumbnailUrl":"https:\/\/www.csj-emballages.com\/wp-content\/uploads\/2026\/02\/1BP65Y.webp","datePublished":"2026-02-20T14:15:15+00:00","dateModified":"2026-03-12T15:07:13+00:00","description":"Caixa para produtos de pastelaria com dobradi\u00e7a 17,5 x 17,5 x 6 cm por 320. Transparente e resistente, ideal para croissants e brioches para venda para fora.","breadcrumb":{"@id":"https:\/\/www.csj-emballages.com\/pt-pt\/produit\/caixa-para-produtos-de-pastelaria-com-dobradica-175-x-175-x-6-cm-por-320\/#breadcrumb"},"inLanguage":"pt-PT","potentialAction":[{"@type":"ReadAction","target":["https:\/\/www.csj-emballages.com\/pt-pt\/produit\/caixa-para-produtos-de-pastelaria-com-dobradica-175-x-175-x-6-cm-por-320\/"]}]},{"@type":"ImageObject","inLanguage":"pt-PT","@id":"https:\/\/www.csj-emballages.com\/pt-pt\/produit\/caixa-para-produtos-de-pastelaria-com-dobradica-175-x-175-x-6-cm-por-320\/#primaryimage","url":"https:\/\/www.csj-emballages.com\/wp-content\/uploads\/2026\/02\/1BP65Y.webp","contentUrl":"https:\/\/www.csj-emballages.com\/wp-content\/uploads\/2026\/02\/1BP65Y.webp","width":800,"height":800,"caption":"Boite \u00e0 viennoiseries"},{"@type":"BreadcrumbList","@id":"https:\/\/www.csj-emballages.com\/pt-pt\/produit\/caixa-para-produtos-de-pastelaria-com-dobradica-175-x-175-x-6-cm-por-320\/#breadcrumb","itemListElement":[{"@type":"ListItem","position":1,"name":"Acolhimento","item":"https:\/\/www.csj-emballages.com\/pt-pt\/universo-das-embalagens-alimentares\/"},{"@type":"ListItem","position":2,"name":"Shop","item":"https:\/\/www.csj-emballages.com\/shop\/"},{"@type":"ListItem","position":3,"name":"Caixa para produtos de pastelaria com dobradi\u00e7a 17,5 x 17,5 x 6 cm por 320"}]},{"@type":"WebSite","@id":"https:\/\/www.csj-emballages.com\/pt-pt\/#website","url":"https:\/\/www.csj-emballages.com\/pt-pt\/","name":"CSJ Emballages","description":"","publisher":{"@id":"https:\/\/www.csj-emballages.com\/pt-pt\/#organization"},"potentialAction":[{"@type":"SearchAction","target":{"@type":"EntryPoint","urlTemplate":"https:\/\/www.csj-emballages.com\/pt-pt\/?s={search_term_string}"},"query-input":{"@type":"PropertyValueSpecification","valueRequired":true,"valueName":"search_term_string"}}],"inLanguage":"pt-PT"},{"@type":"Organization","@id":"https:\/\/www.csj-emballages.com\/pt-pt\/#Organization\/","name":"CSJ Emballages","url":"https:\/\/www.csj-emballages.com\/pt-pt\/","logo":{"@type":"ImageObject","inLanguage":"pt-PT","@id":"https:\/\/www.csj-emballages.com\/pt-pt\/#\/schema\/logo\/image\/","url":"https:\/\/www.csj-emballages.com\/wp-content\/uploads\/2023\/10\/logo_csj.webp","contentUrl":"https:\/\/www.csj-emballages.com\/wp-content\/uploads\/2023\/10\/logo_csj.webp","width":250,"height":95,"caption":"CSJ Emballages"},"image":{"@id":"https:\/\/www.csj-emballages.com\/pt-pt\/#\/schema\/logo\/image\/"},"sameAs":["https:\/\/www.facebook.com\/csjemballages"],"address":{"@type":"PostalAddress","streetAddress":"ZI La Lechere","addressLocality":"Patornay","postalCode":"39130","addressCountry":"FR"},"contactPoint":[{"@type":"ContactPoint","contactType":"Service client","telephone":"0384254272","email":"contact@csj-emballages.com"}]}]}},"df_price":48,"df_sale_price":48,"df_regular_price":60,"df_image_link":"https:\/\/www.csj-emballages.com\/wp-content\/uploads\/2026\/02\/1BP65Y-300x300.webp","tiered_pricing_type":"fixed","tiered_pricing_fixed_rules":[],"tiered_pricing_percentage_rules":[],"tiered_pricing_minimum":1,"tiered_pricing_roles_data":[],"_links":{"self":[{"href":"https:\/\/www.csj-emballages.com\/pt-pt\/wp-json\/wp\/v2\/product\/265924","targetHints":{"allow":["GET"]}}],"collection":[{"href":"https:\/\/www.csj-emballages.com\/pt-pt\/wp-json\/wp\/v2\/product"}],"about":[{"href":"https:\/\/www.csj-emballages.com\/pt-pt\/wp-json\/wp\/v2\/types\/product"}],"wp:featuredmedia":[{"embeddable":true,"href":"https:\/\/www.csj-emballages.com\/pt-pt\/wp-json\/wp\/v2\/media\/265921"}],"wp:attachment":[{"href":"https:\/\/www.csj-emballages.com\/pt-pt\/wp-json\/wp\/v2\/media?parent=265924"}],"wp:term":[{"taxonomy":"product_brand","embeddable":true,"href":"https:\/\/www.csj-emballages.com\/pt-pt\/wp-json\/wp\/v2\/product_brand?post=265924"},{"taxonomy":"product_cat","embeddable":true,"href":"https:\/\/www.csj-emballages.com\/pt-pt\/wp-json\/wp\/v2\/product_cat?post=265924"},{"taxonomy":"product_tag","embeddable":true,"href":"https:\/\/www.csj-emballages.com\/pt-pt\/wp-json\/wp\/v2\/product_tag?post=265924"}],"curies":[{"name":"wp","href":"https:\/\/api.w.org\/{rel}","templated":true}]}}