{"id":265516,"date":"2026-02-19T15:18:18","date_gmt":"2026-02-19T14:18:18","guid":{"rendered":"https:\/\/www.csj-emballages.com\/produit\/ramequim-de-aluminio-redondo-100-ml-pack-de-100\/"},"modified":"2026-04-01T17:49:46","modified_gmt":"2026-04-01T15:49:46","slug":"ramequim-de-aluminio-redondo-100-ml-pack-de-100","status":"publish","type":"product","link":"https:\/\/www.csj-emballages.com\/pt-pt\/produit\/ramequim-de-aluminio-redondo-100-ml-pack-de-100\/","title":{"rendered":"Ramequim de alum\u00ednio redondo 84 ml por 100"},"content":{"rendered":"<h2>Escora de alum\u00ednio<\/h2>\n<hr>\n<h3>Descubra o nosso ramequim de alum\u00ednio redondo 84 ml por 100<\/h3>\n<p><!--more--><\/p>\n<p data-start=\"168\" data-end=\"469\">O <strong>ramequim de alum\u00ednio redondo 84 ml<\/strong> \u00e9 uma solu\u00e7\u00e3o pr\u00e1tica e vers\u00e1til para a cozedura, prepara\u00e7\u00e3o e apresenta\u00e7\u00e3o de por\u00e7\u00f5es individuais. Gra\u00e7as ao seu formato compacto, \u00e9 perfeito para <strong>molhos, cremes, pudins, sufl\u00eas, acompanhamentos ou pequenas prepara\u00e7\u00f5es salgadas e doces<\/strong>. <\/p>\n<p data-start=\"471\" data-end=\"735\">Fabricado em <strong>alum\u00ednio<\/strong>, resiste ao calor e assegura uma excelente condu\u00e7\u00e3o t\u00e9rmica para uma cozedura homog\u00e9nea. Pode <strong>ir ao forno e suporta igualmente o frio<\/strong>, o que o torna ideal para prepara\u00e7\u00f5es que necessitem de conserva\u00e7\u00e3o no frigor\u00edfico. <\/p>\n<p data-start=\"737\" data-end=\"922\">A sua <strong>estrutura r\u00edgida<\/strong> garante uma boa estabilidade durante o manuseamento e o transporte. Leve e pr\u00e1tico, permite um servi\u00e7o r\u00e1pido em restaura\u00e7\u00e3o, catering ou take-away. <\/p>\n<p data-start=\"924\" data-end=\"1090\">Embalado em <strong>lotes de 100 unidades<\/strong>, este <strong>ramequim<\/strong> responde perfeitamente \u00e0s necessidades dos profissionais que procuram uma embalagem fi\u00e1vel, econ\u00f3mica e f\u00e1cil de usar.<\/p>\n<p data-start=\"1023\" data-end=\"1253\"><!--more--><\/p>\n<h4 data-start=\"1023\" data-end=\"1253\">Vantagens :<\/h4>\n<ul>\n<li data-start=\"1129\" data-end=\"1183\"><strong>Capacidade 84 ml<\/strong> adaptada a por\u00e7\u00f5es individuais.<\/li>\n<li data-start=\"1186\" data-end=\"1220\"><strong>Alum\u00ednio<\/strong> resistente ao calor.<\/li>\n<li data-start=\"1223\" data-end=\"1241\">Cozedura homog\u00e9nea.<\/li>\n<li data-start=\"1319\" data-end=\"1374\">Ideal para molhos, pudins, sobremesas ou acompanhamentos.<\/li>\n<li data-start=\"1377\" data-end=\"1416\">Embalagem profissional de <strong>100<\/strong>.<\/li>\n<\/ul>\n<p>&nbsp;<\/p>\n<p><!--more--><\/p>\n<h4>Outras informa\u00e7\u00f5es :<\/h4>\n<ul>\n<li><strong>Embalagem<\/strong>: Pacote de 100<\/li>\n<li><strong>Di\u00e2metro exterior<\/strong>: 81 mm<\/li>\n<li><strong>Di\u00e2metro superior<\/strong>: 70 mm<\/li>\n<li><strong>Di\u00e2metro inferior<\/strong>: 64 mm<\/li>\n<li><strong>Altura<\/strong>: 26 mm<\/li>\n<li><strong>Volume<\/strong>: 84 ml<\/li>\n<li><strong>Cor<\/strong>: Prateado<\/li>\n<li><strong>Material<\/strong>: Alum\u00ednio<\/li>\n<\/ul>\n<p>&nbsp;<\/p>\n<p><!--more--><\/p>\n<p>Este ramequim de alum\u00ednio de 84 ml tamb\u00e9m est\u00e1 dispon\u00edvel em 251 ml: <span style=\"color: #d12727;\"><a style=\"color: #d12727;\" href=\"https:\/\/www.csj-emballages.com\/pt-pt\/produit\/100-recipientes-redondos-de-aluminio-descartaveis-de-251-ml\/\">RA251<\/a><\/span><\/p>\n<p>&nbsp;<\/p>\n<p><!--more--><\/p>\n<p><a href=\"https:\/\/www.csj-emballages.com\/pt-pt\/categorie-produit\/embalagem-de-alimentos\/talho-e-charcutaria\/tabuleiros-latas-e-frascos\/tabuleiros-de-aluminio-pratos-formas-tabuleiros-de-refeicao-copos-ramequins-empadas-de-carne\/ramequins-pt-pt\/\">Consulte o resto da nossa gama de ramequins de alum\u00ednio<\/a><\/p>\n","protected":false},"excerpt":{"rendered":"<p>Escora de alum\u00ednio Descubra o nosso ramequim de alum\u00ednio redondo 84 ml por 100<\/p>\n","protected":false},"featured_media":265472,"template":"","meta":{"_acf_changed":false},"product_brand":[],"product_cat":[1141,1176,2289,2001,3234],"product_tag":[],"class_list":{"0":"post-265516","1":"product","2":"type-product","3":"status-publish","4":"has-post-thumbnail","6":"product_cat-embalagem-de-alimentos","7":"product_cat-talho-e-charcutaria","8":"product_cat-tabuleiros-latas-e-frascos","9":"product_cat-tabuleiros-de-aluminio-pratos-formas-tabuleiros-de-refeicao-copos-ramequins-empadas-de-carne","10":"product_cat-ramequins-pt-pt","12":"first","13":"instock","14":"taxable","15":"shipping-taxable","16":"purchasable","17":"product-type-simple"},"acf":[],"yoast_head":"<!-- This site is optimized with the Yoast SEO Premium plugin v26.6 (Yoast SEO v26.6) - https:\/\/yoast.com\/wordpress\/plugins\/seo\/ -->\n<title>Ramequim de Alum\u00ednio Redondo 84 ml por 100<\/title>\n<meta name=\"description\" content=\"Ramequim de alum\u00ednio redondo 84 ml por 100. Ideal para por\u00e7\u00f5es individuais, cozedura no forno e apresenta\u00e7\u00e3o cuidada em restaura\u00e7\u00e3o e catering.\" \/>\n<meta name=\"robots\" content=\"index, follow, max-snippet:-1, max-image-preview:large, max-video-preview:-1\" \/>\n<link rel=\"canonical\" href=\"https:\/\/www.csj-emballages.com\/pt-pt\/produit\/ramequim-de-aluminio-redondo-100-ml-pack-de-100\/\" \/>\n<meta property=\"og:locale\" content=\"pt_PT\" \/>\n<meta property=\"og:type\" content=\"article\" \/>\n<meta property=\"og:title\" content=\"Ramequim de alum\u00ednio redondo 84 ml por 100\" \/>\n<meta property=\"og:description\" content=\"Ramequim de alum\u00ednio redondo 84 ml por 100. Ideal para por\u00e7\u00f5es individuais, cozedura no forno e apresenta\u00e7\u00e3o cuidada em restaura\u00e7\u00e3o e catering.\" \/>\n<meta property=\"og:url\" content=\"https:\/\/www.csj-emballages.com\/pt-pt\/produit\/ramequim-de-aluminio-redondo-100-ml-pack-de-100\/\" \/>\n<meta property=\"og:site_name\" content=\"CSJ Emballages\" \/>\n<meta property=\"article:publisher\" content=\"https:\/\/www.facebook.com\/csjemballages\" \/>\n<meta property=\"article:modified_time\" content=\"2026-04-01T15:49:46+00:00\" \/>\n<meta property=\"og:image\" content=\"https:\/\/www.csj-emballages.com\/wp-content\/uploads\/2026\/02\/RA100.webp\" \/>\n\t<meta property=\"og:image:width\" content=\"800\" \/>\n\t<meta property=\"og:image:height\" content=\"800\" \/>\n\t<meta property=\"og:image:type\" content=\"image\/webp\" \/>\n<meta name=\"twitter:card\" content=\"summary_large_image\" \/>\n<meta name=\"twitter:label1\" content=\"Tempo estimado de leitura\" \/>\n\t<meta name=\"twitter:data1\" content=\"1 minuto\" \/>\n<script type=\"application\/ld+json\" class=\"yoast-schema-graph\">{\"@context\":\"https:\/\/schema.org\",\"@graph\":[{\"@type\":\"WebPage\",\"@id\":\"https:\/\/www.csj-emballages.com\/pt-pt\/produit\/ramequim-de-aluminio-redondo-100-ml-pack-de-100\/\",\"url\":\"https:\/\/www.csj-emballages.com\/pt-pt\/produit\/ramequim-de-aluminio-redondo-100-ml-pack-de-100\/\",\"name\":\"Ramequim de Alum\u00ednio Redondo 84 ml por 100\",\"isPartOf\":{\"@id\":\"https:\/\/www.csj-emballages.com\/pt-pt\/#website\"},\"primaryImageOfPage\":{\"@id\":\"https:\/\/www.csj-emballages.com\/pt-pt\/produit\/ramequim-de-aluminio-redondo-100-ml-pack-de-100\/#primaryimage\"},\"image\":{\"@id\":\"https:\/\/www.csj-emballages.com\/pt-pt\/produit\/ramequim-de-aluminio-redondo-100-ml-pack-de-100\/#primaryimage\"},\"thumbnailUrl\":\"https:\/\/www.csj-emballages.com\/wp-content\/uploads\/2026\/02\/RA100.webp\",\"datePublished\":\"2026-02-19T14:18:18+00:00\",\"dateModified\":\"2026-04-01T15:49:46+00:00\",\"description\":\"Ramequim de alum\u00ednio redondo 84 ml por 100. Ideal para por\u00e7\u00f5es individuais, cozedura no forno e apresenta\u00e7\u00e3o cuidada em restaura\u00e7\u00e3o e catering.\",\"breadcrumb\":{\"@id\":\"https:\/\/www.csj-emballages.com\/pt-pt\/produit\/ramequim-de-aluminio-redondo-100-ml-pack-de-100\/#breadcrumb\"},\"inLanguage\":\"pt-PT\",\"potentialAction\":[{\"@type\":\"ReadAction\",\"target\":[\"https:\/\/www.csj-emballages.com\/pt-pt\/produit\/ramequim-de-aluminio-redondo-100-ml-pack-de-100\/\"]}]},{\"@type\":\"ImageObject\",\"inLanguage\":\"pt-PT\",\"@id\":\"https:\/\/www.csj-emballages.com\/pt-pt\/produit\/ramequim-de-aluminio-redondo-100-ml-pack-de-100\/#primaryimage\",\"url\":\"https:\/\/www.csj-emballages.com\/wp-content\/uploads\/2026\/02\/RA100.webp\",\"contentUrl\":\"https:\/\/www.csj-emballages.com\/wp-content\/uploads\/2026\/02\/RA100.webp\",\"width\":800,\"height\":800,\"caption\":\"Ramequin aluminium\"},{\"@type\":\"BreadcrumbList\",\"@id\":\"https:\/\/www.csj-emballages.com\/pt-pt\/produit\/ramequim-de-aluminio-redondo-100-ml-pack-de-100\/#breadcrumb\",\"itemListElement\":[{\"@type\":\"ListItem\",\"position\":1,\"name\":\"Acolhimento\",\"item\":\"https:\/\/www.csj-emballages.com\/pt-pt\/universo-das-embalagens-alimentares\/\"},{\"@type\":\"ListItem\",\"position\":2,\"name\":\"Shop\",\"item\":\"https:\/\/www.csj-emballages.com\/shop\/\"},{\"@type\":\"ListItem\",\"position\":3,\"name\":\"Ramequim de alum\u00ednio redondo 84 ml por 100\"}]},{\"@type\":\"WebSite\",\"@id\":\"https:\/\/www.csj-emballages.com\/pt-pt\/#website\",\"url\":\"https:\/\/www.csj-emballages.com\/pt-pt\/\",\"name\":\"CSJ Emballages\",\"description\":\"\",\"publisher\":{\"@id\":\"https:\/\/www.csj-emballages.com\/pt-pt\/#organization\"},\"potentialAction\":[{\"@type\":\"SearchAction\",\"target\":{\"@type\":\"EntryPoint\",\"urlTemplate\":\"https:\/\/www.csj-emballages.com\/pt-pt\/?s={search_term_string}\"},\"query-input\":{\"@type\":\"PropertyValueSpecification\",\"valueRequired\":true,\"valueName\":\"search_term_string\"}}],\"inLanguage\":\"pt-PT\"},{\"@type\":\"Organization\",\"@id\":\"https:\/\/www.csj-emballages.com\/pt-pt\/#Organization\/\",\"name\":\"CSJ Emballages\",\"url\":\"https:\/\/www.csj-emballages.com\/pt-pt\/\",\"logo\":{\"@type\":\"ImageObject\",\"inLanguage\":\"pt-PT\",\"@id\":\"https:\/\/www.csj-emballages.com\/pt-pt\/#\/schema\/logo\/image\/\",\"url\":\"https:\/\/www.csj-emballages.com\/wp-content\/uploads\/2023\/10\/logo_csj.webp\",\"contentUrl\":\"https:\/\/www.csj-emballages.com\/wp-content\/uploads\/2023\/10\/logo_csj.webp\",\"width\":250,\"height\":95,\"caption\":\"CSJ Emballages\"},\"image\":{\"@id\":\"https:\/\/www.csj-emballages.com\/pt-pt\/#\/schema\/logo\/image\/\"},\"sameAs\":[\"https:\/\/www.facebook.com\/csjemballages\"],\"address\":{\"@type\":\"PostalAddress\",\"streetAddress\":\"ZI La Lechere\",\"addressLocality\":\"Patornay\",\"postalCode\":\"39130\",\"addressCountry\":\"FR\"},\"contactPoint\":[{\"@type\":\"ContactPoint\",\"contactType\":\"Service client\",\"telephone\":\"0384254272\",\"email\":\"contact@csj-emballages.com\"}]}]}<\/script>\n<!-- \/ Yoast SEO Premium plugin. -->","yoast_head_json":{"title":"Ramequim de Alum\u00ednio Redondo 84 ml por 100","description":"Ramequim de alum\u00ednio redondo 84 ml por 100. Ideal para por\u00e7\u00f5es individuais, cozedura no forno e apresenta\u00e7\u00e3o cuidada em restaura\u00e7\u00e3o e catering.","robots":{"index":"index","follow":"follow","max-snippet":"max-snippet:-1","max-image-preview":"max-image-preview:large","max-video-preview":"max-video-preview:-1"},"canonical":"https:\/\/www.csj-emballages.com\/pt-pt\/produit\/ramequim-de-aluminio-redondo-100-ml-pack-de-100\/","og_locale":"pt_PT","og_type":"article","og_title":"Ramequim de alum\u00ednio redondo 84 ml por 100","og_description":"Ramequim de alum\u00ednio redondo 84 ml por 100. Ideal para por\u00e7\u00f5es individuais, cozedura no forno e apresenta\u00e7\u00e3o cuidada em restaura\u00e7\u00e3o e catering.","og_url":"https:\/\/www.csj-emballages.com\/pt-pt\/produit\/ramequim-de-aluminio-redondo-100-ml-pack-de-100\/","og_site_name":"CSJ Emballages","article_publisher":"https:\/\/www.facebook.com\/csjemballages","article_modified_time":"2026-04-01T15:49:46+00:00","og_image":[{"width":800,"height":800,"url":"https:\/\/www.csj-emballages.com\/wp-content\/uploads\/2026\/02\/RA100.webp","type":"image\/webp"}],"twitter_card":"summary_large_image","twitter_misc":{"Tempo estimado de leitura":"1 minuto"},"schema":{"@context":"https:\/\/schema.org","@graph":[{"@type":"WebPage","@id":"https:\/\/www.csj-emballages.com\/pt-pt\/produit\/ramequim-de-aluminio-redondo-100-ml-pack-de-100\/","url":"https:\/\/www.csj-emballages.com\/pt-pt\/produit\/ramequim-de-aluminio-redondo-100-ml-pack-de-100\/","name":"Ramequim de Alum\u00ednio Redondo 84 ml por 100","isPartOf":{"@id":"https:\/\/www.csj-emballages.com\/pt-pt\/#website"},"primaryImageOfPage":{"@id":"https:\/\/www.csj-emballages.com\/pt-pt\/produit\/ramequim-de-aluminio-redondo-100-ml-pack-de-100\/#primaryimage"},"image":{"@id":"https:\/\/www.csj-emballages.com\/pt-pt\/produit\/ramequim-de-aluminio-redondo-100-ml-pack-de-100\/#primaryimage"},"thumbnailUrl":"https:\/\/www.csj-emballages.com\/wp-content\/uploads\/2026\/02\/RA100.webp","datePublished":"2026-02-19T14:18:18+00:00","dateModified":"2026-04-01T15:49:46+00:00","description":"Ramequim de alum\u00ednio redondo 84 ml por 100. Ideal para por\u00e7\u00f5es individuais, cozedura no forno e apresenta\u00e7\u00e3o cuidada em restaura\u00e7\u00e3o e catering.","breadcrumb":{"@id":"https:\/\/www.csj-emballages.com\/pt-pt\/produit\/ramequim-de-aluminio-redondo-100-ml-pack-de-100\/#breadcrumb"},"inLanguage":"pt-PT","potentialAction":[{"@type":"ReadAction","target":["https:\/\/www.csj-emballages.com\/pt-pt\/produit\/ramequim-de-aluminio-redondo-100-ml-pack-de-100\/"]}]},{"@type":"ImageObject","inLanguage":"pt-PT","@id":"https:\/\/www.csj-emballages.com\/pt-pt\/produit\/ramequim-de-aluminio-redondo-100-ml-pack-de-100\/#primaryimage","url":"https:\/\/www.csj-emballages.com\/wp-content\/uploads\/2026\/02\/RA100.webp","contentUrl":"https:\/\/www.csj-emballages.com\/wp-content\/uploads\/2026\/02\/RA100.webp","width":800,"height":800,"caption":"Ramequin aluminium"},{"@type":"BreadcrumbList","@id":"https:\/\/www.csj-emballages.com\/pt-pt\/produit\/ramequim-de-aluminio-redondo-100-ml-pack-de-100\/#breadcrumb","itemListElement":[{"@type":"ListItem","position":1,"name":"Acolhimento","item":"https:\/\/www.csj-emballages.com\/pt-pt\/universo-das-embalagens-alimentares\/"},{"@type":"ListItem","position":2,"name":"Shop","item":"https:\/\/www.csj-emballages.com\/shop\/"},{"@type":"ListItem","position":3,"name":"Ramequim de alum\u00ednio redondo 84 ml por 100"}]},{"@type":"WebSite","@id":"https:\/\/www.csj-emballages.com\/pt-pt\/#website","url":"https:\/\/www.csj-emballages.com\/pt-pt\/","name":"CSJ Emballages","description":"","publisher":{"@id":"https:\/\/www.csj-emballages.com\/pt-pt\/#organization"},"potentialAction":[{"@type":"SearchAction","target":{"@type":"EntryPoint","urlTemplate":"https:\/\/www.csj-emballages.com\/pt-pt\/?s={search_term_string}"},"query-input":{"@type":"PropertyValueSpecification","valueRequired":true,"valueName":"search_term_string"}}],"inLanguage":"pt-PT"},{"@type":"Organization","@id":"https:\/\/www.csj-emballages.com\/pt-pt\/#Organization\/","name":"CSJ Emballages","url":"https:\/\/www.csj-emballages.com\/pt-pt\/","logo":{"@type":"ImageObject","inLanguage":"pt-PT","@id":"https:\/\/www.csj-emballages.com\/pt-pt\/#\/schema\/logo\/image\/","url":"https:\/\/www.csj-emballages.com\/wp-content\/uploads\/2023\/10\/logo_csj.webp","contentUrl":"https:\/\/www.csj-emballages.com\/wp-content\/uploads\/2023\/10\/logo_csj.webp","width":250,"height":95,"caption":"CSJ Emballages"},"image":{"@id":"https:\/\/www.csj-emballages.com\/pt-pt\/#\/schema\/logo\/image\/"},"sameAs":["https:\/\/www.facebook.com\/csjemballages"],"address":{"@type":"PostalAddress","streetAddress":"ZI La Lechere","addressLocality":"Patornay","postalCode":"39130","addressCountry":"FR"},"contactPoint":[{"@type":"ContactPoint","contactType":"Service client","telephone":"0384254272","email":"contact@csj-emballages.com"}]}]}},"df_price":10.72,"df_sale_price":"","df_regular_price":10.72,"df_image_link":"https:\/\/www.csj-emballages.com\/wp-content\/uploads\/2026\/02\/RA100-300x300.webp","tiered_pricing_type":"fixed","tiered_pricing_fixed_rules":[],"tiered_pricing_percentage_rules":[],"tiered_pricing_minimum":1,"tiered_pricing_roles_data":[],"_links":{"self":[{"href":"https:\/\/www.csj-emballages.com\/pt-pt\/wp-json\/wp\/v2\/product\/265516","targetHints":{"allow":["GET"]}}],"collection":[{"href":"https:\/\/www.csj-emballages.com\/pt-pt\/wp-json\/wp\/v2\/product"}],"about":[{"href":"https:\/\/www.csj-emballages.com\/pt-pt\/wp-json\/wp\/v2\/types\/product"}],"wp:featuredmedia":[{"embeddable":true,"href":"https:\/\/www.csj-emballages.com\/pt-pt\/wp-json\/wp\/v2\/media\/265472"}],"wp:attachment":[{"href":"https:\/\/www.csj-emballages.com\/pt-pt\/wp-json\/wp\/v2\/media?parent=265516"}],"wp:term":[{"taxonomy":"product_brand","embeddable":true,"href":"https:\/\/www.csj-emballages.com\/pt-pt\/wp-json\/wp\/v2\/product_brand?post=265516"},{"taxonomy":"product_cat","embeddable":true,"href":"https:\/\/www.csj-emballages.com\/pt-pt\/wp-json\/wp\/v2\/product_cat?post=265516"},{"taxonomy":"product_tag","embeddable":true,"href":"https:\/\/www.csj-emballages.com\/pt-pt\/wp-json\/wp\/v2\/product_tag?post=265516"}],"curies":[{"name":"wp","href":"https:\/\/api.w.org\/{rel}","templated":true}]}}