{"id":265072,"date":"2025-09-24T09:18:32","date_gmt":"2025-09-24T07:18:32","guid":{"rendered":"https:\/\/www.csj-emballages.com\/produit\/saco-de-vacuo-liso-para-conservacao-25-x-70-cm-90-%c2%b5-100-unid\/"},"modified":"2026-04-01T17:51:34","modified_gmt":"2026-04-01T15:51:34","slug":"saco-de-vacuo-liso-para-conservacao-25-x-70-cm-90-%c2%b5-100-unid","status":"publish","type":"product","link":"https:\/\/www.csj-emballages.com\/pt-pt\/produit\/saco-de-vacuo-liso-para-conservacao-25-x-70-cm-90-%c2%b5-100-unid\/","title":{"rendered":"Saco de v\u00e1cuo liso para conserva\u00e7\u00e3o 25 x 70 cm 90 \u00b5 (100 unid.)"},"content":{"rendered":"<div class=\"elementor-element elementor-element-6621759 e-no-lazyload e-flex e-con-boxed e-con e-parent e-lazyloaded\" data-id=\"6621759\" data-element_type=\"container\">\n<div class=\"e-con-inner\">\n<div class=\"elementor-element elementor-element-4756e65 e-con-full e-flex e-con e-child\" data-id=\"4756e65\" data-element_type=\"container\">\n<div class=\"elementor-element elementor-element-a25940d elementor-widget elementor-widget-woocommerce-product-data-tabs\" data-id=\"a25940d\" data-element_type=\"widget\" data-widget_type=\"woocommerce-product-data-tabs.default\">\n<div class=\"elementor-widget-container\">\n<div class=\"woocommerce-tabs wc-tabs-wrapper\">\n<div id=\"tab-description\" class=\"woocommerce-Tabs-panel woocommerce-Tabs-panel--description panel entry-content wc-tab\" role=\"tabpanel\" aria-labelledby=\"tab-title-description\">\n<div class=\"flex flex-grow flex-col max-w-full\">\n<div class=\"min-h-[20px] text-message flex flex-col items-start whitespace-pre-wrap break-words [.text-message+&amp;]:mt-5 juice:w-full juice:items-end overflow-x-auto gap-2\" dir=\"auto\" data-message-author-role=\"assistant\" data-message-id=\"2034782e-88f9-44ef-b4dc-07dd7bf0115f\">\n<div class=\"flex w-full flex-col gap-1 juice:empty:hidden juice:first:pt-[3px]\">\n<div class=\"markdown prose w-full break-words dark:prose-invert light\">\n<div>\n<div>\n<h2><strong>Saco de v\u00e1cuo<br \/>\n<\/strong><\/h2>\n<div>\n<div>\n<div>\n<div>\n<div>\n<div>\n<div>\n<div>\n<div>\n<div>\n<hr>\n<h3>Descri\u00e7\u00e3o do nosso saco de v\u00e1cuo liso para conserva\u00e7\u00e3o 25 x 70 cm 90 \u00b5 (100 unid.)<\/h3>\n<p><!--more--><\/p>\n<p data-start=\"195\" data-end=\"515\">Os <strong>sacos de v\u00e1cuo lisos para conserva\u00e7\u00e3o 25 x 70 cm em 90 microns<\/strong> foram especialmente concebidos para preservar de forma duradoura a frescura dos alimentos. Antes de mais, robustos e fi\u00e1veis, permitem prolongar o tempo de conserva\u00e7\u00e3o, protegendo eficazmente os produtos do ar, da humidade e de contamina\u00e7\u00f5es externas. <\/p>\n<p data-start=\"517\" data-end=\"858\">Gra\u00e7as \u00e0s suas dimens\u00f5es <strong>generosas 25 x 70 cm<\/strong>, s\u00e3o perfeitos para pe\u00e7as longas ou volumosas: <strong>peixes inteiros, grandes pe\u00e7as de carne, enchidos, queijos ou prepara\u00e7\u00f5es alimentares<\/strong> embaladas em por\u00e7\u00f5es maiores. Al\u00e9m disso, a sua <strong>espessura de 90 \u00b5<\/strong> garante excelente resist\u00eancia \u00e0 perfura\u00e7\u00e3o e ao manuseamento. <\/p>\n<p data-start=\"860\" data-end=\"1102\">Do mesmo modo, por serem lisos, estes <strong>sacos<\/strong> s\u00e3o adequados para m\u00e1quinas de v\u00e1cuo de camp\u00e2nula usadas em talhos, charcutarias, restaura\u00e7\u00e3o e profiss\u00f5es do setor alimentar. Garantem uma selagem s\u00f3lida e um fecho herm\u00e9tico para uma conserva\u00e7\u00e3o ideal. <\/p>\n<p data-start=\"1104\" data-end=\"1357\">Transparentes, permitem uma visibilidade perfeita do produto, facilitando o armazenamento e a identifica\u00e7\u00e3o em c\u00e2mara frigor\u00edfica ou no congelador. Al\u00e9m disso, embalados em lotes de <strong>100 unidades<\/strong>, s\u00e3o uma solu\u00e7\u00e3o profissional econ\u00f3mica e eficiente. <\/p>\n<p data-start=\"1104\" data-end=\"1357\">\n<\/div>\n<\/div>\n<\/div>\n<\/div>\n<\/div>\n<\/div>\n<\/div>\n<\/div>\n<\/div>\n<\/div>\n<p><!--more--><\/p>\n<p><strong>Vantagens :<\/strong><\/p>\n<ul>\n<li data-start=\"1396\" data-end=\"1446\">Formato comprido <strong>25 x 70 cm<\/strong> adequado a grandes pe\u00e7as.<\/li>\n<li data-start=\"1449\" data-end=\"1497\"><strong>Gra\u00e7as \u00e0 sua espessura de 90 microns,<\/strong> tem boa resist\u00eancia.<\/li>\n<li data-start=\"1594\" data-end=\"1624\">Selagem fi\u00e1vel e herm\u00e9tica.<\/li>\n<li data-start=\"1672\" data-end=\"1724\">Ideal para talho, peixaria e restaura\u00e7\u00e3o.<\/li>\n<li data-start=\"1727\" data-end=\"1766\">Embalagem profissional de <strong>100<\/strong>.<\/li>\n<\/ul>\n<\/div>\n<div><\/div>\n<\/div>\n<p><!--more--><\/p>\n<div>\n<div>\n<div>\n<h4>Outras informa\u00e7\u00f5es :<\/h4>\n<ul>\n<li><strong>Embalagem<\/strong>: Pacote de 100<\/li>\n<li><strong>Dimens\u00f5es<\/strong>: 25 x 70 cm<\/li>\n<li><strong>Sel\u00e1vel a quente<\/strong>: Sim<\/li>\n<li><strong>Retr\u00e1ctil<\/strong>: N\u00e3o<\/li>\n<li><strong>Tipo<\/strong>: Liso<\/li>\n<li><strong>Resist\u00eancia<\/strong>: 90 microns<\/li>\n<li><strong>Soldadura<\/strong>: 3 lados<\/li>\n<li><strong>Temperatura de utiliza\u00e7\u00e3o<\/strong>: -50 \u00b0C \/ +70 \u00b0C<\/li>\n<\/ul>\n<\/div>\n<\/div>\n<div>\n<div>\n<p>&nbsp;<\/p>\n<\/div>\n<p><!--more--><\/p>\n<p>Este produto existe em v\u00e1rios tamanhos: <span style=\"color: #d12727;\"><a style=\"color: #d12727;\" href=\"https:\/\/www.csj-emballages.com\/es\/produit\/100-bolsas-de-vacio-lisas-15-x-20-cm-90-%c2%b5\/\">15 x 20 cm<\/a><\/span> \/ <span style=\"color: #d12727;\"><a style=\"color: #d12727;\" href=\"https:\/\/www.csj-emballages.com\/es\/produit\/100-bolsas-de-vacio-lisas-17-x-25-cm-90-%c2%b5\/\">17 x 25 cm<\/a><\/span> \/ <span style=\"color: #d12727;\"><a style=\"color: #d12727;\" href=\"https:\/\/www.csj-emballages.com\/es\/produit\/100-bolsas-de-vacio-lisas-15-x-27-cm-90-%c2%b5\/\">15 x 27 cm<\/a><\/span> \/ <span style=\"color: #d12727;\"><a style=\"color: #d12727;\" href=\"https:\/\/www.csj-emballages.com\/es\/produit\/100-bolsas-de-vacio-lisas-15-x-30-cm-90-%c2%b5\/\">15 x 30 cm<\/a><\/span> \/ <span style=\"color: #d12727;\"><a style=\"color: #d12727;\" href=\"https:\/\/www.csj-emballages.com\/es\/produit\/100-bolsas-de-vacio-lisas-20-x-20-cm-90-%c2%b5\/\">20 x 20 cm<\/a><\/span> \/ <span style=\"color: #d12727;\"><a style=\"color: #d12727;\" href=\"https:\/\/www.csj-emballages.com\/es\/produit\/100-bolsas-de-vacio-lisas-20-x-25-cm-90-%c2%b5\/\">20 x 25 cm<\/a><\/span> \/        <span style=\"color: #d12727;\"><a style=\"color: #d12727;\" href=\"https:\/\/www.csj-emballages.com\/es\/produit\/100-bolsas-de-vacio-lisas-25-x-25-cm-90-%c2%b5\/\">25 x 25 cm<\/a><span style=\"color: #000000;\">\/<\/span><a style=\"color: #d12727;\" href=\"https:\/\/www.csj-emballages.com\/es\/produit\/100-bolsas-de-vacio-lisas-30-x-50-cm-90-%c2%b5\/\">30 x 50 cm<\/a><\/span><\/p>\n<\/div>\n<\/div>\n<div>\n<div>\n<div>\n<p>&nbsp;<\/p>\n<p><!--more--><\/p>\n<p><a href=\"\/?product_cat=sacs-sous-vide-lisses-90-\u03bcm\">Ver o resto da nossa gama de sacos de v\u00e1cuo lisos<\/a><\/p>\n<\/div>\n<\/div>\n<\/div>\n<\/div>\n<\/div>\n<\/div>\n<\/div>\n<\/div>\n<\/div>\n<\/div>\n<\/div>\n<\/div>\n<\/div>\n<\/div>\n<div class=\"elementor-element elementor-element-2fb7445 e-no-lazyload e-flex e-con-boxed e-con e-parent e-lazyloaded\" data-id=\"2fb7445\" data-element_type=\"container\">\n<div class=\"e-con-inner\">\n<div class=\"elementor-element elementor-element-60494d9 elementor-widget elementor-widget-heading\" data-id=\"60494d9\" data-element_type=\"widget\" data-widget_type=\"heading.default\">\n<div class=\"elementor-widget-container\"><\/div>\n<\/div>\n<\/div>\n<\/div>\n","protected":false},"excerpt":{"rendered":"<p>Saco de v\u00e1cuo Descri\u00e7\u00e3o do nosso saco de v\u00e1cuo liso para conserva\u00e7\u00e3o 25 x 70 cm 90 \u00b5 (100 unid.)<\/p>\n","protected":false},"featured_media":227338,"template":"","meta":{"_acf_changed":false},"product_brand":[],"product_cat":[1141,1176,3914,1240,1241,1242],"product_tag":[],"class_list":{"0":"post-265072","1":"product","2":"type-product","3":"status-publish","4":"has-post-thumbnail","6":"product_cat-embalagem-de-alimentos","7":"product_cat-talho-e-charcutaria","8":"product_cat-sacos-e-bolsas","9":"product_cat-sacos-de-vacuo","10":"product_cat-sacos-de-vacuo-lisos","11":"product_cat-sacos-de-vacuo-lisos-90-m","13":"first","14":"instock","15":"taxable","16":"shipping-taxable","17":"purchasable","18":"product-type-simple"},"acf":[],"yoast_head":"<!-- This site is optimized with the Yoast SEO Premium plugin v26.6 (Yoast SEO v26.6) - https:\/\/yoast.com\/wordpress\/plugins\/seo\/ -->\n<title>Saco de V\u00e1cuo Liso para Conserva\u00e7\u00e3o 25 x 70 cm 90 \u00b5 (100 unid.)<\/title>\n<meta name=\"description\" content=\"Saco de v\u00e1cuo liso 25 x 70 cm 90 \u00b5 (100 unid.). Resistente e ideal para conserva\u00e7\u00e3o de longa dura\u00e7\u00e3o de grandes pe\u00e7as alimentares.\" \/>\n<meta name=\"robots\" content=\"index, follow, max-snippet:-1, max-image-preview:large, max-video-preview:-1\" \/>\n<link rel=\"canonical\" href=\"https:\/\/www.csj-emballages.com\/pt-pt\/produit\/saco-de-vacuo-liso-para-conservacao-25-x-70-cm-90-%c2%b5-100-unid\/\" \/>\n<meta property=\"og:locale\" content=\"pt_PT\" \/>\n<meta property=\"og:type\" content=\"article\" \/>\n<meta property=\"og:title\" content=\"Saco de v\u00e1cuo liso para conserva\u00e7\u00e3o 25 x 70 cm 90 \u00b5 (100 unid.)\" \/>\n<meta property=\"og:description\" content=\"Saco de v\u00e1cuo liso 25 x 70 cm 90 \u00b5 (100 unid.). Resistente e ideal para conserva\u00e7\u00e3o de longa dura\u00e7\u00e3o de grandes pe\u00e7as alimentares.\" \/>\n<meta property=\"og:url\" content=\"https:\/\/www.csj-emballages.com\/pt-pt\/produit\/saco-de-vacuo-liso-para-conservacao-25-x-70-cm-90-%c2%b5-100-unid\/\" \/>\n<meta property=\"og:site_name\" content=\"CSJ Emballages\" \/>\n<meta property=\"article:publisher\" content=\"https:\/\/www.facebook.com\/csjemballages\" \/>\n<meta property=\"article:modified_time\" content=\"2026-04-01T15:51:34+00:00\" \/>\n<meta property=\"og:image\" content=\"https:\/\/www.csj-emballages.com\/wp-content\/uploads\/2024\/03\/sac-cuisson-sous-vide-800x800-viande-2.webp\" \/>\n\t<meta property=\"og:image:width\" content=\"800\" \/>\n\t<meta property=\"og:image:height\" content=\"800\" \/>\n\t<meta property=\"og:image:type\" content=\"image\/jpeg\" \/>\n<meta name=\"twitter:card\" content=\"summary_large_image\" \/>\n<meta name=\"twitter:label1\" content=\"Tempo estimado de leitura\" \/>\n\t<meta name=\"twitter:data1\" content=\"2 minutos\" \/>\n<script type=\"application\/ld+json\" class=\"yoast-schema-graph\">{\"@context\":\"https:\/\/schema.org\",\"@graph\":[{\"@type\":\"WebPage\",\"@id\":\"https:\/\/www.csj-emballages.com\/pt-pt\/produit\/saco-de-vacuo-liso-para-conservacao-25-x-70-cm-90-%c2%b5-100-unid\/\",\"url\":\"https:\/\/www.csj-emballages.com\/pt-pt\/produit\/saco-de-vacuo-liso-para-conservacao-25-x-70-cm-90-%c2%b5-100-unid\/\",\"name\":\"Saco de V\u00e1cuo Liso para Conserva\u00e7\u00e3o 25 x 70 cm 90 \u00b5 (100 unid.)\",\"isPartOf\":{\"@id\":\"https:\/\/www.csj-emballages.com\/pt-pt\/#website\"},\"primaryImageOfPage\":{\"@id\":\"https:\/\/www.csj-emballages.com\/pt-pt\/produit\/saco-de-vacuo-liso-para-conservacao-25-x-70-cm-90-%c2%b5-100-unid\/#primaryimage\"},\"image\":{\"@id\":\"https:\/\/www.csj-emballages.com\/pt-pt\/produit\/saco-de-vacuo-liso-para-conservacao-25-x-70-cm-90-%c2%b5-100-unid\/#primaryimage\"},\"thumbnailUrl\":\"https:\/\/www.csj-emballages.com\/wp-content\/uploads\/2024\/03\/sac-cuisson-sous-vide-800x800-viande-2.webp\",\"datePublished\":\"2025-09-24T07:18:32+00:00\",\"dateModified\":\"2026-04-01T15:51:34+00:00\",\"description\":\"Saco de v\u00e1cuo liso 25 x 70 cm 90 \u00b5 (100 unid.). Resistente e ideal para conserva\u00e7\u00e3o de longa dura\u00e7\u00e3o de grandes pe\u00e7as alimentares.\",\"breadcrumb\":{\"@id\":\"https:\/\/www.csj-emballages.com\/pt-pt\/produit\/saco-de-vacuo-liso-para-conservacao-25-x-70-cm-90-%c2%b5-100-unid\/#breadcrumb\"},\"inLanguage\":\"pt-PT\",\"potentialAction\":[{\"@type\":\"ReadAction\",\"target\":[\"https:\/\/www.csj-emballages.com\/pt-pt\/produit\/saco-de-vacuo-liso-para-conservacao-25-x-70-cm-90-%c2%b5-100-unid\/\"]}]},{\"@type\":\"ImageObject\",\"inLanguage\":\"pt-PT\",\"@id\":\"https:\/\/www.csj-emballages.com\/pt-pt\/produit\/saco-de-vacuo-liso-para-conservacao-25-x-70-cm-90-%c2%b5-100-unid\/#primaryimage\",\"url\":\"https:\/\/www.csj-emballages.com\/wp-content\/uploads\/2024\/03\/sac-cuisson-sous-vide-800x800-viande-2.webp\",\"contentUrl\":\"https:\/\/www.csj-emballages.com\/wp-content\/uploads\/2024\/03\/sac-cuisson-sous-vide-800x800-viande-2.webp\",\"width\":800,\"height\":800,\"caption\":\"sac sous vide\"},{\"@type\":\"BreadcrumbList\",\"@id\":\"https:\/\/www.csj-emballages.com\/pt-pt\/produit\/saco-de-vacuo-liso-para-conservacao-25-x-70-cm-90-%c2%b5-100-unid\/#breadcrumb\",\"itemListElement\":[{\"@type\":\"ListItem\",\"position\":1,\"name\":\"Acolhimento\",\"item\":\"https:\/\/www.csj-emballages.com\/pt-pt\/universo-das-embalagens-alimentares\/\"},{\"@type\":\"ListItem\",\"position\":2,\"name\":\"Shop\",\"item\":\"https:\/\/www.csj-emballages.com\/shop\/\"},{\"@type\":\"ListItem\",\"position\":3,\"name\":\"Saco de v\u00e1cuo liso para conserva\u00e7\u00e3o 25 x 70 cm 90 \u00b5 (100 unid.)\"}]},{\"@type\":\"WebSite\",\"@id\":\"https:\/\/www.csj-emballages.com\/pt-pt\/#website\",\"url\":\"https:\/\/www.csj-emballages.com\/pt-pt\/\",\"name\":\"CSJ Emballages\",\"description\":\"\",\"publisher\":{\"@id\":\"https:\/\/www.csj-emballages.com\/pt-pt\/#organization\"},\"potentialAction\":[{\"@type\":\"SearchAction\",\"target\":{\"@type\":\"EntryPoint\",\"urlTemplate\":\"https:\/\/www.csj-emballages.com\/pt-pt\/?s={search_term_string}\"},\"query-input\":{\"@type\":\"PropertyValueSpecification\",\"valueRequired\":true,\"valueName\":\"search_term_string\"}}],\"inLanguage\":\"pt-PT\"},{\"@type\":\"Organization\",\"@id\":\"https:\/\/www.csj-emballages.com\/pt-pt\/#Organization\/\",\"name\":\"CSJ Emballages\",\"url\":\"https:\/\/www.csj-emballages.com\/pt-pt\/\",\"logo\":{\"@type\":\"ImageObject\",\"inLanguage\":\"pt-PT\",\"@id\":\"https:\/\/www.csj-emballages.com\/pt-pt\/#\/schema\/logo\/image\/\",\"url\":\"https:\/\/www.csj-emballages.com\/wp-content\/uploads\/2023\/10\/logo_csj.webp\",\"contentUrl\":\"https:\/\/www.csj-emballages.com\/wp-content\/uploads\/2023\/10\/logo_csj.webp\",\"width\":250,\"height\":95,\"caption\":\"CSJ Emballages\"},\"image\":{\"@id\":\"https:\/\/www.csj-emballages.com\/pt-pt\/#\/schema\/logo\/image\/\"},\"sameAs\":[\"https:\/\/www.facebook.com\/csjemballages\"],\"address\":{\"@type\":\"PostalAddress\",\"streetAddress\":\"ZI La Lechere\",\"addressLocality\":\"Patornay\",\"postalCode\":\"39130\",\"addressCountry\":\"FR\"},\"contactPoint\":[{\"@type\":\"ContactPoint\",\"contactType\":\"Service client\",\"telephone\":\"0384254272\",\"email\":\"contact@csj-emballages.com\"}]}]}<\/script>\n<!-- \/ Yoast SEO Premium plugin. -->","yoast_head_json":{"title":"Saco de V\u00e1cuo Liso para Conserva\u00e7\u00e3o 25 x 70 cm 90 \u00b5 (100 unid.)","description":"Saco de v\u00e1cuo liso 25 x 70 cm 90 \u00b5 (100 unid.). Resistente e ideal para conserva\u00e7\u00e3o de longa dura\u00e7\u00e3o de grandes pe\u00e7as alimentares.","robots":{"index":"index","follow":"follow","max-snippet":"max-snippet:-1","max-image-preview":"max-image-preview:large","max-video-preview":"max-video-preview:-1"},"canonical":"https:\/\/www.csj-emballages.com\/pt-pt\/produit\/saco-de-vacuo-liso-para-conservacao-25-x-70-cm-90-%c2%b5-100-unid\/","og_locale":"pt_PT","og_type":"article","og_title":"Saco de v\u00e1cuo liso para conserva\u00e7\u00e3o 25 x 70 cm 90 \u00b5 (100 unid.)","og_description":"Saco de v\u00e1cuo liso 25 x 70 cm 90 \u00b5 (100 unid.). Resistente e ideal para conserva\u00e7\u00e3o de longa dura\u00e7\u00e3o de grandes pe\u00e7as alimentares.","og_url":"https:\/\/www.csj-emballages.com\/pt-pt\/produit\/saco-de-vacuo-liso-para-conservacao-25-x-70-cm-90-%c2%b5-100-unid\/","og_site_name":"CSJ Emballages","article_publisher":"https:\/\/www.facebook.com\/csjemballages","article_modified_time":"2026-04-01T15:51:34+00:00","og_image":[{"width":800,"height":800,"url":"https:\/\/www.csj-emballages.com\/wp-content\/uploads\/2024\/03\/sac-cuisson-sous-vide-800x800-viande-2.webp","type":"image\/jpeg"}],"twitter_card":"summary_large_image","twitter_misc":{"Tempo estimado de leitura":"2 minutos"},"schema":{"@context":"https:\/\/schema.org","@graph":[{"@type":"WebPage","@id":"https:\/\/www.csj-emballages.com\/pt-pt\/produit\/saco-de-vacuo-liso-para-conservacao-25-x-70-cm-90-%c2%b5-100-unid\/","url":"https:\/\/www.csj-emballages.com\/pt-pt\/produit\/saco-de-vacuo-liso-para-conservacao-25-x-70-cm-90-%c2%b5-100-unid\/","name":"Saco de V\u00e1cuo Liso para Conserva\u00e7\u00e3o 25 x 70 cm 90 \u00b5 (100 unid.)","isPartOf":{"@id":"https:\/\/www.csj-emballages.com\/pt-pt\/#website"},"primaryImageOfPage":{"@id":"https:\/\/www.csj-emballages.com\/pt-pt\/produit\/saco-de-vacuo-liso-para-conservacao-25-x-70-cm-90-%c2%b5-100-unid\/#primaryimage"},"image":{"@id":"https:\/\/www.csj-emballages.com\/pt-pt\/produit\/saco-de-vacuo-liso-para-conservacao-25-x-70-cm-90-%c2%b5-100-unid\/#primaryimage"},"thumbnailUrl":"https:\/\/www.csj-emballages.com\/wp-content\/uploads\/2024\/03\/sac-cuisson-sous-vide-800x800-viande-2.webp","datePublished":"2025-09-24T07:18:32+00:00","dateModified":"2026-04-01T15:51:34+00:00","description":"Saco de v\u00e1cuo liso 25 x 70 cm 90 \u00b5 (100 unid.). Resistente e ideal para conserva\u00e7\u00e3o de longa dura\u00e7\u00e3o de grandes pe\u00e7as alimentares.","breadcrumb":{"@id":"https:\/\/www.csj-emballages.com\/pt-pt\/produit\/saco-de-vacuo-liso-para-conservacao-25-x-70-cm-90-%c2%b5-100-unid\/#breadcrumb"},"inLanguage":"pt-PT","potentialAction":[{"@type":"ReadAction","target":["https:\/\/www.csj-emballages.com\/pt-pt\/produit\/saco-de-vacuo-liso-para-conservacao-25-x-70-cm-90-%c2%b5-100-unid\/"]}]},{"@type":"ImageObject","inLanguage":"pt-PT","@id":"https:\/\/www.csj-emballages.com\/pt-pt\/produit\/saco-de-vacuo-liso-para-conservacao-25-x-70-cm-90-%c2%b5-100-unid\/#primaryimage","url":"https:\/\/www.csj-emballages.com\/wp-content\/uploads\/2024\/03\/sac-cuisson-sous-vide-800x800-viande-2.webp","contentUrl":"https:\/\/www.csj-emballages.com\/wp-content\/uploads\/2024\/03\/sac-cuisson-sous-vide-800x800-viande-2.webp","width":800,"height":800,"caption":"sac sous vide"},{"@type":"BreadcrumbList","@id":"https:\/\/www.csj-emballages.com\/pt-pt\/produit\/saco-de-vacuo-liso-para-conservacao-25-x-70-cm-90-%c2%b5-100-unid\/#breadcrumb","itemListElement":[{"@type":"ListItem","position":1,"name":"Acolhimento","item":"https:\/\/www.csj-emballages.com\/pt-pt\/universo-das-embalagens-alimentares\/"},{"@type":"ListItem","position":2,"name":"Shop","item":"https:\/\/www.csj-emballages.com\/shop\/"},{"@type":"ListItem","position":3,"name":"Saco de v\u00e1cuo liso para conserva\u00e7\u00e3o 25 x 70 cm 90 \u00b5 (100 unid.)"}]},{"@type":"WebSite","@id":"https:\/\/www.csj-emballages.com\/pt-pt\/#website","url":"https:\/\/www.csj-emballages.com\/pt-pt\/","name":"CSJ Emballages","description":"","publisher":{"@id":"https:\/\/www.csj-emballages.com\/pt-pt\/#organization"},"potentialAction":[{"@type":"SearchAction","target":{"@type":"EntryPoint","urlTemplate":"https:\/\/www.csj-emballages.com\/pt-pt\/?s={search_term_string}"},"query-input":{"@type":"PropertyValueSpecification","valueRequired":true,"valueName":"search_term_string"}}],"inLanguage":"pt-PT"},{"@type":"Organization","@id":"https:\/\/www.csj-emballages.com\/pt-pt\/#Organization\/","name":"CSJ Emballages","url":"https:\/\/www.csj-emballages.com\/pt-pt\/","logo":{"@type":"ImageObject","inLanguage":"pt-PT","@id":"https:\/\/www.csj-emballages.com\/pt-pt\/#\/schema\/logo\/image\/","url":"https:\/\/www.csj-emballages.com\/wp-content\/uploads\/2023\/10\/logo_csj.webp","contentUrl":"https:\/\/www.csj-emballages.com\/wp-content\/uploads\/2023\/10\/logo_csj.webp","width":250,"height":95,"caption":"CSJ Emballages"},"image":{"@id":"https:\/\/www.csj-emballages.com\/pt-pt\/#\/schema\/logo\/image\/"},"sameAs":["https:\/\/www.facebook.com\/csjemballages"],"address":{"@type":"PostalAddress","streetAddress":"ZI La Lechere","addressLocality":"Patornay","postalCode":"39130","addressCountry":"FR"},"contactPoint":[{"@type":"ContactPoint","contactType":"Service client","telephone":"0384254272","email":"contact@csj-emballages.com"}]}]}},"df_price":18.92,"df_sale_price":"","df_regular_price":18.92,"df_image_link":"https:\/\/www.csj-emballages.com\/wp-content\/uploads\/2024\/03\/sac-cuisson-sous-vide-800x800-viande-2-300x300.webp","tiered_pricing_type":"fixed","tiered_pricing_fixed_rules":[],"tiered_pricing_percentage_rules":[],"tiered_pricing_minimum":1,"tiered_pricing_roles_data":[],"_links":{"self":[{"href":"https:\/\/www.csj-emballages.com\/pt-pt\/wp-json\/wp\/v2\/product\/265072","targetHints":{"allow":["GET"]}}],"collection":[{"href":"https:\/\/www.csj-emballages.com\/pt-pt\/wp-json\/wp\/v2\/product"}],"about":[{"href":"https:\/\/www.csj-emballages.com\/pt-pt\/wp-json\/wp\/v2\/types\/product"}],"wp:featuredmedia":[{"embeddable":true,"href":"https:\/\/www.csj-emballages.com\/pt-pt\/wp-json\/wp\/v2\/media\/227338"}],"wp:attachment":[{"href":"https:\/\/www.csj-emballages.com\/pt-pt\/wp-json\/wp\/v2\/media?parent=265072"}],"wp:term":[{"taxonomy":"product_brand","embeddable":true,"href":"https:\/\/www.csj-emballages.com\/pt-pt\/wp-json\/wp\/v2\/product_brand?post=265072"},{"taxonomy":"product_cat","embeddable":true,"href":"https:\/\/www.csj-emballages.com\/pt-pt\/wp-json\/wp\/v2\/product_cat?post=265072"},{"taxonomy":"product_tag","embeddable":true,"href":"https:\/\/www.csj-emballages.com\/pt-pt\/wp-json\/wp\/v2\/product_tag?post=265072"}],"curies":[{"name":"wp","href":"https:\/\/api.w.org\/{rel}","templated":true}]}}