{"id":265065,"date":"2026-02-18T12:18:27","date_gmt":"2026-02-18T11:18:27","guid":{"rendered":"https:\/\/www.csj-emballages.com\/produit\/copos-ecocup-brancos-28-cl-nao-graduados-pack-de-6\/"},"modified":"2026-03-12T16:23:59","modified_gmt":"2026-03-12T15:23:59","slug":"copos-ecocup-brancos-28-cl-nao-graduados-pack-de-6","status":"publish","type":"product","link":"https:\/\/www.csj-emballages.com\/pt-pt\/produit\/copos-ecocup-brancos-28-cl-nao-graduados-pack-de-6\/","title":{"rendered":"Copos ecocup brancos 28 cl n\u00e3o graduados, pack de 6"},"content":{"rendered":"<h2>Copo Ecocup<\/h2>\n<hr>\n<h3>Copo ecocup branco 28 cl n\u00e3o graduado, pack de 6<\/h3>\n<p><!--more--><\/p>\n<p data-start=\"70\" data-end=\"420\">Os <strong>copos Ecocup brancos de 28 cl<\/strong> s\u00e3o um excelente produto para eventos, festivais ou ainda bares e estabelecimentos. Sendo reutiliz\u00e1veis e resistentes, substituem eficazmente os <strong>copos descart\u00e1veis<\/strong> em eventos pontuais ou utiliza\u00e7\u00f5es regulares. <\/p>\n<p data-start=\"422\" data-end=\"727\">Com a sua <strong>capacidade de 28 cl<\/strong>, s\u00e3o ideais para <strong>bebidas frescas<\/strong> como <strong>refrigerantes, sumos, cervejas, cocktails ou \u00e1guas aromatizadas<\/strong>. O seu acabamento <strong>branco<\/strong> oferece um aspeto s\u00f3brio e vers\u00e1til, adaptado a todos os tipos de eventos: desportivos, culturais, privados ou profissionais. <\/p>\n<p data-start=\"729\" data-end=\"1062\">Da mesma forma<strong>, sem marca de medi\u00e7\u00e3o<\/strong>, estes <strong>copos ecocup<\/strong> permitem uma total liberdade de utiliza\u00e7\u00e3o e s\u00e3o particularmente adequados para estruturas que pretendem gerir os seus pr\u00f3prios volumes de servi\u00e7o. O seu material robusto permite m\u00faltiplas reutiliza\u00e7\u00f5es sem rachar nem deformar, garantindo assim uma excelente rela\u00e7\u00e3o qualidade\/pre\u00e7o a longo prazo. <\/p>\n<p data-start=\"1064\" data-end=\"1324\">Em resumo, f\u00e1ceis de limpar e de armazenar, integram-se perfeitamente numa <strong>abordagem eco-respons\u00e1vel<\/strong> ao limitar os res\u00edduos.<\/p>\n<p data-start=\"1064\" data-end=\"1324\"><!--more--><\/p>\n<h4>Vantagens :<\/h4>\n<ul>\n<li data-start=\"1359\" data-end=\"1392\">Capacidade vers\u00e1til de <strong>28 cl<\/strong>.<\/li>\n<li data-start=\"1395\" data-end=\"1422\">Reutiliz\u00e1vel e resistente.<\/li>\n<li data-start=\"1425\" data-end=\"1457\">Alternativa sustent\u00e1vel ao descart\u00e1vel.<\/li>\n<li data-start=\"1460\" data-end=\"1509\">Acabamento <strong>branco<\/strong> s\u00f3brio e moderno.<\/li>\n<li data-start=\"1512\" data-end=\"1553\">Sem marca de medi\u00e7\u00e3o para uma utiliza\u00e7\u00e3o flex\u00edvel.<\/li>\n<li data-start=\"1556\" data-end=\"1602\">Ideal para eventos, festivais e bares.<\/li>\n<li data-start=\"1605\" data-end=\"1638\">Embalagem pr\u00e1tica <strong>de 6 unidades<\/strong>.<\/li>\n<\/ul>\n<p>&nbsp;<\/p>\n<p><!--more--><\/p>\n<h4>Outras informa\u00e7\u00f5es :<\/h4>\n<ul>\n<li><strong>Apresenta\u00e7\u00e3o: <\/strong>Embalagem de 6<\/li>\n<li><strong>Volume: <\/strong>28 cl<\/li>\n<li><strong>Di\u00e2metro inferior:<\/strong> 52 mm<\/li>\n<li><strong>Di\u00e2metro superior: <\/strong>70 mm<\/li>\n<li><strong>Altura<\/strong>: 102 mm<\/li>\n<li><strong>Cor: <\/strong>Branco<\/li>\n<li><strong>Material: <\/strong>Polipropileno<\/li>\n<\/ul>\n<p>&nbsp;<\/p>\n<p><!--more--><\/p>\n<p>Estes copos tamb\u00e9m est\u00e3o dispon\u00edveis em transparente: <span style=\"color: #d12727;\"><a style=\"color: #d12727;\" href=\"https:\/\/www.csj-emballages.com\/es\/produit\/vaso-ecocup-transparente-28-cl-sin-graduar-pack-de-24\/\">ECO1<\/a><\/span><\/p>\n<p>&nbsp;<\/p>\n<p><!--more--><\/p>\n<p><a href=\"https:\/\/www.csj-emballages.com\/pt-pt\/categorie-produit\/embalagem-de-alimentos\/pratos-reutilizaveis\/\">V\u00ea o resto da nossa gama de pratos reutiliz\u00e1veis<\/a><\/p>\n","protected":false},"excerpt":{"rendered":"<p>Copo Ecocup Copo ecocup branco 28 cl n\u00e3o graduado, pack de 6<\/p>\n","protected":false},"featured_media":265054,"template":"","meta":{"_acf_changed":false},"product_brand":[],"product_cat":[1141,1138,1471,1472,6722],"product_tag":[],"class_list":{"0":"post-265065","1":"product","2":"type-product","3":"status-publish","4":"has-post-thumbnail","6":"product_cat-embalagem-de-alimentos","7":"product_cat-restauracao","8":"product_cat-chavenas-copos-baldes-garrafas","9":"product_cat-copos-e-chavenas-inquebraveis-e-reutilizaveis","10":"product_cat-pratos-reutilizaveis","12":"first","13":"instock","14":"taxable","15":"shipping-taxable","16":"purchasable","17":"product-type-simple"},"acf":[],"yoast_head":"<!-- This site is optimized with the Yoast SEO Premium plugin v26.6 (Yoast SEO v26.6) - https:\/\/yoast.com\/wordpress\/plugins\/seo\/ -->\n<title>Copos \u00c9cocup Brancos 28 cl n\u00e3o Graduados, pack de 6<\/title>\n<meta name=\"description\" content=\"Copo Ecocup branco 28 cl sem marca de medi\u00e7\u00e3o, reutiliz\u00e1vel e resistente. Ideal para eventos, festivais e bares. Conjunto de 6 unidades.\" \/>\n<meta name=\"robots\" content=\"index, follow, max-snippet:-1, max-image-preview:large, max-video-preview:-1\" \/>\n<link rel=\"canonical\" href=\"https:\/\/www.csj-emballages.com\/pt-pt\/produit\/copos-ecocup-brancos-28-cl-nao-graduados-pack-de-6\/\" \/>\n<meta property=\"og:locale\" content=\"pt_PT\" \/>\n<meta property=\"og:type\" content=\"article\" \/>\n<meta property=\"og:title\" content=\"Copos ecocup brancos 28 cl n\u00e3o graduados, pack de 6\" \/>\n<meta property=\"og:description\" content=\"Copo Ecocup branco 28 cl sem marca de medi\u00e7\u00e3o, reutiliz\u00e1vel e resistente. Ideal para eventos, festivais e bares. Conjunto de 6 unidades.\" \/>\n<meta property=\"og:url\" content=\"https:\/\/www.csj-emballages.com\/pt-pt\/produit\/copos-ecocup-brancos-28-cl-nao-graduados-pack-de-6\/\" \/>\n<meta property=\"og:site_name\" content=\"CSJ Emballages\" \/>\n<meta property=\"article:publisher\" content=\"https:\/\/www.facebook.com\/csjemballages\" \/>\n<meta property=\"article:modified_time\" content=\"2026-03-12T15:23:59+00:00\" \/>\n<meta property=\"og:image\" content=\"https:\/\/www.csj-emballages.com\/wp-content\/uploads\/2026\/02\/ECO2.webp\" \/>\n\t<meta property=\"og:image:width\" content=\"800\" \/>\n\t<meta property=\"og:image:height\" content=\"800\" \/>\n\t<meta property=\"og:image:type\" content=\"image\/webp\" \/>\n<meta name=\"twitter:card\" content=\"summary_large_image\" \/>\n<meta name=\"twitter:label1\" content=\"Tempo estimado de leitura\" \/>\n\t<meta name=\"twitter:data1\" content=\"1 minuto\" \/>\n<script type=\"application\/ld+json\" class=\"yoast-schema-graph\">{\"@context\":\"https:\/\/schema.org\",\"@graph\":[{\"@type\":\"WebPage\",\"@id\":\"https:\/\/www.csj-emballages.com\/pt-pt\/produit\/copos-ecocup-brancos-28-cl-nao-graduados-pack-de-6\/\",\"url\":\"https:\/\/www.csj-emballages.com\/pt-pt\/produit\/copos-ecocup-brancos-28-cl-nao-graduados-pack-de-6\/\",\"name\":\"Copos \u00c9cocup Brancos 28 cl n\u00e3o Graduados, pack de 6\",\"isPartOf\":{\"@id\":\"https:\/\/www.csj-emballages.com\/pt-pt\/#website\"},\"primaryImageOfPage\":{\"@id\":\"https:\/\/www.csj-emballages.com\/pt-pt\/produit\/copos-ecocup-brancos-28-cl-nao-graduados-pack-de-6\/#primaryimage\"},\"image\":{\"@id\":\"https:\/\/www.csj-emballages.com\/pt-pt\/produit\/copos-ecocup-brancos-28-cl-nao-graduados-pack-de-6\/#primaryimage\"},\"thumbnailUrl\":\"https:\/\/www.csj-emballages.com\/wp-content\/uploads\/2026\/02\/ECO2.webp\",\"datePublished\":\"2026-02-18T11:18:27+00:00\",\"dateModified\":\"2026-03-12T15:23:59+00:00\",\"description\":\"Copo Ecocup branco 28 cl sem marca de medi\u00e7\u00e3o, reutiliz\u00e1vel e resistente. Ideal para eventos, festivais e bares. Conjunto de 6 unidades.\",\"breadcrumb\":{\"@id\":\"https:\/\/www.csj-emballages.com\/pt-pt\/produit\/copos-ecocup-brancos-28-cl-nao-graduados-pack-de-6\/#breadcrumb\"},\"inLanguage\":\"pt-PT\",\"potentialAction\":[{\"@type\":\"ReadAction\",\"target\":[\"https:\/\/www.csj-emballages.com\/pt-pt\/produit\/copos-ecocup-brancos-28-cl-nao-graduados-pack-de-6\/\"]}]},{\"@type\":\"ImageObject\",\"inLanguage\":\"pt-PT\",\"@id\":\"https:\/\/www.csj-emballages.com\/pt-pt\/produit\/copos-ecocup-brancos-28-cl-nao-graduados-pack-de-6\/#primaryimage\",\"url\":\"https:\/\/www.csj-emballages.com\/wp-content\/uploads\/2026\/02\/ECO2.webp\",\"contentUrl\":\"https:\/\/www.csj-emballages.com\/wp-content\/uploads\/2026\/02\/ECO2.webp\",\"width\":800,\"height\":800,\"caption\":\"Gobelet \u00e9cocup\"},{\"@type\":\"BreadcrumbList\",\"@id\":\"https:\/\/www.csj-emballages.com\/pt-pt\/produit\/copos-ecocup-brancos-28-cl-nao-graduados-pack-de-6\/#breadcrumb\",\"itemListElement\":[{\"@type\":\"ListItem\",\"position\":1,\"name\":\"Acolhimento\",\"item\":\"https:\/\/www.csj-emballages.com\/pt-pt\/universo-das-embalagens-alimentares\/\"},{\"@type\":\"ListItem\",\"position\":2,\"name\":\"Shop\",\"item\":\"https:\/\/www.csj-emballages.com\/shop\/\"},{\"@type\":\"ListItem\",\"position\":3,\"name\":\"Copos ecocup brancos 28 cl n\u00e3o graduados, pack de 6\"}]},{\"@type\":\"WebSite\",\"@id\":\"https:\/\/www.csj-emballages.com\/pt-pt\/#website\",\"url\":\"https:\/\/www.csj-emballages.com\/pt-pt\/\",\"name\":\"CSJ Emballages\",\"description\":\"\",\"publisher\":{\"@id\":\"https:\/\/www.csj-emballages.com\/pt-pt\/#organization\"},\"potentialAction\":[{\"@type\":\"SearchAction\",\"target\":{\"@type\":\"EntryPoint\",\"urlTemplate\":\"https:\/\/www.csj-emballages.com\/pt-pt\/?s={search_term_string}\"},\"query-input\":{\"@type\":\"PropertyValueSpecification\",\"valueRequired\":true,\"valueName\":\"search_term_string\"}}],\"inLanguage\":\"pt-PT\"},{\"@type\":\"Organization\",\"@id\":\"https:\/\/www.csj-emballages.com\/pt-pt\/#Organization\/\",\"name\":\"CSJ Emballages\",\"url\":\"https:\/\/www.csj-emballages.com\/pt-pt\/\",\"logo\":{\"@type\":\"ImageObject\",\"inLanguage\":\"pt-PT\",\"@id\":\"https:\/\/www.csj-emballages.com\/pt-pt\/#\/schema\/logo\/image\/\",\"url\":\"https:\/\/www.csj-emballages.com\/wp-content\/uploads\/2023\/10\/logo_csj.webp\",\"contentUrl\":\"https:\/\/www.csj-emballages.com\/wp-content\/uploads\/2023\/10\/logo_csj.webp\",\"width\":250,\"height\":95,\"caption\":\"CSJ Emballages\"},\"image\":{\"@id\":\"https:\/\/www.csj-emballages.com\/pt-pt\/#\/schema\/logo\/image\/\"},\"sameAs\":[\"https:\/\/www.facebook.com\/csjemballages\"],\"address\":{\"@type\":\"PostalAddress\",\"streetAddress\":\"ZI La Lechere\",\"addressLocality\":\"Patornay\",\"postalCode\":\"39130\",\"addressCountry\":\"FR\"},\"contactPoint\":[{\"@type\":\"ContactPoint\",\"contactType\":\"Service client\",\"telephone\":\"0384254272\",\"email\":\"contact@csj-emballages.com\"}]}]}<\/script>\n<!-- \/ Yoast SEO Premium plugin. -->","yoast_head_json":{"title":"Copos \u00c9cocup Brancos 28 cl n\u00e3o Graduados, pack de 6","description":"Copo Ecocup branco 28 cl sem marca de medi\u00e7\u00e3o, reutiliz\u00e1vel e resistente. Ideal para eventos, festivais e bares. Conjunto de 6 unidades.","robots":{"index":"index","follow":"follow","max-snippet":"max-snippet:-1","max-image-preview":"max-image-preview:large","max-video-preview":"max-video-preview:-1"},"canonical":"https:\/\/www.csj-emballages.com\/pt-pt\/produit\/copos-ecocup-brancos-28-cl-nao-graduados-pack-de-6\/","og_locale":"pt_PT","og_type":"article","og_title":"Copos ecocup brancos 28 cl n\u00e3o graduados, pack de 6","og_description":"Copo Ecocup branco 28 cl sem marca de medi\u00e7\u00e3o, reutiliz\u00e1vel e resistente. Ideal para eventos, festivais e bares. Conjunto de 6 unidades.","og_url":"https:\/\/www.csj-emballages.com\/pt-pt\/produit\/copos-ecocup-brancos-28-cl-nao-graduados-pack-de-6\/","og_site_name":"CSJ Emballages","article_publisher":"https:\/\/www.facebook.com\/csjemballages","article_modified_time":"2026-03-12T15:23:59+00:00","og_image":[{"width":800,"height":800,"url":"https:\/\/www.csj-emballages.com\/wp-content\/uploads\/2026\/02\/ECO2.webp","type":"image\/webp"}],"twitter_card":"summary_large_image","twitter_misc":{"Tempo estimado de leitura":"1 minuto"},"schema":{"@context":"https:\/\/schema.org","@graph":[{"@type":"WebPage","@id":"https:\/\/www.csj-emballages.com\/pt-pt\/produit\/copos-ecocup-brancos-28-cl-nao-graduados-pack-de-6\/","url":"https:\/\/www.csj-emballages.com\/pt-pt\/produit\/copos-ecocup-brancos-28-cl-nao-graduados-pack-de-6\/","name":"Copos \u00c9cocup Brancos 28 cl n\u00e3o Graduados, pack de 6","isPartOf":{"@id":"https:\/\/www.csj-emballages.com\/pt-pt\/#website"},"primaryImageOfPage":{"@id":"https:\/\/www.csj-emballages.com\/pt-pt\/produit\/copos-ecocup-brancos-28-cl-nao-graduados-pack-de-6\/#primaryimage"},"image":{"@id":"https:\/\/www.csj-emballages.com\/pt-pt\/produit\/copos-ecocup-brancos-28-cl-nao-graduados-pack-de-6\/#primaryimage"},"thumbnailUrl":"https:\/\/www.csj-emballages.com\/wp-content\/uploads\/2026\/02\/ECO2.webp","datePublished":"2026-02-18T11:18:27+00:00","dateModified":"2026-03-12T15:23:59+00:00","description":"Copo Ecocup branco 28 cl sem marca de medi\u00e7\u00e3o, reutiliz\u00e1vel e resistente. Ideal para eventos, festivais e bares. Conjunto de 6 unidades.","breadcrumb":{"@id":"https:\/\/www.csj-emballages.com\/pt-pt\/produit\/copos-ecocup-brancos-28-cl-nao-graduados-pack-de-6\/#breadcrumb"},"inLanguage":"pt-PT","potentialAction":[{"@type":"ReadAction","target":["https:\/\/www.csj-emballages.com\/pt-pt\/produit\/copos-ecocup-brancos-28-cl-nao-graduados-pack-de-6\/"]}]},{"@type":"ImageObject","inLanguage":"pt-PT","@id":"https:\/\/www.csj-emballages.com\/pt-pt\/produit\/copos-ecocup-brancos-28-cl-nao-graduados-pack-de-6\/#primaryimage","url":"https:\/\/www.csj-emballages.com\/wp-content\/uploads\/2026\/02\/ECO2.webp","contentUrl":"https:\/\/www.csj-emballages.com\/wp-content\/uploads\/2026\/02\/ECO2.webp","width":800,"height":800,"caption":"Gobelet \u00e9cocup"},{"@type":"BreadcrumbList","@id":"https:\/\/www.csj-emballages.com\/pt-pt\/produit\/copos-ecocup-brancos-28-cl-nao-graduados-pack-de-6\/#breadcrumb","itemListElement":[{"@type":"ListItem","position":1,"name":"Acolhimento","item":"https:\/\/www.csj-emballages.com\/pt-pt\/universo-das-embalagens-alimentares\/"},{"@type":"ListItem","position":2,"name":"Shop","item":"https:\/\/www.csj-emballages.com\/shop\/"},{"@type":"ListItem","position":3,"name":"Copos ecocup brancos 28 cl n\u00e3o graduados, pack de 6"}]},{"@type":"WebSite","@id":"https:\/\/www.csj-emballages.com\/pt-pt\/#website","url":"https:\/\/www.csj-emballages.com\/pt-pt\/","name":"CSJ Emballages","description":"","publisher":{"@id":"https:\/\/www.csj-emballages.com\/pt-pt\/#organization"},"potentialAction":[{"@type":"SearchAction","target":{"@type":"EntryPoint","urlTemplate":"https:\/\/www.csj-emballages.com\/pt-pt\/?s={search_term_string}"},"query-input":{"@type":"PropertyValueSpecification","valueRequired":true,"valueName":"search_term_string"}}],"inLanguage":"pt-PT"},{"@type":"Organization","@id":"https:\/\/www.csj-emballages.com\/pt-pt\/#Organization\/","name":"CSJ Emballages","url":"https:\/\/www.csj-emballages.com\/pt-pt\/","logo":{"@type":"ImageObject","inLanguage":"pt-PT","@id":"https:\/\/www.csj-emballages.com\/pt-pt\/#\/schema\/logo\/image\/","url":"https:\/\/www.csj-emballages.com\/wp-content\/uploads\/2023\/10\/logo_csj.webp","contentUrl":"https:\/\/www.csj-emballages.com\/wp-content\/uploads\/2023\/10\/logo_csj.webp","width":250,"height":95,"caption":"CSJ Emballages"},"image":{"@id":"https:\/\/www.csj-emballages.com\/pt-pt\/#\/schema\/logo\/image\/"},"sameAs":["https:\/\/www.facebook.com\/csjemballages"],"address":{"@type":"PostalAddress","streetAddress":"ZI La Lechere","addressLocality":"Patornay","postalCode":"39130","addressCountry":"FR"},"contactPoint":[{"@type":"ContactPoint","contactType":"Service client","telephone":"0384254272","email":"contact@csj-emballages.com"}]}]}},"df_price":1.66,"df_sale_price":"","df_regular_price":1.66,"df_image_link":"https:\/\/www.csj-emballages.com\/wp-content\/uploads\/2026\/02\/ECO2-300x300.webp","tiered_pricing_type":"fixed","tiered_pricing_fixed_rules":[],"tiered_pricing_percentage_rules":[],"tiered_pricing_minimum":1,"tiered_pricing_roles_data":[],"_links":{"self":[{"href":"https:\/\/www.csj-emballages.com\/pt-pt\/wp-json\/wp\/v2\/product\/265065","targetHints":{"allow":["GET"]}}],"collection":[{"href":"https:\/\/www.csj-emballages.com\/pt-pt\/wp-json\/wp\/v2\/product"}],"about":[{"href":"https:\/\/www.csj-emballages.com\/pt-pt\/wp-json\/wp\/v2\/types\/product"}],"wp:featuredmedia":[{"embeddable":true,"href":"https:\/\/www.csj-emballages.com\/pt-pt\/wp-json\/wp\/v2\/media\/265054"}],"wp:attachment":[{"href":"https:\/\/www.csj-emballages.com\/pt-pt\/wp-json\/wp\/v2\/media?parent=265065"}],"wp:term":[{"taxonomy":"product_brand","embeddable":true,"href":"https:\/\/www.csj-emballages.com\/pt-pt\/wp-json\/wp\/v2\/product_brand?post=265065"},{"taxonomy":"product_cat","embeddable":true,"href":"https:\/\/www.csj-emballages.com\/pt-pt\/wp-json\/wp\/v2\/product_cat?post=265065"},{"taxonomy":"product_tag","embeddable":true,"href":"https:\/\/www.csj-emballages.com\/pt-pt\/wp-json\/wp\/v2\/product_tag?post=265065"}],"curies":[{"name":"wp","href":"https:\/\/api.w.org\/{rel}","templated":true}]}}