{"id":264916,"date":"2026-02-17T16:18:21","date_gmt":"2026-02-17T15:18:21","guid":{"rendered":"https:\/\/www.csj-emballages.com\/produit\/forma-de-madeira-para-cozedura-600-ml-com-papel-por-10\/"},"modified":"2026-04-01T17:45:36","modified_gmt":"2026-04-01T15:45:36","slug":"forma-de-madeira-para-cozedura-600-ml-com-papel-por-10","status":"publish","type":"product","link":"https:\/\/www.csj-emballages.com\/pt-pt\/produit\/forma-de-madeira-para-cozedura-600-ml-com-papel-por-10\/","title":{"rendered":"Forma de madeira para cozedura 600 ml com papel por 10"},"content":{"rendered":"<h2>Forma de madeira<\/h2>\n<hr>\n<h3>Descubra a nossa forma de madeira para cozedura 600 ml com papel por 10<\/h3>\n<p><!--more--><\/p>\n<p data-start=\"248\" data-end=\"506\"><strong>A forma de madeira para cozedura 600 ml<\/strong> \u00e9 a solu\u00e7\u00e3o pr\u00e1tica e est\u00e9tica para preparar e apresentar as suas receitas com um estilo r\u00fastico e natural. Com as suas dimens\u00f5es <strong>\u00d814 x 4 cm<\/strong>, oferece uma capacidade ideal para por\u00e7\u00f5es individuais generosas. <\/p>\n<p data-start=\"508\" data-end=\"752\">Fabricada em <strong>madeira de choupo<\/strong>, inclui um <strong>molde interior em papel siliconado<\/strong> especialmente <strong>adaptado \u00e0 cozedura<\/strong>. Este revestimento evita que os alimentos adiram e garante um desenformar f\u00e1cil e limpo, assegurando uma cozedura homog\u00e9nea. <\/p>\n<p data-start=\"754\" data-end=\"1122\">Resistente ao forno, esta <strong>ta\u00e7a de madeira<\/strong> permite <strong>cozinhar, aquecer e servir<\/strong> diretamente no mesmo recipiente. Assim, simplifica a organiza\u00e7\u00e3o em laborat\u00f3rio, otimiza o tempo de prepara\u00e7\u00e3o e melhora a apresenta\u00e7\u00e3o final. O seu design em <strong>madeira natural<\/strong> acrescenta valor \u00e0s suas cria\u00e7\u00f5es, refor\u00e7ando a imagem artesanal e aut\u00eantica dos seus produtos.  <\/p>\n<p data-start=\"1124\" data-end=\"1460\">Ideal para receitas doces como <strong>p\u00e3ezinhos, flans, bolos e sobremesas criativas<\/strong>, \u00e9 tamb\u00e9m perfeita para prepara\u00e7\u00f5es salgadas como <strong>quiches ou tarteletes<\/strong>. Muito apreciado em padarias, pastelarias, confeitaria e catering, este formato original permite destacar-se com uma apresenta\u00e7\u00e3o cuidada e duradoura. <\/p>\n<p data-start=\"1462\" data-end=\"1547\">Embalado em <strong>lote de 10 unidades<\/strong>, responde \u00e0s necessidades de profissionais exigentes.<\/p>\n<p data-start=\"1462\" data-end=\"1547\"><!--more--><\/p>\n<h4 data-start=\"1462\" data-end=\"1547\">Vantagens :<\/h4>\n<ul>\n<li data-start=\"1630\" data-end=\"1670\"><strong>Madeira de choupo<\/strong> natural e est\u00e9tica.<\/li>\n<li data-start=\"1673\" data-end=\"1714\"><strong>Papel siliconado<\/strong> interior antiaderente.<\/li>\n<li data-start=\"1717\" data-end=\"1749\">Resistente \u00e0 cozedura no forno.<\/li>\n<li data-start=\"1752\" data-end=\"1804\">Cozedura, aquecimento e servi\u00e7o na mesma forma.<\/li>\n<li data-start=\"1807\" data-end=\"1856\">Apresenta\u00e7\u00e3o r\u00fastica e artesanal valorizadora.<\/li>\n<li data-start=\"1859\" data-end=\"1898\">Adequado a <strong>receitas doces e salgadas<\/strong>.<\/li>\n<li data-start=\"1901\" data-end=\"1949\">Ideal para padeiros, pasteleiros e servi\u00e7os de catering.<\/li>\n<\/ul>\n<p>&nbsp;<\/p>\n<p><!--more--><\/p>\n<h4>Outras informa\u00e7\u00f5es :<\/h4>\n<ul>\n<li><strong>Embalagem<\/strong>: Pacote de 10<\/li>\n<li><strong>Di\u00e2metro<\/strong>: 14 cm<\/li>\n<li><strong>Altura<\/strong>: 4 cm<\/li>\n<li><strong>Volume<\/strong>: 600 ml<\/li>\n<li><strong>Temperatura de utiliza\u00e7\u00e3o<\/strong>: -18 \u00baC \/ +220 \u00baC<\/li>\n<li><strong>Material<\/strong>: Madeira \/ Papel<\/li>\n<\/ul>\n<p>&nbsp;<\/p>\n<p><!--more--><\/p>\n<p>Esta forma de madeira para cozedura est\u00e1 dispon\u00edvel em diferentes tamanhos: <span style=\"color: #d12727;\"><a style=\"color: #d12727;\" href=\"https:\/\/www.csj-emballages.com\/es\/produit\/molde-de-madera-para-hornear-235-ml-con-papel-pack-de-10\/\">235 ml<\/a><\/span> \/ <span style=\"color: #d12727;\"><a style=\"color: #d12727;\" href=\"https:\/\/www.csj-emballages.com\/es\/produit\/molde-de-madera-para-hornear-545-ml-con-papel-pack-de-10\/\">545 ml<\/a><\/span> \/ <span style=\"color: #d12727;\"><a style=\"color: #d12727;\" href=\"https:\/\/www.csj-emballages.com\/es\/produit\/molde-de-madera-para-hornear-700-ml-con-papel-pack-de-10\/\">700 ml<\/a><\/span><\/p>\n<p>&nbsp;<\/p>\n<p><!--more--><\/p>\n<p><a href=\"https:\/\/www.csj-emballages.com\/pt-pt\/categorie-produit\/embalagem-de-alimentos\/talho-e-charcutaria\/tabuleiros-latas-e-frascos\/formas-de-madeira\/\">Consulte o resto da nossa gama de formas de madeira<\/a><\/p>\n","protected":false},"excerpt":{"rendered":"<p>Forma de madeira Descubra a nossa forma de madeira para cozedura 600 ml com papel por 10<\/p>\n","protected":false},"featured_media":264913,"template":"","meta":{"_acf_changed":false},"product_brand":[],"product_cat":[1141,1176,2289,10261,1138,3927,10264],"product_tag":[],"class_list":{"0":"post-264916","1":"product","2":"type-product","3":"status-publish","4":"has-post-thumbnail","6":"product_cat-embalagem-de-alimentos","7":"product_cat-talho-e-charcutaria","8":"product_cat-tabuleiros-latas-e-frascos","9":"product_cat-formas-de-madeira","10":"product_cat-restauracao","11":"product_cat-tachos-tigelas-suportes-para-copos","14":"first","15":"outofstock","16":"taxable","17":"shipping-taxable","18":"purchasable","19":"product-type-simple"},"acf":[],"yoast_head":"<!-- This site is optimized with the Yoast SEO Premium plugin v26.6 (Yoast SEO v26.6) - https:\/\/yoast.com\/wordpress\/plugins\/seo\/ -->\n<title>Forma de Madeira para Cozedura 600 ml com Papel por 10<\/title>\n<meta name=\"description\" content=\"Forma de madeira para cozedura 600 ml com papel por 10. Ideal para bolos e brioches, cozedura direta e apresenta\u00e7\u00e3o artesanal.\" \/>\n<meta name=\"robots\" content=\"index, follow, max-snippet:-1, max-image-preview:large, max-video-preview:-1\" \/>\n<link rel=\"canonical\" href=\"https:\/\/www.csj-emballages.com\/pt-pt\/produit\/forma-de-madeira-para-cozedura-600-ml-com-papel-por-10\/\" \/>\n<meta property=\"og:locale\" content=\"pt_PT\" \/>\n<meta property=\"og:type\" content=\"article\" \/>\n<meta property=\"og:title\" content=\"Forma de madeira para cozedura 600 ml com papel por 10\" \/>\n<meta property=\"og:description\" content=\"Forma de madeira para cozedura 600 ml com papel por 10. Ideal para bolos e brioches, cozedura direta e apresenta\u00e7\u00e3o artesanal.\" \/>\n<meta property=\"og:url\" content=\"https:\/\/www.csj-emballages.com\/pt-pt\/produit\/forma-de-madeira-para-cozedura-600-ml-com-papel-por-10\/\" \/>\n<meta property=\"og:site_name\" content=\"CSJ Emballages\" \/>\n<meta property=\"article:publisher\" content=\"https:\/\/www.facebook.com\/csjemballages\" \/>\n<meta property=\"article:modified_time\" content=\"2026-04-01T15:45:36+00:00\" \/>\n<meta property=\"og:image\" content=\"https:\/\/www.csj-emballages.com\/wp-content\/uploads\/2026\/02\/28052.webp\" \/>\n\t<meta property=\"og:image:width\" content=\"800\" \/>\n\t<meta property=\"og:image:height\" content=\"800\" \/>\n\t<meta property=\"og:image:type\" content=\"image\/webp\" \/>\n<meta name=\"twitter:card\" content=\"summary_large_image\" \/>\n<meta name=\"twitter:label1\" content=\"Tempo estimado de leitura\" \/>\n\t<meta name=\"twitter:data1\" content=\"2 minutos\" \/>\n<script type=\"application\/ld+json\" class=\"yoast-schema-graph\">{\"@context\":\"https:\/\/schema.org\",\"@graph\":[{\"@type\":\"WebPage\",\"@id\":\"https:\/\/www.csj-emballages.com\/pt-pt\/produit\/forma-de-madeira-para-cozedura-600-ml-com-papel-por-10\/\",\"url\":\"https:\/\/www.csj-emballages.com\/pt-pt\/produit\/forma-de-madeira-para-cozedura-600-ml-com-papel-por-10\/\",\"name\":\"Forma de Madeira para Cozedura 600 ml com Papel por 10\",\"isPartOf\":{\"@id\":\"https:\/\/www.csj-emballages.com\/pt-pt\/#website\"},\"primaryImageOfPage\":{\"@id\":\"https:\/\/www.csj-emballages.com\/pt-pt\/produit\/forma-de-madeira-para-cozedura-600-ml-com-papel-por-10\/#primaryimage\"},\"image\":{\"@id\":\"https:\/\/www.csj-emballages.com\/pt-pt\/produit\/forma-de-madeira-para-cozedura-600-ml-com-papel-por-10\/#primaryimage\"},\"thumbnailUrl\":\"https:\/\/www.csj-emballages.com\/wp-content\/uploads\/2026\/02\/28052.webp\",\"datePublished\":\"2026-02-17T15:18:21+00:00\",\"dateModified\":\"2026-04-01T15:45:36+00:00\",\"description\":\"Forma de madeira para cozedura 600 ml com papel por 10. Ideal para bolos e brioches, cozedura direta e apresenta\u00e7\u00e3o artesanal.\",\"breadcrumb\":{\"@id\":\"https:\/\/www.csj-emballages.com\/pt-pt\/produit\/forma-de-madeira-para-cozedura-600-ml-com-papel-por-10\/#breadcrumb\"},\"inLanguage\":\"pt-PT\",\"potentialAction\":[{\"@type\":\"ReadAction\",\"target\":[\"https:\/\/www.csj-emballages.com\/pt-pt\/produit\/forma-de-madeira-para-cozedura-600-ml-com-papel-por-10\/\"]}]},{\"@type\":\"ImageObject\",\"inLanguage\":\"pt-PT\",\"@id\":\"https:\/\/www.csj-emballages.com\/pt-pt\/produit\/forma-de-madeira-para-cozedura-600-ml-com-papel-por-10\/#primaryimage\",\"url\":\"https:\/\/www.csj-emballages.com\/wp-content\/uploads\/2026\/02\/28052.webp\",\"contentUrl\":\"https:\/\/www.csj-emballages.com\/wp-content\/uploads\/2026\/02\/28052.webp\",\"width\":800,\"height\":800,\"caption\":\"Moule en bois\"},{\"@type\":\"BreadcrumbList\",\"@id\":\"https:\/\/www.csj-emballages.com\/pt-pt\/produit\/forma-de-madeira-para-cozedura-600-ml-com-papel-por-10\/#breadcrumb\",\"itemListElement\":[{\"@type\":\"ListItem\",\"position\":1,\"name\":\"Acolhimento\",\"item\":\"https:\/\/www.csj-emballages.com\/pt-pt\/universo-das-embalagens-alimentares\/\"},{\"@type\":\"ListItem\",\"position\":2,\"name\":\"Shop\",\"item\":\"https:\/\/www.csj-emballages.com\/shop\/\"},{\"@type\":\"ListItem\",\"position\":3,\"name\":\"Forma de madeira para cozedura 600 ml com papel por 10\"}]},{\"@type\":\"WebSite\",\"@id\":\"https:\/\/www.csj-emballages.com\/pt-pt\/#website\",\"url\":\"https:\/\/www.csj-emballages.com\/pt-pt\/\",\"name\":\"CSJ Emballages\",\"description\":\"\",\"publisher\":{\"@id\":\"https:\/\/www.csj-emballages.com\/pt-pt\/#organization\"},\"potentialAction\":[{\"@type\":\"SearchAction\",\"target\":{\"@type\":\"EntryPoint\",\"urlTemplate\":\"https:\/\/www.csj-emballages.com\/pt-pt\/?s={search_term_string}\"},\"query-input\":{\"@type\":\"PropertyValueSpecification\",\"valueRequired\":true,\"valueName\":\"search_term_string\"}}],\"inLanguage\":\"pt-PT\"},{\"@type\":\"Organization\",\"@id\":\"https:\/\/www.csj-emballages.com\/pt-pt\/#Organization\/\",\"name\":\"CSJ Emballages\",\"url\":\"https:\/\/www.csj-emballages.com\/pt-pt\/\",\"logo\":{\"@type\":\"ImageObject\",\"inLanguage\":\"pt-PT\",\"@id\":\"https:\/\/www.csj-emballages.com\/pt-pt\/#\/schema\/logo\/image\/\",\"url\":\"https:\/\/www.csj-emballages.com\/wp-content\/uploads\/2023\/10\/logo_csj.webp\",\"contentUrl\":\"https:\/\/www.csj-emballages.com\/wp-content\/uploads\/2023\/10\/logo_csj.webp\",\"width\":250,\"height\":95,\"caption\":\"CSJ Emballages\"},\"image\":{\"@id\":\"https:\/\/www.csj-emballages.com\/pt-pt\/#\/schema\/logo\/image\/\"},\"sameAs\":[\"https:\/\/www.facebook.com\/csjemballages\"],\"address\":{\"@type\":\"PostalAddress\",\"streetAddress\":\"ZI La Lechere\",\"addressLocality\":\"Patornay\",\"postalCode\":\"39130\",\"addressCountry\":\"FR\"},\"contactPoint\":[{\"@type\":\"ContactPoint\",\"contactType\":\"Service client\",\"telephone\":\"0384254272\",\"email\":\"contact@csj-emballages.com\"}]}]}<\/script>\n<!-- \/ Yoast SEO Premium plugin. -->","yoast_head_json":{"title":"Forma de Madeira para Cozedura 600 ml com Papel por 10","description":"Forma de madeira para cozedura 600 ml com papel por 10. Ideal para bolos e brioches, cozedura direta e apresenta\u00e7\u00e3o artesanal.","robots":{"index":"index","follow":"follow","max-snippet":"max-snippet:-1","max-image-preview":"max-image-preview:large","max-video-preview":"max-video-preview:-1"},"canonical":"https:\/\/www.csj-emballages.com\/pt-pt\/produit\/forma-de-madeira-para-cozedura-600-ml-com-papel-por-10\/","og_locale":"pt_PT","og_type":"article","og_title":"Forma de madeira para cozedura 600 ml com papel por 10","og_description":"Forma de madeira para cozedura 600 ml com papel por 10. Ideal para bolos e brioches, cozedura direta e apresenta\u00e7\u00e3o artesanal.","og_url":"https:\/\/www.csj-emballages.com\/pt-pt\/produit\/forma-de-madeira-para-cozedura-600-ml-com-papel-por-10\/","og_site_name":"CSJ Emballages","article_publisher":"https:\/\/www.facebook.com\/csjemballages","article_modified_time":"2026-04-01T15:45:36+00:00","og_image":[{"width":800,"height":800,"url":"https:\/\/www.csj-emballages.com\/wp-content\/uploads\/2026\/02\/28052.webp","type":"image\/webp"}],"twitter_card":"summary_large_image","twitter_misc":{"Tempo estimado de leitura":"2 minutos"},"schema":{"@context":"https:\/\/schema.org","@graph":[{"@type":"WebPage","@id":"https:\/\/www.csj-emballages.com\/pt-pt\/produit\/forma-de-madeira-para-cozedura-600-ml-com-papel-por-10\/","url":"https:\/\/www.csj-emballages.com\/pt-pt\/produit\/forma-de-madeira-para-cozedura-600-ml-com-papel-por-10\/","name":"Forma de Madeira para Cozedura 600 ml com Papel por 10","isPartOf":{"@id":"https:\/\/www.csj-emballages.com\/pt-pt\/#website"},"primaryImageOfPage":{"@id":"https:\/\/www.csj-emballages.com\/pt-pt\/produit\/forma-de-madeira-para-cozedura-600-ml-com-papel-por-10\/#primaryimage"},"image":{"@id":"https:\/\/www.csj-emballages.com\/pt-pt\/produit\/forma-de-madeira-para-cozedura-600-ml-com-papel-por-10\/#primaryimage"},"thumbnailUrl":"https:\/\/www.csj-emballages.com\/wp-content\/uploads\/2026\/02\/28052.webp","datePublished":"2026-02-17T15:18:21+00:00","dateModified":"2026-04-01T15:45:36+00:00","description":"Forma de madeira para cozedura 600 ml com papel por 10. Ideal para bolos e brioches, cozedura direta e apresenta\u00e7\u00e3o artesanal.","breadcrumb":{"@id":"https:\/\/www.csj-emballages.com\/pt-pt\/produit\/forma-de-madeira-para-cozedura-600-ml-com-papel-por-10\/#breadcrumb"},"inLanguage":"pt-PT","potentialAction":[{"@type":"ReadAction","target":["https:\/\/www.csj-emballages.com\/pt-pt\/produit\/forma-de-madeira-para-cozedura-600-ml-com-papel-por-10\/"]}]},{"@type":"ImageObject","inLanguage":"pt-PT","@id":"https:\/\/www.csj-emballages.com\/pt-pt\/produit\/forma-de-madeira-para-cozedura-600-ml-com-papel-por-10\/#primaryimage","url":"https:\/\/www.csj-emballages.com\/wp-content\/uploads\/2026\/02\/28052.webp","contentUrl":"https:\/\/www.csj-emballages.com\/wp-content\/uploads\/2026\/02\/28052.webp","width":800,"height":800,"caption":"Moule en bois"},{"@type":"BreadcrumbList","@id":"https:\/\/www.csj-emballages.com\/pt-pt\/produit\/forma-de-madeira-para-cozedura-600-ml-com-papel-por-10\/#breadcrumb","itemListElement":[{"@type":"ListItem","position":1,"name":"Acolhimento","item":"https:\/\/www.csj-emballages.com\/pt-pt\/universo-das-embalagens-alimentares\/"},{"@type":"ListItem","position":2,"name":"Shop","item":"https:\/\/www.csj-emballages.com\/shop\/"},{"@type":"ListItem","position":3,"name":"Forma de madeira para cozedura 600 ml com papel por 10"}]},{"@type":"WebSite","@id":"https:\/\/www.csj-emballages.com\/pt-pt\/#website","url":"https:\/\/www.csj-emballages.com\/pt-pt\/","name":"CSJ Emballages","description":"","publisher":{"@id":"https:\/\/www.csj-emballages.com\/pt-pt\/#organization"},"potentialAction":[{"@type":"SearchAction","target":{"@type":"EntryPoint","urlTemplate":"https:\/\/www.csj-emballages.com\/pt-pt\/?s={search_term_string}"},"query-input":{"@type":"PropertyValueSpecification","valueRequired":true,"valueName":"search_term_string"}}],"inLanguage":"pt-PT"},{"@type":"Organization","@id":"https:\/\/www.csj-emballages.com\/pt-pt\/#Organization\/","name":"CSJ Emballages","url":"https:\/\/www.csj-emballages.com\/pt-pt\/","logo":{"@type":"ImageObject","inLanguage":"pt-PT","@id":"https:\/\/www.csj-emballages.com\/pt-pt\/#\/schema\/logo\/image\/","url":"https:\/\/www.csj-emballages.com\/wp-content\/uploads\/2023\/10\/logo_csj.webp","contentUrl":"https:\/\/www.csj-emballages.com\/wp-content\/uploads\/2023\/10\/logo_csj.webp","width":250,"height":95,"caption":"CSJ Emballages"},"image":{"@id":"https:\/\/www.csj-emballages.com\/pt-pt\/#\/schema\/logo\/image\/"},"sameAs":["https:\/\/www.facebook.com\/csjemballages"],"address":{"@type":"PostalAddress","streetAddress":"ZI La Lechere","addressLocality":"Patornay","postalCode":"39130","addressCountry":"FR"},"contactPoint":[{"@type":"ContactPoint","contactType":"Service client","telephone":"0384254272","email":"contact@csj-emballages.com"}]}]}},"df_price":8.74,"df_sale_price":"","df_regular_price":8.74,"df_image_link":"https:\/\/www.csj-emballages.com\/wp-content\/uploads\/2026\/02\/28052-300x300.webp","tiered_pricing_type":"fixed","tiered_pricing_fixed_rules":[],"tiered_pricing_percentage_rules":[],"tiered_pricing_minimum":1,"tiered_pricing_roles_data":[],"_links":{"self":[{"href":"https:\/\/www.csj-emballages.com\/pt-pt\/wp-json\/wp\/v2\/product\/264916","targetHints":{"allow":["GET"]}}],"collection":[{"href":"https:\/\/www.csj-emballages.com\/pt-pt\/wp-json\/wp\/v2\/product"}],"about":[{"href":"https:\/\/www.csj-emballages.com\/pt-pt\/wp-json\/wp\/v2\/types\/product"}],"wp:featuredmedia":[{"embeddable":true,"href":"https:\/\/www.csj-emballages.com\/pt-pt\/wp-json\/wp\/v2\/media\/264913"}],"wp:attachment":[{"href":"https:\/\/www.csj-emballages.com\/pt-pt\/wp-json\/wp\/v2\/media?parent=264916"}],"wp:term":[{"taxonomy":"product_brand","embeddable":true,"href":"https:\/\/www.csj-emballages.com\/pt-pt\/wp-json\/wp\/v2\/product_brand?post=264916"},{"taxonomy":"product_cat","embeddable":true,"href":"https:\/\/www.csj-emballages.com\/pt-pt\/wp-json\/wp\/v2\/product_cat?post=264916"},{"taxonomy":"product_tag","embeddable":true,"href":"https:\/\/www.csj-emballages.com\/pt-pt\/wp-json\/wp\/v2\/product_tag?post=264916"}],"curies":[{"name":"wp","href":"https:\/\/api.w.org\/{rel}","templated":true}]}}