{"id":264791,"date":"2026-01-23T17:18:33","date_gmt":"2026-01-23T16:18:33","guid":{"rendered":"https:\/\/www.csj-emballages.com\/produit\/bico-de-pasteleiro-decoracao-azul-celeste-plastico-pack-de-24\/"},"modified":"2026-03-12T16:08:55","modified_gmt":"2026-03-12T15:08:55","slug":"bico-de-pasteleiro-decoracao-azul-celeste-plastico-pack-de-24","status":"publish","type":"product","link":"https:\/\/www.csj-emballages.com\/pt-pt\/produit\/bico-de-pasteleiro-decoracao-azul-celeste-plastico-pack-de-24\/","title":{"rendered":"Bico de pasteleiro decora\u00e7\u00e3o azul-celeste pl\u00e1stico pack de 24"},"content":{"rendered":"<h2>Bico de pasteleiro<\/h2>\n<hr>\n<h3>Descubra o nosso bico de pasteleiro decora\u00e7\u00e3o azul-celeste pl\u00e1stico pack de 24<\/h3>\n<p><!--more--><\/p>\n<p data-start=\"243\" data-end=\"569\">O <strong>conjunto de 24 bicos de pasteleiro decora\u00e7\u00e3o azul-celeste<\/strong> em <strong>pl\u00e1stico<\/strong> \u00e9 a ferramenta ideal para realizar decora\u00e7\u00f5es variadas e cuidadas em todas as suas cria\u00e7\u00f5es doces e salgadas. Concebido tanto para profissionais como para entusiastas da pastelaria, este <strong>set completo<\/strong> permite multiplicar os efeitos e as texturas com toda a simplicidade. <\/p>\n<p data-start=\"571\" data-end=\"859\">Fabricados em <strong>pl\u00e1stico<\/strong> resistente de qualidade alimentar, estes <strong>bicos<\/strong> garantem uma decora\u00e7\u00e3o precisa e regular. A sua <strong>cor azul-celeste transl\u00facida<\/strong> permite visualizar facilmente a prepara\u00e7\u00e3o no interior do saco de pasteleiro, facilitando assim o trabalho em laborat\u00f3rio ou na cozinha. <\/p>\n<p data-start=\"861\" data-end=\"1166\">O <strong>estojo inclui 24 formas diferentes<\/strong>: <strong>estrelas abertas e fechadas, lisas, caneladas, p\u00e9talas ou motivos espec\u00edficos<\/strong>. S\u00e3o ideais para decorar cupcakes, bolos, \u00e9clairs, profiteroles, sobremesas, biscoitos, mas tamb\u00e9m para trabalhar prepara\u00e7\u00f5es salgadas como pur\u00e9s ou mousses de aperitivo. <\/p>\n<p data-start=\"1168\" data-end=\"1370\">Leves e f\u00e1ceis de manusear, estes <strong>bicos<\/strong> s\u00e3o adequados tanto para um uso intensivo como para uma utiliza\u00e7\u00e3o ocasional. Um conjunto completo e vers\u00e1til para dar largas \u00e0 sua criatividade. <\/p>\n<p data-start=\"1168\" data-end=\"1370\"><!--more--><\/p>\n<h4 data-start=\"1168\" data-end=\"1370\">Vantagens :<\/h4>\n<ul>\n<li data-start=\"1408\" data-end=\"1448\">Conjunto completo de <strong>24 bicos decorativos<\/strong>.<\/li>\n<li data-start=\"1451\" data-end=\"1500\">Pl\u00e1stico resistente apto para contacto alimentar.<\/li>\n<li data-start=\"1503\" data-end=\"1560\"><strong>Cor azul-celeste transl\u00facida<\/strong> para melhor visibilidade.<\/li>\n<li data-start=\"1563\" data-end=\"1609\">Grande variedade de formas para decora\u00e7\u00f5es criativas.<\/li>\n<li data-start=\"1612\" data-end=\"1641\">Decora\u00e7\u00e3o precisa e regular.<\/li>\n<li data-start=\"1692\" data-end=\"1712\">F\u00e1ceis de limpar.<\/li>\n<\/ul>\n<p>&nbsp;<\/p>\n<p><!--more--><\/p>\n<h4>Outras informa\u00e7\u00f5es :<\/h4>\n<ul>\n<li><strong>Apresenta\u00e7\u00e3o<\/strong>: Embalagem de 24<\/li>\n<li><strong>Cor<\/strong>: Azul-celeste<\/li>\n<li><strong>Material<\/strong>: Pl\u00e1stico<\/li>\n<\/ul>\n<p>&nbsp;<\/p>\n<p><!--more--><\/p>\n<p>Este conjunto de 24 c\u00e1psulas tamb\u00e9m est\u00e1 dispon\u00edvel em conjunto de 12 c\u00e1psulas: <span style=\"color: #d12727;\"><a style=\"color: #d12727;\" href=\"https:\/\/www.csj-emballages.com\/es\/produit\/boquilla-de-reposteria-decorativa-azul-cielo-de-tritan-12-uds\/\">17868<\/a><\/span><\/p>\n<p>&nbsp;<\/p>\n<p><!--more--><\/p>\n<p><a href=\"https:\/\/www.csj-emballages.com\/pt-pt\/categorie-produit\/embalagem-de-alimentos\/padaria-e-pastelaria\/acessorios-e-equipamentos\/sacos-de-tomadas\/\">Consulte o resto da nossa gama de boquilhas \/ sacos<\/a><\/p>\n","protected":false},"excerpt":{"rendered":"<p>Bico de pasteleiro Descubra o nosso bico de pasteleiro decora\u00e7\u00e3o azul-celeste pl\u00e1stico pack de 24<\/p>\n","protected":false},"featured_media":264786,"template":"","meta":{"_acf_changed":false},"product_brand":[],"product_cat":[1141,1177,3918,3157],"product_tag":[],"class_list":{"0":"post-264791","1":"product","2":"type-product","3":"status-publish","4":"has-post-thumbnail","6":"product_cat-embalagem-de-alimentos","7":"product_cat-padaria-e-pastelaria","8":"product_cat-acessorios-e-equipamentos","9":"product_cat-sacos-de-tomadas","11":"first","12":"instock","13":"taxable","14":"shipping-taxable","15":"purchasable","16":"product-type-simple"},"acf":[],"yoast_head":"<!-- This site is optimized with the Yoast SEO Premium plugin v26.6 (Yoast SEO v26.6) - https:\/\/yoast.com\/wordpress\/plugins\/seo\/ -->\n<title>Bico de Pasteleiro Decora\u00e7\u00e3o Azul-Celeste Pl\u00e1stico Pack de 24<\/title>\n<meta name=\"description\" content=\"Bico de pasteleiro decora\u00e7\u00e3o azul-celeste em pl\u00e1stico pack de 24. Ideais para decorar bolos, cupcakes e sobremesas com precis\u00e3o.\" \/>\n<meta name=\"robots\" content=\"index, follow, max-snippet:-1, max-image-preview:large, max-video-preview:-1\" \/>\n<link rel=\"canonical\" href=\"https:\/\/www.csj-emballages.com\/pt-pt\/produit\/bico-de-pasteleiro-decoracao-azul-celeste-plastico-pack-de-24\/\" \/>\n<meta property=\"og:locale\" content=\"pt_PT\" \/>\n<meta property=\"og:type\" content=\"article\" \/>\n<meta property=\"og:title\" content=\"Bico de pasteleiro decora\u00e7\u00e3o azul-celeste pl\u00e1stico pack de 24\" \/>\n<meta property=\"og:description\" content=\"Bico de pasteleiro decora\u00e7\u00e3o azul-celeste em pl\u00e1stico pack de 24. Ideais para decorar bolos, cupcakes e sobremesas com precis\u00e3o.\" \/>\n<meta property=\"og:url\" content=\"https:\/\/www.csj-emballages.com\/pt-pt\/produit\/bico-de-pasteleiro-decoracao-azul-celeste-plastico-pack-de-24\/\" \/>\n<meta property=\"og:site_name\" content=\"CSJ Emballages\" \/>\n<meta property=\"article:publisher\" content=\"https:\/\/www.facebook.com\/csjemballages\" \/>\n<meta property=\"article:modified_time\" content=\"2026-03-12T15:08:55+00:00\" \/>\n<meta property=\"og:image\" content=\"https:\/\/www.csj-emballages.com\/wp-content\/uploads\/2026\/01\/45468.webp\" \/>\n\t<meta property=\"og:image:width\" content=\"800\" \/>\n\t<meta property=\"og:image:height\" content=\"800\" \/>\n\t<meta property=\"og:image:type\" content=\"image\/jpeg\" \/>\n<meta name=\"twitter:card\" content=\"summary_large_image\" \/>\n<meta name=\"twitter:label1\" content=\"Tempo estimado de leitura\" \/>\n\t<meta name=\"twitter:data1\" content=\"1 minuto\" \/>\n<script type=\"application\/ld+json\" class=\"yoast-schema-graph\">{\"@context\":\"https:\/\/schema.org\",\"@graph\":[{\"@type\":\"WebPage\",\"@id\":\"https:\/\/www.csj-emballages.com\/pt-pt\/produit\/bico-de-pasteleiro-decoracao-azul-celeste-plastico-pack-de-24\/\",\"url\":\"https:\/\/www.csj-emballages.com\/pt-pt\/produit\/bico-de-pasteleiro-decoracao-azul-celeste-plastico-pack-de-24\/\",\"name\":\"Bico de Pasteleiro Decora\u00e7\u00e3o Azul-Celeste Pl\u00e1stico Pack de 24\",\"isPartOf\":{\"@id\":\"https:\/\/www.csj-emballages.com\/pt-pt\/#website\"},\"primaryImageOfPage\":{\"@id\":\"https:\/\/www.csj-emballages.com\/pt-pt\/produit\/bico-de-pasteleiro-decoracao-azul-celeste-plastico-pack-de-24\/#primaryimage\"},\"image\":{\"@id\":\"https:\/\/www.csj-emballages.com\/pt-pt\/produit\/bico-de-pasteleiro-decoracao-azul-celeste-plastico-pack-de-24\/#primaryimage\"},\"thumbnailUrl\":\"https:\/\/www.csj-emballages.com\/wp-content\/uploads\/2026\/01\/45468.webp\",\"datePublished\":\"2026-01-23T16:18:33+00:00\",\"dateModified\":\"2026-03-12T15:08:55+00:00\",\"description\":\"Bico de pasteleiro decora\u00e7\u00e3o azul-celeste em pl\u00e1stico pack de 24. Ideais para decorar bolos, cupcakes e sobremesas com precis\u00e3o.\",\"breadcrumb\":{\"@id\":\"https:\/\/www.csj-emballages.com\/pt-pt\/produit\/bico-de-pasteleiro-decoracao-azul-celeste-plastico-pack-de-24\/#breadcrumb\"},\"inLanguage\":\"pt-PT\",\"potentialAction\":[{\"@type\":\"ReadAction\",\"target\":[\"https:\/\/www.csj-emballages.com\/pt-pt\/produit\/bico-de-pasteleiro-decoracao-azul-celeste-plastico-pack-de-24\/\"]}]},{\"@type\":\"ImageObject\",\"inLanguage\":\"pt-PT\",\"@id\":\"https:\/\/www.csj-emballages.com\/pt-pt\/produit\/bico-de-pasteleiro-decoracao-azul-celeste-plastico-pack-de-24\/#primaryimage\",\"url\":\"https:\/\/www.csj-emballages.com\/wp-content\/uploads\/2026\/01\/45468.webp\",\"contentUrl\":\"https:\/\/www.csj-emballages.com\/wp-content\/uploads\/2026\/01\/45468.webp\",\"width\":800,\"height\":800,\"caption\":\"Douille p\u00e2tisserie\"},{\"@type\":\"BreadcrumbList\",\"@id\":\"https:\/\/www.csj-emballages.com\/pt-pt\/produit\/bico-de-pasteleiro-decoracao-azul-celeste-plastico-pack-de-24\/#breadcrumb\",\"itemListElement\":[{\"@type\":\"ListItem\",\"position\":1,\"name\":\"Acolhimento\",\"item\":\"https:\/\/www.csj-emballages.com\/pt-pt\/universo-das-embalagens-alimentares\/\"},{\"@type\":\"ListItem\",\"position\":2,\"name\":\"Shop\",\"item\":\"https:\/\/www.csj-emballages.com\/shop\/\"},{\"@type\":\"ListItem\",\"position\":3,\"name\":\"Bico de pasteleiro decora\u00e7\u00e3o azul-celeste pl\u00e1stico pack de 24\"}]},{\"@type\":\"WebSite\",\"@id\":\"https:\/\/www.csj-emballages.com\/pt-pt\/#website\",\"url\":\"https:\/\/www.csj-emballages.com\/pt-pt\/\",\"name\":\"CSJ Emballages\",\"description\":\"\",\"publisher\":{\"@id\":\"https:\/\/www.csj-emballages.com\/pt-pt\/#organization\"},\"potentialAction\":[{\"@type\":\"SearchAction\",\"target\":{\"@type\":\"EntryPoint\",\"urlTemplate\":\"https:\/\/www.csj-emballages.com\/pt-pt\/?s={search_term_string}\"},\"query-input\":{\"@type\":\"PropertyValueSpecification\",\"valueRequired\":true,\"valueName\":\"search_term_string\"}}],\"inLanguage\":\"pt-PT\"},{\"@type\":\"Organization\",\"@id\":\"https:\/\/www.csj-emballages.com\/pt-pt\/#Organization\/\",\"name\":\"CSJ Emballages\",\"url\":\"https:\/\/www.csj-emballages.com\/pt-pt\/\",\"logo\":{\"@type\":\"ImageObject\",\"inLanguage\":\"pt-PT\",\"@id\":\"https:\/\/www.csj-emballages.com\/pt-pt\/#\/schema\/logo\/image\/\",\"url\":\"https:\/\/www.csj-emballages.com\/wp-content\/uploads\/2023\/10\/logo_csj.webp\",\"contentUrl\":\"https:\/\/www.csj-emballages.com\/wp-content\/uploads\/2023\/10\/logo_csj.webp\",\"width\":250,\"height\":95,\"caption\":\"CSJ Emballages\"},\"image\":{\"@id\":\"https:\/\/www.csj-emballages.com\/pt-pt\/#\/schema\/logo\/image\/\"},\"sameAs\":[\"https:\/\/www.facebook.com\/csjemballages\"],\"address\":{\"@type\":\"PostalAddress\",\"streetAddress\":\"ZI La Lechere\",\"addressLocality\":\"Patornay\",\"postalCode\":\"39130\",\"addressCountry\":\"FR\"},\"contactPoint\":[{\"@type\":\"ContactPoint\",\"contactType\":\"Service client\",\"telephone\":\"0384254272\",\"email\":\"contact@csj-emballages.com\"}]}]}<\/script>\n<!-- \/ Yoast SEO Premium plugin. -->","yoast_head_json":{"title":"Bico de Pasteleiro Decora\u00e7\u00e3o Azul-Celeste Pl\u00e1stico Pack de 24","description":"Bico de pasteleiro decora\u00e7\u00e3o azul-celeste em pl\u00e1stico pack de 24. Ideais para decorar bolos, cupcakes e sobremesas com precis\u00e3o.","robots":{"index":"index","follow":"follow","max-snippet":"max-snippet:-1","max-image-preview":"max-image-preview:large","max-video-preview":"max-video-preview:-1"},"canonical":"https:\/\/www.csj-emballages.com\/pt-pt\/produit\/bico-de-pasteleiro-decoracao-azul-celeste-plastico-pack-de-24\/","og_locale":"pt_PT","og_type":"article","og_title":"Bico de pasteleiro decora\u00e7\u00e3o azul-celeste pl\u00e1stico pack de 24","og_description":"Bico de pasteleiro decora\u00e7\u00e3o azul-celeste em pl\u00e1stico pack de 24. Ideais para decorar bolos, cupcakes e sobremesas com precis\u00e3o.","og_url":"https:\/\/www.csj-emballages.com\/pt-pt\/produit\/bico-de-pasteleiro-decoracao-azul-celeste-plastico-pack-de-24\/","og_site_name":"CSJ Emballages","article_publisher":"https:\/\/www.facebook.com\/csjemballages","article_modified_time":"2026-03-12T15:08:55+00:00","og_image":[{"width":800,"height":800,"url":"https:\/\/www.csj-emballages.com\/wp-content\/uploads\/2026\/01\/45468.webp","type":"image\/jpeg"}],"twitter_card":"summary_large_image","twitter_misc":{"Tempo estimado de leitura":"1 minuto"},"schema":{"@context":"https:\/\/schema.org","@graph":[{"@type":"WebPage","@id":"https:\/\/www.csj-emballages.com\/pt-pt\/produit\/bico-de-pasteleiro-decoracao-azul-celeste-plastico-pack-de-24\/","url":"https:\/\/www.csj-emballages.com\/pt-pt\/produit\/bico-de-pasteleiro-decoracao-azul-celeste-plastico-pack-de-24\/","name":"Bico de Pasteleiro Decora\u00e7\u00e3o Azul-Celeste Pl\u00e1stico Pack de 24","isPartOf":{"@id":"https:\/\/www.csj-emballages.com\/pt-pt\/#website"},"primaryImageOfPage":{"@id":"https:\/\/www.csj-emballages.com\/pt-pt\/produit\/bico-de-pasteleiro-decoracao-azul-celeste-plastico-pack-de-24\/#primaryimage"},"image":{"@id":"https:\/\/www.csj-emballages.com\/pt-pt\/produit\/bico-de-pasteleiro-decoracao-azul-celeste-plastico-pack-de-24\/#primaryimage"},"thumbnailUrl":"https:\/\/www.csj-emballages.com\/wp-content\/uploads\/2026\/01\/45468.webp","datePublished":"2026-01-23T16:18:33+00:00","dateModified":"2026-03-12T15:08:55+00:00","description":"Bico de pasteleiro decora\u00e7\u00e3o azul-celeste em pl\u00e1stico pack de 24. Ideais para decorar bolos, cupcakes e sobremesas com precis\u00e3o.","breadcrumb":{"@id":"https:\/\/www.csj-emballages.com\/pt-pt\/produit\/bico-de-pasteleiro-decoracao-azul-celeste-plastico-pack-de-24\/#breadcrumb"},"inLanguage":"pt-PT","potentialAction":[{"@type":"ReadAction","target":["https:\/\/www.csj-emballages.com\/pt-pt\/produit\/bico-de-pasteleiro-decoracao-azul-celeste-plastico-pack-de-24\/"]}]},{"@type":"ImageObject","inLanguage":"pt-PT","@id":"https:\/\/www.csj-emballages.com\/pt-pt\/produit\/bico-de-pasteleiro-decoracao-azul-celeste-plastico-pack-de-24\/#primaryimage","url":"https:\/\/www.csj-emballages.com\/wp-content\/uploads\/2026\/01\/45468.webp","contentUrl":"https:\/\/www.csj-emballages.com\/wp-content\/uploads\/2026\/01\/45468.webp","width":800,"height":800,"caption":"Douille p\u00e2tisserie"},{"@type":"BreadcrumbList","@id":"https:\/\/www.csj-emballages.com\/pt-pt\/produit\/bico-de-pasteleiro-decoracao-azul-celeste-plastico-pack-de-24\/#breadcrumb","itemListElement":[{"@type":"ListItem","position":1,"name":"Acolhimento","item":"https:\/\/www.csj-emballages.com\/pt-pt\/universo-das-embalagens-alimentares\/"},{"@type":"ListItem","position":2,"name":"Shop","item":"https:\/\/www.csj-emballages.com\/shop\/"},{"@type":"ListItem","position":3,"name":"Bico de pasteleiro decora\u00e7\u00e3o azul-celeste pl\u00e1stico pack de 24"}]},{"@type":"WebSite","@id":"https:\/\/www.csj-emballages.com\/pt-pt\/#website","url":"https:\/\/www.csj-emballages.com\/pt-pt\/","name":"CSJ Emballages","description":"","publisher":{"@id":"https:\/\/www.csj-emballages.com\/pt-pt\/#organization"},"potentialAction":[{"@type":"SearchAction","target":{"@type":"EntryPoint","urlTemplate":"https:\/\/www.csj-emballages.com\/pt-pt\/?s={search_term_string}"},"query-input":{"@type":"PropertyValueSpecification","valueRequired":true,"valueName":"search_term_string"}}],"inLanguage":"pt-PT"},{"@type":"Organization","@id":"https:\/\/www.csj-emballages.com\/pt-pt\/#Organization\/","name":"CSJ Emballages","url":"https:\/\/www.csj-emballages.com\/pt-pt\/","logo":{"@type":"ImageObject","inLanguage":"pt-PT","@id":"https:\/\/www.csj-emballages.com\/pt-pt\/#\/schema\/logo\/image\/","url":"https:\/\/www.csj-emballages.com\/wp-content\/uploads\/2023\/10\/logo_csj.webp","contentUrl":"https:\/\/www.csj-emballages.com\/wp-content\/uploads\/2023\/10\/logo_csj.webp","width":250,"height":95,"caption":"CSJ Emballages"},"image":{"@id":"https:\/\/www.csj-emballages.com\/pt-pt\/#\/schema\/logo\/image\/"},"sameAs":["https:\/\/www.facebook.com\/csjemballages"],"address":{"@type":"PostalAddress","streetAddress":"ZI La Lechere","addressLocality":"Patornay","postalCode":"39130","addressCountry":"FR"},"contactPoint":[{"@type":"ContactPoint","contactType":"Service client","telephone":"0384254272","email":"contact@csj-emballages.com"}]}]}},"df_price":24.73,"df_sale_price":"","df_regular_price":24.73,"df_image_link":"https:\/\/www.csj-emballages.com\/wp-content\/uploads\/2026\/01\/45468-300x300.webp","tiered_pricing_type":"fixed","tiered_pricing_fixed_rules":[],"tiered_pricing_percentage_rules":[],"tiered_pricing_minimum":1,"tiered_pricing_roles_data":[],"_links":{"self":[{"href":"https:\/\/www.csj-emballages.com\/pt-pt\/wp-json\/wp\/v2\/product\/264791","targetHints":{"allow":["GET"]}}],"collection":[{"href":"https:\/\/www.csj-emballages.com\/pt-pt\/wp-json\/wp\/v2\/product"}],"about":[{"href":"https:\/\/www.csj-emballages.com\/pt-pt\/wp-json\/wp\/v2\/types\/product"}],"wp:featuredmedia":[{"embeddable":true,"href":"https:\/\/www.csj-emballages.com\/pt-pt\/wp-json\/wp\/v2\/media\/264786"}],"wp:attachment":[{"href":"https:\/\/www.csj-emballages.com\/pt-pt\/wp-json\/wp\/v2\/media?parent=264791"}],"wp:term":[{"taxonomy":"product_brand","embeddable":true,"href":"https:\/\/www.csj-emballages.com\/pt-pt\/wp-json\/wp\/v2\/product_brand?post=264791"},{"taxonomy":"product_cat","embeddable":true,"href":"https:\/\/www.csj-emballages.com\/pt-pt\/wp-json\/wp\/v2\/product_cat?post=264791"},{"taxonomy":"product_tag","embeddable":true,"href":"https:\/\/www.csj-emballages.com\/pt-pt\/wp-json\/wp\/v2\/product_tag?post=264791"}],"curies":[{"name":"wp","href":"https:\/\/api.w.org\/{rel}","templated":true}]}}