{"id":264778,"date":"2026-01-23T17:18:16","date_gmt":"2026-01-23T16:18:16","guid":{"rendered":"https:\/\/www.csj-emballages.com\/produit\/bico-de-pasteleiro-para-decoracao-azul-celeste-em-tritan-conjunto-de-12\/"},"modified":"2026-03-12T16:06:55","modified_gmt":"2026-03-12T15:06:55","slug":"bico-de-pasteleiro-para-decoracao-azul-celeste-em-tritan-conjunto-de-12","status":"publish","type":"product","link":"https:\/\/www.csj-emballages.com\/pt-pt\/produit\/bico-de-pasteleiro-para-decoracao-azul-celeste-em-tritan-conjunto-de-12\/","title":{"rendered":"Boquilha pastelaria decora\u00e7\u00e3o azul celeste pl\u00e1stico por 12"},"content":{"rendered":"<h2>Bico de pasteleiro<\/h2>\n<hr>\n<h3>Descubra a nossa boquilha pastelaria decora\u00e7\u00e3o azul celeste pl\u00e1stico por 12<\/h3>\n<p><!--more--><\/p>\n<p data-start=\"253\" data-end=\"552\">O <strong>conjunto de 12 boquilhas pastelaria<\/strong> <strong>decora\u00e7\u00e3o pl\u00e1stico azul celeste<\/strong> \u00e9 a ferramenta ideal para realizar acabamentos limpos e criativos nas suas pastelarias. Concebido tanto para profissionais como para apaixonados por pastelaria, este <strong>conjunto de boquilhas<\/strong> permite variar as formas e as texturas com toda a simplicidade. <\/p>\n<p data-start=\"554\" data-end=\"905\">Fabricadas em pl\u00e1stico, estas <strong>boquilhas<\/strong> oferecem uma excelente durabilidade e uma grande precis\u00e3o de trabalho. <strong>Transparentes com um tom azul celeste<\/strong>, permitem visualizar facilmente a prepara\u00e7\u00e3o no interior do <strong>saco de pasteleiro<\/strong>. A sua conce\u00e7\u00e3o garante um d\u00e9bito regular para decora\u00e7\u00f5es n\u00edtidas e controladas. <\/p>\n<p data-start=\"907\" data-end=\"1183\">O <strong>kit inclui 12 formas diferentes<\/strong>: <strong>estrelas abertas ou fechadas<\/strong>, <strong>lisas, caneladas ou especiais<\/strong>, ideais para decorar cupcakes, bolos, \u00e9clairs, choux, sobremesas ou biscoitos. S\u00e3o tamb\u00e9m adequados para cremes, ganaches, chantilly, pur\u00e9s ou prepara\u00e7\u00f5es salgadas. <\/p>\n<p data-start=\"1185\" data-end=\"1424\">F\u00e1ceis de limpar e manusear, estes <strong>bicos<\/strong> s\u00e3o adequados para uso intensivo em laborat\u00f3rio, bem como para uso ocasional na cozinha dom\u00e9stica. Um indispens\u00e1vel para dar um toque profissional a todas as suas cria\u00e7\u00f5es. <\/p>\n<p data-start=\"1185\" data-end=\"1424\"><!--more--><\/p>\n<h4 data-start=\"1185\" data-end=\"1424\">Vantagens :<\/h4>\n<ul>\n<li data-start=\"1462\" data-end=\"1502\">Conjunto completo de <strong>12 bicos decorativos<\/strong>.<\/li>\n<li data-start=\"1550\" data-end=\"1607\"><strong>Cor azul-celeste transparente<\/strong> para melhor visibilidade.<\/li>\n<li data-start=\"1610\" data-end=\"1647\">Formas variadas para decora\u00e7\u00f5es criativas.<\/li>\n<li data-start=\"1650\" data-end=\"1687\">Precis\u00e3o e regularidade na aplica\u00e7\u00e3o.<\/li>\n<li data-start=\"1713\" data-end=\"1764\">Adequados para uso profissional e dom\u00e9stico.<\/li>\n<\/ul>\n<p>&nbsp;<\/p>\n<p><!--more--><\/p>\n<h4>Outras informa\u00e7\u00f5es :<\/h4>\n<ul>\n<li><strong>Embalagem<\/strong>: Pacote de 12<\/li>\n<li><strong>Cor<\/strong>: Azul-celeste<\/li>\n<li><strong>Material<\/strong>: Pl\u00e1stico<\/li>\n<\/ul>\n<p>&nbsp;<\/p>\n<p><!--more--><\/p>\n<p>Este conjunto de 12 boquilhas tamb\u00e9m est\u00e1 dispon\u00edvel num conjunto de 24: <span style=\"color: #d12727;\"><a style=\"color: #d12727;\" href=\"https:\/\/www.csj-emballages.com\/es\/produit\/boquilla-de-reposteria-decorativa-azul-cielo-de-plastico-pack-de-24\/\">45468<\/a><\/span><\/p>\n<p>&nbsp;<\/p>\n<p><!--more--><\/p>\n<p><a href=\"https:\/\/www.csj-emballages.com\/pt-pt\/categorie-produit\/embalagem-de-alimentos\/padaria-e-pastelaria\/acessorios-e-equipamentos\/sacos-de-tomadas\/\">Consulte o resto da nossa gama de boquilhas \/ sacos<\/a><\/p>\n","protected":false},"excerpt":{"rendered":"<p>Bico de pasteleiro Descubra a nossa boquilha pastelaria decora\u00e7\u00e3o azul celeste pl\u00e1stico por 12<\/p>\n","protected":false},"featured_media":264774,"template":"","meta":{"_acf_changed":false},"product_brand":[],"product_cat":[1141,1177,3918,3157],"product_tag":[],"class_list":{"0":"post-264778","1":"product","2":"type-product","3":"status-publish","4":"has-post-thumbnail","6":"product_cat-embalagem-de-alimentos","7":"product_cat-padaria-e-pastelaria","8":"product_cat-acessorios-e-equipamentos","9":"product_cat-sacos-de-tomadas","11":"first","12":"instock","13":"taxable","14":"shipping-taxable","15":"purchasable","16":"product-type-simple"},"acf":[],"yoast_head":"<!-- This site is optimized with the Yoast SEO Premium plugin v26.6 (Yoast SEO v26.6) - https:\/\/yoast.com\/wordpress\/plugins\/seo\/ -->\n<title>Boquilha Pastelaria Decora\u00e7\u00e3o Azul Celeste Pl\u00e1stico por 12<\/title>\n<meta name=\"description\" content=\"Conjunto de 12 boquilhas pastelaria pl\u00e1stico azul celeste. Ideal para decorar bolos, cupcakes e sobremesas com precis\u00e3o e criatividade.\" \/>\n<meta name=\"robots\" content=\"index, follow, max-snippet:-1, max-image-preview:large, max-video-preview:-1\" \/>\n<link rel=\"canonical\" href=\"https:\/\/www.csj-emballages.com\/pt-pt\/produit\/bico-de-pasteleiro-para-decoracao-azul-celeste-em-tritan-conjunto-de-12\/\" \/>\n<meta property=\"og:locale\" content=\"pt_PT\" \/>\n<meta property=\"og:type\" content=\"article\" \/>\n<meta property=\"og:title\" content=\"Boquilha pastelaria decora\u00e7\u00e3o azul celeste pl\u00e1stico por 12\" \/>\n<meta property=\"og:description\" content=\"Conjunto de 12 boquilhas pastelaria pl\u00e1stico azul celeste. Ideal para decorar bolos, cupcakes e sobremesas com precis\u00e3o e criatividade.\" \/>\n<meta property=\"og:url\" content=\"https:\/\/www.csj-emballages.com\/pt-pt\/produit\/bico-de-pasteleiro-para-decoracao-azul-celeste-em-tritan-conjunto-de-12\/\" \/>\n<meta property=\"og:site_name\" content=\"CSJ Emballages\" \/>\n<meta property=\"article:publisher\" content=\"https:\/\/www.facebook.com\/csjemballages\" \/>\n<meta property=\"article:modified_time\" content=\"2026-03-12T15:06:55+00:00\" \/>\n<meta property=\"og:image\" content=\"https:\/\/www.csj-emballages.com\/wp-content\/uploads\/2026\/01\/17868.webp\" \/>\n\t<meta property=\"og:image:width\" content=\"800\" \/>\n\t<meta property=\"og:image:height\" content=\"800\" \/>\n\t<meta property=\"og:image:type\" content=\"image\/webp\" \/>\n<meta name=\"twitter:card\" content=\"summary_large_image\" \/>\n<meta name=\"twitter:label1\" content=\"Tempo estimado de leitura\" \/>\n\t<meta name=\"twitter:data1\" content=\"1 minuto\" \/>\n<script type=\"application\/ld+json\" class=\"yoast-schema-graph\">{\"@context\":\"https:\/\/schema.org\",\"@graph\":[{\"@type\":\"WebPage\",\"@id\":\"https:\/\/www.csj-emballages.com\/pt-pt\/produit\/bico-de-pasteleiro-para-decoracao-azul-celeste-em-tritan-conjunto-de-12\/\",\"url\":\"https:\/\/www.csj-emballages.com\/pt-pt\/produit\/bico-de-pasteleiro-para-decoracao-azul-celeste-em-tritan-conjunto-de-12\/\",\"name\":\"Boquilha Pastelaria Decora\u00e7\u00e3o Azul Celeste Pl\u00e1stico por 12\",\"isPartOf\":{\"@id\":\"https:\/\/www.csj-emballages.com\/pt-pt\/#website\"},\"primaryImageOfPage\":{\"@id\":\"https:\/\/www.csj-emballages.com\/pt-pt\/produit\/bico-de-pasteleiro-para-decoracao-azul-celeste-em-tritan-conjunto-de-12\/#primaryimage\"},\"image\":{\"@id\":\"https:\/\/www.csj-emballages.com\/pt-pt\/produit\/bico-de-pasteleiro-para-decoracao-azul-celeste-em-tritan-conjunto-de-12\/#primaryimage\"},\"thumbnailUrl\":\"https:\/\/www.csj-emballages.com\/wp-content\/uploads\/2026\/01\/17868.webp\",\"datePublished\":\"2026-01-23T16:18:16+00:00\",\"dateModified\":\"2026-03-12T15:06:55+00:00\",\"description\":\"Conjunto de 12 boquilhas pastelaria pl\u00e1stico azul celeste. Ideal para decorar bolos, cupcakes e sobremesas com precis\u00e3o e criatividade.\",\"breadcrumb\":{\"@id\":\"https:\/\/www.csj-emballages.com\/pt-pt\/produit\/bico-de-pasteleiro-para-decoracao-azul-celeste-em-tritan-conjunto-de-12\/#breadcrumb\"},\"inLanguage\":\"pt-PT\",\"potentialAction\":[{\"@type\":\"ReadAction\",\"target\":[\"https:\/\/www.csj-emballages.com\/pt-pt\/produit\/bico-de-pasteleiro-para-decoracao-azul-celeste-em-tritan-conjunto-de-12\/\"]}]},{\"@type\":\"ImageObject\",\"inLanguage\":\"pt-PT\",\"@id\":\"https:\/\/www.csj-emballages.com\/pt-pt\/produit\/bico-de-pasteleiro-para-decoracao-azul-celeste-em-tritan-conjunto-de-12\/#primaryimage\",\"url\":\"https:\/\/www.csj-emballages.com\/wp-content\/uploads\/2026\/01\/17868.webp\",\"contentUrl\":\"https:\/\/www.csj-emballages.com\/wp-content\/uploads\/2026\/01\/17868.webp\",\"width\":800,\"height\":800,\"caption\":\"Douille p\u00e2tisserie\"},{\"@type\":\"BreadcrumbList\",\"@id\":\"https:\/\/www.csj-emballages.com\/pt-pt\/produit\/bico-de-pasteleiro-para-decoracao-azul-celeste-em-tritan-conjunto-de-12\/#breadcrumb\",\"itemListElement\":[{\"@type\":\"ListItem\",\"position\":1,\"name\":\"Acolhimento\",\"item\":\"https:\/\/www.csj-emballages.com\/pt-pt\/universo-das-embalagens-alimentares\/\"},{\"@type\":\"ListItem\",\"position\":2,\"name\":\"Shop\",\"item\":\"https:\/\/www.csj-emballages.com\/shop\/\"},{\"@type\":\"ListItem\",\"position\":3,\"name\":\"Boquilha pastelaria decora\u00e7\u00e3o azul celeste pl\u00e1stico por 12\"}]},{\"@type\":\"WebSite\",\"@id\":\"https:\/\/www.csj-emballages.com\/pt-pt\/#website\",\"url\":\"https:\/\/www.csj-emballages.com\/pt-pt\/\",\"name\":\"CSJ Emballages\",\"description\":\"\",\"publisher\":{\"@id\":\"https:\/\/www.csj-emballages.com\/pt-pt\/#organization\"},\"potentialAction\":[{\"@type\":\"SearchAction\",\"target\":{\"@type\":\"EntryPoint\",\"urlTemplate\":\"https:\/\/www.csj-emballages.com\/pt-pt\/?s={search_term_string}\"},\"query-input\":{\"@type\":\"PropertyValueSpecification\",\"valueRequired\":true,\"valueName\":\"search_term_string\"}}],\"inLanguage\":\"pt-PT\"},{\"@type\":\"Organization\",\"@id\":\"https:\/\/www.csj-emballages.com\/pt-pt\/#Organization\/\",\"name\":\"CSJ Emballages\",\"url\":\"https:\/\/www.csj-emballages.com\/pt-pt\/\",\"logo\":{\"@type\":\"ImageObject\",\"inLanguage\":\"pt-PT\",\"@id\":\"https:\/\/www.csj-emballages.com\/pt-pt\/#\/schema\/logo\/image\/\",\"url\":\"https:\/\/www.csj-emballages.com\/wp-content\/uploads\/2023\/10\/logo_csj.webp\",\"contentUrl\":\"https:\/\/www.csj-emballages.com\/wp-content\/uploads\/2023\/10\/logo_csj.webp\",\"width\":250,\"height\":95,\"caption\":\"CSJ Emballages\"},\"image\":{\"@id\":\"https:\/\/www.csj-emballages.com\/pt-pt\/#\/schema\/logo\/image\/\"},\"sameAs\":[\"https:\/\/www.facebook.com\/csjemballages\"],\"address\":{\"@type\":\"PostalAddress\",\"streetAddress\":\"ZI La Lechere\",\"addressLocality\":\"Patornay\",\"postalCode\":\"39130\",\"addressCountry\":\"FR\"},\"contactPoint\":[{\"@type\":\"ContactPoint\",\"contactType\":\"Service client\",\"telephone\":\"0384254272\",\"email\":\"contact@csj-emballages.com\"}]}]}<\/script>\n<!-- \/ Yoast SEO Premium plugin. -->","yoast_head_json":{"title":"Boquilha Pastelaria Decora\u00e7\u00e3o Azul Celeste Pl\u00e1stico por 12","description":"Conjunto de 12 boquilhas pastelaria pl\u00e1stico azul celeste. Ideal para decorar bolos, cupcakes e sobremesas com precis\u00e3o e criatividade.","robots":{"index":"index","follow":"follow","max-snippet":"max-snippet:-1","max-image-preview":"max-image-preview:large","max-video-preview":"max-video-preview:-1"},"canonical":"https:\/\/www.csj-emballages.com\/pt-pt\/produit\/bico-de-pasteleiro-para-decoracao-azul-celeste-em-tritan-conjunto-de-12\/","og_locale":"pt_PT","og_type":"article","og_title":"Boquilha pastelaria decora\u00e7\u00e3o azul celeste pl\u00e1stico por 12","og_description":"Conjunto de 12 boquilhas pastelaria pl\u00e1stico azul celeste. Ideal para decorar bolos, cupcakes e sobremesas com precis\u00e3o e criatividade.","og_url":"https:\/\/www.csj-emballages.com\/pt-pt\/produit\/bico-de-pasteleiro-para-decoracao-azul-celeste-em-tritan-conjunto-de-12\/","og_site_name":"CSJ Emballages","article_publisher":"https:\/\/www.facebook.com\/csjemballages","article_modified_time":"2026-03-12T15:06:55+00:00","og_image":[{"width":800,"height":800,"url":"https:\/\/www.csj-emballages.com\/wp-content\/uploads\/2026\/01\/17868.webp","type":"image\/webp"}],"twitter_card":"summary_large_image","twitter_misc":{"Tempo estimado de leitura":"1 minuto"},"schema":{"@context":"https:\/\/schema.org","@graph":[{"@type":"WebPage","@id":"https:\/\/www.csj-emballages.com\/pt-pt\/produit\/bico-de-pasteleiro-para-decoracao-azul-celeste-em-tritan-conjunto-de-12\/","url":"https:\/\/www.csj-emballages.com\/pt-pt\/produit\/bico-de-pasteleiro-para-decoracao-azul-celeste-em-tritan-conjunto-de-12\/","name":"Boquilha Pastelaria Decora\u00e7\u00e3o Azul Celeste Pl\u00e1stico por 12","isPartOf":{"@id":"https:\/\/www.csj-emballages.com\/pt-pt\/#website"},"primaryImageOfPage":{"@id":"https:\/\/www.csj-emballages.com\/pt-pt\/produit\/bico-de-pasteleiro-para-decoracao-azul-celeste-em-tritan-conjunto-de-12\/#primaryimage"},"image":{"@id":"https:\/\/www.csj-emballages.com\/pt-pt\/produit\/bico-de-pasteleiro-para-decoracao-azul-celeste-em-tritan-conjunto-de-12\/#primaryimage"},"thumbnailUrl":"https:\/\/www.csj-emballages.com\/wp-content\/uploads\/2026\/01\/17868.webp","datePublished":"2026-01-23T16:18:16+00:00","dateModified":"2026-03-12T15:06:55+00:00","description":"Conjunto de 12 boquilhas pastelaria pl\u00e1stico azul celeste. Ideal para decorar bolos, cupcakes e sobremesas com precis\u00e3o e criatividade.","breadcrumb":{"@id":"https:\/\/www.csj-emballages.com\/pt-pt\/produit\/bico-de-pasteleiro-para-decoracao-azul-celeste-em-tritan-conjunto-de-12\/#breadcrumb"},"inLanguage":"pt-PT","potentialAction":[{"@type":"ReadAction","target":["https:\/\/www.csj-emballages.com\/pt-pt\/produit\/bico-de-pasteleiro-para-decoracao-azul-celeste-em-tritan-conjunto-de-12\/"]}]},{"@type":"ImageObject","inLanguage":"pt-PT","@id":"https:\/\/www.csj-emballages.com\/pt-pt\/produit\/bico-de-pasteleiro-para-decoracao-azul-celeste-em-tritan-conjunto-de-12\/#primaryimage","url":"https:\/\/www.csj-emballages.com\/wp-content\/uploads\/2026\/01\/17868.webp","contentUrl":"https:\/\/www.csj-emballages.com\/wp-content\/uploads\/2026\/01\/17868.webp","width":800,"height":800,"caption":"Douille p\u00e2tisserie"},{"@type":"BreadcrumbList","@id":"https:\/\/www.csj-emballages.com\/pt-pt\/produit\/bico-de-pasteleiro-para-decoracao-azul-celeste-em-tritan-conjunto-de-12\/#breadcrumb","itemListElement":[{"@type":"ListItem","position":1,"name":"Acolhimento","item":"https:\/\/www.csj-emballages.com\/pt-pt\/universo-das-embalagens-alimentares\/"},{"@type":"ListItem","position":2,"name":"Shop","item":"https:\/\/www.csj-emballages.com\/shop\/"},{"@type":"ListItem","position":3,"name":"Boquilha pastelaria decora\u00e7\u00e3o azul celeste pl\u00e1stico por 12"}]},{"@type":"WebSite","@id":"https:\/\/www.csj-emballages.com\/pt-pt\/#website","url":"https:\/\/www.csj-emballages.com\/pt-pt\/","name":"CSJ Emballages","description":"","publisher":{"@id":"https:\/\/www.csj-emballages.com\/pt-pt\/#organization"},"potentialAction":[{"@type":"SearchAction","target":{"@type":"EntryPoint","urlTemplate":"https:\/\/www.csj-emballages.com\/pt-pt\/?s={search_term_string}"},"query-input":{"@type":"PropertyValueSpecification","valueRequired":true,"valueName":"search_term_string"}}],"inLanguage":"pt-PT"},{"@type":"Organization","@id":"https:\/\/www.csj-emballages.com\/pt-pt\/#Organization\/","name":"CSJ Emballages","url":"https:\/\/www.csj-emballages.com\/pt-pt\/","logo":{"@type":"ImageObject","inLanguage":"pt-PT","@id":"https:\/\/www.csj-emballages.com\/pt-pt\/#\/schema\/logo\/image\/","url":"https:\/\/www.csj-emballages.com\/wp-content\/uploads\/2023\/10\/logo_csj.webp","contentUrl":"https:\/\/www.csj-emballages.com\/wp-content\/uploads\/2023\/10\/logo_csj.webp","width":250,"height":95,"caption":"CSJ Emballages"},"image":{"@id":"https:\/\/www.csj-emballages.com\/pt-pt\/#\/schema\/logo\/image\/"},"sameAs":["https:\/\/www.facebook.com\/csjemballages"],"address":{"@type":"PostalAddress","streetAddress":"ZI La Lechere","addressLocality":"Patornay","postalCode":"39130","addressCountry":"FR"},"contactPoint":[{"@type":"ContactPoint","contactType":"Service client","telephone":"0384254272","email":"contact@csj-emballages.com"}]}]}},"df_price":17.95,"df_sale_price":"","df_regular_price":17.95,"df_image_link":"https:\/\/www.csj-emballages.com\/wp-content\/uploads\/2026\/01\/17868-300x300.webp","tiered_pricing_type":"fixed","tiered_pricing_fixed_rules":[],"tiered_pricing_percentage_rules":[],"tiered_pricing_minimum":1,"tiered_pricing_roles_data":[],"_links":{"self":[{"href":"https:\/\/www.csj-emballages.com\/pt-pt\/wp-json\/wp\/v2\/product\/264778","targetHints":{"allow":["GET"]}}],"collection":[{"href":"https:\/\/www.csj-emballages.com\/pt-pt\/wp-json\/wp\/v2\/product"}],"about":[{"href":"https:\/\/www.csj-emballages.com\/pt-pt\/wp-json\/wp\/v2\/types\/product"}],"wp:featuredmedia":[{"embeddable":true,"href":"https:\/\/www.csj-emballages.com\/pt-pt\/wp-json\/wp\/v2\/media\/264774"}],"wp:attachment":[{"href":"https:\/\/www.csj-emballages.com\/pt-pt\/wp-json\/wp\/v2\/media?parent=264778"}],"wp:term":[{"taxonomy":"product_brand","embeddable":true,"href":"https:\/\/www.csj-emballages.com\/pt-pt\/wp-json\/wp\/v2\/product_brand?post=264778"},{"taxonomy":"product_cat","embeddable":true,"href":"https:\/\/www.csj-emballages.com\/pt-pt\/wp-json\/wp\/v2\/product_cat?post=264778"},{"taxonomy":"product_tag","embeddable":true,"href":"https:\/\/www.csj-emballages.com\/pt-pt\/wp-json\/wp\/v2\/product_tag?post=264778"}],"curies":[{"name":"wp","href":"https:\/\/api.w.org\/{rel}","templated":true}]}}