{"id":264761,"date":"2026-01-23T16:18:17","date_gmt":"2026-01-23T15:18:17","guid":{"rendered":"https:\/\/www.csj-emballages.com\/produit\/vela-de-aniversario-8-cm-lote-de-24-com-12-suportes-sortidos\/"},"modified":"2026-03-12T16:04:09","modified_gmt":"2026-03-12T15:04:09","slug":"vela-de-aniversario-8-cm-lote-de-24-com-12-suportes-sortidos","status":"publish","type":"product","link":"https:\/\/www.csj-emballages.com\/pt-pt\/produit\/vela-de-aniversario-8-cm-lote-de-24-com-12-suportes-sortidos\/","title":{"rendered":"Vela de anivers\u00e1rio 8 cm lote de 24 com 12 suportes sortidos"},"content":{"rendered":"<h2>Vela de anivers\u00e1rio<\/h2>\n<hr>\n<h3>Descubra a nossa vela de anivers\u00e1rio 8 cm lote de 24 com 12 suportes sortidos<\/h3>\n<p><!--more--><\/p>\n<p data-start=\"249\" data-end=\"500\">As <strong>velas de anivers\u00e1rio 8 cm<\/strong> s\u00e3o ideais para embelezar os seus bolos e celebrar todos os seus eventos festivos. Apresentadas em lote de <strong>24 velas<\/strong> com <strong>12 suportes<\/strong> de <strong>cores sortidas<\/strong>, trazem um toque colorido e alegre a cada celebra\u00e7\u00e3o. <\/p>\n<p data-start=\"502\" data-end=\"875\">Com a sua altura de <strong>8 cm<\/strong>, estas <strong>velas<\/strong> s\u00e3o perfeitamente proporcionadas para se adaptarem a todos os tipos de bolos: <strong>anivers\u00e1rios de crian\u00e7as ou adultos, festas familiares, festas tem\u00e1ticas ou eventos profissionais<\/strong>. Al\u00e9m disso, os <strong>suportes inclu\u00eddos<\/strong> permitem uma instala\u00e7\u00e3o simples e est\u00e1vel, evitando qualquer contacto direto entre a cera e o bolo para uma utiliza\u00e7\u00e3o mais higi\u00e9nica. <\/p>\n<p data-start=\"877\" data-end=\"1099\">As <strong>cores variadas<\/strong> trazem um ambiente festivo e convivial, ideal para criar um momento memor\u00e1vel \u00e0 volta do bolo. F\u00e1ceis de espetar e acender, estas velas constituem um indispens\u00e1vel das mesas de anivers\u00e1rio. <\/p>\n<p data-start=\"1101\" data-end=\"1259\">Pr\u00e1ticas e vers\u00e1teis, s\u00e3o adequadas tanto para uso dom\u00e9stico como para utiliza\u00e7\u00e3o profissional em padaria, pastelaria ou eventos.<\/p>\n<p data-start=\"1297\" data-end=\"1544\"><!--more--><\/p>\n<h4 data-start=\"1297\" data-end=\"1544\">Vantagens :<\/h4>\n<ul>\n<li data-start=\"1297\" data-end=\"1343\"><strong>Altura 8 cm<\/strong> adaptada a todos os tipos de bolos.<\/li>\n<li data-start=\"1346\" data-end=\"1365\">Lote de <strong>24 velas<\/strong>.<\/li>\n<li data-start=\"1368\" data-end=\"1426\"><strong>12 suportes<\/strong> sortidos inclu\u00eddos para melhor estabilidade.<\/li>\n<li data-start=\"1429\" data-end=\"1475\">Cores variadas para uma decora\u00e7\u00e3o festiva.<\/li>\n<li data-start=\"1478\" data-end=\"1513\">Instala\u00e7\u00e3o simples e higi\u00e9nica.<\/li>\n<li data-start=\"1516\" data-end=\"1556\">Ideal para anivers\u00e1rios e eventos.<\/li>\n<li data-start=\"1559\" data-end=\"1604\">Adequado para particulares e profissionais<strong>.<\/strong><\/li>\n<\/ul>\n<p>&nbsp;<\/p>\n<p><!--more--><\/p>\n<h4>Outras informa\u00e7\u00f5es :<\/h4>\n<ul>\n<li><strong>Acondicionamento<\/strong>: Pacote de 24 velas e 12 suportes<\/li>\n<li><strong>Altura das velas<\/strong>: 8 cm<\/li>\n<li><strong>Cor<\/strong>: Branco \/ Azul \/ Amarelo \/ Rosa<\/li>\n<\/ul>\n<p>&nbsp;<\/p>\n<p><!--more--><\/p>\n<p><a href=\"https:\/\/www.csj-emballages.com\/pt-pt\/categorie-produit\/embalagens-industriais\/bolsas-de-transporte\/\">Consulte o resto da nossa gama de envelopes \/ envelopes de expedi\u00e7\u00e3o<\/a><\/p>\n","protected":false},"excerpt":{"rendered":"<p>Vela de anivers\u00e1rio Descubra a nossa vela de anivers\u00e1rio 8 cm lote de 24 com 12 suportes sortidos<\/p>\n","protected":false},"featured_media":264746,"template":"","meta":{"_acf_changed":false},"product_brand":[],"product_cat":[1141,1177,3918,1796,10256,1482,3922,1805,10255],"product_tag":[],"class_list":{"0":"post-264761","1":"product","2":"type-product","3":"status-publish","4":"has-post-thumbnail","6":"product_cat-embalagem-de-alimentos","7":"product_cat-padaria-e-pastelaria","8":"product_cat-acessorios-e-equipamentos","9":"product_cat-acessorios-decorativos","10":"product_cat-vela","11":"product_cat-loja-e-armazem","12":"product_cat-acessorios-e-equipamentos-pt-pt","13":"product_cat-acessorios-decorativos-pt-pt","14":"product_cat-velas","16":"first","17":"instock","18":"taxable","19":"shipping-taxable","20":"purchasable","21":"product-type-simple"},"acf":[],"yoast_head":"<!-- This site is optimized with the Yoast SEO Premium plugin v26.6 (Yoast SEO v26.6) - https:\/\/yoast.com\/wordpress\/plugins\/seo\/ -->\n<title>Vela de Anivers\u00e1rio 8 cm Lote de 24 com 12 Suportes Sortidos<\/title>\n<meta name=\"description\" content=\"Vela de anivers\u00e1rio de 8 cm em lote de 24 com 12 suportes de cores sortidas. Ideais para decorar bolos e festas.\" \/>\n<meta name=\"robots\" content=\"index, follow, max-snippet:-1, max-image-preview:large, max-video-preview:-1\" \/>\n<link rel=\"canonical\" href=\"https:\/\/www.csj-emballages.com\/pt-pt\/produit\/vela-de-aniversario-8-cm-lote-de-24-com-12-suportes-sortidos\/\" \/>\n<meta property=\"og:locale\" content=\"pt_PT\" \/>\n<meta property=\"og:type\" content=\"article\" \/>\n<meta property=\"og:title\" content=\"Vela de anivers\u00e1rio 8 cm lote de 24 com 12 suportes sortidos\" \/>\n<meta property=\"og:description\" content=\"Vela de anivers\u00e1rio de 8 cm em lote de 24 com 12 suportes de cores sortidas. Ideais para decorar bolos e festas.\" \/>\n<meta property=\"og:url\" content=\"https:\/\/www.csj-emballages.com\/pt-pt\/produit\/vela-de-aniversario-8-cm-lote-de-24-com-12-suportes-sortidos\/\" \/>\n<meta property=\"og:site_name\" content=\"CSJ Emballages\" \/>\n<meta property=\"article:publisher\" content=\"https:\/\/www.facebook.com\/csjemballages\" \/>\n<meta property=\"article:modified_time\" content=\"2026-03-12T15:04:09+00:00\" \/>\n<meta property=\"og:image\" content=\"https:\/\/www.csj-emballages.com\/wp-content\/uploads\/2026\/01\/11345.webp\" \/>\n\t<meta property=\"og:image:width\" content=\"800\" \/>\n\t<meta property=\"og:image:height\" content=\"800\" \/>\n\t<meta property=\"og:image:type\" content=\"image\/webp\" \/>\n<meta name=\"twitter:card\" content=\"summary_large_image\" \/>\n<meta name=\"twitter:label1\" content=\"Tempo estimado de leitura\" \/>\n\t<meta name=\"twitter:data1\" content=\"1 minuto\" \/>\n<script type=\"application\/ld+json\" class=\"yoast-schema-graph\">{\"@context\":\"https:\/\/schema.org\",\"@graph\":[{\"@type\":\"WebPage\",\"@id\":\"https:\/\/www.csj-emballages.com\/pt-pt\/produit\/vela-de-aniversario-8-cm-lote-de-24-com-12-suportes-sortidos\/\",\"url\":\"https:\/\/www.csj-emballages.com\/pt-pt\/produit\/vela-de-aniversario-8-cm-lote-de-24-com-12-suportes-sortidos\/\",\"name\":\"Vela de Anivers\u00e1rio 8 cm Lote de 24 com 12 Suportes Sortidos\",\"isPartOf\":{\"@id\":\"https:\/\/www.csj-emballages.com\/pt-pt\/#website\"},\"primaryImageOfPage\":{\"@id\":\"https:\/\/www.csj-emballages.com\/pt-pt\/produit\/vela-de-aniversario-8-cm-lote-de-24-com-12-suportes-sortidos\/#primaryimage\"},\"image\":{\"@id\":\"https:\/\/www.csj-emballages.com\/pt-pt\/produit\/vela-de-aniversario-8-cm-lote-de-24-com-12-suportes-sortidos\/#primaryimage\"},\"thumbnailUrl\":\"https:\/\/www.csj-emballages.com\/wp-content\/uploads\/2026\/01\/11345.webp\",\"datePublished\":\"2026-01-23T15:18:17+00:00\",\"dateModified\":\"2026-03-12T15:04:09+00:00\",\"description\":\"Vela de anivers\u00e1rio de 8 cm em lote de 24 com 12 suportes de cores sortidas. Ideais para decorar bolos e festas.\",\"breadcrumb\":{\"@id\":\"https:\/\/www.csj-emballages.com\/pt-pt\/produit\/vela-de-aniversario-8-cm-lote-de-24-com-12-suportes-sortidos\/#breadcrumb\"},\"inLanguage\":\"pt-PT\",\"potentialAction\":[{\"@type\":\"ReadAction\",\"target\":[\"https:\/\/www.csj-emballages.com\/pt-pt\/produit\/vela-de-aniversario-8-cm-lote-de-24-com-12-suportes-sortidos\/\"]}]},{\"@type\":\"ImageObject\",\"inLanguage\":\"pt-PT\",\"@id\":\"https:\/\/www.csj-emballages.com\/pt-pt\/produit\/vela-de-aniversario-8-cm-lote-de-24-com-12-suportes-sortidos\/#primaryimage\",\"url\":\"https:\/\/www.csj-emballages.com\/wp-content\/uploads\/2026\/01\/11345.webp\",\"contentUrl\":\"https:\/\/www.csj-emballages.com\/wp-content\/uploads\/2026\/01\/11345.webp\",\"width\":800,\"height\":800,\"caption\":\"Bougie d\u2019anniversaire\"},{\"@type\":\"BreadcrumbList\",\"@id\":\"https:\/\/www.csj-emballages.com\/pt-pt\/produit\/vela-de-aniversario-8-cm-lote-de-24-com-12-suportes-sortidos\/#breadcrumb\",\"itemListElement\":[{\"@type\":\"ListItem\",\"position\":1,\"name\":\"Acolhimento\",\"item\":\"https:\/\/www.csj-emballages.com\/pt-pt\/universo-das-embalagens-alimentares\/\"},{\"@type\":\"ListItem\",\"position\":2,\"name\":\"Shop\",\"item\":\"https:\/\/www.csj-emballages.com\/shop\/\"},{\"@type\":\"ListItem\",\"position\":3,\"name\":\"Vela de anivers\u00e1rio 8 cm lote de 24 com 12 suportes sortidos\"}]},{\"@type\":\"WebSite\",\"@id\":\"https:\/\/www.csj-emballages.com\/pt-pt\/#website\",\"url\":\"https:\/\/www.csj-emballages.com\/pt-pt\/\",\"name\":\"CSJ Emballages\",\"description\":\"\",\"publisher\":{\"@id\":\"https:\/\/www.csj-emballages.com\/pt-pt\/#organization\"},\"potentialAction\":[{\"@type\":\"SearchAction\",\"target\":{\"@type\":\"EntryPoint\",\"urlTemplate\":\"https:\/\/www.csj-emballages.com\/pt-pt\/?s={search_term_string}\"},\"query-input\":{\"@type\":\"PropertyValueSpecification\",\"valueRequired\":true,\"valueName\":\"search_term_string\"}}],\"inLanguage\":\"pt-PT\"},{\"@type\":\"Organization\",\"@id\":\"https:\/\/www.csj-emballages.com\/pt-pt\/#Organization\/\",\"name\":\"CSJ Emballages\",\"url\":\"https:\/\/www.csj-emballages.com\/pt-pt\/\",\"logo\":{\"@type\":\"ImageObject\",\"inLanguage\":\"pt-PT\",\"@id\":\"https:\/\/www.csj-emballages.com\/pt-pt\/#\/schema\/logo\/image\/\",\"url\":\"https:\/\/www.csj-emballages.com\/wp-content\/uploads\/2023\/10\/logo_csj.webp\",\"contentUrl\":\"https:\/\/www.csj-emballages.com\/wp-content\/uploads\/2023\/10\/logo_csj.webp\",\"width\":250,\"height\":95,\"caption\":\"CSJ Emballages\"},\"image\":{\"@id\":\"https:\/\/www.csj-emballages.com\/pt-pt\/#\/schema\/logo\/image\/\"},\"sameAs\":[\"https:\/\/www.facebook.com\/csjemballages\"],\"address\":{\"@type\":\"PostalAddress\",\"streetAddress\":\"ZI La Lechere\",\"addressLocality\":\"Patornay\",\"postalCode\":\"39130\",\"addressCountry\":\"FR\"},\"contactPoint\":[{\"@type\":\"ContactPoint\",\"contactType\":\"Service client\",\"telephone\":\"0384254272\",\"email\":\"contact@csj-emballages.com\"}]}]}<\/script>\n<!-- \/ Yoast SEO Premium plugin. -->","yoast_head_json":{"title":"Vela de Anivers\u00e1rio 8 cm Lote de 24 com 12 Suportes Sortidos","description":"Vela de anivers\u00e1rio de 8 cm em lote de 24 com 12 suportes de cores sortidas. Ideais para decorar bolos e festas.","robots":{"index":"index","follow":"follow","max-snippet":"max-snippet:-1","max-image-preview":"max-image-preview:large","max-video-preview":"max-video-preview:-1"},"canonical":"https:\/\/www.csj-emballages.com\/pt-pt\/produit\/vela-de-aniversario-8-cm-lote-de-24-com-12-suportes-sortidos\/","og_locale":"pt_PT","og_type":"article","og_title":"Vela de anivers\u00e1rio 8 cm lote de 24 com 12 suportes sortidos","og_description":"Vela de anivers\u00e1rio de 8 cm em lote de 24 com 12 suportes de cores sortidas. Ideais para decorar bolos e festas.","og_url":"https:\/\/www.csj-emballages.com\/pt-pt\/produit\/vela-de-aniversario-8-cm-lote-de-24-com-12-suportes-sortidos\/","og_site_name":"CSJ Emballages","article_publisher":"https:\/\/www.facebook.com\/csjemballages","article_modified_time":"2026-03-12T15:04:09+00:00","og_image":[{"width":800,"height":800,"url":"https:\/\/www.csj-emballages.com\/wp-content\/uploads\/2026\/01\/11345.webp","type":"image\/webp"}],"twitter_card":"summary_large_image","twitter_misc":{"Tempo estimado de leitura":"1 minuto"},"schema":{"@context":"https:\/\/schema.org","@graph":[{"@type":"WebPage","@id":"https:\/\/www.csj-emballages.com\/pt-pt\/produit\/vela-de-aniversario-8-cm-lote-de-24-com-12-suportes-sortidos\/","url":"https:\/\/www.csj-emballages.com\/pt-pt\/produit\/vela-de-aniversario-8-cm-lote-de-24-com-12-suportes-sortidos\/","name":"Vela de Anivers\u00e1rio 8 cm Lote de 24 com 12 Suportes Sortidos","isPartOf":{"@id":"https:\/\/www.csj-emballages.com\/pt-pt\/#website"},"primaryImageOfPage":{"@id":"https:\/\/www.csj-emballages.com\/pt-pt\/produit\/vela-de-aniversario-8-cm-lote-de-24-com-12-suportes-sortidos\/#primaryimage"},"image":{"@id":"https:\/\/www.csj-emballages.com\/pt-pt\/produit\/vela-de-aniversario-8-cm-lote-de-24-com-12-suportes-sortidos\/#primaryimage"},"thumbnailUrl":"https:\/\/www.csj-emballages.com\/wp-content\/uploads\/2026\/01\/11345.webp","datePublished":"2026-01-23T15:18:17+00:00","dateModified":"2026-03-12T15:04:09+00:00","description":"Vela de anivers\u00e1rio de 8 cm em lote de 24 com 12 suportes de cores sortidas. Ideais para decorar bolos e festas.","breadcrumb":{"@id":"https:\/\/www.csj-emballages.com\/pt-pt\/produit\/vela-de-aniversario-8-cm-lote-de-24-com-12-suportes-sortidos\/#breadcrumb"},"inLanguage":"pt-PT","potentialAction":[{"@type":"ReadAction","target":["https:\/\/www.csj-emballages.com\/pt-pt\/produit\/vela-de-aniversario-8-cm-lote-de-24-com-12-suportes-sortidos\/"]}]},{"@type":"ImageObject","inLanguage":"pt-PT","@id":"https:\/\/www.csj-emballages.com\/pt-pt\/produit\/vela-de-aniversario-8-cm-lote-de-24-com-12-suportes-sortidos\/#primaryimage","url":"https:\/\/www.csj-emballages.com\/wp-content\/uploads\/2026\/01\/11345.webp","contentUrl":"https:\/\/www.csj-emballages.com\/wp-content\/uploads\/2026\/01\/11345.webp","width":800,"height":800,"caption":"Bougie d\u2019anniversaire"},{"@type":"BreadcrumbList","@id":"https:\/\/www.csj-emballages.com\/pt-pt\/produit\/vela-de-aniversario-8-cm-lote-de-24-com-12-suportes-sortidos\/#breadcrumb","itemListElement":[{"@type":"ListItem","position":1,"name":"Acolhimento","item":"https:\/\/www.csj-emballages.com\/pt-pt\/universo-das-embalagens-alimentares\/"},{"@type":"ListItem","position":2,"name":"Shop","item":"https:\/\/www.csj-emballages.com\/shop\/"},{"@type":"ListItem","position":3,"name":"Vela de anivers\u00e1rio 8 cm lote de 24 com 12 suportes sortidos"}]},{"@type":"WebSite","@id":"https:\/\/www.csj-emballages.com\/pt-pt\/#website","url":"https:\/\/www.csj-emballages.com\/pt-pt\/","name":"CSJ Emballages","description":"","publisher":{"@id":"https:\/\/www.csj-emballages.com\/pt-pt\/#organization"},"potentialAction":[{"@type":"SearchAction","target":{"@type":"EntryPoint","urlTemplate":"https:\/\/www.csj-emballages.com\/pt-pt\/?s={search_term_string}"},"query-input":{"@type":"PropertyValueSpecification","valueRequired":true,"valueName":"search_term_string"}}],"inLanguage":"pt-PT"},{"@type":"Organization","@id":"https:\/\/www.csj-emballages.com\/pt-pt\/#Organization\/","name":"CSJ Emballages","url":"https:\/\/www.csj-emballages.com\/pt-pt\/","logo":{"@type":"ImageObject","inLanguage":"pt-PT","@id":"https:\/\/www.csj-emballages.com\/pt-pt\/#\/schema\/logo\/image\/","url":"https:\/\/www.csj-emballages.com\/wp-content\/uploads\/2023\/10\/logo_csj.webp","contentUrl":"https:\/\/www.csj-emballages.com\/wp-content\/uploads\/2023\/10\/logo_csj.webp","width":250,"height":95,"caption":"CSJ Emballages"},"image":{"@id":"https:\/\/www.csj-emballages.com\/pt-pt\/#\/schema\/logo\/image\/"},"sameAs":["https:\/\/www.facebook.com\/csjemballages"],"address":{"@type":"PostalAddress","streetAddress":"ZI La Lechere","addressLocality":"Patornay","postalCode":"39130","addressCountry":"FR"},"contactPoint":[{"@type":"ContactPoint","contactType":"Service client","telephone":"0384254272","email":"contact@csj-emballages.com"}]}]}},"df_price":1.43,"df_sale_price":"","df_regular_price":1.43,"df_image_link":"https:\/\/www.csj-emballages.com\/wp-content\/uploads\/2026\/01\/11345-300x300.webp","tiered_pricing_type":"fixed","tiered_pricing_fixed_rules":[],"tiered_pricing_percentage_rules":[],"tiered_pricing_minimum":1,"tiered_pricing_roles_data":[],"_links":{"self":[{"href":"https:\/\/www.csj-emballages.com\/pt-pt\/wp-json\/wp\/v2\/product\/264761","targetHints":{"allow":["GET"]}}],"collection":[{"href":"https:\/\/www.csj-emballages.com\/pt-pt\/wp-json\/wp\/v2\/product"}],"about":[{"href":"https:\/\/www.csj-emballages.com\/pt-pt\/wp-json\/wp\/v2\/types\/product"}],"wp:featuredmedia":[{"embeddable":true,"href":"https:\/\/www.csj-emballages.com\/pt-pt\/wp-json\/wp\/v2\/media\/264746"}],"wp:attachment":[{"href":"https:\/\/www.csj-emballages.com\/pt-pt\/wp-json\/wp\/v2\/media?parent=264761"}],"wp:term":[{"taxonomy":"product_brand","embeddable":true,"href":"https:\/\/www.csj-emballages.com\/pt-pt\/wp-json\/wp\/v2\/product_brand?post=264761"},{"taxonomy":"product_cat","embeddable":true,"href":"https:\/\/www.csj-emballages.com\/pt-pt\/wp-json\/wp\/v2\/product_cat?post=264761"},{"taxonomy":"product_tag","embeddable":true,"href":"https:\/\/www.csj-emballages.com\/pt-pt\/wp-json\/wp\/v2\/product_tag?post=264761"}],"curies":[{"name":"wp","href":"https:\/\/api.w.org\/{rel}","templated":true}]}}