{"id":264722,"date":"2026-01-23T17:18:18","date_gmt":"2026-01-23T16:18:18","guid":{"rendered":"https:\/\/www.csj-emballages.com\/produit\/envelope-de-cartao-abertura-superior-225-x-289-cm-390-g-m%c2%b2-por-100\/"},"modified":"2026-04-03T02:12:16","modified_gmt":"2026-04-03T00:12:16","slug":"envelope-de-cartao-abertura-superior-225-x-289-cm-390-g-m%c2%b2-por-100","status":"publish","type":"product","link":"https:\/\/www.csj-emballages.com\/pt-pt\/produit\/envelope-de-cartao-abertura-superior-225-x-289-cm-390-g-m%c2%b2-por-100\/","title":{"rendered":"Envelope de cart\u00e3o, abertura superior, 22,5 x 28,9 cm, 390 g\/m\u00b2, por 100"},"content":{"rendered":"<h2>Envelope de cart\u00e3o<\/h2>\n<hr>\n<h3>descubra o nosso envelope de cart\u00e3o, abertura superior, 22,5 x 28,9 cm, 390 g\/m\u00b2, por 100<\/h3>\n<p><!--more--><\/p>\n<p data-start=\"275\" data-end=\"679\"><strong>O envelope de cart\u00e3o com abertura superior de 22,5 x 28,9 cm e 390 g\/m\u00b2<\/strong> \u00e9 uma solu\u00e7\u00e3o de embalagem robusta e fi\u00e1vel, ideal para o envio de <strong>documentos espessos, cat\u00e1logos, brochuras, pequenas pe\u00e7as planas ou objetos leves<\/strong> que necessitam de prote\u00e7\u00e3o refor\u00e7ada. Primeiramente, o seu design em cart\u00e3o <strong>micro-canal de alta densidade (390 g\/m\u00b2)<\/strong> garante uma rigidez e resist\u00eancia a toda a prova, mesmo em expedi\u00e7\u00f5es repetidas. <\/p>\n<p data-start=\"681\" data-end=\"1015\">De facto, concebido para profissionais de e-commerce, servi\u00e7os administrativos ou envios sens\u00edveis, este envelope garante uma excelente prote\u00e7\u00e3o contra choques, dobras e manipula\u00e7\u00f5es durante o transporte. A <strong>abertura superior<\/strong> permite um enchimento r\u00e1pido e pr\u00e1tico, facilitando a prepara\u00e7\u00e3o de envios em s\u00e9rie.<\/p>\n<p data-start=\"1017\" data-end=\"1295\">Da mesma forma, o <strong>fecho adesivo<\/strong> integrado assegura um fecho limpo e seguro, sem necessidade de fita ou adesivo adicional. Gra\u00e7as ao seu formato padr\u00e3o de <strong>22,5 x 28,9 cm<\/strong>, \u00e9 adequado para formatos <strong>A4 dobrados<\/strong>, cat\u00e1logos e uma variedade de conte\u00fados planos sem deteriora\u00e7\u00e3o. <\/p>\n<p data-start=\"1297\" data-end=\"1544\">Em resumo, acondicionado em lotes de <strong>100 envelopes<\/strong>, constitui uma solu\u00e7\u00e3o econ\u00f3mica e eficaz para empresas, coletividades ou particulares que desejam otimizar a prote\u00e7\u00e3o dos seus envios, simplificando as suas opera\u00e7\u00f5es log\u00edsticas.<\/p>\n<p data-start=\"1297\" data-end=\"1544\"><!--more--><\/p>\n<h4 data-start=\"1297\" data-end=\"1544\">Vantagens :<\/h4>\n<ul>\n<li data-start=\"1582\" data-end=\"1639\"><strong data-start=\"1582\" data-end=\"1607\">Cart\u00e3o espesso de 390 g\/m\u00b2<\/strong> para prote\u00e7\u00e3o refor\u00e7ada.<\/li>\n<li data-start=\"1642\" data-end=\"1715\"><strong data-start=\"1642\" data-end=\"1667\">Gra\u00e7as ao seu formato de 22,5 x 28,9 cm,<\/strong> \u00e9 adaptado para documentos A4 dobrados e objetos planos.<\/li>\n<li data-start=\"1718\" data-end=\"1770\"><strong data-start=\"1718\" data-end=\"1742\">Abertura superior<\/strong> que facilita o enchimento.<\/li>\n<li data-start=\"1773\" data-end=\"1826\"><strong data-start=\"1773\" data-end=\"1804\">Fecho adesivo integrado<\/strong> r\u00e1pido e seguro.<\/li>\n<li data-start=\"1829\" data-end=\"1882\">Excelente resist\u00eancia \u00e0 deforma\u00e7\u00e3o e a choques.<\/li>\n<li data-start=\"1885\" data-end=\"1954\">Perfeito para e-commerce, correio administrativo e envios sens\u00edveis.<\/li>\n<li data-start=\"1957\" data-end=\"2000\">Acondicionado em lote de <strong data-start=\"1980\" data-end=\"1998\">100 envelopes.<\/strong><\/li>\n<\/ul>\n<p>&nbsp;<\/p>\n<p><!--more--><\/p>\n<h4>Outras informa\u00e7\u00f5es :<\/h4>\n<ul>\n<li><strong>Embalagem<\/strong>: Caixa de 100<\/li>\n<li><strong>Dimens\u00f5es<\/strong>: 22,5 x 28,9 cm<\/li>\n<li><strong>Gramagem<\/strong>: 390 g\/m\u00b2<\/li>\n<li><strong>Cor<\/strong>: castanho<\/li>\n<li><strong>Material<\/strong>: Cart\u00e3o microcanelado<\/li>\n<\/ul>\n<p>&nbsp;<\/p>\n<p><!--more--><\/p>\n<p>Este envelope almofadado est\u00e1 dispon\u00edvel em diferentes tamanhos: <span style=\"color: #d12727;\"><a style=\"color: #d12727;\" href=\"https:\/\/www.csj-emballages.com\/pt-pt\/produit\/envelope-de-cartao-com-abertura-superior-235-x-32-cm-390-g-m2-pack-de-100\/\">23,5 x 32 cm<\/a><\/span> \/ <span style=\"color: #d12727;\"><a style=\"color: #d12727;\" href=\"https:\/\/www.csj-emballages.com\/pt-pt\/produit\/envelope-de-cartao-com-abertura-superior-275-x-352-cm-390-g-m2-pack-de-100\/\">27,5 x 35,2 cm<\/a> <span style=\"color: #000000;\">\/<\/span> <a style=\"color: #d12727;\" href=\"https:\/\/www.csj-emballages.com\/pt-pt\/produit\/envelope-de-cartao-abertura-superior-32-x-382-cm-390-g-m2-pack-de-100\/\">32 x 38,2 cm<\/a><\/span><\/p>\n<p>&nbsp;<\/p>\n<p>&nbsp;<\/p>\n<p><!--more--><\/p>\n<p><a href=\"https:\/\/www.csj-emballages.com\/pt-pt\/categorie-produit\/embalagens-industriais\/bolsas-de-transporte\/\">Consulte o resto da nossa gama de sacos \/ envelopes de expedi\u00e7\u00e3o<\/a><\/p>\n","protected":false},"excerpt":{"rendered":"<p>Envelope de cart\u00e3o descubra o nosso envelope de cart\u00e3o, abertura superior, 22,5 x 28,9 cm, 390 g\/m\u00b2, por 100<\/p>\n","protected":false},"featured_media":264718,"template":"","meta":{"_acf_changed":false},"product_brand":[],"product_cat":[1141,8638,1208,1209],"product_tag":[],"class_list":{"0":"post-264722","1":"product","2":"type-product","3":"status-publish","4":"has-post-thumbnail","6":"product_cat-embalagem-de-alimentos","7":"product_cat-bons-planos","8":"product_cat-embalagens-industriais","9":"product_cat-bolsas-de-transporte","11":"first","12":"outofstock","13":"sale","14":"taxable","15":"shipping-taxable","16":"purchasable","17":"product-type-simple"},"acf":[],"yoast_head":"<!-- This site is optimized with the Yoast SEO Premium plugin v26.6 (Yoast SEO v26.6) - https:\/\/yoast.com\/wordpress\/plugins\/seo\/ -->\n<title>Envelope de Cart\u00e3o Abertura Superior 22,5 x 28,9 cm 390 g\/m\u00b2<\/title>\n<meta name=\"description\" content=\"Envelope de cart\u00e3o 22,5 x 28,9 cm 390 g\/m\u00b2 por 100 \u2013 robusto e adesivo, ideal para envios seguros de documentos e pequenas pe\u00e7as.\" \/>\n<meta name=\"robots\" content=\"index, follow, max-snippet:-1, max-image-preview:large, max-video-preview:-1\" \/>\n<link rel=\"canonical\" href=\"https:\/\/www.csj-emballages.com\/pt-pt\/produit\/envelope-de-cartao-abertura-superior-225-x-289-cm-390-g-m%c2%b2-por-100\/\" \/>\n<meta property=\"og:locale\" content=\"pt_PT\" \/>\n<meta property=\"og:type\" content=\"article\" \/>\n<meta property=\"og:title\" content=\"Envelope de cart\u00e3o, abertura superior, 22,5 x 28,9 cm, 390 g\/m\u00b2, por 100\" \/>\n<meta property=\"og:description\" content=\"Envelope de cart\u00e3o 22,5 x 28,9 cm 390 g\/m\u00b2 por 100 \u2013 robusto e adesivo, ideal para envios seguros de documentos e pequenas pe\u00e7as.\" \/>\n<meta property=\"og:url\" content=\"https:\/\/www.csj-emballages.com\/pt-pt\/produit\/envelope-de-cartao-abertura-superior-225-x-289-cm-390-g-m%c2%b2-por-100\/\" \/>\n<meta property=\"og:site_name\" content=\"CSJ Emballages\" \/>\n<meta property=\"article:publisher\" content=\"https:\/\/www.facebook.com\/csjemballages\" \/>\n<meta property=\"article:modified_time\" content=\"2026-04-03T00:12:16+00:00\" \/>\n<meta property=\"og:image\" content=\"https:\/\/www.csj-emballages.com\/wp-content\/uploads\/2026\/01\/27262.webp\" \/>\n\t<meta property=\"og:image:width\" content=\"800\" \/>\n\t<meta property=\"og:image:height\" content=\"800\" \/>\n\t<meta property=\"og:image:type\" content=\"image\/webp\" \/>\n<meta name=\"twitter:card\" content=\"summary_large_image\" \/>\n<meta name=\"twitter:label1\" content=\"Tempo estimado de leitura\" \/>\n\t<meta name=\"twitter:data1\" content=\"2 minutos\" \/>\n<script type=\"application\/ld+json\" class=\"yoast-schema-graph\">{\"@context\":\"https:\/\/schema.org\",\"@graph\":[{\"@type\":\"WebPage\",\"@id\":\"https:\/\/www.csj-emballages.com\/pt-pt\/produit\/envelope-de-cartao-abertura-superior-225-x-289-cm-390-g-m%c2%b2-por-100\/\",\"url\":\"https:\/\/www.csj-emballages.com\/pt-pt\/produit\/envelope-de-cartao-abertura-superior-225-x-289-cm-390-g-m%c2%b2-por-100\/\",\"name\":\"Envelope de Cart\u00e3o Abertura Superior 22,5 x 28,9 cm 390 g\/m\u00b2\",\"isPartOf\":{\"@id\":\"https:\/\/www.csj-emballages.com\/pt-pt\/#website\"},\"primaryImageOfPage\":{\"@id\":\"https:\/\/www.csj-emballages.com\/pt-pt\/produit\/envelope-de-cartao-abertura-superior-225-x-289-cm-390-g-m%c2%b2-por-100\/#primaryimage\"},\"image\":{\"@id\":\"https:\/\/www.csj-emballages.com\/pt-pt\/produit\/envelope-de-cartao-abertura-superior-225-x-289-cm-390-g-m%c2%b2-por-100\/#primaryimage\"},\"thumbnailUrl\":\"https:\/\/www.csj-emballages.com\/wp-content\/uploads\/2026\/01\/27262.webp\",\"datePublished\":\"2026-01-23T16:18:18+00:00\",\"dateModified\":\"2026-04-03T00:12:16+00:00\",\"description\":\"Envelope de cart\u00e3o 22,5 x 28,9 cm 390 g\/m\u00b2 por 100 \u2013 robusto e adesivo, ideal para envios seguros de documentos e pequenas pe\u00e7as.\",\"breadcrumb\":{\"@id\":\"https:\/\/www.csj-emballages.com\/pt-pt\/produit\/envelope-de-cartao-abertura-superior-225-x-289-cm-390-g-m%c2%b2-por-100\/#breadcrumb\"},\"inLanguage\":\"pt-PT\",\"potentialAction\":[{\"@type\":\"ReadAction\",\"target\":[\"https:\/\/www.csj-emballages.com\/pt-pt\/produit\/envelope-de-cartao-abertura-superior-225-x-289-cm-390-g-m%c2%b2-por-100\/\"]}]},{\"@type\":\"ImageObject\",\"inLanguage\":\"pt-PT\",\"@id\":\"https:\/\/www.csj-emballages.com\/pt-pt\/produit\/envelope-de-cartao-abertura-superior-225-x-289-cm-390-g-m%c2%b2-por-100\/#primaryimage\",\"url\":\"https:\/\/www.csj-emballages.com\/wp-content\/uploads\/2026\/01\/27262.webp\",\"contentUrl\":\"https:\/\/www.csj-emballages.com\/wp-content\/uploads\/2026\/01\/27262.webp\",\"width\":800,\"height\":800,\"caption\":\"Enveloppe carton\"},{\"@type\":\"BreadcrumbList\",\"@id\":\"https:\/\/www.csj-emballages.com\/pt-pt\/produit\/envelope-de-cartao-abertura-superior-225-x-289-cm-390-g-m%c2%b2-por-100\/#breadcrumb\",\"itemListElement\":[{\"@type\":\"ListItem\",\"position\":1,\"name\":\"Acolhimento\",\"item\":\"https:\/\/www.csj-emballages.com\/pt-pt\/universo-das-embalagens-alimentares\/\"},{\"@type\":\"ListItem\",\"position\":2,\"name\":\"Shop\",\"item\":\"https:\/\/www.csj-emballages.com\/shop\/\"},{\"@type\":\"ListItem\",\"position\":3,\"name\":\"Envelope de cart\u00e3o, abertura superior, 22,5 x 28,9 cm, 390 g\/m\u00b2, por 100\"}]},{\"@type\":\"WebSite\",\"@id\":\"https:\/\/www.csj-emballages.com\/pt-pt\/#website\",\"url\":\"https:\/\/www.csj-emballages.com\/pt-pt\/\",\"name\":\"CSJ Emballages\",\"description\":\"\",\"publisher\":{\"@id\":\"https:\/\/www.csj-emballages.com\/pt-pt\/#organization\"},\"potentialAction\":[{\"@type\":\"SearchAction\",\"target\":{\"@type\":\"EntryPoint\",\"urlTemplate\":\"https:\/\/www.csj-emballages.com\/pt-pt\/?s={search_term_string}\"},\"query-input\":{\"@type\":\"PropertyValueSpecification\",\"valueRequired\":true,\"valueName\":\"search_term_string\"}}],\"inLanguage\":\"pt-PT\"},{\"@type\":\"Organization\",\"@id\":\"https:\/\/www.csj-emballages.com\/pt-pt\/#Organization\/\",\"name\":\"CSJ Emballages\",\"url\":\"https:\/\/www.csj-emballages.com\/pt-pt\/\",\"logo\":{\"@type\":\"ImageObject\",\"inLanguage\":\"pt-PT\",\"@id\":\"https:\/\/www.csj-emballages.com\/pt-pt\/#\/schema\/logo\/image\/\",\"url\":\"https:\/\/www.csj-emballages.com\/wp-content\/uploads\/2023\/10\/logo_csj.webp\",\"contentUrl\":\"https:\/\/www.csj-emballages.com\/wp-content\/uploads\/2023\/10\/logo_csj.webp\",\"width\":250,\"height\":95,\"caption\":\"CSJ Emballages\"},\"image\":{\"@id\":\"https:\/\/www.csj-emballages.com\/pt-pt\/#\/schema\/logo\/image\/\"},\"sameAs\":[\"https:\/\/www.facebook.com\/csjemballages\"],\"address\":{\"@type\":\"PostalAddress\",\"streetAddress\":\"ZI La Lechere\",\"addressLocality\":\"Patornay\",\"postalCode\":\"39130\",\"addressCountry\":\"FR\"},\"contactPoint\":[{\"@type\":\"ContactPoint\",\"contactType\":\"Service client\",\"telephone\":\"0384254272\",\"email\":\"contact@csj-emballages.com\"}]}]}<\/script>\n<!-- \/ Yoast SEO Premium plugin. -->","yoast_head_json":{"title":"Envelope de Cart\u00e3o Abertura Superior 22,5 x 28,9 cm 390 g\/m\u00b2","description":"Envelope de cart\u00e3o 22,5 x 28,9 cm 390 g\/m\u00b2 por 100 \u2013 robusto e adesivo, ideal para envios seguros de documentos e pequenas pe\u00e7as.","robots":{"index":"index","follow":"follow","max-snippet":"max-snippet:-1","max-image-preview":"max-image-preview:large","max-video-preview":"max-video-preview:-1"},"canonical":"https:\/\/www.csj-emballages.com\/pt-pt\/produit\/envelope-de-cartao-abertura-superior-225-x-289-cm-390-g-m%c2%b2-por-100\/","og_locale":"pt_PT","og_type":"article","og_title":"Envelope de cart\u00e3o, abertura superior, 22,5 x 28,9 cm, 390 g\/m\u00b2, por 100","og_description":"Envelope de cart\u00e3o 22,5 x 28,9 cm 390 g\/m\u00b2 por 100 \u2013 robusto e adesivo, ideal para envios seguros de documentos e pequenas pe\u00e7as.","og_url":"https:\/\/www.csj-emballages.com\/pt-pt\/produit\/envelope-de-cartao-abertura-superior-225-x-289-cm-390-g-m%c2%b2-por-100\/","og_site_name":"CSJ Emballages","article_publisher":"https:\/\/www.facebook.com\/csjemballages","article_modified_time":"2026-04-03T00:12:16+00:00","og_image":[{"width":800,"height":800,"url":"https:\/\/www.csj-emballages.com\/wp-content\/uploads\/2026\/01\/27262.webp","type":"image\/webp"}],"twitter_card":"summary_large_image","twitter_misc":{"Tempo estimado de leitura":"2 minutos"},"schema":{"@context":"https:\/\/schema.org","@graph":[{"@type":"WebPage","@id":"https:\/\/www.csj-emballages.com\/pt-pt\/produit\/envelope-de-cartao-abertura-superior-225-x-289-cm-390-g-m%c2%b2-por-100\/","url":"https:\/\/www.csj-emballages.com\/pt-pt\/produit\/envelope-de-cartao-abertura-superior-225-x-289-cm-390-g-m%c2%b2-por-100\/","name":"Envelope de Cart\u00e3o Abertura Superior 22,5 x 28,9 cm 390 g\/m\u00b2","isPartOf":{"@id":"https:\/\/www.csj-emballages.com\/pt-pt\/#website"},"primaryImageOfPage":{"@id":"https:\/\/www.csj-emballages.com\/pt-pt\/produit\/envelope-de-cartao-abertura-superior-225-x-289-cm-390-g-m%c2%b2-por-100\/#primaryimage"},"image":{"@id":"https:\/\/www.csj-emballages.com\/pt-pt\/produit\/envelope-de-cartao-abertura-superior-225-x-289-cm-390-g-m%c2%b2-por-100\/#primaryimage"},"thumbnailUrl":"https:\/\/www.csj-emballages.com\/wp-content\/uploads\/2026\/01\/27262.webp","datePublished":"2026-01-23T16:18:18+00:00","dateModified":"2026-04-03T00:12:16+00:00","description":"Envelope de cart\u00e3o 22,5 x 28,9 cm 390 g\/m\u00b2 por 100 \u2013 robusto e adesivo, ideal para envios seguros de documentos e pequenas pe\u00e7as.","breadcrumb":{"@id":"https:\/\/www.csj-emballages.com\/pt-pt\/produit\/envelope-de-cartao-abertura-superior-225-x-289-cm-390-g-m%c2%b2-por-100\/#breadcrumb"},"inLanguage":"pt-PT","potentialAction":[{"@type":"ReadAction","target":["https:\/\/www.csj-emballages.com\/pt-pt\/produit\/envelope-de-cartao-abertura-superior-225-x-289-cm-390-g-m%c2%b2-por-100\/"]}]},{"@type":"ImageObject","inLanguage":"pt-PT","@id":"https:\/\/www.csj-emballages.com\/pt-pt\/produit\/envelope-de-cartao-abertura-superior-225-x-289-cm-390-g-m%c2%b2-por-100\/#primaryimage","url":"https:\/\/www.csj-emballages.com\/wp-content\/uploads\/2026\/01\/27262.webp","contentUrl":"https:\/\/www.csj-emballages.com\/wp-content\/uploads\/2026\/01\/27262.webp","width":800,"height":800,"caption":"Enveloppe carton"},{"@type":"BreadcrumbList","@id":"https:\/\/www.csj-emballages.com\/pt-pt\/produit\/envelope-de-cartao-abertura-superior-225-x-289-cm-390-g-m%c2%b2-por-100\/#breadcrumb","itemListElement":[{"@type":"ListItem","position":1,"name":"Acolhimento","item":"https:\/\/www.csj-emballages.com\/pt-pt\/universo-das-embalagens-alimentares\/"},{"@type":"ListItem","position":2,"name":"Shop","item":"https:\/\/www.csj-emballages.com\/shop\/"},{"@type":"ListItem","position":3,"name":"Envelope de cart\u00e3o, abertura superior, 22,5 x 28,9 cm, 390 g\/m\u00b2, por 100"}]},{"@type":"WebSite","@id":"https:\/\/www.csj-emballages.com\/pt-pt\/#website","url":"https:\/\/www.csj-emballages.com\/pt-pt\/","name":"CSJ Emballages","description":"","publisher":{"@id":"https:\/\/www.csj-emballages.com\/pt-pt\/#organization"},"potentialAction":[{"@type":"SearchAction","target":{"@type":"EntryPoint","urlTemplate":"https:\/\/www.csj-emballages.com\/pt-pt\/?s={search_term_string}"},"query-input":{"@type":"PropertyValueSpecification","valueRequired":true,"valueName":"search_term_string"}}],"inLanguage":"pt-PT"},{"@type":"Organization","@id":"https:\/\/www.csj-emballages.com\/pt-pt\/#Organization\/","name":"CSJ Emballages","url":"https:\/\/www.csj-emballages.com\/pt-pt\/","logo":{"@type":"ImageObject","inLanguage":"pt-PT","@id":"https:\/\/www.csj-emballages.com\/pt-pt\/#\/schema\/logo\/image\/","url":"https:\/\/www.csj-emballages.com\/wp-content\/uploads\/2023\/10\/logo_csj.webp","contentUrl":"https:\/\/www.csj-emballages.com\/wp-content\/uploads\/2023\/10\/logo_csj.webp","width":250,"height":95,"caption":"CSJ Emballages"},"image":{"@id":"https:\/\/www.csj-emballages.com\/pt-pt\/#\/schema\/logo\/image\/"},"sameAs":["https:\/\/www.facebook.com\/csjemballages"],"address":{"@type":"PostalAddress","streetAddress":"ZI La Lechere","addressLocality":"Patornay","postalCode":"39130","addressCountry":"FR"},"contactPoint":[{"@type":"ContactPoint","contactType":"Service client","telephone":"0384254272","email":"contact@csj-emballages.com"}]}]}},"df_price":35.33,"df_sale_price":35.33,"df_regular_price":39.25,"df_image_link":"https:\/\/www.csj-emballages.com\/wp-content\/uploads\/2026\/01\/27262-300x300.webp","tiered_pricing_type":"fixed","tiered_pricing_fixed_rules":[],"tiered_pricing_percentage_rules":[],"tiered_pricing_minimum":1,"tiered_pricing_roles_data":[],"_links":{"self":[{"href":"https:\/\/www.csj-emballages.com\/pt-pt\/wp-json\/wp\/v2\/product\/264722","targetHints":{"allow":["GET"]}}],"collection":[{"href":"https:\/\/www.csj-emballages.com\/pt-pt\/wp-json\/wp\/v2\/product"}],"about":[{"href":"https:\/\/www.csj-emballages.com\/pt-pt\/wp-json\/wp\/v2\/types\/product"}],"wp:featuredmedia":[{"embeddable":true,"href":"https:\/\/www.csj-emballages.com\/pt-pt\/wp-json\/wp\/v2\/media\/264718"}],"wp:attachment":[{"href":"https:\/\/www.csj-emballages.com\/pt-pt\/wp-json\/wp\/v2\/media?parent=264722"}],"wp:term":[{"taxonomy":"product_brand","embeddable":true,"href":"https:\/\/www.csj-emballages.com\/pt-pt\/wp-json\/wp\/v2\/product_brand?post=264722"},{"taxonomy":"product_cat","embeddable":true,"href":"https:\/\/www.csj-emballages.com\/pt-pt\/wp-json\/wp\/v2\/product_cat?post=264722"},{"taxonomy":"product_tag","embeddable":true,"href":"https:\/\/www.csj-emballages.com\/pt-pt\/wp-json\/wp\/v2\/product_tag?post=264722"}],"curies":[{"name":"wp","href":"https:\/\/api.w.org\/{rel}","templated":true}]}}