{"id":264706,"date":"2026-01-23T17:18:29","date_gmt":"2026-01-23T16:18:29","guid":{"rendered":"https:\/\/www.csj-emballages.com\/produit\/envelope-almofadado-com-abertura-superior-24-x-34-cm-por-100\/"},"modified":"2026-04-03T02:12:20","modified_gmt":"2026-04-03T00:12:20","slug":"envelope-almofadado-com-abertura-superior-24-x-34-cm-por-100","status":"publish","type":"product","link":"https:\/\/www.csj-emballages.com\/pt-pt\/produit\/envelope-almofadado-com-abertura-superior-24-x-34-cm-por-100\/","title":{"rendered":"Envelope almofadado com abertura superior 24 x 34 cm por 100"},"content":{"rendered":"<h2>Envelope almofadada<\/h2>\n<hr>\n<h3>Descubra o nosso envelope almofadado com abertura superior 24 x 34 cm por 100<\/h3>\n<p><!--more--><\/p>\n<p data-start=\"268\" data-end=\"683\"><strong>O envelope almofadado com abertura superior 24 x 34 cm<\/strong> \u00e9 uma solu\u00e7\u00e3o de embalagem robusta e segura, especialmente concebida para o envio de documentos, objetos fr\u00e1geis ou pequenas encomendas no \u00e2mbito do <strong>e-commerce, envios administrativos ou entregas delicadas<\/strong>. De facto, o seu <strong>acolchoamento interior<\/strong> oferece uma prote\u00e7\u00e3o eficaz contra choques, atritos ou manipula\u00e7\u00f5es durante o transporte. <\/p>\n<p data-start=\"685\" data-end=\"990\">Da mesma forma, com <strong>dimens\u00f5es generosas de 24 x 34 cm<\/strong>, \u00e9 perfeitamente adequado para o envio de <strong>revistas, cat\u00e1logos, vestu\u00e1rio leve, pequenos aparelhos eletr\u00f3nicos, pe\u00e7as sobresselentes, livros ou documentos empresariais<\/strong>. A <strong>abertura superior<\/strong> facilita o enchimento r\u00e1pido e ergon\u00f3mico dos produtos sem esfor\u00e7o.<\/p>\n<p data-start=\"992\" data-end=\"1303\">Al\u00e9m disso, este <strong>envelope<\/strong> est\u00e1 equipado com uma <strong data-start=\"1026\" data-end=\"1061\">fita adesiva autoprotectora<\/strong> que se sela num \u00fanico gesto, garantindo um fecho limpo, seguro e sem material adicional. Protege tamb\u00e9m eficazmente os seus envios contra aberturas acidentais. <\/p>\n<p data-start=\"1305\" data-end=\"1626\">Fabricado a partir de materiais resistentes e dur\u00e1veis, este <strong>envelope almofadado<\/strong> foi concebido para profissionais e particulares preocupados com a seguran\u00e7a dos seus envios.<\/p>\n<p data-start=\"1276\" data-end=\"1579\"><!--more--><\/p>\n<h4 data-start=\"1276\" data-end=\"1579\">Vantagens :<\/h4>\n<ul>\n<li data-start=\"1664\" data-end=\"1742\"><strong data-start=\"1664\" data-end=\"1688\">Prote\u00e7\u00e3o refor\u00e7ada<\/strong>: acolchoamento interior contra choques e atritos.<\/li>\n<li data-start=\"1745\" data-end=\"1805\"><strong data-start=\"1745\" data-end=\"1764\">Formato espa\u00e7oso<\/strong> <strong>24 x 34 cm<\/strong>, adequado para muitos envios.<\/li>\n<li data-start=\"1808\" data-end=\"1881\"><strong data-start=\"1808\" data-end=\"1840\">Fita adesiva autoaderente<\/strong> para um fecho r\u00e1pido e seguro.<\/li>\n<li data-start=\"1884\" data-end=\"1928\"><strong data-start=\"1884\" data-end=\"1908\">Abertura superior<\/strong> f\u00e1cil de usar.<\/li>\n<li data-start=\"1931\" data-end=\"1965\">Materiais dur\u00e1veis e resistentes.<\/li>\n<li data-start=\"1968\" data-end=\"2027\">Ideal para e-commerce, documentos, pequenos objetos fr\u00e1geis.<\/li>\n<li data-start=\"2030\" data-end=\"2088\">Solu\u00e7\u00e3o profissional, embalada em <strong>100 envelopes<\/strong>.<\/li>\n<\/ul>\n<p>&nbsp;<\/p>\n<p><!--more--><\/p>\n<h4>Outras informa\u00e7\u00f5es :<\/h4>\n<ul>\n<li><strong>Embalagem<\/strong>: Caixa de 100<\/li>\n<li><strong>Dimens\u00f5es<\/strong>: 24 x 34 cm<\/li>\n<li><strong>Cor<\/strong>: castanho<\/li>\n<li><strong>Material<\/strong>: Kraft<\/li>\n<\/ul>\n<p>&nbsp;<\/p>\n<p><!--more--><\/p>\n<p>Este envelope almofadado est\u00e1 dispon\u00edvel em diferentes tamanhos: <span style=\"color: #d12727;\"><a style=\"color: #d12727;\" href=\"https:\/\/www.csj-emballages.com\/it\/produit\/busta-imbottita-con-apertura-superiore-15-x-215-cm-confezione-da-100\/\">15 x 21,5 cm<\/a><\/span> \/ <span style=\"color: #d12727;\"><a style=\"color: #d12727;\" href=\"https:\/\/www.csj-emballages.com\/es\/produit\/sobre-acolchado-apertura-superior-18-x-265-cm-por-100\/\">18 x 26,5 cm<\/a><\/span> \/ <span style=\"color: #d12727;\"><a style=\"color: #d12727;\" href=\"https:\/\/www.csj-emballages.com\/es\/produit\/sobre-acolchado-apertura-superior-27-x-36-cm-pack-de-100\/\">27 x 36 cm<\/a><\/span><\/p>\n<p>&nbsp;<\/p>\n<p><!--more--><\/p>\n<p><a href=\"https:\/\/www.csj-emballages.com\/pt-pt\/categorie-produit\/embalagens-industriais\/bolsas-de-transporte\/\">Consulte o resto da nossa gama de bolsas \/ envelopes de envio<\/a><\/p>\n<p data-start=\"1276\" data-end=\"1579\">\n","protected":false},"excerpt":{"rendered":"<p>Envelope almofadada Descubra o nosso envelope almofadado com abertura superior 24 x 34 cm por 100<\/p>\n","protected":false},"featured_media":264673,"template":"","meta":{"_acf_changed":false},"product_brand":[],"product_cat":[1141,8638,1208,1209],"product_tag":[],"class_list":{"0":"post-264706","1":"product","2":"type-product","3":"status-publish","4":"has-post-thumbnail","6":"product_cat-embalagem-de-alimentos","7":"product_cat-bons-planos","8":"product_cat-embalagens-industriais","9":"product_cat-bolsas-de-transporte","11":"first","12":"instock","13":"sale","14":"taxable","15":"shipping-taxable","16":"purchasable","17":"product-type-simple"},"acf":[],"yoast_head":"<!-- This site is optimized with the Yoast SEO Premium plugin v26.6 (Yoast SEO v26.6) - https:\/\/yoast.com\/wordpress\/plugins\/seo\/ -->\n<title>Envelope Almofadado Abertura Superior 24 x 34 cm por 100<\/title>\n<meta name=\"description\" content=\"Envelope almofadado com abertura superior 24 x 34 cm por 100 \u2013 prote\u00e7\u00e3o refor\u00e7ada, fecho adesivo r\u00e1pido, ideal para e-commerce e envios seguros.\" \/>\n<meta name=\"robots\" content=\"index, follow, max-snippet:-1, max-image-preview:large, max-video-preview:-1\" \/>\n<link rel=\"canonical\" href=\"https:\/\/www.csj-emballages.com\/pt-pt\/produit\/envelope-almofadado-com-abertura-superior-24-x-34-cm-por-100\/\" \/>\n<meta property=\"og:locale\" content=\"pt_PT\" \/>\n<meta property=\"og:type\" content=\"article\" \/>\n<meta property=\"og:title\" content=\"Envelope almofadado com abertura superior 24 x 34 cm por 100\" \/>\n<meta property=\"og:description\" content=\"Envelope almofadado com abertura superior 24 x 34 cm por 100 \u2013 prote\u00e7\u00e3o refor\u00e7ada, fecho adesivo r\u00e1pido, ideal para e-commerce e envios seguros.\" \/>\n<meta property=\"og:url\" content=\"https:\/\/www.csj-emballages.com\/pt-pt\/produit\/envelope-almofadado-com-abertura-superior-24-x-34-cm-por-100\/\" \/>\n<meta property=\"og:site_name\" content=\"CSJ Emballages\" \/>\n<meta property=\"article:publisher\" content=\"https:\/\/www.facebook.com\/csjemballages\" \/>\n<meta property=\"article:modified_time\" content=\"2026-04-03T00:12:20+00:00\" \/>\n<meta property=\"og:image\" content=\"https:\/\/www.csj-emballages.com\/wp-content\/uploads\/2026\/01\/27507.webp\" \/>\n\t<meta property=\"og:image:width\" content=\"800\" \/>\n\t<meta property=\"og:image:height\" content=\"800\" \/>\n\t<meta property=\"og:image:type\" content=\"image\/webp\" \/>\n<meta name=\"twitter:card\" content=\"summary_large_image\" \/>\n<meta name=\"twitter:label1\" content=\"Tempo estimado de leitura\" \/>\n\t<meta name=\"twitter:data1\" content=\"1 minuto\" \/>\n<script type=\"application\/ld+json\" class=\"yoast-schema-graph\">{\"@context\":\"https:\/\/schema.org\",\"@graph\":[{\"@type\":\"WebPage\",\"@id\":\"https:\/\/www.csj-emballages.com\/pt-pt\/produit\/envelope-almofadado-com-abertura-superior-24-x-34-cm-por-100\/\",\"url\":\"https:\/\/www.csj-emballages.com\/pt-pt\/produit\/envelope-almofadado-com-abertura-superior-24-x-34-cm-por-100\/\",\"name\":\"Envelope Almofadado Abertura Superior 24 x 34 cm por 100\",\"isPartOf\":{\"@id\":\"https:\/\/www.csj-emballages.com\/pt-pt\/#website\"},\"primaryImageOfPage\":{\"@id\":\"https:\/\/www.csj-emballages.com\/pt-pt\/produit\/envelope-almofadado-com-abertura-superior-24-x-34-cm-por-100\/#primaryimage\"},\"image\":{\"@id\":\"https:\/\/www.csj-emballages.com\/pt-pt\/produit\/envelope-almofadado-com-abertura-superior-24-x-34-cm-por-100\/#primaryimage\"},\"thumbnailUrl\":\"https:\/\/www.csj-emballages.com\/wp-content\/uploads\/2026\/01\/27507.webp\",\"datePublished\":\"2026-01-23T16:18:29+00:00\",\"dateModified\":\"2026-04-03T00:12:20+00:00\",\"description\":\"Envelope almofadado com abertura superior 24 x 34 cm por 100 \u2013 prote\u00e7\u00e3o refor\u00e7ada, fecho adesivo r\u00e1pido, ideal para e-commerce e envios seguros.\",\"breadcrumb\":{\"@id\":\"https:\/\/www.csj-emballages.com\/pt-pt\/produit\/envelope-almofadado-com-abertura-superior-24-x-34-cm-por-100\/#breadcrumb\"},\"inLanguage\":\"pt-PT\",\"potentialAction\":[{\"@type\":\"ReadAction\",\"target\":[\"https:\/\/www.csj-emballages.com\/pt-pt\/produit\/envelope-almofadado-com-abertura-superior-24-x-34-cm-por-100\/\"]}]},{\"@type\":\"ImageObject\",\"inLanguage\":\"pt-PT\",\"@id\":\"https:\/\/www.csj-emballages.com\/pt-pt\/produit\/envelope-almofadado-com-abertura-superior-24-x-34-cm-por-100\/#primaryimage\",\"url\":\"https:\/\/www.csj-emballages.com\/wp-content\/uploads\/2026\/01\/27507.webp\",\"contentUrl\":\"https:\/\/www.csj-emballages.com\/wp-content\/uploads\/2026\/01\/27507.webp\",\"width\":800,\"height\":800,\"caption\":\"Enveloppe matelass\u00e9e\"},{\"@type\":\"BreadcrumbList\",\"@id\":\"https:\/\/www.csj-emballages.com\/pt-pt\/produit\/envelope-almofadado-com-abertura-superior-24-x-34-cm-por-100\/#breadcrumb\",\"itemListElement\":[{\"@type\":\"ListItem\",\"position\":1,\"name\":\"Acolhimento\",\"item\":\"https:\/\/www.csj-emballages.com\/pt-pt\/universo-das-embalagens-alimentares\/\"},{\"@type\":\"ListItem\",\"position\":2,\"name\":\"Shop\",\"item\":\"https:\/\/www.csj-emballages.com\/shop\/\"},{\"@type\":\"ListItem\",\"position\":3,\"name\":\"Envelope almofadado com abertura superior 24 x 34 cm por 100\"}]},{\"@type\":\"WebSite\",\"@id\":\"https:\/\/www.csj-emballages.com\/pt-pt\/#website\",\"url\":\"https:\/\/www.csj-emballages.com\/pt-pt\/\",\"name\":\"CSJ Emballages\",\"description\":\"\",\"publisher\":{\"@id\":\"https:\/\/www.csj-emballages.com\/pt-pt\/#organization\"},\"potentialAction\":[{\"@type\":\"SearchAction\",\"target\":{\"@type\":\"EntryPoint\",\"urlTemplate\":\"https:\/\/www.csj-emballages.com\/pt-pt\/?s={search_term_string}\"},\"query-input\":{\"@type\":\"PropertyValueSpecification\",\"valueRequired\":true,\"valueName\":\"search_term_string\"}}],\"inLanguage\":\"pt-PT\"},{\"@type\":\"Organization\",\"@id\":\"https:\/\/www.csj-emballages.com\/pt-pt\/#Organization\/\",\"name\":\"CSJ Emballages\",\"url\":\"https:\/\/www.csj-emballages.com\/pt-pt\/\",\"logo\":{\"@type\":\"ImageObject\",\"inLanguage\":\"pt-PT\",\"@id\":\"https:\/\/www.csj-emballages.com\/pt-pt\/#\/schema\/logo\/image\/\",\"url\":\"https:\/\/www.csj-emballages.com\/wp-content\/uploads\/2023\/10\/logo_csj.webp\",\"contentUrl\":\"https:\/\/www.csj-emballages.com\/wp-content\/uploads\/2023\/10\/logo_csj.webp\",\"width\":250,\"height\":95,\"caption\":\"CSJ Emballages\"},\"image\":{\"@id\":\"https:\/\/www.csj-emballages.com\/pt-pt\/#\/schema\/logo\/image\/\"},\"sameAs\":[\"https:\/\/www.facebook.com\/csjemballages\"],\"address\":{\"@type\":\"PostalAddress\",\"streetAddress\":\"ZI La Lechere\",\"addressLocality\":\"Patornay\",\"postalCode\":\"39130\",\"addressCountry\":\"FR\"},\"contactPoint\":[{\"@type\":\"ContactPoint\",\"contactType\":\"Service client\",\"telephone\":\"0384254272\",\"email\":\"contact@csj-emballages.com\"}]}]}<\/script>\n<!-- \/ Yoast SEO Premium plugin. -->","yoast_head_json":{"title":"Envelope Almofadado Abertura Superior 24 x 34 cm por 100","description":"Envelope almofadado com abertura superior 24 x 34 cm por 100 \u2013 prote\u00e7\u00e3o refor\u00e7ada, fecho adesivo r\u00e1pido, ideal para e-commerce e envios seguros.","robots":{"index":"index","follow":"follow","max-snippet":"max-snippet:-1","max-image-preview":"max-image-preview:large","max-video-preview":"max-video-preview:-1"},"canonical":"https:\/\/www.csj-emballages.com\/pt-pt\/produit\/envelope-almofadado-com-abertura-superior-24-x-34-cm-por-100\/","og_locale":"pt_PT","og_type":"article","og_title":"Envelope almofadado com abertura superior 24 x 34 cm por 100","og_description":"Envelope almofadado com abertura superior 24 x 34 cm por 100 \u2013 prote\u00e7\u00e3o refor\u00e7ada, fecho adesivo r\u00e1pido, ideal para e-commerce e envios seguros.","og_url":"https:\/\/www.csj-emballages.com\/pt-pt\/produit\/envelope-almofadado-com-abertura-superior-24-x-34-cm-por-100\/","og_site_name":"CSJ Emballages","article_publisher":"https:\/\/www.facebook.com\/csjemballages","article_modified_time":"2026-04-03T00:12:20+00:00","og_image":[{"width":800,"height":800,"url":"https:\/\/www.csj-emballages.com\/wp-content\/uploads\/2026\/01\/27507.webp","type":"image\/webp"}],"twitter_card":"summary_large_image","twitter_misc":{"Tempo estimado de leitura":"1 minuto"},"schema":{"@context":"https:\/\/schema.org","@graph":[{"@type":"WebPage","@id":"https:\/\/www.csj-emballages.com\/pt-pt\/produit\/envelope-almofadado-com-abertura-superior-24-x-34-cm-por-100\/","url":"https:\/\/www.csj-emballages.com\/pt-pt\/produit\/envelope-almofadado-com-abertura-superior-24-x-34-cm-por-100\/","name":"Envelope Almofadado Abertura Superior 24 x 34 cm por 100","isPartOf":{"@id":"https:\/\/www.csj-emballages.com\/pt-pt\/#website"},"primaryImageOfPage":{"@id":"https:\/\/www.csj-emballages.com\/pt-pt\/produit\/envelope-almofadado-com-abertura-superior-24-x-34-cm-por-100\/#primaryimage"},"image":{"@id":"https:\/\/www.csj-emballages.com\/pt-pt\/produit\/envelope-almofadado-com-abertura-superior-24-x-34-cm-por-100\/#primaryimage"},"thumbnailUrl":"https:\/\/www.csj-emballages.com\/wp-content\/uploads\/2026\/01\/27507.webp","datePublished":"2026-01-23T16:18:29+00:00","dateModified":"2026-04-03T00:12:20+00:00","description":"Envelope almofadado com abertura superior 24 x 34 cm por 100 \u2013 prote\u00e7\u00e3o refor\u00e7ada, fecho adesivo r\u00e1pido, ideal para e-commerce e envios seguros.","breadcrumb":{"@id":"https:\/\/www.csj-emballages.com\/pt-pt\/produit\/envelope-almofadado-com-abertura-superior-24-x-34-cm-por-100\/#breadcrumb"},"inLanguage":"pt-PT","potentialAction":[{"@type":"ReadAction","target":["https:\/\/www.csj-emballages.com\/pt-pt\/produit\/envelope-almofadado-com-abertura-superior-24-x-34-cm-por-100\/"]}]},{"@type":"ImageObject","inLanguage":"pt-PT","@id":"https:\/\/www.csj-emballages.com\/pt-pt\/produit\/envelope-almofadado-com-abertura-superior-24-x-34-cm-por-100\/#primaryimage","url":"https:\/\/www.csj-emballages.com\/wp-content\/uploads\/2026\/01\/27507.webp","contentUrl":"https:\/\/www.csj-emballages.com\/wp-content\/uploads\/2026\/01\/27507.webp","width":800,"height":800,"caption":"Enveloppe matelass\u00e9e"},{"@type":"BreadcrumbList","@id":"https:\/\/www.csj-emballages.com\/pt-pt\/produit\/envelope-almofadado-com-abertura-superior-24-x-34-cm-por-100\/#breadcrumb","itemListElement":[{"@type":"ListItem","position":1,"name":"Acolhimento","item":"https:\/\/www.csj-emballages.com\/pt-pt\/universo-das-embalagens-alimentares\/"},{"@type":"ListItem","position":2,"name":"Shop","item":"https:\/\/www.csj-emballages.com\/shop\/"},{"@type":"ListItem","position":3,"name":"Envelope almofadado com abertura superior 24 x 34 cm por 100"}]},{"@type":"WebSite","@id":"https:\/\/www.csj-emballages.com\/pt-pt\/#website","url":"https:\/\/www.csj-emballages.com\/pt-pt\/","name":"CSJ Emballages","description":"","publisher":{"@id":"https:\/\/www.csj-emballages.com\/pt-pt\/#organization"},"potentialAction":[{"@type":"SearchAction","target":{"@type":"EntryPoint","urlTemplate":"https:\/\/www.csj-emballages.com\/pt-pt\/?s={search_term_string}"},"query-input":{"@type":"PropertyValueSpecification","valueRequired":true,"valueName":"search_term_string"}}],"inLanguage":"pt-PT"},{"@type":"Organization","@id":"https:\/\/www.csj-emballages.com\/pt-pt\/#Organization\/","name":"CSJ Emballages","url":"https:\/\/www.csj-emballages.com\/pt-pt\/","logo":{"@type":"ImageObject","inLanguage":"pt-PT","@id":"https:\/\/www.csj-emballages.com\/pt-pt\/#\/schema\/logo\/image\/","url":"https:\/\/www.csj-emballages.com\/wp-content\/uploads\/2023\/10\/logo_csj.webp","contentUrl":"https:\/\/www.csj-emballages.com\/wp-content\/uploads\/2023\/10\/logo_csj.webp","width":250,"height":95,"caption":"CSJ Emballages"},"image":{"@id":"https:\/\/www.csj-emballages.com\/pt-pt\/#\/schema\/logo\/image\/"},"sameAs":["https:\/\/www.facebook.com\/csjemballages"],"address":{"@type":"PostalAddress","streetAddress":"ZI La Lechere","addressLocality":"Patornay","postalCode":"39130","addressCountry":"FR"},"contactPoint":[{"@type":"ContactPoint","contactType":"Service client","telephone":"0384254272","email":"contact@csj-emballages.com"}]}]}},"df_price":55.27,"df_sale_price":55.27,"df_regular_price":61.42,"df_image_link":"https:\/\/www.csj-emballages.com\/wp-content\/uploads\/2026\/01\/27507-300x300.webp","tiered_pricing_type":"fixed","tiered_pricing_fixed_rules":[],"tiered_pricing_percentage_rules":[],"tiered_pricing_minimum":1,"tiered_pricing_roles_data":[],"_links":{"self":[{"href":"https:\/\/www.csj-emballages.com\/pt-pt\/wp-json\/wp\/v2\/product\/264706","targetHints":{"allow":["GET"]}}],"collection":[{"href":"https:\/\/www.csj-emballages.com\/pt-pt\/wp-json\/wp\/v2\/product"}],"about":[{"href":"https:\/\/www.csj-emballages.com\/pt-pt\/wp-json\/wp\/v2\/types\/product"}],"wp:featuredmedia":[{"embeddable":true,"href":"https:\/\/www.csj-emballages.com\/pt-pt\/wp-json\/wp\/v2\/media\/264673"}],"wp:attachment":[{"href":"https:\/\/www.csj-emballages.com\/pt-pt\/wp-json\/wp\/v2\/media?parent=264706"}],"wp:term":[{"taxonomy":"product_brand","embeddable":true,"href":"https:\/\/www.csj-emballages.com\/pt-pt\/wp-json\/wp\/v2\/product_brand?post=264706"},{"taxonomy":"product_cat","embeddable":true,"href":"https:\/\/www.csj-emballages.com\/pt-pt\/wp-json\/wp\/v2\/product_cat?post=264706"},{"taxonomy":"product_tag","embeddable":true,"href":"https:\/\/www.csj-emballages.com\/pt-pt\/wp-json\/wp\/v2\/product_tag?post=264706"}],"curies":[{"name":"wp","href":"https:\/\/api.w.org\/{rel}","templated":true}]}}