{"id":263678,"date":"2026-02-05T11:18:17","date_gmt":"2026-02-05T10:18:17","guid":{"rendered":"https:\/\/www.csj-emballages.com\/produit\/mopa-de-microfibra-azul-de-40-cm-com-aba\/"},"modified":"2026-04-29T02:11:14","modified_gmt":"2026-04-29T00:11:14","slug":"mopa-de-microfibra-azul-de-40-cm-com-aba","status":"publish","type":"product","link":"https:\/\/www.csj-emballages.com\/pt-pt\/produit\/mopa-de-microfibra-azul-de-40-cm-com-aba\/","title":{"rendered":"Mopa de microfibra azul de 40 cm com aba"},"content":{"rendered":"<h2>Franja em microfibra<\/h2>\n<hr>\n<h3>Descubra a nossa mopa de microfibra azul de 40 cm com aba<\/h3>\n<p><!--more--><\/p>\n<p data-start=\"219\" data-end=\"573\">A <strong>mopa de microfibra azul de 40 cm com aba<\/strong> foi especialmente concebida para a limpeza eficaz e higi\u00e9nica de pavimentos em ambiente profissional. Gra\u00e7as \u00e0 sua composi\u00e7\u00e3o em <strong>microfibra<\/strong> de alta qualidade, garante uma excelente capacidade de absor\u00e7\u00e3o e de captura de sujidade, p\u00f3 e res\u00edduos, limitando simultaneamente a utiliza\u00e7\u00e3o de produtos qu\u00edmicos. <\/p>\n<p data-start=\"575\" data-end=\"887\">Com uma <strong>largura de 40 cm<\/strong>, esta <strong>mopa<\/strong> permite cobrir rapidamente grandes superf\u00edcies, otimizando assim o tempo de trabalho durante as opera\u00e7\u00f5es de limpeza. Com efeito, \u00e9 ideal para <strong>escrit\u00f3rios, com\u00e9rcios, estabelecimentos de sa\u00fade, entidades p\u00fablicas<\/strong> ou zonas de grande aflu\u00eancia que necessitem de uma manuten\u00e7\u00e3o regular e rigorosa. <\/p>\n<p data-start=\"889\" data-end=\"1162\">Equipada com <strong>abas de fixa\u00e7\u00e3o<\/strong>, a <strong>mopa<\/strong> instala-se facilmente numa estrutura compat\u00edvel, garantindo uma fixa\u00e7\u00e3o fi\u00e1vel durante a utiliza\u00e7\u00e3o. Este sistema de fixa\u00e7\u00e3o permite tamb\u00e9m uma remo\u00e7\u00e3o simples e r\u00e1pida, melhorando a ergonomia e o conforto do utilizador. <\/p>\n<p data-start=\"1164\" data-end=\"1546\">A <strong>cor azul<\/strong> facilita a identifica\u00e7\u00e3o da mopa no \u00e2mbito dos protocolos de limpeza por codifica\u00e7\u00e3o de cores, contribuindo para prevenir os riscos de contamina\u00e7\u00e3o cruzada. Resistente e duradoura, a <strong>mopa de microfibra<\/strong> mant\u00e9m o seu desempenho mesmo ap\u00f3s v\u00e1rios ciclos de lavagem, o que a torna uma solu\u00e7\u00e3o econ\u00f3mica e fi\u00e1vel para uma utiliza\u00e7\u00e3o profissional intensiva. <\/p>\n<p data-start=\"1164\" data-end=\"1546\"><!--more--><\/p>\n<h4 data-start=\"1164\" data-end=\"1546\">Vantagens :<\/h4>\n<ul>\n<li data-start=\"1584\" data-end=\"1641\"><strong>Microfibra<\/strong> de alto desempenho para uma limpeza eficaz.<\/li>\n<li data-start=\"1644\" data-end=\"1698\">Excelente absor\u00e7\u00e3o de l\u00edquidos e sujidade.<\/li>\n<li data-start=\"1701\" data-end=\"1754\"><strong>Largura de 40 cm<\/strong> para uma limpeza r\u00e1pida das superf\u00edcies.<\/li>\n<li data-start=\"1757\" data-end=\"1803\">Fixa\u00e7\u00e3o por abas, simples e segura.<\/li>\n<li data-start=\"1806\" data-end=\"1841\"><strong>Compat\u00edvel<\/strong> com estruturas adequadas.<\/li>\n<li data-start=\"1844\" data-end=\"1890\"><strong>Cor azul<\/strong> para a codifica\u00e7\u00e3o das zonas.<\/li>\n<li data-start=\"1893\" data-end=\"1952\">Resistente e lav\u00e1vel para uma longa dura\u00e7\u00e3o de utiliza\u00e7\u00e3o.<\/li>\n<\/ul>\n<p>&nbsp;<\/p>\n<p><!--more--><\/p>\n<h4>Outras informa\u00e7\u00f5es :<\/h4>\n<ul>\n<li><strong>Embalagem<\/strong>: Por unidade<\/li>\n<li><strong>Comprimento<\/strong>: 40 cm<\/li>\n<li><strong>Cor<\/strong>: azul<\/li>\n<\/ul>\n<p>&nbsp;<\/p>\n<p><!--more--><\/p>\n<p>Encontre aqui a nossa mopa de microfibra com aba e bolsa: <span style=\"color: #d12727;\"><a style=\"color: #d12727;\" href=\"https:\/\/www.csj-emballages.com\/es\/produit\/flecos-de-microfibra-azul-de-40-cm-con-bolsillos-y-lengueta-con-agujero\/\">6363<\/a><\/span><\/p>\n<p>&nbsp;<\/p>\n<p><!--more--><\/p>\n<p><a href=\"https:\/\/www.csj-emballages.com\/pt-pt\/categorie-produit\/higiene-e-manutencao\/escovas-e-vassouras\/vassoura-escova-espanador-de-penas\/gama-speedy\/\">Consulte a nossa restante gama Speedy<\/a><\/p>\n<p>&nbsp;<\/p>\n","protected":false},"excerpt":{"rendered":"<p>Franja em microfibra Descubra a nossa mopa de microfibra azul de 40 cm com aba<\/p>\n","protected":false},"featured_media":221428,"template":"","meta":{"_acf_changed":false},"product_brand":[],"product_cat":[1141,1222,1709,1456,1821,1907,10271],"product_tag":[],"class_list":{"0":"post-263678","1":"product","2":"type-product","3":"status-publish","4":"has-post-thumbnail","6":"product_cat-embalagem-de-alimentos","7":"product_cat-higiene-e-manutencao","8":"product_cat-acessorios","9":"product_cat-escovas-e-vassouras","10":"product_cat-vassoura-escova-espanador-de-penas","11":"product_cat-gama-speedy","12":"product_cat-apuramento","14":"first","15":"outofstock","16":"sale","17":"taxable","18":"shipping-taxable","19":"purchasable","20":"product-type-simple"},"acf":[],"yoast_head":"<!-- This site is optimized with the Yoast SEO Premium plugin v26.6 (Yoast SEO v26.6) - https:\/\/yoast.com\/wordpress\/plugins\/seo\/ -->\n<title>Mopa de Microfibra Azul de 40 cm com Aba<\/title>\n<meta name=\"description\" content=\"Mopa de microfibra azul de 40 cm com aba. Elevada absor\u00e7\u00e3o, fixa\u00e7\u00e3o f\u00e1cil e ideal para a limpeza profissional de pavimentos.\" \/>\n<meta name=\"robots\" content=\"index, follow, max-snippet:-1, max-image-preview:large, max-video-preview:-1\" \/>\n<link rel=\"canonical\" href=\"https:\/\/www.csj-emballages.com\/pt-pt\/produit\/mopa-de-microfibra-azul-de-40-cm-com-aba\/\" \/>\n<meta property=\"og:locale\" content=\"pt_PT\" \/>\n<meta property=\"og:type\" content=\"article\" \/>\n<meta property=\"og:title\" content=\"Mopa de microfibra azul de 40 cm com aba\" \/>\n<meta property=\"og:description\" content=\"Mopa de microfibra azul de 40 cm com aba. Elevada absor\u00e7\u00e3o, fixa\u00e7\u00e3o f\u00e1cil e ideal para a limpeza profissional de pavimentos.\" \/>\n<meta property=\"og:url\" content=\"https:\/\/www.csj-emballages.com\/pt-pt\/produit\/mopa-de-microfibra-azul-de-40-cm-com-aba\/\" \/>\n<meta property=\"og:site_name\" content=\"CSJ Emballages\" \/>\n<meta property=\"article:publisher\" content=\"https:\/\/www.facebook.com\/csjemballages\" \/>\n<meta property=\"article:modified_time\" content=\"2026-04-29T00:11:14+00:00\" \/>\n<meta property=\"og:image\" content=\"https:\/\/www.csj-emballages.com\/wp-content\/uploads\/2024\/03\/6363.webp\" \/>\n\t<meta property=\"og:image:width\" content=\"800\" \/>\n\t<meta property=\"og:image:height\" content=\"800\" \/>\n\t<meta property=\"og:image:type\" content=\"image\/webp\" \/>\n<meta name=\"twitter:card\" content=\"summary_large_image\" \/>\n<meta name=\"twitter:label1\" content=\"Tempo estimado de leitura\" \/>\n\t<meta name=\"twitter:data1\" content=\"2 minutos\" \/>\n<script type=\"application\/ld+json\" class=\"yoast-schema-graph\">{\"@context\":\"https:\/\/schema.org\",\"@graph\":[{\"@type\":\"WebPage\",\"@id\":\"https:\/\/www.csj-emballages.com\/pt-pt\/produit\/mopa-de-microfibra-azul-de-40-cm-com-aba\/\",\"url\":\"https:\/\/www.csj-emballages.com\/pt-pt\/produit\/mopa-de-microfibra-azul-de-40-cm-com-aba\/\",\"name\":\"Mopa de Microfibra Azul de 40 cm com Aba\",\"isPartOf\":{\"@id\":\"https:\/\/www.csj-emballages.com\/pt-pt\/#website\"},\"primaryImageOfPage\":{\"@id\":\"https:\/\/www.csj-emballages.com\/pt-pt\/produit\/mopa-de-microfibra-azul-de-40-cm-com-aba\/#primaryimage\"},\"image\":{\"@id\":\"https:\/\/www.csj-emballages.com\/pt-pt\/produit\/mopa-de-microfibra-azul-de-40-cm-com-aba\/#primaryimage\"},\"thumbnailUrl\":\"https:\/\/www.csj-emballages.com\/wp-content\/uploads\/2024\/03\/6363.webp\",\"datePublished\":\"2026-02-05T10:18:17+00:00\",\"dateModified\":\"2026-04-29T00:11:14+00:00\",\"description\":\"Mopa de microfibra azul de 40 cm com aba. Elevada absor\u00e7\u00e3o, fixa\u00e7\u00e3o f\u00e1cil e ideal para a limpeza profissional de pavimentos.\",\"breadcrumb\":{\"@id\":\"https:\/\/www.csj-emballages.com\/pt-pt\/produit\/mopa-de-microfibra-azul-de-40-cm-com-aba\/#breadcrumb\"},\"inLanguage\":\"pt-PT\",\"potentialAction\":[{\"@type\":\"ReadAction\",\"target\":[\"https:\/\/www.csj-emballages.com\/pt-pt\/produit\/mopa-de-microfibra-azul-de-40-cm-com-aba\/\"]}]},{\"@type\":\"ImageObject\",\"inLanguage\":\"pt-PT\",\"@id\":\"https:\/\/www.csj-emballages.com\/pt-pt\/produit\/mopa-de-microfibra-azul-de-40-cm-com-aba\/#primaryimage\",\"url\":\"https:\/\/www.csj-emballages.com\/wp-content\/uploads\/2024\/03\/6363.webp\",\"contentUrl\":\"https:\/\/www.csj-emballages.com\/wp-content\/uploads\/2024\/03\/6363.webp\",\"width\":800,\"height\":800,\"caption\":\"Frange microfibre\"},{\"@type\":\"BreadcrumbList\",\"@id\":\"https:\/\/www.csj-emballages.com\/pt-pt\/produit\/mopa-de-microfibra-azul-de-40-cm-com-aba\/#breadcrumb\",\"itemListElement\":[{\"@type\":\"ListItem\",\"position\":1,\"name\":\"Acolhimento\",\"item\":\"https:\/\/www.csj-emballages.com\/pt-pt\/universo-das-embalagens-alimentares\/\"},{\"@type\":\"ListItem\",\"position\":2,\"name\":\"Shop\",\"item\":\"https:\/\/www.csj-emballages.com\/shop\/\"},{\"@type\":\"ListItem\",\"position\":3,\"name\":\"Mopa de microfibra azul de 40 cm com aba\"}]},{\"@type\":\"WebSite\",\"@id\":\"https:\/\/www.csj-emballages.com\/pt-pt\/#website\",\"url\":\"https:\/\/www.csj-emballages.com\/pt-pt\/\",\"name\":\"CSJ Emballages\",\"description\":\"\",\"publisher\":{\"@id\":\"https:\/\/www.csj-emballages.com\/pt-pt\/#organization\"},\"potentialAction\":[{\"@type\":\"SearchAction\",\"target\":{\"@type\":\"EntryPoint\",\"urlTemplate\":\"https:\/\/www.csj-emballages.com\/pt-pt\/?s={search_term_string}\"},\"query-input\":{\"@type\":\"PropertyValueSpecification\",\"valueRequired\":true,\"valueName\":\"search_term_string\"}}],\"inLanguage\":\"pt-PT\"},{\"@type\":\"Organization\",\"@id\":\"https:\/\/www.csj-emballages.com\/pt-pt\/#Organization\/\",\"name\":\"CSJ Emballages\",\"url\":\"https:\/\/www.csj-emballages.com\/pt-pt\/\",\"logo\":{\"@type\":\"ImageObject\",\"inLanguage\":\"pt-PT\",\"@id\":\"https:\/\/www.csj-emballages.com\/pt-pt\/#\/schema\/logo\/image\/\",\"url\":\"https:\/\/www.csj-emballages.com\/wp-content\/uploads\/2023\/10\/logo_csj.webp\",\"contentUrl\":\"https:\/\/www.csj-emballages.com\/wp-content\/uploads\/2023\/10\/logo_csj.webp\",\"width\":250,\"height\":95,\"caption\":\"CSJ Emballages\"},\"image\":{\"@id\":\"https:\/\/www.csj-emballages.com\/pt-pt\/#\/schema\/logo\/image\/\"},\"sameAs\":[\"https:\/\/www.facebook.com\/csjemballages\"],\"address\":{\"@type\":\"PostalAddress\",\"streetAddress\":\"ZI La Lechere\",\"addressLocality\":\"Patornay\",\"postalCode\":\"39130\",\"addressCountry\":\"FR\"},\"contactPoint\":[{\"@type\":\"ContactPoint\",\"contactType\":\"Service client\",\"telephone\":\"0384254272\",\"email\":\"contact@csj-emballages.com\"}]}]}<\/script>\n<!-- \/ Yoast SEO Premium plugin. -->","yoast_head_json":{"title":"Mopa de Microfibra Azul de 40 cm com Aba","description":"Mopa de microfibra azul de 40 cm com aba. Elevada absor\u00e7\u00e3o, fixa\u00e7\u00e3o f\u00e1cil e ideal para a limpeza profissional de pavimentos.","robots":{"index":"index","follow":"follow","max-snippet":"max-snippet:-1","max-image-preview":"max-image-preview:large","max-video-preview":"max-video-preview:-1"},"canonical":"https:\/\/www.csj-emballages.com\/pt-pt\/produit\/mopa-de-microfibra-azul-de-40-cm-com-aba\/","og_locale":"pt_PT","og_type":"article","og_title":"Mopa de microfibra azul de 40 cm com aba","og_description":"Mopa de microfibra azul de 40 cm com aba. Elevada absor\u00e7\u00e3o, fixa\u00e7\u00e3o f\u00e1cil e ideal para a limpeza profissional de pavimentos.","og_url":"https:\/\/www.csj-emballages.com\/pt-pt\/produit\/mopa-de-microfibra-azul-de-40-cm-com-aba\/","og_site_name":"CSJ Emballages","article_publisher":"https:\/\/www.facebook.com\/csjemballages","article_modified_time":"2026-04-29T00:11:14+00:00","og_image":[{"width":800,"height":800,"url":"https:\/\/www.csj-emballages.com\/wp-content\/uploads\/2024\/03\/6363.webp","type":"image\/webp"}],"twitter_card":"summary_large_image","twitter_misc":{"Tempo estimado de leitura":"2 minutos"},"schema":{"@context":"https:\/\/schema.org","@graph":[{"@type":"WebPage","@id":"https:\/\/www.csj-emballages.com\/pt-pt\/produit\/mopa-de-microfibra-azul-de-40-cm-com-aba\/","url":"https:\/\/www.csj-emballages.com\/pt-pt\/produit\/mopa-de-microfibra-azul-de-40-cm-com-aba\/","name":"Mopa de Microfibra Azul de 40 cm com Aba","isPartOf":{"@id":"https:\/\/www.csj-emballages.com\/pt-pt\/#website"},"primaryImageOfPage":{"@id":"https:\/\/www.csj-emballages.com\/pt-pt\/produit\/mopa-de-microfibra-azul-de-40-cm-com-aba\/#primaryimage"},"image":{"@id":"https:\/\/www.csj-emballages.com\/pt-pt\/produit\/mopa-de-microfibra-azul-de-40-cm-com-aba\/#primaryimage"},"thumbnailUrl":"https:\/\/www.csj-emballages.com\/wp-content\/uploads\/2024\/03\/6363.webp","datePublished":"2026-02-05T10:18:17+00:00","dateModified":"2026-04-29T00:11:14+00:00","description":"Mopa de microfibra azul de 40 cm com aba. Elevada absor\u00e7\u00e3o, fixa\u00e7\u00e3o f\u00e1cil e ideal para a limpeza profissional de pavimentos.","breadcrumb":{"@id":"https:\/\/www.csj-emballages.com\/pt-pt\/produit\/mopa-de-microfibra-azul-de-40-cm-com-aba\/#breadcrumb"},"inLanguage":"pt-PT","potentialAction":[{"@type":"ReadAction","target":["https:\/\/www.csj-emballages.com\/pt-pt\/produit\/mopa-de-microfibra-azul-de-40-cm-com-aba\/"]}]},{"@type":"ImageObject","inLanguage":"pt-PT","@id":"https:\/\/www.csj-emballages.com\/pt-pt\/produit\/mopa-de-microfibra-azul-de-40-cm-com-aba\/#primaryimage","url":"https:\/\/www.csj-emballages.com\/wp-content\/uploads\/2024\/03\/6363.webp","contentUrl":"https:\/\/www.csj-emballages.com\/wp-content\/uploads\/2024\/03\/6363.webp","width":800,"height":800,"caption":"Frange microfibre"},{"@type":"BreadcrumbList","@id":"https:\/\/www.csj-emballages.com\/pt-pt\/produit\/mopa-de-microfibra-azul-de-40-cm-com-aba\/#breadcrumb","itemListElement":[{"@type":"ListItem","position":1,"name":"Acolhimento","item":"https:\/\/www.csj-emballages.com\/pt-pt\/universo-das-embalagens-alimentares\/"},{"@type":"ListItem","position":2,"name":"Shop","item":"https:\/\/www.csj-emballages.com\/shop\/"},{"@type":"ListItem","position":3,"name":"Mopa de microfibra azul de 40 cm com aba"}]},{"@type":"WebSite","@id":"https:\/\/www.csj-emballages.com\/pt-pt\/#website","url":"https:\/\/www.csj-emballages.com\/pt-pt\/","name":"CSJ Emballages","description":"","publisher":{"@id":"https:\/\/www.csj-emballages.com\/pt-pt\/#organization"},"potentialAction":[{"@type":"SearchAction","target":{"@type":"EntryPoint","urlTemplate":"https:\/\/www.csj-emballages.com\/pt-pt\/?s={search_term_string}"},"query-input":{"@type":"PropertyValueSpecification","valueRequired":true,"valueName":"search_term_string"}}],"inLanguage":"pt-PT"},{"@type":"Organization","@id":"https:\/\/www.csj-emballages.com\/pt-pt\/#Organization\/","name":"CSJ Emballages","url":"https:\/\/www.csj-emballages.com\/pt-pt\/","logo":{"@type":"ImageObject","inLanguage":"pt-PT","@id":"https:\/\/www.csj-emballages.com\/pt-pt\/#\/schema\/logo\/image\/","url":"https:\/\/www.csj-emballages.com\/wp-content\/uploads\/2023\/10\/logo_csj.webp","contentUrl":"https:\/\/www.csj-emballages.com\/wp-content\/uploads\/2023\/10\/logo_csj.webp","width":250,"height":95,"caption":"CSJ Emballages"},"image":{"@id":"https:\/\/www.csj-emballages.com\/pt-pt\/#\/schema\/logo\/image\/"},"sameAs":["https:\/\/www.facebook.com\/csjemballages"],"address":{"@type":"PostalAddress","streetAddress":"ZI La Lechere","addressLocality":"Patornay","postalCode":"39130","addressCountry":"FR"},"contactPoint":[{"@type":"ContactPoint","contactType":"Service client","telephone":"0384254272","email":"contact@csj-emballages.com"}]}]}},"df_price":1.7,"df_sale_price":1.7,"df_regular_price":2.12,"df_image_link":"https:\/\/www.csj-emballages.com\/wp-content\/uploads\/2024\/03\/6363-300x300.webp","tiered_pricing_type":"fixed","tiered_pricing_fixed_rules":[],"tiered_pricing_percentage_rules":[],"tiered_pricing_minimum":1,"tiered_pricing_roles_data":[],"_links":{"self":[{"href":"https:\/\/www.csj-emballages.com\/pt-pt\/wp-json\/wp\/v2\/product\/263678","targetHints":{"allow":["GET"]}}],"collection":[{"href":"https:\/\/www.csj-emballages.com\/pt-pt\/wp-json\/wp\/v2\/product"}],"about":[{"href":"https:\/\/www.csj-emballages.com\/pt-pt\/wp-json\/wp\/v2\/types\/product"}],"wp:featuredmedia":[{"embeddable":true,"href":"https:\/\/www.csj-emballages.com\/pt-pt\/wp-json\/wp\/v2\/media\/221428"}],"wp:attachment":[{"href":"https:\/\/www.csj-emballages.com\/pt-pt\/wp-json\/wp\/v2\/media?parent=263678"}],"wp:term":[{"taxonomy":"product_brand","embeddable":true,"href":"https:\/\/www.csj-emballages.com\/pt-pt\/wp-json\/wp\/v2\/product_brand?post=263678"},{"taxonomy":"product_cat","embeddable":true,"href":"https:\/\/www.csj-emballages.com\/pt-pt\/wp-json\/wp\/v2\/product_cat?post=263678"},{"taxonomy":"product_tag","embeddable":true,"href":"https:\/\/www.csj-emballages.com\/pt-pt\/wp-json\/wp\/v2\/product_tag?post=263678"}],"curies":[{"name":"wp","href":"https:\/\/api.w.org\/{rel}","templated":true}]}}