{"id":263633,"date":"2026-01-30T11:18:15","date_gmt":"2026-01-30T10:18:15","guid":{"rendered":"https:\/\/www.csj-emballages.com\/produit\/tampa-de-plastico-pet-para-copo-de-gelado-pga120-por-50\/"},"modified":"2026-05-16T02:12:45","modified_gmt":"2026-05-16T00:12:45","slug":"tampa-de-plastico-pet-para-copo-de-gelado-pga120-por-50","status":"publish","type":"product","link":"https:\/\/www.csj-emballages.com\/pt-pt\/produit\/tampa-de-plastico-pet-para-copo-de-gelado-pga120-por-50\/","title":{"rendered":"Tampa de pl\u00e1stico PET para copo de gelado PGA120 por 50"},"content":{"rendered":"<h2 data-start=\"255\" data-end=\"576\">Tampa de pl\u00e1stico PET<\/h2>\n<hr>\n<h3 data-start=\"255\" data-end=\"576\">Descubra a nossa tampa de pl\u00e1stico PET para copo de gelado PGA120 por 50<\/h3>\n<p data-start=\"255\" data-end=\"576\"><!--more--><\/p>\n<p data-start=\"255\" data-end=\"576\">A <strong>tampa de pl\u00e1stico PET para copo de gelado PGA120<\/strong> foi concebida para garantir um fecho fi\u00e1vel e higi\u00e9nico dos <strong>copos de gelado<\/strong>, <strong>sorvetes e sobremesas frias<\/strong>. Especialmente adaptada ao <strong>copo de gelado <span style=\"color: #d12727;\"><a style=\"color: #d12727;\" href=\"https:\/\/www.csj-emballages.com\/pt-pt\/produit\/frasco-de-gelo-de-cartao-branco-120-ml-por-50\/\">PGA120<\/a><\/span><\/strong>, garante uma compatibilidade perfeita e uma fixa\u00e7\u00e3o segura durante o armazenamento, o transporte ou a venda para levar. <\/p>\n<p data-start=\"578\" data-end=\"989\">Fabricada em <strong>pl\u00e1stico PET transparente<\/strong> de qualidade alimentar, esta <strong>tampa PET<\/strong> oferece uma excelente rigidez, mantendo-se leve. A sua <strong>transpar\u00eancia<\/strong> permite visualizar facilmente o conte\u00fado do copo, valorizando as prepara\u00e7\u00f5es e tranquilizando o cliente quanto \u00e0 qualidade e frescura do produto. \u00c9 ideal para <strong>gelatarias, pastelarias, empresas de catering, restaurantes e profissionais de venda para levar<\/strong>.  <\/p>\n<p data-start=\"991\" data-end=\"1289\">O <strong>sistema de encaixe<\/strong> preciso garante um fecho eficaz, limitando os riscos de fugas, derrames ou contamina\u00e7\u00e3o externa. Contribui tamb\u00e9m para preservar a textura e a frescura das sobremesas frias, nomeadamente durante o transporte ou a conserva\u00e7\u00e3o em vitrina refrigerada. <\/p>\n<p data-start=\"1291\" data-end=\"1620\">Pr\u00e1tica e simples de utilizar, a <strong>tampa PET<\/strong> para <strong>copo de gelado <span style=\"color: #d12727;\"><a style=\"color: #d12727;\" href=\"https:\/\/www.csj-emballages.com\/pt-pt\/produit\/frasco-de-gelo-de-cartao-branco-120-ml-por-50\/\">PGA120<\/a><\/span><\/strong> permite poupar tempo durante o servi\u00e7o e melhora a organiza\u00e7\u00e3o no ponto de venda. Acondicionada em <strong>lotes de 50 unidades<\/strong>, \u00e9 perfeitamente adequada \u00e0s necessidades das pequenas e m\u00e9dias estruturas ou a uma utiliza\u00e7\u00e3o pontual durante os picos de atividade sazonais. <\/p>\n<p data-start=\"1291\" data-end=\"1620\"><!--more--><\/p>\n<h4 data-start=\"1291\" data-end=\"1620\">Vantagens :<\/h4>\n<ul>\n<li data-start=\"1658\" data-end=\"1710\">Compatibilidade perfeita com o <strong>copo de gelado PGA120<\/strong>.<\/li>\n<li data-start=\"1713\" data-end=\"1756\"><strong>Pl\u00e1stico PET<\/strong> adequado para contacto com alimentos.<\/li>\n<li data-start=\"1759\" data-end=\"1814\"><strong>Transpar\u00eancia<\/strong> para valorizar as prepara\u00e7\u00f5es.<\/li>\n<li data-start=\"1817\" data-end=\"1857\">Fecho seguro e fixa\u00e7\u00e3o fi\u00e1vel.<\/li>\n<li data-start=\"1860\" data-end=\"1900\">Limita as fugas e os derrames.<\/li>\n<li data-start=\"1903\" data-end=\"1940\">Leve, r\u00edgida e f\u00e1cil de manusear.<\/li>\n<li data-start=\"1943\" data-end=\"1988\">Adequada para a venda para levar e para o armazenamento.<\/li>\n<li data-start=\"1991\" data-end=\"2035\">Acondicionamento pr\u00e1tico por <strong>50 tampas<\/strong>.<\/li>\n<\/ul>\n<p>&nbsp;<\/p>\n<p><!--more--><\/p>\n<h4>Outras informa\u00e7\u00f5es :<\/h4>\n<ul>\n<li><strong>Embalagem<\/strong>: Pacote de 50<\/li>\n<li><strong>Di\u00e2metro<\/strong>: 76 mm<\/li>\n<li><strong>Cor<\/strong>: Transparente<\/li>\n<li><strong>Material<\/strong>: Polietileno (PET)<\/li>\n<\/ul>\n<p>&nbsp;<\/p>\n<p><!--more--><\/p>\n<p>Encontre aqui o nosso copo de gelado compat\u00edvel com esta tampa de pl\u00e1stico PET: <span style=\"color: #d12727;\"><a style=\"color: #d12727;\" href=\"https:\/\/www.csj-emballages.com\/pt-pt\/produit\/frasco-de-gelo-de-cartao-branco-120-ml-por-50\/\">PGA120<\/a><\/span><\/p>\n<p>&nbsp;<\/p>\n<p><!--more--><\/p>\n<p><a href=\"https:\/\/www.csj-emballages.com\/pt-pt\/categorie-produit\/embalagem-de-alimentos\/restauracao\/tachos-tigelas-suportes-para-copos\/potes-kraft\/recipientes-para-gelados\/\">Ver o resto da nossa gama de potes para gelados<\/a><\/p>\n","protected":false},"excerpt":{"rendered":"<p>Tampa de pl\u00e1stico PET Descubra a nossa tampa de pl\u00e1stico PET para copo de gelado PGA120 por 50<\/p>\n","protected":false},"featured_media":263629,"template":"","meta":{"_acf_changed":false},"product_brand":[],"product_cat":[1141,1138,3927,1250,9209],"product_tag":[],"class_list":{"0":"post-263633","1":"product","2":"type-product","3":"status-publish","4":"has-post-thumbnail","6":"product_cat-embalagem-de-alimentos","7":"product_cat-restauracao","8":"product_cat-tachos-tigelas-suportes-para-copos","9":"product_cat-potes-kraft","10":"product_cat-recipientes-para-gelados","12":"first","13":"instock","14":"taxable","15":"shipping-taxable","16":"purchasable","17":"product-type-simple"},"acf":[],"yoast_head":"<!-- This site is optimized with the Yoast SEO Premium plugin v26.6 (Yoast SEO v26.6) - https:\/\/yoast.com\/wordpress\/plugins\/seo\/ -->\n<title>Tampa de Pl\u00e1stico PET para Copo de Gelado PGA120 por 50<\/title>\n<meta name=\"description\" content=\"Tampa de pl\u00e1stico PET para copo de gelado PGA120 por 50. Fecho seguro, transparente e ideal para gelados e sobremesas frias.\" \/>\n<meta name=\"robots\" content=\"index, follow, max-snippet:-1, max-image-preview:large, max-video-preview:-1\" \/>\n<link rel=\"canonical\" href=\"https:\/\/www.csj-emballages.com\/pt-pt\/produit\/tampa-de-plastico-pet-para-copo-de-gelado-pga120-por-50\/\" \/>\n<meta property=\"og:locale\" content=\"pt_PT\" \/>\n<meta property=\"og:type\" content=\"article\" \/>\n<meta property=\"og:title\" content=\"Tampa de pl\u00e1stico PET para copo de gelado PGA120 por 50\" \/>\n<meta property=\"og:description\" content=\"Tampa de pl\u00e1stico PET para copo de gelado PGA120 por 50. Fecho seguro, transparente e ideal para gelados e sobremesas frias.\" \/>\n<meta property=\"og:url\" content=\"https:\/\/www.csj-emballages.com\/pt-pt\/produit\/tampa-de-plastico-pet-para-copo-de-gelado-pga120-por-50\/\" \/>\n<meta property=\"og:site_name\" content=\"CSJ Emballages\" \/>\n<meta property=\"article:publisher\" content=\"https:\/\/www.facebook.com\/csjemballages\" \/>\n<meta property=\"article:modified_time\" content=\"2026-05-16T00:12:45+00:00\" \/>\n<meta property=\"og:image\" content=\"https:\/\/www.csj-emballages.com\/wp-content\/uploads\/2026\/01\/COUVPGA120.webp\" \/>\n\t<meta property=\"og:image:width\" content=\"800\" \/>\n\t<meta property=\"og:image:height\" content=\"800\" \/>\n\t<meta property=\"og:image:type\" content=\"image\/webp\" \/>\n<meta name=\"twitter:card\" content=\"summary_large_image\" \/>\n<meta name=\"twitter:label1\" content=\"Tempo estimado de leitura\" \/>\n\t<meta name=\"twitter:data1\" content=\"2 minutos\" \/>\n<script type=\"application\/ld+json\" class=\"yoast-schema-graph\">{\"@context\":\"https:\/\/schema.org\",\"@graph\":[{\"@type\":\"WebPage\",\"@id\":\"https:\/\/www.csj-emballages.com\/pt-pt\/produit\/tampa-de-plastico-pet-para-copo-de-gelado-pga120-por-50\/\",\"url\":\"https:\/\/www.csj-emballages.com\/pt-pt\/produit\/tampa-de-plastico-pet-para-copo-de-gelado-pga120-por-50\/\",\"name\":\"Tampa de Pl\u00e1stico PET para Copo de Gelado PGA120 por 50\",\"isPartOf\":{\"@id\":\"https:\/\/www.csj-emballages.com\/pt-pt\/#website\"},\"primaryImageOfPage\":{\"@id\":\"https:\/\/www.csj-emballages.com\/pt-pt\/produit\/tampa-de-plastico-pet-para-copo-de-gelado-pga120-por-50\/#primaryimage\"},\"image\":{\"@id\":\"https:\/\/www.csj-emballages.com\/pt-pt\/produit\/tampa-de-plastico-pet-para-copo-de-gelado-pga120-por-50\/#primaryimage\"},\"thumbnailUrl\":\"https:\/\/www.csj-emballages.com\/wp-content\/uploads\/2026\/01\/COUVPGA120.webp\",\"datePublished\":\"2026-01-30T10:18:15+00:00\",\"dateModified\":\"2026-05-16T00:12:45+00:00\",\"description\":\"Tampa de pl\u00e1stico PET para copo de gelado PGA120 por 50. Fecho seguro, transparente e ideal para gelados e sobremesas frias.\",\"breadcrumb\":{\"@id\":\"https:\/\/www.csj-emballages.com\/pt-pt\/produit\/tampa-de-plastico-pet-para-copo-de-gelado-pga120-por-50\/#breadcrumb\"},\"inLanguage\":\"pt-PT\",\"potentialAction\":[{\"@type\":\"ReadAction\",\"target\":[\"https:\/\/www.csj-emballages.com\/pt-pt\/produit\/tampa-de-plastico-pet-para-copo-de-gelado-pga120-por-50\/\"]}]},{\"@type\":\"ImageObject\",\"inLanguage\":\"pt-PT\",\"@id\":\"https:\/\/www.csj-emballages.com\/pt-pt\/produit\/tampa-de-plastico-pet-para-copo-de-gelado-pga120-por-50\/#primaryimage\",\"url\":\"https:\/\/www.csj-emballages.com\/wp-content\/uploads\/2026\/01\/COUVPGA120.webp\",\"contentUrl\":\"https:\/\/www.csj-emballages.com\/wp-content\/uploads\/2026\/01\/COUVPGA120.webp\",\"width\":800,\"height\":800,\"caption\":\"Couvercle plastique PET\"},{\"@type\":\"BreadcrumbList\",\"@id\":\"https:\/\/www.csj-emballages.com\/pt-pt\/produit\/tampa-de-plastico-pet-para-copo-de-gelado-pga120-por-50\/#breadcrumb\",\"itemListElement\":[{\"@type\":\"ListItem\",\"position\":1,\"name\":\"Acolhimento\",\"item\":\"https:\/\/www.csj-emballages.com\/pt-pt\/universo-das-embalagens-alimentares\/\"},{\"@type\":\"ListItem\",\"position\":2,\"name\":\"Shop\",\"item\":\"https:\/\/www.csj-emballages.com\/shop\/\"},{\"@type\":\"ListItem\",\"position\":3,\"name\":\"Tampa de pl\u00e1stico PET para copo de gelado PGA120 por 50\"}]},{\"@type\":\"WebSite\",\"@id\":\"https:\/\/www.csj-emballages.com\/pt-pt\/#website\",\"url\":\"https:\/\/www.csj-emballages.com\/pt-pt\/\",\"name\":\"CSJ Emballages\",\"description\":\"\",\"publisher\":{\"@id\":\"https:\/\/www.csj-emballages.com\/pt-pt\/#organization\"},\"potentialAction\":[{\"@type\":\"SearchAction\",\"target\":{\"@type\":\"EntryPoint\",\"urlTemplate\":\"https:\/\/www.csj-emballages.com\/pt-pt\/?s={search_term_string}\"},\"query-input\":{\"@type\":\"PropertyValueSpecification\",\"valueRequired\":true,\"valueName\":\"search_term_string\"}}],\"inLanguage\":\"pt-PT\"},{\"@type\":\"Organization\",\"@id\":\"https:\/\/www.csj-emballages.com\/pt-pt\/#Organization\/\",\"name\":\"CSJ Emballages\",\"url\":\"https:\/\/www.csj-emballages.com\/pt-pt\/\",\"logo\":{\"@type\":\"ImageObject\",\"inLanguage\":\"pt-PT\",\"@id\":\"https:\/\/www.csj-emballages.com\/pt-pt\/#\/schema\/logo\/image\/\",\"url\":\"https:\/\/www.csj-emballages.com\/wp-content\/uploads\/2023\/10\/logo_csj.webp\",\"contentUrl\":\"https:\/\/www.csj-emballages.com\/wp-content\/uploads\/2023\/10\/logo_csj.webp\",\"width\":250,\"height\":95,\"caption\":\"CSJ Emballages\"},\"image\":{\"@id\":\"https:\/\/www.csj-emballages.com\/pt-pt\/#\/schema\/logo\/image\/\"},\"sameAs\":[\"https:\/\/www.facebook.com\/csjemballages\"],\"address\":{\"@type\":\"PostalAddress\",\"streetAddress\":\"ZI La Lechere\",\"addressLocality\":\"Patornay\",\"postalCode\":\"39130\",\"addressCountry\":\"FR\"},\"contactPoint\":[{\"@type\":\"ContactPoint\",\"contactType\":\"Service client\",\"telephone\":\"0384254272\",\"email\":\"contact@csj-emballages.com\"}]}]}<\/script>\n<!-- \/ Yoast SEO Premium plugin. -->","yoast_head_json":{"title":"Tampa de Pl\u00e1stico PET para Copo de Gelado PGA120 por 50","description":"Tampa de pl\u00e1stico PET para copo de gelado PGA120 por 50. Fecho seguro, transparente e ideal para gelados e sobremesas frias.","robots":{"index":"index","follow":"follow","max-snippet":"max-snippet:-1","max-image-preview":"max-image-preview:large","max-video-preview":"max-video-preview:-1"},"canonical":"https:\/\/www.csj-emballages.com\/pt-pt\/produit\/tampa-de-plastico-pet-para-copo-de-gelado-pga120-por-50\/","og_locale":"pt_PT","og_type":"article","og_title":"Tampa de pl\u00e1stico PET para copo de gelado PGA120 por 50","og_description":"Tampa de pl\u00e1stico PET para copo de gelado PGA120 por 50. Fecho seguro, transparente e ideal para gelados e sobremesas frias.","og_url":"https:\/\/www.csj-emballages.com\/pt-pt\/produit\/tampa-de-plastico-pet-para-copo-de-gelado-pga120-por-50\/","og_site_name":"CSJ Emballages","article_publisher":"https:\/\/www.facebook.com\/csjemballages","article_modified_time":"2026-05-16T00:12:45+00:00","og_image":[{"width":800,"height":800,"url":"https:\/\/www.csj-emballages.com\/wp-content\/uploads\/2026\/01\/COUVPGA120.webp","type":"image\/webp"}],"twitter_card":"summary_large_image","twitter_misc":{"Tempo estimado de leitura":"2 minutos"},"schema":{"@context":"https:\/\/schema.org","@graph":[{"@type":"WebPage","@id":"https:\/\/www.csj-emballages.com\/pt-pt\/produit\/tampa-de-plastico-pet-para-copo-de-gelado-pga120-por-50\/","url":"https:\/\/www.csj-emballages.com\/pt-pt\/produit\/tampa-de-plastico-pet-para-copo-de-gelado-pga120-por-50\/","name":"Tampa de Pl\u00e1stico PET para Copo de Gelado PGA120 por 50","isPartOf":{"@id":"https:\/\/www.csj-emballages.com\/pt-pt\/#website"},"primaryImageOfPage":{"@id":"https:\/\/www.csj-emballages.com\/pt-pt\/produit\/tampa-de-plastico-pet-para-copo-de-gelado-pga120-por-50\/#primaryimage"},"image":{"@id":"https:\/\/www.csj-emballages.com\/pt-pt\/produit\/tampa-de-plastico-pet-para-copo-de-gelado-pga120-por-50\/#primaryimage"},"thumbnailUrl":"https:\/\/www.csj-emballages.com\/wp-content\/uploads\/2026\/01\/COUVPGA120.webp","datePublished":"2026-01-30T10:18:15+00:00","dateModified":"2026-05-16T00:12:45+00:00","description":"Tampa de pl\u00e1stico PET para copo de gelado PGA120 por 50. Fecho seguro, transparente e ideal para gelados e sobremesas frias.","breadcrumb":{"@id":"https:\/\/www.csj-emballages.com\/pt-pt\/produit\/tampa-de-plastico-pet-para-copo-de-gelado-pga120-por-50\/#breadcrumb"},"inLanguage":"pt-PT","potentialAction":[{"@type":"ReadAction","target":["https:\/\/www.csj-emballages.com\/pt-pt\/produit\/tampa-de-plastico-pet-para-copo-de-gelado-pga120-por-50\/"]}]},{"@type":"ImageObject","inLanguage":"pt-PT","@id":"https:\/\/www.csj-emballages.com\/pt-pt\/produit\/tampa-de-plastico-pet-para-copo-de-gelado-pga120-por-50\/#primaryimage","url":"https:\/\/www.csj-emballages.com\/wp-content\/uploads\/2026\/01\/COUVPGA120.webp","contentUrl":"https:\/\/www.csj-emballages.com\/wp-content\/uploads\/2026\/01\/COUVPGA120.webp","width":800,"height":800,"caption":"Couvercle plastique PET"},{"@type":"BreadcrumbList","@id":"https:\/\/www.csj-emballages.com\/pt-pt\/produit\/tampa-de-plastico-pet-para-copo-de-gelado-pga120-por-50\/#breadcrumb","itemListElement":[{"@type":"ListItem","position":1,"name":"Acolhimento","item":"https:\/\/www.csj-emballages.com\/pt-pt\/universo-das-embalagens-alimentares\/"},{"@type":"ListItem","position":2,"name":"Shop","item":"https:\/\/www.csj-emballages.com\/shop\/"},{"@type":"ListItem","position":3,"name":"Tampa de pl\u00e1stico PET para copo de gelado PGA120 por 50"}]},{"@type":"WebSite","@id":"https:\/\/www.csj-emballages.com\/pt-pt\/#website","url":"https:\/\/www.csj-emballages.com\/pt-pt\/","name":"CSJ Emballages","description":"","publisher":{"@id":"https:\/\/www.csj-emballages.com\/pt-pt\/#organization"},"potentialAction":[{"@type":"SearchAction","target":{"@type":"EntryPoint","urlTemplate":"https:\/\/www.csj-emballages.com\/pt-pt\/?s={search_term_string}"},"query-input":{"@type":"PropertyValueSpecification","valueRequired":true,"valueName":"search_term_string"}}],"inLanguage":"pt-PT"},{"@type":"Organization","@id":"https:\/\/www.csj-emballages.com\/pt-pt\/#Organization\/","name":"CSJ Emballages","url":"https:\/\/www.csj-emballages.com\/pt-pt\/","logo":{"@type":"ImageObject","inLanguage":"pt-PT","@id":"https:\/\/www.csj-emballages.com\/pt-pt\/#\/schema\/logo\/image\/","url":"https:\/\/www.csj-emballages.com\/wp-content\/uploads\/2023\/10\/logo_csj.webp","contentUrl":"https:\/\/www.csj-emballages.com\/wp-content\/uploads\/2023\/10\/logo_csj.webp","width":250,"height":95,"caption":"CSJ Emballages"},"image":{"@id":"https:\/\/www.csj-emballages.com\/pt-pt\/#\/schema\/logo\/image\/"},"sameAs":["https:\/\/www.facebook.com\/csjemballages"],"address":{"@type":"PostalAddress","streetAddress":"ZI La Lechere","addressLocality":"Patornay","postalCode":"39130","addressCountry":"FR"},"contactPoint":[{"@type":"ContactPoint","contactType":"Service client","telephone":"0384254272","email":"contact@csj-emballages.com"}]}]}},"df_price":2.66,"df_sale_price":"","df_regular_price":2.66,"df_image_link":"https:\/\/www.csj-emballages.com\/wp-content\/uploads\/2026\/01\/COUVPGA120-300x300.webp","tiered_pricing_type":"fixed","tiered_pricing_fixed_rules":[],"tiered_pricing_percentage_rules":[],"tiered_pricing_minimum":1,"tiered_pricing_roles_data":[],"_links":{"self":[{"href":"https:\/\/www.csj-emballages.com\/pt-pt\/wp-json\/wp\/v2\/product\/263633","targetHints":{"allow":["GET"]}}],"collection":[{"href":"https:\/\/www.csj-emballages.com\/pt-pt\/wp-json\/wp\/v2\/product"}],"about":[{"href":"https:\/\/www.csj-emballages.com\/pt-pt\/wp-json\/wp\/v2\/types\/product"}],"wp:featuredmedia":[{"embeddable":true,"href":"https:\/\/www.csj-emballages.com\/pt-pt\/wp-json\/wp\/v2\/media\/263629"}],"wp:attachment":[{"href":"https:\/\/www.csj-emballages.com\/pt-pt\/wp-json\/wp\/v2\/media?parent=263633"}],"wp:term":[{"taxonomy":"product_brand","embeddable":true,"href":"https:\/\/www.csj-emballages.com\/pt-pt\/wp-json\/wp\/v2\/product_brand?post=263633"},{"taxonomy":"product_cat","embeddable":true,"href":"https:\/\/www.csj-emballages.com\/pt-pt\/wp-json\/wp\/v2\/product_cat?post=263633"},{"taxonomy":"product_tag","embeddable":true,"href":"https:\/\/www.csj-emballages.com\/pt-pt\/wp-json\/wp\/v2\/product_tag?post=263633"}],"curies":[{"name":"wp","href":"https:\/\/api.w.org\/{rel}","templated":true}]}}