{"id":263622,"date":"2025-12-15T14:18:36","date_gmt":"2025-12-15T13:18:36","guid":{"rendered":"https:\/\/www.csj-emballages.com\/produit\/suporte-magnetico-de-bolso-40-cm\/"},"modified":"2026-03-14T02:14:15","modified_gmt":"2026-03-14T01:14:15","slug":"suporte-magnetico-de-bolso-40-cm","status":"publish","type":"product","link":"https:\/\/www.csj-emballages.com\/pt-pt\/produit\/suporte-magnetico-de-bolso-40-cm\/","title":{"rendered":"Suporte magn\u00e9tico de bolso 40 cm"},"content":{"rendered":"<h2 data-start=\"234\" data-end=\"697\">Suporte magn\u00e9tico de bolso<\/h2>\n<hr>\n<h3 data-start=\"234\" data-end=\"697\">Descubra o nosso suporte magn\u00e9tico de bolso 40 cm<\/h3>\n<p data-start=\"234\" data-end=\"697\"><!--more--><\/p>\n<p data-start=\"234\" data-end=\"697\">O <strong>suporte magn\u00e9tico de bolso de 40 cm<\/strong> foi concebido para facilitar e otimizar a <strong>lavagem de pavimentos em ambientes profissionais<\/strong>. Gra\u00e7as ao seu inovador sistema de <strong>fecho magn\u00e9tico<\/strong>, permite fixar a <strong>mopa de bolso<\/strong> de forma r\u00e1pida e sem esfor\u00e7o. Ao contr\u00e1rio dos suportes cl\u00e1ssicos de pedal, este sistema evita os solavancos repetidos durante a coloca\u00e7\u00e3o ou remo\u00e7\u00e3o da mopa, melhorando assim o conforto de utiliza\u00e7\u00e3o e reduzindo a fadiga do utilizador.  <\/p>\n<p data-start=\"699\" data-end=\"1109\">Com uma <strong>largura de 40 cm<\/strong>, este <strong>suporte<\/strong> \u00e9 perfeitamente adequado para a limpeza de superf\u00edcies m\u00e9dias a grandes, seja em <strong>escrit\u00f3rios, lojas, estabelecimentos de sa\u00fade, coletividades ou ambientes industriais<\/strong>. O seu formato oferece um bom compromisso entre manobrabilidade e efic\u00e1cia, permitindo cobrir uma superf\u00edcie significativa, mantendo uma excelente precis\u00e3o em \u00e1reas de dif\u00edcil acesso. <\/p>\n<p data-start=\"1111\" data-end=\"1381\">O <strong>suporte<\/strong> est\u00e1 equipado com eixos met\u00e1licos inquebr\u00e1veis, garantindo grande robustez e maior longevidade, mesmo em caso de utiliza\u00e7\u00e3o intensiva. Este design s\u00f3lido torna-o uma ferramenta fi\u00e1vel para profissionais que procuram material dur\u00e1vel e de alto desempenho. <\/p>\n<p data-start=\"1383\" data-end=\"1674\"><strong>Compat\u00edvel com mopas de bolso<\/strong>, o <strong>suporte magn\u00e9tico de bolso de 40 cm<\/strong> integra-se facilmente nos protocolos de limpeza existentes. Contribui para melhorar a produtividade, reduzindo o tempo de manuseamento e garantindo uma fixa\u00e7\u00e3o est\u00e1vel e segura da mopa durante toda a lavagem. <\/p>\n<p data-start=\"1383\" data-end=\"1674\"><!--more--><\/p>\n<h4 data-start=\"1383\" data-end=\"1674\">Vantagens :<\/h4>\n<ul>\n<li data-start=\"1712\" data-end=\"1759\">Fecho magn\u00e9tico r\u00e1pido e sem esfor\u00e7o.<\/li>\n<li data-start=\"1762\" data-end=\"1808\">Evita os solavancos associados aos sistemas de pedal.<\/li>\n<li data-start=\"1811\" data-end=\"1866\"><strong>Largura 40 cm<\/strong> ideal para superf\u00edcies m\u00e9dias a grandes.<\/li>\n<li data-start=\"1869\" data-end=\"1903\">Compat\u00edvel com <strong>mopas de bolso<\/strong>.<\/li>\n<li data-start=\"1906\" data-end=\"1963\">Eixos met\u00e1licos inquebr\u00e1veis para grande durabilidade.<\/li>\n<li data-start=\"1966\" data-end=\"2006\">Conforto de utiliza\u00e7\u00e3o e poupan\u00e7a de tempo.<\/li>\n<li data-start=\"2009\" data-end=\"2052\">Adequado para uso profissional intensivo.<\/li>\n<\/ul>\n<p>&nbsp;<\/p>\n<p><!--more--><\/p>\n<h4>Outras informa\u00e7\u00f5es :<\/h4>\n<ul>\n<li><strong>Embalagem<\/strong>: Por unidade<\/li>\n<li><strong>Dimens\u00f5es<\/strong>: 40 x 10 cm<\/li>\n<li><strong>Cor<\/strong>: Azul \/ Vermelho<\/li>\n<li><strong>Material<\/strong>: Polipropileno + eixos met\u00e1licos<\/li>\n<\/ul>\n<p>&nbsp;<\/p>\n<p><!--more--><\/p>\n<p><a href=\"https:\/\/www.csj-emballages.com\/pt-pt\/categorie-produit\/higiene-e-manutencao\/escovas-e-vassouras\/vassoura-escova-espanador-de-penas\/gama-speedy\/\">Consulte o resto da nossa gama Speedy  <\/a><\/p>\n","protected":false},"excerpt":{"rendered":"<p>Suporte magn\u00e9tico de bolso Descubra o nosso suporte magn\u00e9tico de bolso 40 cm<\/p>\n","protected":false},"featured_media":263614,"template":"","meta":{"_acf_changed":false},"product_brand":[],"product_cat":[1141,1222,1456,1821,1907,10271],"product_tag":[],"class_list":{"0":"post-263622","1":"product","2":"type-product","3":"status-publish","4":"has-post-thumbnail","6":"product_cat-embalagem-de-alimentos","7":"product_cat-higiene-e-manutencao","8":"product_cat-escovas-e-vassouras","9":"product_cat-vassoura-escova-espanador-de-penas","10":"product_cat-gama-speedy","11":"product_cat-apuramento","13":"first","14":"instock","15":"sale","16":"taxable","17":"shipping-taxable","18":"purchasable","19":"product-type-simple"},"acf":[],"yoast_head":"<!-- This site is optimized with the Yoast SEO Premium plugin v26.6 (Yoast SEO v26.6) - https:\/\/yoast.com\/wordpress\/plugins\/seo\/ -->\n<title>Suporte Magn\u00e9tico de Bolso 40 cm<\/title>\n<meta name=\"description\" content=\"Suporte magn\u00e9tico de bolso 40 cm com eixos met\u00e1licos inquebr\u00e1veis. Fecho f\u00e1cil, confort\u00e1vel e ideal para a limpeza profissional.\" \/>\n<meta name=\"robots\" content=\"index, follow, max-snippet:-1, max-image-preview:large, max-video-preview:-1\" \/>\n<link rel=\"canonical\" href=\"https:\/\/www.csj-emballages.com\/pt-pt\/produit\/suporte-magnetico-de-bolso-40-cm\/\" \/>\n<meta property=\"og:locale\" content=\"pt_PT\" \/>\n<meta property=\"og:type\" content=\"article\" \/>\n<meta property=\"og:title\" content=\"Suporte magn\u00e9tico de bolso 40 cm\" \/>\n<meta property=\"og:description\" content=\"Suporte magn\u00e9tico de bolso 40 cm com eixos met\u00e1licos inquebr\u00e1veis. Fecho f\u00e1cil, confort\u00e1vel e ideal para a limpeza profissional.\" \/>\n<meta property=\"og:url\" content=\"https:\/\/www.csj-emballages.com\/pt-pt\/produit\/suporte-magnetico-de-bolso-40-cm\/\" \/>\n<meta property=\"og:site_name\" content=\"CSJ Emballages\" \/>\n<meta property=\"article:publisher\" content=\"https:\/\/www.facebook.com\/csjemballages\" \/>\n<meta property=\"article:modified_time\" content=\"2026-03-14T01:14:15+00:00\" \/>\n<meta property=\"og:image\" content=\"https:\/\/www.csj-emballages.com\/wp-content\/uploads\/2025\/12\/MONTMAG40POCH.webp\" \/>\n\t<meta property=\"og:image:width\" content=\"800\" \/>\n\t<meta property=\"og:image:height\" content=\"800\" \/>\n\t<meta property=\"og:image:type\" content=\"image\/webp\" \/>\n<meta name=\"twitter:card\" content=\"summary_large_image\" \/>\n<meta name=\"twitter:label1\" content=\"Tempo estimado de leitura\" \/>\n\t<meta name=\"twitter:data1\" content=\"2 minutos\" \/>\n<script type=\"application\/ld+json\" class=\"yoast-schema-graph\">{\"@context\":\"https:\/\/schema.org\",\"@graph\":[{\"@type\":\"WebPage\",\"@id\":\"https:\/\/www.csj-emballages.com\/pt-pt\/produit\/suporte-magnetico-de-bolso-40-cm\/\",\"url\":\"https:\/\/www.csj-emballages.com\/pt-pt\/produit\/suporte-magnetico-de-bolso-40-cm\/\",\"name\":\"Suporte Magn\u00e9tico de Bolso 40 cm\",\"isPartOf\":{\"@id\":\"https:\/\/www.csj-emballages.com\/pt-pt\/#website\"},\"primaryImageOfPage\":{\"@id\":\"https:\/\/www.csj-emballages.com\/pt-pt\/produit\/suporte-magnetico-de-bolso-40-cm\/#primaryimage\"},\"image\":{\"@id\":\"https:\/\/www.csj-emballages.com\/pt-pt\/produit\/suporte-magnetico-de-bolso-40-cm\/#primaryimage\"},\"thumbnailUrl\":\"https:\/\/www.csj-emballages.com\/wp-content\/uploads\/2025\/12\/MONTMAG40POCH.webp\",\"datePublished\":\"2025-12-15T13:18:36+00:00\",\"dateModified\":\"2026-03-14T01:14:15+00:00\",\"description\":\"Suporte magn\u00e9tico de bolso 40 cm com eixos met\u00e1licos inquebr\u00e1veis. Fecho f\u00e1cil, confort\u00e1vel e ideal para a limpeza profissional.\",\"breadcrumb\":{\"@id\":\"https:\/\/www.csj-emballages.com\/pt-pt\/produit\/suporte-magnetico-de-bolso-40-cm\/#breadcrumb\"},\"inLanguage\":\"pt-PT\",\"potentialAction\":[{\"@type\":\"ReadAction\",\"target\":[\"https:\/\/www.csj-emballages.com\/pt-pt\/produit\/suporte-magnetico-de-bolso-40-cm\/\"]}]},{\"@type\":\"ImageObject\",\"inLanguage\":\"pt-PT\",\"@id\":\"https:\/\/www.csj-emballages.com\/pt-pt\/produit\/suporte-magnetico-de-bolso-40-cm\/#primaryimage\",\"url\":\"https:\/\/www.csj-emballages.com\/wp-content\/uploads\/2025\/12\/MONTMAG40POCH.webp\",\"contentUrl\":\"https:\/\/www.csj-emballages.com\/wp-content\/uploads\/2025\/12\/MONTMAG40POCH.webp\",\"width\":800,\"height\":800,\"caption\":\"Monture magnet \u00e0 poche\"},{\"@type\":\"BreadcrumbList\",\"@id\":\"https:\/\/www.csj-emballages.com\/pt-pt\/produit\/suporte-magnetico-de-bolso-40-cm\/#breadcrumb\",\"itemListElement\":[{\"@type\":\"ListItem\",\"position\":1,\"name\":\"Acolhimento\",\"item\":\"https:\/\/www.csj-emballages.com\/pt-pt\/universo-das-embalagens-alimentares\/\"},{\"@type\":\"ListItem\",\"position\":2,\"name\":\"Shop\",\"item\":\"https:\/\/www.csj-emballages.com\/shop\/\"},{\"@type\":\"ListItem\",\"position\":3,\"name\":\"Suporte magn\u00e9tico de bolso 40 cm\"}]},{\"@type\":\"WebSite\",\"@id\":\"https:\/\/www.csj-emballages.com\/pt-pt\/#website\",\"url\":\"https:\/\/www.csj-emballages.com\/pt-pt\/\",\"name\":\"CSJ Emballages\",\"description\":\"\",\"publisher\":{\"@id\":\"https:\/\/www.csj-emballages.com\/pt-pt\/#organization\"},\"potentialAction\":[{\"@type\":\"SearchAction\",\"target\":{\"@type\":\"EntryPoint\",\"urlTemplate\":\"https:\/\/www.csj-emballages.com\/pt-pt\/?s={search_term_string}\"},\"query-input\":{\"@type\":\"PropertyValueSpecification\",\"valueRequired\":true,\"valueName\":\"search_term_string\"}}],\"inLanguage\":\"pt-PT\"},{\"@type\":\"Organization\",\"@id\":\"https:\/\/www.csj-emballages.com\/pt-pt\/#Organization\/\",\"name\":\"CSJ Emballages\",\"url\":\"https:\/\/www.csj-emballages.com\/pt-pt\/\",\"logo\":{\"@type\":\"ImageObject\",\"inLanguage\":\"pt-PT\",\"@id\":\"https:\/\/www.csj-emballages.com\/pt-pt\/#\/schema\/logo\/image\/\",\"url\":\"https:\/\/www.csj-emballages.com\/wp-content\/uploads\/2023\/10\/logo_csj.webp\",\"contentUrl\":\"https:\/\/www.csj-emballages.com\/wp-content\/uploads\/2023\/10\/logo_csj.webp\",\"width\":250,\"height\":95,\"caption\":\"CSJ Emballages\"},\"image\":{\"@id\":\"https:\/\/www.csj-emballages.com\/pt-pt\/#\/schema\/logo\/image\/\"},\"sameAs\":[\"https:\/\/www.facebook.com\/csjemballages\"],\"address\":{\"@type\":\"PostalAddress\",\"streetAddress\":\"ZI La Lechere\",\"addressLocality\":\"Patornay\",\"postalCode\":\"39130\",\"addressCountry\":\"FR\"},\"contactPoint\":[{\"@type\":\"ContactPoint\",\"contactType\":\"Service client\",\"telephone\":\"0384254272\",\"email\":\"contact@csj-emballages.com\"}]}]}<\/script>\n<!-- \/ Yoast SEO Premium plugin. -->","yoast_head_json":{"title":"Suporte Magn\u00e9tico de Bolso 40 cm","description":"Suporte magn\u00e9tico de bolso 40 cm com eixos met\u00e1licos inquebr\u00e1veis. Fecho f\u00e1cil, confort\u00e1vel e ideal para a limpeza profissional.","robots":{"index":"index","follow":"follow","max-snippet":"max-snippet:-1","max-image-preview":"max-image-preview:large","max-video-preview":"max-video-preview:-1"},"canonical":"https:\/\/www.csj-emballages.com\/pt-pt\/produit\/suporte-magnetico-de-bolso-40-cm\/","og_locale":"pt_PT","og_type":"article","og_title":"Suporte magn\u00e9tico de bolso 40 cm","og_description":"Suporte magn\u00e9tico de bolso 40 cm com eixos met\u00e1licos inquebr\u00e1veis. Fecho f\u00e1cil, confort\u00e1vel e ideal para a limpeza profissional.","og_url":"https:\/\/www.csj-emballages.com\/pt-pt\/produit\/suporte-magnetico-de-bolso-40-cm\/","og_site_name":"CSJ Emballages","article_publisher":"https:\/\/www.facebook.com\/csjemballages","article_modified_time":"2026-03-14T01:14:15+00:00","og_image":[{"width":800,"height":800,"url":"https:\/\/www.csj-emballages.com\/wp-content\/uploads\/2025\/12\/MONTMAG40POCH.webp","type":"image\/webp"}],"twitter_card":"summary_large_image","twitter_misc":{"Tempo estimado de leitura":"2 minutos"},"schema":{"@context":"https:\/\/schema.org","@graph":[{"@type":"WebPage","@id":"https:\/\/www.csj-emballages.com\/pt-pt\/produit\/suporte-magnetico-de-bolso-40-cm\/","url":"https:\/\/www.csj-emballages.com\/pt-pt\/produit\/suporte-magnetico-de-bolso-40-cm\/","name":"Suporte Magn\u00e9tico de Bolso 40 cm","isPartOf":{"@id":"https:\/\/www.csj-emballages.com\/pt-pt\/#website"},"primaryImageOfPage":{"@id":"https:\/\/www.csj-emballages.com\/pt-pt\/produit\/suporte-magnetico-de-bolso-40-cm\/#primaryimage"},"image":{"@id":"https:\/\/www.csj-emballages.com\/pt-pt\/produit\/suporte-magnetico-de-bolso-40-cm\/#primaryimage"},"thumbnailUrl":"https:\/\/www.csj-emballages.com\/wp-content\/uploads\/2025\/12\/MONTMAG40POCH.webp","datePublished":"2025-12-15T13:18:36+00:00","dateModified":"2026-03-14T01:14:15+00:00","description":"Suporte magn\u00e9tico de bolso 40 cm com eixos met\u00e1licos inquebr\u00e1veis. Fecho f\u00e1cil, confort\u00e1vel e ideal para a limpeza profissional.","breadcrumb":{"@id":"https:\/\/www.csj-emballages.com\/pt-pt\/produit\/suporte-magnetico-de-bolso-40-cm\/#breadcrumb"},"inLanguage":"pt-PT","potentialAction":[{"@type":"ReadAction","target":["https:\/\/www.csj-emballages.com\/pt-pt\/produit\/suporte-magnetico-de-bolso-40-cm\/"]}]},{"@type":"ImageObject","inLanguage":"pt-PT","@id":"https:\/\/www.csj-emballages.com\/pt-pt\/produit\/suporte-magnetico-de-bolso-40-cm\/#primaryimage","url":"https:\/\/www.csj-emballages.com\/wp-content\/uploads\/2025\/12\/MONTMAG40POCH.webp","contentUrl":"https:\/\/www.csj-emballages.com\/wp-content\/uploads\/2025\/12\/MONTMAG40POCH.webp","width":800,"height":800,"caption":"Monture magnet \u00e0 poche"},{"@type":"BreadcrumbList","@id":"https:\/\/www.csj-emballages.com\/pt-pt\/produit\/suporte-magnetico-de-bolso-40-cm\/#breadcrumb","itemListElement":[{"@type":"ListItem","position":1,"name":"Acolhimento","item":"https:\/\/www.csj-emballages.com\/pt-pt\/universo-das-embalagens-alimentares\/"},{"@type":"ListItem","position":2,"name":"Shop","item":"https:\/\/www.csj-emballages.com\/shop\/"},{"@type":"ListItem","position":3,"name":"Suporte magn\u00e9tico de bolso 40 cm"}]},{"@type":"WebSite","@id":"https:\/\/www.csj-emballages.com\/pt-pt\/#website","url":"https:\/\/www.csj-emballages.com\/pt-pt\/","name":"CSJ Emballages","description":"","publisher":{"@id":"https:\/\/www.csj-emballages.com\/pt-pt\/#organization"},"potentialAction":[{"@type":"SearchAction","target":{"@type":"EntryPoint","urlTemplate":"https:\/\/www.csj-emballages.com\/pt-pt\/?s={search_term_string}"},"query-input":{"@type":"PropertyValueSpecification","valueRequired":true,"valueName":"search_term_string"}}],"inLanguage":"pt-PT"},{"@type":"Organization","@id":"https:\/\/www.csj-emballages.com\/pt-pt\/#Organization\/","name":"CSJ Emballages","url":"https:\/\/www.csj-emballages.com\/pt-pt\/","logo":{"@type":"ImageObject","inLanguage":"pt-PT","@id":"https:\/\/www.csj-emballages.com\/pt-pt\/#\/schema\/logo\/image\/","url":"https:\/\/www.csj-emballages.com\/wp-content\/uploads\/2023\/10\/logo_csj.webp","contentUrl":"https:\/\/www.csj-emballages.com\/wp-content\/uploads\/2023\/10\/logo_csj.webp","width":250,"height":95,"caption":"CSJ Emballages"},"image":{"@id":"https:\/\/www.csj-emballages.com\/pt-pt\/#\/schema\/logo\/image\/"},"sameAs":["https:\/\/www.facebook.com\/csjemballages"],"address":{"@type":"PostalAddress","streetAddress":"ZI La Lechere","addressLocality":"Patornay","postalCode":"39130","addressCountry":"FR"},"contactPoint":[{"@type":"ContactPoint","contactType":"Service client","telephone":"0384254272","email":"contact@csj-emballages.com"}]}]}},"df_price":8.58,"df_sale_price":8.58,"df_regular_price":10.73,"df_image_link":"https:\/\/www.csj-emballages.com\/wp-content\/uploads\/2025\/12\/MONTMAG40POCH-300x300.webp","tiered_pricing_type":"fixed","tiered_pricing_fixed_rules":[],"tiered_pricing_percentage_rules":[],"tiered_pricing_minimum":1,"tiered_pricing_roles_data":[],"_links":{"self":[{"href":"https:\/\/www.csj-emballages.com\/pt-pt\/wp-json\/wp\/v2\/product\/263622","targetHints":{"allow":["GET"]}}],"collection":[{"href":"https:\/\/www.csj-emballages.com\/pt-pt\/wp-json\/wp\/v2\/product"}],"about":[{"href":"https:\/\/www.csj-emballages.com\/pt-pt\/wp-json\/wp\/v2\/types\/product"}],"wp:featuredmedia":[{"embeddable":true,"href":"https:\/\/www.csj-emballages.com\/pt-pt\/wp-json\/wp\/v2\/media\/263614"}],"wp:attachment":[{"href":"https:\/\/www.csj-emballages.com\/pt-pt\/wp-json\/wp\/v2\/media?parent=263622"}],"wp:term":[{"taxonomy":"product_brand","embeddable":true,"href":"https:\/\/www.csj-emballages.com\/pt-pt\/wp-json\/wp\/v2\/product_brand?post=263622"},{"taxonomy":"product_cat","embeddable":true,"href":"https:\/\/www.csj-emballages.com\/pt-pt\/wp-json\/wp\/v2\/product_cat?post=263622"},{"taxonomy":"product_tag","embeddable":true,"href":"https:\/\/www.csj-emballages.com\/pt-pt\/wp-json\/wp\/v2\/product_tag?post=263622"}],"curies":[{"name":"wp","href":"https:\/\/api.w.org\/{rel}","templated":true}]}}