{"id":262903,"date":"2026-01-19T14:18:16","date_gmt":"2026-01-19T13:18:16","guid":{"rendered":"https:\/\/www.csj-emballages.com\/produit\/rolo-de-saco-de-vacuo-para-conservacao-gofrado-020-x-6-m-90-%c2%b5-por-2\/"},"modified":"2026-04-29T02:18:53","modified_gmt":"2026-04-29T00:18:53","slug":"rolo-de-saco-de-vacuo-para-conservacao-gofrado-020-x-6-m-90-%c2%b5-por-2","status":"publish","type":"product","link":"https:\/\/www.csj-emballages.com\/pt-pt\/produit\/rolo-de-saco-de-vacuo-para-conservacao-gofrado-020-x-6-m-90-%c2%b5-por-2\/","title":{"rendered":"Rolo de saco de v\u00e1cuo para conserva\u00e7\u00e3o gofrado 0,20 x 6 m 90 \u00b5 por 2"},"content":{"rendered":"<h2>Rolo de saco de v\u00e1cuo<\/h2>\n<hr>\n<h3>Descubra o nosso rolo de saco de v\u00e1cuo para conserva\u00e7\u00e3o gofrado 0,20 x 6 m 90 \u00b5 por 2<\/h3>\n<p><!--more--><\/p>\n<p data-start=\"228\" data-end=\"604\">Estes <strong data-start=\"232\" data-end=\"270\">rolos de sacos de v\u00e1cuo gofrados<\/strong> s\u00e3o perfeitos para quem quer conservar os seus alimentos por mais tempo, sem complicar a vida. Com uma largura de <strong data-start=\"395\" data-end=\"404\">20 cm<\/strong> e um comprimento de <strong data-start=\"424\" data-end=\"436\">6 metros<\/strong>, oferecem uma verdadeira liberdade: corta exatamente o tamanho de que precisa, de acordo com o tipo de alimento a embalar. Chega de desperd\u00edcio, tudo \u00e9 feito \u00e0 medida.  <\/p>\n<p data-start=\"606\" data-end=\"958\">Gra\u00e7as \u00e0 sua <strong data-start=\"619\" data-end=\"640\">estrutura gofrada<\/strong>, a aspira\u00e7\u00e3o do ar \u00e9 feita de forma eficaz e homog\u00e9nea. O v\u00e1cuo \u00e9 bem feito, o que permite preservar o frescor, os sabores e a textura dos alimentos. <strong>Carnes, peixes, legumes, pratos preparados ou queijos<\/strong>: tudo se conserva melhor e por mais tempo, seja no frigor\u00edfico ou no congelador. <\/p>\n<p data-start=\"960\" data-end=\"1330\">Com uma <strong>espessura<\/strong> de <strong data-start=\"982\" data-end=\"996\">90 microns<\/strong>, estes rolos oferecem uma boa resist\u00eancia. Suportam o <strong>frio, o manuseamento e as utiliza\u00e7\u00f5es regulares<\/strong> sem se furarem facilmente. Al\u00e9m disso, s\u00e3o <strong>compat\u00edveis com a maioria das m\u00e1quinas de v\u00e1cuo de aspira\u00e7\u00e3o externa<\/strong>, o que os torna simples de integrar na sua rotina, tanto em casa como em ambiente profissional.  <\/p>\n<p data-start=\"1332\" data-end=\"1587\">Vendidos <strong data-start=\"1339\" data-end=\"1364\">em lote de 2 rolos<\/strong>, permitem constituir um stock pr\u00e1tico, sempre pronto a usar. Seja um restaurador, um fornecedor de catering ou simplesmente preocupado em organizar melhor a sua cozinha, estes rolos tornam-se rapidamente um aliado indispens\u00e1vel. <\/p>\n<p data-start=\"1589\" data-end=\"1731\">Em resumo, estes <strong>sacos de v\u00e1cuo em rolo<\/strong> combinam flexibilidade, efic\u00e1cia e robustez para uma conserva\u00e7\u00e3o otimizada, sem esfor\u00e7o in\u00fatil.<\/p>\n<p data-start=\"1589\" data-end=\"1731\">\n<p data-start=\"1589\" data-end=\"1731\"><!--more--><\/p>\n<p data-start=\"1589\" data-end=\"1731\"><strong><span style=\"color: #ff0000;\">Rolos sem BPA (Bisfenol A) <\/span><\/strong><\/p>\n<p data-start=\"1589\" data-end=\"1731\">\n<p data-start=\"1478\" data-end=\"1604\"><!--more--><\/p>\n<h4 data-start=\"1478\" data-end=\"1604\">Vantagens :<\/h4>\n<ul>\n<li data-start=\"1759\" data-end=\"1805\">Formato <strong>rolo para cortar<\/strong> de acordo com as suas necessidades.<\/li>\n<li data-start=\"1808\" data-end=\"1857\">Estrutura gofrada para uma aspira\u00e7\u00e3o eficaz.<\/li>\n<li data-start=\"1860\" data-end=\"1888\"><strong>Espessura 90 \u00b5<\/strong> resistente.<\/li>\n<li data-start=\"1891\" data-end=\"1943\">Compat\u00edvel com a maioria das m\u00e1quinas de v\u00e1cuo.<\/li>\n<li data-start=\"1946\" data-end=\"1988\">Ideal para refrigera\u00e7\u00e3o e congela\u00e7\u00e3o.<\/li>\n<li data-start=\"1991\" data-end=\"2018\">Embalagem pr\u00e1tica de <strong>2 rolos<\/strong>.<\/li>\n<\/ul>\n<p>&nbsp;<\/p>\n<p><!--more--><\/p>\n<h4>Outras informa\u00e7\u00f5es :<\/h4>\n<ul>\n<li><strong>Embalagem<\/strong>: Lote de 2 rolos<\/li>\n<li><strong>Dimens\u00f5es<\/strong>: 0,20 x 6 m<\/li>\n<li><strong>Tipo<\/strong>: Waffle<\/li>\n<li><strong>Espessura<\/strong>: 90 \u00b5<\/li>\n<li><strong>Material<\/strong>: PA\/PE (20\/70)<\/li>\n<li><strong>Sel\u00e1vel a quente<\/strong>: SIM<\/li>\n<li><strong>Retr\u00e1ctil<\/strong>: N\u00c3O<\/li>\n<li><strong>Soldadura<\/strong>: 3 lados<\/li>\n<\/ul>\n<p>&nbsp;<\/p>\n<p><!--more--><\/p>\n<p>Estes rolos de saco de v\u00e1cuo em 0,20 x 6 m est\u00e3o dispon\u00edveis em diferentes tamanhos: <span style=\"color: #d12727;\"><a style=\"color: #d12727;\" href=\"https:\/\/www.csj-emballages.com\/produit\/2-rouleaux-sacs-sous-vides-conservation-gaufres-0-22-x-6-m-90-%c2%b5\/?_gl=1*yua810*_up*MQ..*_ga*MTY5MTcyOTMzNC4xNzY5NzY0NzQ1*_ga_YNVJLRSSZT*czE3Njk3NjQ3NDQkbzEkZzAkdDE3Njk3NjY1MzgkajQ4JGwwJGg0ODA4MzU3MzQ.\">0,22 x 6 m<\/a><\/span> \/ <span style=\"color: #d12727;\"><a style=\"color: #d12727;\" href=\"https:\/\/www.csj-emballages.com\/produit\/2-rouleaux-sacs-sous-vides-conservation-gaufres-0-28-x-6-m-90-%c2%b5\/?_gl=1*yua810*_up*MQ..*_ga*MTY5MTcyOTMzNC4xNzY5NzY0NzQ1*_ga_YNVJLRSSZT*czE3Njk3NjQ3NDQkbzEkZzAkdDE3Njk3NjY1MzgkajQ4JGwwJGg0ODA4MzU3MzQ.\">0,28 x 6 m<\/a><\/span><\/p>\n<p>&nbsp;<\/p>\n<p><!--more--><\/p>\n<p><a href=\"https:\/\/www.csj-emballages.com\/categorie-produit\/hygiene-et-entretiens\/essuyages\/essuie-mains\/essuies-mains-rouleaux\/?_gl=1*1qf72uz*_up*MQ..*_ga*NzE5OTExNjQuMTc2OTc1OTIwNw..*_ga_YNVJLRSSZT*czE3Njk3NjM1ODMkbzIkZzAkdDE3Njk3NjQ1MzUkajQ2JGwwJGgxMDI3NDM2Mzcx\">Consulte o resto da nossa gama de pap\u00e9is de m\u00e3os em rolo<\/a><\/p>\n","protected":false},"excerpt":{"rendered":"<p>Rolo de saco de v\u00e1cuo Descubra o nosso rolo de saco de v\u00e1cuo para conserva\u00e7\u00e3o gofrado 0,20 x 6 m 90 \u00b5 por 2<\/p>\n","protected":false},"featured_media":12352,"template":"","meta":{"_acf_changed":false},"product_brand":[],"product_cat":[1141,1176,3914,1240,1612],"product_tag":[],"class_list":{"0":"post-262903","1":"product","2":"type-product","3":"status-publish","4":"has-post-thumbnail","6":"product_cat-embalagem-de-alimentos","7":"product_cat-talho-e-charcutaria","8":"product_cat-sacos-e-bolsas","9":"product_cat-sacos-de-vacuo","10":"product_cat-sacos-de-vacuo-em-rolo-com-relevo","12":"first","13":"instock","14":"taxable","15":"shipping-taxable","16":"purchasable","17":"product-type-simple"},"acf":[],"yoast_head":"<!-- This site is optimized with the Yoast SEO Premium plugin v26.6 (Yoast SEO v26.6) - https:\/\/yoast.com\/wordpress\/plugins\/seo\/ -->\n<title>Rolo de Saco de V\u00e1cuo para Conserva\u00e7\u00e3o Gofrado 0,20 x 6 m 90 \u00b5 por 2<\/title>\n<meta name=\"description\" content=\"Rolo de saco de v\u00e1cuo para conserva\u00e7\u00e3o gofrado 20 cm x 6 m em 90 microns, vendidos por 2. Ideais para conservar os alimentos por mais tempo e sem desperd\u00edcio.\" \/>\n<meta name=\"robots\" content=\"index, follow, max-snippet:-1, max-image-preview:large, max-video-preview:-1\" \/>\n<link rel=\"canonical\" href=\"https:\/\/www.csj-emballages.com\/pt-pt\/produit\/rolo-de-saco-de-vacuo-para-conservacao-gofrado-020-x-6-m-90-%c2%b5-por-2\/\" \/>\n<meta property=\"og:locale\" content=\"pt_PT\" \/>\n<meta property=\"og:type\" content=\"article\" \/>\n<meta property=\"og:title\" content=\"Rolo de saco de v\u00e1cuo para conserva\u00e7\u00e3o gofrado 0,20 x 6 m 90 \u00b5 por 2\" \/>\n<meta property=\"og:description\" content=\"Rolo de saco de v\u00e1cuo para conserva\u00e7\u00e3o gofrado 20 cm x 6 m em 90 microns, vendidos por 2. Ideais para conservar os alimentos por mais tempo e sem desperd\u00edcio.\" \/>\n<meta property=\"og:url\" content=\"https:\/\/www.csj-emballages.com\/pt-pt\/produit\/rolo-de-saco-de-vacuo-para-conservacao-gofrado-020-x-6-m-90-%c2%b5-por-2\/\" \/>\n<meta property=\"og:site_name\" content=\"CSJ Emballages\" \/>\n<meta property=\"article:publisher\" content=\"https:\/\/www.facebook.com\/csjemballages\" \/>\n<meta property=\"article:modified_time\" content=\"2026-04-29T00:18:53+00:00\" \/>\n<meta property=\"og:image\" content=\"https:\/\/www.csj-emballages.com\/wp-content\/uploads\/2024\/03\/ItemSVIDEGAUF40600.png\" \/>\n\t<meta property=\"og:image:width\" content=\"300\" \/>\n\t<meta property=\"og:image:height\" content=\"300\" \/>\n\t<meta property=\"og:image:type\" content=\"image\/png\" \/>\n<meta name=\"twitter:card\" content=\"summary_large_image\" \/>\n<meta name=\"twitter:label1\" content=\"Tempo estimado de leitura\" \/>\n\t<meta name=\"twitter:data1\" content=\"2 minutos\" \/>\n<script type=\"application\/ld+json\" class=\"yoast-schema-graph\">{\"@context\":\"https:\/\/schema.org\",\"@graph\":[{\"@type\":\"WebPage\",\"@id\":\"https:\/\/www.csj-emballages.com\/pt-pt\/produit\/rolo-de-saco-de-vacuo-para-conservacao-gofrado-020-x-6-m-90-%c2%b5-por-2\/\",\"url\":\"https:\/\/www.csj-emballages.com\/pt-pt\/produit\/rolo-de-saco-de-vacuo-para-conservacao-gofrado-020-x-6-m-90-%c2%b5-por-2\/\",\"name\":\"Rolo de Saco de V\u00e1cuo para Conserva\u00e7\u00e3o Gofrado 0,20 x 6 m 90 \u00b5 por 2\",\"isPartOf\":{\"@id\":\"https:\/\/www.csj-emballages.com\/pt-pt\/#website\"},\"primaryImageOfPage\":{\"@id\":\"https:\/\/www.csj-emballages.com\/pt-pt\/produit\/rolo-de-saco-de-vacuo-para-conservacao-gofrado-020-x-6-m-90-%c2%b5-por-2\/#primaryimage\"},\"image\":{\"@id\":\"https:\/\/www.csj-emballages.com\/pt-pt\/produit\/rolo-de-saco-de-vacuo-para-conservacao-gofrado-020-x-6-m-90-%c2%b5-por-2\/#primaryimage\"},\"thumbnailUrl\":\"https:\/\/www.csj-emballages.com\/wp-content\/uploads\/2024\/03\/ItemSVIDEGAUF40600.png\",\"datePublished\":\"2026-01-19T13:18:16+00:00\",\"dateModified\":\"2026-04-29T00:18:53+00:00\",\"description\":\"Rolo de saco de v\u00e1cuo para conserva\u00e7\u00e3o gofrado 20 cm x 6 m em 90 microns, vendidos por 2. Ideais para conservar os alimentos por mais tempo e sem desperd\u00edcio.\",\"breadcrumb\":{\"@id\":\"https:\/\/www.csj-emballages.com\/pt-pt\/produit\/rolo-de-saco-de-vacuo-para-conservacao-gofrado-020-x-6-m-90-%c2%b5-por-2\/#breadcrumb\"},\"inLanguage\":\"pt-PT\",\"potentialAction\":[{\"@type\":\"ReadAction\",\"target\":[\"https:\/\/www.csj-emballages.com\/pt-pt\/produit\/rolo-de-saco-de-vacuo-para-conservacao-gofrado-020-x-6-m-90-%c2%b5-por-2\/\"]}]},{\"@type\":\"ImageObject\",\"inLanguage\":\"pt-PT\",\"@id\":\"https:\/\/www.csj-emballages.com\/pt-pt\/produit\/rolo-de-saco-de-vacuo-para-conservacao-gofrado-020-x-6-m-90-%c2%b5-por-2\/#primaryimage\",\"url\":\"https:\/\/www.csj-emballages.com\/wp-content\/uploads\/2024\/03\/ItemSVIDEGAUF40600.png\",\"contentUrl\":\"https:\/\/www.csj-emballages.com\/wp-content\/uploads\/2024\/03\/ItemSVIDEGAUF40600.png\",\"width\":300,\"height\":300,\"caption\":\"Rouleaux sacs sous vide\"},{\"@type\":\"BreadcrumbList\",\"@id\":\"https:\/\/www.csj-emballages.com\/pt-pt\/produit\/rolo-de-saco-de-vacuo-para-conservacao-gofrado-020-x-6-m-90-%c2%b5-por-2\/#breadcrumb\",\"itemListElement\":[{\"@type\":\"ListItem\",\"position\":1,\"name\":\"Acolhimento\",\"item\":\"https:\/\/www.csj-emballages.com\/pt-pt\/universo-das-embalagens-alimentares\/\"},{\"@type\":\"ListItem\",\"position\":2,\"name\":\"Shop\",\"item\":\"https:\/\/www.csj-emballages.com\/shop\/\"},{\"@type\":\"ListItem\",\"position\":3,\"name\":\"Rolo de saco de v\u00e1cuo para conserva\u00e7\u00e3o gofrado 0,20 x 6 m 90 \u00b5 por 2\"}]},{\"@type\":\"WebSite\",\"@id\":\"https:\/\/www.csj-emballages.com\/pt-pt\/#website\",\"url\":\"https:\/\/www.csj-emballages.com\/pt-pt\/\",\"name\":\"CSJ Emballages\",\"description\":\"\",\"publisher\":{\"@id\":\"https:\/\/www.csj-emballages.com\/pt-pt\/#organization\"},\"potentialAction\":[{\"@type\":\"SearchAction\",\"target\":{\"@type\":\"EntryPoint\",\"urlTemplate\":\"https:\/\/www.csj-emballages.com\/pt-pt\/?s={search_term_string}\"},\"query-input\":{\"@type\":\"PropertyValueSpecification\",\"valueRequired\":true,\"valueName\":\"search_term_string\"}}],\"inLanguage\":\"pt-PT\"},{\"@type\":\"Organization\",\"@id\":\"https:\/\/www.csj-emballages.com\/pt-pt\/#Organization\/\",\"name\":\"CSJ Emballages\",\"url\":\"https:\/\/www.csj-emballages.com\/pt-pt\/\",\"logo\":{\"@type\":\"ImageObject\",\"inLanguage\":\"pt-PT\",\"@id\":\"https:\/\/www.csj-emballages.com\/pt-pt\/#\/schema\/logo\/image\/\",\"url\":\"https:\/\/www.csj-emballages.com\/wp-content\/uploads\/2023\/10\/logo_csj.webp\",\"contentUrl\":\"https:\/\/www.csj-emballages.com\/wp-content\/uploads\/2023\/10\/logo_csj.webp\",\"width\":250,\"height\":95,\"caption\":\"CSJ Emballages\"},\"image\":{\"@id\":\"https:\/\/www.csj-emballages.com\/pt-pt\/#\/schema\/logo\/image\/\"},\"sameAs\":[\"https:\/\/www.facebook.com\/csjemballages\"],\"address\":{\"@type\":\"PostalAddress\",\"streetAddress\":\"ZI La Lechere\",\"addressLocality\":\"Patornay\",\"postalCode\":\"39130\",\"addressCountry\":\"FR\"},\"contactPoint\":[{\"@type\":\"ContactPoint\",\"contactType\":\"Service client\",\"telephone\":\"0384254272\",\"email\":\"contact@csj-emballages.com\"}]}]}<\/script>\n<!-- \/ Yoast SEO Premium plugin. -->","yoast_head_json":{"title":"Rolo de Saco de V\u00e1cuo para Conserva\u00e7\u00e3o Gofrado 0,20 x 6 m 90 \u00b5 por 2","description":"Rolo de saco de v\u00e1cuo para conserva\u00e7\u00e3o gofrado 20 cm x 6 m em 90 microns, vendidos por 2. Ideais para conservar os alimentos por mais tempo e sem desperd\u00edcio.","robots":{"index":"index","follow":"follow","max-snippet":"max-snippet:-1","max-image-preview":"max-image-preview:large","max-video-preview":"max-video-preview:-1"},"canonical":"https:\/\/www.csj-emballages.com\/pt-pt\/produit\/rolo-de-saco-de-vacuo-para-conservacao-gofrado-020-x-6-m-90-%c2%b5-por-2\/","og_locale":"pt_PT","og_type":"article","og_title":"Rolo de saco de v\u00e1cuo para conserva\u00e7\u00e3o gofrado 0,20 x 6 m 90 \u00b5 por 2","og_description":"Rolo de saco de v\u00e1cuo para conserva\u00e7\u00e3o gofrado 20 cm x 6 m em 90 microns, vendidos por 2. Ideais para conservar os alimentos por mais tempo e sem desperd\u00edcio.","og_url":"https:\/\/www.csj-emballages.com\/pt-pt\/produit\/rolo-de-saco-de-vacuo-para-conservacao-gofrado-020-x-6-m-90-%c2%b5-por-2\/","og_site_name":"CSJ Emballages","article_publisher":"https:\/\/www.facebook.com\/csjemballages","article_modified_time":"2026-04-29T00:18:53+00:00","og_image":[{"width":300,"height":300,"url":"https:\/\/www.csj-emballages.com\/wp-content\/uploads\/2024\/03\/ItemSVIDEGAUF40600.png","type":"image\/png"}],"twitter_card":"summary_large_image","twitter_misc":{"Tempo estimado de leitura":"2 minutos"},"schema":{"@context":"https:\/\/schema.org","@graph":[{"@type":"WebPage","@id":"https:\/\/www.csj-emballages.com\/pt-pt\/produit\/rolo-de-saco-de-vacuo-para-conservacao-gofrado-020-x-6-m-90-%c2%b5-por-2\/","url":"https:\/\/www.csj-emballages.com\/pt-pt\/produit\/rolo-de-saco-de-vacuo-para-conservacao-gofrado-020-x-6-m-90-%c2%b5-por-2\/","name":"Rolo de Saco de V\u00e1cuo para Conserva\u00e7\u00e3o Gofrado 0,20 x 6 m 90 \u00b5 por 2","isPartOf":{"@id":"https:\/\/www.csj-emballages.com\/pt-pt\/#website"},"primaryImageOfPage":{"@id":"https:\/\/www.csj-emballages.com\/pt-pt\/produit\/rolo-de-saco-de-vacuo-para-conservacao-gofrado-020-x-6-m-90-%c2%b5-por-2\/#primaryimage"},"image":{"@id":"https:\/\/www.csj-emballages.com\/pt-pt\/produit\/rolo-de-saco-de-vacuo-para-conservacao-gofrado-020-x-6-m-90-%c2%b5-por-2\/#primaryimage"},"thumbnailUrl":"https:\/\/www.csj-emballages.com\/wp-content\/uploads\/2024\/03\/ItemSVIDEGAUF40600.png","datePublished":"2026-01-19T13:18:16+00:00","dateModified":"2026-04-29T00:18:53+00:00","description":"Rolo de saco de v\u00e1cuo para conserva\u00e7\u00e3o gofrado 20 cm x 6 m em 90 microns, vendidos por 2. Ideais para conservar os alimentos por mais tempo e sem desperd\u00edcio.","breadcrumb":{"@id":"https:\/\/www.csj-emballages.com\/pt-pt\/produit\/rolo-de-saco-de-vacuo-para-conservacao-gofrado-020-x-6-m-90-%c2%b5-por-2\/#breadcrumb"},"inLanguage":"pt-PT","potentialAction":[{"@type":"ReadAction","target":["https:\/\/www.csj-emballages.com\/pt-pt\/produit\/rolo-de-saco-de-vacuo-para-conservacao-gofrado-020-x-6-m-90-%c2%b5-por-2\/"]}]},{"@type":"ImageObject","inLanguage":"pt-PT","@id":"https:\/\/www.csj-emballages.com\/pt-pt\/produit\/rolo-de-saco-de-vacuo-para-conservacao-gofrado-020-x-6-m-90-%c2%b5-por-2\/#primaryimage","url":"https:\/\/www.csj-emballages.com\/wp-content\/uploads\/2024\/03\/ItemSVIDEGAUF40600.png","contentUrl":"https:\/\/www.csj-emballages.com\/wp-content\/uploads\/2024\/03\/ItemSVIDEGAUF40600.png","width":300,"height":300,"caption":"Rouleaux sacs sous vide"},{"@type":"BreadcrumbList","@id":"https:\/\/www.csj-emballages.com\/pt-pt\/produit\/rolo-de-saco-de-vacuo-para-conservacao-gofrado-020-x-6-m-90-%c2%b5-por-2\/#breadcrumb","itemListElement":[{"@type":"ListItem","position":1,"name":"Acolhimento","item":"https:\/\/www.csj-emballages.com\/pt-pt\/universo-das-embalagens-alimentares\/"},{"@type":"ListItem","position":2,"name":"Shop","item":"https:\/\/www.csj-emballages.com\/shop\/"},{"@type":"ListItem","position":3,"name":"Rolo de saco de v\u00e1cuo para conserva\u00e7\u00e3o gofrado 0,20 x 6 m 90 \u00b5 por 2"}]},{"@type":"WebSite","@id":"https:\/\/www.csj-emballages.com\/pt-pt\/#website","url":"https:\/\/www.csj-emballages.com\/pt-pt\/","name":"CSJ Emballages","description":"","publisher":{"@id":"https:\/\/www.csj-emballages.com\/pt-pt\/#organization"},"potentialAction":[{"@type":"SearchAction","target":{"@type":"EntryPoint","urlTemplate":"https:\/\/www.csj-emballages.com\/pt-pt\/?s={search_term_string}"},"query-input":{"@type":"PropertyValueSpecification","valueRequired":true,"valueName":"search_term_string"}}],"inLanguage":"pt-PT"},{"@type":"Organization","@id":"https:\/\/www.csj-emballages.com\/pt-pt\/#Organization\/","name":"CSJ Emballages","url":"https:\/\/www.csj-emballages.com\/pt-pt\/","logo":{"@type":"ImageObject","inLanguage":"pt-PT","@id":"https:\/\/www.csj-emballages.com\/pt-pt\/#\/schema\/logo\/image\/","url":"https:\/\/www.csj-emballages.com\/wp-content\/uploads\/2023\/10\/logo_csj.webp","contentUrl":"https:\/\/www.csj-emballages.com\/wp-content\/uploads\/2023\/10\/logo_csj.webp","width":250,"height":95,"caption":"CSJ Emballages"},"image":{"@id":"https:\/\/www.csj-emballages.com\/pt-pt\/#\/schema\/logo\/image\/"},"sameAs":["https:\/\/www.facebook.com\/csjemballages"],"address":{"@type":"PostalAddress","streetAddress":"ZI La Lechere","addressLocality":"Patornay","postalCode":"39130","addressCountry":"FR"},"contactPoint":[{"@type":"ContactPoint","contactType":"Service client","telephone":"0384254272","email":"contact@csj-emballages.com"}]}]}},"df_price":7.52,"df_sale_price":"","df_regular_price":7.52,"df_image_link":"https:\/\/www.csj-emballages.com\/wp-content\/uploads\/2024\/03\/ItemSVIDEGAUF40600.png","tiered_pricing_type":"fixed","tiered_pricing_fixed_rules":[],"tiered_pricing_percentage_rules":[],"tiered_pricing_minimum":1,"tiered_pricing_roles_data":[],"_links":{"self":[{"href":"https:\/\/www.csj-emballages.com\/pt-pt\/wp-json\/wp\/v2\/product\/262903","targetHints":{"allow":["GET"]}}],"collection":[{"href":"https:\/\/www.csj-emballages.com\/pt-pt\/wp-json\/wp\/v2\/product"}],"about":[{"href":"https:\/\/www.csj-emballages.com\/pt-pt\/wp-json\/wp\/v2\/types\/product"}],"wp:featuredmedia":[{"embeddable":true,"href":"https:\/\/www.csj-emballages.com\/pt-pt\/wp-json\/wp\/v2\/media\/12352"}],"wp:attachment":[{"href":"https:\/\/www.csj-emballages.com\/pt-pt\/wp-json\/wp\/v2\/media?parent=262903"}],"wp:term":[{"taxonomy":"product_brand","embeddable":true,"href":"https:\/\/www.csj-emballages.com\/pt-pt\/wp-json\/wp\/v2\/product_brand?post=262903"},{"taxonomy":"product_cat","embeddable":true,"href":"https:\/\/www.csj-emballages.com\/pt-pt\/wp-json\/wp\/v2\/product_cat?post=262903"},{"taxonomy":"product_tag","embeddable":true,"href":"https:\/\/www.csj-emballages.com\/pt-pt\/wp-json\/wp\/v2\/product_tag?post=262903"}],"curies":[{"name":"wp","href":"https:\/\/api.w.org\/{rel}","templated":true}]}}