{"id":261960,"date":"2026-01-21T15:18:20","date_gmt":"2026-01-21T14:18:20","guid":{"rendered":"https:\/\/www.csj-emballages.com\/produit\/copo-de-cartao-branco-27-cl-por-50\/"},"modified":"2026-04-27T08:00:35","modified_gmt":"2026-04-27T06:00:35","slug":"copo-de-cartao-branco-27-cl-por-50","status":"publish","type":"product","link":"https:\/\/www.csj-emballages.com\/pt-pt\/produit\/copo-de-cartao-branco-27-cl-por-50\/","title":{"rendered":"Copo de cart\u00e3o branco 27 cl por 50"},"content":{"rendered":"<h2>Copo de cart\u00e3o<\/h2>\n<hr>\n<h3>Descubra o nosso copo de cart\u00e3o branco 27 cl por 50<\/h3>\n<p><!--more--><\/p>\n<p data-start=\"256\" data-end=\"584\">Quando precisa de um <strong>copo<\/strong> fi\u00e1vel, vers\u00e1til e f\u00e1cil de usar, este <strong data-start=\"334\" data-end=\"364\">copo de cart\u00e3o branco 27 cl<\/strong> cumpre claramente o objetivo. Nem demasiado pequeno, nem demasiado grande, \u00e9 adequado tanto para um <strong>caf\u00e9 longo, um ch\u00e1, uma bebida fresca ou at\u00e9 \u00e1gua<\/strong>. \u00c9 o formato ideal para uma utiliza\u00e7\u00e3o di\u00e1ria, sem grandes preocupa\u00e7\u00f5es.  <\/p>\n<p data-start=\"586\" data-end=\"925\">O seu design <strong>branco<\/strong>, s\u00f3brio e limpo, integra-se em qualquer lugar. Seja num escrit\u00f3rio, durante um evento, num snack-bar, numa associa\u00e7\u00e3o ou num ponto de venda para levar, permanece discreto, transmitindo seriedade. Al\u00e9m disso, esta simplicidade \u00e9 uma verdadeira vantagem: sem visual imposto, sem sobrecarga, apenas um <strong>copo<\/strong> que vai ao essencial.  <\/p>\n<p data-start=\"927\" data-end=\"1278\">No que toca \u00e0 utiliza\u00e7\u00e3o, \u00e9 agrad\u00e1vel de segurar e suficientemente r\u00edgido para evitar surpresas desagrad\u00e1veis. Pode ench\u00ea-lo rapidamente, pous\u00e1-lo, transport\u00e1-lo\u2026 permanece est\u00e1vel e pr\u00e1tico. E como \u00e9 vendido <strong data-start=\"1141\" data-end=\"1158\">em lote de 50<\/strong>, \u00e9 perfeito para gerir um pequeno evento, equipar uma sala de pausa ou completar um stock sem ocupar muito espa\u00e7o.  <\/p>\n<p data-start=\"1280\" data-end=\"1565\">Outro ponto apreci\u00e1vel: este <strong>copo de cart\u00e3o branco<\/strong> respeita as normas em vigor com a sua marca\u00e7\u00e3o vis\u00edvel, o que lhe permite utiliz\u00e1-lo com tranquilidade num ambiente profissional. Ganha, assim, em tranquilidade, ao mesmo tempo que prop\u00f5e uma solu\u00e7\u00e3o simples e eficaz aos seus clientes ou colaboradores. <\/p>\n<p data-start=\"1567\" data-end=\"1753\">Em resumo, este <strong>copo de cart\u00e3o branco 27 cl<\/strong> \u00e9 um indispens\u00e1vel do dia a dia. N\u00e3o procura exagerar, mas est\u00e1 sempre presente em cada utiliza\u00e7\u00e3o, com efic\u00e1cia e simplicidade. <\/p>\n<p data-start=\"1567\" data-end=\"1753\"><!--more--><\/p>\n<h4 data-start=\"1567\" data-end=\"1753\">Vantagens :<\/h4>\n<ul>\n<li data-start=\"1782\" data-end=\"1825\">Formato pr\u00e1tico de <strong>27 cl<\/strong>, muito vers\u00e1til<\/li>\n<li data-start=\"1828\" data-end=\"1866\">Design branco neutro e vers\u00e1til<\/li>\n<li data-start=\"1869\" data-end=\"1890\">Boa ader\u00eancia na m\u00e3o<\/li>\n<li data-start=\"1893\" data-end=\"1933\">Adequado para bebidas quentes e frias<\/li>\n<li data-start=\"1936\" data-end=\"1988\">Lote de <strong>50<\/strong>, ideal para pequenas necessidades ou eventos.<\/li>\n<\/ul>\n<p>&nbsp;<\/p>\n<p><!--more--><\/p>\n<h4>Outras informa\u00e7\u00f5es :<\/h4>\n<ul>\n<li><strong>Embalagem<\/strong>: Pacote de 50<\/li>\n<li><strong>Di\u00e2metro superior<\/strong>: 78 mm<\/li>\n<li><strong>Di\u00e2metro inferior<\/strong>: 55 mm<\/li>\n<li><strong>Altura<\/strong>: 87 mm<\/li>\n<li><strong>Volume<\/strong>: 27 cl<\/li>\n<li><strong>Material<\/strong>: Cart\u00e3o<\/li>\n<li><strong>Cor<\/strong>: Branco<\/li>\n<li>Cont\u00e9m pel\u00edcula PE no interior<\/li>\n<\/ul>\n<p>&nbsp;<\/p>\n<p><!--more--><\/p>\n<p>Encontre aqui as tampas concebidas para estes copos : <span style=\"color: #d12727;\"><a style=\"color: #d12727;\" href=\"https:\/\/www.csj-emballages.com\/produit\/50-couvercles-papier-pour-gobelets-24-cl-378bla-378geb-378ge-378bio-378k\/\">C378P<\/a><\/span><\/p>\n<p>&nbsp;<\/p>\n<p><!--more--><\/p>\n<p><a href=\"https:\/\/www.csj-emballages.com\/pt-pt\/categorie-produit\/embalagem-de-alimentos\/descontos-promocoes\/\">Consulte o resto da nossa gama de destockagem<\/a><\/p>\n","protected":false},"excerpt":{"rendered":"<p>Copo de cart\u00e3o Descubra o nosso copo de cart\u00e3o branco 27 cl por 50<\/p>\n","protected":false},"featured_media":261955,"template":"","meta":{"_acf_changed":false},"product_brand":[],"product_cat":[1141,1267],"product_tag":[],"class_list":{"0":"post-261960","1":"product","2":"type-product","3":"status-publish","4":"has-post-thumbnail","6":"product_cat-embalagem-de-alimentos","7":"product_cat-descontos-promocoes","9":"first","10":"instock","11":"sale","12":"taxable","13":"shipping-taxable","14":"purchasable","15":"product-type-simple"},"acf":[],"yoast_head":"<!-- This site is optimized with the Yoast SEO Premium plugin v26.6 (Yoast SEO v26.6) - https:\/\/yoast.com\/wordpress\/plugins\/seo\/ -->\n<title>Copo de Cart\u00e3o Branco 27 cl por 50<\/title>\n<meta name=\"description\" content=\"Copo de cart\u00e3o branco 27 cl vendido por 50. Formato pr\u00e1tico, design s\u00f3brio e utiliza\u00e7\u00e3o f\u00e1cil para bebidas quentes ou frias em ambiente profissional ou de eventos.\" \/>\n<meta name=\"robots\" content=\"index, follow, max-snippet:-1, max-image-preview:large, max-video-preview:-1\" \/>\n<link rel=\"canonical\" href=\"https:\/\/www.csj-emballages.com\/pt-pt\/produit\/copo-de-cartao-branco-27-cl-por-50\/\" \/>\n<meta property=\"og:locale\" content=\"pt_PT\" \/>\n<meta property=\"og:type\" content=\"article\" \/>\n<meta property=\"og:title\" content=\"Copo de cart\u00e3o branco 27 cl por 50\" \/>\n<meta property=\"og:description\" content=\"Copo de cart\u00e3o branco 27 cl vendido por 50. Formato pr\u00e1tico, design s\u00f3brio e utiliza\u00e7\u00e3o f\u00e1cil para bebidas quentes ou frias em ambiente profissional ou de eventos.\" \/>\n<meta property=\"og:url\" content=\"https:\/\/www.csj-emballages.com\/pt-pt\/produit\/copo-de-cartao-branco-27-cl-por-50\/\" \/>\n<meta property=\"og:site_name\" content=\"CSJ Emballages\" \/>\n<meta property=\"article:publisher\" content=\"https:\/\/www.facebook.com\/csjemballages\" \/>\n<meta property=\"article:modified_time\" content=\"2026-04-27T06:00:35+00:00\" \/>\n<meta property=\"og:image\" content=\"https:\/\/www.csj-emballages.com\/wp-content\/uploads\/2026\/01\/378DES.webp\" \/>\n\t<meta property=\"og:image:width\" content=\"800\" \/>\n\t<meta property=\"og:image:height\" content=\"800\" \/>\n\t<meta property=\"og:image:type\" content=\"image\/webp\" \/>\n<meta name=\"twitter:card\" content=\"summary_large_image\" \/>\n<meta name=\"twitter:label1\" content=\"Tempo estimado de leitura\" \/>\n\t<meta name=\"twitter:data1\" content=\"2 minutos\" \/>\n<script type=\"application\/ld+json\" class=\"yoast-schema-graph\">{\"@context\":\"https:\/\/schema.org\",\"@graph\":[{\"@type\":\"WebPage\",\"@id\":\"https:\/\/www.csj-emballages.com\/pt-pt\/produit\/copo-de-cartao-branco-27-cl-por-50\/\",\"url\":\"https:\/\/www.csj-emballages.com\/pt-pt\/produit\/copo-de-cartao-branco-27-cl-por-50\/\",\"name\":\"Copo de Cart\u00e3o Branco 27 cl por 50\",\"isPartOf\":{\"@id\":\"https:\/\/www.csj-emballages.com\/pt-pt\/#website\"},\"primaryImageOfPage\":{\"@id\":\"https:\/\/www.csj-emballages.com\/pt-pt\/produit\/copo-de-cartao-branco-27-cl-por-50\/#primaryimage\"},\"image\":{\"@id\":\"https:\/\/www.csj-emballages.com\/pt-pt\/produit\/copo-de-cartao-branco-27-cl-por-50\/#primaryimage\"},\"thumbnailUrl\":\"https:\/\/www.csj-emballages.com\/wp-content\/uploads\/2026\/01\/378DES.webp\",\"datePublished\":\"2026-01-21T14:18:20+00:00\",\"dateModified\":\"2026-04-27T06:00:35+00:00\",\"description\":\"Copo de cart\u00e3o branco 27 cl vendido por 50. Formato pr\u00e1tico, design s\u00f3brio e utiliza\u00e7\u00e3o f\u00e1cil para bebidas quentes ou frias em ambiente profissional ou de eventos.\",\"breadcrumb\":{\"@id\":\"https:\/\/www.csj-emballages.com\/pt-pt\/produit\/copo-de-cartao-branco-27-cl-por-50\/#breadcrumb\"},\"inLanguage\":\"pt-PT\",\"potentialAction\":[{\"@type\":\"ReadAction\",\"target\":[\"https:\/\/www.csj-emballages.com\/pt-pt\/produit\/copo-de-cartao-branco-27-cl-por-50\/\"]}]},{\"@type\":\"ImageObject\",\"inLanguage\":\"pt-PT\",\"@id\":\"https:\/\/www.csj-emballages.com\/pt-pt\/produit\/copo-de-cartao-branco-27-cl-por-50\/#primaryimage\",\"url\":\"https:\/\/www.csj-emballages.com\/wp-content\/uploads\/2026\/01\/378DES.webp\",\"contentUrl\":\"https:\/\/www.csj-emballages.com\/wp-content\/uploads\/2026\/01\/378DES.webp\",\"width\":800,\"height\":800,\"caption\":\"Gobelet carton\"},{\"@type\":\"BreadcrumbList\",\"@id\":\"https:\/\/www.csj-emballages.com\/pt-pt\/produit\/copo-de-cartao-branco-27-cl-por-50\/#breadcrumb\",\"itemListElement\":[{\"@type\":\"ListItem\",\"position\":1,\"name\":\"Acolhimento\",\"item\":\"https:\/\/www.csj-emballages.com\/pt-pt\/universo-das-embalagens-alimentares\/\"},{\"@type\":\"ListItem\",\"position\":2,\"name\":\"Shop\",\"item\":\"https:\/\/www.csj-emballages.com\/shop\/\"},{\"@type\":\"ListItem\",\"position\":3,\"name\":\"Copo de cart\u00e3o branco 27 cl por 50\"}]},{\"@type\":\"WebSite\",\"@id\":\"https:\/\/www.csj-emballages.com\/pt-pt\/#website\",\"url\":\"https:\/\/www.csj-emballages.com\/pt-pt\/\",\"name\":\"CSJ Emballages\",\"description\":\"\",\"publisher\":{\"@id\":\"https:\/\/www.csj-emballages.com\/pt-pt\/#organization\"},\"potentialAction\":[{\"@type\":\"SearchAction\",\"target\":{\"@type\":\"EntryPoint\",\"urlTemplate\":\"https:\/\/www.csj-emballages.com\/pt-pt\/?s={search_term_string}\"},\"query-input\":{\"@type\":\"PropertyValueSpecification\",\"valueRequired\":true,\"valueName\":\"search_term_string\"}}],\"inLanguage\":\"pt-PT\"},{\"@type\":\"Organization\",\"@id\":\"https:\/\/www.csj-emballages.com\/pt-pt\/#Organization\/\",\"name\":\"CSJ Emballages\",\"url\":\"https:\/\/www.csj-emballages.com\/pt-pt\/\",\"logo\":{\"@type\":\"ImageObject\",\"inLanguage\":\"pt-PT\",\"@id\":\"https:\/\/www.csj-emballages.com\/pt-pt\/#\/schema\/logo\/image\/\",\"url\":\"https:\/\/www.csj-emballages.com\/wp-content\/uploads\/2023\/10\/logo_csj.webp\",\"contentUrl\":\"https:\/\/www.csj-emballages.com\/wp-content\/uploads\/2023\/10\/logo_csj.webp\",\"width\":250,\"height\":95,\"caption\":\"CSJ Emballages\"},\"image\":{\"@id\":\"https:\/\/www.csj-emballages.com\/pt-pt\/#\/schema\/logo\/image\/\"},\"sameAs\":[\"https:\/\/www.facebook.com\/csjemballages\"],\"address\":{\"@type\":\"PostalAddress\",\"streetAddress\":\"ZI La Lechere\",\"addressLocality\":\"Patornay\",\"postalCode\":\"39130\",\"addressCountry\":\"FR\"},\"contactPoint\":[{\"@type\":\"ContactPoint\",\"contactType\":\"Service client\",\"telephone\":\"0384254272\",\"email\":\"contact@csj-emballages.com\"}]}]}<\/script>\n<!-- \/ Yoast SEO Premium plugin. -->","yoast_head_json":{"title":"Copo de Cart\u00e3o Branco 27 cl por 50","description":"Copo de cart\u00e3o branco 27 cl vendido por 50. Formato pr\u00e1tico, design s\u00f3brio e utiliza\u00e7\u00e3o f\u00e1cil para bebidas quentes ou frias em ambiente profissional ou de eventos.","robots":{"index":"index","follow":"follow","max-snippet":"max-snippet:-1","max-image-preview":"max-image-preview:large","max-video-preview":"max-video-preview:-1"},"canonical":"https:\/\/www.csj-emballages.com\/pt-pt\/produit\/copo-de-cartao-branco-27-cl-por-50\/","og_locale":"pt_PT","og_type":"article","og_title":"Copo de cart\u00e3o branco 27 cl por 50","og_description":"Copo de cart\u00e3o branco 27 cl vendido por 50. Formato pr\u00e1tico, design s\u00f3brio e utiliza\u00e7\u00e3o f\u00e1cil para bebidas quentes ou frias em ambiente profissional ou de eventos.","og_url":"https:\/\/www.csj-emballages.com\/pt-pt\/produit\/copo-de-cartao-branco-27-cl-por-50\/","og_site_name":"CSJ Emballages","article_publisher":"https:\/\/www.facebook.com\/csjemballages","article_modified_time":"2026-04-27T06:00:35+00:00","og_image":[{"width":800,"height":800,"url":"https:\/\/www.csj-emballages.com\/wp-content\/uploads\/2026\/01\/378DES.webp","type":"image\/webp"}],"twitter_card":"summary_large_image","twitter_misc":{"Tempo estimado de leitura":"2 minutos"},"schema":{"@context":"https:\/\/schema.org","@graph":[{"@type":"WebPage","@id":"https:\/\/www.csj-emballages.com\/pt-pt\/produit\/copo-de-cartao-branco-27-cl-por-50\/","url":"https:\/\/www.csj-emballages.com\/pt-pt\/produit\/copo-de-cartao-branco-27-cl-por-50\/","name":"Copo de Cart\u00e3o Branco 27 cl por 50","isPartOf":{"@id":"https:\/\/www.csj-emballages.com\/pt-pt\/#website"},"primaryImageOfPage":{"@id":"https:\/\/www.csj-emballages.com\/pt-pt\/produit\/copo-de-cartao-branco-27-cl-por-50\/#primaryimage"},"image":{"@id":"https:\/\/www.csj-emballages.com\/pt-pt\/produit\/copo-de-cartao-branco-27-cl-por-50\/#primaryimage"},"thumbnailUrl":"https:\/\/www.csj-emballages.com\/wp-content\/uploads\/2026\/01\/378DES.webp","datePublished":"2026-01-21T14:18:20+00:00","dateModified":"2026-04-27T06:00:35+00:00","description":"Copo de cart\u00e3o branco 27 cl vendido por 50. Formato pr\u00e1tico, design s\u00f3brio e utiliza\u00e7\u00e3o f\u00e1cil para bebidas quentes ou frias em ambiente profissional ou de eventos.","breadcrumb":{"@id":"https:\/\/www.csj-emballages.com\/pt-pt\/produit\/copo-de-cartao-branco-27-cl-por-50\/#breadcrumb"},"inLanguage":"pt-PT","potentialAction":[{"@type":"ReadAction","target":["https:\/\/www.csj-emballages.com\/pt-pt\/produit\/copo-de-cartao-branco-27-cl-por-50\/"]}]},{"@type":"ImageObject","inLanguage":"pt-PT","@id":"https:\/\/www.csj-emballages.com\/pt-pt\/produit\/copo-de-cartao-branco-27-cl-por-50\/#primaryimage","url":"https:\/\/www.csj-emballages.com\/wp-content\/uploads\/2026\/01\/378DES.webp","contentUrl":"https:\/\/www.csj-emballages.com\/wp-content\/uploads\/2026\/01\/378DES.webp","width":800,"height":800,"caption":"Gobelet carton"},{"@type":"BreadcrumbList","@id":"https:\/\/www.csj-emballages.com\/pt-pt\/produit\/copo-de-cartao-branco-27-cl-por-50\/#breadcrumb","itemListElement":[{"@type":"ListItem","position":1,"name":"Acolhimento","item":"https:\/\/www.csj-emballages.com\/pt-pt\/universo-das-embalagens-alimentares\/"},{"@type":"ListItem","position":2,"name":"Shop","item":"https:\/\/www.csj-emballages.com\/shop\/"},{"@type":"ListItem","position":3,"name":"Copo de cart\u00e3o branco 27 cl por 50"}]},{"@type":"WebSite","@id":"https:\/\/www.csj-emballages.com\/pt-pt\/#website","url":"https:\/\/www.csj-emballages.com\/pt-pt\/","name":"CSJ Emballages","description":"","publisher":{"@id":"https:\/\/www.csj-emballages.com\/pt-pt\/#organization"},"potentialAction":[{"@type":"SearchAction","target":{"@type":"EntryPoint","urlTemplate":"https:\/\/www.csj-emballages.com\/pt-pt\/?s={search_term_string}"},"query-input":{"@type":"PropertyValueSpecification","valueRequired":true,"valueName":"search_term_string"}}],"inLanguage":"pt-PT"},{"@type":"Organization","@id":"https:\/\/www.csj-emballages.com\/pt-pt\/#Organization\/","name":"CSJ Emballages","url":"https:\/\/www.csj-emballages.com\/pt-pt\/","logo":{"@type":"ImageObject","inLanguage":"pt-PT","@id":"https:\/\/www.csj-emballages.com\/pt-pt\/#\/schema\/logo\/image\/","url":"https:\/\/www.csj-emballages.com\/wp-content\/uploads\/2023\/10\/logo_csj.webp","contentUrl":"https:\/\/www.csj-emballages.com\/wp-content\/uploads\/2023\/10\/logo_csj.webp","width":250,"height":95,"caption":"CSJ Emballages"},"image":{"@id":"https:\/\/www.csj-emballages.com\/pt-pt\/#\/schema\/logo\/image\/"},"sameAs":["https:\/\/www.facebook.com\/csjemballages"],"address":{"@type":"PostalAddress","streetAddress":"ZI La Lechere","addressLocality":"Patornay","postalCode":"39130","addressCountry":"FR"},"contactPoint":[{"@type":"ContactPoint","contactType":"Service client","telephone":"0384254272","email":"contact@csj-emballages.com"}]}]}},"df_price":1.27,"df_sale_price":1.27,"df_regular_price":1.81,"df_image_link":"https:\/\/www.csj-emballages.com\/wp-content\/uploads\/2026\/01\/378DES-300x300.webp","tiered_pricing_type":"fixed","tiered_pricing_fixed_rules":[],"tiered_pricing_percentage_rules":[],"tiered_pricing_minimum":1,"tiered_pricing_roles_data":[],"_links":{"self":[{"href":"https:\/\/www.csj-emballages.com\/pt-pt\/wp-json\/wp\/v2\/product\/261960","targetHints":{"allow":["GET"]}}],"collection":[{"href":"https:\/\/www.csj-emballages.com\/pt-pt\/wp-json\/wp\/v2\/product"}],"about":[{"href":"https:\/\/www.csj-emballages.com\/pt-pt\/wp-json\/wp\/v2\/types\/product"}],"wp:featuredmedia":[{"embeddable":true,"href":"https:\/\/www.csj-emballages.com\/pt-pt\/wp-json\/wp\/v2\/media\/261955"}],"wp:attachment":[{"href":"https:\/\/www.csj-emballages.com\/pt-pt\/wp-json\/wp\/v2\/media?parent=261960"}],"wp:term":[{"taxonomy":"product_brand","embeddable":true,"href":"https:\/\/www.csj-emballages.com\/pt-pt\/wp-json\/wp\/v2\/product_brand?post=261960"},{"taxonomy":"product_cat","embeddable":true,"href":"https:\/\/www.csj-emballages.com\/pt-pt\/wp-json\/wp\/v2\/product_cat?post=261960"},{"taxonomy":"product_tag","embeddable":true,"href":"https:\/\/www.csj-emballages.com\/pt-pt\/wp-json\/wp\/v2\/product_tag?post=261960"}],"curies":[{"name":"wp","href":"https:\/\/api.w.org\/{rel}","templated":true}]}}