{"id":259590,"date":"2025-12-04T16:18:22","date_gmt":"2025-12-04T15:18:22","guid":{"rendered":"https:\/\/www.csj-emballages.com\/produit\/touca-branca-com-viseira-nao-tecida-por-100\/"},"modified":"2026-03-12T16:20:00","modified_gmt":"2026-03-12T15:20:00","slug":"touca-branca-com-viseira-nao-tecida-por-100","status":"publish","type":"product","link":"https:\/\/www.csj-emballages.com\/pt-pt\/produit\/touca-branca-com-viseira-nao-tecida-por-100\/","title":{"rendered":"Touca branca com viseira n\u00e3o tecida por 100"},"content":{"rendered":"<h2>Touca branca com viseira<\/h2>\n<hr>\n<h3>Descubra a nossa touca branca com viseira n\u00e3o tecida por 100 unidades<\/h3>\n<p><!--more--><\/p>\n<p data-start=\"238\" data-end=\"600\">Simples, discreta e eficaz, esta <strong data-start=\"274\" data-end=\"305\">touca branca com viseira<\/strong> responde perfeitamente \u00e0s exig\u00eancias de higiene do dia a dia. Cobre integralmente o cabelo, adicionando uma viseira frontal que oferece uma mais-valia em termos de prote\u00e7\u00e3o. Resultado: menos proje\u00e7\u00f5es, menos contactos involunt\u00e1rios e um ambiente de trabalho mais limpo.  <\/p>\n<p data-start=\"602\" data-end=\"947\">Fabricada em <strong data-start=\"615\" data-end=\"634\">n\u00e3o tecido leve<\/strong>, usa-se facilmente durante v\u00e1rias horas sem causar inc\u00f3modo. O material deixa o couro cabeludo respirar, o que evita o desconforto, mesmo em caso de forte atividade. Al\u00e9m disso, o seu el\u00e1stico flex\u00edvel adapta-se a todas as morfologias sem apertar, o que permite coloc\u00e1-la rapidamente e esquec\u00ea-la quase de imediato.  <\/p>\n<p data-start=\"1285\" data-end=\"1627\">Gra\u00e7as \u00e0 sua <strong>cor branca<\/strong>, esta <strong>touca com viseira<\/strong> transmite uma imagem n\u00edtida e profissional. Integra-se facilmente em todos os c\u00f3digos de higiene e permite identificar rapidamente o pessoal equipado. Vendida <strong data-start=\"1488\" data-end=\"1506\">em lote de 100<\/strong>, \u00e9 perfeita para estruturas que necessitam de uma utiliza\u00e7\u00e3o regular sem restri\u00e7\u00f5es de reabastecimento demasiado frequentes.  <\/p>\n<p data-start=\"1629\" data-end=\"1900\">Em resumo, esta <strong>touca com viseira branca<\/strong> \u00e9 um equipamento simples, mas essencial, concebido para facilitar o trabalho, respeitando simultaneamente os padr\u00f5es de higiene elevados. Pr\u00e1tica, confort\u00e1vel e r\u00e1pida de utilizar, preenche todos os requisitos para uma utiliza\u00e7\u00e3o profissional di\u00e1ria. <\/p>\n<p data-start=\"1529\" data-end=\"1716\"><!--more--><\/p>\n<h4 data-start=\"1529\" data-end=\"1716\">Vantagens :<\/h4>\n<ul>\n<li data-start=\"141\" data-end=\"200\">Cobre totalmente o cabelo para uma higiene ideal.<\/li>\n<li data-start=\"274\" data-end=\"316\">Material <strong>n\u00e3o tecido<\/strong> leve e respir\u00e1vel.<\/li>\n<li data-start=\"319\" data-end=\"382\"><strong>El\u00e1stico flex\u00edvel<\/strong> que se adapta a todas as cabe\u00e7as sem apertar.<\/li>\n<li data-start=\"385\" data-end=\"421\">Confort\u00e1vel para uma utiliza\u00e7\u00e3o prolongada.<\/li>\n<li data-start=\"482\" data-end=\"539\">Cor branca para uma imagem limpa e profissional.<\/li>\n<li data-start=\"542\" data-end=\"586\"><strong>Lote de 100<\/strong>, pr\u00e1tico para uma utiliza\u00e7\u00e3o regular.<\/li>\n<\/ul>\n<p>&nbsp;<\/p>\n<p><!--more--><\/p>\n<h4>Outras informa\u00e7\u00f5es :<\/h4>\n<ul>\n<li><strong>Embalagem<\/strong>: Pacote de 100<\/li>\n<li><strong>Dimens\u00f5es<\/strong>: Tamanho \u00fanico<\/li>\n<li><strong>Cor<\/strong>: Branco<\/li>\n<li><strong>Espessura<\/strong>: Touca: 12 g\/m\u00b2 &#8211; Viseira: 60 g\/m\u00b2<\/li>\n<\/ul>\n<p>&nbsp;<\/p>\n<p><!--more--><\/p>\n<p>Esta touca tamb\u00e9m est\u00e1 dispon\u00edvel sem viseira: <span style=\"color: #d12727;\"><a style=\"color: #d12727;\" href=\"https:\/\/www.csj-emballages.com\/es\/produit\/100-charlottes-negros-tipo-acordeon-48-cm-o-no-tejidos\/\">Preto<\/a><\/span> \/ <span style=\"color: #d12727;\"><a style=\"color: #d12727;\" href=\"https:\/\/www.csj-emballages.com\/es\/produit\/100-charlottes-blancos-tipo-acordeon-48-cm-o-no-tejidos\/\">Branco<\/a><\/span><\/p>\n<p>&nbsp;<\/p>\n<p><!--more--><\/p>\n<p><a href=\"https:\/\/www.csj-emballages.com\/pt-pt\/categorie-produit\/higiene-e-manutencao\/equipamento-individual\/charlottes-pt-pt\/\">Consulte o resto da nossa gama de toucas<\/a><\/p>\n","protected":false},"excerpt":{"rendered":"<p>Touca branca com viseira Descubra a nossa touca branca com viseira n\u00e3o tecida por 100 unidades<\/p>\n","protected":false},"featured_media":259577,"template":"","meta":{"_acf_changed":false},"product_brand":[],"product_cat":[1222,2326,3894],"product_tag":[],"class_list":{"0":"post-259590","1":"product","2":"type-product","3":"status-publish","4":"has-post-thumbnail","6":"product_cat-higiene-e-manutencao","7":"product_cat-equipamento-individual","8":"product_cat-charlottes-pt-pt","10":"first","11":"instock","12":"taxable","13":"shipping-taxable","14":"purchasable","15":"product-type-simple"},"acf":[],"yoast_head":"<!-- This site is optimized with the Yoast SEO Premium plugin v26.6 (Yoast SEO v26.6) - https:\/\/yoast.com\/wordpress\/plugins\/seo\/ -->\n<title>Touca Branca com Viseira N\u00e3o Tecida por 100<\/title>\n<meta name=\"description\" content=\"Touca branca com viseira em n\u00e3o tecido, vendida por 100 unidades. Leve, confort\u00e1vel e ideal para garantir a higiene em restaura\u00e7\u00e3o e agroalimentar.\" \/>\n<meta name=\"robots\" content=\"index, follow, max-snippet:-1, max-image-preview:large, max-video-preview:-1\" \/>\n<link rel=\"canonical\" href=\"https:\/\/www.csj-emballages.com\/pt-pt\/produit\/touca-branca-com-viseira-nao-tecida-por-100\/\" \/>\n<meta property=\"og:locale\" content=\"pt_PT\" \/>\n<meta property=\"og:type\" content=\"article\" \/>\n<meta property=\"og:title\" content=\"Touca branca com viseira n\u00e3o tecida por 100\" \/>\n<meta property=\"og:description\" content=\"Touca branca com viseira em n\u00e3o tecido, vendida por 100 unidades. Leve, confort\u00e1vel e ideal para garantir a higiene em restaura\u00e7\u00e3o e agroalimentar.\" \/>\n<meta property=\"og:url\" content=\"https:\/\/www.csj-emballages.com\/pt-pt\/produit\/touca-branca-com-viseira-nao-tecida-por-100\/\" \/>\n<meta property=\"og:site_name\" content=\"CSJ Emballages\" \/>\n<meta property=\"article:publisher\" content=\"https:\/\/www.facebook.com\/csjemballages\" \/>\n<meta property=\"article:modified_time\" content=\"2026-03-12T15:20:00+00:00\" \/>\n<meta property=\"og:image\" content=\"https:\/\/www.csj-emballages.com\/wp-content\/uploads\/2025\/12\/CHARLVIS.webp\" \/>\n\t<meta property=\"og:image:width\" content=\"800\" \/>\n\t<meta property=\"og:image:height\" content=\"800\" \/>\n\t<meta property=\"og:image:type\" content=\"image\/webp\" \/>\n<meta name=\"twitter:card\" content=\"summary_large_image\" \/>\n<meta name=\"twitter:label1\" content=\"Tempo estimado de leitura\" \/>\n\t<meta name=\"twitter:data1\" content=\"2 minutos\" \/>\n<script type=\"application\/ld+json\" class=\"yoast-schema-graph\">{\"@context\":\"https:\/\/schema.org\",\"@graph\":[{\"@type\":\"WebPage\",\"@id\":\"https:\/\/www.csj-emballages.com\/pt-pt\/produit\/touca-branca-com-viseira-nao-tecida-por-100\/\",\"url\":\"https:\/\/www.csj-emballages.com\/pt-pt\/produit\/touca-branca-com-viseira-nao-tecida-por-100\/\",\"name\":\"Touca Branca com Viseira N\u00e3o Tecida por 100\",\"isPartOf\":{\"@id\":\"https:\/\/www.csj-emballages.com\/pt-pt\/#website\"},\"primaryImageOfPage\":{\"@id\":\"https:\/\/www.csj-emballages.com\/pt-pt\/produit\/touca-branca-com-viseira-nao-tecida-por-100\/#primaryimage\"},\"image\":{\"@id\":\"https:\/\/www.csj-emballages.com\/pt-pt\/produit\/touca-branca-com-viseira-nao-tecida-por-100\/#primaryimage\"},\"thumbnailUrl\":\"https:\/\/www.csj-emballages.com\/wp-content\/uploads\/2025\/12\/CHARLVIS.webp\",\"datePublished\":\"2025-12-04T15:18:22+00:00\",\"dateModified\":\"2026-03-12T15:20:00+00:00\",\"description\":\"Touca branca com viseira em n\u00e3o tecido, vendida por 100 unidades. Leve, confort\u00e1vel e ideal para garantir a higiene em restaura\u00e7\u00e3o e agroalimentar.\",\"breadcrumb\":{\"@id\":\"https:\/\/www.csj-emballages.com\/pt-pt\/produit\/touca-branca-com-viseira-nao-tecida-por-100\/#breadcrumb\"},\"inLanguage\":\"pt-PT\",\"potentialAction\":[{\"@type\":\"ReadAction\",\"target\":[\"https:\/\/www.csj-emballages.com\/pt-pt\/produit\/touca-branca-com-viseira-nao-tecida-por-100\/\"]}]},{\"@type\":\"ImageObject\",\"inLanguage\":\"pt-PT\",\"@id\":\"https:\/\/www.csj-emballages.com\/pt-pt\/produit\/touca-branca-com-viseira-nao-tecida-por-100\/#primaryimage\",\"url\":\"https:\/\/www.csj-emballages.com\/wp-content\/uploads\/2025\/12\/CHARLVIS.webp\",\"contentUrl\":\"https:\/\/www.csj-emballages.com\/wp-content\/uploads\/2025\/12\/CHARLVIS.webp\",\"width\":800,\"height\":800,\"caption\":\"Charlotte blanche \u00e0 visi\u00e8re\"},{\"@type\":\"BreadcrumbList\",\"@id\":\"https:\/\/www.csj-emballages.com\/pt-pt\/produit\/touca-branca-com-viseira-nao-tecida-por-100\/#breadcrumb\",\"itemListElement\":[{\"@type\":\"ListItem\",\"position\":1,\"name\":\"Acolhimento\",\"item\":\"https:\/\/www.csj-emballages.com\/pt-pt\/universo-das-embalagens-alimentares\/\"},{\"@type\":\"ListItem\",\"position\":2,\"name\":\"Shop\",\"item\":\"https:\/\/www.csj-emballages.com\/shop\/\"},{\"@type\":\"ListItem\",\"position\":3,\"name\":\"Touca branca com viseira n\u00e3o tecida por 100\"}]},{\"@type\":\"WebSite\",\"@id\":\"https:\/\/www.csj-emballages.com\/pt-pt\/#website\",\"url\":\"https:\/\/www.csj-emballages.com\/pt-pt\/\",\"name\":\"CSJ Emballages\",\"description\":\"\",\"publisher\":{\"@id\":\"https:\/\/www.csj-emballages.com\/pt-pt\/#organization\"},\"potentialAction\":[{\"@type\":\"SearchAction\",\"target\":{\"@type\":\"EntryPoint\",\"urlTemplate\":\"https:\/\/www.csj-emballages.com\/pt-pt\/?s={search_term_string}\"},\"query-input\":{\"@type\":\"PropertyValueSpecification\",\"valueRequired\":true,\"valueName\":\"search_term_string\"}}],\"inLanguage\":\"pt-PT\"},{\"@type\":\"Organization\",\"@id\":\"https:\/\/www.csj-emballages.com\/pt-pt\/#Organization\/\",\"name\":\"CSJ Emballages\",\"url\":\"https:\/\/www.csj-emballages.com\/pt-pt\/\",\"logo\":{\"@type\":\"ImageObject\",\"inLanguage\":\"pt-PT\",\"@id\":\"https:\/\/www.csj-emballages.com\/pt-pt\/#\/schema\/logo\/image\/\",\"url\":\"https:\/\/www.csj-emballages.com\/wp-content\/uploads\/2023\/10\/logo_csj.webp\",\"contentUrl\":\"https:\/\/www.csj-emballages.com\/wp-content\/uploads\/2023\/10\/logo_csj.webp\",\"width\":250,\"height\":95,\"caption\":\"CSJ Emballages\"},\"image\":{\"@id\":\"https:\/\/www.csj-emballages.com\/pt-pt\/#\/schema\/logo\/image\/\"},\"sameAs\":[\"https:\/\/www.facebook.com\/csjemballages\"],\"address\":{\"@type\":\"PostalAddress\",\"streetAddress\":\"ZI La Lechere\",\"addressLocality\":\"Patornay\",\"postalCode\":\"39130\",\"addressCountry\":\"FR\"},\"contactPoint\":[{\"@type\":\"ContactPoint\",\"contactType\":\"Service client\",\"telephone\":\"0384254272\",\"email\":\"contact@csj-emballages.com\"}]}]}<\/script>\n<!-- \/ Yoast SEO Premium plugin. -->","yoast_head_json":{"title":"Touca Branca com Viseira N\u00e3o Tecida por 100","description":"Touca branca com viseira em n\u00e3o tecido, vendida por 100 unidades. Leve, confort\u00e1vel e ideal para garantir a higiene em restaura\u00e7\u00e3o e agroalimentar.","robots":{"index":"index","follow":"follow","max-snippet":"max-snippet:-1","max-image-preview":"max-image-preview:large","max-video-preview":"max-video-preview:-1"},"canonical":"https:\/\/www.csj-emballages.com\/pt-pt\/produit\/touca-branca-com-viseira-nao-tecida-por-100\/","og_locale":"pt_PT","og_type":"article","og_title":"Touca branca com viseira n\u00e3o tecida por 100","og_description":"Touca branca com viseira em n\u00e3o tecido, vendida por 100 unidades. Leve, confort\u00e1vel e ideal para garantir a higiene em restaura\u00e7\u00e3o e agroalimentar.","og_url":"https:\/\/www.csj-emballages.com\/pt-pt\/produit\/touca-branca-com-viseira-nao-tecida-por-100\/","og_site_name":"CSJ Emballages","article_publisher":"https:\/\/www.facebook.com\/csjemballages","article_modified_time":"2026-03-12T15:20:00+00:00","og_image":[{"width":800,"height":800,"url":"https:\/\/www.csj-emballages.com\/wp-content\/uploads\/2025\/12\/CHARLVIS.webp","type":"image\/webp"}],"twitter_card":"summary_large_image","twitter_misc":{"Tempo estimado de leitura":"2 minutos"},"schema":{"@context":"https:\/\/schema.org","@graph":[{"@type":"WebPage","@id":"https:\/\/www.csj-emballages.com\/pt-pt\/produit\/touca-branca-com-viseira-nao-tecida-por-100\/","url":"https:\/\/www.csj-emballages.com\/pt-pt\/produit\/touca-branca-com-viseira-nao-tecida-por-100\/","name":"Touca Branca com Viseira N\u00e3o Tecida por 100","isPartOf":{"@id":"https:\/\/www.csj-emballages.com\/pt-pt\/#website"},"primaryImageOfPage":{"@id":"https:\/\/www.csj-emballages.com\/pt-pt\/produit\/touca-branca-com-viseira-nao-tecida-por-100\/#primaryimage"},"image":{"@id":"https:\/\/www.csj-emballages.com\/pt-pt\/produit\/touca-branca-com-viseira-nao-tecida-por-100\/#primaryimage"},"thumbnailUrl":"https:\/\/www.csj-emballages.com\/wp-content\/uploads\/2025\/12\/CHARLVIS.webp","datePublished":"2025-12-04T15:18:22+00:00","dateModified":"2026-03-12T15:20:00+00:00","description":"Touca branca com viseira em n\u00e3o tecido, vendida por 100 unidades. Leve, confort\u00e1vel e ideal para garantir a higiene em restaura\u00e7\u00e3o e agroalimentar.","breadcrumb":{"@id":"https:\/\/www.csj-emballages.com\/pt-pt\/produit\/touca-branca-com-viseira-nao-tecida-por-100\/#breadcrumb"},"inLanguage":"pt-PT","potentialAction":[{"@type":"ReadAction","target":["https:\/\/www.csj-emballages.com\/pt-pt\/produit\/touca-branca-com-viseira-nao-tecida-por-100\/"]}]},{"@type":"ImageObject","inLanguage":"pt-PT","@id":"https:\/\/www.csj-emballages.com\/pt-pt\/produit\/touca-branca-com-viseira-nao-tecida-por-100\/#primaryimage","url":"https:\/\/www.csj-emballages.com\/wp-content\/uploads\/2025\/12\/CHARLVIS.webp","contentUrl":"https:\/\/www.csj-emballages.com\/wp-content\/uploads\/2025\/12\/CHARLVIS.webp","width":800,"height":800,"caption":"Charlotte blanche \u00e0 visi\u00e8re"},{"@type":"BreadcrumbList","@id":"https:\/\/www.csj-emballages.com\/pt-pt\/produit\/touca-branca-com-viseira-nao-tecida-por-100\/#breadcrumb","itemListElement":[{"@type":"ListItem","position":1,"name":"Acolhimento","item":"https:\/\/www.csj-emballages.com\/pt-pt\/universo-das-embalagens-alimentares\/"},{"@type":"ListItem","position":2,"name":"Shop","item":"https:\/\/www.csj-emballages.com\/shop\/"},{"@type":"ListItem","position":3,"name":"Touca branca com viseira n\u00e3o tecida por 100"}]},{"@type":"WebSite","@id":"https:\/\/www.csj-emballages.com\/pt-pt\/#website","url":"https:\/\/www.csj-emballages.com\/pt-pt\/","name":"CSJ Emballages","description":"","publisher":{"@id":"https:\/\/www.csj-emballages.com\/pt-pt\/#organization"},"potentialAction":[{"@type":"SearchAction","target":{"@type":"EntryPoint","urlTemplate":"https:\/\/www.csj-emballages.com\/pt-pt\/?s={search_term_string}"},"query-input":{"@type":"PropertyValueSpecification","valueRequired":true,"valueName":"search_term_string"}}],"inLanguage":"pt-PT"},{"@type":"Organization","@id":"https:\/\/www.csj-emballages.com\/pt-pt\/#Organization\/","name":"CSJ Emballages","url":"https:\/\/www.csj-emballages.com\/pt-pt\/","logo":{"@type":"ImageObject","inLanguage":"pt-PT","@id":"https:\/\/www.csj-emballages.com\/pt-pt\/#\/schema\/logo\/image\/","url":"https:\/\/www.csj-emballages.com\/wp-content\/uploads\/2023\/10\/logo_csj.webp","contentUrl":"https:\/\/www.csj-emballages.com\/wp-content\/uploads\/2023\/10\/logo_csj.webp","width":250,"height":95,"caption":"CSJ Emballages"},"image":{"@id":"https:\/\/www.csj-emballages.com\/pt-pt\/#\/schema\/logo\/image\/"},"sameAs":["https:\/\/www.facebook.com\/csjemballages"],"address":{"@type":"PostalAddress","streetAddress":"ZI La Lechere","addressLocality":"Patornay","postalCode":"39130","addressCountry":"FR"},"contactPoint":[{"@type":"ContactPoint","contactType":"Service client","telephone":"0384254272","email":"contact@csj-emballages.com"}]}]}},"df_price":6.62,"df_sale_price":"","df_regular_price":6.62,"df_image_link":"https:\/\/www.csj-emballages.com\/wp-content\/uploads\/2025\/12\/CHARLVIS-300x300.webp","tiered_pricing_type":"fixed","tiered_pricing_fixed_rules":[],"tiered_pricing_percentage_rules":[],"tiered_pricing_minimum":1,"tiered_pricing_roles_data":[],"_links":{"self":[{"href":"https:\/\/www.csj-emballages.com\/pt-pt\/wp-json\/wp\/v2\/product\/259590","targetHints":{"allow":["GET"]}}],"collection":[{"href":"https:\/\/www.csj-emballages.com\/pt-pt\/wp-json\/wp\/v2\/product"}],"about":[{"href":"https:\/\/www.csj-emballages.com\/pt-pt\/wp-json\/wp\/v2\/types\/product"}],"wp:featuredmedia":[{"embeddable":true,"href":"https:\/\/www.csj-emballages.com\/pt-pt\/wp-json\/wp\/v2\/media\/259577"}],"wp:attachment":[{"href":"https:\/\/www.csj-emballages.com\/pt-pt\/wp-json\/wp\/v2\/media?parent=259590"}],"wp:term":[{"taxonomy":"product_brand","embeddable":true,"href":"https:\/\/www.csj-emballages.com\/pt-pt\/wp-json\/wp\/v2\/product_brand?post=259590"},{"taxonomy":"product_cat","embeddable":true,"href":"https:\/\/www.csj-emballages.com\/pt-pt\/wp-json\/wp\/v2\/product_cat?post=259590"},{"taxonomy":"product_tag","embeddable":true,"href":"https:\/\/www.csj-emballages.com\/pt-pt\/wp-json\/wp\/v2\/product_tag?post=259590"}],"curies":[{"name":"wp","href":"https:\/\/api.w.org\/{rel}","templated":true}]}}