{"id":259558,"date":"2025-12-22T14:55:04","date_gmt":"2025-12-22T13:55:04","guid":{"rendered":"https:\/\/www.csj-emballages.com\/produit\/caixa-para-tronco-sapin-20-x-115-x-105-cm-por-25\/"},"modified":"2026-03-12T16:11:40","modified_gmt":"2026-03-12T15:11:40","slug":"caixa-para-tronco-sapin-20-x-115-x-105-cm-por-25","status":"publish","type":"product","link":"https:\/\/www.csj-emballages.com\/pt-pt\/produit\/caixa-para-tronco-sapin-20-x-115-x-105-cm-por-25\/","title":{"rendered":"Caixa para tronco &#8220;Sapin&#8221; 20 x 11,5 x 10,5 cm por 25"},"content":{"rendered":"<h2>Caixa de registo<\/h2>\n<hr>\n<h3>Descubra a nossa caixa para tronco &#8220;Sapin&#8221; 20 x 11,5 x 10,5 cm por 25<\/h3>\n<p><!--more--><\/p>\n<p data-start=\"231\" data-end=\"647\">Com a aproxima\u00e7\u00e3o das festas, a embalagem torna-se quase t\u00e3o importante quanto a pr\u00f3pria sobremesa. Com a <strong data-start=\"332\" data-end=\"357\">caixa para tronco \u201cSapin\u201d<\/strong>, as suas cria\u00e7\u00f5es ganham logo outra dimens\u00e3o. O seu design gr\u00e1fico, composto por <strong>pinheiros estilizados<\/strong> em tons <strong>vermelhos<\/strong> e <strong>dourados<\/strong>, proporciona um ambiente festivo moderno, sem cair no demasiado cl\u00e1ssico. Logo ao primeiro olhar, evoca o <strong>Natal<\/strong>, a partilha e os momentos gulosos.   <\/p>\n<p data-start=\"649\" data-end=\"964\">O seu formato de <strong data-start=\"660\" data-end=\"683\">20 x 11,5 x 10,5 cm<\/strong> \u00e9 perfeito para <strong>troncos individuais<\/strong> ou <strong>pequenos troncos<\/strong> para partilhar. A estrutura em cart\u00e3o r\u00edgido mant\u00e9m a pastelaria bem assente e limita os riscos durante o transporte. Assim, os seus clientes levam para casa, com toda a tranquilidade, uma sobremesa protegida e apresentada com cuidado.<\/p>\n<p data-start=\"966\" data-end=\"1247\">Para al\u00e9m da sua est\u00e9tica cuidada, esta <strong data-start=\"332\" data-end=\"357\">caixa para tronco<\/strong> foi pensada para uma utiliza\u00e7\u00e3o pr\u00e1tica no dia a dia. Monta-se rapidamente, o que \u00e9 uma mais-valia durante os per\u00edodos de maior atividade, nomeadamente em dezembro. Ganha tempo, mantendo uma apresenta\u00e7\u00e3o irrepreens\u00edvel.<\/p>\n<p data-start=\"1249\" data-end=\"1527\">Vendida <strong data-start=\"1256\" data-end=\"1273\">em lotes de 25<\/strong>, permite gerir facilmente os seus volumes sem sobrecarregar o seu espa\u00e7o de armazenamento. Seja pasteleiro, padeiro ou fornecedor de catering, esta caixa integra-se naturalmente na sua oferta de fim de ano e valoriza os seus produtos sem esfor\u00e7o adicional.<\/p>\n<p data-start=\"1529\" data-end=\"1716\">Em resumo, a <strong data-start=\"332\" data-end=\"357\">caixa<\/strong> <strong>para tronco \u201cSapin\u201d<\/strong> n\u00e3o \u00e9 apenas uma simples embalagem. Prolonga a experi\u00eancia festiva at\u00e9 ao momento da degusta\u00e7\u00e3o e confere aos seus troncos o inv\u00f3lucro que eles merecem.<\/p>\n<p data-start=\"1529\" data-end=\"1716\"><!--more--><\/p>\n<h4 data-start=\"1529\" data-end=\"1716\">Vantagens :<\/h4>\n<ul>\n<li data-start=\"1744\" data-end=\"1779\">Design festivo moderno e elegante.<\/li>\n<li data-start=\"1782\" data-end=\"1841\">Formato ideal para troncos individuais ou pequenos troncos.<\/li>\n<li data-start=\"1844\" data-end=\"1876\">Boas propriedades de transporte.<\/li>\n<li data-start=\"1879\" data-end=\"1906\">Montagem r\u00e1pida e simples.<\/li>\n<li data-start=\"1909\" data-end=\"1961\">Lote pr\u00e1tico de <strong>25 unidades<\/strong> para a \u00e9poca festiva.<\/li>\n<\/ul>\n<p>&nbsp;<\/p>\n<p><!--more--><\/p>\n<h4>Outras informa\u00e7\u00f5es :<\/h4>\n<ul>\n<li><strong>Embalagem<\/strong>: Pacote de 25<\/li>\n<li><strong>Dimens\u00f5es<\/strong>: 20 x 11,5 x 10,5 cm<\/li>\n<li><strong>Cor<\/strong>: Branco \/ Vermelho \/ Dourado<\/li>\n<li><strong>Material<\/strong>: Cart\u00e3o<\/li>\n<\/ul>\n<p>&nbsp;<\/p>\n<p><!--more--><\/p>\n<p>Esta caixa para tronco est\u00e1 dispon\u00edvel em diferentes tamanhos: <span style=\"color: #d12727;\"><a style=\"color: #d12727;\" href=\"https:\/\/www.csj-emballages.com\/es\/produit\/caja-para-tronco-navideno-abeto-25-x-115-x-105-cm-por-25-unidades\/\">25 x 11,5 x 10,5 cm<\/a><\/span> \/ <span style=\"color: #d12727;\"><a style=\"color: #d12727;\" href=\"https:\/\/www.csj-emballages.com\/pt-pt\/produit\/caixa-para-tronco-sapin-40-x-115-x-105-cm-por-25\/\">40 x 11,5 x 10,5 cm<\/a><\/span><\/p>\n<p>&nbsp;<\/p>\n<p><!--more--><\/p>\n<p><a href=\"https:\/\/www.csj-emballages.com\/pt-pt\/categorie-produit\/embalagem-de-alimentos\/padaria-e-pastelaria\/caixas-e-estojos\/caixas-de-registo\/caixas-para-tronco-pinheiro\/\">Consulte o resto da nossa gama de caixas para tronco &#8216;Sapin&#8217;<\/a><\/p>\n","protected":false},"excerpt":{"rendered":"<p>Caixa de registo Descubra a nossa caixa para tronco &#8220;Sapin&#8221; 20 x 11,5 x 10,5 cm por 25<\/p>\n","protected":false},"featured_media":259555,"template":"","meta":{"_acf_changed":false},"product_brand":[],"product_cat":[1141,1177,3916,2079,10203,1267],"product_tag":[],"class_list":{"0":"post-259558","1":"product","2":"type-product","3":"status-publish","4":"has-post-thumbnail","6":"product_cat-embalagem-de-alimentos","7":"product_cat-padaria-e-pastelaria","8":"product_cat-caixas-e-estojos","9":"product_cat-caixas-de-registo","10":"product_cat-caixas-para-tronco-pinheiro","11":"product_cat-descontos-promocoes","13":"first","14":"instock","15":"sale","16":"taxable","17":"shipping-taxable","18":"purchasable","19":"product-type-simple"},"acf":[],"yoast_head":"<!-- This site is optimized with the Yoast SEO Premium plugin v26.6 (Yoast SEO v26.6) - https:\/\/yoast.com\/wordpress\/plugins\/seo\/ -->\n<title>Caixa para Tronco de Natal &quot;Sapin&quot; 20 x 11,5 x 10,5 cm (embalagem de 25)<\/title>\n<meta name=\"description\" content=\"Caixa para tronco de Natal \u201cSapin\u201d 20x11,5x10,5 cm, vendida em embalagens de 25. Design festivo moderno, cart\u00e3o r\u00edgido e ideal para real\u00e7ar as suas sobremesas de Natal.\" \/>\n<meta name=\"robots\" content=\"index, follow, max-snippet:-1, max-image-preview:large, max-video-preview:-1\" \/>\n<link rel=\"canonical\" href=\"https:\/\/www.csj-emballages.com\/pt-pt\/produit\/caixa-para-tronco-sapin-20-x-115-x-105-cm-por-25\/\" \/>\n<meta property=\"og:locale\" content=\"pt_PT\" \/>\n<meta property=\"og:type\" content=\"article\" \/>\n<meta property=\"og:title\" content=\"Caixa para tronco &quot;Sapin&quot; 20 x 11,5 x 10,5 cm por 25\" \/>\n<meta property=\"og:description\" content=\"Caixa para tronco de Natal \u201cSapin\u201d 20x11,5x10,5 cm, vendida em embalagens de 25. Design festivo moderno, cart\u00e3o r\u00edgido e ideal para real\u00e7ar as suas sobremesas de Natal.\" \/>\n<meta property=\"og:url\" content=\"https:\/\/www.csj-emballages.com\/pt-pt\/produit\/caixa-para-tronco-sapin-20-x-115-x-105-cm-por-25\/\" \/>\n<meta property=\"og:site_name\" content=\"CSJ Emballages\" \/>\n<meta property=\"article:publisher\" content=\"https:\/\/www.facebook.com\/csjemballages\" \/>\n<meta property=\"article:modified_time\" content=\"2026-03-12T15:11:40+00:00\" \/>\n<meta property=\"og:image\" content=\"https:\/\/www.csj-emballages.com\/wp-content\/uploads\/2025\/12\/Boite-a-buche-Sapin-1.webp\" \/>\n\t<meta property=\"og:image:width\" content=\"800\" \/>\n\t<meta property=\"og:image:height\" content=\"799\" \/>\n\t<meta property=\"og:image:type\" content=\"image\/webp\" \/>\n<meta name=\"twitter:card\" content=\"summary_large_image\" \/>\n<meta name=\"twitter:label1\" content=\"Tempo estimado de leitura\" \/>\n\t<meta name=\"twitter:data1\" content=\"2 minutos\" \/>\n<script type=\"application\/ld+json\" class=\"yoast-schema-graph\">{\"@context\":\"https:\/\/schema.org\",\"@graph\":[{\"@type\":\"WebPage\",\"@id\":\"https:\/\/www.csj-emballages.com\/pt-pt\/produit\/caixa-para-tronco-sapin-20-x-115-x-105-cm-por-25\/\",\"url\":\"https:\/\/www.csj-emballages.com\/pt-pt\/produit\/caixa-para-tronco-sapin-20-x-115-x-105-cm-por-25\/\",\"name\":\"Caixa para Tronco de Natal \\\"Sapin\\\" 20 x 11,5 x 10,5 cm (embalagem de 25)\",\"isPartOf\":{\"@id\":\"https:\/\/www.csj-emballages.com\/pt-pt\/#website\"},\"primaryImageOfPage\":{\"@id\":\"https:\/\/www.csj-emballages.com\/pt-pt\/produit\/caixa-para-tronco-sapin-20-x-115-x-105-cm-por-25\/#primaryimage\"},\"image\":{\"@id\":\"https:\/\/www.csj-emballages.com\/pt-pt\/produit\/caixa-para-tronco-sapin-20-x-115-x-105-cm-por-25\/#primaryimage\"},\"thumbnailUrl\":\"https:\/\/www.csj-emballages.com\/wp-content\/uploads\/2025\/12\/Boite-a-buche-Sapin-1.webp\",\"datePublished\":\"2025-12-22T13:55:04+00:00\",\"dateModified\":\"2026-03-12T15:11:40+00:00\",\"description\":\"Caixa para tronco de Natal \u201cSapin\u201d 20x11,5x10,5 cm, vendida em embalagens de 25. Design festivo moderno, cart\u00e3o r\u00edgido e ideal para real\u00e7ar as suas sobremesas de Natal.\",\"breadcrumb\":{\"@id\":\"https:\/\/www.csj-emballages.com\/pt-pt\/produit\/caixa-para-tronco-sapin-20-x-115-x-105-cm-por-25\/#breadcrumb\"},\"inLanguage\":\"pt-PT\",\"potentialAction\":[{\"@type\":\"ReadAction\",\"target\":[\"https:\/\/www.csj-emballages.com\/pt-pt\/produit\/caixa-para-tronco-sapin-20-x-115-x-105-cm-por-25\/\"]}]},{\"@type\":\"ImageObject\",\"inLanguage\":\"pt-PT\",\"@id\":\"https:\/\/www.csj-emballages.com\/pt-pt\/produit\/caixa-para-tronco-sapin-20-x-115-x-105-cm-por-25\/#primaryimage\",\"url\":\"https:\/\/www.csj-emballages.com\/wp-content\/uploads\/2025\/12\/Boite-a-buche-Sapin-1.webp\",\"contentUrl\":\"https:\/\/www.csj-emballages.com\/wp-content\/uploads\/2025\/12\/Boite-a-buche-Sapin-1.webp\",\"width\":800,\"height\":799,\"caption\":\"Boite \u00e0 b\u00fbche\"},{\"@type\":\"BreadcrumbList\",\"@id\":\"https:\/\/www.csj-emballages.com\/pt-pt\/produit\/caixa-para-tronco-sapin-20-x-115-x-105-cm-por-25\/#breadcrumb\",\"itemListElement\":[{\"@type\":\"ListItem\",\"position\":1,\"name\":\"Acolhimento\",\"item\":\"https:\/\/www.csj-emballages.com\/pt-pt\/universo-das-embalagens-alimentares\/\"},{\"@type\":\"ListItem\",\"position\":2,\"name\":\"Shop\",\"item\":\"https:\/\/www.csj-emballages.com\/shop\/\"},{\"@type\":\"ListItem\",\"position\":3,\"name\":\"Caixa para tronco \u00ab\u00a0Sapin\u00a0\u00bb 20 x 11,5 x 10,5 cm por 25\"}]},{\"@type\":\"WebSite\",\"@id\":\"https:\/\/www.csj-emballages.com\/pt-pt\/#website\",\"url\":\"https:\/\/www.csj-emballages.com\/pt-pt\/\",\"name\":\"CSJ Emballages\",\"description\":\"\",\"publisher\":{\"@id\":\"https:\/\/www.csj-emballages.com\/pt-pt\/#organization\"},\"potentialAction\":[{\"@type\":\"SearchAction\",\"target\":{\"@type\":\"EntryPoint\",\"urlTemplate\":\"https:\/\/www.csj-emballages.com\/pt-pt\/?s={search_term_string}\"},\"query-input\":{\"@type\":\"PropertyValueSpecification\",\"valueRequired\":true,\"valueName\":\"search_term_string\"}}],\"inLanguage\":\"pt-PT\"},{\"@type\":\"Organization\",\"@id\":\"https:\/\/www.csj-emballages.com\/pt-pt\/#Organization\/\",\"name\":\"CSJ Emballages\",\"url\":\"https:\/\/www.csj-emballages.com\/pt-pt\/\",\"logo\":{\"@type\":\"ImageObject\",\"inLanguage\":\"pt-PT\",\"@id\":\"https:\/\/www.csj-emballages.com\/pt-pt\/#\/schema\/logo\/image\/\",\"url\":\"https:\/\/www.csj-emballages.com\/wp-content\/uploads\/2023\/10\/logo_csj.webp\",\"contentUrl\":\"https:\/\/www.csj-emballages.com\/wp-content\/uploads\/2023\/10\/logo_csj.webp\",\"width\":250,\"height\":95,\"caption\":\"CSJ Emballages\"},\"image\":{\"@id\":\"https:\/\/www.csj-emballages.com\/pt-pt\/#\/schema\/logo\/image\/\"},\"sameAs\":[\"https:\/\/www.facebook.com\/csjemballages\"],\"address\":{\"@type\":\"PostalAddress\",\"streetAddress\":\"ZI La Lechere\",\"addressLocality\":\"Patornay\",\"postalCode\":\"39130\",\"addressCountry\":\"FR\"},\"contactPoint\":[{\"@type\":\"ContactPoint\",\"contactType\":\"Service client\",\"telephone\":\"0384254272\",\"email\":\"contact@csj-emballages.com\"}]}]}<\/script>\n<!-- \/ Yoast SEO Premium plugin. -->","yoast_head_json":{"title":"Caixa para Tronco de Natal \"Sapin\" 20 x 11,5 x 10,5 cm (embalagem de 25)","description":"Caixa para tronco de Natal \u201cSapin\u201d 20x11,5x10,5 cm, vendida em embalagens de 25. Design festivo moderno, cart\u00e3o r\u00edgido e ideal para real\u00e7ar as suas sobremesas de Natal.","robots":{"index":"index","follow":"follow","max-snippet":"max-snippet:-1","max-image-preview":"max-image-preview:large","max-video-preview":"max-video-preview:-1"},"canonical":"https:\/\/www.csj-emballages.com\/pt-pt\/produit\/caixa-para-tronco-sapin-20-x-115-x-105-cm-por-25\/","og_locale":"pt_PT","og_type":"article","og_title":"Caixa para tronco \"Sapin\" 20 x 11,5 x 10,5 cm por 25","og_description":"Caixa para tronco de Natal \u201cSapin\u201d 20x11,5x10,5 cm, vendida em embalagens de 25. Design festivo moderno, cart\u00e3o r\u00edgido e ideal para real\u00e7ar as suas sobremesas de Natal.","og_url":"https:\/\/www.csj-emballages.com\/pt-pt\/produit\/caixa-para-tronco-sapin-20-x-115-x-105-cm-por-25\/","og_site_name":"CSJ Emballages","article_publisher":"https:\/\/www.facebook.com\/csjemballages","article_modified_time":"2026-03-12T15:11:40+00:00","og_image":[{"width":800,"height":799,"url":"https:\/\/www.csj-emballages.com\/wp-content\/uploads\/2025\/12\/Boite-a-buche-Sapin-1.webp","type":"image\/webp"}],"twitter_card":"summary_large_image","twitter_misc":{"Tempo estimado de leitura":"2 minutos"},"schema":{"@context":"https:\/\/schema.org","@graph":[{"@type":"WebPage","@id":"https:\/\/www.csj-emballages.com\/pt-pt\/produit\/caixa-para-tronco-sapin-20-x-115-x-105-cm-por-25\/","url":"https:\/\/www.csj-emballages.com\/pt-pt\/produit\/caixa-para-tronco-sapin-20-x-115-x-105-cm-por-25\/","name":"Caixa para Tronco de Natal \"Sapin\" 20 x 11,5 x 10,5 cm (embalagem de 25)","isPartOf":{"@id":"https:\/\/www.csj-emballages.com\/pt-pt\/#website"},"primaryImageOfPage":{"@id":"https:\/\/www.csj-emballages.com\/pt-pt\/produit\/caixa-para-tronco-sapin-20-x-115-x-105-cm-por-25\/#primaryimage"},"image":{"@id":"https:\/\/www.csj-emballages.com\/pt-pt\/produit\/caixa-para-tronco-sapin-20-x-115-x-105-cm-por-25\/#primaryimage"},"thumbnailUrl":"https:\/\/www.csj-emballages.com\/wp-content\/uploads\/2025\/12\/Boite-a-buche-Sapin-1.webp","datePublished":"2025-12-22T13:55:04+00:00","dateModified":"2026-03-12T15:11:40+00:00","description":"Caixa para tronco de Natal \u201cSapin\u201d 20x11,5x10,5 cm, vendida em embalagens de 25. Design festivo moderno, cart\u00e3o r\u00edgido e ideal para real\u00e7ar as suas sobremesas de Natal.","breadcrumb":{"@id":"https:\/\/www.csj-emballages.com\/pt-pt\/produit\/caixa-para-tronco-sapin-20-x-115-x-105-cm-por-25\/#breadcrumb"},"inLanguage":"pt-PT","potentialAction":[{"@type":"ReadAction","target":["https:\/\/www.csj-emballages.com\/pt-pt\/produit\/caixa-para-tronco-sapin-20-x-115-x-105-cm-por-25\/"]}]},{"@type":"ImageObject","inLanguage":"pt-PT","@id":"https:\/\/www.csj-emballages.com\/pt-pt\/produit\/caixa-para-tronco-sapin-20-x-115-x-105-cm-por-25\/#primaryimage","url":"https:\/\/www.csj-emballages.com\/wp-content\/uploads\/2025\/12\/Boite-a-buche-Sapin-1.webp","contentUrl":"https:\/\/www.csj-emballages.com\/wp-content\/uploads\/2025\/12\/Boite-a-buche-Sapin-1.webp","width":800,"height":799,"caption":"Boite \u00e0 b\u00fbche"},{"@type":"BreadcrumbList","@id":"https:\/\/www.csj-emballages.com\/pt-pt\/produit\/caixa-para-tronco-sapin-20-x-115-x-105-cm-por-25\/#breadcrumb","itemListElement":[{"@type":"ListItem","position":1,"name":"Acolhimento","item":"https:\/\/www.csj-emballages.com\/pt-pt\/universo-das-embalagens-alimentares\/"},{"@type":"ListItem","position":2,"name":"Shop","item":"https:\/\/www.csj-emballages.com\/shop\/"},{"@type":"ListItem","position":3,"name":"Caixa para tronco \u00ab\u00a0Sapin\u00a0\u00bb 20 x 11,5 x 10,5 cm por 25"}]},{"@type":"WebSite","@id":"https:\/\/www.csj-emballages.com\/pt-pt\/#website","url":"https:\/\/www.csj-emballages.com\/pt-pt\/","name":"CSJ Emballages","description":"","publisher":{"@id":"https:\/\/www.csj-emballages.com\/pt-pt\/#organization"},"potentialAction":[{"@type":"SearchAction","target":{"@type":"EntryPoint","urlTemplate":"https:\/\/www.csj-emballages.com\/pt-pt\/?s={search_term_string}"},"query-input":{"@type":"PropertyValueSpecification","valueRequired":true,"valueName":"search_term_string"}}],"inLanguage":"pt-PT"},{"@type":"Organization","@id":"https:\/\/www.csj-emballages.com\/pt-pt\/#Organization\/","name":"CSJ Emballages","url":"https:\/\/www.csj-emballages.com\/pt-pt\/","logo":{"@type":"ImageObject","inLanguage":"pt-PT","@id":"https:\/\/www.csj-emballages.com\/pt-pt\/#\/schema\/logo\/image\/","url":"https:\/\/www.csj-emballages.com\/wp-content\/uploads\/2023\/10\/logo_csj.webp","contentUrl":"https:\/\/www.csj-emballages.com\/wp-content\/uploads\/2023\/10\/logo_csj.webp","width":250,"height":95,"caption":"CSJ Emballages"},"image":{"@id":"https:\/\/www.csj-emballages.com\/pt-pt\/#\/schema\/logo\/image\/"},"sameAs":["https:\/\/www.facebook.com\/csjemballages"],"address":{"@type":"PostalAddress","streetAddress":"ZI La Lechere","addressLocality":"Patornay","postalCode":"39130","addressCountry":"FR"},"contactPoint":[{"@type":"ContactPoint","contactType":"Service client","telephone":"0384254272","email":"contact@csj-emballages.com"}]}]}},"df_price":8.29,"df_sale_price":8.29,"df_regular_price":9.22,"df_image_link":"https:\/\/www.csj-emballages.com\/wp-content\/uploads\/2025\/12\/Boite-a-buche-Sapin-1-300x300.webp","tiered_pricing_type":"fixed","tiered_pricing_fixed_rules":[],"tiered_pricing_percentage_rules":[],"tiered_pricing_minimum":1,"tiered_pricing_roles_data":[],"_links":{"self":[{"href":"https:\/\/www.csj-emballages.com\/pt-pt\/wp-json\/wp\/v2\/product\/259558","targetHints":{"allow":["GET"]}}],"collection":[{"href":"https:\/\/www.csj-emballages.com\/pt-pt\/wp-json\/wp\/v2\/product"}],"about":[{"href":"https:\/\/www.csj-emballages.com\/pt-pt\/wp-json\/wp\/v2\/types\/product"}],"wp:featuredmedia":[{"embeddable":true,"href":"https:\/\/www.csj-emballages.com\/pt-pt\/wp-json\/wp\/v2\/media\/259555"}],"wp:attachment":[{"href":"https:\/\/www.csj-emballages.com\/pt-pt\/wp-json\/wp\/v2\/media?parent=259558"}],"wp:term":[{"taxonomy":"product_brand","embeddable":true,"href":"https:\/\/www.csj-emballages.com\/pt-pt\/wp-json\/wp\/v2\/product_brand?post=259558"},{"taxonomy":"product_cat","embeddable":true,"href":"https:\/\/www.csj-emballages.com\/pt-pt\/wp-json\/wp\/v2\/product_cat?post=259558"},{"taxonomy":"product_tag","embeddable":true,"href":"https:\/\/www.csj-emballages.com\/pt-pt\/wp-json\/wp\/v2\/product_tag?post=259558"}],"curies":[{"name":"wp","href":"https:\/\/api.w.org\/{rel}","templated":true}]}}