{"id":259285,"date":"2025-09-15T09:55:59","date_gmt":"2025-09-15T07:55:59","guid":{"rendered":"https:\/\/www.csj-emballages.com\/produit\/guardanapo-lilas-micro-gofado-38-x-38-cm-por-40\/"},"modified":"2026-04-05T02:11:27","modified_gmt":"2026-04-05T00:11:27","slug":"guardanapo-lilas-micro-gofado-38-x-38-cm-por-40","status":"publish","type":"product","link":"https:\/\/www.csj-emballages.com\/pt-pt\/produit\/guardanapo-lilas-micro-gofado-38-x-38-cm-por-40\/","title":{"rendered":"Guardanapo lil\u00e1s micro-gofado 38 x 38 cm por 40"},"content":{"rendered":"<h2 class=\"p1\">Guardanapo lil\u00e1s<\/h2>\n<hr>\n<h3>Descri\u00e7\u00e3o do nosso guardanapo lil\u00e1s micro-gofado 38 x 38 cm por 40<\/h3>\n<p><!--more--><\/p>\n<p data-start=\"261\" data-end=\"652\">Este <strong data-start=\"267\" data-end=\"310\">guardanapo lil\u00e1s micro-gofado 38 x 38 cm<\/strong> confere instantaneamente um toque <strong>suave<\/strong> e <strong>elegante<\/strong> \u00e0s suas mesas. A sua cor delicada destaca-se dos tons cl\u00e1ssicos, mantendo-se f\u00e1cil de combinar, seja para um evento, um servi\u00e7o de catering, um restaurante ou at\u00e9 uma rece\u00e7\u00e3o mais acolhedora. Atrai o olhar sem exagerar e cria um ambiente cuidado desde o in\u00edcio.  <\/p>\n<p data-start=\"654\" data-end=\"1013\">Gra\u00e7as \u00e0 sua textura <strong>micro-gofada<\/strong>, o guardanapo oferece uma boa ader\u00eancia e uma absor\u00e7\u00e3o eficaz. N\u00e3o se limita a ser bonito: tamb\u00e9m \u00e9 agrad\u00e1vel de usar. Os relevos discretos conferem um toque mais qualitativo e evitam o efeito de \u201cpapel demasiado liso\u201d. Assim, os seus clientes desfrutam de um verdadeiro conforto \u00e0 mesa, do in\u00edcio ao fim da refei\u00e7\u00e3o.   <\/p>\n<p data-start=\"1015\" data-end=\"1304\">O seu formato <strong data-start=\"1026\" data-end=\"1040\">38 x 38 cm<\/strong> \u00e9 perfeito para diversas utiliza\u00e7\u00f5es. Pode ser dobrado de diferentes formas para decorar uma mesa ou simplesmente colocado para um servi\u00e7o r\u00e1pido. Al\u00e9m disso, mant\u00e9m uma boa resist\u00eancia durante toda a refei\u00e7\u00e3o, mesmo em servi\u00e7os mais movimentados.  <\/p>\n<p data-start=\"1306\" data-end=\"1526\">O <strong data-start=\"1309\" data-end=\"1333\">conjunto de 40 guardanapos<\/strong> permite gerir facilmente as necessidades pontuais ou regulares, sem excessos desnecess\u00e1rios. \u00c9 uma solu\u00e7\u00e3o pr\u00e1tica para quem pretende aliar est\u00e9tica, efici\u00eancia e simplicidade no dia a dia. <\/p>\n<p data-start=\"1528\" data-end=\"1707\">Em resumo, este <strong>guardanapo lil\u00e1s micro-gofado<\/strong> combina suavidade visual, conforto de utiliza\u00e7\u00e3o e praticidade. Um pequeno detalhe que faz toda a diferen\u00e7a numa mesa bem pensada. <\/p>\n<p><!--more--><\/p>\n<h4>Vantagens :<\/h4>\n<ul>\n<li><strong data-start=\"948\" data-end=\"973\">Elegantes e modernos<\/strong>: Cor lil\u00e1s suave e elegante, ideal para todas as ocasi\u00f5es<\/li>\n<li><strong data-start=\"1041\" data-end=\"1064\">Absor\u00e7\u00e3o \u00f3ptima<\/strong>: textura em relevo para maior efic\u00e1cia<\/li>\n<li><strong data-start=\"1118\" data-end=\"1147\">Confort\u00e1vel e duradouro<\/strong>: Suave ao tato e ajuste perfeito durante as refei\u00e7\u00f5es<\/li>\n<li><strong data-start=\"1209\" data-end=\"1228\">Formato pr\u00e1tico<\/strong>: dimens\u00f5es generosas para uma utiliza\u00e7\u00e3o vers\u00e1til<\/li>\n<li>Embalagem <strong data-start=\"1291\" data-end=\"1309\">econ\u00f3mica<\/strong>: estes guardanapos com relevo s\u00e3o<span class=\"Apple-converted-space\"> vendidos<\/span>em embalagens de 40 unidades, ideais para uso profissional ou pessoal.<\/li>\n<\/ul>\n<p>&nbsp;<\/p>\n<p><!--more--><\/p>\n<h4>Outras informa\u00e7\u00f5es :<\/h4>\n<ul>\n<li><strong>Embalagem<\/strong>: Pacote de 40<\/li>\n<li><strong>Dimens\u00f5es<\/strong>: 38 x 38 cm<\/li>\n<li><strong>Material<\/strong>: Micro-gofado<\/li>\n<li><strong>Cor<\/strong>: Lil\u00e1s<\/li>\n<\/ul>\n<p>&nbsp;<\/p>\n<p><!--more--><\/p>\n<p>Este produto est\u00e1 dispon\u00edvel em diferentes cores: <span style=\"color: #d12727;\"><a style=\"color: #d12727;\" href=\"https:\/\/www.csj-emballages.com\/es\/produit\/servilleta-azul-pastel-microgofreada-de-38-x-38-cm-en-paquetes-de-40\/\">Azul pastel<\/a><\/span> \/ <span style=\"color: #d12727;\"><a style=\"color: #d12727;\" href=\"https:\/\/www.csj-emballages.com\/es\/produit\/servilleta-rosa-pastel-microgofre-de-38-x-38-cm-pack-de-40\/\">Rosa pastel<\/a><\/span> \/ <span style=\"color: #d12727;\"><a style=\"color: #d12727;\" href=\"https:\/\/www.csj-emballages.com\/es\/produit\/servilleta-naranja-microgofre-de-38-x-38-cm-pack-de-40\/\">Laranja<\/a><\/span> \/ <span style=\"color: #d12727;\"><a style=\"color: #d12727;\" href=\"https:\/\/www.csj-emballages.com\/es\/produit\/servilleta-marfil-microgofre-38-x-38-cm-en-paquetes-de-40\/\">Marfim<\/a><\/span> \/ <span style=\"color: #d12727;\"><a style=\"color: #d12727;\" href=\"https:\/\/www.csj-emballages.com\/es\/produit\/servilleta-color-champan-micro-gofrada-de-38-x-38-cm-pack-de-40\/\">Champanhe<\/a><\/span> \/ <span style=\"color: #d12727;\"><a style=\"color: #d12727;\" href=\"https:\/\/www.csj-emballages.com\/es\/produit\/toalla-amarilla-micro-gofrada-de-38-x-38-cm-pack-de-40\/\">Amarelo<\/a><\/span> \/ <span style=\"color: #d12727;\"><a style=\"color: #d12727;\" href=\"https:\/\/www.csj-emballages.com\/es\/produit\/servilleta-azul-marino-microgofre-de-38-x-38-cm-pack-de-40\/\">Azul-marinho<\/a><\/span><\/p>\n<p>&nbsp;<\/p>\n<p><!--more--><\/p>\n<p><a href=\"\/?product_cat=serviettes-2-plis-micro-gaufrees\">Ver o resto da nossa gama de toalhas de 2 camadas com relevo<\/a><\/p>\n","protected":false},"excerpt":{"rendered":"<p>Guardanapo lil\u00e1s Descri\u00e7\u00e3o do nosso guardanapo lil\u00e1s micro-gofado 38 x 38 cm por 40<\/p>\n","protected":false},"featured_media":259282,"template":"","meta":{"_acf_changed":false},"product_brand":[],"product_cat":[1141,1138,1139,1278,1280],"product_tag":[],"class_list":{"0":"post-259285","1":"product","2":"type-product","3":"status-publish","4":"has-post-thumbnail","6":"product_cat-embalagem-de-alimentos","7":"product_cat-restauracao","8":"product_cat-guardanapos-jogos-americanos-toalhas-de-mesa","9":"product_cat-toalhas","10":"product_cat-toalhas-de-2-camadas-microembossadas","12":"first","13":"instock","14":"taxable","15":"shipping-taxable","16":"purchasable","17":"product-type-simple"},"acf":[],"yoast_head":"<!-- This site is optimized with the Yoast SEO Premium plugin v26.6 (Yoast SEO v26.6) - https:\/\/yoast.com\/wordpress\/plugins\/seo\/ -->\n<title>Guardanapo Lil\u00e1s Micro-Gofado 38 x 38 cm por 40<\/title>\n<meta name=\"description\" content=\"Guardanapo lil\u00e1s micro-gofado 38x38 cm vendido por 40. Elegante, absorvente e agrad\u00e1vel ao toque, ideal para mesas, eventos e restaura\u00e7\u00e3o.\" \/>\n<meta name=\"robots\" content=\"index, follow, max-snippet:-1, max-image-preview:large, max-video-preview:-1\" \/>\n<link rel=\"canonical\" href=\"https:\/\/www.csj-emballages.com\/pt-pt\/produit\/guardanapo-lilas-micro-gofado-38-x-38-cm-por-40\/\" \/>\n<meta property=\"og:locale\" content=\"pt_PT\" \/>\n<meta property=\"og:type\" content=\"article\" \/>\n<meta property=\"og:title\" content=\"Guardanapo lil\u00e1s micro-gofado 38 x 38 cm por 40\" \/>\n<meta property=\"og:description\" content=\"Guardanapo lil\u00e1s micro-gofado 38x38 cm vendido por 40. Elegante, absorvente e agrad\u00e1vel ao toque, ideal para mesas, eventos e restaura\u00e7\u00e3o.\" \/>\n<meta property=\"og:url\" content=\"https:\/\/www.csj-emballages.com\/pt-pt\/produit\/guardanapo-lilas-micro-gofado-38-x-38-cm-por-40\/\" \/>\n<meta property=\"og:site_name\" content=\"CSJ Emballages\" \/>\n<meta property=\"article:publisher\" content=\"https:\/\/www.facebook.com\/csjemballages\" \/>\n<meta property=\"article:modified_time\" content=\"2026-04-05T00:11:27+00:00\" \/>\n<meta property=\"og:image\" content=\"https:\/\/www.csj-emballages.com\/wp-content\/uploads\/2025\/09\/SR40MGLILA.webp\" \/>\n\t<meta property=\"og:image:width\" content=\"800\" \/>\n\t<meta property=\"og:image:height\" content=\"800\" \/>\n\t<meta property=\"og:image:type\" content=\"image\/jpeg\" \/>\n<meta name=\"twitter:card\" content=\"summary_large_image\" \/>\n<meta name=\"twitter:label1\" content=\"Tempo estimado de leitura\" \/>\n\t<meta name=\"twitter:data1\" content=\"2 minutos\" \/>\n<script type=\"application\/ld+json\" class=\"yoast-schema-graph\">{\"@context\":\"https:\/\/schema.org\",\"@graph\":[{\"@type\":\"WebPage\",\"@id\":\"https:\/\/www.csj-emballages.com\/pt-pt\/produit\/guardanapo-lilas-micro-gofado-38-x-38-cm-por-40\/\",\"url\":\"https:\/\/www.csj-emballages.com\/pt-pt\/produit\/guardanapo-lilas-micro-gofado-38-x-38-cm-por-40\/\",\"name\":\"Guardanapo Lil\u00e1s Micro-Gofado 38 x 38 cm por 40\",\"isPartOf\":{\"@id\":\"https:\/\/www.csj-emballages.com\/pt-pt\/#website\"},\"primaryImageOfPage\":{\"@id\":\"https:\/\/www.csj-emballages.com\/pt-pt\/produit\/guardanapo-lilas-micro-gofado-38-x-38-cm-por-40\/#primaryimage\"},\"image\":{\"@id\":\"https:\/\/www.csj-emballages.com\/pt-pt\/produit\/guardanapo-lilas-micro-gofado-38-x-38-cm-por-40\/#primaryimage\"},\"thumbnailUrl\":\"https:\/\/www.csj-emballages.com\/wp-content\/uploads\/2025\/09\/SR40MGLILA.webp\",\"datePublished\":\"2025-09-15T07:55:59+00:00\",\"dateModified\":\"2026-04-05T00:11:27+00:00\",\"description\":\"Guardanapo lil\u00e1s micro-gofado 38x38 cm vendido por 40. Elegante, absorvente e agrad\u00e1vel ao toque, ideal para mesas, eventos e restaura\u00e7\u00e3o.\",\"breadcrumb\":{\"@id\":\"https:\/\/www.csj-emballages.com\/pt-pt\/produit\/guardanapo-lilas-micro-gofado-38-x-38-cm-por-40\/#breadcrumb\"},\"inLanguage\":\"pt-PT\",\"potentialAction\":[{\"@type\":\"ReadAction\",\"target\":[\"https:\/\/www.csj-emballages.com\/pt-pt\/produit\/guardanapo-lilas-micro-gofado-38-x-38-cm-por-40\/\"]}]},{\"@type\":\"ImageObject\",\"inLanguage\":\"pt-PT\",\"@id\":\"https:\/\/www.csj-emballages.com\/pt-pt\/produit\/guardanapo-lilas-micro-gofado-38-x-38-cm-por-40\/#primaryimage\",\"url\":\"https:\/\/www.csj-emballages.com\/wp-content\/uploads\/2025\/09\/SR40MGLILA.webp\",\"contentUrl\":\"https:\/\/www.csj-emballages.com\/wp-content\/uploads\/2025\/09\/SR40MGLILA.webp\",\"width\":800,\"height\":800,\"caption\":\"Serviette lila\"},{\"@type\":\"BreadcrumbList\",\"@id\":\"https:\/\/www.csj-emballages.com\/pt-pt\/produit\/guardanapo-lilas-micro-gofado-38-x-38-cm-por-40\/#breadcrumb\",\"itemListElement\":[{\"@type\":\"ListItem\",\"position\":1,\"name\":\"Acolhimento\",\"item\":\"https:\/\/www.csj-emballages.com\/pt-pt\/universo-das-embalagens-alimentares\/\"},{\"@type\":\"ListItem\",\"position\":2,\"name\":\"Shop\",\"item\":\"https:\/\/www.csj-emballages.com\/shop\/\"},{\"@type\":\"ListItem\",\"position\":3,\"name\":\"Guardanapo lil\u00e1s micro-gofado 38 x 38 cm por 40\"}]},{\"@type\":\"WebSite\",\"@id\":\"https:\/\/www.csj-emballages.com\/pt-pt\/#website\",\"url\":\"https:\/\/www.csj-emballages.com\/pt-pt\/\",\"name\":\"CSJ Emballages\",\"description\":\"\",\"publisher\":{\"@id\":\"https:\/\/www.csj-emballages.com\/pt-pt\/#organization\"},\"potentialAction\":[{\"@type\":\"SearchAction\",\"target\":{\"@type\":\"EntryPoint\",\"urlTemplate\":\"https:\/\/www.csj-emballages.com\/pt-pt\/?s={search_term_string}\"},\"query-input\":{\"@type\":\"PropertyValueSpecification\",\"valueRequired\":true,\"valueName\":\"search_term_string\"}}],\"inLanguage\":\"pt-PT\"},{\"@type\":\"Organization\",\"@id\":\"https:\/\/www.csj-emballages.com\/pt-pt\/#Organization\/\",\"name\":\"CSJ Emballages\",\"url\":\"https:\/\/www.csj-emballages.com\/pt-pt\/\",\"logo\":{\"@type\":\"ImageObject\",\"inLanguage\":\"pt-PT\",\"@id\":\"https:\/\/www.csj-emballages.com\/pt-pt\/#\/schema\/logo\/image\/\",\"url\":\"https:\/\/www.csj-emballages.com\/wp-content\/uploads\/2023\/10\/logo_csj.webp\",\"contentUrl\":\"https:\/\/www.csj-emballages.com\/wp-content\/uploads\/2023\/10\/logo_csj.webp\",\"width\":250,\"height\":95,\"caption\":\"CSJ Emballages\"},\"image\":{\"@id\":\"https:\/\/www.csj-emballages.com\/pt-pt\/#\/schema\/logo\/image\/\"},\"sameAs\":[\"https:\/\/www.facebook.com\/csjemballages\"],\"address\":{\"@type\":\"PostalAddress\",\"streetAddress\":\"ZI La Lechere\",\"addressLocality\":\"Patornay\",\"postalCode\":\"39130\",\"addressCountry\":\"FR\"},\"contactPoint\":[{\"@type\":\"ContactPoint\",\"contactType\":\"Service client\",\"telephone\":\"0384254272\",\"email\":\"contact@csj-emballages.com\"}]}]}<\/script>\n<!-- \/ Yoast SEO Premium plugin. -->","yoast_head_json":{"title":"Guardanapo Lil\u00e1s Micro-Gofado 38 x 38 cm por 40","description":"Guardanapo lil\u00e1s micro-gofado 38x38 cm vendido por 40. Elegante, absorvente e agrad\u00e1vel ao toque, ideal para mesas, eventos e restaura\u00e7\u00e3o.","robots":{"index":"index","follow":"follow","max-snippet":"max-snippet:-1","max-image-preview":"max-image-preview:large","max-video-preview":"max-video-preview:-1"},"canonical":"https:\/\/www.csj-emballages.com\/pt-pt\/produit\/guardanapo-lilas-micro-gofado-38-x-38-cm-por-40\/","og_locale":"pt_PT","og_type":"article","og_title":"Guardanapo lil\u00e1s micro-gofado 38 x 38 cm por 40","og_description":"Guardanapo lil\u00e1s micro-gofado 38x38 cm vendido por 40. Elegante, absorvente e agrad\u00e1vel ao toque, ideal para mesas, eventos e restaura\u00e7\u00e3o.","og_url":"https:\/\/www.csj-emballages.com\/pt-pt\/produit\/guardanapo-lilas-micro-gofado-38-x-38-cm-por-40\/","og_site_name":"CSJ Emballages","article_publisher":"https:\/\/www.facebook.com\/csjemballages","article_modified_time":"2026-04-05T00:11:27+00:00","og_image":[{"width":800,"height":800,"url":"https:\/\/www.csj-emballages.com\/wp-content\/uploads\/2025\/09\/SR40MGLILA.webp","type":"image\/jpeg"}],"twitter_card":"summary_large_image","twitter_misc":{"Tempo estimado de leitura":"2 minutos"},"schema":{"@context":"https:\/\/schema.org","@graph":[{"@type":"WebPage","@id":"https:\/\/www.csj-emballages.com\/pt-pt\/produit\/guardanapo-lilas-micro-gofado-38-x-38-cm-por-40\/","url":"https:\/\/www.csj-emballages.com\/pt-pt\/produit\/guardanapo-lilas-micro-gofado-38-x-38-cm-por-40\/","name":"Guardanapo Lil\u00e1s Micro-Gofado 38 x 38 cm por 40","isPartOf":{"@id":"https:\/\/www.csj-emballages.com\/pt-pt\/#website"},"primaryImageOfPage":{"@id":"https:\/\/www.csj-emballages.com\/pt-pt\/produit\/guardanapo-lilas-micro-gofado-38-x-38-cm-por-40\/#primaryimage"},"image":{"@id":"https:\/\/www.csj-emballages.com\/pt-pt\/produit\/guardanapo-lilas-micro-gofado-38-x-38-cm-por-40\/#primaryimage"},"thumbnailUrl":"https:\/\/www.csj-emballages.com\/wp-content\/uploads\/2025\/09\/SR40MGLILA.webp","datePublished":"2025-09-15T07:55:59+00:00","dateModified":"2026-04-05T00:11:27+00:00","description":"Guardanapo lil\u00e1s micro-gofado 38x38 cm vendido por 40. Elegante, absorvente e agrad\u00e1vel ao toque, ideal para mesas, eventos e restaura\u00e7\u00e3o.","breadcrumb":{"@id":"https:\/\/www.csj-emballages.com\/pt-pt\/produit\/guardanapo-lilas-micro-gofado-38-x-38-cm-por-40\/#breadcrumb"},"inLanguage":"pt-PT","potentialAction":[{"@type":"ReadAction","target":["https:\/\/www.csj-emballages.com\/pt-pt\/produit\/guardanapo-lilas-micro-gofado-38-x-38-cm-por-40\/"]}]},{"@type":"ImageObject","inLanguage":"pt-PT","@id":"https:\/\/www.csj-emballages.com\/pt-pt\/produit\/guardanapo-lilas-micro-gofado-38-x-38-cm-por-40\/#primaryimage","url":"https:\/\/www.csj-emballages.com\/wp-content\/uploads\/2025\/09\/SR40MGLILA.webp","contentUrl":"https:\/\/www.csj-emballages.com\/wp-content\/uploads\/2025\/09\/SR40MGLILA.webp","width":800,"height":800,"caption":"Serviette lila"},{"@type":"BreadcrumbList","@id":"https:\/\/www.csj-emballages.com\/pt-pt\/produit\/guardanapo-lilas-micro-gofado-38-x-38-cm-por-40\/#breadcrumb","itemListElement":[{"@type":"ListItem","position":1,"name":"Acolhimento","item":"https:\/\/www.csj-emballages.com\/pt-pt\/universo-das-embalagens-alimentares\/"},{"@type":"ListItem","position":2,"name":"Shop","item":"https:\/\/www.csj-emballages.com\/shop\/"},{"@type":"ListItem","position":3,"name":"Guardanapo lil\u00e1s micro-gofado 38 x 38 cm por 40"}]},{"@type":"WebSite","@id":"https:\/\/www.csj-emballages.com\/pt-pt\/#website","url":"https:\/\/www.csj-emballages.com\/pt-pt\/","name":"CSJ Emballages","description":"","publisher":{"@id":"https:\/\/www.csj-emballages.com\/pt-pt\/#organization"},"potentialAction":[{"@type":"SearchAction","target":{"@type":"EntryPoint","urlTemplate":"https:\/\/www.csj-emballages.com\/pt-pt\/?s={search_term_string}"},"query-input":{"@type":"PropertyValueSpecification","valueRequired":true,"valueName":"search_term_string"}}],"inLanguage":"pt-PT"},{"@type":"Organization","@id":"https:\/\/www.csj-emballages.com\/pt-pt\/#Organization\/","name":"CSJ Emballages","url":"https:\/\/www.csj-emballages.com\/pt-pt\/","logo":{"@type":"ImageObject","inLanguage":"pt-PT","@id":"https:\/\/www.csj-emballages.com\/pt-pt\/#\/schema\/logo\/image\/","url":"https:\/\/www.csj-emballages.com\/wp-content\/uploads\/2023\/10\/logo_csj.webp","contentUrl":"https:\/\/www.csj-emballages.com\/wp-content\/uploads\/2023\/10\/logo_csj.webp","width":250,"height":95,"caption":"CSJ Emballages"},"image":{"@id":"https:\/\/www.csj-emballages.com\/pt-pt\/#\/schema\/logo\/image\/"},"sameAs":["https:\/\/www.facebook.com\/csjemballages"],"address":{"@type":"PostalAddress","streetAddress":"ZI La Lechere","addressLocality":"Patornay","postalCode":"39130","addressCountry":"FR"},"contactPoint":[{"@type":"ContactPoint","contactType":"Service client","telephone":"0384254272","email":"contact@csj-emballages.com"}]}]}},"df_price":1.72,"df_sale_price":"","df_regular_price":1.72,"df_image_link":"https:\/\/www.csj-emballages.com\/wp-content\/uploads\/2025\/09\/SR40MGLILA-300x300.webp","tiered_pricing_type":"fixed","tiered_pricing_fixed_rules":[],"tiered_pricing_percentage_rules":[],"tiered_pricing_minimum":1,"tiered_pricing_roles_data":[],"_links":{"self":[{"href":"https:\/\/www.csj-emballages.com\/pt-pt\/wp-json\/wp\/v2\/product\/259285","targetHints":{"allow":["GET"]}}],"collection":[{"href":"https:\/\/www.csj-emballages.com\/pt-pt\/wp-json\/wp\/v2\/product"}],"about":[{"href":"https:\/\/www.csj-emballages.com\/pt-pt\/wp-json\/wp\/v2\/types\/product"}],"wp:featuredmedia":[{"embeddable":true,"href":"https:\/\/www.csj-emballages.com\/pt-pt\/wp-json\/wp\/v2\/media\/259282"}],"wp:attachment":[{"href":"https:\/\/www.csj-emballages.com\/pt-pt\/wp-json\/wp\/v2\/media?parent=259285"}],"wp:term":[{"taxonomy":"product_brand","embeddable":true,"href":"https:\/\/www.csj-emballages.com\/pt-pt\/wp-json\/wp\/v2\/product_brand?post=259285"},{"taxonomy":"product_cat","embeddable":true,"href":"https:\/\/www.csj-emballages.com\/pt-pt\/wp-json\/wp\/v2\/product_cat?post=259285"},{"taxonomy":"product_tag","embeddable":true,"href":"https:\/\/www.csj-emballages.com\/pt-pt\/wp-json\/wp\/v2\/product_tag?post=259285"}],"curies":[{"name":"wp","href":"https:\/\/api.w.org\/{rel}","templated":true}]}}