{"id":259020,"date":"2025-12-15T14:18:23","date_gmt":"2025-12-15T13:18:23","guid":{"rendered":"https:\/\/www.csj-emballages.com\/produit\/capsula-de-detergente-desinfetante-com-aroma-floral-20ml-250pcs\/"},"modified":"2026-04-03T02:11:39","modified_gmt":"2026-04-03T00:11:39","slug":"capsula-de-detergente-desinfetante-com-aroma-floral-20ml-250pcs","status":"publish","type":"product","link":"https:\/\/www.csj-emballages.com\/pt-pt\/produit\/capsula-de-detergente-desinfetante-com-aroma-floral-20ml-250pcs\/","title":{"rendered":"C\u00e1psula de detergente desinfetante com aroma floral 20ml 250pcs"},"content":{"rendered":"<div class=\"flex flex-grow flex-col max-w-full\">\n<div class=\"min-h-[20px] text-message flex flex-col items-start whitespace-pre-wrap break-words [.text-message+&amp;]:mt-5 juice:w-full juice:items-end overflow-x-auto gap-2\" dir=\"auto\" data-message-author-role=\"assistant\" data-message-id=\"2034782e-88f9-44ef-b4dc-07dd7bf0115f\">\n<div class=\"flex w-full flex-col gap-1 juice:empty:hidden juice:first:pt-[3px]\">\n<div class=\"markdown prose w-full break-words dark:prose-invert light\">\n<div style=\"font-family: Roboto, sans-serif;\">\n<div style=\"font-family: Roboto, sans-serif;\">\n<div style=\"font-family: Roboto, sans-serif;\">\n<div style=\"font-family: Roboto, sans-serif;\">\n<div style=\"font-family: Roboto, sans-serif;\">\n<div style=\"font-family: Roboto, sans-serif;\">\n<h2 class=\"p1\">C\u00e1psula de detergente<\/h2>\n<div style=\"font-family: Roboto, sans-serif;\">\n<div style=\"font-family: Roboto, sans-serif;\">\n<div style=\"font-family: Roboto, sans-serif;\">\n<div style=\"text-align: center;\">\n<div style=\"font-family: Roboto, sans-serif;\">\n<div style=\"font-family: Roboto, sans-serif;\">\n<div style=\"font-family: Roboto, sans-serif;\">\n<div style=\"font-family: Roboto, sans-serif;\">\n<div style=\"font-family: Roboto, sans-serif;\">\n<div style=\"font-family: Roboto, sans-serif; text-align: left;\">\n<hr>\n<h3 style=\"text-align: left;\">Descri\u00e7\u00e3o da nossa c\u00e1psula de detergente desodorizante desinfetante com fragr\u00e2ncia ambiente 20ml 250 pack<\/h3>\n<h3 style=\"text-align: left;\"><!--more--><\/h3>\n<p data-start=\"248\" data-end=\"651\">Quando \u00e9 necess\u00e1rio limpar eficazmente e deixar uma verdadeira sensa\u00e7\u00e3o de frescura, esta <strong data-start=\"341\" data-end=\"405\">c\u00e1psula de detergente desodorizante e desinfetante Freshysol 3D<\/strong> faz uma clara diferen\u00e7a. Concebido para a <strong>higiene dos pavimentos<\/strong>, combina <strong>a limpeza<\/strong>, <strong>a desinfe\u00e7\u00e3o<\/strong> e <strong>a desodoriza\u00e7\u00e3o<\/strong> num \u00fanico passo. N\u00e3o \u00e9 necess\u00e1rio utilizar v\u00e1rios produtos: uma c\u00e1psula \u00e9 tudo o que precisa para obter um resultado limpo, saud\u00e1vel e agrad\u00e1vel.  <\/p>\n<p data-start=\"653\" data-end=\"1012\">O seu formato <strong data-start=\"664\" data-end=\"689\">de 20 ml pronto a usar<\/strong> facilita o dia a dia. Deita-se a <strong>c\u00e1psula<\/strong>, <strong>limpa-se<\/strong> e a dosagem est\u00e1 sempre correta. Isto evita erros, desperd\u00edcios e consumos excessivos, especialmente em ambientes profissionais onde a efic\u00e1cia e a regularidade s\u00e3o essenciais. Cada utiliza\u00e7\u00e3o garante o mesmo desempenho, dia ap\u00f3s dia.   <\/p>\n<p data-start=\"1014\" data-end=\"1422\">Assim que \u00e9 aplicado, o produto actua sobre a <strong>sujidade<\/strong>, neutralizando os odores desagrad\u00e1veis. O melhor de tudo \u00e9 que deixa uma <g id=\"gid_1\">fragr\u00e2ncia floral suave e duradoura<\/g> que \u00e9 uma verdadeira mudan\u00e7a em rela\u00e7\u00e3o ao cheiro cl\u00e1ssico dos produtos de limpeza. O espa\u00e7o fica imediatamente com um aspeto mais limpo, mais fresco e mais acolhedor, quer se trate de escrit\u00f3rios, lojas, casas de banho ou zonas de grande tr\u00e1fego.  <\/p>\n<p data-start=\"1424\" data-end=\"1671\">A sua a\u00e7\u00e3o <strong>desinfetante<\/strong> contribui igualmente para manter um ambiente mais saud\u00e1vel, eliminando as bact\u00e9rias respons\u00e1veis pelos odores desagrad\u00e1veis. Trata-se, portanto, de uma solu\u00e7\u00e3o ideal para combinar higiene e conforto olfativo sem qualquer esfor\u00e7o suplementar. <\/p>\n<p data-start=\"1673\" data-end=\"1894\">Embalada <strong data-start=\"1686\" data-end=\"1713\">em pacotes de 250 c\u00e1psulas<\/strong>, esta refer\u00eancia est\u00e1 perfeitamente adaptada a uma utiliza\u00e7\u00e3o intensiva. Simplifica a gest\u00e3o dos stocks, poupa tempo \u00e0s equipas e facilita a limpeza di\u00e1ria. <\/p>\n<p data-start=\"1896\" data-end=\"2025\">Em suma, esta <strong>c\u00e1psula Freshysol 3D com aroma floral<\/strong> torna o cuidado do ch\u00e3o numa rotina simples, eficaz e muito mais agrad\u00e1vel.<\/p>\n<p data-start=\"1896\" data-end=\"2025\">\n<\/div>\n<\/div>\n<\/div>\n<\/div>\n<\/div>\n<\/div>\n<\/div>\n<\/div>\n<\/div>\n<\/div>\n<\/div>\n<\/div>\n<\/div>\n<\/div>\n<\/div>\n<\/div>\n<\/div>\n<\/div>\n<\/div>\n<\/div>\n<div class=\"flex flex-grow flex-col max-w-full\">\n<div class=\"min-h-[20px] text-message flex flex-col items-start whitespace-pre-wrap break-words [.text-message+&amp;]:mt-5 juice:w-full juice:items-end overflow-x-auto gap-2\" dir=\"auto\" data-message-author-role=\"assistant\" data-message-id=\"2034782e-88f9-44ef-b4dc-07dd7bf0115f\">\n<div class=\"flex w-full flex-col gap-1 juice:empty:hidden juice:first:pt-[3px]\">\n<div class=\"markdown prose w-full break-words dark:prose-invert light\">\n<div style=\"font-family: Roboto, sans-serif;\">\n<div style=\"font-family: Roboto, sans-serif;\">\n<div style=\"font-family: Roboto, sans-serif;\">\n<div style=\"font-family: Roboto, sans-serif;\">\n<div style=\"font-family: Roboto, sans-serif;\">\n<div style=\"font-family: Roboto, sans-serif;\">\n<p><!--more--><\/p>\n<h4 style=\"text-align: left;\"><strong>Vantagens :<\/strong><\/h4>\n<ul>\n<li data-start=\"2053\" data-end=\"2105\">Limpa, desinfecta e desodoriza num \u00fanico passo.<\/li>\n<li data-start=\"2108\" data-end=\"2144\">Fragr\u00e2ncia floral agrad\u00e1vel e duradoura.<\/li>\n<li data-start=\"2147\" data-end=\"2187\">Dosagem exacta com c\u00e1psulas <strong>de 20 ml<\/strong>.<\/li>\n<li data-start=\"2190\" data-end=\"2224\">Poupan\u00e7a de tempo e zero desperd\u00edcio.<\/li>\n<li data-start=\"2227\" data-end=\"2272\">Ideal para uma utiliza\u00e7\u00e3o profissional intensiva.<\/li>\n<li data-start=\"2275\" data-end=\"2294\">Fabricado em Fran\u00e7a.<\/li>\n<\/ul>\n<\/div>\n<\/div>\n<p>&nbsp;<\/p>\n<\/div>\n<\/div>\n<\/div>\n<\/div>\n<\/div>\n<\/div>\n<\/div>\n<\/div>\n<p><!--more--><\/p>\n<h4>Outras informa\u00e7\u00f5es :<\/h4>\n<ul>\n<li><strong>Embalagem<\/strong>: Caixa de 250<\/li>\n<li><strong>Utiliza\u00e7\u00e3o<\/strong>: c\u00e1psula de detergente<\/li>\n<li><strong>Volume<\/strong>: 20 ml<\/li>\n<li><strong>Aspeto<\/strong>: l\u00edquido<\/li>\n<li><strong>Fragr\u00e2ncia<\/strong>: Floral<\/li>\n<li><strong>Bactericida<\/strong>: EN13697, EN1276, EN1650<\/li>\n<li><strong>pH<\/strong>: 4,5 +\/- 0,5<\/li>\n<\/ul>\n<p>&nbsp;<\/p>\n<p><!--more--><\/p>\n<p class=\"woocommerce-loop-product__title\">Tamb\u00e9m pode encontrar o nosso produto de limpeza neutro de 5 litros com aroma a lim\u00e3o: <span style=\"color: #d12727;\"><a style=\"color: #d12727;\" href=\"https:\/\/www.csj-emballages.com\/pt-pt\/produit\/250-capsulas-de-detergente-desinfetante-com-aroma-ambiente-20ml\/\">01095<\/a><\/span><\/p>\n<p>&nbsp;<\/p>\n<p><!--more--><\/p>\n<p>Esta c\u00e1psula de ambientador tamb\u00e9m est\u00e1 dispon\u00edvel numa fragr\u00e2ncia de ambiente: <span style=\"color: #d12727;\"><a style=\"color: #d12727;\" href=\"https:\/\/www.csj-emballages.com\/pt-pt\/produit\/250-capsulas-de-detergente-desinfetante-com-aroma-ambiente-20ml\/\">A50020<\/a><\/span><\/p>\n<p>&nbsp;<\/p>\n<p style=\"text-align: left;\"><!--more--><\/p>\n<p><a href=\"https:\/\/www.csj-emballages.com\/pt-pt\/categorie-produit\/higiene-e-manutencao\/produtos-de-limpeza\/solo\/\">V\u00ea o resto da nossa gama de produtos de tratamento de pavimentos<\/a><\/p>\n","protected":false},"excerpt":{"rendered":"<p>C\u00e1psula de detergente Descri\u00e7\u00e3o da nossa c\u00e1psula de detergente desodorizante desinfetante com fragr\u00e2ncia ambiente 20ml 250 pack<\/p>\n","protected":false},"featured_media":259011,"template":"","meta":{"_acf_changed":false},"product_brand":[],"product_cat":[1141,1222,1223,9726,1394],"product_tag":[],"class_list":{"0":"post-259020","1":"product","2":"type-product","3":"status-publish","4":"has-post-thumbnail","6":"product_cat-embalagem-de-alimentos","7":"product_cat-higiene-e-manutencao","8":"product_cat-produtos-de-limpeza","9":"product_cat-ambientadores-perfumes-pt-pt-3","10":"product_cat-solo","12":"first","13":"instock","14":"taxable","15":"shipping-taxable","16":"purchasable","17":"product-type-simple"},"acf":[],"yoast_head":"<!-- This site is optimized with the Yoast SEO Premium plugin v26.6 (Yoast SEO v26.6) - https:\/\/yoast.com\/wordpress\/plugins\/seo\/ -->\n<title>Fragr\u00e2ncia Floral Detergente Desinfetante Dosette 20ml \u00e0 250<\/title>\n<meta name=\"description\" content=\"Freshysol 3D fragr\u00e2ncia floral detergente desinfetante em c\u00e1psula 20 ml por 250. Limpa, neutraliza os odores e deixa uma frescura duradoura.\" \/>\n<meta name=\"robots\" content=\"index, follow, max-snippet:-1, max-image-preview:large, max-video-preview:-1\" \/>\n<link rel=\"canonical\" href=\"https:\/\/www.csj-emballages.com\/pt-pt\/produit\/capsula-de-detergente-desinfetante-com-aroma-floral-20ml-250pcs\/\" \/>\n<meta property=\"og:locale\" content=\"pt_PT\" \/>\n<meta property=\"og:type\" content=\"article\" \/>\n<meta property=\"og:title\" content=\"C\u00e1psula de detergente desinfetante com aroma floral 20ml 250pcs\" \/>\n<meta property=\"og:description\" content=\"Freshysol 3D fragr\u00e2ncia floral detergente desinfetante em c\u00e1psula 20 ml por 250. Limpa, neutraliza os odores e deixa uma frescura duradoura.\" \/>\n<meta property=\"og:url\" content=\"https:\/\/www.csj-emballages.com\/pt-pt\/produit\/capsula-de-detergente-desinfetante-com-aroma-floral-20ml-250pcs\/\" \/>\n<meta property=\"og:site_name\" content=\"CSJ Emballages\" \/>\n<meta property=\"article:publisher\" content=\"https:\/\/www.facebook.com\/csjemballages\" \/>\n<meta property=\"article:modified_time\" content=\"2026-04-03T00:11:39+00:00\" \/>\n<meta property=\"og:image\" content=\"https:\/\/www.csj-emballages.com\/wp-content\/uploads\/2025\/12\/136410.webp\" \/>\n\t<meta property=\"og:image:width\" content=\"800\" \/>\n\t<meta property=\"og:image:height\" content=\"800\" \/>\n\t<meta property=\"og:image:type\" content=\"image\/webp\" \/>\n<meta name=\"twitter:card\" content=\"summary_large_image\" \/>\n<meta name=\"twitter:label1\" content=\"Tempo estimado de leitura\" \/>\n\t<meta name=\"twitter:data1\" content=\"2 minutos\" \/>\n<script type=\"application\/ld+json\" class=\"yoast-schema-graph\">{\"@context\":\"https:\/\/schema.org\",\"@graph\":[{\"@type\":\"WebPage\",\"@id\":\"https:\/\/www.csj-emballages.com\/pt-pt\/produit\/capsula-de-detergente-desinfetante-com-aroma-floral-20ml-250pcs\/\",\"url\":\"https:\/\/www.csj-emballages.com\/pt-pt\/produit\/capsula-de-detergente-desinfetante-com-aroma-floral-20ml-250pcs\/\",\"name\":\"Fragr\u00e2ncia Floral Detergente Desinfetante Dosette 20ml \u00e0 250\",\"isPartOf\":{\"@id\":\"https:\/\/www.csj-emballages.com\/pt-pt\/#website\"},\"primaryImageOfPage\":{\"@id\":\"https:\/\/www.csj-emballages.com\/pt-pt\/produit\/capsula-de-detergente-desinfetante-com-aroma-floral-20ml-250pcs\/#primaryimage\"},\"image\":{\"@id\":\"https:\/\/www.csj-emballages.com\/pt-pt\/produit\/capsula-de-detergente-desinfetante-com-aroma-floral-20ml-250pcs\/#primaryimage\"},\"thumbnailUrl\":\"https:\/\/www.csj-emballages.com\/wp-content\/uploads\/2025\/12\/136410.webp\",\"datePublished\":\"2025-12-15T13:18:23+00:00\",\"dateModified\":\"2026-04-03T00:11:39+00:00\",\"description\":\"Freshysol 3D fragr\u00e2ncia floral detergente desinfetante em c\u00e1psula 20 ml por 250. Limpa, neutraliza os odores e deixa uma frescura duradoura.\",\"breadcrumb\":{\"@id\":\"https:\/\/www.csj-emballages.com\/pt-pt\/produit\/capsula-de-detergente-desinfetante-com-aroma-floral-20ml-250pcs\/#breadcrumb\"},\"inLanguage\":\"pt-PT\",\"potentialAction\":[{\"@type\":\"ReadAction\",\"target\":[\"https:\/\/www.csj-emballages.com\/pt-pt\/produit\/capsula-de-detergente-desinfetante-com-aroma-floral-20ml-250pcs\/\"]}]},{\"@type\":\"ImageObject\",\"inLanguage\":\"pt-PT\",\"@id\":\"https:\/\/www.csj-emballages.com\/pt-pt\/produit\/capsula-de-detergente-desinfetante-com-aroma-floral-20ml-250pcs\/#primaryimage\",\"url\":\"https:\/\/www.csj-emballages.com\/wp-content\/uploads\/2025\/12\/136410.webp\",\"contentUrl\":\"https:\/\/www.csj-emballages.com\/wp-content\/uploads\/2025\/12\/136410.webp\",\"width\":800,\"height\":800,\"caption\":\"Dosette d\u00e9tergente\"},{\"@type\":\"BreadcrumbList\",\"@id\":\"https:\/\/www.csj-emballages.com\/pt-pt\/produit\/capsula-de-detergente-desinfetante-com-aroma-floral-20ml-250pcs\/#breadcrumb\",\"itemListElement\":[{\"@type\":\"ListItem\",\"position\":1,\"name\":\"Acolhimento\",\"item\":\"https:\/\/www.csj-emballages.com\/pt-pt\/universo-das-embalagens-alimentares\/\"},{\"@type\":\"ListItem\",\"position\":2,\"name\":\"Shop\",\"item\":\"https:\/\/www.csj-emballages.com\/shop\/\"},{\"@type\":\"ListItem\",\"position\":3,\"name\":\"C\u00e1psula de detergente desinfetante com aroma floral 20ml 250pcs\"}]},{\"@type\":\"WebSite\",\"@id\":\"https:\/\/www.csj-emballages.com\/pt-pt\/#website\",\"url\":\"https:\/\/www.csj-emballages.com\/pt-pt\/\",\"name\":\"CSJ Emballages\",\"description\":\"\",\"publisher\":{\"@id\":\"https:\/\/www.csj-emballages.com\/pt-pt\/#organization\"},\"potentialAction\":[{\"@type\":\"SearchAction\",\"target\":{\"@type\":\"EntryPoint\",\"urlTemplate\":\"https:\/\/www.csj-emballages.com\/pt-pt\/?s={search_term_string}\"},\"query-input\":{\"@type\":\"PropertyValueSpecification\",\"valueRequired\":true,\"valueName\":\"search_term_string\"}}],\"inLanguage\":\"pt-PT\"},{\"@type\":\"Organization\",\"@id\":\"https:\/\/www.csj-emballages.com\/pt-pt\/#Organization\/\",\"name\":\"CSJ Emballages\",\"url\":\"https:\/\/www.csj-emballages.com\/pt-pt\/\",\"logo\":{\"@type\":\"ImageObject\",\"inLanguage\":\"pt-PT\",\"@id\":\"https:\/\/www.csj-emballages.com\/pt-pt\/#\/schema\/logo\/image\/\",\"url\":\"https:\/\/www.csj-emballages.com\/wp-content\/uploads\/2023\/10\/logo_csj.webp\",\"contentUrl\":\"https:\/\/www.csj-emballages.com\/wp-content\/uploads\/2023\/10\/logo_csj.webp\",\"width\":250,\"height\":95,\"caption\":\"CSJ Emballages\"},\"image\":{\"@id\":\"https:\/\/www.csj-emballages.com\/pt-pt\/#\/schema\/logo\/image\/\"},\"sameAs\":[\"https:\/\/www.facebook.com\/csjemballages\"],\"address\":{\"@type\":\"PostalAddress\",\"streetAddress\":\"ZI La Lechere\",\"addressLocality\":\"Patornay\",\"postalCode\":\"39130\",\"addressCountry\":\"FR\"},\"contactPoint\":[{\"@type\":\"ContactPoint\",\"contactType\":\"Service client\",\"telephone\":\"0384254272\",\"email\":\"contact@csj-emballages.com\"}]}]}<\/script>\n<!-- \/ Yoast SEO Premium plugin. -->","yoast_head_json":{"title":"Fragr\u00e2ncia Floral Detergente Desinfetante Dosette 20ml \u00e0 250","description":"Freshysol 3D fragr\u00e2ncia floral detergente desinfetante em c\u00e1psula 20 ml por 250. Limpa, neutraliza os odores e deixa uma frescura duradoura.","robots":{"index":"index","follow":"follow","max-snippet":"max-snippet:-1","max-image-preview":"max-image-preview:large","max-video-preview":"max-video-preview:-1"},"canonical":"https:\/\/www.csj-emballages.com\/pt-pt\/produit\/capsula-de-detergente-desinfetante-com-aroma-floral-20ml-250pcs\/","og_locale":"pt_PT","og_type":"article","og_title":"C\u00e1psula de detergente desinfetante com aroma floral 20ml 250pcs","og_description":"Freshysol 3D fragr\u00e2ncia floral detergente desinfetante em c\u00e1psula 20 ml por 250. Limpa, neutraliza os odores e deixa uma frescura duradoura.","og_url":"https:\/\/www.csj-emballages.com\/pt-pt\/produit\/capsula-de-detergente-desinfetante-com-aroma-floral-20ml-250pcs\/","og_site_name":"CSJ Emballages","article_publisher":"https:\/\/www.facebook.com\/csjemballages","article_modified_time":"2026-04-03T00:11:39+00:00","og_image":[{"width":800,"height":800,"url":"https:\/\/www.csj-emballages.com\/wp-content\/uploads\/2025\/12\/136410.webp","type":"image\/webp"}],"twitter_card":"summary_large_image","twitter_misc":{"Tempo estimado de leitura":"2 minutos"},"schema":{"@context":"https:\/\/schema.org","@graph":[{"@type":"WebPage","@id":"https:\/\/www.csj-emballages.com\/pt-pt\/produit\/capsula-de-detergente-desinfetante-com-aroma-floral-20ml-250pcs\/","url":"https:\/\/www.csj-emballages.com\/pt-pt\/produit\/capsula-de-detergente-desinfetante-com-aroma-floral-20ml-250pcs\/","name":"Fragr\u00e2ncia Floral Detergente Desinfetante Dosette 20ml \u00e0 250","isPartOf":{"@id":"https:\/\/www.csj-emballages.com\/pt-pt\/#website"},"primaryImageOfPage":{"@id":"https:\/\/www.csj-emballages.com\/pt-pt\/produit\/capsula-de-detergente-desinfetante-com-aroma-floral-20ml-250pcs\/#primaryimage"},"image":{"@id":"https:\/\/www.csj-emballages.com\/pt-pt\/produit\/capsula-de-detergente-desinfetante-com-aroma-floral-20ml-250pcs\/#primaryimage"},"thumbnailUrl":"https:\/\/www.csj-emballages.com\/wp-content\/uploads\/2025\/12\/136410.webp","datePublished":"2025-12-15T13:18:23+00:00","dateModified":"2026-04-03T00:11:39+00:00","description":"Freshysol 3D fragr\u00e2ncia floral detergente desinfetante em c\u00e1psula 20 ml por 250. Limpa, neutraliza os odores e deixa uma frescura duradoura.","breadcrumb":{"@id":"https:\/\/www.csj-emballages.com\/pt-pt\/produit\/capsula-de-detergente-desinfetante-com-aroma-floral-20ml-250pcs\/#breadcrumb"},"inLanguage":"pt-PT","potentialAction":[{"@type":"ReadAction","target":["https:\/\/www.csj-emballages.com\/pt-pt\/produit\/capsula-de-detergente-desinfetante-com-aroma-floral-20ml-250pcs\/"]}]},{"@type":"ImageObject","inLanguage":"pt-PT","@id":"https:\/\/www.csj-emballages.com\/pt-pt\/produit\/capsula-de-detergente-desinfetante-com-aroma-floral-20ml-250pcs\/#primaryimage","url":"https:\/\/www.csj-emballages.com\/wp-content\/uploads\/2025\/12\/136410.webp","contentUrl":"https:\/\/www.csj-emballages.com\/wp-content\/uploads\/2025\/12\/136410.webp","width":800,"height":800,"caption":"Dosette d\u00e9tergente"},{"@type":"BreadcrumbList","@id":"https:\/\/www.csj-emballages.com\/pt-pt\/produit\/capsula-de-detergente-desinfetante-com-aroma-floral-20ml-250pcs\/#breadcrumb","itemListElement":[{"@type":"ListItem","position":1,"name":"Acolhimento","item":"https:\/\/www.csj-emballages.com\/pt-pt\/universo-das-embalagens-alimentares\/"},{"@type":"ListItem","position":2,"name":"Shop","item":"https:\/\/www.csj-emballages.com\/shop\/"},{"@type":"ListItem","position":3,"name":"C\u00e1psula de detergente desinfetante com aroma floral 20ml 250pcs"}]},{"@type":"WebSite","@id":"https:\/\/www.csj-emballages.com\/pt-pt\/#website","url":"https:\/\/www.csj-emballages.com\/pt-pt\/","name":"CSJ Emballages","description":"","publisher":{"@id":"https:\/\/www.csj-emballages.com\/pt-pt\/#organization"},"potentialAction":[{"@type":"SearchAction","target":{"@type":"EntryPoint","urlTemplate":"https:\/\/www.csj-emballages.com\/pt-pt\/?s={search_term_string}"},"query-input":{"@type":"PropertyValueSpecification","valueRequired":true,"valueName":"search_term_string"}}],"inLanguage":"pt-PT"},{"@type":"Organization","@id":"https:\/\/www.csj-emballages.com\/pt-pt\/#Organization\/","name":"CSJ Emballages","url":"https:\/\/www.csj-emballages.com\/pt-pt\/","logo":{"@type":"ImageObject","inLanguage":"pt-PT","@id":"https:\/\/www.csj-emballages.com\/pt-pt\/#\/schema\/logo\/image\/","url":"https:\/\/www.csj-emballages.com\/wp-content\/uploads\/2023\/10\/logo_csj.webp","contentUrl":"https:\/\/www.csj-emballages.com\/wp-content\/uploads\/2023\/10\/logo_csj.webp","width":250,"height":95,"caption":"CSJ Emballages"},"image":{"@id":"https:\/\/www.csj-emballages.com\/pt-pt\/#\/schema\/logo\/image\/"},"sameAs":["https:\/\/www.facebook.com\/csjemballages"],"address":{"@type":"PostalAddress","streetAddress":"ZI La Lechere","addressLocality":"Patornay","postalCode":"39130","addressCountry":"FR"},"contactPoint":[{"@type":"ContactPoint","contactType":"Service client","telephone":"0384254272","email":"contact@csj-emballages.com"}]}]}},"df_price":37.55,"df_sale_price":"","df_regular_price":37.55,"df_image_link":"https:\/\/www.csj-emballages.com\/wp-content\/uploads\/2025\/12\/136410-300x300.webp","tiered_pricing_type":"fixed","tiered_pricing_fixed_rules":[],"tiered_pricing_percentage_rules":[],"tiered_pricing_minimum":1,"tiered_pricing_roles_data":[],"_links":{"self":[{"href":"https:\/\/www.csj-emballages.com\/pt-pt\/wp-json\/wp\/v2\/product\/259020","targetHints":{"allow":["GET"]}}],"collection":[{"href":"https:\/\/www.csj-emballages.com\/pt-pt\/wp-json\/wp\/v2\/product"}],"about":[{"href":"https:\/\/www.csj-emballages.com\/pt-pt\/wp-json\/wp\/v2\/types\/product"}],"wp:featuredmedia":[{"embeddable":true,"href":"https:\/\/www.csj-emballages.com\/pt-pt\/wp-json\/wp\/v2\/media\/259011"}],"wp:attachment":[{"href":"https:\/\/www.csj-emballages.com\/pt-pt\/wp-json\/wp\/v2\/media?parent=259020"}],"wp:term":[{"taxonomy":"product_brand","embeddable":true,"href":"https:\/\/www.csj-emballages.com\/pt-pt\/wp-json\/wp\/v2\/product_brand?post=259020"},{"taxonomy":"product_cat","embeddable":true,"href":"https:\/\/www.csj-emballages.com\/pt-pt\/wp-json\/wp\/v2\/product_cat?post=259020"},{"taxonomy":"product_tag","embeddable":true,"href":"https:\/\/www.csj-emballages.com\/pt-pt\/wp-json\/wp\/v2\/product_tag?post=259020"}],"curies":[{"name":"wp","href":"https:\/\/api.w.org\/{rel}","templated":true}]}}