{"id":258128,"date":"2025-12-11T15:18:20","date_gmt":"2025-12-11T14:18:20","guid":{"rendered":"https:\/\/www.csj-emballages.com\/produit\/saco-de-vacuo-em-chapa-dourada-cantos-arredondados-250-x-700-mm-embalagem-de-100\/"},"modified":"2026-03-12T16:33:21","modified_gmt":"2026-03-12T15:33:21","slug":"saco-de-vacuo-em-chapa-dourada-cantos-arredondados-250-x-700-mm-embalagem-de-100","status":"publish","type":"product","link":"https:\/\/www.csj-emballages.com\/pt-pt\/produit\/saco-de-vacuo-em-chapa-dourada-cantos-arredondados-250-x-700-mm-embalagem-de-100\/","title":{"rendered":"Saco de v\u00e1cuo em chapa dourada, cantos arredondados 250 x 700 mm, embalagem de 100"},"content":{"rendered":"<h2>Saco de v\u00e1cuo com placa de ouro<\/h2>\n<hr>\n<h3>Descubra a nossa placa dourada para sacos de v\u00e1cuo com cantos arredondados 250 x 700 mm por 100<\/h3>\n<p><!--more--><\/p>\n<p data-start=\"313\" data-end=\"773\">Quando a apresenta\u00e7\u00e3o \u00e9 t\u00e3o importante como a conserva\u00e7\u00e3o, esta <strong data-start=\"376\" data-end=\"408\">placa dourada para sacos de v\u00e1cuo<\/strong> faz uma clara diferen\u00e7a. Com o seu grande formato <strong data-start=\"462\" data-end=\"478\">de 250 x 700 mm<\/strong>, \u00e9 ideal para apresentar produtos longos, como <strong>filetes de peixe<\/strong>, <strong>salm\u00e3o inteiro<\/strong>, <strong>carnes maduras<\/strong> ou certas prepara\u00e7\u00f5es de charcutaria. \u00c0 primeira vista, d\u00e1 um toque profissional e elegante que chama a aten\u00e7\u00e3o tanto na montra como quando o saco \u00e9 aberto.  <\/p>\n<p data-start=\"775\" data-end=\"1143\">A sua <strong>cor dourada<\/strong> real\u00e7a o aspeto premium do produto sem o exagerar. Destaca os alimentos, fazendo-os sobressair e dando uma impress\u00e3o imediata de qualidade. Os <strong data-start=\"945\" data-end=\"963\">cantos arredondados<\/strong> n\u00e3o est\u00e3o l\u00e1 por acaso: facilitam a inser\u00e7\u00e3o no <strong>saco de v\u00e1cuo<\/strong> e limitam o risco de perfura\u00e7\u00e3o. Assim, pode trabalhar com mais calma e mais rapidamente.   <\/p>\n<p data-start=\"1145\" data-end=\"1485\">A <strong>placa de ouro<\/strong> tamb\u00e9m oferece uma excelente fixa\u00e7\u00e3o. Mant\u00e9m o produto plano, o que melhora o aspeto visual ap\u00f3s o embalamento a v\u00e1cuo. As por\u00e7\u00f5es permanecem limpas, direitas e bem apresentadas, seja para venda em prateleiras, restaura\u00e7\u00e3o ou processamento de alimentos. \u00c9 uma verdadeira vantagem para a consist\u00eancia e a limpeza.   <\/p>\n<p data-start=\"1487\" data-end=\"1762\">Dispon\u00edvel <strong data-start=\"1496\" data-end=\"1514\">em embalagens de 100 unidades<\/strong>, \u00e9 ideal para profissionais que lidam com grandes volumes, mas que procuram uma solu\u00e7\u00e3o fi\u00e1vel e pr\u00e1tica. Pode ser facilmente integrado numa organiza\u00e7\u00e3o quotidiana sem complicar o processo de embalagem. <\/p>\n<p data-start=\"1764\" data-end=\"1935\">Em suma, a <strong>placa dourada para sacos de v\u00e1cuo<\/strong> \u00e9 mais do que um simples suporte: aumenta o valor dos seus produtos, protege a sua embalagem e melhora a imagem final que apresenta aos seus clientes.<\/p>\n<p data-start=\"1511\" data-end=\"1801\"><!--more--><\/p>\n<h4 style=\"text-align: left;\"><strong>Vantagens :<\/strong><\/h4>\n<ul>\n<li data-start=\"1963\" data-end=\"2004\"><strong>Grande formato<\/strong> para produtos longos.<\/li>\n<li data-start=\"2007\" data-end=\"2051\">Acabamento dourado para uma apresenta\u00e7\u00e3o de qualidade superior.<\/li>\n<li data-start=\"2054\" data-end=\"2107\"><strong>Cantos arredondados<\/strong> para maior seguran\u00e7a e conforto.<\/li>\n<li data-start=\"2110\" data-end=\"2150\">Perfeito suporte de v\u00e1cuo do produto.<\/li>\n<li data-start=\"2153\" data-end=\"2198\">Embalagem de <strong>100<\/strong>, ideal para uso profissional.<\/li>\n<\/ul>\n<p>&nbsp;<\/p>\n<p><!--more--><\/p>\n<h4>Outras informa\u00e7\u00f5es :<\/h4>\n<ul>\n<li><strong>Embalagem<\/strong>: Pacote de 100<\/li>\n<li><strong>Dimens\u00f5es<\/strong>: 250 x 700 mm<\/li>\n<li><b>Cor <\/b>: dourado<\/li>\n<li><strong>Material<\/strong>: Cart\u00e3o<\/li>\n<\/ul>\n<p>&nbsp;<\/p>\n<p><!--more--><\/p>\n<p><a href=\"https:\/\/www.csj-emballages.com\/pt-pt\/categorie-produit\/embalagem-de-alimentos\/padaria-e-pastelaria\/caixas-e-estojos\/caixas-de-pastelaria\/caixas-de-pastelaria-coloridas-pt-pt\/caixas-de-pastelaria-moment-gourmand\/\">Ver o resto da nossa gama de caixas de pastelaria Moment Gourmand<\/a><\/p>\n","protected":false},"excerpt":{"rendered":"<p>Saco de v\u00e1cuo com placa de ouro Descubra a nossa placa dourada para sacos de v\u00e1cuo com cantos arredondados 250 x 700 mm por 100<\/p>\n","protected":false},"featured_media":227198,"template":"","meta":{"_acf_changed":false},"product_brand":[],"product_cat":[1141,1176,3914,1240,9258],"product_tag":[],"class_list":{"0":"post-258128","1":"product","2":"type-product","3":"status-publish","4":"has-post-thumbnail","6":"product_cat-embalagem-de-alimentos","7":"product_cat-talho-e-charcutaria","8":"product_cat-sacos-e-bolsas","9":"product_cat-sacos-de-vacuo","10":"product_cat-placas-de-ouro","12":"first","13":"instock","14":"taxable","15":"shipping-taxable","16":"purchasable","17":"product-type-simple"},"acf":[],"yoast_head":"<!-- This site is optimized with the Yoast SEO Premium plugin v26.6 (Yoast SEO v26.6) - https:\/\/yoast.com\/wordpress\/plugins\/seo\/ -->\n<title>Saco de v\u00e1cuo com placa dourada Bordos redondos 250 x 700 mm por 100<\/title>\n<meta name=\"description\" content=\"Embalagem em saco de v\u00e1cuo dourado 250x700 mm com cantos arredondados, vendida em embalagens de 100. Ideal para apresentar peixe e carne da melhor forma poss\u00edvel.\" \/>\n<meta name=\"robots\" content=\"index, follow, max-snippet:-1, max-image-preview:large, max-video-preview:-1\" \/>\n<link rel=\"canonical\" href=\"https:\/\/www.csj-emballages.com\/pt-pt\/produit\/saco-de-vacuo-em-chapa-dourada-cantos-arredondados-250-x-700-mm-embalagem-de-100\/\" \/>\n<meta property=\"og:locale\" content=\"pt_PT\" \/>\n<meta property=\"og:type\" content=\"article\" \/>\n<meta property=\"og:title\" content=\"Saco de v\u00e1cuo em chapa dourada, cantos arredondados 250 x 700 mm, embalagem de 100\" \/>\n<meta property=\"og:description\" content=\"Embalagem em saco de v\u00e1cuo dourado 250x700 mm com cantos arredondados, vendida em embalagens de 100. Ideal para apresentar peixe e carne da melhor forma poss\u00edvel.\" \/>\n<meta property=\"og:url\" content=\"https:\/\/www.csj-emballages.com\/pt-pt\/produit\/saco-de-vacuo-em-chapa-dourada-cantos-arredondados-250-x-700-mm-embalagem-de-100\/\" \/>\n<meta property=\"og:site_name\" content=\"CSJ Emballages\" \/>\n<meta property=\"article:publisher\" content=\"https:\/\/www.facebook.com\/csjemballages\" \/>\n<meta property=\"article:modified_time\" content=\"2026-03-12T15:33:21+00:00\" \/>\n<meta property=\"og:image\" content=\"https:\/\/www.csj-emballages.com\/wp-content\/uploads\/2025\/03\/plaque-a-saumon-200-x-300.webp\" \/>\n\t<meta property=\"og:image:width\" content=\"800\" \/>\n\t<meta property=\"og:image:height\" content=\"800\" \/>\n\t<meta property=\"og:image:type\" content=\"image\/webp\" \/>\n<meta name=\"twitter:card\" content=\"summary_large_image\" \/>\n<meta name=\"twitter:label1\" content=\"Tempo estimado de leitura\" \/>\n\t<meta name=\"twitter:data1\" content=\"2 minutos\" \/>\n<script type=\"application\/ld+json\" class=\"yoast-schema-graph\">{\"@context\":\"https:\/\/schema.org\",\"@graph\":[{\"@type\":\"WebPage\",\"@id\":\"https:\/\/www.csj-emballages.com\/pt-pt\/produit\/saco-de-vacuo-em-chapa-dourada-cantos-arredondados-250-x-700-mm-embalagem-de-100\/\",\"url\":\"https:\/\/www.csj-emballages.com\/pt-pt\/produit\/saco-de-vacuo-em-chapa-dourada-cantos-arredondados-250-x-700-mm-embalagem-de-100\/\",\"name\":\"Saco de v\u00e1cuo com placa dourada Bordos redondos 250 x 700 mm por 100\",\"isPartOf\":{\"@id\":\"https:\/\/www.csj-emballages.com\/pt-pt\/#website\"},\"primaryImageOfPage\":{\"@id\":\"https:\/\/www.csj-emballages.com\/pt-pt\/produit\/saco-de-vacuo-em-chapa-dourada-cantos-arredondados-250-x-700-mm-embalagem-de-100\/#primaryimage\"},\"image\":{\"@id\":\"https:\/\/www.csj-emballages.com\/pt-pt\/produit\/saco-de-vacuo-em-chapa-dourada-cantos-arredondados-250-x-700-mm-embalagem-de-100\/#primaryimage\"},\"thumbnailUrl\":\"https:\/\/www.csj-emballages.com\/wp-content\/uploads\/2025\/03\/plaque-a-saumon-200-x-300.webp\",\"datePublished\":\"2025-12-11T14:18:20+00:00\",\"dateModified\":\"2026-03-12T15:33:21+00:00\",\"description\":\"Embalagem em saco de v\u00e1cuo dourado 250x700 mm com cantos arredondados, vendida em embalagens de 100. Ideal para apresentar peixe e carne da melhor forma poss\u00edvel.\",\"breadcrumb\":{\"@id\":\"https:\/\/www.csj-emballages.com\/pt-pt\/produit\/saco-de-vacuo-em-chapa-dourada-cantos-arredondados-250-x-700-mm-embalagem-de-100\/#breadcrumb\"},\"inLanguage\":\"pt-PT\",\"potentialAction\":[{\"@type\":\"ReadAction\",\"target\":[\"https:\/\/www.csj-emballages.com\/pt-pt\/produit\/saco-de-vacuo-em-chapa-dourada-cantos-arredondados-250-x-700-mm-embalagem-de-100\/\"]}]},{\"@type\":\"ImageObject\",\"inLanguage\":\"pt-PT\",\"@id\":\"https:\/\/www.csj-emballages.com\/pt-pt\/produit\/saco-de-vacuo-em-chapa-dourada-cantos-arredondados-250-x-700-mm-embalagem-de-100\/#primaryimage\",\"url\":\"https:\/\/www.csj-emballages.com\/wp-content\/uploads\/2025\/03\/plaque-a-saumon-200-x-300.webp\",\"contentUrl\":\"https:\/\/www.csj-emballages.com\/wp-content\/uploads\/2025\/03\/plaque-a-saumon-200-x-300.webp\",\"width\":800,\"height\":800,\"caption\":\"plaque or sac sous vide\"},{\"@type\":\"BreadcrumbList\",\"@id\":\"https:\/\/www.csj-emballages.com\/pt-pt\/produit\/saco-de-vacuo-em-chapa-dourada-cantos-arredondados-250-x-700-mm-embalagem-de-100\/#breadcrumb\",\"itemListElement\":[{\"@type\":\"ListItem\",\"position\":1,\"name\":\"Acolhimento\",\"item\":\"https:\/\/www.csj-emballages.com\/pt-pt\/universo-das-embalagens-alimentares\/\"},{\"@type\":\"ListItem\",\"position\":2,\"name\":\"Shop\",\"item\":\"https:\/\/www.csj-emballages.com\/shop\/\"},{\"@type\":\"ListItem\",\"position\":3,\"name\":\"Saco de v\u00e1cuo em chapa dourada, cantos arredondados 250 x 700 mm, embalagem de 100\"}]},{\"@type\":\"WebSite\",\"@id\":\"https:\/\/www.csj-emballages.com\/pt-pt\/#website\",\"url\":\"https:\/\/www.csj-emballages.com\/pt-pt\/\",\"name\":\"CSJ Emballages\",\"description\":\"\",\"publisher\":{\"@id\":\"https:\/\/www.csj-emballages.com\/pt-pt\/#organization\"},\"potentialAction\":[{\"@type\":\"SearchAction\",\"target\":{\"@type\":\"EntryPoint\",\"urlTemplate\":\"https:\/\/www.csj-emballages.com\/pt-pt\/?s={search_term_string}\"},\"query-input\":{\"@type\":\"PropertyValueSpecification\",\"valueRequired\":true,\"valueName\":\"search_term_string\"}}],\"inLanguage\":\"pt-PT\"},{\"@type\":\"Organization\",\"@id\":\"https:\/\/www.csj-emballages.com\/pt-pt\/#Organization\/\",\"name\":\"CSJ Emballages\",\"url\":\"https:\/\/www.csj-emballages.com\/pt-pt\/\",\"logo\":{\"@type\":\"ImageObject\",\"inLanguage\":\"pt-PT\",\"@id\":\"https:\/\/www.csj-emballages.com\/pt-pt\/#\/schema\/logo\/image\/\",\"url\":\"https:\/\/www.csj-emballages.com\/wp-content\/uploads\/2023\/10\/logo_csj.webp\",\"contentUrl\":\"https:\/\/www.csj-emballages.com\/wp-content\/uploads\/2023\/10\/logo_csj.webp\",\"width\":250,\"height\":95,\"caption\":\"CSJ Emballages\"},\"image\":{\"@id\":\"https:\/\/www.csj-emballages.com\/pt-pt\/#\/schema\/logo\/image\/\"},\"sameAs\":[\"https:\/\/www.facebook.com\/csjemballages\"],\"address\":{\"@type\":\"PostalAddress\",\"streetAddress\":\"ZI La Lechere\",\"addressLocality\":\"Patornay\",\"postalCode\":\"39130\",\"addressCountry\":\"FR\"},\"contactPoint\":[{\"@type\":\"ContactPoint\",\"contactType\":\"Service client\",\"telephone\":\"0384254272\",\"email\":\"contact@csj-emballages.com\"}]}]}<\/script>\n<!-- \/ Yoast SEO Premium plugin. -->","yoast_head_json":{"title":"Saco de v\u00e1cuo com placa dourada Bordos redondos 250 x 700 mm por 100","description":"Embalagem em saco de v\u00e1cuo dourado 250x700 mm com cantos arredondados, vendida em embalagens de 100. Ideal para apresentar peixe e carne da melhor forma poss\u00edvel.","robots":{"index":"index","follow":"follow","max-snippet":"max-snippet:-1","max-image-preview":"max-image-preview:large","max-video-preview":"max-video-preview:-1"},"canonical":"https:\/\/www.csj-emballages.com\/pt-pt\/produit\/saco-de-vacuo-em-chapa-dourada-cantos-arredondados-250-x-700-mm-embalagem-de-100\/","og_locale":"pt_PT","og_type":"article","og_title":"Saco de v\u00e1cuo em chapa dourada, cantos arredondados 250 x 700 mm, embalagem de 100","og_description":"Embalagem em saco de v\u00e1cuo dourado 250x700 mm com cantos arredondados, vendida em embalagens de 100. Ideal para apresentar peixe e carne da melhor forma poss\u00edvel.","og_url":"https:\/\/www.csj-emballages.com\/pt-pt\/produit\/saco-de-vacuo-em-chapa-dourada-cantos-arredondados-250-x-700-mm-embalagem-de-100\/","og_site_name":"CSJ Emballages","article_publisher":"https:\/\/www.facebook.com\/csjemballages","article_modified_time":"2026-03-12T15:33:21+00:00","og_image":[{"width":800,"height":800,"url":"https:\/\/www.csj-emballages.com\/wp-content\/uploads\/2025\/03\/plaque-a-saumon-200-x-300.webp","type":"image\/webp"}],"twitter_card":"summary_large_image","twitter_misc":{"Tempo estimado de leitura":"2 minutos"},"schema":{"@context":"https:\/\/schema.org","@graph":[{"@type":"WebPage","@id":"https:\/\/www.csj-emballages.com\/pt-pt\/produit\/saco-de-vacuo-em-chapa-dourada-cantos-arredondados-250-x-700-mm-embalagem-de-100\/","url":"https:\/\/www.csj-emballages.com\/pt-pt\/produit\/saco-de-vacuo-em-chapa-dourada-cantos-arredondados-250-x-700-mm-embalagem-de-100\/","name":"Saco de v\u00e1cuo com placa dourada Bordos redondos 250 x 700 mm por 100","isPartOf":{"@id":"https:\/\/www.csj-emballages.com\/pt-pt\/#website"},"primaryImageOfPage":{"@id":"https:\/\/www.csj-emballages.com\/pt-pt\/produit\/saco-de-vacuo-em-chapa-dourada-cantos-arredondados-250-x-700-mm-embalagem-de-100\/#primaryimage"},"image":{"@id":"https:\/\/www.csj-emballages.com\/pt-pt\/produit\/saco-de-vacuo-em-chapa-dourada-cantos-arredondados-250-x-700-mm-embalagem-de-100\/#primaryimage"},"thumbnailUrl":"https:\/\/www.csj-emballages.com\/wp-content\/uploads\/2025\/03\/plaque-a-saumon-200-x-300.webp","datePublished":"2025-12-11T14:18:20+00:00","dateModified":"2026-03-12T15:33:21+00:00","description":"Embalagem em saco de v\u00e1cuo dourado 250x700 mm com cantos arredondados, vendida em embalagens de 100. Ideal para apresentar peixe e carne da melhor forma poss\u00edvel.","breadcrumb":{"@id":"https:\/\/www.csj-emballages.com\/pt-pt\/produit\/saco-de-vacuo-em-chapa-dourada-cantos-arredondados-250-x-700-mm-embalagem-de-100\/#breadcrumb"},"inLanguage":"pt-PT","potentialAction":[{"@type":"ReadAction","target":["https:\/\/www.csj-emballages.com\/pt-pt\/produit\/saco-de-vacuo-em-chapa-dourada-cantos-arredondados-250-x-700-mm-embalagem-de-100\/"]}]},{"@type":"ImageObject","inLanguage":"pt-PT","@id":"https:\/\/www.csj-emballages.com\/pt-pt\/produit\/saco-de-vacuo-em-chapa-dourada-cantos-arredondados-250-x-700-mm-embalagem-de-100\/#primaryimage","url":"https:\/\/www.csj-emballages.com\/wp-content\/uploads\/2025\/03\/plaque-a-saumon-200-x-300.webp","contentUrl":"https:\/\/www.csj-emballages.com\/wp-content\/uploads\/2025\/03\/plaque-a-saumon-200-x-300.webp","width":800,"height":800,"caption":"plaque or sac sous vide"},{"@type":"BreadcrumbList","@id":"https:\/\/www.csj-emballages.com\/pt-pt\/produit\/saco-de-vacuo-em-chapa-dourada-cantos-arredondados-250-x-700-mm-embalagem-de-100\/#breadcrumb","itemListElement":[{"@type":"ListItem","position":1,"name":"Acolhimento","item":"https:\/\/www.csj-emballages.com\/pt-pt\/universo-das-embalagens-alimentares\/"},{"@type":"ListItem","position":2,"name":"Shop","item":"https:\/\/www.csj-emballages.com\/shop\/"},{"@type":"ListItem","position":3,"name":"Saco de v\u00e1cuo em chapa dourada, cantos arredondados 250 x 700 mm, embalagem de 100"}]},{"@type":"WebSite","@id":"https:\/\/www.csj-emballages.com\/pt-pt\/#website","url":"https:\/\/www.csj-emballages.com\/pt-pt\/","name":"CSJ Emballages","description":"","publisher":{"@id":"https:\/\/www.csj-emballages.com\/pt-pt\/#organization"},"potentialAction":[{"@type":"SearchAction","target":{"@type":"EntryPoint","urlTemplate":"https:\/\/www.csj-emballages.com\/pt-pt\/?s={search_term_string}"},"query-input":{"@type":"PropertyValueSpecification","valueRequired":true,"valueName":"search_term_string"}}],"inLanguage":"pt-PT"},{"@type":"Organization","@id":"https:\/\/www.csj-emballages.com\/pt-pt\/#Organization\/","name":"CSJ Emballages","url":"https:\/\/www.csj-emballages.com\/pt-pt\/","logo":{"@type":"ImageObject","inLanguage":"pt-PT","@id":"https:\/\/www.csj-emballages.com\/pt-pt\/#\/schema\/logo\/image\/","url":"https:\/\/www.csj-emballages.com\/wp-content\/uploads\/2023\/10\/logo_csj.webp","contentUrl":"https:\/\/www.csj-emballages.com\/wp-content\/uploads\/2023\/10\/logo_csj.webp","width":250,"height":95,"caption":"CSJ Emballages"},"image":{"@id":"https:\/\/www.csj-emballages.com\/pt-pt\/#\/schema\/logo\/image\/"},"sameAs":["https:\/\/www.facebook.com\/csjemballages"],"address":{"@type":"PostalAddress","streetAddress":"ZI La Lechere","addressLocality":"Patornay","postalCode":"39130","addressCountry":"FR"},"contactPoint":[{"@type":"ContactPoint","contactType":"Service client","telephone":"0384254272","email":"contact@csj-emballages.com"}]}]}},"df_price":70.52,"df_sale_price":"","df_regular_price":70.52,"df_image_link":"https:\/\/www.csj-emballages.com\/wp-content\/uploads\/2025\/03\/plaque-a-saumon-200-x-300-300x300.webp","tiered_pricing_type":"fixed","tiered_pricing_fixed_rules":[],"tiered_pricing_percentage_rules":[],"tiered_pricing_minimum":1,"tiered_pricing_roles_data":[],"_links":{"self":[{"href":"https:\/\/www.csj-emballages.com\/pt-pt\/wp-json\/wp\/v2\/product\/258128","targetHints":{"allow":["GET"]}}],"collection":[{"href":"https:\/\/www.csj-emballages.com\/pt-pt\/wp-json\/wp\/v2\/product"}],"about":[{"href":"https:\/\/www.csj-emballages.com\/pt-pt\/wp-json\/wp\/v2\/types\/product"}],"wp:featuredmedia":[{"embeddable":true,"href":"https:\/\/www.csj-emballages.com\/pt-pt\/wp-json\/wp\/v2\/media\/227198"}],"wp:attachment":[{"href":"https:\/\/www.csj-emballages.com\/pt-pt\/wp-json\/wp\/v2\/media?parent=258128"}],"wp:term":[{"taxonomy":"product_brand","embeddable":true,"href":"https:\/\/www.csj-emballages.com\/pt-pt\/wp-json\/wp\/v2\/product_brand?post=258128"},{"taxonomy":"product_cat","embeddable":true,"href":"https:\/\/www.csj-emballages.com\/pt-pt\/wp-json\/wp\/v2\/product_cat?post=258128"},{"taxonomy":"product_tag","embeddable":true,"href":"https:\/\/www.csj-emballages.com\/pt-pt\/wp-json\/wp\/v2\/product_tag?post=258128"}],"curies":[{"name":"wp","href":"https:\/\/api.w.org\/{rel}","templated":true}]}}