{"id":257902,"date":"2025-12-03T14:18:19","date_gmt":"2025-12-03T13:18:19","guid":{"rendered":"https:\/\/www.csj-emballages.com\/produit\/cesto-de-cartao-preto-220-x-160-x-50-mm\/"},"modified":"2026-04-28T02:11:07","modified_gmt":"2026-04-28T00:11:07","slug":"cesto-de-cartao-preto-220-x-160-x-50-mm","status":"publish","type":"product","link":"https:\/\/www.csj-emballages.com\/pt-pt\/produit\/cesto-de-cartao-preto-220-x-160-x-50-mm\/","title":{"rendered":"Cesto de cart\u00e3o preto 220 x 160 x 50 mm"},"content":{"rendered":"<h2>Cesto preto<\/h2>\n<hr>\n<h3>Descubra o nosso cesto de cart\u00e3o preto 220 x 160 x 50 mm<\/h3>\n<p><!--more--><\/p>\n<p data-start=\"261\" data-end=\"615\">Este <strong>cesto de cart\u00e3o preto<\/strong> d\u00e1 imediatamente um toque chique a tudo o que oferece. Com o seu aspeto s\u00f3brio e moderno, exibe naturalmente o seu conte\u00fado, quer se trate de produtos gourmet, de sortidos de oferta ou mesmo de artigos a granel. A sua <strong>cor preta<\/strong> ligeiramente <strong>acetinada<\/strong> d\u00e1 uma impress\u00e3o real de qualidade sem esfor\u00e7o.  <\/p>\n<p data-start=\"617\" data-end=\"983\">Com o seu formato de <strong>220 x 160 x 50 mm<\/strong>, oferece um espa\u00e7o confort\u00e1vel sem ser volumoso. Pode ser utilizado para expor fruta, p\u00e3o, chocolates, produtos locais ou mesmo arranjos mais originais, consoante as suas necessidades. F\u00e1cil de adaptar, \u00e9 um <strong>expositor vers\u00e1til<\/strong> para lojas, artes\u00e3os e restauradores.  <\/p>\n<p data-start=\"985\" data-end=\"1290\">As <strong>pegas laterais recortadas<\/strong> facilitam o transporte. Pode segur\u00e1-la com uma s\u00f3 m\u00e3o e ela mant\u00e9m-se est\u00e1vel e n\u00e3o se dobra. O <strong>cart\u00e3o grosso<\/strong> utilizado confere-lhe uma fixa\u00e7\u00e3o firme, tornando-o perfeito tanto para montras como para cestos de oferta.  <\/p>\n<p data-start=\"1292\" data-end=\"1621\">Para al\u00e9m de ser pr\u00e1tico, este <strong>cesto preto<\/strong> tem tamb\u00e9m um verdadeiro papel est\u00e9tico a desempenhar: d\u00e1 estrutura \u00e0 apresenta\u00e7\u00e3o e acrescenta uma bela coer\u00eancia visual, especialmente se gosta de trabalhar com ambientes naturais ou minimalistas. Basta juntar <span style=\"color: #d12727;\"><a style=\"color: #d12727;\" href=\"https:\/\/www.csj-emballages.com\/pt-pt\/categorie-produit\/embalagem-de-alimentos\/loja-e-armazem\/acessorios-e-equipamentos-pt-pt\/frisado\/\">friso<\/a><\/span>e alguns produtos, e o conjunto ganha forma numa quest\u00e3o de segundos. <\/p>\n<p data-start=\"1623\" data-end=\"1811\">Em suma, este <strong>cesto preto<\/strong> n\u00e3o \u00e9 apenas um recipiente: \u00e9 uma pe\u00e7a de exposi\u00e7\u00e3o que valoriza os seus produtos, facilitando a organiza\u00e7\u00e3o das suas exposi\u00e7\u00f5es e cria\u00e7\u00f5es.<\/p>\n<p data-start=\"1623\" data-end=\"1811\"><!--more--><\/p>\n<h4 data-start=\"1623\" data-end=\"1811\">Vantagens :<\/h4>\n<ul>\n<li data-start=\"1839\" data-end=\"1872\"><strong>Design<\/strong> moderno e elegante <strong>em preto<\/strong>.<\/li>\n<li data-start=\"1875\" data-end=\"1933\">Formato vers\u00e1til para apresenta\u00e7\u00f5es e cabazes de oferta.<\/li>\n<li data-start=\"1936\" data-end=\"1982\"><strong>Pegas integradas<\/strong> para facilitar o transporte.<\/li>\n<li data-start=\"1985\" data-end=\"2019\">Cart\u00e3o robusto com boa fixa\u00e7\u00e3o.<\/li>\n<li data-start=\"2022\" data-end=\"2085\">Ideal para lojas, artes\u00e3os, charcutarias e eventos.<\/li>\n<\/ul>\n<p>&nbsp;<\/p>\n<p><!--more--><\/p>\n<h4>Outras informa\u00e7\u00f5es :<\/h4>\n<ul>\n<li><strong>Embalagem<\/strong>: Por unidade<\/li>\n<li><strong>Dimens\u00f5es<\/strong>: 220 x 160 x 50 mm<\/li>\n<li><strong>Cor<\/strong>: preto<\/li>\n<li><strong>Material<\/strong>: Cart\u00e3o<\/li>\n<\/ul>\n<p>&nbsp;<\/p>\n<p><!--more--><\/p>\n<p>Este cesto de cart\u00e3o preto est\u00e1 dispon\u00edvel num tamanho maior: <span style=\"color: #d12727;\"><a style=\"color: #d12727;\" href=\"https:\/\/www.csj-emballages.com\/pt-pt\/produit\/cesto-de-cartao-preto-310-x-220-x-90-mm\/\">310 x 220 x 90 mm<\/a><\/span><\/p>\n<p>&nbsp;<\/p>\n<p><!--more--><\/p>\n<p><a href=\"https:\/\/www.csj-emballages.com\/pt-pt\/categorie-produit\/embalagem-de-alimentos\/loja-e-armazem\/acessorios-e-equipamentos-pt-pt\/cesto-de-vime\/\">Consulte o resto da nossa gama de cestos<\/a><\/p>\n","protected":false},"excerpt":{"rendered":"<p>Cesto preto Descubra o nosso cesto de cart\u00e3o preto 220 x 160 x 50 mm<\/p>\n","protected":false},"featured_media":257788,"template":"","meta":{"_acf_changed":false},"product_brand":[],"product_cat":[1141,1482,3922,3065],"product_tag":[],"class_list":{"0":"post-257902","1":"product","2":"type-product","3":"status-publish","4":"has-post-thumbnail","6":"product_cat-embalagem-de-alimentos","7":"product_cat-loja-e-armazem","8":"product_cat-acessorios-e-equipamentos-pt-pt","9":"product_cat-cesto-de-vime","11":"first","12":"instock","13":"taxable","14":"shipping-taxable","15":"purchasable","16":"product-type-simple"},"acf":[],"yoast_head":"<!-- This site is optimized with the Yoast SEO Premium plugin v26.6 (Yoast SEO v26.6) - https:\/\/yoast.com\/wordpress\/plugins\/seo\/ -->\n<title>Caixote do lixo preto 220 x 160 x 50 mm<\/title>\n<meta name=\"description\" content=\"Cesto de cart\u00e3o preto 220 x 160 x 50 mm: elegante, resistente e f\u00e1cil de transportar. Perfeito para cestos de oferta, vitrinas e apresenta\u00e7\u00f5es elegantes.\" \/>\n<meta name=\"robots\" content=\"index, follow, max-snippet:-1, max-image-preview:large, max-video-preview:-1\" \/>\n<link rel=\"canonical\" href=\"https:\/\/www.csj-emballages.com\/pt-pt\/produit\/cesto-de-cartao-preto-220-x-160-x-50-mm\/\" \/>\n<meta property=\"og:locale\" content=\"pt_PT\" \/>\n<meta property=\"og:type\" content=\"article\" \/>\n<meta property=\"og:title\" content=\"Cesto de cart\u00e3o preto 220 x 160 x 50 mm\" \/>\n<meta property=\"og:description\" content=\"Cesto de cart\u00e3o preto 220 x 160 x 50 mm: elegante, resistente e f\u00e1cil de transportar. Perfeito para cestos de oferta, vitrinas e apresenta\u00e7\u00f5es elegantes.\" \/>\n<meta property=\"og:url\" content=\"https:\/\/www.csj-emballages.com\/pt-pt\/produit\/cesto-de-cartao-preto-220-x-160-x-50-mm\/\" \/>\n<meta property=\"og:site_name\" content=\"CSJ Emballages\" \/>\n<meta property=\"article:publisher\" content=\"https:\/\/www.facebook.com\/csjemballages\" \/>\n<meta property=\"article:modified_time\" content=\"2026-04-28T00:11:07+00:00\" \/>\n<meta property=\"og:image\" content=\"https:\/\/www.csj-emballages.com\/wp-content\/uploads\/2025\/12\/117162S.webp\" \/>\n\t<meta property=\"og:image:width\" content=\"800\" \/>\n\t<meta property=\"og:image:height\" content=\"800\" \/>\n\t<meta property=\"og:image:type\" content=\"image\/webp\" \/>\n<meta name=\"twitter:card\" content=\"summary_large_image\" \/>\n<meta name=\"twitter:label1\" content=\"Tempo estimado de leitura\" \/>\n\t<meta name=\"twitter:data1\" content=\"2 minutos\" \/>\n<script type=\"application\/ld+json\" class=\"yoast-schema-graph\">{\"@context\":\"https:\/\/schema.org\",\"@graph\":[{\"@type\":\"WebPage\",\"@id\":\"https:\/\/www.csj-emballages.com\/pt-pt\/produit\/cesto-de-cartao-preto-220-x-160-x-50-mm\/\",\"url\":\"https:\/\/www.csj-emballages.com\/pt-pt\/produit\/cesto-de-cartao-preto-220-x-160-x-50-mm\/\",\"name\":\"Caixote do lixo preto 220 x 160 x 50 mm\",\"isPartOf\":{\"@id\":\"https:\/\/www.csj-emballages.com\/pt-pt\/#website\"},\"primaryImageOfPage\":{\"@id\":\"https:\/\/www.csj-emballages.com\/pt-pt\/produit\/cesto-de-cartao-preto-220-x-160-x-50-mm\/#primaryimage\"},\"image\":{\"@id\":\"https:\/\/www.csj-emballages.com\/pt-pt\/produit\/cesto-de-cartao-preto-220-x-160-x-50-mm\/#primaryimage\"},\"thumbnailUrl\":\"https:\/\/www.csj-emballages.com\/wp-content\/uploads\/2025\/12\/117162S.webp\",\"datePublished\":\"2025-12-03T13:18:19+00:00\",\"dateModified\":\"2026-04-28T00:11:07+00:00\",\"description\":\"Cesto de cart\u00e3o preto 220 x 160 x 50 mm: elegante, resistente e f\u00e1cil de transportar. Perfeito para cestos de oferta, vitrinas e apresenta\u00e7\u00f5es elegantes.\",\"breadcrumb\":{\"@id\":\"https:\/\/www.csj-emballages.com\/pt-pt\/produit\/cesto-de-cartao-preto-220-x-160-x-50-mm\/#breadcrumb\"},\"inLanguage\":\"pt-PT\",\"potentialAction\":[{\"@type\":\"ReadAction\",\"target\":[\"https:\/\/www.csj-emballages.com\/pt-pt\/produit\/cesto-de-cartao-preto-220-x-160-x-50-mm\/\"]}]},{\"@type\":\"ImageObject\",\"inLanguage\":\"pt-PT\",\"@id\":\"https:\/\/www.csj-emballages.com\/pt-pt\/produit\/cesto-de-cartao-preto-220-x-160-x-50-mm\/#primaryimage\",\"url\":\"https:\/\/www.csj-emballages.com\/wp-content\/uploads\/2025\/12\/117162S.webp\",\"contentUrl\":\"https:\/\/www.csj-emballages.com\/wp-content\/uploads\/2025\/12\/117162S.webp\",\"width\":800,\"height\":800,\"caption\":\"Corbeille noire\"},{\"@type\":\"BreadcrumbList\",\"@id\":\"https:\/\/www.csj-emballages.com\/pt-pt\/produit\/cesto-de-cartao-preto-220-x-160-x-50-mm\/#breadcrumb\",\"itemListElement\":[{\"@type\":\"ListItem\",\"position\":1,\"name\":\"Acolhimento\",\"item\":\"https:\/\/www.csj-emballages.com\/pt-pt\/universo-das-embalagens-alimentares\/\"},{\"@type\":\"ListItem\",\"position\":2,\"name\":\"Shop\",\"item\":\"https:\/\/www.csj-emballages.com\/shop\/\"},{\"@type\":\"ListItem\",\"position\":3,\"name\":\"Cesto de cart\u00e3o preto 220 x 160 x 50 mm\"}]},{\"@type\":\"WebSite\",\"@id\":\"https:\/\/www.csj-emballages.com\/pt-pt\/#website\",\"url\":\"https:\/\/www.csj-emballages.com\/pt-pt\/\",\"name\":\"CSJ Emballages\",\"description\":\"\",\"publisher\":{\"@id\":\"https:\/\/www.csj-emballages.com\/pt-pt\/#organization\"},\"potentialAction\":[{\"@type\":\"SearchAction\",\"target\":{\"@type\":\"EntryPoint\",\"urlTemplate\":\"https:\/\/www.csj-emballages.com\/pt-pt\/?s={search_term_string}\"},\"query-input\":{\"@type\":\"PropertyValueSpecification\",\"valueRequired\":true,\"valueName\":\"search_term_string\"}}],\"inLanguage\":\"pt-PT\"},{\"@type\":\"Organization\",\"@id\":\"https:\/\/www.csj-emballages.com\/pt-pt\/#Organization\/\",\"name\":\"CSJ Emballages\",\"url\":\"https:\/\/www.csj-emballages.com\/pt-pt\/\",\"logo\":{\"@type\":\"ImageObject\",\"inLanguage\":\"pt-PT\",\"@id\":\"https:\/\/www.csj-emballages.com\/pt-pt\/#\/schema\/logo\/image\/\",\"url\":\"https:\/\/www.csj-emballages.com\/wp-content\/uploads\/2023\/10\/logo_csj.webp\",\"contentUrl\":\"https:\/\/www.csj-emballages.com\/wp-content\/uploads\/2023\/10\/logo_csj.webp\",\"width\":250,\"height\":95,\"caption\":\"CSJ Emballages\"},\"image\":{\"@id\":\"https:\/\/www.csj-emballages.com\/pt-pt\/#\/schema\/logo\/image\/\"},\"sameAs\":[\"https:\/\/www.facebook.com\/csjemballages\"],\"address\":{\"@type\":\"PostalAddress\",\"streetAddress\":\"ZI La Lechere\",\"addressLocality\":\"Patornay\",\"postalCode\":\"39130\",\"addressCountry\":\"FR\"},\"contactPoint\":[{\"@type\":\"ContactPoint\",\"contactType\":\"Service client\",\"telephone\":\"0384254272\",\"email\":\"contact@csj-emballages.com\"}]}]}<\/script>\n<!-- \/ Yoast SEO Premium plugin. -->","yoast_head_json":{"title":"Caixote do lixo preto 220 x 160 x 50 mm","description":"Cesto de cart\u00e3o preto 220 x 160 x 50 mm: elegante, resistente e f\u00e1cil de transportar. Perfeito para cestos de oferta, vitrinas e apresenta\u00e7\u00f5es elegantes.","robots":{"index":"index","follow":"follow","max-snippet":"max-snippet:-1","max-image-preview":"max-image-preview:large","max-video-preview":"max-video-preview:-1"},"canonical":"https:\/\/www.csj-emballages.com\/pt-pt\/produit\/cesto-de-cartao-preto-220-x-160-x-50-mm\/","og_locale":"pt_PT","og_type":"article","og_title":"Cesto de cart\u00e3o preto 220 x 160 x 50 mm","og_description":"Cesto de cart\u00e3o preto 220 x 160 x 50 mm: elegante, resistente e f\u00e1cil de transportar. Perfeito para cestos de oferta, vitrinas e apresenta\u00e7\u00f5es elegantes.","og_url":"https:\/\/www.csj-emballages.com\/pt-pt\/produit\/cesto-de-cartao-preto-220-x-160-x-50-mm\/","og_site_name":"CSJ Emballages","article_publisher":"https:\/\/www.facebook.com\/csjemballages","article_modified_time":"2026-04-28T00:11:07+00:00","og_image":[{"width":800,"height":800,"url":"https:\/\/www.csj-emballages.com\/wp-content\/uploads\/2025\/12\/117162S.webp","type":"image\/webp"}],"twitter_card":"summary_large_image","twitter_misc":{"Tempo estimado de leitura":"2 minutos"},"schema":{"@context":"https:\/\/schema.org","@graph":[{"@type":"WebPage","@id":"https:\/\/www.csj-emballages.com\/pt-pt\/produit\/cesto-de-cartao-preto-220-x-160-x-50-mm\/","url":"https:\/\/www.csj-emballages.com\/pt-pt\/produit\/cesto-de-cartao-preto-220-x-160-x-50-mm\/","name":"Caixote do lixo preto 220 x 160 x 50 mm","isPartOf":{"@id":"https:\/\/www.csj-emballages.com\/pt-pt\/#website"},"primaryImageOfPage":{"@id":"https:\/\/www.csj-emballages.com\/pt-pt\/produit\/cesto-de-cartao-preto-220-x-160-x-50-mm\/#primaryimage"},"image":{"@id":"https:\/\/www.csj-emballages.com\/pt-pt\/produit\/cesto-de-cartao-preto-220-x-160-x-50-mm\/#primaryimage"},"thumbnailUrl":"https:\/\/www.csj-emballages.com\/wp-content\/uploads\/2025\/12\/117162S.webp","datePublished":"2025-12-03T13:18:19+00:00","dateModified":"2026-04-28T00:11:07+00:00","description":"Cesto de cart\u00e3o preto 220 x 160 x 50 mm: elegante, resistente e f\u00e1cil de transportar. Perfeito para cestos de oferta, vitrinas e apresenta\u00e7\u00f5es elegantes.","breadcrumb":{"@id":"https:\/\/www.csj-emballages.com\/pt-pt\/produit\/cesto-de-cartao-preto-220-x-160-x-50-mm\/#breadcrumb"},"inLanguage":"pt-PT","potentialAction":[{"@type":"ReadAction","target":["https:\/\/www.csj-emballages.com\/pt-pt\/produit\/cesto-de-cartao-preto-220-x-160-x-50-mm\/"]}]},{"@type":"ImageObject","inLanguage":"pt-PT","@id":"https:\/\/www.csj-emballages.com\/pt-pt\/produit\/cesto-de-cartao-preto-220-x-160-x-50-mm\/#primaryimage","url":"https:\/\/www.csj-emballages.com\/wp-content\/uploads\/2025\/12\/117162S.webp","contentUrl":"https:\/\/www.csj-emballages.com\/wp-content\/uploads\/2025\/12\/117162S.webp","width":800,"height":800,"caption":"Corbeille noire"},{"@type":"BreadcrumbList","@id":"https:\/\/www.csj-emballages.com\/pt-pt\/produit\/cesto-de-cartao-preto-220-x-160-x-50-mm\/#breadcrumb","itemListElement":[{"@type":"ListItem","position":1,"name":"Acolhimento","item":"https:\/\/www.csj-emballages.com\/pt-pt\/universo-das-embalagens-alimentares\/"},{"@type":"ListItem","position":2,"name":"Shop","item":"https:\/\/www.csj-emballages.com\/shop\/"},{"@type":"ListItem","position":3,"name":"Cesto de cart\u00e3o preto 220 x 160 x 50 mm"}]},{"@type":"WebSite","@id":"https:\/\/www.csj-emballages.com\/pt-pt\/#website","url":"https:\/\/www.csj-emballages.com\/pt-pt\/","name":"CSJ Emballages","description":"","publisher":{"@id":"https:\/\/www.csj-emballages.com\/pt-pt\/#organization"},"potentialAction":[{"@type":"SearchAction","target":{"@type":"EntryPoint","urlTemplate":"https:\/\/www.csj-emballages.com\/pt-pt\/?s={search_term_string}"},"query-input":{"@type":"PropertyValueSpecification","valueRequired":true,"valueName":"search_term_string"}}],"inLanguage":"pt-PT"},{"@type":"Organization","@id":"https:\/\/www.csj-emballages.com\/pt-pt\/#Organization\/","name":"CSJ Emballages","url":"https:\/\/www.csj-emballages.com\/pt-pt\/","logo":{"@type":"ImageObject","inLanguage":"pt-PT","@id":"https:\/\/www.csj-emballages.com\/pt-pt\/#\/schema\/logo\/image\/","url":"https:\/\/www.csj-emballages.com\/wp-content\/uploads\/2023\/10\/logo_csj.webp","contentUrl":"https:\/\/www.csj-emballages.com\/wp-content\/uploads\/2023\/10\/logo_csj.webp","width":250,"height":95,"caption":"CSJ Emballages"},"image":{"@id":"https:\/\/www.csj-emballages.com\/pt-pt\/#\/schema\/logo\/image\/"},"sameAs":["https:\/\/www.facebook.com\/csjemballages"],"address":{"@type":"PostalAddress","streetAddress":"ZI La Lechere","addressLocality":"Patornay","postalCode":"39130","addressCountry":"FR"},"contactPoint":[{"@type":"ContactPoint","contactType":"Service client","telephone":"0384254272","email":"contact@csj-emballages.com"}]}]}},"df_price":1.2,"df_sale_price":"","df_regular_price":1.2,"df_image_link":"https:\/\/www.csj-emballages.com\/wp-content\/uploads\/2025\/12\/117162S-300x300.webp","tiered_pricing_type":"fixed","tiered_pricing_fixed_rules":[],"tiered_pricing_percentage_rules":[],"tiered_pricing_minimum":1,"tiered_pricing_roles_data":[],"_links":{"self":[{"href":"https:\/\/www.csj-emballages.com\/pt-pt\/wp-json\/wp\/v2\/product\/257902","targetHints":{"allow":["GET"]}}],"collection":[{"href":"https:\/\/www.csj-emballages.com\/pt-pt\/wp-json\/wp\/v2\/product"}],"about":[{"href":"https:\/\/www.csj-emballages.com\/pt-pt\/wp-json\/wp\/v2\/types\/product"}],"wp:featuredmedia":[{"embeddable":true,"href":"https:\/\/www.csj-emballages.com\/pt-pt\/wp-json\/wp\/v2\/media\/257788"}],"wp:attachment":[{"href":"https:\/\/www.csj-emballages.com\/pt-pt\/wp-json\/wp\/v2\/media?parent=257902"}],"wp:term":[{"taxonomy":"product_brand","embeddable":true,"href":"https:\/\/www.csj-emballages.com\/pt-pt\/wp-json\/wp\/v2\/product_brand?post=257902"},{"taxonomy":"product_cat","embeddable":true,"href":"https:\/\/www.csj-emballages.com\/pt-pt\/wp-json\/wp\/v2\/product_cat?post=257902"},{"taxonomy":"product_tag","embeddable":true,"href":"https:\/\/www.csj-emballages.com\/pt-pt\/wp-json\/wp\/v2\/product_tag?post=257902"}],"curies":[{"name":"wp","href":"https:\/\/api.w.org\/{rel}","templated":true}]}}