{"id":257367,"date":"2025-11-19T14:18:16","date_gmt":"2025-11-19T13:18:16","guid":{"rendered":"https:\/\/www.csj-emballages.com\/produit\/saco-contentor-1100-litros-30-%c2%b5-por-10\/"},"modified":"2026-03-12T16:41:58","modified_gmt":"2026-03-12T15:41:58","slug":"saco-contentor-1100-litros-30-%c2%b5-por-10","status":"publish","type":"product","link":"https:\/\/www.csj-emballages.com\/pt-pt\/produit\/saco-contentor-1100-litros-30-%c2%b5-por-10\/","title":{"rendered":"Saco contentor 1100 litros 30 \u00b5 por 10"},"content":{"rendered":"<h2>Saco para contentores<\/h2>\n<hr>\n<h3>Descubra o nosso saco contentor 1100 litros 30 \u00b5 por 10<\/h3>\n<p><!--more--><\/p>\n<p data-start=\"212\" data-end=\"666\">Quando tem de gerir grandes volumes de res\u00edduos, precisa de uma solu\u00e7\u00e3o que seja simples, fi\u00e1vel e r\u00e1pida de instalar. Este <strong data-start=\"342\" data-end=\"383\">saco de lixo de 1100 litros<\/strong> foi concebido para fazer exatamente isso. Desliza facilmente para o caixote do lixo, encaixa-se perfeitamente nas paredes e mant\u00e9m-se no lugar mesmo quando o contentor est\u00e1 cheio. N\u00e3o precisa de se debater com um saco que escorrega ou se rasga no momento errado: aqui, tudo \u00e9 feito para facilitar a sua vida di\u00e1ria.   <\/p>\n<p data-start=\"668\" data-end=\"1024\">Com uma espessura de <strong data-start=\"690\" data-end=\"704\">30 microns<\/strong>, oferece um bom compromisso entre resist\u00eancia e flexibilidade. Trata facilmente os res\u00edduos do quotidiano, seja na restaura\u00e7\u00e3o, na ind\u00fastria, nas autarquias ou mesmo nos condom\u00ednios. Trabalhar\u00e1 de forma limpa, sem fugas, sem derrames e, sobretudo, sem surpresas desagrad\u00e1veis quando retirar o saco.  <\/p>\n<p data-start=\"1026\" data-end=\"1281\">Al\u00e9m disso, este formato de <strong data-start=\"1045\" data-end=\"1055\">10 embalagens<\/strong> \u00e9 muito pr\u00e1tico: significa que pode manter um stock compacto que \u00e9 suficiente para v\u00e1rios dias de utiliza\u00e7\u00e3o. Sem desperd\u00edcio, sem caixas a ocupar todo o espa\u00e7o &#8211; apenas a quantidade certa para trabalhar eficientemente. <\/p>\n<p data-start=\"1283\" data-end=\"1578\">Este tipo de <strong>cobertura<\/strong> tamb\u00e9m melhora a higiene do contentor. Ao cobrir completamente as paredes interiores, limita a sujidade, reduz os odores e facilita muito a limpeza. O resultado: um espa\u00e7o de trabalho mais limpo e agrad\u00e1vel e uma gest\u00e3o dos res\u00edduos muito mais fluida.  <\/p>\n<p data-start=\"1580\" data-end=\"1779\">Em suma, este <strong>saco para contentores de 1100 L<\/strong> \u00e9 um aliado discreto mas essencial para quem quer poupar tempo, evitar manipula\u00e7\u00f5es complicadas e manter um ambiente de trabalho impec\u00e1vel.<\/p>\n<p data-start=\"1580\" data-end=\"1779\"><!--more--><\/p>\n<h4 data-start=\"1580\" data-end=\"1779\">Vantagens :<\/h4>\n<ul>\n<li data-start=\"1807\" data-end=\"1856\">Perfeitamente adaptada a contentores de 1100 litros.<\/li>\n<li data-start=\"1859\" data-end=\"1897\"><strong>30 \u00b5<\/strong> de espessura: resistente e f\u00e1cil de manusear.<\/li>\n<li data-start=\"1900\" data-end=\"1948\">R\u00e1pido de colocar, mant\u00e9m-se bem no tabuleiro.<\/li>\n<li data-start=\"1951\" data-end=\"1981\">Reduz a sujidade e os odores.<\/li>\n<li data-start=\"1984\" data-end=\"2012\">Embalagem pr\u00e1tica de <strong>10 unidades<\/strong>.<\/li>\n<\/ul>\n<p>&nbsp;<\/p>\n<p><!--more--><\/p>\n<h4>Outras informa\u00e7\u00f5es :<\/h4>\n<ul>\n<li><strong>Embalagem<\/strong>: Pacote de 10<\/li>\n<li><strong>Volume<\/strong>: 1100 litros<\/li>\n<li><strong>Espessura<\/strong>: 30 \u00b5<\/li>\n<li><strong>Cor<\/strong>: preto<\/li>\n<li><strong>Material<\/strong>: pl\u00e1stico BD<\/li>\n<\/ul>\n<p>&nbsp;<\/p>\n<p><!--more--><\/p>\n<p>Este saco contentor de 1100 litros est\u00e1 dispon\u00edvel em diferentes tamanhos: <span style=\"color: #d12727;\"><a style=\"color: #d12727;\" href=\"https:\/\/www.csj-emballages.com\/pt-pt\/produit\/10-sacos-de-lixo-pretos-de-30-%c2%b5-240-litros\/\">240 litros<\/a><\/span> \/ <span style=\"color: #d12727;\"><a style=\"color: #d12727;\" href=\"https:\/\/www.csj-emballages.com\/pt-pt\/produit\/10-sacos-de-lixo-340-litros-35-%c2%b5\/\">340 litros<\/a><\/span><\/p>\n<p>&nbsp;<\/p>\n<p><!--more--><\/p>\n<p><a href=\"https:\/\/www.csj-emballages.com\/pt-pt\/categorie-produit\/higiene-e-manutencao\/sacos-de-lixo\/\">Ver o resto da nossa gama de sacos de lixo<\/a><\/p>\n","protected":false},"excerpt":{"rendered":"<p>Saco para contentores Descubra o nosso saco contentor 1100 litros 30 \u00b5 por 10<\/p>\n","protected":false},"featured_media":257015,"template":"","meta":{"_acf_changed":false},"product_brand":[],"product_cat":[1222,1874],"product_tag":[],"class_list":{"0":"post-257367","1":"product","2":"type-product","3":"status-publish","4":"has-post-thumbnail","6":"product_cat-higiene-e-manutencao","7":"product_cat-sacos-de-lixo","9":"first","10":"instock","11":"taxable","12":"shipping-taxable","13":"purchasable","14":"product-type-simple"},"acf":[],"yoast_head":"<!-- This site is optimized with the Yoast SEO Premium plugin v26.6 (Yoast SEO v26.6) - https:\/\/yoast.com\/wordpress\/plugins\/seo\/ -->\n<title>Saco Tampa Contentor 1100 litros 30 \u00b5 por 10<\/title>\n<meta name=\"description\" content=\"Saco de revestimento para contentores de 1100 L, 30 \u00b5, vendido por 10. Resistente, f\u00e1cil de instalar e ideal para manter os contentores limpos e facilitar a gest\u00e3o dos res\u00edduos.\" \/>\n<meta name=\"robots\" content=\"index, follow, max-snippet:-1, max-image-preview:large, max-video-preview:-1\" \/>\n<link rel=\"canonical\" href=\"https:\/\/www.csj-emballages.com\/pt-pt\/produit\/saco-contentor-1100-litros-30-%c2%b5-por-10\/\" \/>\n<meta property=\"og:locale\" content=\"pt_PT\" \/>\n<meta property=\"og:type\" content=\"article\" \/>\n<meta property=\"og:title\" content=\"Saco contentor 1100 litros 30 \u00b5 por 10\" \/>\n<meta property=\"og:description\" content=\"Saco de revestimento para contentores de 1100 L, 30 \u00b5, vendido por 10. Resistente, f\u00e1cil de instalar e ideal para manter os contentores limpos e facilitar a gest\u00e3o dos res\u00edduos.\" \/>\n<meta property=\"og:url\" content=\"https:\/\/www.csj-emballages.com\/pt-pt\/produit\/saco-contentor-1100-litros-30-%c2%b5-por-10\/\" \/>\n<meta property=\"og:site_name\" content=\"CSJ Emballages\" \/>\n<meta property=\"article:publisher\" content=\"https:\/\/www.facebook.com\/csjemballages\" \/>\n<meta property=\"article:modified_time\" content=\"2026-03-12T15:41:58+00:00\" \/>\n<meta property=\"og:image\" content=\"https:\/\/www.csj-emballages.com\/wp-content\/uploads\/2025\/11\/SP110030.webp\" \/>\n\t<meta property=\"og:image:width\" content=\"800\" \/>\n\t<meta property=\"og:image:height\" content=\"800\" \/>\n\t<meta property=\"og:image:type\" content=\"image\/webp\" \/>\n<meta name=\"twitter:card\" content=\"summary_large_image\" \/>\n<meta name=\"twitter:label1\" content=\"Tempo estimado de leitura\" \/>\n\t<meta name=\"twitter:data1\" content=\"2 minutos\" \/>\n<script type=\"application\/ld+json\" class=\"yoast-schema-graph\">{\"@context\":\"https:\/\/schema.org\",\"@graph\":[{\"@type\":\"WebPage\",\"@id\":\"https:\/\/www.csj-emballages.com\/pt-pt\/produit\/saco-contentor-1100-litros-30-%c2%b5-por-10\/\",\"url\":\"https:\/\/www.csj-emballages.com\/pt-pt\/produit\/saco-contentor-1100-litros-30-%c2%b5-por-10\/\",\"name\":\"Saco Tampa Contentor 1100 litros 30 \u00b5 por 10\",\"isPartOf\":{\"@id\":\"https:\/\/www.csj-emballages.com\/pt-pt\/#website\"},\"primaryImageOfPage\":{\"@id\":\"https:\/\/www.csj-emballages.com\/pt-pt\/produit\/saco-contentor-1100-litros-30-%c2%b5-por-10\/#primaryimage\"},\"image\":{\"@id\":\"https:\/\/www.csj-emballages.com\/pt-pt\/produit\/saco-contentor-1100-litros-30-%c2%b5-por-10\/#primaryimage\"},\"thumbnailUrl\":\"https:\/\/www.csj-emballages.com\/wp-content\/uploads\/2025\/11\/SP110030.webp\",\"datePublished\":\"2025-11-19T13:18:16+00:00\",\"dateModified\":\"2026-03-12T15:41:58+00:00\",\"description\":\"Saco de revestimento para contentores de 1100 L, 30 \u00b5, vendido por 10. Resistente, f\u00e1cil de instalar e ideal para manter os contentores limpos e facilitar a gest\u00e3o dos res\u00edduos.\",\"breadcrumb\":{\"@id\":\"https:\/\/www.csj-emballages.com\/pt-pt\/produit\/saco-contentor-1100-litros-30-%c2%b5-por-10\/#breadcrumb\"},\"inLanguage\":\"pt-PT\",\"potentialAction\":[{\"@type\":\"ReadAction\",\"target\":[\"https:\/\/www.csj-emballages.com\/pt-pt\/produit\/saco-contentor-1100-litros-30-%c2%b5-por-10\/\"]}]},{\"@type\":\"ImageObject\",\"inLanguage\":\"pt-PT\",\"@id\":\"https:\/\/www.csj-emballages.com\/pt-pt\/produit\/saco-contentor-1100-litros-30-%c2%b5-por-10\/#primaryimage\",\"url\":\"https:\/\/www.csj-emballages.com\/wp-content\/uploads\/2025\/11\/SP110030.webp\",\"contentUrl\":\"https:\/\/www.csj-emballages.com\/wp-content\/uploads\/2025\/11\/SP110030.webp\",\"width\":800,\"height\":800,\"caption\":\"Sac housse conteneur\"},{\"@type\":\"BreadcrumbList\",\"@id\":\"https:\/\/www.csj-emballages.com\/pt-pt\/produit\/saco-contentor-1100-litros-30-%c2%b5-por-10\/#breadcrumb\",\"itemListElement\":[{\"@type\":\"ListItem\",\"position\":1,\"name\":\"Acolhimento\",\"item\":\"https:\/\/www.csj-emballages.com\/pt-pt\/universo-das-embalagens-alimentares\/\"},{\"@type\":\"ListItem\",\"position\":2,\"name\":\"Shop\",\"item\":\"https:\/\/www.csj-emballages.com\/shop\/\"},{\"@type\":\"ListItem\",\"position\":3,\"name\":\"Saco contentor 1100 litros 30 \u00b5 por 10\"}]},{\"@type\":\"WebSite\",\"@id\":\"https:\/\/www.csj-emballages.com\/pt-pt\/#website\",\"url\":\"https:\/\/www.csj-emballages.com\/pt-pt\/\",\"name\":\"CSJ Emballages\",\"description\":\"\",\"publisher\":{\"@id\":\"https:\/\/www.csj-emballages.com\/pt-pt\/#organization\"},\"potentialAction\":[{\"@type\":\"SearchAction\",\"target\":{\"@type\":\"EntryPoint\",\"urlTemplate\":\"https:\/\/www.csj-emballages.com\/pt-pt\/?s={search_term_string}\"},\"query-input\":{\"@type\":\"PropertyValueSpecification\",\"valueRequired\":true,\"valueName\":\"search_term_string\"}}],\"inLanguage\":\"pt-PT\"},{\"@type\":\"Organization\",\"@id\":\"https:\/\/www.csj-emballages.com\/pt-pt\/#Organization\/\",\"name\":\"CSJ Emballages\",\"url\":\"https:\/\/www.csj-emballages.com\/pt-pt\/\",\"logo\":{\"@type\":\"ImageObject\",\"inLanguage\":\"pt-PT\",\"@id\":\"https:\/\/www.csj-emballages.com\/pt-pt\/#\/schema\/logo\/image\/\",\"url\":\"https:\/\/www.csj-emballages.com\/wp-content\/uploads\/2023\/10\/logo_csj.webp\",\"contentUrl\":\"https:\/\/www.csj-emballages.com\/wp-content\/uploads\/2023\/10\/logo_csj.webp\",\"width\":250,\"height\":95,\"caption\":\"CSJ Emballages\"},\"image\":{\"@id\":\"https:\/\/www.csj-emballages.com\/pt-pt\/#\/schema\/logo\/image\/\"},\"sameAs\":[\"https:\/\/www.facebook.com\/csjemballages\"],\"address\":{\"@type\":\"PostalAddress\",\"streetAddress\":\"ZI La Lechere\",\"addressLocality\":\"Patornay\",\"postalCode\":\"39130\",\"addressCountry\":\"FR\"},\"contactPoint\":[{\"@type\":\"ContactPoint\",\"contactType\":\"Service client\",\"telephone\":\"0384254272\",\"email\":\"contact@csj-emballages.com\"}]}]}<\/script>\n<!-- \/ Yoast SEO Premium plugin. -->","yoast_head_json":{"title":"Saco Tampa Contentor 1100 litros 30 \u00b5 por 10","description":"Saco de revestimento para contentores de 1100 L, 30 \u00b5, vendido por 10. Resistente, f\u00e1cil de instalar e ideal para manter os contentores limpos e facilitar a gest\u00e3o dos res\u00edduos.","robots":{"index":"index","follow":"follow","max-snippet":"max-snippet:-1","max-image-preview":"max-image-preview:large","max-video-preview":"max-video-preview:-1"},"canonical":"https:\/\/www.csj-emballages.com\/pt-pt\/produit\/saco-contentor-1100-litros-30-%c2%b5-por-10\/","og_locale":"pt_PT","og_type":"article","og_title":"Saco contentor 1100 litros 30 \u00b5 por 10","og_description":"Saco de revestimento para contentores de 1100 L, 30 \u00b5, vendido por 10. Resistente, f\u00e1cil de instalar e ideal para manter os contentores limpos e facilitar a gest\u00e3o dos res\u00edduos.","og_url":"https:\/\/www.csj-emballages.com\/pt-pt\/produit\/saco-contentor-1100-litros-30-%c2%b5-por-10\/","og_site_name":"CSJ Emballages","article_publisher":"https:\/\/www.facebook.com\/csjemballages","article_modified_time":"2026-03-12T15:41:58+00:00","og_image":[{"width":800,"height":800,"url":"https:\/\/www.csj-emballages.com\/wp-content\/uploads\/2025\/11\/SP110030.webp","type":"image\/webp"}],"twitter_card":"summary_large_image","twitter_misc":{"Tempo estimado de leitura":"2 minutos"},"schema":{"@context":"https:\/\/schema.org","@graph":[{"@type":"WebPage","@id":"https:\/\/www.csj-emballages.com\/pt-pt\/produit\/saco-contentor-1100-litros-30-%c2%b5-por-10\/","url":"https:\/\/www.csj-emballages.com\/pt-pt\/produit\/saco-contentor-1100-litros-30-%c2%b5-por-10\/","name":"Saco Tampa Contentor 1100 litros 30 \u00b5 por 10","isPartOf":{"@id":"https:\/\/www.csj-emballages.com\/pt-pt\/#website"},"primaryImageOfPage":{"@id":"https:\/\/www.csj-emballages.com\/pt-pt\/produit\/saco-contentor-1100-litros-30-%c2%b5-por-10\/#primaryimage"},"image":{"@id":"https:\/\/www.csj-emballages.com\/pt-pt\/produit\/saco-contentor-1100-litros-30-%c2%b5-por-10\/#primaryimage"},"thumbnailUrl":"https:\/\/www.csj-emballages.com\/wp-content\/uploads\/2025\/11\/SP110030.webp","datePublished":"2025-11-19T13:18:16+00:00","dateModified":"2026-03-12T15:41:58+00:00","description":"Saco de revestimento para contentores de 1100 L, 30 \u00b5, vendido por 10. Resistente, f\u00e1cil de instalar e ideal para manter os contentores limpos e facilitar a gest\u00e3o dos res\u00edduos.","breadcrumb":{"@id":"https:\/\/www.csj-emballages.com\/pt-pt\/produit\/saco-contentor-1100-litros-30-%c2%b5-por-10\/#breadcrumb"},"inLanguage":"pt-PT","potentialAction":[{"@type":"ReadAction","target":["https:\/\/www.csj-emballages.com\/pt-pt\/produit\/saco-contentor-1100-litros-30-%c2%b5-por-10\/"]}]},{"@type":"ImageObject","inLanguage":"pt-PT","@id":"https:\/\/www.csj-emballages.com\/pt-pt\/produit\/saco-contentor-1100-litros-30-%c2%b5-por-10\/#primaryimage","url":"https:\/\/www.csj-emballages.com\/wp-content\/uploads\/2025\/11\/SP110030.webp","contentUrl":"https:\/\/www.csj-emballages.com\/wp-content\/uploads\/2025\/11\/SP110030.webp","width":800,"height":800,"caption":"Sac housse conteneur"},{"@type":"BreadcrumbList","@id":"https:\/\/www.csj-emballages.com\/pt-pt\/produit\/saco-contentor-1100-litros-30-%c2%b5-por-10\/#breadcrumb","itemListElement":[{"@type":"ListItem","position":1,"name":"Acolhimento","item":"https:\/\/www.csj-emballages.com\/pt-pt\/universo-das-embalagens-alimentares\/"},{"@type":"ListItem","position":2,"name":"Shop","item":"https:\/\/www.csj-emballages.com\/shop\/"},{"@type":"ListItem","position":3,"name":"Saco contentor 1100 litros 30 \u00b5 por 10"}]},{"@type":"WebSite","@id":"https:\/\/www.csj-emballages.com\/pt-pt\/#website","url":"https:\/\/www.csj-emballages.com\/pt-pt\/","name":"CSJ Emballages","description":"","publisher":{"@id":"https:\/\/www.csj-emballages.com\/pt-pt\/#organization"},"potentialAction":[{"@type":"SearchAction","target":{"@type":"EntryPoint","urlTemplate":"https:\/\/www.csj-emballages.com\/pt-pt\/?s={search_term_string}"},"query-input":{"@type":"PropertyValueSpecification","valueRequired":true,"valueName":"search_term_string"}}],"inLanguage":"pt-PT"},{"@type":"Organization","@id":"https:\/\/www.csj-emballages.com\/pt-pt\/#Organization\/","name":"CSJ Emballages","url":"https:\/\/www.csj-emballages.com\/pt-pt\/","logo":{"@type":"ImageObject","inLanguage":"pt-PT","@id":"https:\/\/www.csj-emballages.com\/pt-pt\/#\/schema\/logo\/image\/","url":"https:\/\/www.csj-emballages.com\/wp-content\/uploads\/2023\/10\/logo_csj.webp","contentUrl":"https:\/\/www.csj-emballages.com\/wp-content\/uploads\/2023\/10\/logo_csj.webp","width":250,"height":95,"caption":"CSJ Emballages"},"image":{"@id":"https:\/\/www.csj-emballages.com\/pt-pt\/#\/schema\/logo\/image\/"},"sameAs":["https:\/\/www.facebook.com\/csjemballages"],"address":{"@type":"PostalAddress","streetAddress":"ZI La Lechere","addressLocality":"Patornay","postalCode":"39130","addressCountry":"FR"},"contactPoint":[{"@type":"ContactPoint","contactType":"Service client","telephone":"0384254272","email":"contact@csj-emballages.com"}]}]}},"df_price":7.46,"df_sale_price":"","df_regular_price":7.46,"df_image_link":"https:\/\/www.csj-emballages.com\/wp-content\/uploads\/2025\/11\/SP110030-300x300.webp","tiered_pricing_type":"fixed","tiered_pricing_fixed_rules":[],"tiered_pricing_percentage_rules":[],"tiered_pricing_minimum":1,"tiered_pricing_roles_data":[],"_links":{"self":[{"href":"https:\/\/www.csj-emballages.com\/pt-pt\/wp-json\/wp\/v2\/product\/257367","targetHints":{"allow":["GET"]}}],"collection":[{"href":"https:\/\/www.csj-emballages.com\/pt-pt\/wp-json\/wp\/v2\/product"}],"about":[{"href":"https:\/\/www.csj-emballages.com\/pt-pt\/wp-json\/wp\/v2\/types\/product"}],"wp:featuredmedia":[{"embeddable":true,"href":"https:\/\/www.csj-emballages.com\/pt-pt\/wp-json\/wp\/v2\/media\/257015"}],"wp:attachment":[{"href":"https:\/\/www.csj-emballages.com\/pt-pt\/wp-json\/wp\/v2\/media?parent=257367"}],"wp:term":[{"taxonomy":"product_brand","embeddable":true,"href":"https:\/\/www.csj-emballages.com\/pt-pt\/wp-json\/wp\/v2\/product_brand?post=257367"},{"taxonomy":"product_cat","embeddable":true,"href":"https:\/\/www.csj-emballages.com\/pt-pt\/wp-json\/wp\/v2\/product_cat?post=257367"},{"taxonomy":"product_tag","embeddable":true,"href":"https:\/\/www.csj-emballages.com\/pt-pt\/wp-json\/wp\/v2\/product_tag?post=257367"}],"curies":[{"name":"wp","href":"https:\/\/api.w.org\/{rel}","templated":true}]}}