{"id":257364,"date":"2025-11-19T15:18:16","date_gmt":"2025-11-19T14:18:16","guid":{"rendered":"https:\/\/www.csj-emballages.com\/produit\/forma-de-aluminio-para-bolos-288-mm-por-100\/"},"modified":"2026-03-26T02:18:22","modified_gmt":"2026-03-26T01:18:22","slug":"forma-de-aluminio-para-bolos-288-mm-por-100","status":"publish","type":"product","link":"https:\/\/www.csj-emballages.com\/pt-pt\/produit\/forma-de-aluminio-para-bolos-288-mm-por-100\/","title":{"rendered":"Forma de alum\u00ednio para bolos 288 mm por 100"},"content":{"rendered":"<h2>Molde Tourti\u00e8re<\/h2>\n<hr>\n<h3>Descubra a nossa forma de alum\u00ednio para bolos de 288 mm por 100<\/h3>\n<p><!--more--><\/p>\n<p data-start=\"212\" data-end=\"654\">Se prepara frequentemente <strong>tartes<\/strong>, quiches ou tartes generosas, esta <strong>forma de alum\u00ednio para bolos de<\/strong> <strong data-start=\"302\" data-end=\"312\">288 mm<\/strong> tornar-se-\u00e1 rapidamente o seu melhor aliado. A sua largura oferece espa\u00e7o suficiente para <strong>receitas familiares<\/strong> ou prepara\u00e7\u00f5es mais criativas, sendo f\u00e1cil de manusear. Gra\u00e7as ao seu material <strong>em alum\u00ednio<\/strong>, o calor \u00e9 distribu\u00eddo uniformemente: a sua massa fica dourada sem queimar e a cozedura \u00e9 controlada do centro para os bordos.  <\/p>\n<p data-start=\"656\" data-end=\"1102\">Na cozinha profissional, sabemos como \u00e9 essencial poupar tempo. \u00c9 por isso que esta <strong>forma para tourti\u00e8re<\/strong> foi concebida para ser utilizada de imediato, sem untar excessivamente, e para ser descartada ap\u00f3s a utiliza\u00e7\u00e3o, se necess\u00e1rio. Assim, passa-se menos tempo a esfregar e mais tempo a cozer. \u00c9 t\u00e3o adequada para padeiros artesanais como para restauradores, fornecedores de refei\u00e7\u00f5es e organizadores de eventos que necessitam de equipamento fi\u00e1vel e consistente.   <\/p>\n<p data-start=\"1104\" data-end=\"1393\">Com a sua <strong data-start=\"1113\" data-end=\"1134\">embalagem de 100 pe\u00e7as<\/strong>, pode trabalhar com todo o conforto: sem rupturas de stock a meio de um inc\u00eandio e com uma melhor organiza\u00e7\u00e3o dos seus preparativos. Quer se trate de uma produ\u00e7\u00e3o di\u00e1ria ou de grandes encomendas, este formato permite-lhe trabalhar com toda a tranquilidade. <\/p>\n<p data-start=\"1395\" data-end=\"1684\">Al\u00e9m disso, a <strong>forma para tourti\u00e8re<\/strong> \u00e9 suficientemente r\u00edgida para conter recheios generosos sem se deformar, garantindo uma bela apresenta\u00e7\u00e3o diretamente do forno. O alum\u00ednio leve mas robusto tamb\u00e9m facilita o transporte e o manuseamento, mesmo quando a <strong>forma<\/strong> est\u00e1 cheia. <\/p>\n<p data-start=\"1686\" data-end=\"1850\">Em suma, esta <strong>forma de alum\u00ednio para bolos<\/strong> \u00e9 pr\u00e1tica, eficiente e fi\u00e1vel &#8211; exatamente o que precisa para trabalhar de forma r\u00e1pida, limpa e consistente.<\/p>\n<p data-start=\"1686\" data-end=\"1850\">\n<p data-start=\"1686\" data-end=\"1850\"><!--more--><\/p>\n<h4 data-start=\"1686\" data-end=\"1850\">Vantagens :<\/h4>\n<ul>\n<li data-start=\"1878\" data-end=\"1917\">Cozedura uniforme gra\u00e7as ao alum\u00ednio.<\/li>\n<li data-start=\"1920\" data-end=\"1973\"><strong>Formato de 288 mm<\/strong> ideal para tartes e tartes grandes.<\/li>\n<li data-start=\"1976\" data-end=\"2021\">Utiliza\u00e7\u00e3o pr\u00e1tica: n\u00e3o \u00e9 necess\u00e1rio efetuar uma limpeza intensiva.<\/li>\n<li data-start=\"2024\" data-end=\"2055\">Embalagem econ\u00f3mica de <strong>100<\/strong> unidades.<\/li>\n<li data-start=\"2058\" data-end=\"2112\">Este molde tourti\u00e8re \u00e9 r\u00edgido e est\u00e1vel, mesmo com recheios generosos.<\/li>\n<\/ul>\n<p>&nbsp;<\/p>\n<p><!--more--><\/p>\n<h4>Outras informa\u00e7\u00f5es :<\/h4>\n<ul>\n<li><strong>Embalagem<\/strong>: Pacote de 100<\/li>\n<li><strong>Di\u00e2metro superior<\/strong>: \u00d8288 mm<\/li>\n<li><strong>Di\u00e2metro inferior <\/strong>: \u00d8250 mm<\/li>\n<li><strong>Altura<\/strong>: 35 mm<\/li>\n<li><strong>Material<\/strong>: Alum\u00ednio<\/li>\n<\/ul>\n<p>&nbsp;<\/p>\n<p><!--more--><\/p>\n<p>Este produto est\u00e1 dispon\u00edvel em diferentes tamanhos:  <span style=\"color: #d12727;\"><a style=\"color: #d12727;\" href=\"https:\/\/www.csj-emballages.com\/es\/produit\/100-moldes-tourtiere-desechables-de-aluminio-109-mm\/\">109 mm<\/a><\/span> \/ <span style=\"color: #d12727;\"><a style=\"color: #d12727;\" href=\"https:\/\/www.csj-emballages.com\/es\/produit\/100-moldes-tourtiere-desechables-de-aluminio-138-mm\/\">138 mm<\/a><\/span> \/ <span style=\"color: #d12727;\"><a style=\"color: #d12727;\" href=\"https:\/\/www.csj-emballages.com\/produit\/100-moules-a-tourtieres-jetables-aluminium-170-mm\/\">174 mm<\/a><\/span> \/ <span style=\"color: #d12727;\"><a style=\"color: #d12727;\" href=\"https:\/\/www.csj-emballages.com\/es\/produit\/100-moldes-tourtiere-desechables-de-aluminio-de-195-mm\/\">195 mm<\/a><\/span> \/ <span style=\"color: #d12727;\"><a style=\"color: #d12727;\" href=\"https:\/\/www.csj-emballages.com\/es\/produit\/moldes-de-aluminio-para-tourtiere-de-400-mm-desechables-de-200-mm\/\">200 mm<\/a><\/span> \/ <span style=\"color: #d12727;\"><a style=\"color: #d12727;\" href=\"https:\/\/www.csj-emballages.com\/es\/produit\/100-moldes-tourtiere-desechables-de-aluminio-214-mm\/\">214 mm<\/a><\/span> \/ <span style=\"color: #d12727;\"><a style=\"color: #d12727;\" href=\"https:\/\/www.csj-emballages.com\/produit\/100-moules-a-tourtieres-jetables-aluminium-230-mm\/\">230 mm<\/a><\/span> \/        <span style=\"color: #d12727;\"><a style=\"color: #d12727;\" href=\"https:\/\/www.csj-emballages.com\/es\/produit\/100-moldes-desechables-de-aluminio-para-tourtiere-247-mm\/\">247 mm<\/a> <\/span>\/  <span style=\"color: #d12727;\"><a style=\"color: #d12727;\" href=\"https:\/\/www.csj-emballages.com\/produit\/100-moules-a-tourtieres-jetables-aluminium-270-mm\/\">270 mm<\/a> <span style=\"color: #000000;\">\/<\/span> <a style=\"color: #d12727;\" href=\"https:\/\/www.csj-emballages.com\/es\/produit\/200-moldes-desechables-de-aluminio-para-tourtiere-327-mm\/\">327 mm<\/a><\/span><\/p>\n<p>&nbsp;<\/p>\n<p><!--more--><\/p>\n<p><a href=\"https:\/\/www.csj-emballages.com\/pt-pt\/categorie-produit\/embalagem-de-alimentos\/talho-e-charcutaria\/tabuleiros-latas-e-frascos\/tabuleiros-de-aluminio-pratos-formas-tabuleiros-de-refeicao-copos-ramequins-empadas-de-carne\/moldes-tourtiere\/\">Ver o resto da nossa gama de moldes tourti\u00e8re<\/a><\/p>\n","protected":false},"excerpt":{"rendered":"<p>Molde Tourti\u00e8re Descubra a nossa forma de alum\u00ednio para bolos de 288 mm por 100<\/p>\n","protected":false},"featured_media":256951,"template":"","meta":{"_acf_changed":false},"product_brand":[],"product_cat":[1141,1176,2289,2001,3598],"product_tag":[],"class_list":{"0":"post-257364","1":"product","2":"type-product","3":"status-publish","4":"has-post-thumbnail","6":"product_cat-embalagem-de-alimentos","7":"product_cat-talho-e-charcutaria","8":"product_cat-tabuleiros-latas-e-frascos","9":"product_cat-tabuleiros-de-aluminio-pratos-formas-tabuleiros-de-refeicao-copos-ramequins-empadas-de-carne","10":"product_cat-moldes-tourtiere","12":"first","13":"instock","14":"taxable","15":"shipping-taxable","16":"purchasable","17":"product-type-simple"},"acf":[],"yoast_head":"<!-- This site is optimized with the Yoast SEO Premium plugin v26.6 (Yoast SEO v26.6) - https:\/\/yoast.com\/wordpress\/plugins\/seo\/ -->\n<title>Molde Tourti\u00e8re em alum\u00ednio 288 mm por 100<\/title>\n<meta name=\"description\" content=\"Forma para tourti\u00e8re em alum\u00ednio de 288 mm vendida em embalagens de 100 unidades. Perfeita para uma cozedura homog\u00e9nea, uma utiliza\u00e7\u00e3o r\u00e1pida e uma produ\u00e7\u00e3o profissional eficiente.\" \/>\n<meta name=\"robots\" content=\"index, follow, max-snippet:-1, max-image-preview:large, max-video-preview:-1\" \/>\n<link rel=\"canonical\" href=\"https:\/\/www.csj-emballages.com\/pt-pt\/produit\/forma-de-aluminio-para-bolos-288-mm-por-100\/\" \/>\n<meta property=\"og:locale\" content=\"pt_PT\" \/>\n<meta property=\"og:type\" content=\"article\" \/>\n<meta property=\"og:title\" content=\"Forma de alum\u00ednio para bolos 288 mm por 100\" \/>\n<meta property=\"og:description\" content=\"Forma para tourti\u00e8re em alum\u00ednio de 288 mm vendida em embalagens de 100 unidades. Perfeita para uma cozedura homog\u00e9nea, uma utiliza\u00e7\u00e3o r\u00e1pida e uma produ\u00e7\u00e3o profissional eficiente.\" \/>\n<meta property=\"og:url\" content=\"https:\/\/www.csj-emballages.com\/pt-pt\/produit\/forma-de-aluminio-para-bolos-288-mm-por-100\/\" \/>\n<meta property=\"og:site_name\" content=\"CSJ Emballages\" \/>\n<meta property=\"article:publisher\" content=\"https:\/\/www.facebook.com\/csjemballages\" \/>\n<meta property=\"article:modified_time\" content=\"2026-03-26T01:18:22+00:00\" \/>\n<meta property=\"og:image\" content=\"https:\/\/www.csj-emballages.com\/wp-content\/uploads\/2025\/11\/TO-284-H.webp\" \/>\n\t<meta property=\"og:image:width\" content=\"800\" \/>\n\t<meta property=\"og:image:height\" content=\"800\" \/>\n\t<meta property=\"og:image:type\" content=\"image\/webp\" \/>\n<meta name=\"twitter:card\" content=\"summary_large_image\" \/>\n<meta name=\"twitter:label1\" content=\"Tempo estimado de leitura\" \/>\n\t<meta name=\"twitter:data1\" content=\"2 minutos\" \/>\n<script type=\"application\/ld+json\" class=\"yoast-schema-graph\">{\"@context\":\"https:\/\/schema.org\",\"@graph\":[{\"@type\":\"WebPage\",\"@id\":\"https:\/\/www.csj-emballages.com\/pt-pt\/produit\/forma-de-aluminio-para-bolos-288-mm-por-100\/\",\"url\":\"https:\/\/www.csj-emballages.com\/pt-pt\/produit\/forma-de-aluminio-para-bolos-288-mm-por-100\/\",\"name\":\"Molde Tourti\u00e8re em alum\u00ednio 288 mm por 100\",\"isPartOf\":{\"@id\":\"https:\/\/www.csj-emballages.com\/pt-pt\/#website\"},\"primaryImageOfPage\":{\"@id\":\"https:\/\/www.csj-emballages.com\/pt-pt\/produit\/forma-de-aluminio-para-bolos-288-mm-por-100\/#primaryimage\"},\"image\":{\"@id\":\"https:\/\/www.csj-emballages.com\/pt-pt\/produit\/forma-de-aluminio-para-bolos-288-mm-por-100\/#primaryimage\"},\"thumbnailUrl\":\"https:\/\/www.csj-emballages.com\/wp-content\/uploads\/2025\/11\/TO-284-H.webp\",\"datePublished\":\"2025-11-19T14:18:16+00:00\",\"dateModified\":\"2026-03-26T01:18:22+00:00\",\"description\":\"Forma para tourti\u00e8re em alum\u00ednio de 288 mm vendida em embalagens de 100 unidades. Perfeita para uma cozedura homog\u00e9nea, uma utiliza\u00e7\u00e3o r\u00e1pida e uma produ\u00e7\u00e3o profissional eficiente.\",\"breadcrumb\":{\"@id\":\"https:\/\/www.csj-emballages.com\/pt-pt\/produit\/forma-de-aluminio-para-bolos-288-mm-por-100\/#breadcrumb\"},\"inLanguage\":\"pt-PT\",\"potentialAction\":[{\"@type\":\"ReadAction\",\"target\":[\"https:\/\/www.csj-emballages.com\/pt-pt\/produit\/forma-de-aluminio-para-bolos-288-mm-por-100\/\"]}]},{\"@type\":\"ImageObject\",\"inLanguage\":\"pt-PT\",\"@id\":\"https:\/\/www.csj-emballages.com\/pt-pt\/produit\/forma-de-aluminio-para-bolos-288-mm-por-100\/#primaryimage\",\"url\":\"https:\/\/www.csj-emballages.com\/wp-content\/uploads\/2025\/11\/TO-284-H.webp\",\"contentUrl\":\"https:\/\/www.csj-emballages.com\/wp-content\/uploads\/2025\/11\/TO-284-H.webp\",\"width\":800,\"height\":800,\"caption\":\"Moule \u00e0 tourti\u00e8re\"},{\"@type\":\"BreadcrumbList\",\"@id\":\"https:\/\/www.csj-emballages.com\/pt-pt\/produit\/forma-de-aluminio-para-bolos-288-mm-por-100\/#breadcrumb\",\"itemListElement\":[{\"@type\":\"ListItem\",\"position\":1,\"name\":\"Acolhimento\",\"item\":\"https:\/\/www.csj-emballages.com\/pt-pt\/universo-das-embalagens-alimentares\/\"},{\"@type\":\"ListItem\",\"position\":2,\"name\":\"Shop\",\"item\":\"https:\/\/www.csj-emballages.com\/shop\/\"},{\"@type\":\"ListItem\",\"position\":3,\"name\":\"Forma de alum\u00ednio para bolos 288 mm por 100\"}]},{\"@type\":\"WebSite\",\"@id\":\"https:\/\/www.csj-emballages.com\/pt-pt\/#website\",\"url\":\"https:\/\/www.csj-emballages.com\/pt-pt\/\",\"name\":\"CSJ Emballages\",\"description\":\"\",\"publisher\":{\"@id\":\"https:\/\/www.csj-emballages.com\/pt-pt\/#organization\"},\"potentialAction\":[{\"@type\":\"SearchAction\",\"target\":{\"@type\":\"EntryPoint\",\"urlTemplate\":\"https:\/\/www.csj-emballages.com\/pt-pt\/?s={search_term_string}\"},\"query-input\":{\"@type\":\"PropertyValueSpecification\",\"valueRequired\":true,\"valueName\":\"search_term_string\"}}],\"inLanguage\":\"pt-PT\"},{\"@type\":\"Organization\",\"@id\":\"https:\/\/www.csj-emballages.com\/pt-pt\/#Organization\/\",\"name\":\"CSJ Emballages\",\"url\":\"https:\/\/www.csj-emballages.com\/pt-pt\/\",\"logo\":{\"@type\":\"ImageObject\",\"inLanguage\":\"pt-PT\",\"@id\":\"https:\/\/www.csj-emballages.com\/pt-pt\/#\/schema\/logo\/image\/\",\"url\":\"https:\/\/www.csj-emballages.com\/wp-content\/uploads\/2023\/10\/logo_csj.webp\",\"contentUrl\":\"https:\/\/www.csj-emballages.com\/wp-content\/uploads\/2023\/10\/logo_csj.webp\",\"width\":250,\"height\":95,\"caption\":\"CSJ Emballages\"},\"image\":{\"@id\":\"https:\/\/www.csj-emballages.com\/pt-pt\/#\/schema\/logo\/image\/\"},\"sameAs\":[\"https:\/\/www.facebook.com\/csjemballages\"],\"address\":{\"@type\":\"PostalAddress\",\"streetAddress\":\"ZI La Lechere\",\"addressLocality\":\"Patornay\",\"postalCode\":\"39130\",\"addressCountry\":\"FR\"},\"contactPoint\":[{\"@type\":\"ContactPoint\",\"contactType\":\"Service client\",\"telephone\":\"0384254272\",\"email\":\"contact@csj-emballages.com\"}]}]}<\/script>\n<!-- \/ Yoast SEO Premium plugin. -->","yoast_head_json":{"title":"Molde Tourti\u00e8re em alum\u00ednio 288 mm por 100","description":"Forma para tourti\u00e8re em alum\u00ednio de 288 mm vendida em embalagens de 100 unidades. Perfeita para uma cozedura homog\u00e9nea, uma utiliza\u00e7\u00e3o r\u00e1pida e uma produ\u00e7\u00e3o profissional eficiente.","robots":{"index":"index","follow":"follow","max-snippet":"max-snippet:-1","max-image-preview":"max-image-preview:large","max-video-preview":"max-video-preview:-1"},"canonical":"https:\/\/www.csj-emballages.com\/pt-pt\/produit\/forma-de-aluminio-para-bolos-288-mm-por-100\/","og_locale":"pt_PT","og_type":"article","og_title":"Forma de alum\u00ednio para bolos 288 mm por 100","og_description":"Forma para tourti\u00e8re em alum\u00ednio de 288 mm vendida em embalagens de 100 unidades. Perfeita para uma cozedura homog\u00e9nea, uma utiliza\u00e7\u00e3o r\u00e1pida e uma produ\u00e7\u00e3o profissional eficiente.","og_url":"https:\/\/www.csj-emballages.com\/pt-pt\/produit\/forma-de-aluminio-para-bolos-288-mm-por-100\/","og_site_name":"CSJ Emballages","article_publisher":"https:\/\/www.facebook.com\/csjemballages","article_modified_time":"2026-03-26T01:18:22+00:00","og_image":[{"width":800,"height":800,"url":"https:\/\/www.csj-emballages.com\/wp-content\/uploads\/2025\/11\/TO-284-H.webp","type":"image\/webp"}],"twitter_card":"summary_large_image","twitter_misc":{"Tempo estimado de leitura":"2 minutos"},"schema":{"@context":"https:\/\/schema.org","@graph":[{"@type":"WebPage","@id":"https:\/\/www.csj-emballages.com\/pt-pt\/produit\/forma-de-aluminio-para-bolos-288-mm-por-100\/","url":"https:\/\/www.csj-emballages.com\/pt-pt\/produit\/forma-de-aluminio-para-bolos-288-mm-por-100\/","name":"Molde Tourti\u00e8re em alum\u00ednio 288 mm por 100","isPartOf":{"@id":"https:\/\/www.csj-emballages.com\/pt-pt\/#website"},"primaryImageOfPage":{"@id":"https:\/\/www.csj-emballages.com\/pt-pt\/produit\/forma-de-aluminio-para-bolos-288-mm-por-100\/#primaryimage"},"image":{"@id":"https:\/\/www.csj-emballages.com\/pt-pt\/produit\/forma-de-aluminio-para-bolos-288-mm-por-100\/#primaryimage"},"thumbnailUrl":"https:\/\/www.csj-emballages.com\/wp-content\/uploads\/2025\/11\/TO-284-H.webp","datePublished":"2025-11-19T14:18:16+00:00","dateModified":"2026-03-26T01:18:22+00:00","description":"Forma para tourti\u00e8re em alum\u00ednio de 288 mm vendida em embalagens de 100 unidades. Perfeita para uma cozedura homog\u00e9nea, uma utiliza\u00e7\u00e3o r\u00e1pida e uma produ\u00e7\u00e3o profissional eficiente.","breadcrumb":{"@id":"https:\/\/www.csj-emballages.com\/pt-pt\/produit\/forma-de-aluminio-para-bolos-288-mm-por-100\/#breadcrumb"},"inLanguage":"pt-PT","potentialAction":[{"@type":"ReadAction","target":["https:\/\/www.csj-emballages.com\/pt-pt\/produit\/forma-de-aluminio-para-bolos-288-mm-por-100\/"]}]},{"@type":"ImageObject","inLanguage":"pt-PT","@id":"https:\/\/www.csj-emballages.com\/pt-pt\/produit\/forma-de-aluminio-para-bolos-288-mm-por-100\/#primaryimage","url":"https:\/\/www.csj-emballages.com\/wp-content\/uploads\/2025\/11\/TO-284-H.webp","contentUrl":"https:\/\/www.csj-emballages.com\/wp-content\/uploads\/2025\/11\/TO-284-H.webp","width":800,"height":800,"caption":"Moule \u00e0 tourti\u00e8re"},{"@type":"BreadcrumbList","@id":"https:\/\/www.csj-emballages.com\/pt-pt\/produit\/forma-de-aluminio-para-bolos-288-mm-por-100\/#breadcrumb","itemListElement":[{"@type":"ListItem","position":1,"name":"Acolhimento","item":"https:\/\/www.csj-emballages.com\/pt-pt\/universo-das-embalagens-alimentares\/"},{"@type":"ListItem","position":2,"name":"Shop","item":"https:\/\/www.csj-emballages.com\/shop\/"},{"@type":"ListItem","position":3,"name":"Forma de alum\u00ednio para bolos 288 mm por 100"}]},{"@type":"WebSite","@id":"https:\/\/www.csj-emballages.com\/pt-pt\/#website","url":"https:\/\/www.csj-emballages.com\/pt-pt\/","name":"CSJ Emballages","description":"","publisher":{"@id":"https:\/\/www.csj-emballages.com\/pt-pt\/#organization"},"potentialAction":[{"@type":"SearchAction","target":{"@type":"EntryPoint","urlTemplate":"https:\/\/www.csj-emballages.com\/pt-pt\/?s={search_term_string}"},"query-input":{"@type":"PropertyValueSpecification","valueRequired":true,"valueName":"search_term_string"}}],"inLanguage":"pt-PT"},{"@type":"Organization","@id":"https:\/\/www.csj-emballages.com\/pt-pt\/#Organization\/","name":"CSJ Emballages","url":"https:\/\/www.csj-emballages.com\/pt-pt\/","logo":{"@type":"ImageObject","inLanguage":"pt-PT","@id":"https:\/\/www.csj-emballages.com\/pt-pt\/#\/schema\/logo\/image\/","url":"https:\/\/www.csj-emballages.com\/wp-content\/uploads\/2023\/10\/logo_csj.webp","contentUrl":"https:\/\/www.csj-emballages.com\/wp-content\/uploads\/2023\/10\/logo_csj.webp","width":250,"height":95,"caption":"CSJ Emballages"},"image":{"@id":"https:\/\/www.csj-emballages.com\/pt-pt\/#\/schema\/logo\/image\/"},"sameAs":["https:\/\/www.facebook.com\/csjemballages"],"address":{"@type":"PostalAddress","streetAddress":"ZI La Lechere","addressLocality":"Patornay","postalCode":"39130","addressCountry":"FR"},"contactPoint":[{"@type":"ContactPoint","contactType":"Service client","telephone":"0384254272","email":"contact@csj-emballages.com"}]}]}},"df_price":48.05,"df_sale_price":"","df_regular_price":48.05,"df_image_link":"https:\/\/www.csj-emballages.com\/wp-content\/uploads\/2025\/11\/TO-284-H-300x300.webp","tiered_pricing_type":"fixed","tiered_pricing_fixed_rules":[],"tiered_pricing_percentage_rules":[],"tiered_pricing_minimum":1,"tiered_pricing_roles_data":[],"_links":{"self":[{"href":"https:\/\/www.csj-emballages.com\/pt-pt\/wp-json\/wp\/v2\/product\/257364","targetHints":{"allow":["GET"]}}],"collection":[{"href":"https:\/\/www.csj-emballages.com\/pt-pt\/wp-json\/wp\/v2\/product"}],"about":[{"href":"https:\/\/www.csj-emballages.com\/pt-pt\/wp-json\/wp\/v2\/types\/product"}],"wp:featuredmedia":[{"embeddable":true,"href":"https:\/\/www.csj-emballages.com\/pt-pt\/wp-json\/wp\/v2\/media\/256951"}],"wp:attachment":[{"href":"https:\/\/www.csj-emballages.com\/pt-pt\/wp-json\/wp\/v2\/media?parent=257364"}],"wp:term":[{"taxonomy":"product_brand","embeddable":true,"href":"https:\/\/www.csj-emballages.com\/pt-pt\/wp-json\/wp\/v2\/product_brand?post=257364"},{"taxonomy":"product_cat","embeddable":true,"href":"https:\/\/www.csj-emballages.com\/pt-pt\/wp-json\/wp\/v2\/product_cat?post=257364"},{"taxonomy":"product_tag","embeddable":true,"href":"https:\/\/www.csj-emballages.com\/pt-pt\/wp-json\/wp\/v2\/product_tag?post=257364"}],"curies":[{"name":"wp","href":"https:\/\/api.w.org\/{rel}","templated":true}]}}